{"id":484,"date":"2018-12-05T12:56:01","date_gmt":"2018-12-05T11:56:01","guid":{"rendered":"http:\/\/southbaltic-tourist.eu\/?page_id=484"},"modified":"2021-05-31T18:36:00","modified_gmt":"2021-05-31T17:36:00","slug":"south-baltic-scenic-coastal-road","status":"publish","type":"page","link":"https:\/\/sbt.ug.edu.pl\/pl\/routes\/south-baltic-scenic-coastal-road\/","title":{"rendered":"Trasa Krajobrazowa Brzegiem Po\u0142udniowego Ba\u0142tyku"},"content":{"rendered":"<p><\/p>\n<p style=\"text-align: justify;\">G\u0142\u00f3wne punkty Trasy Krajobrazowej to miejsca widokowe zlokalizowane na po\u0142udniowych wybrze\u017cach Ba\u0142tyku, skoncentrowane w czterech krajach nadba\u0142tyckich: Szwecji, Niemczech, Polsce i na Litwie. Najznamienitsze lokalizacje, jakie oznaczono na mapie odwiedzin w Szwecji to: miasto Kalmar z mostem \u00d6land, archipelag Karlskrona, miasto Karlshamn, zatoka S\u00f6lvesborg. W Niemczech z kolei: miasto Rostock i pla\u017ca Warnem\u00fcnde, miasto Stralsund i wyspa Rugia, rejon Greifswaldu z wiosk\u0105 ryback\u0105 Wieck. W Polsce: miasto \u015awinouj\u015bcie, wydmy w \u0141ebie, miasto Gda\u0144sk oraz miejscowo\u015b\u0107 rybacka K\u0105ty Rybackie. Na Litwie: powiat Telsze, folwarki w P\u0142unginianach i Kretyndze, miasta Po\u0142\u0105ga i K\u0142ajpeda oraz Mierzeja Kuro\u0144ska.<\/p>\n<p style=\"text-align: justify;\"><img decoding=\"async\" loading=\"lazy\" class=\"alignleft wp-image-1684\" src=\"https:\/\/southbaltic-tourist.eu\/wp-content\/uploads\/2019\/07\/cov-300x225.jpg\" alt=\"\" width=\"467\" height=\"350\" srcset=\"https:\/\/sbt.ug.edu.pl\/wp-content\/uploads\/2019\/07\/cov-300x225.jpg 300w, https:\/\/sbt.ug.edu.pl\/wp-content\/uploads\/2019\/07\/cov-768x576.jpg 768w, https:\/\/sbt.ug.edu.pl\/wp-content\/uploads\/2019\/07\/cov-1024x768.jpg 1024w, https:\/\/sbt.ug.edu.pl\/wp-content\/uploads\/2019\/07\/cov-150x113.jpg 150w, https:\/\/sbt.ug.edu.pl\/wp-content\/uploads\/2019\/07\/cov-136x102.jpg 136w, https:\/\/sbt.ug.edu.pl\/wp-content\/uploads\/2019\/07\/cov.jpg 1200w\" sizes=\"(max-width: 467px) 100vw, 467px\" \/> <a href=\"https:\/\/southbaltic-tourist.eu\/wp-content\/uploads\/2020\/05\/R5.00-Coastal-Road_main.png\" data-rel=\"lightbox-gallery-hHqHY0ct\" data-rl_title=\"\" data-rl_caption=\"\" title=\"\"><img decoding=\"async\" loading=\"lazy\" class=\"alignnone wp-image-5455\" src=\"https:\/\/southbaltic-tourist.eu\/wp-content\/uploads\/2020\/05\/R5.00-Coastal-Road_main-300x174.png\" alt=\"\" width=\"602\" height=\"350\" srcset=\"https:\/\/sbt.ug.edu.pl\/wp-content\/uploads\/2020\/05\/R5.00-Coastal-Road_main-300x174.png 300w, https:\/\/sbt.ug.edu.pl\/wp-content\/uploads\/2020\/05\/R5.00-Coastal-Road_main-1024x595.png 1024w, https:\/\/sbt.ug.edu.pl\/wp-content\/uploads\/2020\/05\/R5.00-Coastal-Road_main-768x446.png 768w, https:\/\/sbt.ug.edu.pl\/wp-content\/uploads\/2020\/05\/R5.00-Coastal-Road_main-1536x893.png 1536w, https:\/\/sbt.ug.edu.pl\/wp-content\/uploads\/2020\/05\/R5.00-Coastal-Road_main.png 1600w\" sizes=\"(max-width: 602px) 100vw, 602px\" \/><\/a><\/p>\n<p style=\"text-align: justify;\"><a href=\"https:\/\/www.google.com\/maps\/place\/Most+Olandzki\/@56.6722411,16.3915409,13.75z\/data=!4m5!3m4!1s0x4657d6cb2a7fb0cb:0xf90dd2904dc5865a!8m2!3d56.6740641!4d16.420919\" target=\"_blank\" rel=\"noopener noreferrer\">View on Google Maps<\/a><\/p>\n<p style=\"text-align: justify;\">G\u0142\u00f3wne punkty Trasy Krajobrazowej to miejsca widokowe zlokalizowane na po\u0142udniowych wybrze\u017cach Ba\u0142tyku, skoncentrowane w czterech krajach nadba\u0142tyckich: Szwecji, Niemczech, Polsce i na Litwie. Najznamienitsze lokalizacje, jakie oznaczono na mapie odwiedzin w Szwecji to: miasto Kalmar z mostem \u00d6land, archipelag Karlskrona, miasto Karlshamn, zatoka S\u00f6lvesborg. W Niemczech z kolei: miasto Rostock i pla\u017ca Warnem\u00fcnde, miasto Stralsund i wyspa Rugia, rejon Greifswaldu z wiosk\u0105 ryback\u0105 Wieck. W Polsce: miasto \u015awinouj\u015bcie, wydmy w \u0141ebie, miasto Gda\u0144sk oraz miejscowo\u015b\u0107 rybacka K\u0105ty Rybackie. Na Litwie: powiat Telsze, folwarki w P\u0142unginianach i Kretyndze, miasta Po\u0142\u0105ga i K\u0142ajpeda oraz Mierzeja Kuro\u0144ska.<\/p>\n<p style=\"text-align: justify;\">\n<p><\/p>","protected":false},"excerpt":{"rendered":"<p>G\u0142\u00f3wne punkty Trasy Krajobrazowej to miejsca widokowe zlokalizowane na po\u0142udniowych wybrze\u017cach Ba\u0142tyku, skoncentrowane w czterech krajach nadba\u0142tyckich: Szwecji, Niemczech, Polsce i na Litwie. Najznamienitsze lokalizacje, jakie oznaczono na mapie odwiedzin w Szwecji to: miasto Kalmar z mostem \u00d6land, archipelag Karlskrona, miasto Karlshamn, zatoka S\u00f6lvesborg. W Niemczech z kolei: miasto Rostock i pla\u017ca Warnem\u00fcnde, miasto Stralsund [&hellip;]<\/p>\n","protected":false},"author":1,"featured_media":0,"parent":171,"menu_order":0,"comment_status":"closed","ping_status":"closed","template":"","meta":[],"categories":[17],"tags":[],"_links":{"self":[{"href":"https:\/\/sbt.ug.edu.pl\/pl\/wp-json\/wp\/v2\/pages\/484"}],"collection":[{"href":"https:\/\/sbt.ug.edu.pl\/pl\/wp-json\/wp\/v2\/pages"}],"about":[{"href":"https:\/\/sbt.ug.edu.pl\/pl\/wp-json\/wp\/v2\/types\/page"}],"author":[{"embeddable":true,"href":"https:\/\/sbt.ug.edu.pl\/pl\/wp-json\/wp\/v2\/users\/1"}],"replies":[{"embeddable":true,"href":"https:\/\/sbt.ug.edu.pl\/pl\/wp-json\/wp\/v2\/comments?post=484"}],"version-history":[{"count":16,"href":"https:\/\/sbt.ug.edu.pl\/pl\/wp-json\/wp\/v2\/pages\/484\/revisions"}],"predecessor-version":[{"id":5737,"href":"https:\/\/sbt.ug.edu.pl\/pl\/wp-json\/wp\/v2\/pages\/484\/revisions\/5737"}],"up":[{"embeddable":true,"href":"https:\/\/sbt.ug.edu.pl\/pl\/wp-json\/wp\/v2\/pages\/171"}],"wp:attachment":[{"href":"https:\/\/sbt.ug.edu.pl\/pl\/wp-json\/wp\/v2\/media?parent=484"}],"wp:term":[{"taxonomy":"category","embeddable":true,"href":"https:\/\/sbt.ug.edu.pl\/pl\/wp-json\/wp\/v2\/categories?post=484"},{"taxonomy":"post_tag","embeddable":true,"href":"https:\/\/sbt.ug.edu.pl\/pl\/wp-json\/wp\/v2\/tags?post=484"}],"curies":[{"name":"wp","href":"https:\/\/api.w.org\/{rel}","templated":true}]}}