{"id":488,"date":"2018-12-05T12:57:42","date_gmt":"2018-12-05T11:57:42","guid":{"rendered":"http:\/\/southbaltic-tourist.eu\/?page_id=488"},"modified":"2021-05-31T18:48:41","modified_gmt":"2021-05-31T17:48:41","slug":"wildlife-nature-trails-folkuniversitetet-sweden","status":"publish","type":"page","link":"https:\/\/sbt.ug.edu.pl\/pl\/routes\/wildlife-nature-trails-folkuniversitetet-sweden\/","title":{"rendered":"Szlaki dzikiej natury"},"content":{"rendered":"<p><\/p>\n<p style=\"text-align: justify;\"><strong>\u015acie\u017cka Szlaki Dzikiej Natury:<\/strong> Piaszczyste Pla\u017ce i pofa\u0142dowane wiejskie tereny \u00d6sterlen w Skani, land Blekinge z jego rezerwatami natury, niezwyk\u0142e wyspy Ven i Iv\u00f6, a tak\u017ce obfituj\u0105ca w ryby rzeka M\u00f6rrum, przyci\u0105gaj\u0105 mi\u0142o\u015bnik\u00f3w dzikiej natury z ca\u0142ego \u015bwiata. Szwecja to bogactwo flory i fauny. Niezale\u017cnie do jakiego jej zak\u0105tka si\u0119 wybierzesz, na pewno otacza\u0107 b\u0119dzie Ci\u0119 pi\u0119kna przyroda. Odkryjesz tam wyj\u0105tkowe miejsca, gdzie zrelaksujesz si\u0119 podczas w\u0119dkowania, pieszych w\u0119dr\u00f3wek czy jazdy na rowerze.<\/p>\n<p style=\"text-align: justify;\">Jest wiele sposob\u00f3w na dotarcie do Blekinge. Jest sta\u0142e po\u0142\u0105czenie poci\u0105giem ze Skani w przyst\u0119pnej cenie. Mo\u017cna te\u017c dotrze\u0107 tam \u0142odzi\u0105. Przy drogach na turyst\u00f3w czeka wiele wypo\u017cyczalni samochod\u00f3w i rower\u00f3w. Nie brakuje te\u017c hoteli, pensjonat\u00f3w, restauracji i lokalnych sklep\u00f3w.<\/p>\n<p><img decoding=\"async\" loading=\"lazy\" class=\"alignnone wp-image-2825 size-full\" src=\"https:\/\/southbaltic-tourist.eu\/wp-content\/uploads\/2019\/07\/3.-Deers-Wildpark-Eriksberg-Blekinge-R7.-A1.jpg\" alt=\"\" width=\"1600\" height=\"1200\" srcset=\"https:\/\/sbt.ug.edu.pl\/wp-content\/uploads\/2019\/07\/3.-Deers-Wildpark-Eriksberg-Blekinge-R7.-A1.jpg 1600w, https:\/\/sbt.ug.edu.pl\/wp-content\/uploads\/2019\/07\/3.-Deers-Wildpark-Eriksberg-Blekinge-R7.-A1-300x225.jpg 300w, https:\/\/sbt.ug.edu.pl\/wp-content\/uploads\/2019\/07\/3.-Deers-Wildpark-Eriksberg-Blekinge-R7.-A1-768x576.jpg 768w, https:\/\/sbt.ug.edu.pl\/wp-content\/uploads\/2019\/07\/3.-Deers-Wildpark-Eriksberg-Blekinge-R7.-A1-1024x768.jpg 1024w, https:\/\/sbt.ug.edu.pl\/wp-content\/uploads\/2019\/07\/3.-Deers-Wildpark-Eriksberg-Blekinge-R7.-A1-150x113.jpg 150w, https:\/\/sbt.ug.edu.pl\/wp-content\/uploads\/2019\/07\/3.-Deers-Wildpark-Eriksberg-Blekinge-R7.-A1-136x102.jpg 136w\" sizes=\"(max-width: 1600px) 100vw, 1600px\" \/><\/p>\n<p style=\"text-align: justify;\"><strong>Koncepcja trasy<\/strong><\/p>\n<p style=\"text-align: justify;\">Blekinge i Skania to pi\u0119kne krajobrazy, g\u0119ste lasy, kana\u0142y i morze. Mo\u017cna tam rozkoszowa\u0107 si\u0119 widokami i bogactwem flory i fauny, z kt\u00f3rego s\u0142ynie po\u0142udnie Szwecji. Warunki sprzyjaj\u0105 w\u0119dkowaniu i sp\u0119dzaniu czasu na \u0142onie natury. W Szwecji funkcjonuje prawo \u2018Allemanslagen\u2019 (\u2018Prawo wszystkich ludzi\u2019), kt\u00f3re zapewnia wszystkim prawo do swobodnego w\u0119drowania i odkrywania pi\u0119kna szwedzkich teren\u00f3w. Jest jednak co\u015b, o czym musisz pami\u0119ta\u0107 spaceruj\u0105c, biwakuj\u0105c, wspinaj\u0105c si\u0119 po zboczach czy zrywaj\u0105c kwiaty \u2013 jeste\u015b odpowiedzialny za to, jaki pozostawiasz po sobie \u015blad.<\/p>\n<p style=\"text-align: justify;\">Wi\u0119cej dowiesz si\u0119 na stronie: <a href=\"http:\/\/www.swedishepa.se\/Enjoying-nature\/The-Right-of-Public-Access\/This-is-allowed1\/\">http:\/\/www.swedishepa.se\/Enjoying-nature\/The-Right-of-Public-Access\/This-is-allowed1\/<\/a><\/p>\n<p><\/p>","protected":false},"excerpt":{"rendered":"<p>\u015acie\u017cka Szlaki Dzikiej Natury: Piaszczyste Pla\u017ce i pofa\u0142dowane wiejskie tereny \u00d6sterlen w Skani, land Blekinge z jego rezerwatami natury, niezwyk\u0142e wyspy Ven i Iv\u00f6, a tak\u017ce obfituj\u0105ca w ryby rzeka M\u00f6rrum, przyci\u0105gaj\u0105 mi\u0142o\u015bnik\u00f3w dzikiej natury z ca\u0142ego \u015bwiata. Szwecja to bogactwo flory i fauny. Niezale\u017cnie do jakiego jej zak\u0105tka si\u0119 wybierzesz, na pewno otacza\u0107 b\u0119dzie [&hellip;]<\/p>\n","protected":false},"author":1,"featured_media":0,"parent":171,"menu_order":0,"comment_status":"closed","ping_status":"closed","template":"","meta":[],"categories":[17],"tags":[],"_links":{"self":[{"href":"https:\/\/sbt.ug.edu.pl\/pl\/wp-json\/wp\/v2\/pages\/488"}],"collection":[{"href":"https:\/\/sbt.ug.edu.pl\/pl\/wp-json\/wp\/v2\/pages"}],"about":[{"href":"https:\/\/sbt.ug.edu.pl\/pl\/wp-json\/wp\/v2\/types\/page"}],"author":[{"embeddable":true,"href":"https:\/\/sbt.ug.edu.pl\/pl\/wp-json\/wp\/v2\/users\/1"}],"replies":[{"embeddable":true,"href":"https:\/\/sbt.ug.edu.pl\/pl\/wp-json\/wp\/v2\/comments?post=488"}],"version-history":[{"count":6,"href":"https:\/\/sbt.ug.edu.pl\/pl\/wp-json\/wp\/v2\/pages\/488\/revisions"}],"predecessor-version":[{"id":5741,"href":"https:\/\/sbt.ug.edu.pl\/pl\/wp-json\/wp\/v2\/pages\/488\/revisions\/5741"}],"up":[{"embeddable":true,"href":"https:\/\/sbt.ug.edu.pl\/pl\/wp-json\/wp\/v2\/pages\/171"}],"wp:attachment":[{"href":"https:\/\/sbt.ug.edu.pl\/pl\/wp-json\/wp\/v2\/media?parent=488"}],"wp:term":[{"taxonomy":"category","embeddable":true,"href":"https:\/\/sbt.ug.edu.pl\/pl\/wp-json\/wp\/v2\/categories?post=488"},{"taxonomy":"post_tag","embeddable":true,"href":"https:\/\/sbt.ug.edu.pl\/pl\/wp-json\/wp\/v2\/tags?post=488"}],"curies":[{"name":"wp","href":"https:\/\/api.w.org\/{rel}","templated":true}]}}