{"id":490,"date":"2018-12-05T12:58:30","date_gmt":"2018-12-05T11:58:30","guid":{"rendered":"http:\/\/southbaltic-tourist.eu\/?page_id=490"},"modified":"2021-05-31T18:54:01","modified_gmt":"2021-05-31T17:54:01","slug":"world-of-fishermen","status":"publish","type":"page","link":"https:\/\/sbt.ug.edu.pl\/pl\/routes\/world-of-fishermen\/","title":{"rendered":"\u015awiat w\u0119dkarzy"},"content":{"rendered":"<p><\/p>\n<p style=\"text-align: justify;\"><strong>G\u0142\u00f3wne atrakcje trasy: <\/strong>Autentyczne porty rybackie \u2013 praca miejscowych rybak\u00f3w &#8211; dziedzictwo rybo\u0142\u00f3wstwa &#8211; \u015bwie\u017ce ryby &#8211; kuchnia rybna &#8211; bia\u0142e klify Rugii &#8211; piaszczyste pla\u017ce &#8211; gotyk ceglany &#8211; spa &#8211; \u017cycie kulturalne &#8211; dziewicza przyroda &#8211; parki narodowe &#8211; ptaki morskie.<\/p>\n<p><img decoding=\"async\" loading=\"lazy\" class=\"alignnone wp-image-2212 size-full\" src=\"https:\/\/southbaltic-tourist.eu\/wp-content\/uploads\/2019\/07\/1-1.jpg\" alt=\"\" width=\"975\" height=\"731\" srcset=\"https:\/\/sbt.ug.edu.pl\/wp-content\/uploads\/2019\/07\/1-1.jpg 975w, https:\/\/sbt.ug.edu.pl\/wp-content\/uploads\/2019\/07\/1-1-300x225.jpg 300w, https:\/\/sbt.ug.edu.pl\/wp-content\/uploads\/2019\/07\/1-1-768x576.jpg 768w, https:\/\/sbt.ug.edu.pl\/wp-content\/uploads\/2019\/07\/1-1-150x112.jpg 150w, https:\/\/sbt.ug.edu.pl\/wp-content\/uploads\/2019\/07\/1-1-136x102.jpg 136w\" sizes=\"(max-width: 975px) 100vw, 975px\" \/><\/p>\n<p style=\"text-align: justify;\"><strong>Koncepcja trasy:<\/strong> Podr\u00f3\u017c prowadzi wzd\u0142u\u017c wybrze\u017ca Po\u0142udniowego Ba\u0142tyku przez ma\u0142e porty rybackie, gdzie rybacy w dalszym ci\u0105gu sp\u0119dzaj\u0105 dnie na lokalnych wodach i ci\u0119\u017cko pracuj\u0105c, \u0142owi\u0105 \u015bwie\u017ce ryby. Okolica trasy jest przepe\u0142niona morskim charakterem &#8211; \u0142odziami i sprz\u0119tem rybackim, lokalnym rzemios\u0142em i mo\u017cliwo\u015bciami zakupu \u015bwie\u017cych ryb. Podczas podr\u00f3\u017cy mo\u017cna r\u00f3wnie\u017c odwiedzi\u0107 wiele wyj\u0105tkowych restauracji serwuj\u0105cych owoce morza oraz oferuj\u0105cych unikalne posi\u0142ki przygotowywane wed\u0142ug tradycyjnych receptur, kt\u00f3rych podstaw\u0105 s\u0105 regionalne ryby. Wskazane porty otoczone s\u0105 zr\u00f3\u017cnicowan\u0105 przyrod\u0105 i kultur\u0105, dzi\u0119ki czemu zapewniaj\u0105 du\u017co dodatkowych mo\u017cliwo\u015bci zwiedzania.<\/p>\n<p><\/p>","protected":false},"excerpt":{"rendered":"<p>G\u0142\u00f3wne atrakcje trasy: Autentyczne porty rybackie \u2013 praca miejscowych rybak\u00f3w &#8211; dziedzictwo rybo\u0142\u00f3wstwa &#8211; \u015bwie\u017ce ryby &#8211; kuchnia rybna &#8211; bia\u0142e klify Rugii &#8211; piaszczyste pla\u017ce &#8211; gotyk ceglany &#8211; spa &#8211; \u017cycie kulturalne &#8211; dziewicza przyroda &#8211; parki narodowe &#8211; ptaki morskie. Koncepcja trasy: Podr\u00f3\u017c prowadzi wzd\u0142u\u017c wybrze\u017ca Po\u0142udniowego Ba\u0142tyku przez ma\u0142e porty rybackie, [&hellip;]<\/p>\n","protected":false},"author":1,"featured_media":0,"parent":171,"menu_order":0,"comment_status":"closed","ping_status":"closed","template":"","meta":[],"categories":[17],"tags":[],"_links":{"self":[{"href":"https:\/\/sbt.ug.edu.pl\/pl\/wp-json\/wp\/v2\/pages\/490"}],"collection":[{"href":"https:\/\/sbt.ug.edu.pl\/pl\/wp-json\/wp\/v2\/pages"}],"about":[{"href":"https:\/\/sbt.ug.edu.pl\/pl\/wp-json\/wp\/v2\/types\/page"}],"author":[{"embeddable":true,"href":"https:\/\/sbt.ug.edu.pl\/pl\/wp-json\/wp\/v2\/users\/1"}],"replies":[{"embeddable":true,"href":"https:\/\/sbt.ug.edu.pl\/pl\/wp-json\/wp\/v2\/comments?post=490"}],"version-history":[{"count":9,"href":"https:\/\/sbt.ug.edu.pl\/pl\/wp-json\/wp\/v2\/pages\/490\/revisions"}],"predecessor-version":[{"id":5742,"href":"https:\/\/sbt.ug.edu.pl\/pl\/wp-json\/wp\/v2\/pages\/490\/revisions\/5742"}],"up":[{"embeddable":true,"href":"https:\/\/sbt.ug.edu.pl\/pl\/wp-json\/wp\/v2\/pages\/171"}],"wp:attachment":[{"href":"https:\/\/sbt.ug.edu.pl\/pl\/wp-json\/wp\/v2\/media?parent=490"}],"wp:term":[{"taxonomy":"category","embeddable":true,"href":"https:\/\/sbt.ug.edu.pl\/pl\/wp-json\/wp\/v2\/categories?post=490"},{"taxonomy":"post_tag","embeddable":true,"href":"https:\/\/sbt.ug.edu.pl\/pl\/wp-json\/wp\/v2\/tags?post=490"}],"curies":[{"name":"wp","href":"https:\/\/api.w.org\/{rel}","templated":true}]}}