{"id":500,"date":"2018-12-06T10:33:49","date_gmt":"2018-12-06T09:33:49","guid":{"rendered":"http:\/\/southbaltic-tourist.eu\/?page_id=500"},"modified":"2021-06-10T16:12:22","modified_gmt":"2021-06-10T15:12:22","slug":"eriksberg-vilt-natur-wildlife-sightseeing","status":"publish","type":"page","link":"https:\/\/sbt.ug.edu.pl\/pl\/routes\/windsurfing-exploration\/eriksberg-vilt-natur-wildlife-sightseeing\/","title":{"rendered":"12. ERIKSBERG VILT &#038; NATUR &#8211; ZWIEDZANIE DZIKIEJ PRZYRODY"},"content":{"rendered":"<p><\/p>\n<p style=\"text-align: justify;\"><strong>LOKALIZACJA<\/strong><\/p>\n<p style=\"text-align: justify;\">Eriksberg Vilt &amp; Natur to park dzikich zwierz\u0105t po\u0142o\u017cony w Eriksberg w szwedzkim regionie Blekinge, w pobli\u017cu miasta Karlshamn. Park jest \u0142atwo dost\u0119pny drog\u0105 powietrzn\u0105 (w pobli\u017cu znajduje si\u0119 lotnisko Ronneby), autem (istnieje wiele po\u0142\u0105cze\u0144 drogowych z po\u0142udniow\u0105 Szwecj\u0105) oraz liniami promowymi z Niemiec (Sassnitz-Trelleborg), Polski (Gdynia-Karlskrona) i Litwy (K\u0142ajpeda-Karlshamn). Eriksberg Vilt &amp; Natur po\u0142o\u017cony jest oko\u0142o 2 godzin jazdy autem od Kopenhagi. Po\u0142o\u017cenie geograficzne parku: 56\u00b018\u2032N 15\u00b000\u2032E.<\/p>\n<p><img decoding=\"async\" loading=\"lazy\" class=\"alignnone wp-image-1385 size-full\" src=\"https:\/\/southbaltic-tourist.eu\/wp-content\/uploads\/2019\/07\/1.-Eriksberg-Nature-Reserve-R2.A12..jpg\" alt=\"\" width=\"1600\" height=\"1067\" srcset=\"https:\/\/sbt.ug.edu.pl\/wp-content\/uploads\/2019\/07\/1.-Eriksberg-Nature-Reserve-R2.A12..jpg 1600w, https:\/\/sbt.ug.edu.pl\/wp-content\/uploads\/2019\/07\/1.-Eriksberg-Nature-Reserve-R2.A12.-300x200.jpg 300w, https:\/\/sbt.ug.edu.pl\/wp-content\/uploads\/2019\/07\/1.-Eriksberg-Nature-Reserve-R2.A12.-768x512.jpg 768w, https:\/\/sbt.ug.edu.pl\/wp-content\/uploads\/2019\/07\/1.-Eriksberg-Nature-Reserve-R2.A12.-1024x683.jpg 1024w, https:\/\/sbt.ug.edu.pl\/wp-content\/uploads\/2019\/07\/1.-Eriksberg-Nature-Reserve-R2.A12.-150x100.jpg 150w\" sizes=\"(max-width: 1600px) 100vw, 1600px\" \/><\/p>\n<p style=\"text-align: justify;\"><strong>OBSERWACJA DZIKIEJ PRZYRODY W ERIKSBERG <\/strong><\/p>\n<p style=\"text-align: justify;\">Eriksberg Wildlife Park &amp; Nature Reserve to najwi\u0119kszy szwedzki park dzikiej przyrody, w kt\u00f3rym mo\u017cna obserwowa\u0107 skandynawskie zwierz\u0119ta w ich naturalnym \u015brodowisku.<\/p>\n<p style=\"text-align: justify;\">Park ma ponad 1300 ha, z czego 400 ha to tereny wodne. Tury\u015bci mog\u0105 zwiedza\u0107 925-hektarowy park safari Eriksberg (najwi\u0119kszy w Skandynawii), kt\u00f3ry jest domem dla r\u00f3\u017cnych gatunk\u00f3w jeleni (w tym daniele zwyczajne i milu chi\u0144skie), dzik\u00f3w, muflon\u00f3w i \u017cubr\u00f3w. Latem obszar parku gromadzi ponad 1500 gatunk\u00f3w zwierz\u0105t. W 1938 r. park Eriksberg zosta\u0142 kupiony przez znanego tw\u00f3rc\u0119 i pisarza przyrody Bengta Berga, kt\u00f3ry stworzy\u0142 z tego obszaru rezerwat przyrody. W sk\u0142ad gospodarstwa znajduj\u0105cego si\u0119 na terenie rezerwatu wchodz\u0105 budynki wznoszone w ci\u0105gu ostatnich pi\u0119ciu wiek\u00f3w. G\u0142\u00f3wn\u0105 atrakcj\u0105 Parku Eriksberg jest wycieczka z przewodnikiem w poje\u017adzie typu safari oraz spotkanie podczas spaceru \u017cubra europejskiego.<\/p>\n<p style=\"text-align: justify;\"><strong>ATRAKCJE<\/strong><\/p>\n<p style=\"text-align: justify;\">Region administracyjny Blekinge jest jednym z najmniejszych region\u00f3w Szwecji. Jego powierzchnia to zaledwie 3000 km<sup>2<\/sup>. Znaczn\u0105 cz\u0119\u015b\u0107 regionu zajmuje archipelag, kt\u00f3ry sk\u0142ada si\u0119 z ponad 800 wysp. Spokojna okolica, naturalne zatoki oraz porty zapewniaj\u0105 doskona\u0142e warunki w\u0119dkarskie. W regionie znajduje si\u0119 ponad 1000 jezior oraz 12 strumieni. \u00a0Blekinge to g\u0142\u00f3wnie pi\u0119kne dzikie lasy, przez kt\u00f3re biegn\u0105 liczne szlaki turystyczne i trasy rowerowe. Na spokojnych okolicznych wodach mo\u017cna tak\u017ce pop\u0142ywa\u0107 kajakiem lub \u0142odzi\u0105. Du\u017ce miasta takie jak Karlshamn i Karlskrona oferuj\u0105 z kolei atrakcje kulturalne &#8211; muzea i r\u00f3\u017cnego rodzaju imprezy (np. festiwale rockowe). W regionie dominuje jednak natura.<\/p>\n<p><code><div class=\"rl-gallery-container rl-loading\" id=\"rl-gallery-container-2\" data-gallery_id=\"1191\"> <div class=\"rl-gallery rl-basicgrid-gallery \" id=\"rl-gallery-2\" data-gallery_no=\"2\"> <div class=\"rl-gallery-item\"><a href=\"https:\/\/sbt.ug.edu.pl\/wp-content\/uploads\/2019\/07\/1.-Eriksberg-Nature-Reserve-R2.A12..jpg\" title=\"1. Eriksberg Nature Reserve, author: Przemyslaw Kulawczuk \/ BHR\" data-rl_title=\"1. Eriksberg Nature Reserve, author: Przemyslaw Kulawczuk \/ BHR\" class=\"rl-gallery-link\" data-rl_caption=\"\" data-rel=\"lightbox-gallery-2\"><img src=\"https:\/\/sbt.ug.edu.pl\/wp-content\/uploads\/2019\/07\/1.-Eriksberg-Nature-Reserve-R2.A12.-768x512.jpg\" width=\"640\" height=\"427\" alt=\"\" \/><\/a><\/div><div class=\"rl-gallery-item\"><a href=\"https:\/\/sbt.ug.edu.pl\/wp-content\/uploads\/2019\/07\/2.-Eriksberg-Nature-Reserve-landscape-R2.A12..jpg\" title=\"2. Eriksberg Nature Reserve, landscape, author: Przemyslaw Kulawczuk \/ BHR\" data-rl_title=\"2. Eriksberg Nature Reserve, landscape, author: Przemyslaw Kulawczuk \/ BHR\" class=\"rl-gallery-link\" data-rl_caption=\"\" data-rel=\"lightbox-gallery-2\"><img src=\"https:\/\/sbt.ug.edu.pl\/wp-content\/uploads\/2019\/07\/2.-Eriksberg-Nature-Reserve-landscape-R2.A12.-768x512.jpg\" width=\"640\" height=\"427\" alt=\"\" \/><\/a><\/div><div class=\"rl-gallery-item\"><a href=\"https:\/\/sbt.ug.edu.pl\/wp-content\/uploads\/2019\/07\/3.-Eriksberg-Nature-Reserve-landscape-R2.A12..jpg\" title=\"3. Eriksberg Nature Reserve, landscape, author: Przemyslaw Kulawczuk \/ BHR\" data-rl_title=\"3. Eriksberg Nature Reserve, landscape, author: Przemyslaw Kulawczuk \/ BHR\" class=\"rl-gallery-link\" data-rl_caption=\"\" data-rel=\"lightbox-gallery-2\"><img src=\"https:\/\/sbt.ug.edu.pl\/wp-content\/uploads\/2019\/07\/3.-Eriksberg-Nature-Reserve-landscape-R2.A12.-768x512.jpg\" width=\"640\" height=\"427\" alt=\"\" \/><\/a><\/div><div class=\"rl-gallery-item\"><a href=\"https:\/\/sbt.ug.edu.pl\/wp-content\/uploads\/2019\/07\/4.-Eriksberg-Nature-Reserve-landscape-R2.A12..jpg\" title=\"4. Eriksberg Nature Reserve, landscape, author: Przemyslaw Kulawczuk \/ BHR\" data-rl_title=\"4. Eriksberg Nature Reserve, landscape, author: Przemyslaw Kulawczuk \/ BHR\" class=\"rl-gallery-link\" data-rl_caption=\"\" data-rel=\"lightbox-gallery-2\"><img src=\"https:\/\/sbt.ug.edu.pl\/wp-content\/uploads\/2019\/07\/4.-Eriksberg-Nature-Reserve-landscape-R2.A12.-768x512.jpg\" width=\"640\" height=\"427\" alt=\"\" \/><\/a><\/div><div class=\"rl-gallery-item\"><a href=\"https:\/\/sbt.ug.edu.pl\/wp-content\/uploads\/2019\/07\/5.-Eriksberg-Nature-Reserve-wildlife-R2.A12..jpg\" title=\"5. Eriksberg Nature Reserve, wildlife, author: Przemyslaw Kulawczuk \/ BHR\" data-rl_title=\"5. Eriksberg Nature Reserve, wildlife, author: Przemyslaw Kulawczuk \/ BHR\" class=\"rl-gallery-link\" data-rl_caption=\"\" data-rel=\"lightbox-gallery-2\"><img src=\"https:\/\/sbt.ug.edu.pl\/wp-content\/uploads\/2019\/07\/5.-Eriksberg-Nature-Reserve-wildlife-R2.A12.-768x512.jpg\" width=\"640\" height=\"427\" alt=\"\" \/><\/a><\/div><div class=\"rl-gallery-item\"><a href=\"https:\/\/sbt.ug.edu.pl\/wp-content\/uploads\/2019\/07\/6.-Eriksberg-Nature-Reserve-landscape-R2.A12..jpg\" title=\"6. Eriksberg Nature Reserve, landscape, author: Przemyslaw Kulawczuk \/ BHR\" data-rl_title=\"6. Eriksberg Nature Reserve, landscape, author: Przemyslaw Kulawczuk \/ BHR\" class=\"rl-gallery-link\" data-rl_caption=\"\" data-rel=\"lightbox-gallery-2\"><img src=\"https:\/\/sbt.ug.edu.pl\/wp-content\/uploads\/2019\/07\/6.-Eriksberg-Nature-Reserve-landscape-R2.A12.-768x512.jpg\" width=\"640\" height=\"427\" alt=\"\" \/><\/a><\/div><div class=\"rl-gallery-item\"><a href=\"https:\/\/sbt.ug.edu.pl\/wp-content\/uploads\/2019\/07\/7.-Eriksberg-Nature-Reserve-landscape-R2.A12..jpg\" title=\"7. Eriksberg Nature Reserve, landscape, author: Przemyslaw Kulawczuk \/ BHR\" data-rl_title=\"7. Eriksberg Nature Reserve, landscape, author: Przemyslaw Kulawczuk \/ BHR\" class=\"rl-gallery-link\" data-rl_caption=\"\" data-rel=\"lightbox-gallery-2\"><img src=\"https:\/\/sbt.ug.edu.pl\/wp-content\/uploads\/2019\/07\/7.-Eriksberg-Nature-Reserve-landscape-R2.A12.-768x512.jpg\" width=\"640\" height=\"427\" alt=\"\" \/><\/a><\/div><div class=\"rl-gallery-item\"><a href=\"https:\/\/sbt.ug.edu.pl\/wp-content\/uploads\/2019\/07\/8.-Eriksberg-Nature-Reserve-lanscape-R2.A12..jpg\" title=\"8. Eriksberg Nature Reserve, landscape, author: Przemyslaw Kulawczuk \/ BHR\" data-rl_title=\"8. Eriksberg Nature Reserve, landscape, author: Przemyslaw Kulawczuk \/ BHR\" class=\"rl-gallery-link\" data-rl_caption=\"\" data-rel=\"lightbox-gallery-2\"><img src=\"https:\/\/sbt.ug.edu.pl\/wp-content\/uploads\/2019\/07\/8.-Eriksberg-Nature-Reserve-lanscape-R2.A12.-768x512.jpg\" width=\"640\" height=\"427\" alt=\"\" \/><\/a><\/div><div class=\"rl-gallery-item\"><a href=\"https:\/\/sbt.ug.edu.pl\/wp-content\/uploads\/2019\/07\/9.-Eriksberg-Nature-Reserve-wildlife-R2.A12..jpg\" title=\"9. Eriksberg Nature Reserve, wildlife, author: Przemyslaw Kulawczuk \/ BHR\" data-rl_title=\"9. Eriksberg Nature Reserve, wildlife, author: Przemyslaw Kulawczuk \/ BHR\" class=\"rl-gallery-link\" data-rl_caption=\"\" data-rel=\"lightbox-gallery-2\"><img src=\"https:\/\/sbt.ug.edu.pl\/wp-content\/uploads\/2019\/07\/9.-Eriksberg-Nature-Reserve-wildlife-R2.A12.-768x512.jpg\" width=\"640\" height=\"427\" alt=\"\" \/><\/a><\/div><div class=\"rl-gallery-item\"><a href=\"https:\/\/sbt.ug.edu.pl\/wp-content\/uploads\/2019\/07\/10.-Eriksberg-Nature-Reserve-wildlife-R2.A12..jpg\" title=\"10. Eriksberg Nature Reserve, wildlife, author: Przemyslaw Kulawczuk \/ BHR\" data-rl_title=\"10. Eriksberg Nature Reserve, wildlife, author: Przemyslaw Kulawczuk \/ BHR\" class=\"rl-gallery-link\" data-rl_caption=\"\" data-rel=\"lightbox-gallery-2\"><img src=\"https:\/\/sbt.ug.edu.pl\/wp-content\/uploads\/2019\/07\/10.-Eriksberg-Nature-Reserve-wildlife-R2.A12.-768x512.jpg\" width=\"640\" height=\"427\" alt=\"\" \/><\/a><\/div><div class=\"rl-gallery-item\"><a href=\"https:\/\/sbt.ug.edu.pl\/wp-content\/uploads\/2019\/07\/11.-Eriksberg-Nature-Reserve-wildlife-R2.A12..jpg\" title=\"11. Eriksberg Nature Reserve, wildlife, author: Przemyslaw Kulawczuk \/ BHR\" data-rl_title=\"11. Eriksberg Nature Reserve, wildlife, author: Przemyslaw Kulawczuk \/ BHR\" class=\"rl-gallery-link\" data-rl_caption=\"\" data-rel=\"lightbox-gallery-2\"><img src=\"https:\/\/sbt.ug.edu.pl\/wp-content\/uploads\/2019\/07\/11.-Eriksberg-Nature-Reserve-wildlife-R2.A12.-768x512.jpg\" width=\"640\" height=\"427\" alt=\"\" \/><\/a><\/div><div class=\"rl-gallery-item\"><a href=\"https:\/\/sbt.ug.edu.pl\/wp-content\/uploads\/2019\/07\/12.-Eriksberg-Nature-Reserve-landscape-R2.A12..jpg\" title=\"12. Eriksberg Nature Reserve, landscape, author: Przemyslaw Kulawczuk \/ BHR\" data-rl_title=\"12. Eriksberg Nature Reserve, landscape, author: Przemyslaw Kulawczuk \/ BHR\" class=\"rl-gallery-link\" data-rl_caption=\"\" data-rel=\"lightbox-gallery-2\"><img src=\"https:\/\/sbt.ug.edu.pl\/wp-content\/uploads\/2019\/07\/12.-Eriksberg-Nature-Reserve-landscape-R2.A12.-768x512.jpg\" width=\"640\" height=\"427\" alt=\"\" \/><\/a><\/div><div class=\"rl-gallery-item\"><a href=\"https:\/\/sbt.ug.edu.pl\/wp-content\/uploads\/2019\/07\/13.-Eriksberg-Nature-Reserve-landscape-R2.A12..jpg\" title=\"13. Eriksberg Nature Reserve, landscape, author: Przemyslaw Kulawczuk \/ BHR\" data-rl_title=\"13. Eriksberg Nature Reserve, landscape, author: Przemyslaw Kulawczuk \/ BHR\" class=\"rl-gallery-link\" data-rl_caption=\"\" data-rel=\"lightbox-gallery-2\"><img src=\"https:\/\/sbt.ug.edu.pl\/wp-content\/uploads\/2019\/07\/13.-Eriksberg-Nature-Reserve-landscape-R2.A12.-768x512.jpg\" width=\"640\" height=\"427\" alt=\"\" \/><\/a><\/div><div class=\"rl-gallery-item\"><a href=\"https:\/\/sbt.ug.edu.pl\/wp-content\/uploads\/2019\/07\/14.-Eriksberg-Nature-Reserve-landscape-R2.A12..jpg\" title=\"14. Eriksberg Nature Reserve, landscape, author: Przemyslaw Kulawczuk \/ BHR\" data-rl_title=\"14. Eriksberg Nature Reserve, landscape, author: Przemyslaw Kulawczuk \/ BHR\" class=\"rl-gallery-link\" data-rl_caption=\"\" data-rel=\"lightbox-gallery-2\"><img src=\"https:\/\/sbt.ug.edu.pl\/wp-content\/uploads\/2019\/07\/14.-Eriksberg-Nature-Reserve-landscape-R2.A12.-768x512.jpg\" width=\"640\" height=\"427\" alt=\"\" \/><\/a><\/div><div class=\"rl-gallery-item\"><a href=\"https:\/\/sbt.ug.edu.pl\/wp-content\/uploads\/2019\/07\/15.-Eriksberg-Nature-Reserve-wildlife-R2.A12..jpg\" title=\"15. Eriksberg Nature Reserve, wildlife, author: Przemyslaw Kulawczuk \/ BHR\" data-rl_title=\"15. Eriksberg Nature Reserve, wildlife, author: Przemyslaw Kulawczuk \/ BHR\" class=\"rl-gallery-link\" data-rl_caption=\"\" data-rel=\"lightbox-gallery-2\"><img src=\"https:\/\/sbt.ug.edu.pl\/wp-content\/uploads\/2019\/07\/15.-Eriksberg-Nature-Reserve-wildlife-R2.A12.-768x512.jpg\" width=\"640\" height=\"427\" alt=\"\" \/><\/a><\/div><div class=\"rl-gallery-item\"><a href=\"https:\/\/sbt.ug.edu.pl\/wp-content\/uploads\/2019\/07\/16.-Eriksberg-Nature-Reserve-wildlife-R2.A12..jpg\" title=\"15. Eriksberg Nature Reserve, wildlife, author: Przemyslaw Kulawczuk \/ BHR\" data-rl_title=\"15. Eriksberg Nature Reserve, wildlife, author: Przemyslaw Kulawczuk \/ BHR\" class=\"rl-gallery-link\" data-rl_caption=\"\" data-rel=\"lightbox-gallery-2\"><img src=\"https:\/\/sbt.ug.edu.pl\/wp-content\/uploads\/2019\/07\/16.-Eriksberg-Nature-Reserve-wildlife-R2.A12.-768x512.jpg\" width=\"640\" height=\"427\" alt=\"\" \/><\/a><\/div><div class=\"rl-gallery-item\"><a href=\"https:\/\/sbt.ug.edu.pl\/wp-content\/uploads\/2019\/07\/17.-Eriksberg-Nature-Reserve-wildlife-R2.A12..jpg\" title=\"17. Eriksberg Nature Reserve, wildlife, author: Przemyslaw Kulawczuk \/ BHR, University of Gdansk, 08.08.2018, R2.A12.\" data-rl_title=\"17. Eriksberg Nature Reserve, wildlife, author: Przemyslaw Kulawczuk \/ BHR, University of Gdansk, 08.08.2018, R2.A12.\" class=\"rl-gallery-link\" data-rl_caption=\"\" data-rel=\"lightbox-gallery-2\"><img src=\"https:\/\/sbt.ug.edu.pl\/wp-content\/uploads\/2019\/07\/17.-Eriksberg-Nature-Reserve-wildlife-R2.A12.-768x512.jpg\" width=\"640\" height=\"427\" alt=\"\" \/><\/a><\/div><div class=\"rl-gallery-item\"><a href=\"https:\/\/sbt.ug.edu.pl\/wp-content\/uploads\/2019\/07\/18.-Eriksberg-Nature-Reserve-wildlife-R2.A12..jpg\" title=\"18. Eriksberg Nature Reserve, wildlife, author: Przemyslaw Kulawczuk \/ BHR\" data-rl_title=\"18. Eriksberg Nature Reserve, wildlife, author: Przemyslaw Kulawczuk \/ BHR\" class=\"rl-gallery-link\" data-rl_caption=\"\" data-rel=\"lightbox-gallery-2\"><img src=\"https:\/\/sbt.ug.edu.pl\/wp-content\/uploads\/2019\/07\/18.-Eriksberg-Nature-Reserve-wildlife-R2.A12.-768x512.jpg\" width=\"640\" height=\"427\" alt=\"\" \/><\/a><\/div><div class=\"rl-gallery-item\"><a href=\"https:\/\/sbt.ug.edu.pl\/wp-content\/uploads\/2019\/07\/19.-Eriksberg-Nature-Reserve-wildlife-R2.A12..jpg\" title=\"19. Eriksberg Nature Reserve, wildlife, author: Przemyslaw Kulawczuk \/ BHR\" data-rl_title=\"19. Eriksberg Nature Reserve, wildlife, author: Przemyslaw Kulawczuk \/ BHR\" class=\"rl-gallery-link\" data-rl_caption=\"\" data-rel=\"lightbox-gallery-2\"><img src=\"https:\/\/sbt.ug.edu.pl\/wp-content\/uploads\/2019\/07\/19.-Eriksberg-Nature-Reserve-wildlife-R2.A12.-768x512.jpg\" width=\"640\" height=\"427\" alt=\"\" \/><\/a><\/div><div class=\"rl-gallery-item\"><a href=\"https:\/\/sbt.ug.edu.pl\/wp-content\/uploads\/2019\/07\/20.-Eriksberg-Nature-Reserve-wildlife-R2.A12..jpg\" title=\"20. Eriksberg Nature Reserve, wildlife, author: Przemyslaw Kulawczuk \/ BHR\" data-rl_title=\"20. Eriksberg Nature Reserve, wildlife, author: Przemyslaw Kulawczuk \/ BHR\" class=\"rl-gallery-link\" data-rl_caption=\"\" data-rel=\"lightbox-gallery-2\"><img src=\"https:\/\/sbt.ug.edu.pl\/wp-content\/uploads\/2019\/07\/20.-Eriksberg-Nature-Reserve-wildlife-R2.A12.-768x509.jpg\" width=\"640\" height=\"424\" alt=\"\" \/><\/a><\/div><div class=\"rl-gallery-item\"><a href=\"https:\/\/sbt.ug.edu.pl\/wp-content\/uploads\/2019\/07\/21.-Eriksberg-Nature-Reserve-damp-areas-R2.A12..jpg\" title=\"21. Eriksberg Nature Reserve, damp areas, author: Przemyslaw Kulawczuk \/ BHR\" data-rl_title=\"21. Eriksberg Nature Reserve, damp areas, author: Przemyslaw Kulawczuk \/ BHR\" class=\"rl-gallery-link\" data-rl_caption=\"\" data-rel=\"lightbox-gallery-2\"><img src=\"https:\/\/sbt.ug.edu.pl\/wp-content\/uploads\/2019\/07\/21.-Eriksberg-Nature-Reserve-damp-areas-R2.A12.-768x509.jpg\" width=\"640\" height=\"424\" alt=\"\" \/><\/a><\/div><div class=\"rl-gallery-item\"><a href=\"https:\/\/sbt.ug.edu.pl\/wp-content\/uploads\/2019\/07\/22.-Eriksberg-Nature-Reserve-water-plants-R2.A12..jpg\" title=\"22. Eriksberg Nature Reserve, water plants, author: Przemyslaw Kulawczuk \/ BHR\" data-rl_title=\"22. Eriksberg Nature Reserve, water plants, author: Przemyslaw Kulawczuk \/ BHR\" class=\"rl-gallery-link\" data-rl_caption=\"\" data-rel=\"lightbox-gallery-2\"><img src=\"https:\/\/sbt.ug.edu.pl\/wp-content\/uploads\/2019\/07\/22.-Eriksberg-Nature-Reserve-water-plants-R2.A12.-768x509.jpg\" width=\"640\" height=\"424\" alt=\"\" \/><\/a><\/div><div class=\"rl-gallery-item\"><a href=\"https:\/\/sbt.ug.edu.pl\/wp-content\/uploads\/2019\/07\/23.-Eriksberg-Nature-Reserve-wildlife-R2.A12..jpg\" title=\"23. Eriksberg Nature Reserve, wildlife, author: Przemyslaw Kulawczuk \/ BHR\" data-rl_title=\"23. Eriksberg Nature Reserve, wildlife, author: Przemyslaw Kulawczuk \/ BHR\" class=\"rl-gallery-link\" data-rl_caption=\"\" data-rel=\"lightbox-gallery-2\"><img src=\"https:\/\/sbt.ug.edu.pl\/wp-content\/uploads\/2019\/07\/23.-Eriksberg-Nature-Reserve-wildlife-R2.A12.-768x509.jpg\" width=\"640\" height=\"424\" alt=\"\" \/><\/a><\/div><div class=\"rl-gallery-item\"><a href=\"https:\/\/sbt.ug.edu.pl\/wp-content\/uploads\/2019\/07\/24.-Eriksberg-Nature-Reserve-landscape-R2.A12..jpg\" title=\"24. Eriksberg Nature Reserve, landscape, author: Przemyslaw Kulawczuk \/ BHR\" data-rl_title=\"24. Eriksberg Nature Reserve, landscape, author: Przemyslaw Kulawczuk \/ BHR\" class=\"rl-gallery-link\" data-rl_caption=\"\" data-rel=\"lightbox-gallery-2\"><img src=\"https:\/\/sbt.ug.edu.pl\/wp-content\/uploads\/2019\/07\/24.-Eriksberg-Nature-Reserve-landscape-R2.A12.-768x509.jpg\" width=\"640\" height=\"424\" alt=\"\" \/><\/a><\/div><div class=\"rl-gallery-item\"><a href=\"https:\/\/sbt.ug.edu.pl\/wp-content\/uploads\/2019\/07\/25.-Eriksberg-Nature-Reserve-wildlife-R2.A12..jpg\" title=\"25. Eriksberg Nature Reserve, wildlife, author: Przemyslaw Kulawczuk \/ BHR\" data-rl_title=\"25. Eriksberg Nature Reserve, wildlife, author: Przemyslaw Kulawczuk \/ BHR\" class=\"rl-gallery-link\" data-rl_caption=\"\" data-rel=\"lightbox-gallery-2\"><img src=\"https:\/\/sbt.ug.edu.pl\/wp-content\/uploads\/2019\/07\/25.-Eriksberg-Nature-Reserve-wildlife-R2.A12.-768x509.jpg\" width=\"640\" height=\"424\" alt=\"\" \/><\/a><\/div><div class=\"rl-gallery-item\"><a href=\"https:\/\/sbt.ug.edu.pl\/wp-content\/uploads\/2019\/07\/26.-Eriksberg-Nature-Reserve-wildlife-R2.A12..jpg\" title=\"26. Eriksberg Nature Reserve, wildlife, author: Przemyslaw Kulawczuk \/ BHR\" data-rl_title=\"26. Eriksberg Nature Reserve, wildlife, author: Przemyslaw Kulawczuk \/ BHR\" class=\"rl-gallery-link\" data-rl_caption=\"\" data-rel=\"lightbox-gallery-2\"><img src=\"https:\/\/sbt.ug.edu.pl\/wp-content\/uploads\/2019\/07\/26.-Eriksberg-Nature-Reserve-wildlife-R2.A12.-768x509.jpg\" width=\"640\" height=\"424\" alt=\"\" \/><\/a><\/div> <\/div> <\/div><\/code><\/p>","protected":false},"excerpt":{"rendered":"<p>LOKALIZACJA Eriksberg Vilt &amp; Natur to park dzikich zwierz\u0105t po\u0142o\u017cony w Eriksberg w szwedzkim regionie Blekinge, w pobli\u017cu miasta Karlshamn. Park jest \u0142atwo dost\u0119pny drog\u0105 powietrzn\u0105 (w pobli\u017cu znajduje si\u0119 lotnisko Ronneby), autem (istnieje wiele po\u0142\u0105cze\u0144 drogowych z po\u0142udniow\u0105 Szwecj\u0105) oraz liniami promowymi z Niemiec (Sassnitz-Trelleborg), Polski (Gdynia-Karlskrona) i Litwy (K\u0142ajpeda-Karlshamn). Eriksberg Vilt &amp; Natur [&hellip;]<\/p>\n","protected":false},"author":3,"featured_media":0,"parent":174,"menu_order":0,"comment_status":"closed","ping_status":"closed","template":"","meta":[],"categories":[34,15,9],"tags":[],"_links":{"self":[{"href":"https:\/\/sbt.ug.edu.pl\/pl\/wp-json\/wp\/v2\/pages\/500"}],"collection":[{"href":"https:\/\/sbt.ug.edu.pl\/pl\/wp-json\/wp\/v2\/pages"}],"about":[{"href":"https:\/\/sbt.ug.edu.pl\/pl\/wp-json\/wp\/v2\/types\/page"}],"author":[{"embeddable":true,"href":"https:\/\/sbt.ug.edu.pl\/pl\/wp-json\/wp\/v2\/users\/3"}],"replies":[{"embeddable":true,"href":"https:\/\/sbt.ug.edu.pl\/pl\/wp-json\/wp\/v2\/comments?post=500"}],"version-history":[{"count":8,"href":"https:\/\/sbt.ug.edu.pl\/pl\/wp-json\/wp\/v2\/pages\/500\/revisions"}],"predecessor-version":[{"id":5813,"href":"https:\/\/sbt.ug.edu.pl\/pl\/wp-json\/wp\/v2\/pages\/500\/revisions\/5813"}],"up":[{"embeddable":true,"href":"https:\/\/sbt.ug.edu.pl\/pl\/wp-json\/wp\/v2\/pages\/174"}],"wp:attachment":[{"href":"https:\/\/sbt.ug.edu.pl\/pl\/wp-json\/wp\/v2\/media?parent=500"}],"wp:term":[{"taxonomy":"category","embeddable":true,"href":"https:\/\/sbt.ug.edu.pl\/pl\/wp-json\/wp\/v2\/categories?post=500"},{"taxonomy":"post_tag","embeddable":true,"href":"https:\/\/sbt.ug.edu.pl\/pl\/wp-json\/wp\/v2\/tags?post=500"}],"curies":[{"name":"wp","href":"https:\/\/api.w.org\/{rel}","templated":true}]}}