{"id":503,"date":"2018-12-06T10:39:28","date_gmt":"2018-12-06T09:39:28","guid":{"rendered":"http:\/\/southbaltic-tourist.eu\/?page_id=503"},"modified":"2021-06-10T16:13:46","modified_gmt":"2021-06-10T15:13:46","slug":"13-morrum-river-nature-beauty","status":"publish","type":"page","link":"https:\/\/sbt.ug.edu.pl\/pl\/routes\/windsurfing-exploration\/13-morrum-river-nature-beauty\/","title":{"rendered":"13. PI\u0118KNO NATURY I RZEK W M\u00d6RRUM"},"content":{"rendered":"<p><\/p>\n<p style=\"text-align: justify;\"><strong>LOKALIZACJA<\/strong><\/p>\n<p style=\"text-align: justify;\">Naturalne pi\u0119kno rzeki M\u00f6rrum mo\u017cna podziwia\u0107 \u0142owi\u0105c ryby, p\u0142ywaj\u0105c kajakiem lub w\u0119druj\u0105c. Rzeka jest zag\u0142\u0119biem \u0142ososia atlantyckiego, dlatego te\u017c w jej okolicy znajduje si\u0119 wiele klub\u00f3w rybackich oraz miejscowo\u015b\u0107 o tej samej nazwie &#8211; M\u00f6rrum, kt\u00f3ra po\u0142o\u017cona jest oko\u0142o 7 km na zach\u00f3d od pobliskiego miasta Karlshamn w regionie Blekinge w po\u0142udniowej Szwecji. Do miejscowo\u015bci mo\u017cna dosta\u0107 si\u0119 autem lub kolej\u0105. Mi\u0142o\u015bnikom latania zaleca si\u0119 lotnisko Ronneby, znajduj\u0105ce si\u0119 40 km od M\u00f6rrum. Istniej\u0105 tak\u017ce po\u0142\u0105czenia promowe do po\u0142udniowej Szwecji z Niemiec (Sassnitz &#8211; Trelleborg), Polski (Gdynia &#8211; Karlskrona) i Litwy (K\u0142ajpeda-Karlshamn). W M\u00f6rrum znajduj\u0105 si\u0119 tak\u017ce biura w\u0119dkarskie. Po\u0142o\u017cenie geograficzne: 56\u00b011\u2032N 14\u00b044\u2032E.<\/p>\n<p><img decoding=\"async\" loading=\"lazy\" class=\"alignnone wp-image-1480 size-full\" src=\"https:\/\/southbaltic-tourist.eu\/wp-content\/uploads\/2019\/07\/1.-Morrum-River-Waterfall-fish-jump-R2.A13.-2.jpg\" alt=\"\" width=\"1600\" height=\"1067\" srcset=\"https:\/\/sbt.ug.edu.pl\/wp-content\/uploads\/2019\/07\/1.-Morrum-River-Waterfall-fish-jump-R2.A13.-2.jpg 1600w, https:\/\/sbt.ug.edu.pl\/wp-content\/uploads\/2019\/07\/1.-Morrum-River-Waterfall-fish-jump-R2.A13.-2-300x200.jpg 300w, https:\/\/sbt.ug.edu.pl\/wp-content\/uploads\/2019\/07\/1.-Morrum-River-Waterfall-fish-jump-R2.A13.-2-768x512.jpg 768w, https:\/\/sbt.ug.edu.pl\/wp-content\/uploads\/2019\/07\/1.-Morrum-River-Waterfall-fish-jump-R2.A13.-2-1024x683.jpg 1024w, https:\/\/sbt.ug.edu.pl\/wp-content\/uploads\/2019\/07\/1.-Morrum-River-Waterfall-fish-jump-R2.A13.-2-150x100.jpg 150w\" sizes=\"(max-width: 1600px) 100vw, 1600px\" \/><\/p>\n<p style=\"text-align: justify;\"><strong>W\u0118DKARSTWO W M\u00d6RRUM<\/strong><\/p>\n<p style=\"text-align: justify;\">M\u00f6rrum uwa\u017cane jest za jedn\u0105 z najpi\u0119kniejszych rzek w Szwecji. Ma 175 km d\u0142ugo\u015bci i rozpoczyna bieg nad jeziorem Asnen, le\u017c\u0105cym w regionie Kronoberg. Kr\u00f3l Waldemar II tak upodoba\u0142 sobie rzek\u0119, \u017ce w 1231 r. obj\u0105\u0142 po\u0142owy na M\u00f6rrum przywilejem kr\u00f3lewskim. Rzeka jest otoczona zieleni\u0105, g\u0142\u00f3wnie lasami i uwa\u017ca si\u0119 j\u0105 za bardzo czyst\u0105. Z do\u015b\u0107 w\u0105skiego strumienia z silnym pr\u0105dem przeobra\u017ca si\u0119 w szerokie, p\u0142ytkie wody, bogate w \u0142ososia atlantyckiego, tro\u0107 w\u0119drown\u0105 oraz mniejsze ryby. Podczas po\u0142ow\u00f3w zazwyczaj stosowana jest zasada \u201ez\u0142\u00f3w i wypu\u015b\u0107\u201d. Dozwolone jest zatrzymanie jednej ryby dziennie. Okolica rzeki charakteryzuje si\u0119 spokojn\u0105 i relaksuj\u0105c\u0105 atmosfer\u0105. Stanowi idealne miejsce na piesze wycieczki.<\/p>\n<p style=\"text-align: justify;\"><strong>ATRAKCJE<\/strong><\/p>\n<p style=\"text-align: justify;\">Region administracyjny Blekinge jest jednym z najmniejszych region\u00f3w Szwecji. Jego powierzchnia to zaledwie 3000 km<sup>2<\/sup>. Znaczn\u0105 cz\u0119\u015b\u0107 regionu zajmuje archipelag, kt\u00f3ry sk\u0142ada si\u0119 z ponad 800 wysp. Spokojna okolica, naturalne zatoki oraz porty zapewniaj\u0105 doskona\u0142e warunki w\u0119dkarskie. W regionie znajduje si\u0119 ponad 1000 jezior oraz 12 strumieni z naturalnymi zatokami pla\u017cowymi i naturalnymi zatokami. To tak\u017ce idealne miejsce dla mi\u0142o\u015bnik\u00f3w pieszych w\u0119dr\u00f3wek i dzikiej przyrody. Blekinge to g\u0142\u00f3wnie pi\u0119kne lasy, przez kt\u00f3re biegn\u0105 liczne szlaki turystyczne i trasy rowerowe. Na okolicznych spokojnych wodach mo\u017cna tak\u017ce pop\u0142ywa\u0107 kajakiem lub \u0142odzi\u0105. Du\u017ce miasta takie jak Karlshamn i Karlskrona oferuj\u0105 z kolei atrakcje kulturalne &#8211; muzea i r\u00f3\u017cnego rodzaju festiwale.<\/p>\n<p><div class=\"rl-gallery-container rl-loading\" id=\"rl-gallery-container-2\" data-gallery_id=\"1479\"> <div class=\"rl-gallery rl-basicgrid-gallery \" id=\"rl-gallery-2\" data-gallery_no=\"2\"> <div class=\"rl-gallery-item\"><a href=\"https:\/\/sbt.ug.edu.pl\/wp-content\/uploads\/2019\/07\/1.-Morrum-River-Waterfall-fish-jump-R2.A13.-2.jpg\" title=\"1. Morrum River Waterfall, fish jump, R2.A13.\" data-rl_title=\"1. Morrum River Waterfall, fish jump, R2.A13.\" class=\"rl-gallery-link\" data-rl_caption=\"\" data-rel=\"lightbox-gallery-2\"><img src=\"https:\/\/sbt.ug.edu.pl\/wp-content\/uploads\/2019\/07\/1.-Morrum-River-Waterfall-fish-jump-R2.A13.-2-768x512.jpg\" width=\"640\" height=\"427\" alt=\"\" \/><\/a><\/div><div class=\"rl-gallery-item\"><a href=\"https:\/\/sbt.ug.edu.pl\/wp-content\/uploads\/2019\/07\/2.-Morrum-Royal-Salmon-Museum-R2.A13.-1.jpg\" title=\"2. Morrum Royal Salmon Museum, R2.A13.\" data-rl_title=\"2. Morrum Royal Salmon Museum, R2.A13.\" class=\"rl-gallery-link\" data-rl_caption=\"\" data-rel=\"lightbox-gallery-2\"><img src=\"https:\/\/sbt.ug.edu.pl\/wp-content\/uploads\/2019\/07\/2.-Morrum-Royal-Salmon-Museum-R2.A13.-1-768x512.jpg\" width=\"640\" height=\"427\" alt=\"\" \/><\/a><\/div><div class=\"rl-gallery-item\"><a href=\"https:\/\/sbt.ug.edu.pl\/wp-content\/uploads\/2019\/07\/3.-Morrum-River-Fishery-Complex-Welcome-Board-R2.A13.-1.jpg\" title=\"3. Morrum River Fishery Complex Welcome Board, R2.A13.\" data-rl_title=\"3. Morrum River Fishery Complex Welcome Board, R2.A13.\" class=\"rl-gallery-link\" data-rl_caption=\"\" data-rel=\"lightbox-gallery-2\"><img src=\"https:\/\/sbt.ug.edu.pl\/wp-content\/uploads\/2019\/07\/3.-Morrum-River-Fishery-Complex-Welcome-Board-R2.A13.-1-768x512.jpg\" width=\"640\" height=\"427\" alt=\"\" \/><\/a><\/div><div class=\"rl-gallery-item\"><a href=\"https:\/\/sbt.ug.edu.pl\/wp-content\/uploads\/2019\/07\/4.-Morrum-River-Coast-R2.A13.-1.jpg\" title=\"4. Morrum River Coast, R2.A13.\" data-rl_title=\"4. Morrum River Coast, R2.A13.\" class=\"rl-gallery-link\" data-rl_caption=\"\" data-rel=\"lightbox-gallery-2\"><img src=\"https:\/\/sbt.ug.edu.pl\/wp-content\/uploads\/2019\/07\/4.-Morrum-River-Coast-R2.A13.-1-768x512.jpg\" width=\"640\" height=\"427\" alt=\"\" \/><\/a><\/div><div class=\"rl-gallery-item\"><a href=\"https:\/\/sbt.ug.edu.pl\/wp-content\/uploads\/2019\/07\/5.-Morrum-River-Rapids-R2.A13.-1.jpg\" title=\"5. Morrum River Rapids, R2.A13.\" data-rl_title=\"5. Morrum River Rapids, R2.A13.\" class=\"rl-gallery-link\" data-rl_caption=\"\" data-rel=\"lightbox-gallery-2\"><img src=\"https:\/\/sbt.ug.edu.pl\/wp-content\/uploads\/2019\/07\/5.-Morrum-River-Rapids-R2.A13.-1-768x512.jpg\" width=\"640\" height=\"427\" alt=\"\" \/><\/a><\/div><div class=\"rl-gallery-item\"><a href=\"https:\/\/sbt.ug.edu.pl\/wp-content\/uploads\/2019\/07\/6.-Morrum-River-Rapids-R2.A13.-1.jpg\" title=\"6. Morrum River Rapids, R2.A13.\" data-rl_title=\"6. Morrum River Rapids, R2.A13.\" class=\"rl-gallery-link\" data-rl_caption=\"\" data-rel=\"lightbox-gallery-2\"><img src=\"https:\/\/sbt.ug.edu.pl\/wp-content\/uploads\/2019\/07\/6.-Morrum-River-Rapids-R2.A13.-1-768x512.jpg\" width=\"640\" height=\"427\" alt=\"\" \/><\/a><\/div><div class=\"rl-gallery-item\"><a href=\"https:\/\/sbt.ug.edu.pl\/wp-content\/uploads\/2019\/07\/7.-Morrum-River-Rapids-R2.A13.-1.jpg\" title=\"7. Morrum River Rapids, R2.A13.\" data-rl_title=\"7. Morrum River Rapids, R2.A13.\" class=\"rl-gallery-link\" data-rl_caption=\"\" data-rel=\"lightbox-gallery-2\"><img src=\"https:\/\/sbt.ug.edu.pl\/wp-content\/uploads\/2019\/07\/7.-Morrum-River-Rapids-R2.A13.-1-768x512.jpg\" width=\"640\" height=\"427\" alt=\"\" \/><\/a><\/div><div class=\"rl-gallery-item\"><a href=\"https:\/\/sbt.ug.edu.pl\/wp-content\/uploads\/2019\/07\/8.-Morrum-River-Bridge-R2.A13..jpg\" title=\"8. Morrum River Bridge, R2.A13.\" data-rl_title=\"8. Morrum River Bridge, R2.A13.\" class=\"rl-gallery-link\" data-rl_caption=\"\" data-rel=\"lightbox-gallery-2\"><img src=\"https:\/\/sbt.ug.edu.pl\/wp-content\/uploads\/2019\/07\/8.-Morrum-River-Bridge-R2.A13.-768x512.jpg\" width=\"640\" height=\"427\" alt=\"\" \/><\/a><\/div><div class=\"rl-gallery-item\"><a href=\"https:\/\/sbt.ug.edu.pl\/wp-content\/uploads\/2019\/07\/9.-Morrum-River-Water-Instalations-R2A13..jpg\" title=\"9. Morrum River Water Instalations, R2,A13.\" data-rl_title=\"9. Morrum River Water Instalations, R2,A13.\" class=\"rl-gallery-link\" data-rl_caption=\"\" data-rel=\"lightbox-gallery-2\"><img src=\"https:\/\/sbt.ug.edu.pl\/wp-content\/uploads\/2019\/07\/9.-Morrum-River-Water-Instalations-R2A13.-768x512.jpg\" width=\"640\" height=\"427\" alt=\"\" \/><\/a><\/div><div class=\"rl-gallery-item\"><a href=\"https:\/\/sbt.ug.edu.pl\/wp-content\/uploads\/2019\/07\/10.-Morrum-River-Rapids-R2.A13..jpg\" title=\"10. Morrum River Rapids, R2.A13.\" data-rl_title=\"10. Morrum River Rapids, R2.A13.\" class=\"rl-gallery-link\" data-rl_caption=\"\" data-rel=\"lightbox-gallery-2\"><img src=\"https:\/\/sbt.ug.edu.pl\/wp-content\/uploads\/2019\/07\/10.-Morrum-River-Rapids-R2.A13.-768x512.jpg\" width=\"640\" height=\"427\" alt=\"\" \/><\/a><\/div><div class=\"rl-gallery-item\"><a href=\"https:\/\/sbt.ug.edu.pl\/wp-content\/uploads\/2019\/07\/11.-Morrum-River-Rapids-R2.A13..jpg\" title=\"11. Morrum River Rapids, R2.A13.\" data-rl_title=\"11. Morrum River Rapids, R2.A13.\" class=\"rl-gallery-link\" data-rl_caption=\"\" data-rel=\"lightbox-gallery-2\"><img src=\"https:\/\/sbt.ug.edu.pl\/wp-content\/uploads\/2019\/07\/11.-Morrum-River-Rapids-R2.A13.-768x512.jpg\" width=\"640\" height=\"427\" alt=\"\" \/><\/a><\/div><div class=\"rl-gallery-item\"><a href=\"https:\/\/sbt.ug.edu.pl\/wp-content\/uploads\/2019\/07\/12.-Morrum-River-Bridge-R2.A13..jpg\" title=\"12. Morrum River Bridge, R2.A13.\" data-rl_title=\"12. Morrum River Bridge, R2.A13.\" class=\"rl-gallery-link\" data-rl_caption=\"\" data-rel=\"lightbox-gallery-2\"><img src=\"https:\/\/sbt.ug.edu.pl\/wp-content\/uploads\/2019\/07\/12.-Morrum-River-Bridge-R2.A13.-768x512.jpg\" width=\"640\" height=\"427\" alt=\"\" \/><\/a><\/div><div class=\"rl-gallery-item\"><a href=\"https:\/\/sbt.ug.edu.pl\/wp-content\/uploads\/2019\/07\/13.-Morrum-River-Rapids-R2.A13..jpg\" title=\"13. Morrum River Rapids, R2.A13.\" data-rl_title=\"13. Morrum River Rapids, R2.A13.\" class=\"rl-gallery-link\" data-rl_caption=\"\" data-rel=\"lightbox-gallery-2\"><img src=\"https:\/\/sbt.ug.edu.pl\/wp-content\/uploads\/2019\/07\/13.-Morrum-River-Rapids-R2.A13.-768x512.jpg\" width=\"640\" height=\"427\" alt=\"\" \/><\/a><\/div><div class=\"rl-gallery-item\"><a href=\"https:\/\/sbt.ug.edu.pl\/wp-content\/uploads\/2019\/07\/14.-Morrum-River-Bridge-R2.A13..jpg\" title=\"14. Morrum River Bridge, R2.A13.\" data-rl_title=\"14. Morrum River Bridge, R2.A13.\" class=\"rl-gallery-link\" data-rl_caption=\"\" data-rel=\"lightbox-gallery-2\"><img src=\"https:\/\/sbt.ug.edu.pl\/wp-content\/uploads\/2019\/07\/14.-Morrum-River-Bridge-R2.A13.-768x512.jpg\" width=\"640\" height=\"427\" alt=\"\" \/><\/a><\/div><div class=\"rl-gallery-item\"><a href=\"https:\/\/sbt.ug.edu.pl\/wp-content\/uploads\/2019\/07\/15.-Morrum-River-Rapids-R2.A13..jpg\" title=\"15. Morrum River Rapids, R2.A13.\" data-rl_title=\"15. Morrum River Rapids, R2.A13.\" class=\"rl-gallery-link\" data-rl_caption=\"\" data-rel=\"lightbox-gallery-2\"><img src=\"https:\/\/sbt.ug.edu.pl\/wp-content\/uploads\/2019\/07\/15.-Morrum-River-Rapids-R2.A13.-768x512.jpg\" width=\"640\" height=\"427\" alt=\"\" \/><\/a><\/div><div class=\"rl-gallery-item\"><a href=\"https:\/\/sbt.ug.edu.pl\/wp-content\/uploads\/2019\/07\/16.-Morrum-River-Rapids-R2.A13..jpg\" title=\"16. Morrum River Rapids, R2.A13.\" data-rl_title=\"16. Morrum River Rapids, R2.A13.\" class=\"rl-gallery-link\" data-rl_caption=\"\" data-rel=\"lightbox-gallery-2\"><img src=\"https:\/\/sbt.ug.edu.pl\/wp-content\/uploads\/2019\/07\/16.-Morrum-River-Rapids-R2.A13.-768x512.jpg\" width=\"640\" height=\"427\" alt=\"\" \/><\/a><\/div><div class=\"rl-gallery-item\"><a href=\"https:\/\/sbt.ug.edu.pl\/wp-content\/uploads\/2019\/07\/17.-Morrum-River-Rapids-R2.A13..jpg\" title=\"17. Morrum River Rapids, R2.A13.\" data-rl_title=\"17. Morrum River Rapids, R2.A13.\" class=\"rl-gallery-link\" data-rl_caption=\"\" data-rel=\"lightbox-gallery-2\"><img src=\"https:\/\/sbt.ug.edu.pl\/wp-content\/uploads\/2019\/07\/17.-Morrum-River-Rapids-R2.A13.-768x512.jpg\" width=\"640\" height=\"427\" alt=\"\" \/><\/a><\/div><div class=\"rl-gallery-item\"><a href=\"https:\/\/sbt.ug.edu.pl\/wp-content\/uploads\/2019\/07\/18.-Morrum-River-Rapids-R2.A13..jpg\" title=\"18. Morrum River Rapids, R2.A13.\" data-rl_title=\"18. Morrum River Rapids, R2.A13.\" class=\"rl-gallery-link\" data-rl_caption=\"\" data-rel=\"lightbox-gallery-2\"><img src=\"https:\/\/sbt.ug.edu.pl\/wp-content\/uploads\/2019\/07\/18.-Morrum-River-Rapids-R2.A13.-768x512.jpg\" width=\"640\" height=\"427\" alt=\"\" \/><\/a><\/div><div class=\"rl-gallery-item\"><a href=\"https:\/\/sbt.ug.edu.pl\/wp-content\/uploads\/2019\/07\/19.-Morrum-River-Rapids-R2.A13..jpg\" title=\"19. Morrum River Rapids, R2.A13.\" data-rl_title=\"19. Morrum River Rapids, R2.A13.\" class=\"rl-gallery-link\" data-rl_caption=\"\" data-rel=\"lightbox-gallery-2\"><img src=\"https:\/\/sbt.ug.edu.pl\/wp-content\/uploads\/2019\/07\/19.-Morrum-River-Rapids-R2.A13.-768x512.jpg\" width=\"640\" height=\"427\" alt=\"\" \/><\/a><\/div><div class=\"rl-gallery-item\"><a href=\"https:\/\/sbt.ug.edu.pl\/wp-content\/uploads\/2019\/07\/20.-Morrum-River-Rapids-R2.A13..jpg\" title=\"20. Morrum River Rapids, R2.A13.\" data-rl_title=\"20. Morrum River Rapids, R2.A13.\" class=\"rl-gallery-link\" data-rl_caption=\"\" data-rel=\"lightbox-gallery-2\"><img src=\"https:\/\/sbt.ug.edu.pl\/wp-content\/uploads\/2019\/07\/20.-Morrum-River-Rapids-R2.A13.-768x512.jpg\" width=\"640\" height=\"427\" alt=\"\" \/><\/a><\/div><div class=\"rl-gallery-item\"><a href=\"https:\/\/sbt.ug.edu.pl\/wp-content\/uploads\/2019\/07\/21.-Morrum-River-Rapids-R2.A13..jpg\" title=\"21. Morrum River Rapids, R2.A13.\" data-rl_title=\"21. Morrum River Rapids, R2.A13.\" class=\"rl-gallery-link\" data-rl_caption=\"\" data-rel=\"lightbox-gallery-2\"><img src=\"https:\/\/sbt.ug.edu.pl\/wp-content\/uploads\/2019\/07\/21.-Morrum-River-Rapids-R2.A13.-768x512.jpg\" width=\"640\" height=\"427\" alt=\"\" \/><\/a><\/div><div class=\"rl-gallery-item\"><a href=\"https:\/\/sbt.ug.edu.pl\/wp-content\/uploads\/2019\/07\/22.-Morrum-River.-Rapids-R2A13..jpg\" title=\"22. Morrum River. Rapids, R2A13.\" data-rl_title=\"22. Morrum River. Rapids, R2A13.\" class=\"rl-gallery-link\" data-rl_caption=\"\" data-rel=\"lightbox-gallery-2\"><img src=\"https:\/\/sbt.ug.edu.pl\/wp-content\/uploads\/2019\/07\/22.-Morrum-River.-Rapids-R2A13.-768x512.jpg\" width=\"640\" height=\"427\" alt=\"\" \/><\/a><\/div><div class=\"rl-gallery-item\"><a href=\"https:\/\/sbt.ug.edu.pl\/wp-content\/uploads\/2019\/07\/23.-Morrum-River-Rapids-R2.A13..jpg\" title=\"23. Morrum River Rapids, R2.A13.\" data-rl_title=\"23. Morrum River Rapids, R2.A13.\" class=\"rl-gallery-link\" data-rl_caption=\"\" data-rel=\"lightbox-gallery-2\"><img src=\"https:\/\/sbt.ug.edu.pl\/wp-content\/uploads\/2019\/07\/23.-Morrum-River-Rapids-R2.A13.-768x512.jpg\" width=\"640\" height=\"427\" alt=\"\" \/><\/a><\/div><div class=\"rl-gallery-item\"><a href=\"https:\/\/sbt.ug.edu.pl\/wp-content\/uploads\/2019\/07\/24.-Morrum-River-Rapids-R2.A13..jpg\" title=\"24. Morrum River Rapids, R2.A13.\" data-rl_title=\"24. Morrum River Rapids, R2.A13.\" class=\"rl-gallery-link\" data-rl_caption=\"\" data-rel=\"lightbox-gallery-2\"><img src=\"https:\/\/sbt.ug.edu.pl\/wp-content\/uploads\/2019\/07\/24.-Morrum-River-Rapids-R2.A13.-768x512.jpg\" width=\"640\" height=\"427\" alt=\"\" \/><\/a><\/div><div class=\"rl-gallery-item\"><a href=\"https:\/\/sbt.ug.edu.pl\/wp-content\/uploads\/2019\/07\/25.-Morrum-Royal-Salmon-Museum-R2.A13..jpg\" title=\"25. Morrum Royal Salmon Museum, R2.A13.\" data-rl_title=\"25. Morrum Royal Salmon Museum, R2.A13.\" class=\"rl-gallery-link\" data-rl_caption=\"\" data-rel=\"lightbox-gallery-2\"><img src=\"https:\/\/sbt.ug.edu.pl\/wp-content\/uploads\/2019\/07\/25.-Morrum-Royal-Salmon-Museum-R2.A13.-768x512.jpg\" width=\"640\" height=\"427\" alt=\"\" \/><\/a><\/div><div class=\"rl-gallery-item\"><a href=\"https:\/\/sbt.ug.edu.pl\/wp-content\/uploads\/2019\/07\/26.-Morrum-Royal-Salmon-Museum-R2.A13..jpg\" title=\"26. Morrum Royal Salmon Museum, R2.A13.\" data-rl_title=\"26. Morrum Royal Salmon Museum, R2.A13.\" class=\"rl-gallery-link\" data-rl_caption=\"\" data-rel=\"lightbox-gallery-2\"><img src=\"https:\/\/sbt.ug.edu.pl\/wp-content\/uploads\/2019\/07\/26.-Morrum-Royal-Salmon-Museum-R2.A13.-768x512.jpg\" width=\"640\" height=\"427\" alt=\"\" \/><\/a><\/div><div class=\"rl-gallery-item\"><a href=\"https:\/\/sbt.ug.edu.pl\/wp-content\/uploads\/2019\/07\/27.-Morrum-Royal-Salmon-Museum-R2.A13..jpg\" title=\"27. Morrum Royal Salmon Museum, R2.A13.\" data-rl_title=\"27. Morrum Royal Salmon Museum, R2.A13.\" class=\"rl-gallery-link\" data-rl_caption=\"\" data-rel=\"lightbox-gallery-2\"><img src=\"https:\/\/sbt.ug.edu.pl\/wp-content\/uploads\/2019\/07\/27.-Morrum-Royal-Salmon-Museum-R2.A13.-768x512.jpg\" width=\"640\" height=\"427\" alt=\"\" \/><\/a><\/div><div class=\"rl-gallery-item\"><a href=\"https:\/\/sbt.ug.edu.pl\/wp-content\/uploads\/2019\/07\/28.-Morrum-Royal-Salmon-Museum-R2.A13..jpg\" title=\"28. Morrum Royal Salmon Museum, R2.A13.\" data-rl_title=\"28. Morrum Royal Salmon Museum, R2.A13.\" class=\"rl-gallery-link\" data-rl_caption=\"\" data-rel=\"lightbox-gallery-2\"><img src=\"https:\/\/sbt.ug.edu.pl\/wp-content\/uploads\/2019\/07\/28.-Morrum-Royal-Salmon-Museum-R2.A13.-768x512.jpg\" width=\"640\" height=\"427\" alt=\"\" \/><\/a><\/div><div class=\"rl-gallery-item\"><a href=\"https:\/\/sbt.ug.edu.pl\/wp-content\/uploads\/2019\/07\/29.-Morrum-Royal-Salmon-Museum-R2.A13..jpg\" title=\"29. Morrum Royal Salmon Museum, R2.A13.\" data-rl_title=\"29. Morrum Royal Salmon Museum, R2.A13.\" class=\"rl-gallery-link\" data-rl_caption=\"\" data-rel=\"lightbox-gallery-2\"><img src=\"https:\/\/sbt.ug.edu.pl\/wp-content\/uploads\/2019\/07\/29.-Morrum-Royal-Salmon-Museum-R2.A13.-768x512.jpg\" width=\"640\" height=\"427\" alt=\"\" \/><\/a><\/div> <\/div> <\/div><\/p>","protected":false},"excerpt":{"rendered":"<p>LOKALIZACJA Naturalne pi\u0119kno rzeki M\u00f6rrum mo\u017cna podziwia\u0107 \u0142owi\u0105c ryby, p\u0142ywaj\u0105c kajakiem lub w\u0119druj\u0105c. Rzeka jest zag\u0142\u0119biem \u0142ososia atlantyckiego, dlatego te\u017c w jej okolicy znajduje si\u0119 wiele klub\u00f3w rybackich oraz miejscowo\u015b\u0107 o tej samej nazwie &#8211; M\u00f6rrum, kt\u00f3ra po\u0142o\u017cona jest oko\u0142o 7 km na zach\u00f3d od pobliskiego miasta Karlshamn w regionie Blekinge w po\u0142udniowej Szwecji. Do [&hellip;]<\/p>\n","protected":false},"author":3,"featured_media":0,"parent":174,"menu_order":0,"comment_status":"closed","ping_status":"closed","template":"","meta":[],"categories":[34,12,9],"tags":[],"_links":{"self":[{"href":"https:\/\/sbt.ug.edu.pl\/pl\/wp-json\/wp\/v2\/pages\/503"}],"collection":[{"href":"https:\/\/sbt.ug.edu.pl\/pl\/wp-json\/wp\/v2\/pages"}],"about":[{"href":"https:\/\/sbt.ug.edu.pl\/pl\/wp-json\/wp\/v2\/types\/page"}],"author":[{"embeddable":true,"href":"https:\/\/sbt.ug.edu.pl\/pl\/wp-json\/wp\/v2\/users\/3"}],"replies":[{"embeddable":true,"href":"https:\/\/sbt.ug.edu.pl\/pl\/wp-json\/wp\/v2\/comments?post=503"}],"version-history":[{"count":10,"href":"https:\/\/sbt.ug.edu.pl\/pl\/wp-json\/wp\/v2\/pages\/503\/revisions"}],"predecessor-version":[{"id":5814,"href":"https:\/\/sbt.ug.edu.pl\/pl\/wp-json\/wp\/v2\/pages\/503\/revisions\/5814"}],"up":[{"embeddable":true,"href":"https:\/\/sbt.ug.edu.pl\/pl\/wp-json\/wp\/v2\/pages\/174"}],"wp:attachment":[{"href":"https:\/\/sbt.ug.edu.pl\/pl\/wp-json\/wp\/v2\/media?parent=503"}],"wp:term":[{"taxonomy":"category","embeddable":true,"href":"https:\/\/sbt.ug.edu.pl\/pl\/wp-json\/wp\/v2\/categories?post=503"},{"taxonomy":"post_tag","embeddable":true,"href":"https:\/\/sbt.ug.edu.pl\/pl\/wp-json\/wp\/v2\/tags?post=503"}],"curies":[{"name":"wp","href":"https:\/\/api.w.org\/{rel}","templated":true}]}}