{"id":505,"date":"2018-12-06T10:41:22","date_gmt":"2018-12-06T09:41:22","guid":{"rendered":"http:\/\/southbaltic-tourist.eu\/?page_id=505"},"modified":"2021-06-10T17:46:55","modified_gmt":"2021-06-10T16:46:55","slug":"14-oland-island-surfing-hotspot","status":"publish","type":"page","link":"https:\/\/sbt.ug.edu.pl\/pl\/routes\/windsurfing-exploration\/14-oland-island-surfing-hotspot\/","title":{"rendered":"14. MIEJSCA SURFINGOWE NA WYSPIE OLANDIA"},"content":{"rendered":"<p><\/p>\n<p style=\"text-align: justify;\"><strong>LOKALIZACJA<\/strong><\/p>\n<p style=\"text-align: justify;\">Wyspa Olandia znajduje si\u0119 w po\u0142udniowo-wschodniej Szwecji, na wybrze\u017cu prowincji Smalandia. Wyspa jest po\u0142\u0105czona z l\u0105dem mostem o d\u0142ugo\u015bci 6 km. Spot surfingowy zlokalizowany jest przy pla\u017cy w miejscowo\u015bci M\u00f6rbyl\u00e5nga w po\u0142udniowej cz\u0119\u015bci wyspy. Najbli\u017csze lotnisko znajduje si\u0119 w Kalmarze, a najbli\u017csze po\u0142\u0105czenia promowe zlokalizowane s\u0105 oko\u0142o 200 km od wyspy \u2013 promy kursuj\u0105 z Polski (Gdynia-Karlskrona i \u015awinouj\u015bcie &#8211; Ystad), Litwy (K\u0142ajpeda &#8211; Karlshamn) i Niemiec (Sassnitz-Trelleborg). Lokalizacja pla\u017cy w miejscowo\u015bci M\u00f6rbyl\u00e5nga: 56\u00b031\u2032N 16\u00b023\u2032E.<\/p>\n<p style=\"text-align: justify;\" align=\"JUSTIFY\"><img decoding=\"async\" loading=\"lazy\" class=\"alignleft wp-image-1523\" src=\"https:\/\/southbaltic-tourist.eu\/wp-content\/uploads\/2019\/07\/1.-Surfing-spot-in-Oland-R2.A14..jpg\" alt=\"\" width=\"525\" height=\"350\" srcset=\"https:\/\/sbt.ug.edu.pl\/wp-content\/uploads\/2019\/07\/1.-Surfing-spot-in-Oland-R2.A14..jpg 1600w, https:\/\/sbt.ug.edu.pl\/wp-content\/uploads\/2019\/07\/1.-Surfing-spot-in-Oland-R2.A14.-300x200.jpg 300w, https:\/\/sbt.ug.edu.pl\/wp-content\/uploads\/2019\/07\/1.-Surfing-spot-in-Oland-R2.A14.-768x512.jpg 768w, https:\/\/sbt.ug.edu.pl\/wp-content\/uploads\/2019\/07\/1.-Surfing-spot-in-Oland-R2.A14.-1024x683.jpg 1024w, https:\/\/sbt.ug.edu.pl\/wp-content\/uploads\/2019\/07\/1.-Surfing-spot-in-Oland-R2.A14.-150x100.jpg 150w\" sizes=\"(max-width: 525px) 100vw, 525px\" \/><\/p>\n<p style=\"text-align: justify;\" align=\"JUSTIFY\"><a href=\"https:\/\/southbaltic-tourist.eu\/wp-content\/uploads\/2020\/01\/r1a14_Oland_Island_Surfing_slim.png\" target=\"_blank\" rel=\"noopener noreferrer\" data-rel=\"lightbox-gallery-FGjoIbZ6\" data-rl_title=\"\" data-rl_caption=\"\" title=\"\"><img decoding=\"async\" loading=\"lazy\" class=\"alignnone wp-image-5143\" src=\"https:\/\/southbaltic-tourist.eu\/wp-content\/uploads\/2020\/01\/r1a14_Oland_Island_Surfing_slim-1024x595.png\" alt=\"\" width=\"602\" height=\"350\" srcset=\"https:\/\/sbt.ug.edu.pl\/wp-content\/uploads\/2020\/01\/r1a14_Oland_Island_Surfing_slim-1024x595.png 1024w, https:\/\/sbt.ug.edu.pl\/wp-content\/uploads\/2020\/01\/r1a14_Oland_Island_Surfing_slim-300x174.png 300w, https:\/\/sbt.ug.edu.pl\/wp-content\/uploads\/2020\/01\/r1a14_Oland_Island_Surfing_slim-768x446.png 768w, https:\/\/sbt.ug.edu.pl\/wp-content\/uploads\/2020\/01\/r1a14_Oland_Island_Surfing_slim-1536x893.png 1536w, https:\/\/sbt.ug.edu.pl\/wp-content\/uploads\/2020\/01\/r1a14_Oland_Island_Surfing_slim-150x87.png 150w, https:\/\/sbt.ug.edu.pl\/wp-content\/uploads\/2020\/01\/r1a14_Oland_Island_Surfing_slim.png 1600w\" sizes=\"(max-width: 602px) 100vw, 602px\" \/><\/a><\/p>\n<p style=\"text-align: justify;\" align=\"JUSTIFY\"><a href=\"https:\/\/www.google.com\/maps\/place\/Gmina+Kalmar,+Szwecja\/@56.6603346,16.3678483,11.25z\/data=!4m13!1m7!3m6!1s0x46524a9ffa99f2b7:0x9fca7e0e1fdf104e!2sVen!3b1!8m2!3d55.9124661!4d12.6915966!3m4!1s0x4657cc1ca778251b:0x400fef341e49060!8m2!3d56.6637742!4d16.3572693\" target=\"_blank\" rel=\"noopener noreferrer\">View on Google Maps<\/a><\/p>\n<p style=\"text-align: justify;\"><strong>MIEJSCA SURFINGOWE NA WYSPIE OLANDIA<\/strong><\/p>\n<p style=\"text-align: justify;\">Spot surfingowy znajduje si\u0119 przy pla\u017cy w miejscowo\u015bci M\u00f6rbyl\u00e5nga w po\u0142udniowej cz\u0119\u015bci wyspy, w pobli\u017cu kempingu Haga Park. Spot ten jest bardzo popularny w Szwecji &#8211; lokalny klub windsurfingowy liczy ponad 300 cz\u0142onk\u00f3w. Wody Cie\u015bniny Kalmarskiej\u00a0 zapewniaj\u0105 surferom idealne warunki wiatrowe. Naturalnie wietrzne dni w wiosenno-letnim sezonie w okolicach Olandii wyst\u0119puj\u0105 bardzo rzadko. Jednak lokalna bryza morska, b\u0119d\u0105ca charakterystycznym zjawiskiem pogodowym tego regionu zapewnia doskona\u0142y przep\u0142yw powietrza. Latem bryza zazwyczaj wyst\u0119puje ju\u017c od oko\u0142o godziny 13, kiedy s\u0142o\u0144ce jest wysoko na horyzoncie. Wody przy Olandi s\u0105 p\u0142ytkie a fale p\u0142askie. Jest to zatem bardzo dobre miejsce dla os\u00f3b rozpoczynaj\u0105cych przygod\u0119 zar\u00f3wno z windsurfingiem, jak i kitesurfingiem. Wody w spocie s\u0105 r\u00f3wnie\u017c cieplejsze ni\u017c na otwartym morzu.<\/p>\n<p style=\"text-align: justify;\"><strong>ATRAKCJE<\/strong><\/p>\n<p style=\"text-align: justify;\">Olandia oferuje wiele atrakcji, kt\u00f3re mog\u0105 wzbogaci\u0107 pobyt na wyspie. Najwi\u0119ksz\u0105 jest odwiedzenie Stora Alvaret &#8211; wapiennej r\u00f3wniny bogatej w skamienia\u0142o\u015bci morskie, kt\u00f3ra powsta\u0142a 500 milion\u00f3w lat temu, powoli wyp\u0142ywaj\u0105c z Morza Ba\u0142tyckiego po topnieniu lodowc\u00f3w. W przesz\u0142o\u015bci wyspa by\u0142a domem dla prehistorycznych ludzi. Najlepiej zbadanym obszarem prehistorycznych miejsc poch\u00f3wku jest wioska Gettlinge Gravefield. W Olandii znajduje si\u0119 tak\u017ce wiele ko\u015bcio\u0142\u00f3w i zamk\u00f3w, w tym obecna szwedzka rezydencja kr\u00f3lewska. Wyspa jest idealnym miejscem, w kt\u00f3rym korzystanie z szerokich, d\u0142ugich bia\u0142ych pla\u017c na wschodnim wybrze\u017cu po\u0142\u0105czy\u0107 mo\u017cna z rowerowymi wycieczkami i zwiedzaniem.<\/p>\n<p><div class=\"rl-gallery-container rl-loading\" id=\"rl-gallery-container-2\" data-gallery_id=\"1522\"> <div class=\"rl-gallery rl-basicgrid-gallery \" id=\"rl-gallery-2\" data-gallery_no=\"2\"> <div class=\"rl-gallery-item\"><a href=\"https:\/\/sbt.ug.edu.pl\/wp-content\/uploads\/2019\/07\/1.-Surfing-spot-in-Oland-R2.A14..jpg\" title=\"1. Surfing spot in Oland, R2.A14.\" data-rl_title=\"1. Surfing spot in Oland, R2.A14.\" class=\"rl-gallery-link\" data-rl_caption=\"\" data-rel=\"lightbox-gallery-2\"><img src=\"https:\/\/sbt.ug.edu.pl\/wp-content\/uploads\/2019\/07\/1.-Surfing-spot-in-Oland-R2.A14.-768x512.jpg\" width=\"640\" height=\"427\" alt=\"\" \/><\/a><\/div><div class=\"rl-gallery-item\"><a href=\"https:\/\/sbt.ug.edu.pl\/wp-content\/uploads\/2019\/07\/2.-Surfing-spot-on-Oland-R2A14..jpg\" title=\"2. Surfing spot on Oland, R2A14.\" data-rl_title=\"2. Surfing spot on Oland, R2A14.\" class=\"rl-gallery-link\" data-rl_caption=\"\" data-rel=\"lightbox-gallery-2\"><img src=\"https:\/\/sbt.ug.edu.pl\/wp-content\/uploads\/2019\/07\/2.-Surfing-spot-on-Oland-R2A14.-768x512.jpg\" width=\"640\" height=\"427\" alt=\"\" \/><\/a><\/div><div class=\"rl-gallery-item\"><a href=\"https:\/\/sbt.ug.edu.pl\/wp-content\/uploads\/2019\/07\/3.-Surfing-spot-on-Oland-R2.R14..jpg\" title=\"3. Surfing spot on Oland, R2.R14.\" data-rl_title=\"3. Surfing spot on Oland, R2.R14.\" class=\"rl-gallery-link\" data-rl_caption=\"\" data-rel=\"lightbox-gallery-2\"><img src=\"https:\/\/sbt.ug.edu.pl\/wp-content\/uploads\/2019\/07\/3.-Surfing-spot-on-Oland-R2.R14.-768x512.jpg\" width=\"640\" height=\"427\" alt=\"\" \/><\/a><\/div><div class=\"rl-gallery-item\"><a href=\"https:\/\/sbt.ug.edu.pl\/wp-content\/uploads\/2019\/07\/4.-Surfers-enjoy-comforts-in-Oland-R2.A14..jpg\" title=\"4. Surfers enjoy comforts in Oland, R2.A14.\" data-rl_title=\"4. Surfers enjoy comforts in Oland, R2.A14.\" class=\"rl-gallery-link\" data-rl_caption=\"\" data-rel=\"lightbox-gallery-2\"><img src=\"https:\/\/sbt.ug.edu.pl\/wp-content\/uploads\/2019\/07\/4.-Surfers-enjoy-comforts-in-Oland-R2.A14.-768x512.jpg\" width=\"640\" height=\"427\" alt=\"\" \/><\/a><\/div><div class=\"rl-gallery-item\"><a href=\"https:\/\/sbt.ug.edu.pl\/wp-content\/uploads\/2019\/07\/5.-Windsurfing-equipment-R2.A14..jpg\" title=\"5. Windsurfing equipment, R2.A14.\" data-rl_title=\"5. Windsurfing equipment, R2.A14.\" class=\"rl-gallery-link\" data-rl_caption=\"\" data-rel=\"lightbox-gallery-2\"><img src=\"https:\/\/sbt.ug.edu.pl\/wp-content\/uploads\/2019\/07\/5.-Windsurfing-equipment-R2.A14.-768x512.jpg\" width=\"640\" height=\"427\" alt=\"\" \/><\/a><\/div><div class=\"rl-gallery-item\"><a href=\"https:\/\/sbt.ug.edu.pl\/wp-content\/uploads\/2019\/07\/6.-Windsurfing-equipment-R2.A14..jpg\" title=\"6. Windsurfing equipment, R2.A14.\" data-rl_title=\"6. Windsurfing equipment, R2.A14.\" class=\"rl-gallery-link\" data-rl_caption=\"\" data-rel=\"lightbox-gallery-2\"><img src=\"https:\/\/sbt.ug.edu.pl\/wp-content\/uploads\/2019\/07\/6.-Windsurfing-equipment-R2.A14.-768x512.jpg\" width=\"640\" height=\"427\" alt=\"\" \/><\/a><\/div><div class=\"rl-gallery-item\"><a href=\"https:\/\/sbt.ug.edu.pl\/wp-content\/uploads\/2019\/07\/7.-Windsurfing-equipment-R2.A14..jpg\" title=\"7. Windsurfing equipment, R2.A14.\" data-rl_title=\"7. Windsurfing equipment, R2.A14.\" class=\"rl-gallery-link\" data-rl_caption=\"\" data-rel=\"lightbox-gallery-2\"><img src=\"https:\/\/sbt.ug.edu.pl\/wp-content\/uploads\/2019\/07\/7.-Windsurfing-equipment-R2.A14.-768x512.jpg\" width=\"640\" height=\"427\" alt=\"\" \/><\/a><\/div><div class=\"rl-gallery-item\"><a href=\"https:\/\/sbt.ug.edu.pl\/wp-content\/uploads\/2019\/07\/8.-Windsurfing-in-Oland-waters-R2.A14..jpg\" title=\"8. Windsurfing in Oland waters, R2.A14.\" data-rl_title=\"8. Windsurfing in Oland waters, R2.A14.\" class=\"rl-gallery-link\" data-rl_caption=\"\" data-rel=\"lightbox-gallery-2\"><img src=\"https:\/\/sbt.ug.edu.pl\/wp-content\/uploads\/2019\/07\/8.-Windsurfing-in-Oland-waters-R2.A14.-768x512.jpg\" width=\"640\" height=\"427\" alt=\"\" \/><\/a><\/div><div class=\"rl-gallery-item\"><a href=\"https:\/\/sbt.ug.edu.pl\/wp-content\/uploads\/2019\/07\/9.-Windsurfing-in-Oland-waters-R2.A14..jpg\" title=\"9. Windsurfing in Oland waters, R2.A14.\" data-rl_title=\"9. Windsurfing in Oland waters, R2.A14.\" class=\"rl-gallery-link\" data-rl_caption=\"\" data-rel=\"lightbox-gallery-2\"><img src=\"https:\/\/sbt.ug.edu.pl\/wp-content\/uploads\/2019\/07\/9.-Windsurfing-in-Oland-waters-R2.A14.-768x512.jpg\" width=\"640\" height=\"427\" alt=\"\" \/><\/a><\/div><div class=\"rl-gallery-item\"><a href=\"https:\/\/sbt.ug.edu.pl\/wp-content\/uploads\/2019\/07\/10.-Windsurfing-in-Oland-waters.-R2.A14..jpg\" title=\"10. Windsurfing in Oland waters. R2.A14.\" data-rl_title=\"10. Windsurfing in Oland waters. R2.A14.\" class=\"rl-gallery-link\" data-rl_caption=\"\" data-rel=\"lightbox-gallery-2\"><img src=\"https:\/\/sbt.ug.edu.pl\/wp-content\/uploads\/2019\/07\/10.-Windsurfing-in-Oland-waters.-R2.A14.-768x512.jpg\" width=\"640\" height=\"427\" alt=\"\" \/><\/a><\/div><div class=\"rl-gallery-item\"><a href=\"https:\/\/sbt.ug.edu.pl\/wp-content\/uploads\/2019\/07\/11.-Stora-Alvaret-sightseeing-R2.R14..jpg\" title=\"11. Stora Alvaret sightseeing, R2.R14.\" data-rl_title=\"11. Stora Alvaret sightseeing, R2.R14.\" class=\"rl-gallery-link\" data-rl_caption=\"\" data-rel=\"lightbox-gallery-2\"><img src=\"https:\/\/sbt.ug.edu.pl\/wp-content\/uploads\/2019\/07\/11.-Stora-Alvaret-sightseeing-R2.R14.-768x512.jpg\" width=\"640\" height=\"427\" alt=\"\" \/><\/a><\/div><div class=\"rl-gallery-item\"><a href=\"https:\/\/sbt.ug.edu.pl\/wp-content\/uploads\/2019\/07\/12.-Stora-Alvaret-in-Oland-R2.R14..jpg\" title=\"12. Stora Alvaret in Oland, R2.R14.\" data-rl_title=\"12. Stora Alvaret in Oland, R2.R14.\" class=\"rl-gallery-link\" data-rl_caption=\"\" data-rel=\"lightbox-gallery-2\"><img src=\"https:\/\/sbt.ug.edu.pl\/wp-content\/uploads\/2019\/07\/12.-Stora-Alvaret-in-Oland-R2.R14.-768x512.jpg\" width=\"640\" height=\"427\" alt=\"\" \/><\/a><\/div><div class=\"rl-gallery-item\"><a href=\"https:\/\/sbt.ug.edu.pl\/wp-content\/uploads\/2019\/07\/13.-Wild-plants-in-Stora-Alvaret-R2.A14..jpg\" title=\"13. Wild plants in Stora Alvaret, R2.A14.\" data-rl_title=\"13. Wild plants in Stora Alvaret, R2.A14.\" class=\"rl-gallery-link\" data-rl_caption=\"\" data-rel=\"lightbox-gallery-2\"><img src=\"https:\/\/sbt.ug.edu.pl\/wp-content\/uploads\/2019\/07\/13.-Wild-plants-in-Stora-Alvaret-R2.A14.-768x512.jpg\" width=\"640\" height=\"427\" alt=\"\" \/><\/a><\/div><div class=\"rl-gallery-item\"><a href=\"https:\/\/sbt.ug.edu.pl\/wp-content\/uploads\/2019\/07\/14.-Stora-Alveret-in-Oland-R2.A14..jpg\" title=\"14. Stora Alveret in Oland, R2.A14.\" data-rl_title=\"14. Stora Alveret in Oland, R2.A14.\" class=\"rl-gallery-link\" data-rl_caption=\"\" data-rel=\"lightbox-gallery-2\"><img src=\"https:\/\/sbt.ug.edu.pl\/wp-content\/uploads\/2019\/07\/14.-Stora-Alveret-in-Oland-R2.A14.-768x512.jpg\" width=\"640\" height=\"427\" alt=\"\" \/><\/a><\/div><div class=\"rl-gallery-item\"><a href=\"https:\/\/sbt.ug.edu.pl\/wp-content\/uploads\/2019\/07\/15.-Stora-Alvaret-in-Oland-R2.A14..jpg\" title=\"15. Stora Alvaret in Oland, R2.A14.\" data-rl_title=\"15. Stora Alvaret in Oland, R2.A14.\" class=\"rl-gallery-link\" data-rl_caption=\"\" data-rel=\"lightbox-gallery-2\"><img src=\"https:\/\/sbt.ug.edu.pl\/wp-content\/uploads\/2019\/07\/15.-Stora-Alvaret-in-Oland-R2.A14.-768x512.jpg\" width=\"640\" height=\"427\" alt=\"\" \/><\/a><\/div><div class=\"rl-gallery-item\"><a href=\"https:\/\/sbt.ug.edu.pl\/wp-content\/uploads\/2019\/07\/16.-Stora-Alvaret-Education-on-Plants-R2.A14..jpg\" title=\"16. Stora Alvaret Education on Plants, R2.A14.\" data-rl_title=\"16. Stora Alvaret Education on Plants, R2.A14.\" class=\"rl-gallery-link\" data-rl_caption=\"\" data-rel=\"lightbox-gallery-2\"><img src=\"https:\/\/sbt.ug.edu.pl\/wp-content\/uploads\/2019\/07\/16.-Stora-Alvaret-Education-on-Plants-R2.A14.-768x512.jpg\" width=\"640\" height=\"427\" alt=\"\" \/><\/a><\/div><div class=\"rl-gallery-item\"><a href=\"https:\/\/sbt.ug.edu.pl\/wp-content\/uploads\/2019\/07\/17.-Windmills-in-Oland-R2.A14..jpg\" title=\"17. Windmills in Oland, R2.A14.\" data-rl_title=\"17. Windmills in Oland, R2.A14.\" class=\"rl-gallery-link\" data-rl_caption=\"\" data-rel=\"lightbox-gallery-2\"><img src=\"https:\/\/sbt.ug.edu.pl\/wp-content\/uploads\/2019\/07\/17.-Windmills-in-Oland-R2.A14.-768x512.jpg\" width=\"640\" height=\"427\" alt=\"\" \/><\/a><\/div><div class=\"rl-gallery-item\"><a href=\"https:\/\/sbt.ug.edu.pl\/wp-content\/uploads\/2019\/07\/18.-Oland-rural-lndscape-R2.A14..jpg\" title=\"18. Oland rural lndscape, R2.A14.\" data-rl_title=\"18. Oland rural lndscape, R2.A14.\" class=\"rl-gallery-link\" data-rl_caption=\"\" data-rel=\"lightbox-gallery-2\"><img src=\"https:\/\/sbt.ug.edu.pl\/wp-content\/uploads\/2019\/07\/18.-Oland-rural-lndscape-R2.A14.-768x512.jpg\" width=\"640\" height=\"427\" alt=\"\" \/><\/a><\/div><div class=\"rl-gallery-item\"><a href=\"https:\/\/sbt.ug.edu.pl\/wp-content\/uploads\/2019\/07\/19.-Stora-Alvaret-landscape-R2.A14..jpg\" title=\"19. Stora Alvaret landscape, R2.A14.\" data-rl_title=\"19. Stora Alvaret landscape, R2.A14.\" class=\"rl-gallery-link\" data-rl_caption=\"\" data-rel=\"lightbox-gallery-2\"><img src=\"https:\/\/sbt.ug.edu.pl\/wp-content\/uploads\/2019\/07\/19.-Stora-Alvaret-landscape-R2.A14.-768x512.jpg\" width=\"640\" height=\"427\" alt=\"\" \/><\/a><\/div><div class=\"rl-gallery-item\"><a href=\"https:\/\/sbt.ug.edu.pl\/wp-content\/uploads\/2019\/07\/20.-Oland-camping-for-surfers-R2.A14..jpg\" title=\"20. Oland camping for surfers, R2.A14.\" data-rl_title=\"20. Oland camping for surfers, R2.A14.\" class=\"rl-gallery-link\" data-rl_caption=\"\" data-rel=\"lightbox-gallery-2\"><img src=\"https:\/\/sbt.ug.edu.pl\/wp-content\/uploads\/2019\/07\/20.-Oland-camping-for-surfers-R2.A14.-768x512.jpg\" width=\"640\" height=\"427\" alt=\"\" \/><\/a><\/div><div class=\"rl-gallery-item\"><a href=\"https:\/\/sbt.ug.edu.pl\/wp-content\/uploads\/2019\/07\/21.-Oland-Camping-for-surfers-R2.A14..jpg\" title=\"21. Oland Camping for surfers, R2.A14.\" data-rl_title=\"21. Oland Camping for surfers, R2.A14.\" class=\"rl-gallery-link\" data-rl_caption=\"\" data-rel=\"lightbox-gallery-2\"><img src=\"https:\/\/sbt.ug.edu.pl\/wp-content\/uploads\/2019\/07\/21.-Oland-Camping-for-surfers-R2.A14.-768x512.jpg\" width=\"640\" height=\"427\" alt=\"\" \/><\/a><\/div><div class=\"rl-gallery-item\"><a href=\"https:\/\/sbt.ug.edu.pl\/wp-content\/uploads\/2019\/07\/22.-Kitesurfing-in-Oland-waters-R2.A14..jpg\" title=\"22. Kitesurfing in Oland waters, R2.A14.\" data-rl_title=\"22. Kitesurfing in Oland waters, R2.A14.\" class=\"rl-gallery-link\" data-rl_caption=\"\" data-rel=\"lightbox-gallery-2\"><img src=\"https:\/\/sbt.ug.edu.pl\/wp-content\/uploads\/2019\/07\/22.-Kitesurfing-in-Oland-waters-R2.A14.-768x512.jpg\" width=\"640\" height=\"427\" alt=\"\" \/><\/a><\/div><div class=\"rl-gallery-item\"><a href=\"https:\/\/sbt.ug.edu.pl\/wp-content\/uploads\/2019\/07\/23.-Kitesurfing-in-Oland-waters-R2A14..jpg\" title=\"23. Kitesurfing in Oland waters, R2A14.\" data-rl_title=\"23. Kitesurfing in Oland waters, R2A14.\" class=\"rl-gallery-link\" data-rl_caption=\"\" data-rel=\"lightbox-gallery-2\"><img src=\"https:\/\/sbt.ug.edu.pl\/wp-content\/uploads\/2019\/07\/23.-Kitesurfing-in-Oland-waters-R2A14.-768x512.jpg\" width=\"640\" height=\"427\" alt=\"\" \/><\/a><\/div><div class=\"rl-gallery-item\"><a href=\"https:\/\/sbt.ug.edu.pl\/wp-content\/uploads\/2019\/07\/24.-Kitesurfing-in-Oland-waters-R2A14..jpg\" title=\"24. Kitesurfing in Oland waters, R2A14.\" data-rl_title=\"24. Kitesurfing in Oland waters, R2A14.\" class=\"rl-gallery-link\" data-rl_caption=\"\" data-rel=\"lightbox-gallery-2\"><img src=\"https:\/\/sbt.ug.edu.pl\/wp-content\/uploads\/2019\/07\/24.-Kitesurfing-in-Oland-waters-R2A14.-768x512.jpg\" width=\"640\" height=\"427\" alt=\"\" \/><\/a><\/div><div class=\"rl-gallery-item\"><a href=\"https:\/\/sbt.ug.edu.pl\/wp-content\/uploads\/2019\/07\/25.-Windsurfing-in-Oland-waters-R2.A14..jpg\" title=\"25. Windsurfing in Oland waters, R2.A14.\" data-rl_title=\"25. Windsurfing in Oland waters, R2.A14.\" class=\"rl-gallery-link\" data-rl_caption=\"\" data-rel=\"lightbox-gallery-2\"><img src=\"https:\/\/sbt.ug.edu.pl\/wp-content\/uploads\/2019\/07\/25.-Windsurfing-in-Oland-waters-R2.A14.-768x512.jpg\" width=\"640\" height=\"427\" alt=\"\" \/><\/a><\/div><div class=\"rl-gallery-item\"><a href=\"https:\/\/sbt.ug.edu.pl\/wp-content\/uploads\/2019\/07\/26.-Wind-and-kite-surfing-in-Oand-waters-R2A14..jpg\" title=\"26. Wind and kite surfing in Oand waters, R2A14.\" data-rl_title=\"26. Wind and kite surfing in Oand waters, R2A14.\" class=\"rl-gallery-link\" data-rl_caption=\"\" data-rel=\"lightbox-gallery-2\"><img src=\"https:\/\/sbt.ug.edu.pl\/wp-content\/uploads\/2019\/07\/26.-Wind-and-kite-surfing-in-Oand-waters-R2A14.-768x512.jpg\" width=\"640\" height=\"427\" alt=\"\" \/><\/a><\/div><div class=\"rl-gallery-item\"><a href=\"https:\/\/sbt.ug.edu.pl\/wp-content\/uploads\/2019\/07\/27.-Kitesurfing-in-Oland-waters-R2.A14..jpg\" title=\"27. Kitesurfing in Oland waters, R2.A14.\" data-rl_title=\"27. Kitesurfing in Oland waters, R2.A14.\" class=\"rl-gallery-link\" data-rl_caption=\"\" data-rel=\"lightbox-gallery-2\"><img src=\"https:\/\/sbt.ug.edu.pl\/wp-content\/uploads\/2019\/07\/27.-Kitesurfing-in-Oland-waters-R2.A14.-768x512.jpg\" width=\"640\" height=\"427\" alt=\"\" \/><\/a><\/div><div class=\"rl-gallery-item\"><a href=\"https:\/\/sbt.ug.edu.pl\/wp-content\/uploads\/2019\/07\/28.-Kitesurfing-in-Oland-waters-R2.A14..jpg\" title=\"28. Kitesurfing in Oland waters, R2.A14.\" data-rl_title=\"28. Kitesurfing in Oland waters, R2.A14.\" class=\"rl-gallery-link\" data-rl_caption=\"\" data-rel=\"lightbox-gallery-2\"><img src=\"https:\/\/sbt.ug.edu.pl\/wp-content\/uploads\/2019\/07\/28.-Kitesurfing-in-Oland-waters-R2.A14.-768x512.jpg\" width=\"640\" height=\"427\" alt=\"\" \/><\/a><\/div><div class=\"rl-gallery-item\"><a href=\"https:\/\/sbt.ug.edu.pl\/wp-content\/uploads\/2019\/07\/29.-Kitesursing-in-Oland-waters-R2.A14..jpg\" title=\"29. Kitesursing in Oland waters, R2.A14.\" data-rl_title=\"29. Kitesursing in Oland waters, R2.A14.\" class=\"rl-gallery-link\" data-rl_caption=\"\" data-rel=\"lightbox-gallery-2\"><img src=\"https:\/\/sbt.ug.edu.pl\/wp-content\/uploads\/2019\/07\/29.-Kitesursing-in-Oland-waters-R2.A14.-768x512.jpg\" width=\"640\" height=\"427\" alt=\"\" \/><\/a><\/div><div class=\"rl-gallery-item\"><a href=\"https:\/\/sbt.ug.edu.pl\/wp-content\/uploads\/2019\/07\/30.-Bridge-to-Oland-Island-R2A14..jpg\" title=\"30. Bridge to Oland Island, R2A14.\" data-rl_title=\"30. Bridge to Oland Island, R2A14.\" class=\"rl-gallery-link\" data-rl_caption=\"\" data-rel=\"lightbox-gallery-2\"><img src=\"https:\/\/sbt.ug.edu.pl\/wp-content\/uploads\/2019\/07\/30.-Bridge-to-Oland-Island-R2A14.-768x512.jpg\" width=\"640\" height=\"427\" alt=\"\" \/><\/a><\/div> <\/div> <\/div><\/p>","protected":false},"excerpt":{"rendered":"<p>LOKALIZACJA Wyspa Olandia znajduje si\u0119 w po\u0142udniowo-wschodniej Szwecji, na wybrze\u017cu prowincji Smalandia. Wyspa jest po\u0142\u0105czona z l\u0105dem mostem o d\u0142ugo\u015bci 6 km. Spot surfingowy zlokalizowany jest przy pla\u017cy w miejscowo\u015bci M\u00f6rbyl\u00e5nga w po\u0142udniowej cz\u0119\u015bci wyspy. Najbli\u017csze lotnisko znajduje si\u0119 w Kalmarze, a najbli\u017csze po\u0142\u0105czenia promowe zlokalizowane s\u0105 oko\u0142o 200 km od wyspy \u2013 promy kursuj\u0105 [&hellip;]<\/p>\n","protected":false},"author":3,"featured_media":0,"parent":174,"menu_order":0,"comment_status":"closed","ping_status":"closed","template":"","meta":[],"categories":[34,12,9],"tags":[],"_links":{"self":[{"href":"https:\/\/sbt.ug.edu.pl\/pl\/wp-json\/wp\/v2\/pages\/505"}],"collection":[{"href":"https:\/\/sbt.ug.edu.pl\/pl\/wp-json\/wp\/v2\/pages"}],"about":[{"href":"https:\/\/sbt.ug.edu.pl\/pl\/wp-json\/wp\/v2\/types\/page"}],"author":[{"embeddable":true,"href":"https:\/\/sbt.ug.edu.pl\/pl\/wp-json\/wp\/v2\/users\/3"}],"replies":[{"embeddable":true,"href":"https:\/\/sbt.ug.edu.pl\/pl\/wp-json\/wp\/v2\/comments?post=505"}],"version-history":[{"count":15,"href":"https:\/\/sbt.ug.edu.pl\/pl\/wp-json\/wp\/v2\/pages\/505\/revisions"}],"predecessor-version":[{"id":5815,"href":"https:\/\/sbt.ug.edu.pl\/pl\/wp-json\/wp\/v2\/pages\/505\/revisions\/5815"}],"up":[{"embeddable":true,"href":"https:\/\/sbt.ug.edu.pl\/pl\/wp-json\/wp\/v2\/pages\/174"}],"wp:attachment":[{"href":"https:\/\/sbt.ug.edu.pl\/pl\/wp-json\/wp\/v2\/media?parent=505"}],"wp:term":[{"taxonomy":"category","embeddable":true,"href":"https:\/\/sbt.ug.edu.pl\/pl\/wp-json\/wp\/v2\/categories?post=505"},{"taxonomy":"post_tag","embeddable":true,"href":"https:\/\/sbt.ug.edu.pl\/pl\/wp-json\/wp\/v2\/tags?post=505"}],"curies":[{"name":"wp","href":"https:\/\/api.w.org\/{rel}","templated":true}]}}