{"id":507,"date":"2018-12-06T10:42:44","date_gmt":"2018-12-06T09:42:44","guid":{"rendered":"http:\/\/southbaltic-tourist.eu\/?page_id=507"},"modified":"2021-06-23T15:45:27","modified_gmt":"2021-06-23T14:45:27","slug":"15-oland-island-biking","status":"publish","type":"page","link":"https:\/\/sbt.ug.edu.pl\/pl\/routes\/windsurfing-exploration\/15-oland-island-biking\/","title":{"rendered":"15. ROWEREM PO OLANDII"},"content":{"rendered":"<p><\/p>\n<p style=\"text-align: justify;\"><strong>LOKALIZACJA<\/strong><\/p>\n<p style=\"text-align: justify;\">Wyspa Olandia znajduje si\u0119 w po\u0142udniowo-wschodniej Szwecji, na wybrze\u017cu prowincji Smalandia. Wyspa jest po\u0142\u0105czona z l\u0105dem mostem o d\u0142ugo\u015bci 6 km. Spot surfingowy zlokalizowany jest przy pla\u017cy w miejscowo\u015bci M\u00f6rbyl\u00e5nga w po\u0142udniowej cz\u0119\u015bci wyspy. Najbli\u017csze lotnisko znajduje si\u0119 w Kalmarze, a najbli\u017csze po\u0142\u0105czenia promowe zlokalizowane s\u0105 oko\u0142o 200 km od wyspy \u2013 promy kursuj\u0105 z Polski (Gdynia-Karlskrona i \u015awinouj\u015bcie &#8211; Ystad), Litwy (K\u0142ajpeda &#8211; Karlshamn) i Niemiec (Sassnitz-Trelleborg). Lokalizacja pla\u017cy w miejscowo\u015bci M\u00f6rbyl\u00e5nga: 56\u00b031\u2032N 16\u00b023\u2032E.<\/p>\n<p style=\"text-align: justify;\" align=\"JUSTIFY\"><img decoding=\"async\" loading=\"lazy\" class=\"alignleft wp-image-1559\" src=\"https:\/\/southbaltic-tourist.eu\/wp-content\/uploads\/2019\/07\/1.-Traditional-Windmills-in-Oland-R2.A15..jpg\" alt=\"\" width=\"600\" height=\"400\" srcset=\"https:\/\/sbt.ug.edu.pl\/wp-content\/uploads\/2019\/07\/1.-Traditional-Windmills-in-Oland-R2.A15..jpg 1600w, https:\/\/sbt.ug.edu.pl\/wp-content\/uploads\/2019\/07\/1.-Traditional-Windmills-in-Oland-R2.A15.-300x200.jpg 300w, https:\/\/sbt.ug.edu.pl\/wp-content\/uploads\/2019\/07\/1.-Traditional-Windmills-in-Oland-R2.A15.-768x512.jpg 768w, https:\/\/sbt.ug.edu.pl\/wp-content\/uploads\/2019\/07\/1.-Traditional-Windmills-in-Oland-R2.A15.-1024x683.jpg 1024w, https:\/\/sbt.ug.edu.pl\/wp-content\/uploads\/2019\/07\/1.-Traditional-Windmills-in-Oland-R2.A15.-150x100.jpg 150w\" sizes=\"(max-width: 600px) 100vw, 600px\" \/><\/p>\n<p style=\"text-align: justify;\"><a href=\"https:\/\/southbaltic-tourist.eu\/wp-content\/uploads\/2020\/01\/r1a15_Oland_Island_Biking_square.png\" data-rel=\"lightbox-gallery-Je8fL2O8\" data-rl_title=\"\" data-rl_caption=\"\" title=\"\"><img decoding=\"async\" loading=\"lazy\" class=\"alignnone wp-image-5150\" src=\"https:\/\/southbaltic-tourist.eu\/wp-content\/uploads\/2020\/01\/r1a15_Oland_Island_Biking_square-300x256.png\" alt=\"\" width=\"469\" height=\"400\" srcset=\"https:\/\/sbt.ug.edu.pl\/wp-content\/uploads\/2020\/01\/r1a15_Oland_Island_Biking_square-300x256.png 300w, https:\/\/sbt.ug.edu.pl\/wp-content\/uploads\/2020\/01\/r1a15_Oland_Island_Biking_square-1024x874.png 1024w, https:\/\/sbt.ug.edu.pl\/wp-content\/uploads\/2020\/01\/r1a15_Oland_Island_Biking_square-768x655.png 768w, https:\/\/sbt.ug.edu.pl\/wp-content\/uploads\/2020\/01\/r1a15_Oland_Island_Biking_square-1536x1310.png 1536w, https:\/\/sbt.ug.edu.pl\/wp-content\/uploads\/2020\/01\/r1a15_Oland_Island_Biking_square-150x128.png 150w, https:\/\/sbt.ug.edu.pl\/wp-content\/uploads\/2020\/01\/r1a15_Oland_Island_Biking_square.png 1600w\" sizes=\"(max-width: 469px) 100vw, 469px\" \/><\/a><\/p>\n<p style=\"text-align: justify;\"><a href=\"https:\/\/www.google.com\/maps\/place\/Olandia\/@56.6603346,16.3678483,11.25z\/data=!4m13!1m7!3m6!1s0x46524a9ffa99f2b7:0x9fca7e0e1fdf104e!2sVen!3b1!8m2!3d55.9124661!4d12.6915966!3m4!1s0x46f878f635aa5b57:0x4a8d953c2ace7c35!8m2!3d56.6649062!4d16.6365623\" target=\"_blank\" rel=\"noopener noreferrer\">View on Google Maps<\/a><\/p>\n<p style=\"text-align: justify;\"><strong>ROWEREM PO OLANDII <\/strong><\/p>\n<p style=\"text-align: justify;\">Najlepsza trasa z miejscowo\u015bci M\u00f6rbyl\u00e5nga prowadzi po zachodniej stronie wyspy, do Borgholmu &#8211; stolicy Olandii. Pocz\u0105tek trasy znajduje si\u0119 w kempingu Haga Park, sk\u0105d \u00a0prowadzi na p\u00f3\u0142noc w pobli\u017cu wybrze\u017ca. Po kilku kilometrach dociera do F\u00e4rjestaden &#8211; portu prom\u00f3w rowerowych do Kalmaru, a nast\u0119pnie biegnie przez most i na p\u00f3\u0142noc do miejscowo\u015bci Ralla. Trasa ko\u0144czy si\u0119 w Borgholmie, gdzie znajduj\u0105 si\u0119 ruiny starego zamku oraz rezydencja obecnego kr\u00f3la Szwecji. Droga powrotna prowadzi z kolei przez wschodni\u0105 cz\u0119\u015b\u0107 wyspy i pozwala zobaczy\u0107 kilka r\u00f3wnin oraz Stora Alvaret.<\/p>\n<p style=\"text-align: justify;\"><strong>ATRAKCJE<\/strong><\/p>\n<p style=\"text-align: justify;\">Olandia oferuje wiele atrakcji, kt\u00f3re mog\u0105 wzbogaci\u0107 pobyt na wyspie. Najwi\u0119ksz\u0105 jest odwiedzenie Stora Alvaret &#8211; wapiennej r\u00f3wniny bogatej w skamienia\u0142o\u015bci morskie, kt\u00f3ra powsta\u0142a 500 milion\u00f3w lat temu, powoli wyp\u0142ywaj\u0105c z Morza Ba\u0142tyckiego po topnieniu lodowc\u00f3w. W przesz\u0142o\u015bci wyspa by\u0142a domem dla prehistorycznych ludzi. Najlepiej zbadanym obszarem prehistorycznych miejsc poch\u00f3wku jest wioska Gettlinge Gravefield. W Olandii znajduje si\u0119 tak\u017ce wiele ko\u015bcio\u0142\u00f3w i zamk\u00f3w, w tym obecna szwedzka rezydencja kr\u00f3lewska. Wyspa jest idealnym miejscem, w kt\u00f3rym korzystanie z szerokich, d\u0142ugich bia\u0142ych pla\u017c na wschodnim wybrze\u017cu po\u0142\u0105czy\u0107 mo\u017cna z rowerowymi wycieczkami i zwiedzaniem.<\/p>\n<div class=\"rl-gallery-container rl-loading\" id=\"rl-gallery-container-3\" data-gallery_id=\"1558\"> <div class=\"rl-gallery rl-basicgrid-gallery \" id=\"rl-gallery-3\" data-gallery_no=\"3\"> <div class=\"rl-gallery-item\"><a href=\"https:\/\/sbt.ug.edu.pl\/wp-content\/uploads\/2019\/07\/1.-Traditional-Windmills-in-Oland-R2.A15..jpg\" title=\"1. Traditional Windmills in Oland, R2.A15.\" data-rl_title=\"1. Traditional Windmills in Oland, R2.A15.\" class=\"rl-gallery-link\" data-rl_caption=\"\" data-rel=\"lightbox-gallery-3\"><img src=\"https:\/\/sbt.ug.edu.pl\/wp-content\/uploads\/2019\/07\/1.-Traditional-Windmills-in-Oland-R2.A15.-768x512.jpg\" width=\"640\" height=\"427\" alt=\"\" \/><\/a><\/div><div class=\"rl-gallery-item\"><a href=\"https:\/\/sbt.ug.edu.pl\/wp-content\/uploads\/2019\/07\/2.-Stora-Alvaret-info-point-R2A15..jpg\" title=\"2. Stora Alvaret info point, R2A15.\" data-rl_title=\"2. Stora Alvaret info point, R2A15.\" class=\"rl-gallery-link\" data-rl_caption=\"\" data-rel=\"lightbox-gallery-3\"><img src=\"https:\/\/sbt.ug.edu.pl\/wp-content\/uploads\/2019\/07\/2.-Stora-Alvaret-info-point-R2A15.-768x512.jpg\" width=\"640\" height=\"427\" alt=\"\" \/><\/a><\/div><div class=\"rl-gallery-item\"><a href=\"https:\/\/sbt.ug.edu.pl\/wp-content\/uploads\/2019\/07\/3.-Approaching-Stora-Alvaret-R2.A15..jpg\" title=\"3. Approaching Stora Alvaret, R2.A15.\" data-rl_title=\"3. Approaching Stora Alvaret, R2.A15.\" class=\"rl-gallery-link\" data-rl_caption=\"\" data-rel=\"lightbox-gallery-3\"><img src=\"https:\/\/sbt.ug.edu.pl\/wp-content\/uploads\/2019\/07\/3.-Approaching-Stora-Alvaret-R2.A15.-768x512.jpg\" width=\"640\" height=\"427\" alt=\"\" \/><\/a><\/div><div class=\"rl-gallery-item\"><a href=\"https:\/\/sbt.ug.edu.pl\/wp-content\/uploads\/2019\/07\/4.-Stora-Alvaret-typical-landscape-R2.A15..jpg\" title=\"4. Stora Alvaret typical landscape, R2.A15.\" data-rl_title=\"4. Stora Alvaret typical landscape, R2.A15.\" class=\"rl-gallery-link\" data-rl_caption=\"\" data-rel=\"lightbox-gallery-3\"><img src=\"https:\/\/sbt.ug.edu.pl\/wp-content\/uploads\/2019\/07\/4.-Stora-Alvaret-typical-landscape-R2.A15.-768x512.jpg\" width=\"640\" height=\"427\" alt=\"\" \/><\/a><\/div><div class=\"rl-gallery-item\"><a href=\"https:\/\/sbt.ug.edu.pl\/wp-content\/uploads\/2019\/07\/5.-Stora-Alvaret-plants-R2.A15..jpg\" title=\"5. Stora Alvaret plants, R2.A15.\" data-rl_title=\"5. Stora Alvaret plants, R2.A15.\" class=\"rl-gallery-link\" data-rl_caption=\"\" data-rel=\"lightbox-gallery-3\"><img src=\"https:\/\/sbt.ug.edu.pl\/wp-content\/uploads\/2019\/07\/5.-Stora-Alvaret-plants-R2.A15.-768x512.jpg\" width=\"640\" height=\"427\" alt=\"\" \/><\/a><\/div><div class=\"rl-gallery-item\"><a href=\"https:\/\/sbt.ug.edu.pl\/wp-content\/uploads\/2019\/07\/6.-Stora-Alvaret-landscape-R2A15..jpg\" title=\"6. Stora Alvaret landscape, R2A15.\" data-rl_title=\"6. Stora Alvaret landscape, R2A15.\" class=\"rl-gallery-link\" data-rl_caption=\"\" data-rel=\"lightbox-gallery-3\"><img src=\"https:\/\/sbt.ug.edu.pl\/wp-content\/uploads\/2019\/07\/6.-Stora-Alvaret-landscape-R2A15.-768x512.jpg\" width=\"640\" height=\"427\" alt=\"\" \/><\/a><\/div><div class=\"rl-gallery-item\"><a href=\"https:\/\/sbt.ug.edu.pl\/wp-content\/uploads\/2019\/07\/7.-Stora-Alvaret-dry-plants-R2.A15..jpg\" title=\"7. Stora Alvaret dry plants, R2.A15.\" data-rl_title=\"7. Stora Alvaret dry plants, R2.A15.\" class=\"rl-gallery-link\" data-rl_caption=\"\" data-rel=\"lightbox-gallery-3\"><img src=\"https:\/\/sbt.ug.edu.pl\/wp-content\/uploads\/2019\/07\/7.-Stora-Alvaret-dry-plants-R2.A15.-768x512.jpg\" width=\"640\" height=\"427\" alt=\"\" \/><\/a><\/div><div class=\"rl-gallery-item\"><a href=\"https:\/\/sbt.ug.edu.pl\/wp-content\/uploads\/2019\/07\/8.-Stora-Alvaret-landscape-R2.A15..jpg\" title=\"8. Stora Alvaret landscape, R2.A15.\" data-rl_title=\"8. Stora Alvaret landscape, R2.A15.\" class=\"rl-gallery-link\" data-rl_caption=\"\" data-rel=\"lightbox-gallery-3\"><img src=\"https:\/\/sbt.ug.edu.pl\/wp-content\/uploads\/2019\/07\/8.-Stora-Alvaret-landscape-R2.A15.-768x512.jpg\" width=\"640\" height=\"427\" alt=\"\" \/><\/a><\/div><div class=\"rl-gallery-item\"><a href=\"https:\/\/sbt.ug.edu.pl\/wp-content\/uploads\/2019\/07\/9.-Blue-berries-in-Oland-R2.A15..jpg\" title=\"9. Blue berries in Oland, R2.A15.\" data-rl_title=\"9. Blue berries in Oland, R2.A15.\" class=\"rl-gallery-link\" data-rl_caption=\"\" data-rel=\"lightbox-gallery-3\"><img src=\"https:\/\/sbt.ug.edu.pl\/wp-content\/uploads\/2019\/07\/9.-Blue-berries-in-Oland-R2.A15.-768x512.jpg\" width=\"640\" height=\"427\" alt=\"\" \/><\/a><\/div><div class=\"rl-gallery-item\"><a href=\"https:\/\/sbt.ug.edu.pl\/wp-content\/uploads\/2019\/07\/10.-Stora-Alvaret-landscape-R2.A15..jpg\" title=\"10. Stora Alvaret landscape, R2.A15.\" data-rl_title=\"10. Stora Alvaret landscape, R2.A15.\" class=\"rl-gallery-link\" data-rl_caption=\"\" data-rel=\"lightbox-gallery-3\"><img src=\"https:\/\/sbt.ug.edu.pl\/wp-content\/uploads\/2019\/07\/10.-Stora-Alvaret-landscape-R2.A15.-768x512.jpg\" width=\"640\" height=\"427\" alt=\"\" \/><\/a><\/div><div class=\"rl-gallery-item\"><a href=\"https:\/\/sbt.ug.edu.pl\/wp-content\/uploads\/2019\/07\/11.-Stora-Alvaret-landscape-R2.A15..jpg\" title=\"11. Stora Alvaret landscape, R2.A15.\" data-rl_title=\"11. Stora Alvaret landscape, R2.A15.\" class=\"rl-gallery-link\" data-rl_caption=\"\" data-rel=\"lightbox-gallery-3\"><img src=\"https:\/\/sbt.ug.edu.pl\/wp-content\/uploads\/2019\/07\/11.-Stora-Alvaret-landscape-R2.A15.-768x512.jpg\" width=\"640\" height=\"427\" alt=\"\" \/><\/a><\/div><div class=\"rl-gallery-item\"><a href=\"https:\/\/sbt.ug.edu.pl\/wp-content\/uploads\/2019\/07\/12.-Lighthouse-in-Oland-R2.A15..jpg\" title=\"12. Lighthouse in Oland, R2.A15.\" data-rl_title=\"12. Lighthouse in Oland, R2.A15.\" class=\"rl-gallery-link\" data-rl_caption=\"\" data-rel=\"lightbox-gallery-3\"><img src=\"https:\/\/sbt.ug.edu.pl\/wp-content\/uploads\/2019\/07\/12.-Lighthouse-in-Oland-R2.A15.-768x512.jpg\" width=\"640\" height=\"427\" alt=\"\" \/><\/a><\/div><div class=\"rl-gallery-item\"><a href=\"https:\/\/sbt.ug.edu.pl\/wp-content\/uploads\/2019\/07\/13.-Oland-coast-R2.A15..jpg\" title=\"13. Oland coast, R2.A15.\" data-rl_title=\"13. Oland coast, R2.A15.\" class=\"rl-gallery-link\" data-rl_caption=\"\" data-rel=\"lightbox-gallery-3\"><img src=\"https:\/\/sbt.ug.edu.pl\/wp-content\/uploads\/2019\/07\/13.-Oland-coast-R2.A15.-768x512.jpg\" width=\"640\" height=\"427\" alt=\"\" \/><\/a><\/div><div class=\"rl-gallery-item\"><a href=\"https:\/\/sbt.ug.edu.pl\/wp-content\/uploads\/2019\/07\/14.-Oland-coast-R2.A15..jpg\" title=\"14. Oland coast, R2.A15.\" data-rl_title=\"14. Oland coast, R2.A15.\" class=\"rl-gallery-link\" data-rl_caption=\"\" data-rel=\"lightbox-gallery-3\"><img src=\"https:\/\/sbt.ug.edu.pl\/wp-content\/uploads\/2019\/07\/14.-Oland-coast-R2.A15.-768x512.jpg\" width=\"640\" height=\"427\" alt=\"\" \/><\/a><\/div><div class=\"rl-gallery-item\"><a href=\"https:\/\/sbt.ug.edu.pl\/wp-content\/uploads\/2019\/07\/15.-Oland-lighthouse-view-R2.A15..jpg\" title=\"15. Oland lighthouse view, R2.A15.\" data-rl_title=\"15. Oland lighthouse view, R2.A15.\" class=\"rl-gallery-link\" data-rl_caption=\"\" data-rel=\"lightbox-gallery-3\"><img src=\"https:\/\/sbt.ug.edu.pl\/wp-content\/uploads\/2019\/07\/15.-Oland-lighthouse-view-R2.A15.-768x512.jpg\" width=\"640\" height=\"427\" alt=\"\" \/><\/a><\/div><div class=\"rl-gallery-item\"><a href=\"https:\/\/sbt.ug.edu.pl\/wp-content\/uploads\/2019\/07\/16.-Surfing-center-in-Oland-R2.A15..jpg\" title=\"16. Surfing center in Oland, R2.A15.\" data-rl_title=\"16. Surfing center in Oland, R2.A15.\" class=\"rl-gallery-link\" data-rl_caption=\"\" data-rel=\"lightbox-gallery-3\"><img src=\"https:\/\/sbt.ug.edu.pl\/wp-content\/uploads\/2019\/07\/16.-Surfing-center-in-Oland-R2.A15.-768x512.jpg\" width=\"640\" height=\"427\" alt=\"\" \/><\/a><\/div><div class=\"rl-gallery-item\"><a href=\"https:\/\/sbt.ug.edu.pl\/wp-content\/uploads\/2019\/07\/17.-Surfing-equipment-R2.A15..jpg\" title=\"17. Surfing equipment, R2.A15.\" data-rl_title=\"17. Surfing equipment, R2.A15.\" class=\"rl-gallery-link\" data-rl_caption=\"\" data-rel=\"lightbox-gallery-3\"><img src=\"https:\/\/sbt.ug.edu.pl\/wp-content\/uploads\/2019\/07\/17.-Surfing-equipment-R2.A15.-768x512.jpg\" width=\"640\" height=\"427\" alt=\"\" \/><\/a><\/div><div class=\"rl-gallery-item\"><a href=\"https:\/\/sbt.ug.edu.pl\/wp-content\/uploads\/2019\/07\/18.-Kalmar-Castle-R2.A15..jpg\" title=\"18. Kalmar Castle, R2.A15.\" data-rl_title=\"18. Kalmar Castle, R2.A15.\" class=\"rl-gallery-link\" data-rl_caption=\"\" data-rel=\"lightbox-gallery-3\"><img src=\"https:\/\/sbt.ug.edu.pl\/wp-content\/uploads\/2019\/07\/18.-Kalmar-Castle-R2.A15.-768x512.jpg\" width=\"640\" height=\"427\" alt=\"\" \/><\/a><\/div><div class=\"rl-gallery-item\"><a href=\"https:\/\/sbt.ug.edu.pl\/wp-content\/uploads\/2019\/07\/19.-Oland-bike-trail-sign-R2.A15..jpg\" title=\"19. Oland bike trail sign, R2.A15.\" data-rl_title=\"19. Oland bike trail sign, R2.A15.\" class=\"rl-gallery-link\" data-rl_caption=\"\" data-rel=\"lightbox-gallery-3\"><img src=\"https:\/\/sbt.ug.edu.pl\/wp-content\/uploads\/2019\/07\/19.-Oland-bike-trail-sign-R2.A15..jpg\" width=\"640\" height=\"640\" alt=\"\" \/><\/a><\/div> <\/div> <\/div>\n<p style=\"text-align: justify;\">\n<p><\/p>","protected":false},"excerpt":{"rendered":"<p>LOKALIZACJA Wyspa Olandia znajduje si\u0119 w po\u0142udniowo-wschodniej Szwecji, na wybrze\u017cu prowincji Smalandia. Wyspa jest po\u0142\u0105czona z l\u0105dem mostem o d\u0142ugo\u015bci 6 km. Spot surfingowy zlokalizowany jest przy pla\u017cy w miejscowo\u015bci M\u00f6rbyl\u00e5nga w po\u0142udniowej cz\u0119\u015bci wyspy. Najbli\u017csze lotnisko znajduje si\u0119 w Kalmarze, a najbli\u017csze po\u0142\u0105czenia promowe zlokalizowane s\u0105 oko\u0142o 200 km od wyspy \u2013 promy kursuj\u0105 [&hellip;]<\/p>\n","protected":false},"author":3,"featured_media":0,"parent":174,"menu_order":0,"comment_status":"closed","ping_status":"closed","template":"","meta":[],"categories":[34,13,9],"tags":[],"_links":{"self":[{"href":"https:\/\/sbt.ug.edu.pl\/pl\/wp-json\/wp\/v2\/pages\/507"}],"collection":[{"href":"https:\/\/sbt.ug.edu.pl\/pl\/wp-json\/wp\/v2\/pages"}],"about":[{"href":"https:\/\/sbt.ug.edu.pl\/pl\/wp-json\/wp\/v2\/types\/page"}],"author":[{"embeddable":true,"href":"https:\/\/sbt.ug.edu.pl\/pl\/wp-json\/wp\/v2\/users\/3"}],"replies":[{"embeddable":true,"href":"https:\/\/sbt.ug.edu.pl\/pl\/wp-json\/wp\/v2\/comments?post=507"}],"version-history":[{"count":11,"href":"https:\/\/sbt.ug.edu.pl\/pl\/wp-json\/wp\/v2\/pages\/507\/revisions"}],"predecessor-version":[{"id":5843,"href":"https:\/\/sbt.ug.edu.pl\/pl\/wp-json\/wp\/v2\/pages\/507\/revisions\/5843"}],"up":[{"embeddable":true,"href":"https:\/\/sbt.ug.edu.pl\/pl\/wp-json\/wp\/v2\/pages\/174"}],"wp:attachment":[{"href":"https:\/\/sbt.ug.edu.pl\/pl\/wp-json\/wp\/v2\/media?parent=507"}],"wp:term":[{"taxonomy":"category","embeddable":true,"href":"https:\/\/sbt.ug.edu.pl\/pl\/wp-json\/wp\/v2\/categories?post=507"},{"taxonomy":"post_tag","embeddable":true,"href":"https:\/\/sbt.ug.edu.pl\/pl\/wp-json\/wp\/v2\/tags?post=507"}],"curies":[{"name":"wp","href":"https:\/\/api.w.org\/{rel}","templated":true}]}}