{"id":509,"date":"2018-12-06T10:44:24","date_gmt":"2018-12-06T09:44:24","guid":{"rendered":"http:\/\/southbaltic-tourist.eu\/?page_id=509"},"modified":"2021-06-23T15:47:23","modified_gmt":"2021-06-23T14:47:23","slug":"16-palanga-wind-kite-surfing-hotspots","status":"publish","type":"page","link":"https:\/\/sbt.ug.edu.pl\/pl\/routes\/windsurfing-exploration\/16-palanga-wind-kite-surfing-hotspots\/","title":{"rendered":"16. Palanga wind &#038; kite surfing Hotspots"},"content":{"rendered":"<p><span style=\"font-family: Segoe UI, serif;\"><span style=\"font-size: medium;\"><span lang=\"en-US\"><b>LOCATION<\/b><\/span><\/span><\/span><\/p>\n<p class=\"western\" align=\"JUSTIFY\"><span style=\"font-family: Segoe UI, serif;\"><span style=\"font-size: medium;\"><span lang=\"en-US\">Palanga is located on the northern part of the Lithuanian Baltic coast 30 km from Klaipeda. The exact location of the wind and kite surfing spots is on the is north to the town (nearby Kunigiskes and Monci\u0161k\u0117s Beaches). Palanga is located 320 kms from Vilnius, 280 kms from Riga and 170 kms from Kalingrad. Palanga- Gda\u0144sk distance is 620 kms surrounding Russian Kaliningrad Region and 330 kms though the region (it includes ferry to Curonian Spit and 2 ex-EU border crossings). Klaipeda has hot two ferry connections: Kiel- Klaipeda (from Germany) and Karlshamn \u2013 Klaipeda (from Sweden). Palanga has got its own regional airport. Geographical location of Palanga: <\/span><\/span><\/span><span style=\"font-family: Segoe UI, serif;\"><span style=\"font-size: medium;\"><span lang=\"en-US\">55\u00b055\u2032N<\/span><\/span><\/span><span style=\"font-family: Segoe UI, serif;\"><span style=\"font-size: medium;\"><span lang=\"en-US\">\u00a021<\/span><\/span><\/span><span style=\"font-family: Segoe UI, serif;\"><span style=\"font-size: medium;\"><span lang=\"en-US\">\u00b004\u2032E.<\/span><\/span><\/span><\/p>\n<p align=\"JUSTIFY\"><img decoding=\"async\" loading=\"lazy\" class=\"alignleft wp-image-1584\" src=\"https:\/\/southbaltic-tourist.eu\/wp-content\/uploads\/2019\/07\/1.-Palanga-Beach-R2.A16..jpg\" alt=\"\" width=\"600\" height=\"400\" srcset=\"https:\/\/sbt.ug.edu.pl\/wp-content\/uploads\/2019\/07\/1.-Palanga-Beach-R2.A16..jpg 1600w, https:\/\/sbt.ug.edu.pl\/wp-content\/uploads\/2019\/07\/1.-Palanga-Beach-R2.A16.-300x200.jpg 300w, https:\/\/sbt.ug.edu.pl\/wp-content\/uploads\/2019\/07\/1.-Palanga-Beach-R2.A16.-768x512.jpg 768w, https:\/\/sbt.ug.edu.pl\/wp-content\/uploads\/2019\/07\/1.-Palanga-Beach-R2.A16.-1024x683.jpg 1024w, https:\/\/sbt.ug.edu.pl\/wp-content\/uploads\/2019\/07\/1.-Palanga-Beach-R2.A16.-150x100.jpg 150w\" sizes=\"(max-width: 600px) 100vw, 600px\" \/><\/p>\n<p align=\"JUSTIFY\"><a href=\"https:\/\/southbaltic-tourist.eu\/wp-content\/uploads\/2020\/01\/r1a16_Palanga_Surfing_square.png\" data-rel=\"lightbox-gallery-lWvfjdpH\" data-rl_title=\"\" data-rl_caption=\"\" title=\"\"><img decoding=\"async\" loading=\"lazy\" class=\"alignnone wp-image-5155\" src=\"https:\/\/southbaltic-tourist.eu\/wp-content\/uploads\/2020\/01\/r1a16_Palanga_Surfing_square-300x256.png\" alt=\"\" width=\"469\" height=\"400\" srcset=\"https:\/\/sbt.ug.edu.pl\/wp-content\/uploads\/2020\/01\/r1a16_Palanga_Surfing_square-300x256.png 300w, https:\/\/sbt.ug.edu.pl\/wp-content\/uploads\/2020\/01\/r1a16_Palanga_Surfing_square-1024x874.png 1024w, https:\/\/sbt.ug.edu.pl\/wp-content\/uploads\/2020\/01\/r1a16_Palanga_Surfing_square-768x655.png 768w, https:\/\/sbt.ug.edu.pl\/wp-content\/uploads\/2020\/01\/r1a16_Palanga_Surfing_square-1536x1310.png 1536w, https:\/\/sbt.ug.edu.pl\/wp-content\/uploads\/2020\/01\/r1a16_Palanga_Surfing_square-150x128.png 150w, https:\/\/sbt.ug.edu.pl\/wp-content\/uploads\/2020\/01\/r1a16_Palanga_Surfing_square.png 1600w\" sizes=\"(max-width: 469px) 100vw, 469px\" \/><\/a><\/p>\n<p align=\"JUSTIFY\"><a href=\"https:\/\/www.google.com\/maps\/place\/Po%C5%82%C4%85ga,+Litwa\/@55.9660677,20.9541976,11z\/data=!3m1!4b1!4m5!3m4!1s0x46e5293217c7cec3:0x604cbaa99f7d399!8m2!3d55.920198!4d21.0677614\" target=\"_blank\" rel=\"noopener noreferrer\">View on Google Maps<\/a><\/p>\n<p align=\"JUSTIFY\"><span style=\"font-family: Segoe UI, serif;\"><span style=\"font-size: medium;\"><span lang=\"en-US\"><b>PALANGA SURFING HOTSPOTS <\/b><\/span><\/span><\/span><\/p>\n<p align=\"JUSTIFY\"><span style=\"font-family: Segoe UI, serif;\"><span style=\"font-size: medium;\"><span lang=\"en-US\">In the most of the summertime the Palanga Beach is very crowded so wind and kite surfing spots are located a couple km north to the main beach, a bit aside but still a walking distance to the city. The spots are close to the broad sandy beach, waters are relatively shallow, bottom is sandy the wind direction typically is north west. Offshore winds blow from the east. The places are good both for beginners and advanced kite and wind surfers. Local surfing schools assure the education for beginners. The place is very popular for surf camps organizing, especially for youth and families in the summertime.<\/span><\/span><\/span><\/p>\n<p align=\"JUSTIFY\"><span style=\"font-size: medium;\"><span lang=\"en-US\"><b>ATTRACTIONS <\/b><\/span><\/span><\/p>\n<p align=\"JUSTIFY\"><a name=\"_GoBack\"><\/a> <span style=\"font-size: medium;\"><span lang=\"en-US\">Palanga and the nearby Klaipeda are popular coastal cities with two different characters. Main attractions of Palanga include: sea pier, long broad sandy beaches, culinary attractions, different working fountains, cultural events, unusual museums (of dogs, of illusions). Palanga is a resort town with relaxing atmosphere, but crowded in top season (July-August). Klaipeda is a Hanseatic city, huge Baltic Sea port, host of universities with typical big city attractions like museums, culture centers etc. Nearby is the Curonian Spit which is a National Park with enormous dunes, long broad beaches and places for sun bathing. Tourist can observe birds and wild animals (deer). Cycling is a good option for sightseeing the regions and bikes can enjoy a network of bike roads.<\/span><\/span><\/p>\n<p>&nbsp;<\/p>\n<p><div class=\"rl-gallery-container rl-loading\" id=\"rl-gallery-container-3\" data-gallery_id=\"1583\"> <div class=\"rl-gallery rl-basicgrid-gallery \" id=\"rl-gallery-3\" data-gallery_no=\"3\"> <div class=\"rl-gallery-item\"><a href=\"https:\/\/sbt.ug.edu.pl\/wp-content\/uploads\/2019\/07\/1.-Palanga-Beach-R2.A16..jpg\" title=\"1. Palanga Beach, R2.A16.\" data-rl_title=\"1. Palanga Beach, R2.A16.\" class=\"rl-gallery-link\" data-rl_caption=\"\" data-rel=\"lightbox-gallery-3\"><img src=\"https:\/\/sbt.ug.edu.pl\/wp-content\/uploads\/2019\/07\/1.-Palanga-Beach-R2.A16.-768x512.jpg\" width=\"640\" height=\"427\" alt=\"\" \/><\/a><\/div><div class=\"rl-gallery-item\"><a href=\"https:\/\/sbt.ug.edu.pl\/wp-content\/uploads\/2019\/07\/2.-Baltic-Sea-at-Palanga-R2.A16.jpg\" title=\"2. Baltic Sea at Palanga, R2.A16\" data-rl_title=\"2. Baltic Sea at Palanga, R2.A16\" class=\"rl-gallery-link\" data-rl_caption=\"\" data-rel=\"lightbox-gallery-3\"><img src=\"https:\/\/sbt.ug.edu.pl\/wp-content\/uploads\/2019\/07\/2.-Baltic-Sea-at-Palanga-R2.A16-768x512.jpg\" width=\"640\" height=\"427\" alt=\"\" \/><\/a><\/div><div class=\"rl-gallery-item\"><a href=\"https:\/\/sbt.ug.edu.pl\/wp-content\/uploads\/2019\/07\/3.-Baltic-Coast-at-Palanga-R2.A16..jpg\" title=\"3. Baltic Coast at Palanga, R2.A16.\" data-rl_title=\"3. Baltic Coast at Palanga, R2.A16.\" class=\"rl-gallery-link\" data-rl_caption=\"\" data-rel=\"lightbox-gallery-3\"><img src=\"https:\/\/sbt.ug.edu.pl\/wp-content\/uploads\/2019\/07\/3.-Baltic-Coast-at-Palanga-R2.A16.-768x576.jpg\" width=\"640\" height=\"480\" alt=\"\" \/><\/a><\/div><div class=\"rl-gallery-item\"><a href=\"https:\/\/sbt.ug.edu.pl\/wp-content\/uploads\/2019\/07\/4.-Baltic-Coast-at-Palanga-R2.A16..jpg\" title=\"4. Baltic Coast at Palanga, R2.A16.\" data-rl_title=\"4. Baltic Coast at Palanga, R2.A16.\" class=\"rl-gallery-link\" data-rl_caption=\"\" data-rel=\"lightbox-gallery-3\"><img src=\"https:\/\/sbt.ug.edu.pl\/wp-content\/uploads\/2019\/07\/4.-Baltic-Coast-at-Palanga-R2.A16.-768x576.jpg\" width=\"640\" height=\"480\" alt=\"\" \/><\/a><\/div><div class=\"rl-gallery-item\"><a href=\"https:\/\/sbt.ug.edu.pl\/wp-content\/uploads\/2019\/07\/5.-Palanga-pier-R2.A16..jpg\" title=\"5. Palanga pier, R2.A16.\" data-rl_title=\"5. Palanga pier, R2.A16.\" class=\"rl-gallery-link\" data-rl_caption=\"\" data-rel=\"lightbox-gallery-3\"><img src=\"https:\/\/sbt.ug.edu.pl\/wp-content\/uploads\/2019\/07\/5.-Palanga-pier-R2.A16.-768x512.jpg\" width=\"640\" height=\"427\" alt=\"\" \/><\/a><\/div><div class=\"rl-gallery-item\"><a href=\"https:\/\/sbt.ug.edu.pl\/wp-content\/uploads\/2019\/07\/6.-Palanga-recreation-area-R2.A16..jpg\" title=\"6. Palanga recreation area, R2.A16.\" data-rl_title=\"6. Palanga recreation area, R2.A16.\" class=\"rl-gallery-link\" data-rl_caption=\"\" data-rel=\"lightbox-gallery-3\"><img src=\"https:\/\/sbt.ug.edu.pl\/wp-content\/uploads\/2019\/07\/6.-Palanga-recreation-area-R2.A16.-768x512.jpg\" width=\"640\" height=\"427\" alt=\"\" \/><\/a><\/div><div class=\"rl-gallery-item\"><a href=\"https:\/\/sbt.ug.edu.pl\/wp-content\/uploads\/2019\/07\/7.-Palanga-Amber-Museum-R2.A16..jpg\" title=\"7. Palanga Amber Museum, R2.A16.\" data-rl_title=\"7. Palanga Amber Museum, R2.A16.\" class=\"rl-gallery-link\" data-rl_caption=\"\" data-rel=\"lightbox-gallery-3\"><img src=\"https:\/\/sbt.ug.edu.pl\/wp-content\/uploads\/2019\/07\/7.-Palanga-Amber-Museum-R2.A16.-768x432.jpg\" width=\"640\" height=\"360\" alt=\"\" \/><\/a><\/div><div class=\"rl-gallery-item\"><a href=\"https:\/\/sbt.ug.edu.pl\/wp-content\/uploads\/2019\/07\/8.-Palanga-pier-at-sunset-R2.A16..jpg\" title=\"8. Palanga pier at sunset, R2.A16.\" data-rl_title=\"8. Palanga pier at sunset, R2.A16.\" class=\"rl-gallery-link\" data-rl_caption=\"\" data-rel=\"lightbox-gallery-3\"><img src=\"https:\/\/sbt.ug.edu.pl\/wp-content\/uploads\/2019\/07\/8.-Palanga-pier-at-sunset-R2.A16.-768x512.jpg\" width=\"640\" height=\"427\" alt=\"\" \/><\/a><\/div><div class=\"rl-gallery-item\"><a href=\"https:\/\/sbt.ug.edu.pl\/wp-content\/uploads\/2019\/07\/9.-Palanga-recreation-area-R2.A16.jpg\" title=\"9. Palanga recreation area, R2.A16\" data-rl_title=\"9. Palanga recreation area, R2.A16\" class=\"rl-gallery-link\" data-rl_caption=\"\" data-rel=\"lightbox-gallery-3\"><img src=\"https:\/\/sbt.ug.edu.pl\/wp-content\/uploads\/2019\/07\/9.-Palanga-recreation-area-R2.A16-768x512.jpg\" width=\"640\" height=\"427\" alt=\"\" \/><\/a><\/div><div class=\"rl-gallery-item\"><a href=\"https:\/\/sbt.ug.edu.pl\/wp-content\/uploads\/2019\/07\/10.-Palanga-promenade-R2.A16..jpg\" title=\"10. Palanga promenade, R2.A16.\" data-rl_title=\"10. Palanga promenade, R2.A16.\" class=\"rl-gallery-link\" data-rl_caption=\"\" data-rel=\"lightbox-gallery-3\"><img src=\"https:\/\/sbt.ug.edu.pl\/wp-content\/uploads\/2019\/07\/10.-Palanga-promenade-R2.A16.-768x509.jpg\" width=\"640\" height=\"424\" alt=\"\" \/><\/a><\/div> <\/div> <\/div><\/p>","protected":false},"excerpt":{"rendered":"<p>LOCATION Palanga is located on the northern part of the Lithuanian Baltic coast 30 km from Klaipeda. The exact location of the wind and kite surfing spots is on the is north to the town (nearby Kunigiskes and Monci\u0161k\u0117s Beaches). Palanga is located 320 kms from Vilnius, 280 kms from Riga and 170 kms from [&hellip;]<\/p>\n","protected":false},"author":3,"featured_media":0,"parent":174,"menu_order":0,"comment_status":"closed","ping_status":"closed","template":"","meta":[],"categories":[34,12,9],"tags":[],"_links":{"self":[{"href":"https:\/\/sbt.ug.edu.pl\/pl\/wp-json\/wp\/v2\/pages\/509"}],"collection":[{"href":"https:\/\/sbt.ug.edu.pl\/pl\/wp-json\/wp\/v2\/pages"}],"about":[{"href":"https:\/\/sbt.ug.edu.pl\/pl\/wp-json\/wp\/v2\/types\/page"}],"author":[{"embeddable":true,"href":"https:\/\/sbt.ug.edu.pl\/pl\/wp-json\/wp\/v2\/users\/3"}],"replies":[{"embeddable":true,"href":"https:\/\/sbt.ug.edu.pl\/pl\/wp-json\/wp\/v2\/comments?post=509"}],"version-history":[{"count":10,"href":"https:\/\/sbt.ug.edu.pl\/pl\/wp-json\/wp\/v2\/pages\/509\/revisions"}],"predecessor-version":[{"id":5844,"href":"https:\/\/sbt.ug.edu.pl\/pl\/wp-json\/wp\/v2\/pages\/509\/revisions\/5844"}],"up":[{"embeddable":true,"href":"https:\/\/sbt.ug.edu.pl\/pl\/wp-json\/wp\/v2\/pages\/174"}],"wp:attachment":[{"href":"https:\/\/sbt.ug.edu.pl\/pl\/wp-json\/wp\/v2\/media?parent=509"}],"wp:term":[{"taxonomy":"category","embeddable":true,"href":"https:\/\/sbt.ug.edu.pl\/pl\/wp-json\/wp\/v2\/categories?post=509"},{"taxonomy":"post_tag","embeddable":true,"href":"https:\/\/sbt.ug.edu.pl\/pl\/wp-json\/wp\/v2\/tags?post=509"}],"curies":[{"name":"wp","href":"https:\/\/api.w.org\/{rel}","templated":true}]}}