{"id":511,"date":"2018-12-06T10:46:53","date_gmt":"2018-12-06T09:46:53","guid":{"rendered":"http:\/\/southbaltic-tourist.eu\/?page_id=511"},"modified":"2021-06-23T15:48:58","modified_gmt":"2021-06-23T14:48:58","slug":"17-palanga-biking","status":"publish","type":"page","link":"https:\/\/sbt.ug.edu.pl\/pl\/routes\/windsurfing-exploration\/17-palanga-biking\/","title":{"rendered":"17. ROWEREM PO PALANDZE"},"content":{"rendered":"<p><\/p>\n<p style=\"text-align: justify;\"><strong>LOKALIZACJA<\/strong><\/p>\n<p style=\"text-align: justify;\">Palanga znajduje si\u0119 w p\u00f3\u0142nocnej cz\u0119\u015bci litewskiego wybrze\u017ca Ba\u0142tyku, oko\u0142o 30 km od K\u0142ajpedy. Miejsca windsurfingowe i kitesurfingowe znajduj\u0105 si\u0119 na p\u00f3\u0142noc od miasta (w pobli\u017cu pla\u017c Kunigiskes i Monci\u0161k\u0117s). Palanga zlokalizowana jest 320 km od Wilna, 280 km od Rygi i 170 km od Kaliningradu. Z kolei odleg\u0142o\u015b\u0107 mi\u0119dzy Palang\u0105 a Gda\u0144skiem wynosi 330 km, ale wi\u0105\u017ce si\u0119 z podr\u00f3\u017cowaniem przez rosyjski Obw\u00f3d Kaliningradzki (promem do Mierzei Kuro\u0144skiej) i dwukrotnym przekroczeniem granicy UE-Rosja. Turystom preferuj\u0105cym pozostanie na obszarze UE zaleca si\u0119 wybranie podr\u00f3\u017cy tu\u017c przy granicach Obwodu Kaliningradzkiego, co niestety wyd\u0142u\u017ca tras\u0119 nawet do 620 km. K\u0142ajpeda dysponuje dwoma po\u0142\u0105czeniami promowymi: Kiel-K\u0142ajpeda (z Niemiec) i Karlshamn-K\u0142ajpeda (ze Szwecji). W Palandze znajduje si\u0119 tak\u017ce regionalne lotnisko. Po\u0142o\u017cenie geograficzne Palangi: 55\u00b055\u2032N 21\u00b004\u2032E.<\/p>\n<p style=\"text-align: justify;\"><img decoding=\"async\" loading=\"lazy\" class=\"alignleft wp-image-1850\" src=\"https:\/\/southbaltic-tourist.eu\/wp-content\/uploads\/2019\/07\/1.-Palanga-Pier-R2.A17..jpg\" alt=\"\" width=\"600\" height=\"400\" srcset=\"https:\/\/sbt.ug.edu.pl\/wp-content\/uploads\/2019\/07\/1.-Palanga-Pier-R2.A17..jpg 1600w, https:\/\/sbt.ug.edu.pl\/wp-content\/uploads\/2019\/07\/1.-Palanga-Pier-R2.A17.-300x200.jpg 300w, https:\/\/sbt.ug.edu.pl\/wp-content\/uploads\/2019\/07\/1.-Palanga-Pier-R2.A17.-768x512.jpg 768w, https:\/\/sbt.ug.edu.pl\/wp-content\/uploads\/2019\/07\/1.-Palanga-Pier-R2.A17.-1024x683.jpg 1024w, https:\/\/sbt.ug.edu.pl\/wp-content\/uploads\/2019\/07\/1.-Palanga-Pier-R2.A17.-150x100.jpg 150w\" sizes=\"(max-width: 600px) 100vw, 600px\" \/><\/p>\n<p style=\"text-align: justify;\"><a href=\"https:\/\/southbaltic-tourist.eu\/wp-content\/uploads\/2020\/01\/r1a17_Palanga_Biking_square.png\" data-rel=\"lightbox-gallery-K41kDO4x\" data-rl_title=\"\" data-rl_caption=\"\" title=\"\"><img decoding=\"async\" loading=\"lazy\" class=\"alignnone wp-image-5159\" src=\"https:\/\/southbaltic-tourist.eu\/wp-content\/uploads\/2020\/01\/r1a17_Palanga_Biking_square-300x256.png\" alt=\"\" width=\"469\" height=\"400\" srcset=\"https:\/\/sbt.ug.edu.pl\/wp-content\/uploads\/2020\/01\/r1a17_Palanga_Biking_square-300x256.png 300w, https:\/\/sbt.ug.edu.pl\/wp-content\/uploads\/2020\/01\/r1a17_Palanga_Biking_square-1024x874.png 1024w, https:\/\/sbt.ug.edu.pl\/wp-content\/uploads\/2020\/01\/r1a17_Palanga_Biking_square-768x655.png 768w, https:\/\/sbt.ug.edu.pl\/wp-content\/uploads\/2020\/01\/r1a17_Palanga_Biking_square-1536x1310.png 1536w, https:\/\/sbt.ug.edu.pl\/wp-content\/uploads\/2020\/01\/r1a17_Palanga_Biking_square-150x128.png 150w, https:\/\/sbt.ug.edu.pl\/wp-content\/uploads\/2020\/01\/r1a17_Palanga_Biking_square.png 1600w\" sizes=\"(max-width: 469px) 100vw, 469px\" \/><\/a><\/p>\n<p style=\"text-align: justify;\"><a href=\"https:\/\/www.google.com\/maps\/place\/Po%C5%82%C4%85ga,+Litwa\/@55.9660677,20.9541976,11z\/data=!3m1!4b1!4m5!3m4!1s0x46e5293217c7cec3:0x604cbaa99f7d399!8m2!3d55.920198!4d21.0677614\" target=\"_blank\" rel=\"noopener noreferrer\">View on Google Maps<\/a><\/p>\n<p style=\"text-align: justify;\"><strong>PALANGA-K\u0141AJPEDA- ROWEROWY REGION<\/strong><\/p>\n<p style=\"text-align: justify;\">Wycieczk\u0119 rowerow\u0105 najlepiej rozpocz\u0105\u0107 na p\u00f3\u0142nocy Palangi. Trasa prowadzi przez miasto, parki, a nast\u0119pnie na po\u0142udnie &#8211; do wioski Vydmantai, gdzie znajduje si\u0119 farma wiatrowa Wind Park. Trasa biegnie tak\u017ce przez las sosnowy, dawn\u0105 stacj\u0119 ratownik\u00f3w w Nemirseta i jezioro Plaze. Nast\u0119pnie dociera do klif\u00f3w o d\u0142ugo\u015bci 1 km, znajduj\u0105cych si\u0119 pomi\u0119dzy wioskami Karkle i Giruliai. Zlokalizowany jest tam punkt widokowy \u201eDutchman&#8217;s Cap\u201d. Prawie ca\u0142a trasa rowerowa prowadzi przez Nadmorski Park Regionalny. Po dotarciu do K\u0142ajpedy skorzysta\u0107 mo\u017cna ju\u017c z wielu tras zar\u00f3wno docieraj\u0105cych do historycznego centrum miasta, jak i portu morskiego znajduj\u0105cego si\u0119 na drugim kra\u0144cu miejscowo\u015bci.<\/p>\n<p style=\"text-align: justify;\"><strong>ATRAKCJE<\/strong><\/p>\n<p style=\"text-align: justify;\">Palanga i pobliska K\u0142ajpeda to popularne nadmorskie miasta, kt\u00f3re bardzo si\u0119 od siebie r\u00f3\u017cni\u0105. Palanga jest miejscowo\u015bci\u0105 typowo wypoczynkow\u0105 z relaksuj\u0105c\u0105 atmosfer\u0105 (cho\u0107 w sezonie lipiec-sierpie\u0144 jest zat\u0142oczona). G\u0142\u00f3wnymi atrakcjami Palangi s\u0105 d\u0142ugie, szerokie i piaszczyste pla\u017ce, molo, liczne fontanny, imprezy kulturalne, lokale gastronomiczne i nietypowe muzea (na przyk\u0142ad po\u015bwi\u0119cone psom czy iluzjom). Z kolei K\u0142ajpeda jest miastem hanzeatyckim &#8211; ogromnym portem, w kt\u00f3rym zlokalizowane s\u0105 uniwersytety. Oferuje typowo miejskie atrakcje, takie jak muzea, centra kulturalne itp. W pobli\u017cu znajduje si\u0119 r\u00f3wnie\u017c Park Narodowy Mierzei Kuro\u0144skiej z ogromnymi wydmami, d\u0142ugimi szerokimi pla\u017cami i miejscami do opalania. Tury\u015bci mog\u0105 na terenie parku obserwowa\u0107 ptaki i dzikie zwierz\u0119ta (nawet jelenie).<\/p>\n<p><div class=\"rl-gallery-container rl-loading\" id=\"rl-gallery-container-3\" data-gallery_id=\"1849\"> <div class=\"rl-gallery rl-basicgrid-gallery \" id=\"rl-gallery-3\" data-gallery_no=\"3\"> <div class=\"rl-gallery-item\"><a href=\"https:\/\/sbt.ug.edu.pl\/wp-content\/uploads\/2019\/07\/1.-Palanga-Pier-R2.A17..jpg\" title=\"1. Palanga Pier, R2.A17.\" data-rl_title=\"1. Palanga Pier, R2.A17.\" class=\"rl-gallery-link\" data-rl_caption=\"\" data-rel=\"lightbox-gallery-3\"><img src=\"https:\/\/sbt.ug.edu.pl\/wp-content\/uploads\/2019\/07\/1.-Palanga-Pier-R2.A17.-768x512.jpg\" width=\"640\" height=\"427\" alt=\"\" \/><\/a><\/div><div class=\"rl-gallery-item\"><a href=\"https:\/\/sbt.ug.edu.pl\/wp-content\/uploads\/2019\/07\/2.-Palanga-bike-trail-R2.A17..jpg\" title=\"2. Palanga, bike trail, R2.A17.\" data-rl_title=\"2. Palanga, bike trail, R2.A17.\" class=\"rl-gallery-link\" data-rl_caption=\"\" data-rel=\"lightbox-gallery-3\"><img src=\"https:\/\/sbt.ug.edu.pl\/wp-content\/uploads\/2019\/07\/2.-Palanga-bike-trail-R2.A17.-768x512.jpg\" width=\"640\" height=\"427\" alt=\"\" \/><\/a><\/div><div class=\"rl-gallery-item\"><a href=\"https:\/\/sbt.ug.edu.pl\/wp-content\/uploads\/2019\/07\/3.-Palanga-bike-trail-R2.A17..jpg\" title=\"3. Palanga, bike trail, R2.A17.\" data-rl_title=\"3. Palanga, bike trail, R2.A17.\" class=\"rl-gallery-link\" data-rl_caption=\"\" data-rel=\"lightbox-gallery-3\"><img src=\"https:\/\/sbt.ug.edu.pl\/wp-content\/uploads\/2019\/07\/3.-Palanga-bike-trail-R2.A17.-768x512.jpg\" width=\"640\" height=\"427\" alt=\"\" \/><\/a><\/div><div class=\"rl-gallery-item\"><a href=\"https:\/\/sbt.ug.edu.pl\/wp-content\/uploads\/2019\/07\/4.-Palanga-bike-trail-R2.A17..jpg\" title=\"4. Palanga, bike trail, R2.A17.\" data-rl_title=\"4. Palanga, bike trail, R2.A17.\" class=\"rl-gallery-link\" data-rl_caption=\"\" data-rel=\"lightbox-gallery-3\"><img src=\"https:\/\/sbt.ug.edu.pl\/wp-content\/uploads\/2019\/07\/4.-Palanga-bike-trail-R2.A17.-768x512.jpg\" width=\"640\" height=\"427\" alt=\"\" \/><\/a><\/div><div class=\"rl-gallery-item\"><a href=\"https:\/\/sbt.ug.edu.pl\/wp-content\/uploads\/2019\/07\/5.-Palanga-recreation-area-R2.A17..jpg\" title=\"5. Palanga recreation area, R2.A17.\" data-rl_title=\"5. Palanga recreation area, R2.A17.\" class=\"rl-gallery-link\" data-rl_caption=\"\" data-rel=\"lightbox-gallery-3\"><img src=\"https:\/\/sbt.ug.edu.pl\/wp-content\/uploads\/2019\/07\/5.-Palanga-recreation-area-R2.A17.-768x512.jpg\" width=\"640\" height=\"427\" alt=\"\" \/><\/a><\/div><div class=\"rl-gallery-item\"><a href=\"https:\/\/sbt.ug.edu.pl\/wp-content\/uploads\/2019\/07\/6.-Palanga-recreation-area-R2.A17..jpg\" title=\"6. Palanga recreation area, R2.A17.\" data-rl_title=\"6. Palanga recreation area, R2.A17.\" class=\"rl-gallery-link\" data-rl_caption=\"\" data-rel=\"lightbox-gallery-3\"><img src=\"https:\/\/sbt.ug.edu.pl\/wp-content\/uploads\/2019\/07\/6.-Palanga-recreation-area-R2.A17.-768x512.jpg\" width=\"640\" height=\"427\" alt=\"\" \/><\/a><\/div><div class=\"rl-gallery-item\"><a href=\"https:\/\/sbt.ug.edu.pl\/wp-content\/uploads\/2019\/07\/7.-Palanga-recreation-area-R2.A17.jpg\" title=\"7. Palanga recreation area, R2.A17\" data-rl_title=\"7. Palanga recreation area, R2.A17\" class=\"rl-gallery-link\" data-rl_caption=\"\" data-rel=\"lightbox-gallery-3\"><img src=\"https:\/\/sbt.ug.edu.pl\/wp-content\/uploads\/2019\/07\/7.-Palanga-recreation-area-R2.A17-768x512.jpg\" width=\"640\" height=\"427\" alt=\"\" \/><\/a><\/div><div class=\"rl-gallery-item\"><a href=\"https:\/\/sbt.ug.edu.pl\/wp-content\/uploads\/2019\/07\/8.-Palanga-typical-architecture-R2.A17..jpg\" title=\"8. Palanga typical architecture, R2.A17.\" data-rl_title=\"8. Palanga typical architecture, R2.A17.\" class=\"rl-gallery-link\" data-rl_caption=\"\" data-rel=\"lightbox-gallery-3\"><img src=\"https:\/\/sbt.ug.edu.pl\/wp-content\/uploads\/2019\/07\/8.-Palanga-typical-architecture-R2.A17.-768x512.jpg\" width=\"640\" height=\"427\" alt=\"\" \/><\/a><\/div><div class=\"rl-gallery-item\"><a href=\"https:\/\/sbt.ug.edu.pl\/wp-content\/uploads\/2019\/07\/9.-Palanga-recreation-area-R2.A17..jpg\" title=\"9. Palanga recreation area, R2.A17.\" data-rl_title=\"9. Palanga recreation area, R2.A17.\" class=\"rl-gallery-link\" data-rl_caption=\"\" data-rel=\"lightbox-gallery-3\"><img src=\"https:\/\/sbt.ug.edu.pl\/wp-content\/uploads\/2019\/07\/9.-Palanga-recreation-area-R2.A17.-768x512.jpg\" width=\"640\" height=\"427\" alt=\"\" \/><\/a><\/div><div class=\"rl-gallery-item\"><a href=\"https:\/\/sbt.ug.edu.pl\/wp-content\/uploads\/2019\/07\/10.-Palanga-recreation-area-R2.A17..jpg\" title=\"10. Palanga recreation area, R2.A17.\" data-rl_title=\"10. Palanga recreation area, R2.A17.\" class=\"rl-gallery-link\" data-rl_caption=\"\" data-rel=\"lightbox-gallery-3\"><img src=\"https:\/\/sbt.ug.edu.pl\/wp-content\/uploads\/2019\/07\/10.-Palanga-recreation-area-R2.A17.-768x512.jpg\" width=\"640\" height=\"427\" alt=\"\" \/><\/a><\/div><div class=\"rl-gallery-item\"><a href=\"https:\/\/sbt.ug.edu.pl\/wp-content\/uploads\/2019\/07\/11.-Palanga-Beach-R2A17..jpg\" title=\"11. Palanga Beach, R2A17.\" data-rl_title=\"11. Palanga Beach, R2A17.\" class=\"rl-gallery-link\" data-rl_caption=\"\" data-rel=\"lightbox-gallery-3\"><img src=\"https:\/\/sbt.ug.edu.pl\/wp-content\/uploads\/2019\/07\/11.-Palanga-Beach-R2A17.-768x508.jpg\" width=\"640\" height=\"423\" alt=\"\" \/><\/a><\/div><div class=\"rl-gallery-item\"><a href=\"https:\/\/sbt.ug.edu.pl\/wp-content\/uploads\/2019\/07\/12.-Palanga-recreation-area-R2.A17..jpg\" title=\"12. Palanga recreation area, R2.A17.\" data-rl_title=\"12. Palanga recreation area, R2.A17.\" class=\"rl-gallery-link\" data-rl_caption=\"\" data-rel=\"lightbox-gallery-3\"><img src=\"https:\/\/sbt.ug.edu.pl\/wp-content\/uploads\/2019\/07\/12.-Palanga-recreation-area-R2.A17.-768x508.jpg\" width=\"640\" height=\"423\" alt=\"\" \/><\/a><\/div><div class=\"rl-gallery-item\"><a href=\"https:\/\/sbt.ug.edu.pl\/wp-content\/uploads\/2019\/07\/13.-Palanga-promenade-R2.A17..jpg\" title=\"13. Palanga promenade, R2.A17.\" data-rl_title=\"13. Palanga promenade, R2.A17.\" class=\"rl-gallery-link\" data-rl_caption=\"\" data-rel=\"lightbox-gallery-3\"><img src=\"https:\/\/sbt.ug.edu.pl\/wp-content\/uploads\/2019\/07\/13.-Palanga-promenade-R2.A17.-768x509.jpg\" width=\"640\" height=\"424\" alt=\"\" \/><\/a><\/div><div class=\"rl-gallery-item\"><a href=\"https:\/\/sbt.ug.edu.pl\/wp-content\/uploads\/2019\/07\/14.-Fountain-in-Palanga-R2.A17..jpg\" title=\"14. Fountain in Palanga, R2.A17.\" data-rl_title=\"14. Fountain in Palanga, R2.A17.\" class=\"rl-gallery-link\" data-rl_caption=\"\" data-rel=\"lightbox-gallery-3\"><img src=\"https:\/\/sbt.ug.edu.pl\/wp-content\/uploads\/2019\/07\/14.-Fountain-in-Palanga-R2.A17.-768x509.jpg\" width=\"640\" height=\"424\" alt=\"\" \/><\/a><\/div><div class=\"rl-gallery-item\"><a href=\"https:\/\/sbt.ug.edu.pl\/wp-content\/uploads\/2019\/07\/15.-Playing-area-in-Palanga-R2.A17..jpg\" title=\"15. Playing area in Palanga, R2.A17.\" data-rl_title=\"15. Playing area in Palanga, R2.A17.\" class=\"rl-gallery-link\" data-rl_caption=\"\" data-rel=\"lightbox-gallery-3\"><img src=\"https:\/\/sbt.ug.edu.pl\/wp-content\/uploads\/2019\/07\/15.-Playing-area-in-Palanga-R2.A17.-768x509.jpg\" width=\"640\" height=\"424\" alt=\"\" \/><\/a><\/div> <\/div> <\/div><\/p>","protected":false},"excerpt":{"rendered":"<p>LOKALIZACJA Palanga znajduje si\u0119 w p\u00f3\u0142nocnej cz\u0119\u015bci litewskiego wybrze\u017ca Ba\u0142tyku, oko\u0142o 30 km od K\u0142ajpedy. Miejsca windsurfingowe i kitesurfingowe znajduj\u0105 si\u0119 na p\u00f3\u0142noc od miasta (w pobli\u017cu pla\u017c Kunigiskes i Monci\u0161k\u0117s). Palanga zlokalizowana jest 320 km od Wilna, 280 km od Rygi i 170 km od Kaliningradu. Z kolei odleg\u0142o\u015b\u0107 mi\u0119dzy Palang\u0105 a Gda\u0144skiem wynosi [&hellip;]<\/p>\n","protected":false},"author":3,"featured_media":0,"parent":174,"menu_order":0,"comment_status":"closed","ping_status":"closed","template":"","meta":[],"categories":[34,13,9],"tags":[],"_links":{"self":[{"href":"https:\/\/sbt.ug.edu.pl\/pl\/wp-json\/wp\/v2\/pages\/511"}],"collection":[{"href":"https:\/\/sbt.ug.edu.pl\/pl\/wp-json\/wp\/v2\/pages"}],"about":[{"href":"https:\/\/sbt.ug.edu.pl\/pl\/wp-json\/wp\/v2\/types\/page"}],"author":[{"embeddable":true,"href":"https:\/\/sbt.ug.edu.pl\/pl\/wp-json\/wp\/v2\/users\/3"}],"replies":[{"embeddable":true,"href":"https:\/\/sbt.ug.edu.pl\/pl\/wp-json\/wp\/v2\/comments?post=511"}],"version-history":[{"count":12,"href":"https:\/\/sbt.ug.edu.pl\/pl\/wp-json\/wp\/v2\/pages\/511\/revisions"}],"predecessor-version":[{"id":5845,"href":"https:\/\/sbt.ug.edu.pl\/pl\/wp-json\/wp\/v2\/pages\/511\/revisions\/5845"}],"up":[{"embeddable":true,"href":"https:\/\/sbt.ug.edu.pl\/pl\/wp-json\/wp\/v2\/pages\/174"}],"wp:attachment":[{"href":"https:\/\/sbt.ug.edu.pl\/pl\/wp-json\/wp\/v2\/media?parent=511"}],"wp:term":[{"taxonomy":"category","embeddable":true,"href":"https:\/\/sbt.ug.edu.pl\/pl\/wp-json\/wp\/v2\/categories?post=511"},{"taxonomy":"post_tag","embeddable":true,"href":"https:\/\/sbt.ug.edu.pl\/pl\/wp-json\/wp\/v2\/tags?post=511"}],"curies":[{"name":"wp","href":"https:\/\/api.w.org\/{rel}","templated":true}]}}