{"id":513,"date":"2018-12-06T10:48:24","date_gmt":"2018-12-06T09:48:24","guid":{"rendered":"http:\/\/southbaltic-tourist.eu\/?page_id=513"},"modified":"2021-06-23T15:51:31","modified_gmt":"2021-06-23T14:51:31","slug":"18-preila-beach-surfing-hotspots","status":"publish","type":"page","link":"https:\/\/sbt.ug.edu.pl\/pl\/routes\/windsurfing-exploration\/18-preila-beach-surfing-hotspots\/","title":{"rendered":"18. PLA\u017bA W PREILI \u2013 SPOT SURFINGOWY"},"content":{"rendered":"<p><\/p>\n<p style=\"text-align: justify;\"><strong>LOKALIZACJA<\/strong><\/p>\n<p style=\"text-align: justify;\">Pla\u017ca Preila znajduje si\u0119 na Mierzei Kuro\u0144skiej, na po\u0142udniu litewskiego wybrze\u017ca Ba\u0142tyku, 40 km od K\u0142ajpedy (z lini\u0105 promow\u0105 na rzece Dan\u0117). Miejsce surfingowe znajduje si\u0119 na zach\u00f3d od pla\u017cy Preila. Miejscowo\u015b\u0107 zlokalizowana jest 350 km od Wilna, 350 km od Rygi i 110 km od Kaliningradu. Z kolei odleg\u0142o\u015b\u0107 mi\u0119dzy Palang\u0105 a Gda\u0144skiem wynosi 330 km, ale wi\u0105\u017ce si\u0119 z podr\u00f3\u017cowaniem przez rosyjski Obw\u00f3d Kaliningradzki (promem do Mierzei Kuro\u0144skiej) i dwukrotnym przekroczeniem granicy UE-Rosja. Turystom preferuj\u0105cym pozostanie na obszarze UE zaleca si\u0119 wybranie podr\u00f3\u017cy tu\u017c przy granicach Obwodu Kaliningradzkiego, co niestety wyd\u0142u\u017ca tras\u0119 nawet do 620 km. K\u0142ajpeda dysponuje dwoma po\u0142\u0105czeniami promowymi: Kiel-K\u0142ajpeda (z Niemiec) i Karlshamn-K\u0142ajpeda (ze Szwecji). W Palandze znajduje si\u0119 tak\u017ce regionalne lotnisko &#8211; oko\u0142o 70 km od Preili. Po\u0142o\u017cenie geograficzne Preili: 55\u00b022\u2032N 21\u00b004\u2032E.<\/p>\n<p style=\"text-align: justify;\"><img decoding=\"async\" loading=\"lazy\" class=\"wp-image-1871 alignleft\" src=\"https:\/\/southbaltic-tourist.eu\/wp-content\/uploads\/2019\/07\/1.-Curonian-Spit-Beach-R2.A18..jpg\" alt=\"\" width=\"604\" height=\"400\" srcset=\"https:\/\/sbt.ug.edu.pl\/wp-content\/uploads\/2019\/07\/1.-Curonian-Spit-Beach-R2.A18..jpg 1600w, https:\/\/sbt.ug.edu.pl\/wp-content\/uploads\/2019\/07\/1.-Curonian-Spit-Beach-R2.A18.-300x199.jpg 300w, https:\/\/sbt.ug.edu.pl\/wp-content\/uploads\/2019\/07\/1.-Curonian-Spit-Beach-R2.A18.-768x509.jpg 768w, https:\/\/sbt.ug.edu.pl\/wp-content\/uploads\/2019\/07\/1.-Curonian-Spit-Beach-R2.A18.-1024x678.jpg 1024w, https:\/\/sbt.ug.edu.pl\/wp-content\/uploads\/2019\/07\/1.-Curonian-Spit-Beach-R2.A18.-150x99.jpg 150w\" sizes=\"(max-width: 604px) 100vw, 604px\" \/><\/p>\n<p style=\"text-align: justify;\"><a href=\"https:\/\/southbaltic-tourist.eu\/wp-content\/uploads\/2020\/01\/r1a18_Preila_Surfing_square.png\" data-rel=\"lightbox-gallery-yfwDkMzk\" data-rl_title=\"\" data-rl_caption=\"\" title=\"\"><img decoding=\"async\" loading=\"lazy\" class=\"alignnone wp-image-5164\" src=\"https:\/\/southbaltic-tourist.eu\/wp-content\/uploads\/2020\/01\/r1a18_Preila_Surfing_square-300x256.png\" alt=\"\" width=\"469\" height=\"400\" srcset=\"https:\/\/sbt.ug.edu.pl\/wp-content\/uploads\/2020\/01\/r1a18_Preila_Surfing_square-300x256.png 300w, https:\/\/sbt.ug.edu.pl\/wp-content\/uploads\/2020\/01\/r1a18_Preila_Surfing_square-1024x874.png 1024w, https:\/\/sbt.ug.edu.pl\/wp-content\/uploads\/2020\/01\/r1a18_Preila_Surfing_square-768x655.png 768w, https:\/\/sbt.ug.edu.pl\/wp-content\/uploads\/2020\/01\/r1a18_Preila_Surfing_square-1536x1310.png 1536w, https:\/\/sbt.ug.edu.pl\/wp-content\/uploads\/2020\/01\/r1a18_Preila_Surfing_square-150x128.png 150w, https:\/\/sbt.ug.edu.pl\/wp-content\/uploads\/2020\/01\/r1a18_Preila_Surfing_square.png 1600w\" sizes=\"(max-width: 469px) 100vw, 469px\" \/><\/a><\/p>\n<p style=\"text-align: justify;\"><a href=\"https:\/\/www.google.com\/maps\/place\/Preila,+Litwa\/@55.3676215,21.0388416,13.75z\/data=!4m5!3m4!1s0x46e495dd7047c329:0xa00d18ec9ba7a20!8m2!3d55.3721069!4d21.0630309\" target=\"_blank\" rel=\"noopener noreferrer\">View on Google Maps<\/a><\/p>\n<p style=\"text-align: justify;\"><strong>PLA\u017bA W PREILI \u2013 SPOT SURFINGOWY<\/strong><\/p>\n<p style=\"text-align: justify;\">Pla\u017ca Preila znajduje si\u0119 w Juodkrant\u0117 \u2013 cz\u0119\u015bci miasta Nerynga i jest nara\u017cona na silne morskie wiary i wysokie fale. Mierzeja jest tu do\u015b\u0107 szeroka \u2013 rozci\u0105ga si\u0119 na oko\u0142o 2 km. Pla\u017ca po stronie morza zapewnia zazwyczaj p\u00f3\u0142nocne i zachodnie wiatry, maj\u0105ce charakter frontalny i b\u0119d\u0105ce do\u015b\u0107 silne przez wi\u0119ksz\u0105 cz\u0119\u015b\u0107 roku. Lato w tym\u017ce regionie jest zwykle spokojniejszym okresem ze s\u0142abszymi wiatrami. Warunki wiatrowe w Preili s\u0105 jednymi z najlepszych na litewskim wybrze\u017cu Ba\u0142tyku, z piaszczystym dnem morskim i p\u0142ytkimi wodami. To idealne miejsce na obozy kitesurfingowe i windsurfingowe, kt\u00f3re s\u0105 organizowane latem. Spot ten jest znacznie mniej zat\u0142oczony w sezonie ni\u017c w pobliska Palanga.<\/p>\n<p style=\"text-align: justify;\"><strong>POBLISKIE ATRAKCJE<\/strong><\/p>\n<p style=\"text-align: justify;\">Mierzeja Kuro\u0144ska ma do zaoferowania wiele atrakcji. Opr\u00f3cz zwiedzania okolicy, zaj\u0119\u0107 sportowych i opalania, mo\u017cliwa jest tak\u017ce wizyta w pobliskim mie\u015bcie Nida, kt\u00f3re jest malownicz\u0105 osad\u0105 ryback\u0105 z ma\u0142ymi niebieskimi domami, zabytkowym cmentarzem z drewnianymi krzy\u017cami, parkami, muzeami i parkiem czarownic w Lesie Juodkrante (prawdziwy klejnot regionu). Park Naturalny Mierzei Kuro\u0144skiej ponadto zapewnia wiele szlak\u00f3w turystycznych i edukacyjnych pieszych wycieczek (zw\u0142aszcza prowadz\u0105cych przez rezerwaty przyrody Grob\u0161tas i Nagliai). Po rosyjskiej stronie Mierzei znajduje si\u0119 tak\u017ce niezwyk\u0142y \u201eta\u0144cz\u0105cy las\u201d.<\/p>\n<div class=\"rl-gallery-container rl-loading\" id=\"rl-gallery-container-3\" data-gallery_id=\"1870\"> <div class=\"rl-gallery rl-basicgrid-gallery \" id=\"rl-gallery-3\" data-gallery_no=\"3\"> <div class=\"rl-gallery-item\"><a href=\"https:\/\/sbt.ug.edu.pl\/wp-content\/uploads\/2019\/07\/1.-Curonian-Spit-Beach-R2.A18..jpg\" title=\"1. Curonian Spit Beach, R2.A18.\" data-rl_title=\"1. Curonian Spit Beach, R2.A18.\" class=\"rl-gallery-link\" data-rl_caption=\"\" data-rel=\"lightbox-gallery-3\"><img src=\"https:\/\/sbt.ug.edu.pl\/wp-content\/uploads\/2019\/07\/1.-Curonian-Spit-Beach-R2.A18.-768x509.jpg\" width=\"640\" height=\"424\" alt=\"\" \/><\/a><\/div><div class=\"rl-gallery-item\"><a href=\"https:\/\/sbt.ug.edu.pl\/wp-content\/uploads\/2019\/07\/2.-Curonian-Spit-Beach-R2.A18..jpg\" title=\"2. Curonian Spit Beach, R2.A18.\" data-rl_title=\"2. Curonian Spit Beach, R2.A18.\" class=\"rl-gallery-link\" data-rl_caption=\"\" data-rel=\"lightbox-gallery-3\"><img src=\"https:\/\/sbt.ug.edu.pl\/wp-content\/uploads\/2019\/07\/2.-Curonian-Spit-Beach-R2.A18.-768x509.jpg\" width=\"640\" height=\"424\" alt=\"\" \/><\/a><\/div><div class=\"rl-gallery-item\"><a href=\"https:\/\/sbt.ug.edu.pl\/wp-content\/uploads\/2019\/07\/3.-Curonian-Spit-Beach-R2.A18..jpg\" title=\"3. Curonian Spit Beach, R2.A18.\" data-rl_title=\"3. Curonian Spit Beach, R2.A18.\" class=\"rl-gallery-link\" data-rl_caption=\"\" data-rel=\"lightbox-gallery-3\"><img src=\"https:\/\/sbt.ug.edu.pl\/wp-content\/uploads\/2019\/07\/3.-Curonian-Spit-Beach-R2.A18.-768x509.jpg\" width=\"640\" height=\"424\" alt=\"\" \/><\/a><\/div><div class=\"rl-gallery-item\"><a href=\"https:\/\/sbt.ug.edu.pl\/wp-content\/uploads\/2019\/07\/4.-Curonian-Spit-Dune-R2.A18..jpg\" title=\"4. Curonian Spit Dune, R2.A18.\" data-rl_title=\"4. Curonian Spit Dune, R2.A18.\" class=\"rl-gallery-link\" data-rl_caption=\"\" data-rel=\"lightbox-gallery-3\"><img src=\"https:\/\/sbt.ug.edu.pl\/wp-content\/uploads\/2019\/07\/4.-Curonian-Spit-Dune-R2.A18.-768x509.jpg\" width=\"640\" height=\"424\" alt=\"\" \/><\/a><\/div><div class=\"rl-gallery-item\"><a href=\"https:\/\/sbt.ug.edu.pl\/wp-content\/uploads\/2019\/07\/5.-Curonian-Spit-Board-Map-R2.A18..jpg\" title=\"5. Curonian Spit Board Map, R2.A18.\" data-rl_title=\"5. Curonian Spit Board Map, R2.A18.\" class=\"rl-gallery-link\" data-rl_caption=\"\" data-rel=\"lightbox-gallery-3\"><img src=\"https:\/\/sbt.ug.edu.pl\/wp-content\/uploads\/2019\/07\/5.-Curonian-Spit-Board-Map-R2.A18.-768x509.jpg\" width=\"640\" height=\"424\" alt=\"\" \/><\/a><\/div><div class=\"rl-gallery-item\"><a href=\"https:\/\/sbt.ug.edu.pl\/wp-content\/uploads\/2019\/07\/6.-Nida-Curonian-Spit-R2.A18..jpg\" title=\"6. Nida, Curonian Spit, R2.A18.\" data-rl_title=\"6. Nida, Curonian Spit, R2.A18.\" class=\"rl-gallery-link\" data-rl_caption=\"\" data-rel=\"lightbox-gallery-3\"><img src=\"https:\/\/sbt.ug.edu.pl\/wp-content\/uploads\/2019\/07\/6.-Nida-Curonian-Spit-R2.A18.-768x509.jpg\" width=\"640\" height=\"424\" alt=\"\" \/><\/a><\/div><div class=\"rl-gallery-item\"><a href=\"https:\/\/sbt.ug.edu.pl\/wp-content\/uploads\/2019\/07\/7.-Nida-Curonian-Spit-R2.A18..jpg\" title=\"7. Nida, Curonian Spit, R2.A18.\" data-rl_title=\"7. Nida, Curonian Spit, R2.A18.\" class=\"rl-gallery-link\" data-rl_caption=\"\" data-rel=\"lightbox-gallery-3\"><img src=\"https:\/\/sbt.ug.edu.pl\/wp-content\/uploads\/2019\/07\/7.-Nida-Curonian-Spit-R2.A18.-768x509.jpg\" width=\"640\" height=\"424\" alt=\"\" \/><\/a><\/div><div class=\"rl-gallery-item\"><a href=\"https:\/\/sbt.ug.edu.pl\/wp-content\/uploads\/2019\/07\/8.-Nida-Curonian-Spit-R2.A18.-1.jpg\" title=\"8. Nida, Curonian Spit, R2.A18.\" data-rl_title=\"8. Nida, Curonian Spit, R2.A18.\" class=\"rl-gallery-link\" data-rl_caption=\"\" data-rel=\"lightbox-gallery-3\"><img src=\"https:\/\/sbt.ug.edu.pl\/wp-content\/uploads\/2019\/07\/8.-Nida-Curonian-Spit-R2.A18.-1-768x509.jpg\" width=\"640\" height=\"424\" alt=\"\" \/><\/a><\/div><div class=\"rl-gallery-item\"><a href=\"https:\/\/sbt.ug.edu.pl\/wp-content\/uploads\/2019\/07\/9.-NIda-Curonian-Spit-R2.A18.-1.jpg\" title=\"9. NIda, Curonian Spit, R2.A18.\" data-rl_title=\"9. NIda, Curonian Spit, R2.A18.\" class=\"rl-gallery-link\" data-rl_caption=\"\" data-rel=\"lightbox-gallery-3\"><img src=\"https:\/\/sbt.ug.edu.pl\/wp-content\/uploads\/2019\/07\/9.-NIda-Curonian-Spit-R2.A18.-1-768x509.jpg\" width=\"640\" height=\"424\" alt=\"\" \/><\/a><\/div><div class=\"rl-gallery-item\"><a href=\"https:\/\/sbt.ug.edu.pl\/wp-content\/uploads\/2019\/07\/10.-Nida-Curonian-Spit-R2.A18.-1.jpg\" title=\"10. Nida, Curonian Spit, R2.A18.\" data-rl_title=\"10. Nida, Curonian Spit, R2.A18.\" class=\"rl-gallery-link\" data-rl_caption=\"\" data-rel=\"lightbox-gallery-3\"><img src=\"https:\/\/sbt.ug.edu.pl\/wp-content\/uploads\/2019\/07\/10.-Nida-Curonian-Spit-R2.A18.-1-768x509.jpg\" width=\"640\" height=\"424\" alt=\"\" \/><\/a><\/div><div class=\"rl-gallery-item\"><a href=\"https:\/\/sbt.ug.edu.pl\/wp-content\/uploads\/2019\/07\/11.-Juodkrante-Curonian-Spit-R2.A18.-1.jpg\" title=\"11. Juodkrante, Curonian Spit, R2.A18.\" data-rl_title=\"11. Juodkrante, Curonian Spit, R2.A18.\" class=\"rl-gallery-link\" data-rl_caption=\"\" data-rel=\"lightbox-gallery-3\"><img src=\"https:\/\/sbt.ug.edu.pl\/wp-content\/uploads\/2019\/07\/11.-Juodkrante-Curonian-Spit-R2.A18.-1-768x509.jpg\" width=\"640\" height=\"424\" alt=\"\" \/><\/a><\/div><div class=\"rl-gallery-item\"><a href=\"https:\/\/sbt.ug.edu.pl\/wp-content\/uploads\/2019\/07\/12.-Juodkrante-Curonian-Spit-R2.A18.-1.jpg\" title=\"12. Juodkrante, Curonian Spit, R2.A18.\" data-rl_title=\"12. Juodkrante, Curonian Spit, R2.A18.\" class=\"rl-gallery-link\" data-rl_caption=\"\" data-rel=\"lightbox-gallery-3\"><img src=\"https:\/\/sbt.ug.edu.pl\/wp-content\/uploads\/2019\/07\/12.-Juodkrante-Curonian-Spit-R2.A18.-1-768x509.jpg\" width=\"640\" height=\"424\" alt=\"\" \/><\/a><\/div><div class=\"rl-gallery-item\"><a href=\"https:\/\/sbt.ug.edu.pl\/wp-content\/uploads\/2019\/07\/13.-Marina-in-Nida-R2.A18.-1.jpg\" title=\"13. Marina in Nida, R2.A18.\" data-rl_title=\"13. Marina in Nida, R2.A18.\" class=\"rl-gallery-link\" data-rl_caption=\"\" data-rel=\"lightbox-gallery-3\"><img src=\"https:\/\/sbt.ug.edu.pl\/wp-content\/uploads\/2019\/07\/13.-Marina-in-Nida-R2.A18.-1-768x509.jpg\" width=\"640\" height=\"424\" alt=\"\" \/><\/a><\/div><div class=\"rl-gallery-item\"><a href=\"https:\/\/sbt.ug.edu.pl\/wp-content\/uploads\/2019\/07\/14.-Marina-in-Nida-R2.A18.-1.jpg\" title=\"14. Marina in Nida, R2.A18.\" data-rl_title=\"14. Marina in Nida, R2.A18.\" class=\"rl-gallery-link\" data-rl_caption=\"\" data-rel=\"lightbox-gallery-3\"><img src=\"https:\/\/sbt.ug.edu.pl\/wp-content\/uploads\/2019\/07\/14.-Marina-in-Nida-R2.A18.-1-768x509.jpg\" width=\"640\" height=\"424\" alt=\"\" \/><\/a><\/div><div class=\"rl-gallery-item\"><a href=\"https:\/\/sbt.ug.edu.pl\/wp-content\/uploads\/2019\/07\/15.-Dunes-view-Curonian-Spit-R2.A18.-1.jpg\" title=\"15. Dunes view, Curonian Spit, R2.A18.\" data-rl_title=\"15. Dunes view, Curonian Spit, R2.A18.\" class=\"rl-gallery-link\" data-rl_caption=\"\" data-rel=\"lightbox-gallery-3\"><img src=\"https:\/\/sbt.ug.edu.pl\/wp-content\/uploads\/2019\/07\/15.-Dunes-view-Curonian-Spit-R2.A18.-1-768x509.jpg\" width=\"640\" height=\"424\" alt=\"\" \/><\/a><\/div><div class=\"rl-gallery-item\"><a href=\"https:\/\/sbt.ug.edu.pl\/wp-content\/uploads\/2019\/07\/16.-Snowkiting-Nida-Grand-Prix-2-R2.A18.-1.jpg\" title=\"16. Snowkiting Nida Grand Prix 2, R2.A18.\" data-rl_title=\"16. Snowkiting Nida Grand Prix 2, R2.A18.\" class=\"rl-gallery-link\" data-rl_caption=\"\" data-rel=\"lightbox-gallery-3\"><img src=\"https:\/\/sbt.ug.edu.pl\/wp-content\/uploads\/2019\/07\/16.-Snowkiting-Nida-Grand-Prix-2-R2.A18.-1-768x514.jpg\" width=\"640\" height=\"428\" alt=\"\" \/><\/a><\/div> <\/div> <\/div>\n<p style=\"text-align: justify;\">\n<p><\/p>","protected":false},"excerpt":{"rendered":"<p>LOKALIZACJA Pla\u017ca Preila znajduje si\u0119 na Mierzei Kuro\u0144skiej, na po\u0142udniu litewskiego wybrze\u017ca Ba\u0142tyku, 40 km od K\u0142ajpedy (z lini\u0105 promow\u0105 na rzece Dan\u0117). Miejsce surfingowe znajduje si\u0119 na zach\u00f3d od pla\u017cy Preila. Miejscowo\u015b\u0107 zlokalizowana jest 350 km od Wilna, 350 km od Rygi i 110 km od Kaliningradu. Z kolei odleg\u0142o\u015b\u0107 mi\u0119dzy Palang\u0105 a Gda\u0144skiem [&hellip;]<\/p>\n","protected":false},"author":3,"featured_media":0,"parent":174,"menu_order":0,"comment_status":"closed","ping_status":"closed","template":"","meta":[],"categories":[34,12,9],"tags":[],"_links":{"self":[{"href":"https:\/\/sbt.ug.edu.pl\/pl\/wp-json\/wp\/v2\/pages\/513"}],"collection":[{"href":"https:\/\/sbt.ug.edu.pl\/pl\/wp-json\/wp\/v2\/pages"}],"about":[{"href":"https:\/\/sbt.ug.edu.pl\/pl\/wp-json\/wp\/v2\/types\/page"}],"author":[{"embeddable":true,"href":"https:\/\/sbt.ug.edu.pl\/pl\/wp-json\/wp\/v2\/users\/3"}],"replies":[{"embeddable":true,"href":"https:\/\/sbt.ug.edu.pl\/pl\/wp-json\/wp\/v2\/comments?post=513"}],"version-history":[{"count":11,"href":"https:\/\/sbt.ug.edu.pl\/pl\/wp-json\/wp\/v2\/pages\/513\/revisions"}],"predecessor-version":[{"id":5846,"href":"https:\/\/sbt.ug.edu.pl\/pl\/wp-json\/wp\/v2\/pages\/513\/revisions\/5846"}],"up":[{"embeddable":true,"href":"https:\/\/sbt.ug.edu.pl\/pl\/wp-json\/wp\/v2\/pages\/174"}],"wp:attachment":[{"href":"https:\/\/sbt.ug.edu.pl\/pl\/wp-json\/wp\/v2\/media?parent=513"}],"wp:term":[{"taxonomy":"category","embeddable":true,"href":"https:\/\/sbt.ug.edu.pl\/pl\/wp-json\/wp\/v2\/categories?post=513"},{"taxonomy":"post_tag","embeddable":true,"href":"https:\/\/sbt.ug.edu.pl\/pl\/wp-json\/wp\/v2\/tags?post=513"}],"curies":[{"name":"wp","href":"https:\/\/api.w.org\/{rel}","templated":true}]}}