{"id":515,"date":"2018-12-06T10:49:49","date_gmt":"2018-12-06T09:49:49","guid":{"rendered":"http:\/\/southbaltic-tourist.eu\/?page_id=515"},"modified":"2021-06-23T15:53:27","modified_gmt":"2021-06-23T14:53:27","slug":"19-curonian-spit-dunes-np-sightseeing-nature","status":"publish","type":"page","link":"https:\/\/sbt.ug.edu.pl\/pl\/routes\/windsurfing-exploration\/19-curonian-spit-dunes-np-sightseeing-nature\/","title":{"rendered":"19. PARK NARODOWY MIERZEI KURO\u0143SKIEJ &#8211; ZWIEDZANIE PRZYRODY"},"content":{"rendered":"<p><\/p>\n<p style=\"text-align: justify;\"><strong>LOKALIZACJA <\/strong><\/p>\n<p style=\"text-align: justify;\">Park Narodowy Mierzei Kuro\u0144skiej znajduje si\u0119 na po\u0142udniu litewskiego wybrze\u017ca Ba\u0142tyku. Siedziba administracji parku zlokalizowana jest w mie\u015bcie Neringa w centrum parku (30 km od K\u0142ajpedy). Najdalszym punktem od K\u0142ajpedy w parku jest Nida (oddalona o 50 km). Do granic parku mo\u017cna dotrze\u0107 promem. Odleg\u0142o\u015b\u0107 mi\u0119dzy Palang\u0105 a Gda\u0144skiem wynosi 330 km, ale wi\u0105\u017ce si\u0119 z podr\u00f3\u017cowaniem przez rosyjski Obw\u00f3d Kaliningradzki &#8211; promem do Mierzei Kuro\u0144skiej i dwukrotnym przekroczeniem granicy UE-Rosja. Turystom preferuj\u0105cym pozostanie na obszarze UE zaleca si\u0119 wybranie podr\u00f3\u017cy tu\u017c przy granicach Obwodu Kaliningradzkiego, co niestety wyd\u0142u\u017ca tras\u0119 nawet do 620 km. K\u0142ajpeda dysponuje dwoma po\u0142\u0105czeniami promowymi: Kiel-K\u0142ajpeda (z Niemiec) i Karlshamn-K\u0142ajpeda (ze Szwecji). W Palandze znajduje si\u0119 tak\u017ce regionalne lotnisko. Po\u0142o\u017cenie geograficzne Neringi: 55\u00b022\u2032N 21\u00b004\u2032E.<\/p>\n<p><img decoding=\"async\" loading=\"lazy\" class=\"alignnone wp-image-1900 size-full\" src=\"https:\/\/southbaltic-tourist.eu\/wp-content\/uploads\/2019\/07\/1.-Curonian-Spit-Dune-R2.A19..jpg\" alt=\"\" width=\"1600\" height=\"1060\" srcset=\"https:\/\/sbt.ug.edu.pl\/wp-content\/uploads\/2019\/07\/1.-Curonian-Spit-Dune-R2.A19..jpg 1600w, https:\/\/sbt.ug.edu.pl\/wp-content\/uploads\/2019\/07\/1.-Curonian-Spit-Dune-R2.A19.-300x199.jpg 300w, https:\/\/sbt.ug.edu.pl\/wp-content\/uploads\/2019\/07\/1.-Curonian-Spit-Dune-R2.A19.-768x509.jpg 768w, https:\/\/sbt.ug.edu.pl\/wp-content\/uploads\/2019\/07\/1.-Curonian-Spit-Dune-R2.A19.-1024x678.jpg 1024w, https:\/\/sbt.ug.edu.pl\/wp-content\/uploads\/2019\/07\/1.-Curonian-Spit-Dune-R2.A19.-150x99.jpg 150w\" sizes=\"(max-width: 1600px) 100vw, 1600px\" \/><\/p>\n<p style=\"text-align: justify;\"><strong>PARK NARODOWY MIERZEI KURO\u0143SKIEJ &#8211; ZWIEDZANIE PRZYRODY<\/strong><\/p>\n<p style=\"text-align: justify;\">Po aktywnym dniu nad morzem surferzy mog\u0105 zrelaksowa\u0107 si\u0119 w\u0119druj\u0105c po Parnidis &#8211; najwy\u017cszej litewskiej wydmie o wysoko\u015bci 52 m. Zlokalizowana jest ona w pobli\u017cu popularnego kurortu turystycznego Nida. W Parku znajduj\u0105 si\u0119 tak\u017ce najwy\u017csze ruchome wydmy w regionie Morza Ba\u0142tyckiego, licz\u0105ce \u015brednio 35 m wysoko\u015bci. S\u0105 rozmieszczone na w\u0105skiej mierzei o d\u0142ugo\u015bci 98 km, kt\u00f3rej szeroko\u015b\u0107 wynosi od 400 m do 3,5 km, oddzielaj\u0105cej Morze Ba\u0142tyckie od Zalewu Kuro\u0144skiego (Zalew jest w rzeczywisto\u015bci jeziorem s\u0142odkowodnym). Osady na Mierzei Kuro\u0144skiej powsta\u0142y w XIX wieku. Pocz\u0105tkowo by\u0142y to wioski rybackie znajduj\u0105ce si\u0119 w\u00f3wczas w prowincji Prus Wschodnich b\u0119d\u0105cych cz\u0119\u015bci\u0105 Niemiec. W parku znajduj\u0105 si\u0119 liczne szlaki turystyczne.<\/p>\n<p style=\"text-align: justify;\"><strong>POBLISKIE ATRAKCJE<\/strong><\/p>\n<p style=\"text-align: justify;\">Mierzeja Kuro\u0144ska ma do zaoferowania wiele atrakcji. Opr\u00f3cz zwiedzania okolicy, zaj\u0119\u0107 sportowych i opalania, mo\u017cliwa jest tak\u017ce wizyta w pobliskim mie\u015bcie Nida, kt\u00f3re jest malownicz\u0105 osad\u0105 ryback\u0105 z ma\u0142ymi niebieskimi domami, zabytkowym cmentarzem z drewnianymi krzy\u017cami, parkami, muzeami i parkiem czarownic w Lesie Juodkrante (prawdziwy klejnot regionu). Park Naturalny Mierzei Kuro\u0144skiej ponadto zapewnia wiele szlak\u00f3w turystycznych i edukacyjnych pieszych wycieczek (zw\u0142aszcza prowadz\u0105cych przez rezerwaty przyrody Grob\u0161tas i Nagliai). Po rosyjskiej stronie Mierzei znajduje si\u0119 tak\u017ce niezwyk\u0142y \u201eta\u0144cz\u0105cy las\u201d.<\/p>\n<p><div class=\"rl-gallery-container rl-loading\" id=\"rl-gallery-container-3\" data-gallery_id=\"1899\"> <div class=\"rl-gallery rl-basicgrid-gallery \" id=\"rl-gallery-3\" data-gallery_no=\"3\"> <div class=\"rl-gallery-item\"><a href=\"https:\/\/sbt.ug.edu.pl\/wp-content\/uploads\/2019\/07\/1.-Curonian-Spit-Dune-R2.A19..jpg\" title=\"1. Curonian Spit Dune, R2.A19.\" data-rl_title=\"1. Curonian Spit Dune, R2.A19.\" class=\"rl-gallery-link\" data-rl_caption=\"\" data-rel=\"lightbox-gallery-3\"><img src=\"https:\/\/sbt.ug.edu.pl\/wp-content\/uploads\/2019\/07\/1.-Curonian-Spit-Dune-R2.A19.-768x509.jpg\" width=\"640\" height=\"424\" alt=\"\" \/><\/a><\/div><div class=\"rl-gallery-item\"><a href=\"https:\/\/sbt.ug.edu.pl\/wp-content\/uploads\/2019\/07\/2.-Curonian-Dunes-Landscape-R2.A19..jpg\" title=\"2. Curonian Dunes Landscape, R2.A19.\" data-rl_title=\"2. Curonian Dunes Landscape, R2.A19.\" class=\"rl-gallery-link\" data-rl_caption=\"\" data-rel=\"lightbox-gallery-3\"><img src=\"https:\/\/sbt.ug.edu.pl\/wp-content\/uploads\/2019\/07\/2.-Curonian-Dunes-Landscape-R2.A19.-768x509.jpg\" width=\"640\" height=\"424\" alt=\"\" \/><\/a><\/div><div class=\"rl-gallery-item\"><a href=\"https:\/\/sbt.ug.edu.pl\/wp-content\/uploads\/2019\/07\/3.-Curonian-Spit-Dunes-R2.A19..jpg\" title=\"3. Curonian Spit Dunes, R2.A19.\" data-rl_title=\"3. Curonian Spit Dunes, R2.A19.\" class=\"rl-gallery-link\" data-rl_caption=\"\" data-rel=\"lightbox-gallery-3\"><img src=\"https:\/\/sbt.ug.edu.pl\/wp-content\/uploads\/2019\/07\/3.-Curonian-Spit-Dunes-R2.A19.-768x509.jpg\" width=\"640\" height=\"424\" alt=\"\" \/><\/a><\/div><div class=\"rl-gallery-item\"><a href=\"https:\/\/sbt.ug.edu.pl\/wp-content\/uploads\/2019\/07\/4.-Curonian-Spit-Dune-R2.A19..jpg\" title=\"4. Curonian Spit Dune, R2.A19.\" data-rl_title=\"4. Curonian Spit Dune, R2.A19.\" class=\"rl-gallery-link\" data-rl_caption=\"\" data-rel=\"lightbox-gallery-3\"><img src=\"https:\/\/sbt.ug.edu.pl\/wp-content\/uploads\/2019\/07\/4.-Curonian-Spit-Dune-R2.A19.-768x509.jpg\" width=\"640\" height=\"424\" alt=\"\" \/><\/a><\/div><div class=\"rl-gallery-item\"><a href=\"https:\/\/sbt.ug.edu.pl\/wp-content\/uploads\/2019\/07\/5.-Dunes-panorama-information-R2.A19..jpg\" title=\"5. Dunes panorama information, R2.A19.\" data-rl_title=\"5. Dunes panorama information, R2.A19.\" class=\"rl-gallery-link\" data-rl_caption=\"\" data-rel=\"lightbox-gallery-3\"><img src=\"https:\/\/sbt.ug.edu.pl\/wp-content\/uploads\/2019\/07\/5.-Dunes-panorama-information-R2.A19.-768x509.jpg\" width=\"640\" height=\"424\" alt=\"\" \/><\/a><\/div><div class=\"rl-gallery-item\"><a href=\"https:\/\/sbt.ug.edu.pl\/wp-content\/uploads\/2019\/07\/6.-Curonian-Spit-Board-Map-R2.A19..jpg\" title=\"6. Curonian Spit Board Map, R2.A19.\" data-rl_title=\"6. Curonian Spit Board Map, R2.A19.\" class=\"rl-gallery-link\" data-rl_caption=\"\" data-rel=\"lightbox-gallery-3\"><img src=\"https:\/\/sbt.ug.edu.pl\/wp-content\/uploads\/2019\/07\/6.-Curonian-Spit-Board-Map-R2.A19.-768x509.jpg\" width=\"640\" height=\"424\" alt=\"\" \/><\/a><\/div><div class=\"rl-gallery-item\"><a href=\"https:\/\/sbt.ug.edu.pl\/wp-content\/uploads\/2019\/07\/7.-Curonian-Spit-Board-Map-R2.A19..jpg\" title=\"7. Curonian Spit Board Map, R2.A19.\" data-rl_title=\"7. Curonian Spit Board Map, R2.A19.\" class=\"rl-gallery-link\" data-rl_caption=\"\" data-rel=\"lightbox-gallery-3\"><img src=\"https:\/\/sbt.ug.edu.pl\/wp-content\/uploads\/2019\/07\/7.-Curonian-Spit-Board-Map-R2.A19.-768x509.jpg\" width=\"640\" height=\"424\" alt=\"\" \/><\/a><\/div><div class=\"rl-gallery-item\"><a href=\"https:\/\/sbt.ug.edu.pl\/wp-content\/uploads\/2019\/07\/8.-Dunes-view-from-Nida-R2.A19..jpg\" title=\"8. Dunes view from Nida, R2.A19.\" data-rl_title=\"8. Dunes view from Nida, R2.A19.\" class=\"rl-gallery-link\" data-rl_caption=\"\" data-rel=\"lightbox-gallery-3\"><img src=\"https:\/\/sbt.ug.edu.pl\/wp-content\/uploads\/2019\/07\/8.-Dunes-view-from-Nida-R2.A19.-768x509.jpg\" width=\"640\" height=\"424\" alt=\"\" \/><\/a><\/div><div class=\"rl-gallery-item\"><a href=\"https:\/\/sbt.ug.edu.pl\/wp-content\/uploads\/2019\/07\/9.-Dunes-view-from-Nida-R2.A19..jpg\" title=\"9. Dunes view from Nida, R2.A19.\" data-rl_title=\"9. Dunes view from Nida, R2.A19.\" class=\"rl-gallery-link\" data-rl_caption=\"\" data-rel=\"lightbox-gallery-3\"><img src=\"https:\/\/sbt.ug.edu.pl\/wp-content\/uploads\/2019\/07\/9.-Dunes-view-from-Nida-R2.A19.-768x509.jpg\" width=\"640\" height=\"424\" alt=\"\" \/><\/a><\/div><div class=\"rl-gallery-item\"><a href=\"https:\/\/sbt.ug.edu.pl\/wp-content\/uploads\/2019\/07\/10.-Nida-Curonian-Spit-TR2.A19..jpg\" title=\"10. Nida, Curonian Spit, TR2.A19.\" data-rl_title=\"10. Nida, Curonian Spit, TR2.A19.\" class=\"rl-gallery-link\" data-rl_caption=\"\" data-rel=\"lightbox-gallery-3\"><img src=\"https:\/\/sbt.ug.edu.pl\/wp-content\/uploads\/2019\/07\/10.-Nida-Curonian-Spit-TR2.A19.-768x509.jpg\" width=\"640\" height=\"424\" alt=\"\" \/><\/a><\/div><div class=\"rl-gallery-item\"><a href=\"https:\/\/sbt.ug.edu.pl\/wp-content\/uploads\/2019\/07\/11.-Nida-Curonian-Spit-R2.A19..jpg\" title=\"11. Nida, Curonian Spit, R2.A19.\" data-rl_title=\"11. Nida, Curonian Spit, R2.A19.\" class=\"rl-gallery-link\" data-rl_caption=\"\" data-rel=\"lightbox-gallery-3\"><img src=\"https:\/\/sbt.ug.edu.pl\/wp-content\/uploads\/2019\/07\/11.-Nida-Curonian-Spit-R2.A19.-768x509.jpg\" width=\"640\" height=\"424\" alt=\"\" \/><\/a><\/div><div class=\"rl-gallery-item\"><a href=\"https:\/\/sbt.ug.edu.pl\/wp-content\/uploads\/2019\/07\/12.-Nida-Curonian-Spit-R2.A19..jpg\" title=\"12. Nida, Curonian Spit, R2.A19.\" data-rl_title=\"12. Nida, Curonian Spit, R2.A19.\" class=\"rl-gallery-link\" data-rl_caption=\"\" data-rel=\"lightbox-gallery-3\"><img src=\"https:\/\/sbt.ug.edu.pl\/wp-content\/uploads\/2019\/07\/12.-Nida-Curonian-Spit-R2.A19.-768x509.jpg\" width=\"640\" height=\"424\" alt=\"\" \/><\/a><\/div><div class=\"rl-gallery-item\"><a href=\"https:\/\/sbt.ug.edu.pl\/wp-content\/uploads\/2019\/07\/13.-Nida-Curonian-Spit-R2.A19..jpg\" title=\"13. Nida, Curonian, Spit, R2.A19.\" data-rl_title=\"13. Nida, Curonian, Spit, R2.A19.\" class=\"rl-gallery-link\" data-rl_caption=\"\" data-rel=\"lightbox-gallery-3\"><img src=\"https:\/\/sbt.ug.edu.pl\/wp-content\/uploads\/2019\/07\/13.-Nida-Curonian-Spit-R2.A19.-768x509.jpg\" width=\"640\" height=\"424\" alt=\"\" \/><\/a><\/div><div class=\"rl-gallery-item\"><a href=\"https:\/\/sbt.ug.edu.pl\/wp-content\/uploads\/2019\/07\/14.-Nida-Curonian-Spit-R2.A19..jpg\" title=\"14., Nida, Curonian Spit, R2.A19.\" data-rl_title=\"14., Nida, Curonian Spit, R2.A19.\" class=\"rl-gallery-link\" data-rl_caption=\"\" data-rel=\"lightbox-gallery-3\"><img src=\"https:\/\/sbt.ug.edu.pl\/wp-content\/uploads\/2019\/07\/14.-Nida-Curonian-Spit-R2.A19.-768x509.jpg\" width=\"640\" height=\"424\" alt=\"\" \/><\/a><\/div><div class=\"rl-gallery-item\"><a href=\"https:\/\/sbt.ug.edu.pl\/wp-content\/uploads\/2019\/07\/15.-Nida-Historical-Church-R2.A19..jpg\" title=\"15. Nida, Historical Church, R2.A19.\" data-rl_title=\"15. Nida, Historical Church, R2.A19.\" class=\"rl-gallery-link\" data-rl_caption=\"\" data-rel=\"lightbox-gallery-3\"><img src=\"https:\/\/sbt.ug.edu.pl\/wp-content\/uploads\/2019\/07\/15.-Nida-Historical-Church-R2.A19.-768x509.jpg\" width=\"640\" height=\"424\" alt=\"\" \/><\/a><\/div><div class=\"rl-gallery-item\"><a href=\"https:\/\/sbt.ug.edu.pl\/wp-content\/uploads\/2019\/07\/16.-Nida-marina-R2.A19..jpg\" title=\"16. Nida marina, R2.A19.\" data-rl_title=\"16. Nida marina, R2.A19.\" class=\"rl-gallery-link\" data-rl_caption=\"\" data-rel=\"lightbox-gallery-3\"><img src=\"https:\/\/sbt.ug.edu.pl\/wp-content\/uploads\/2019\/07\/16.-Nida-marina-R2.A19.-768x509.jpg\" width=\"640\" height=\"424\" alt=\"\" \/><\/a><\/div><div class=\"rl-gallery-item\"><a href=\"https:\/\/sbt.ug.edu.pl\/wp-content\/uploads\/2019\/07\/17.-Nida-marina-R2.A19..jpg\" title=\"17. Nida marina, R2.A19.\" data-rl_title=\"17. Nida marina, R2.A19.\" class=\"rl-gallery-link\" data-rl_caption=\"\" data-rel=\"lightbox-gallery-3\"><img src=\"https:\/\/sbt.ug.edu.pl\/wp-content\/uploads\/2019\/07\/17.-Nida-marina-R2.A19.-768x509.jpg\" width=\"640\" height=\"424\" alt=\"\" \/><\/a><\/div><div class=\"rl-gallery-item\"><a href=\"https:\/\/sbt.ug.edu.pl\/wp-content\/uploads\/2019\/07\/18.-Nida-promenade-R2.A19..jpg\" title=\"18. Nida promenade, R2.A19.\" data-rl_title=\"18. Nida promenade, R2.A19.\" class=\"rl-gallery-link\" data-rl_caption=\"\" data-rel=\"lightbox-gallery-3\"><img src=\"https:\/\/sbt.ug.edu.pl\/wp-content\/uploads\/2019\/07\/18.-Nida-promenade-R2.A19.-768x509.jpg\" width=\"640\" height=\"424\" alt=\"\" \/><\/a><\/div><div class=\"rl-gallery-item\"><a href=\"https:\/\/sbt.ug.edu.pl\/wp-content\/uploads\/2019\/07\/19.-Juodkrante-Curonian-Spit-R2.A19..jpg\" title=\"19. Juodkrante, Curonian Spit, R2.A19.\" data-rl_title=\"19. Juodkrante, Curonian Spit, R2.A19.\" class=\"rl-gallery-link\" data-rl_caption=\"\" data-rel=\"lightbox-gallery-3\"><img src=\"https:\/\/sbt.ug.edu.pl\/wp-content\/uploads\/2019\/07\/19.-Juodkrante-Curonian-Spit-R2.A19.-768x509.jpg\" width=\"640\" height=\"424\" alt=\"\" \/><\/a><\/div><div class=\"rl-gallery-item\"><a href=\"https:\/\/sbt.ug.edu.pl\/wp-content\/uploads\/2019\/07\/20.-Juodkrante-Curonian-Spit-R2.A19..jpg\" title=\"20. Juodkrante, Curonian Spit, R2.A19.\" data-rl_title=\"20. Juodkrante, Curonian Spit, R2.A19.\" class=\"rl-gallery-link\" data-rl_caption=\"\" data-rel=\"lightbox-gallery-3\"><img src=\"https:\/\/sbt.ug.edu.pl\/wp-content\/uploads\/2019\/07\/20.-Juodkrante-Curonian-Spit-R2.A19.-768x509.jpg\" width=\"640\" height=\"424\" alt=\"\" \/><\/a><\/div><div class=\"rl-gallery-item\"><a href=\"https:\/\/sbt.ug.edu.pl\/wp-content\/uploads\/2019\/07\/21.-Curonian-Spit-Beach-R2.A19..jpg\" title=\"21. Curonian Spit Beach, R2.A19.\" data-rl_title=\"21. Curonian Spit Beach, R2.A19.\" class=\"rl-gallery-link\" data-rl_caption=\"\" data-rel=\"lightbox-gallery-3\"><img src=\"https:\/\/sbt.ug.edu.pl\/wp-content\/uploads\/2019\/07\/21.-Curonian-Spit-Beach-R2.A19.-768x509.jpg\" width=\"640\" height=\"424\" alt=\"\" \/><\/a><\/div><div class=\"rl-gallery-item\"><a href=\"https:\/\/sbt.ug.edu.pl\/wp-content\/uploads\/2019\/07\/22.-Curonian-Spit-Beach-R2.A19..jpg\" title=\"22. Curonian Spit Beach, R2.A19.\" data-rl_title=\"22. Curonian Spit Beach, R2.A19.\" class=\"rl-gallery-link\" data-rl_caption=\"\" data-rel=\"lightbox-gallery-3\"><img src=\"https:\/\/sbt.ug.edu.pl\/wp-content\/uploads\/2019\/07\/22.-Curonian-Spit-Beach-R2.A19.-768x509.jpg\" width=\"640\" height=\"424\" alt=\"\" \/><\/a><\/div> <\/div> <\/div><\/p>","protected":false},"excerpt":{"rendered":"<p>LOKALIZACJA Park Narodowy Mierzei Kuro\u0144skiej znajduje si\u0119 na po\u0142udniu litewskiego wybrze\u017ca Ba\u0142tyku. Siedziba administracji parku zlokalizowana jest w mie\u015bcie Neringa w centrum parku (30 km od K\u0142ajpedy). Najdalszym punktem od K\u0142ajpedy w parku jest Nida (oddalona o 50 km). Do granic parku mo\u017cna dotrze\u0107 promem. Odleg\u0142o\u015b\u0107 mi\u0119dzy Palang\u0105 a Gda\u0144skiem wynosi 330 km, ale wi\u0105\u017ce [&hellip;]<\/p>\n","protected":false},"author":3,"featured_media":0,"parent":174,"menu_order":0,"comment_status":"closed","ping_status":"closed","template":"","meta":[],"categories":[34,15,9],"tags":[],"_links":{"self":[{"href":"https:\/\/sbt.ug.edu.pl\/pl\/wp-json\/wp\/v2\/pages\/515"}],"collection":[{"href":"https:\/\/sbt.ug.edu.pl\/pl\/wp-json\/wp\/v2\/pages"}],"about":[{"href":"https:\/\/sbt.ug.edu.pl\/pl\/wp-json\/wp\/v2\/types\/page"}],"author":[{"embeddable":true,"href":"https:\/\/sbt.ug.edu.pl\/pl\/wp-json\/wp\/v2\/users\/3"}],"replies":[{"embeddable":true,"href":"https:\/\/sbt.ug.edu.pl\/pl\/wp-json\/wp\/v2\/comments?post=515"}],"version-history":[{"count":8,"href":"https:\/\/sbt.ug.edu.pl\/pl\/wp-json\/wp\/v2\/pages\/515\/revisions"}],"predecessor-version":[{"id":5847,"href":"https:\/\/sbt.ug.edu.pl\/pl\/wp-json\/wp\/v2\/pages\/515\/revisions\/5847"}],"up":[{"embeddable":true,"href":"https:\/\/sbt.ug.edu.pl\/pl\/wp-json\/wp\/v2\/pages\/174"}],"wp:attachment":[{"href":"https:\/\/sbt.ug.edu.pl\/pl\/wp-json\/wp\/v2\/media?parent=515"}],"wp:term":[{"taxonomy":"category","embeddable":true,"href":"https:\/\/sbt.ug.edu.pl\/pl\/wp-json\/wp\/v2\/categories?post=515"},{"taxonomy":"post_tag","embeddable":true,"href":"https:\/\/sbt.ug.edu.pl\/pl\/wp-json\/wp\/v2\/tags?post=515"}],"curies":[{"name":"wp","href":"https:\/\/api.w.org\/{rel}","templated":true}]}}