{"id":517,"date":"2018-12-06T10:55:56","date_gmt":"2018-12-06T09:55:56","guid":{"rendered":"http:\/\/southbaltic-tourist.eu\/?page_id=517"},"modified":"2021-06-23T15:55:31","modified_gmt":"2021-06-23T14:55:31","slug":"20-gdansk-bay-surfing-hotspots","status":"publish","type":"page","link":"https:\/\/sbt.ug.edu.pl\/pl\/routes\/windsurfing-exploration\/20-gdansk-bay-surfing-hotspots\/","title":{"rendered":"20. MIEJSCA SURFINGOWE W ZATOCE GDA\u0143SKIEJ"},"content":{"rendered":"<p><\/p>\n<p style=\"text-align: justify;\"><strong>LOKALIZACJA<\/strong><\/p>\n<p style=\"text-align: justify;\">Spoty surfingowe w Zatoce Gda\u0144skiej znajduj\u0105 si\u0119 w Cha\u0142upach, Ku\u017anicy, Jastarni i Rewie. Zlokalizowane s\u0105 w os\u0142oni\u0119tej cz\u0119\u015bci Zatoki Gda\u0144skiej, bardzo blisko Tr\u00f3jmiasta (Gda\u0144sk-Sopot-Gdynia) na Pomorzu. Pla\u017ca w Rewie znajduje si\u0119 najbli\u017cej Gda\u0144ska, ale do ka\u017cdego ze wskazanych miejsc mo\u017cna \u0142atwo dotrze\u0107 w\u0142asnym samochodem lub \u015brodkami transportu publicznego. Do wyboru s\u0105 po\u0142\u0105czenia autobusowe oraz lokalne poci\u0105gi do wszystkich powy\u017cszych lokalizacji z Gdyni. Do Tr\u00f3jmiasta mo\u017cna dotrze\u0107 promem ze Szwecji (Karlskrona-Gdynia i Nyneshamn &#8211; Gda\u0144sk). W Gda\u0144sku znajduje si\u0119 tak\u017ce mi\u0119dzynarodowe lotnisko. Po\u0142o\u017cenie geograficzne pla\u017cy w Rewie: 54\u00b038\u2032N 18\u00b031\u2032E.<\/p>\n<p style=\"text-align: justify;\"><img decoding=\"async\" loading=\"lazy\" class=\"alignleft wp-image-1928\" src=\"https:\/\/southbaltic-tourist.eu\/wp-content\/uploads\/2019\/07\/1.-Gdansk-Bay-Surfing-Spot-Rewa-R2.A20..jpg\" alt=\"\" width=\"604\" height=\"400\" srcset=\"https:\/\/sbt.ug.edu.pl\/wp-content\/uploads\/2019\/07\/1.-Gdansk-Bay-Surfing-Spot-Rewa-R2.A20..jpg 1600w, https:\/\/sbt.ug.edu.pl\/wp-content\/uploads\/2019\/07\/1.-Gdansk-Bay-Surfing-Spot-Rewa-R2.A20.-300x199.jpg 300w, https:\/\/sbt.ug.edu.pl\/wp-content\/uploads\/2019\/07\/1.-Gdansk-Bay-Surfing-Spot-Rewa-R2.A20.-768x509.jpg 768w, https:\/\/sbt.ug.edu.pl\/wp-content\/uploads\/2019\/07\/1.-Gdansk-Bay-Surfing-Spot-Rewa-R2.A20.-1024x678.jpg 1024w, https:\/\/sbt.ug.edu.pl\/wp-content\/uploads\/2019\/07\/1.-Gdansk-Bay-Surfing-Spot-Rewa-R2.A20.-150x99.jpg 150w\" sizes=\"(max-width: 604px) 100vw, 604px\" \/><\/p>\n<p style=\"text-align: justify;\"><a href=\"https:\/\/southbaltic-tourist.eu\/wp-content\/uploads\/2020\/01\/r1a20_Gdansk_Bay_Surfing_square.png\" data-rel=\"lightbox-gallery-kTRhAmA3\" data-rl_title=\"\" data-rl_caption=\"\" title=\"\"><img decoding=\"async\" loading=\"lazy\" class=\"alignnone wp-image-5169\" src=\"https:\/\/southbaltic-tourist.eu\/wp-content\/uploads\/2020\/01\/r1a20_Gdansk_Bay_Surfing_square-300x256.png\" alt=\"\" width=\"469\" height=\"400\" srcset=\"https:\/\/sbt.ug.edu.pl\/wp-content\/uploads\/2020\/01\/r1a20_Gdansk_Bay_Surfing_square-300x256.png 300w, https:\/\/sbt.ug.edu.pl\/wp-content\/uploads\/2020\/01\/r1a20_Gdansk_Bay_Surfing_square-1024x874.png 1024w, https:\/\/sbt.ug.edu.pl\/wp-content\/uploads\/2020\/01\/r1a20_Gdansk_Bay_Surfing_square-768x655.png 768w, https:\/\/sbt.ug.edu.pl\/wp-content\/uploads\/2020\/01\/r1a20_Gdansk_Bay_Surfing_square-1536x1310.png 1536w, https:\/\/sbt.ug.edu.pl\/wp-content\/uploads\/2020\/01\/r1a20_Gdansk_Bay_Surfing_square-150x128.png 150w, https:\/\/sbt.ug.edu.pl\/wp-content\/uploads\/2020\/01\/r1a20_Gdansk_Bay_Surfing_square.png 1600w\" sizes=\"(max-width: 469px) 100vw, 469px\" \/><\/a><\/p>\n<p style=\"text-align: justify;\"><a href=\"https:\/\/www.google.com\/maps\/place\/Zatoka+Gda%C5%84ska\/@54.6137084,18.4273163,9z\/data=!3m1!4b1!4m5!3m4!1s0x46fd1a0e431d9f6f:0x33b7e2fb2179d8e6!8m2!3d54.5995351!4d19.0852091\" target=\"_blank\" rel=\"noopener noreferrer\">View on Google Maps<\/a><\/p>\n<p style=\"text-align: justify;\"><strong>MIEJSCA SURFINGOWE W ZATOCE GDA\u0143SKIEJ<\/strong><\/p>\n<p style=\"text-align: justify;\">Miejsca surfingowe Zatoki Gda\u0144skiej znajduj\u0105 si\u0119 mi\u0119dzy sta\u0142ym l\u0105dem a P\u00f3\u0142wyspem Helskim. To obszar, kt\u00f3ry niekoniecznie jest uwa\u017cany za znajduj\u0105cy si\u0119 przy otwartym morzu. Trzy spoty surfingowe znajduj\u0105 si\u0119 na samym p\u00f3\u0142wyspie: Cha\u0142upy, Ku\u017anica i Jastarnia, natomiast Rewa zlokalizowana jest na sta\u0142ym l\u0105dzie. Wody Zatoki Gda\u0144skiej s\u0105 stosunkowo p\u0142ytkie i stwarzaj\u0105 bardzo dobre warunki dla os\u00f3b pocz\u0105tkuj\u0105cych oraz organizowanych tam szk\u00f3\u0142 kitesurfingu. Mimo, \u017ce wody zatoki s\u0105 wystawione na otwarte morze utrzymuj\u0105 stosunkowo wy\u017csz\u0105 temperatur\u0119 ni\u017c w innych miejscach. W zatoce wyst\u0119puj\u0105 r\u00f3\u017cnorodne wiatry. Spoty w Cha\u0142upach, Ku\u017anicy i Jastarni maj\u0105 znacznie spokojniejszy charakter ni\u017c spot w Rewie. Co prawda wskazane miejsca w sezonie letnim s\u0105 bardzo oblegane przez turyst\u00f3w, jednak d\u0142ugo\u015b\u0107 wybrze\u017ca zapewnia wystarczaj\u0105co du\u017co przestrzeni wszystkim surferom. Spoty ponadto znajduj\u0105 si\u0119 z dala od g\u0142\u00f3wnych pla\u017c.<\/p>\n<p style=\"text-align: justify;\"><strong>ATRAKCJE<\/strong><\/p>\n<p style=\"text-align: justify;\">P\u00f3\u0142wysep Helski to modne miejsce letniego wypoczynku, przyci\u0105gaj\u0105ce turyst\u00f3w nie tylko z Polski, ale tak\u017ce z zagranicy. Rewa znajduje si\u0119 w bliskim s\u0105siedztwie Tr\u00f3jmiasta. \u0141atwo dost\u0119pny transport publiczny \u0142\u0105cz\u0105cy P\u00f3\u0142wysep Helski ze sta\u0142ym l\u0105dem pozwala na kr\u00f3tkie wypady do miast takich Gda\u0144sk, Gdynia czy Sopot. Tr\u00f3jmiasto oferuje wiele atrakcji turystycznych np. Muzeum Solidarno\u015bci, Muzeum II Wojny \u015awiatowej, Narodowe Muzeum Morskie, zabytkow\u0105 dzielnic\u0119 Starego Miasta w Gda\u0144sku i relaksuj\u0105cy kurort w Sopocie z najd\u0142u\u017cszym molo nad Morzem Ba\u0142tyckim. Najm\u0142odszym z powy\u017cszych miast jest Gdynia, kt\u00f3ra znana jest z szerokiej promenady, molo w Or\u0142owie, wielu tras rowerowych i kilku modnych teatr\u00f3w (przyk\u0142adowo, Teatr Muzyczny im. Danuty Baduszkowej).<\/p>\n<div class=\"rl-gallery-container rl-loading\" id=\"rl-gallery-container-3\" data-gallery_id=\"1927\"> <div class=\"rl-gallery rl-basicgrid-gallery \" id=\"rl-gallery-3\" data-gallery_no=\"3\"> <div class=\"rl-gallery-item\"><a href=\"https:\/\/sbt.ug.edu.pl\/wp-content\/uploads\/2019\/07\/1.-Gdansk-Bay-Surfing-Spot-Rewa-R2.A20..jpg\" title=\"1. Gdansk Bay Surfing Spot Rewa, R2.A20.\" data-rl_title=\"1. Gdansk Bay Surfing Spot Rewa, R2.A20.\" class=\"rl-gallery-link\" data-rl_caption=\"\" data-rel=\"lightbox-gallery-3\"><img src=\"https:\/\/sbt.ug.edu.pl\/wp-content\/uploads\/2019\/07\/1.-Gdansk-Bay-Surfing-Spot-Rewa-R2.A20.-768x509.jpg\" width=\"640\" height=\"424\" alt=\"\" \/><\/a><\/div><div class=\"rl-gallery-item\"><a href=\"https:\/\/sbt.ug.edu.pl\/wp-content\/uploads\/2019\/07\/2.-Gdansk-Bay-Surfing-Spot-Jastarnia-R2.A20..jpg\" title=\"2. Gdansk Bay Surfing Spot Jastarnia, R2.A20.\" data-rl_title=\"2. Gdansk Bay Surfing Spot Jastarnia, R2.A20.\" class=\"rl-gallery-link\" data-rl_caption=\"\" data-rel=\"lightbox-gallery-3\"><img src=\"https:\/\/sbt.ug.edu.pl\/wp-content\/uploads\/2019\/07\/2.-Gdansk-Bay-Surfing-Spot-Jastarnia-R2.A20.-768x509.jpg\" width=\"640\" height=\"424\" alt=\"\" \/><\/a><\/div><div class=\"rl-gallery-item\"><a href=\"https:\/\/sbt.ug.edu.pl\/wp-content\/uploads\/2019\/07\/3.-Gdansk-Bay-Surfing-Spot-Jastarnia-R2.A20..jpg\" title=\"3. Gdansk Bay Surfing Spot Jastarnia, R2.A20.\" data-rl_title=\"3. Gdansk Bay Surfing Spot Jastarnia, R2.A20.\" class=\"rl-gallery-link\" data-rl_caption=\"\" data-rel=\"lightbox-gallery-3\"><img src=\"https:\/\/sbt.ug.edu.pl\/wp-content\/uploads\/2019\/07\/3.-Gdansk-Bay-Surfing-Spot-Jastarnia-R2.A20.-768x509.jpg\" width=\"640\" height=\"424\" alt=\"\" \/><\/a><\/div><div class=\"rl-gallery-item\"><a href=\"https:\/\/sbt.ug.edu.pl\/wp-content\/uploads\/2019\/07\/4.-Gdansk-Bay-Rewa-R2.A20..jpg\" title=\"4. Gdansk Bay, Rewa, R2.A20.\" data-rl_title=\"4. Gdansk Bay, Rewa, R2.A20.\" class=\"rl-gallery-link\" data-rl_caption=\"\" data-rel=\"lightbox-gallery-3\"><img src=\"https:\/\/sbt.ug.edu.pl\/wp-content\/uploads\/2019\/07\/4.-Gdansk-Bay-Rewa-R2.A20.-768x509.jpg\" width=\"640\" height=\"424\" alt=\"\" \/><\/a><\/div><div class=\"rl-gallery-item\"><a href=\"https:\/\/sbt.ug.edu.pl\/wp-content\/uploads\/2019\/07\/5.-Gdansk-Bay-Rewa-R2.A20..jpg\" title=\"5. Gdansk Bay, Rewa, R2.A20.\" data-rl_title=\"5. Gdansk Bay, Rewa, R2.A20.\" class=\"rl-gallery-link\" data-rl_caption=\"\" data-rel=\"lightbox-gallery-3\"><img src=\"https:\/\/sbt.ug.edu.pl\/wp-content\/uploads\/2019\/07\/5.-Gdansk-Bay-Rewa-R2.A20.-768x509.jpg\" width=\"640\" height=\"424\" alt=\"\" \/><\/a><\/div><div class=\"rl-gallery-item\"><a href=\"https:\/\/sbt.ug.edu.pl\/wp-content\/uploads\/2019\/07\/6.-Gdansk-Bay-Jastarnia-R2.A20..jpg\" title=\"6. Gdansk Bay, Jastarnia, R2.A20.\" data-rl_title=\"6. Gdansk Bay, Jastarnia, R2.A20.\" class=\"rl-gallery-link\" data-rl_caption=\"\" data-rel=\"lightbox-gallery-3\"><img src=\"https:\/\/sbt.ug.edu.pl\/wp-content\/uploads\/2019\/07\/6.-Gdansk-Bay-Jastarnia-R2.A20.-768x509.jpg\" width=\"640\" height=\"424\" alt=\"\" \/><\/a><\/div><div class=\"rl-gallery-item\"><a href=\"https:\/\/sbt.ug.edu.pl\/wp-content\/uploads\/2019\/07\/7.-Gdansk-Bay-Jastrania-R2.A20..jpg\" title=\"7. Gdansk Bay, Jastrania, R2.A20.\" data-rl_title=\"7. Gdansk Bay, Jastrania, R2.A20.\" class=\"rl-gallery-link\" data-rl_caption=\"\" data-rel=\"lightbox-gallery-3\"><img src=\"https:\/\/sbt.ug.edu.pl\/wp-content\/uploads\/2019\/07\/7.-Gdansk-Bay-Jastrania-R2.A20.-768x509.jpg\" width=\"640\" height=\"424\" alt=\"\" \/><\/a><\/div><div class=\"rl-gallery-item\"><a href=\"https:\/\/sbt.ug.edu.pl\/wp-content\/uploads\/2019\/07\/8.Gdansk-Bay-Jastarnia-R2.A20..jpg\" title=\"8.Gdansk Bay, Jastarnia, R2.A20.\" data-rl_title=\"8.Gdansk Bay, Jastarnia, R2.A20.\" class=\"rl-gallery-link\" data-rl_caption=\"\" data-rel=\"lightbox-gallery-3\"><img src=\"https:\/\/sbt.ug.edu.pl\/wp-content\/uploads\/2019\/07\/8.Gdansk-Bay-Jastarnia-R2.A20.-768x509.jpg\" width=\"640\" height=\"424\" alt=\"\" \/><\/a><\/div><div class=\"rl-gallery-item\"><a href=\"https:\/\/sbt.ug.edu.pl\/wp-content\/uploads\/2019\/07\/9.-Gdansk-Bay-Rewa-R2.A20..jpg\" title=\"9. Gdansk Bay, Rewa, R2.A20.\" data-rl_title=\"9. Gdansk Bay, Rewa, R2.A20.\" class=\"rl-gallery-link\" data-rl_caption=\"\" data-rel=\"lightbox-gallery-3\"><img src=\"https:\/\/sbt.ug.edu.pl\/wp-content\/uploads\/2019\/07\/9.-Gdansk-Bay-Rewa-R2.A20.-768x509.jpg\" width=\"640\" height=\"424\" alt=\"\" \/><\/a><\/div><div class=\"rl-gallery-item\"><a href=\"https:\/\/sbt.ug.edu.pl\/wp-content\/uploads\/2019\/07\/10.-Gdansk-Bay-Rewa-R2.A20..jpg\" title=\"10. Gdansk Bay, Rewa, R2.A20.\" data-rl_title=\"10. Gdansk Bay, Rewa, R2.A20.\" class=\"rl-gallery-link\" data-rl_caption=\"\" data-rel=\"lightbox-gallery-3\"><img src=\"https:\/\/sbt.ug.edu.pl\/wp-content\/uploads\/2019\/07\/10.-Gdansk-Bay-Rewa-R2.A20.-768x509.jpg\" width=\"640\" height=\"424\" alt=\"\" \/><\/a><\/div><div class=\"rl-gallery-item\"><a href=\"https:\/\/sbt.ug.edu.pl\/wp-content\/uploads\/2019\/07\/11.-Gdansk-Bay-Rewa-R2.A20..jpg\" title=\"11. Gdansk Bay, Rewa, R2.A20.\" data-rl_title=\"11. Gdansk Bay, Rewa, R2.A20.\" class=\"rl-gallery-link\" data-rl_caption=\"\" data-rel=\"lightbox-gallery-3\"><img src=\"https:\/\/sbt.ug.edu.pl\/wp-content\/uploads\/2019\/07\/11.-Gdansk-Bay-Rewa-R2.A20.-768x509.jpg\" width=\"640\" height=\"424\" alt=\"\" \/><\/a><\/div><div class=\"rl-gallery-item\"><a href=\"https:\/\/sbt.ug.edu.pl\/wp-content\/uploads\/2019\/07\/12.Gdansk-Bay-Rewa-R2.A20..jpg\" title=\"12.Gdansk Bay, Rewa, R2.A20.\" data-rl_title=\"12.Gdansk Bay, Rewa, R2.A20.\" class=\"rl-gallery-link\" data-rl_caption=\"\" data-rel=\"lightbox-gallery-3\"><img src=\"https:\/\/sbt.ug.edu.pl\/wp-content\/uploads\/2019\/07\/12.Gdansk-Bay-Rewa-R2.A20.-768x509.jpg\" width=\"640\" height=\"424\" alt=\"\" \/><\/a><\/div><div class=\"rl-gallery-item\"><a href=\"https:\/\/sbt.ug.edu.pl\/wp-content\/uploads\/2019\/07\/13.-Gdansk-Bay-Rewa-R2.A20..jpg\" title=\"13. Gdansk Bay, Rewa, R2.A20.\" data-rl_title=\"13. Gdansk Bay, Rewa, R2.A20.\" class=\"rl-gallery-link\" data-rl_caption=\"\" data-rel=\"lightbox-gallery-3\"><img src=\"https:\/\/sbt.ug.edu.pl\/wp-content\/uploads\/2019\/07\/13.-Gdansk-Bay-Rewa-R2.A20.-768x509.jpg\" width=\"640\" height=\"424\" alt=\"\" \/><\/a><\/div><div class=\"rl-gallery-item\"><a href=\"https:\/\/sbt.ug.edu.pl\/wp-content\/uploads\/2019\/07\/14.-Gdansk-Bay-Rewa-R2.A20..jpg\" title=\"14. Gdansk Bay, Rewa, R2.A20.\" data-rl_title=\"14. Gdansk Bay, Rewa, R2.A20.\" class=\"rl-gallery-link\" data-rl_caption=\"\" data-rel=\"lightbox-gallery-3\"><img src=\"https:\/\/sbt.ug.edu.pl\/wp-content\/uploads\/2019\/07\/14.-Gdansk-Bay-Rewa-R2.A20.-768x432.jpg\" width=\"640\" height=\"360\" alt=\"\" \/><\/a><\/div><div class=\"rl-gallery-item\"><a href=\"https:\/\/sbt.ug.edu.pl\/wp-content\/uploads\/2019\/07\/15.-Gdansk-Bay-Rewa-R2.A20..jpg\" title=\"15. Gdansk Bay, Rewa, R2.A20.\" data-rl_title=\"15. Gdansk Bay, Rewa, R2.A20.\" class=\"rl-gallery-link\" data-rl_caption=\"\" data-rel=\"lightbox-gallery-3\"><img src=\"https:\/\/sbt.ug.edu.pl\/wp-content\/uploads\/2019\/07\/15.-Gdansk-Bay-Rewa-R2.A20.-768x509.jpg\" width=\"640\" height=\"424\" alt=\"\" \/><\/a><\/div><div class=\"rl-gallery-item\"><a href=\"https:\/\/sbt.ug.edu.pl\/wp-content\/uploads\/2019\/07\/16.-Gdansk-Bay-Rewa-R2.A20..jpg\" title=\"16. Gdansk Bay, Rewa, R2.A20.\" data-rl_title=\"16. Gdansk Bay, Rewa, R2.A20.\" class=\"rl-gallery-link\" data-rl_caption=\"\" data-rel=\"lightbox-gallery-3\"><img src=\"https:\/\/sbt.ug.edu.pl\/wp-content\/uploads\/2019\/07\/16.-Gdansk-Bay-Rewa-R2.A20.-768x509.jpg\" width=\"640\" height=\"424\" alt=\"\" \/><\/a><\/div><div class=\"rl-gallery-item\"><a href=\"https:\/\/sbt.ug.edu.pl\/wp-content\/uploads\/2019\/07\/17.-Gdansk-Bay-Rewa-R2.A20..jpg\" title=\"17. Gdansk Bay, Rewa, R2.A20.\" data-rl_title=\"17. Gdansk Bay, Rewa, R2.A20.\" class=\"rl-gallery-link\" data-rl_caption=\"\" data-rel=\"lightbox-gallery-3\"><img src=\"https:\/\/sbt.ug.edu.pl\/wp-content\/uploads\/2019\/07\/17.-Gdansk-Bay-Rewa-R2.A20.-768x509.jpg\" width=\"640\" height=\"424\" alt=\"\" \/><\/a><\/div><div class=\"rl-gallery-item\"><a href=\"https:\/\/sbt.ug.edu.pl\/wp-content\/uploads\/2019\/07\/18.-Gdansk-Bay-Rewa-R2.A20..jpg\" title=\"18. Gdansk Bay, Rewa, R2.A20.\" data-rl_title=\"18. Gdansk Bay, Rewa, R2.A20.\" class=\"rl-gallery-link\" data-rl_caption=\"\" data-rel=\"lightbox-gallery-3\"><img src=\"https:\/\/sbt.ug.edu.pl\/wp-content\/uploads\/2019\/07\/18.-Gdansk-Bay-Rewa-R2.A20.-768x509.jpg\" width=\"640\" height=\"424\" alt=\"\" \/><\/a><\/div><div class=\"rl-gallery-item\"><a href=\"https:\/\/sbt.ug.edu.pl\/wp-content\/uploads\/2019\/07\/19.-Gdansk-Bay-Rewa-R2.A20..jpg\" title=\"19. Gdansk Bay, Rewa, R2.A20.\" data-rl_title=\"19. Gdansk Bay, Rewa, R2.A20.\" class=\"rl-gallery-link\" data-rl_caption=\"\" data-rel=\"lightbox-gallery-3\"><img src=\"https:\/\/sbt.ug.edu.pl\/wp-content\/uploads\/2019\/07\/19.-Gdansk-Bay-Rewa-R2.A20.-768x509.jpg\" width=\"640\" height=\"424\" alt=\"\" \/><\/a><\/div><div class=\"rl-gallery-item\"><a href=\"https:\/\/sbt.ug.edu.pl\/wp-content\/uploads\/2019\/07\/20.-Gdansk-Bay-Rewa-R2.A20..jpg\" title=\"20. Gdansk Bay, Rewa, R2.A20.\" data-rl_title=\"20. Gdansk Bay, Rewa, R2.A20.\" class=\"rl-gallery-link\" data-rl_caption=\"\" data-rel=\"lightbox-gallery-3\"><img src=\"https:\/\/sbt.ug.edu.pl\/wp-content\/uploads\/2019\/07\/20.-Gdansk-Bay-Rewa-R2.A20.-768x509.jpg\" width=\"640\" height=\"424\" alt=\"\" \/><\/a><\/div><div class=\"rl-gallery-item\"><a href=\"https:\/\/sbt.ug.edu.pl\/wp-content\/uploads\/2019\/07\/21.-Gdansk-Bay-Rewa-R2.A20..jpg\" title=\"21. Gdansk Bay, Rewa, R2.A20.\" data-rl_title=\"21. Gdansk Bay, Rewa, R2.A20.\" class=\"rl-gallery-link\" data-rl_caption=\"\" data-rel=\"lightbox-gallery-3\"><img src=\"https:\/\/sbt.ug.edu.pl\/wp-content\/uploads\/2019\/07\/21.-Gdansk-Bay-Rewa-R2.A20.-768x509.jpg\" width=\"640\" height=\"424\" alt=\"\" \/><\/a><\/div><div class=\"rl-gallery-item\"><a href=\"https:\/\/sbt.ug.edu.pl\/wp-content\/uploads\/2019\/07\/22.-Gdansk-Bay-Rewa-R2.A20..jpg\" title=\"22. Gdansk Bay, Rewa, R2.A20.\" data-rl_title=\"22. Gdansk Bay, Rewa, R2.A20.\" class=\"rl-gallery-link\" data-rl_caption=\"\" data-rel=\"lightbox-gallery-3\"><img src=\"https:\/\/sbt.ug.edu.pl\/wp-content\/uploads\/2019\/07\/22.-Gdansk-Bay-Rewa-R2.A20.-768x509.jpg\" width=\"640\" height=\"424\" alt=\"\" \/><\/a><\/div> <\/div> <\/div>\n<p style=\"text-align: justify;\">\n<p><\/p>","protected":false},"excerpt":{"rendered":"<p>LOKALIZACJA Spoty surfingowe w Zatoce Gda\u0144skiej znajduj\u0105 si\u0119 w Cha\u0142upach, Ku\u017anicy, Jastarni i Rewie. Zlokalizowane s\u0105 w os\u0142oni\u0119tej cz\u0119\u015bci Zatoki Gda\u0144skiej, bardzo blisko Tr\u00f3jmiasta (Gda\u0144sk-Sopot-Gdynia) na Pomorzu. Pla\u017ca w Rewie znajduje si\u0119 najbli\u017cej Gda\u0144ska, ale do ka\u017cdego ze wskazanych miejsc mo\u017cna \u0142atwo dotrze\u0107 w\u0142asnym samochodem lub \u015brodkami transportu publicznego. Do wyboru s\u0105 po\u0142\u0105czenia autobusowe oraz [&hellip;]<\/p>\n","protected":false},"author":3,"featured_media":0,"parent":174,"menu_order":0,"comment_status":"closed","ping_status":"closed","template":"","meta":[],"categories":[34,12,9],"tags":[],"_links":{"self":[{"href":"https:\/\/sbt.ug.edu.pl\/pl\/wp-json\/wp\/v2\/pages\/517"}],"collection":[{"href":"https:\/\/sbt.ug.edu.pl\/pl\/wp-json\/wp\/v2\/pages"}],"about":[{"href":"https:\/\/sbt.ug.edu.pl\/pl\/wp-json\/wp\/v2\/types\/page"}],"author":[{"embeddable":true,"href":"https:\/\/sbt.ug.edu.pl\/pl\/wp-json\/wp\/v2\/users\/3"}],"replies":[{"embeddable":true,"href":"https:\/\/sbt.ug.edu.pl\/pl\/wp-json\/wp\/v2\/comments?post=517"}],"version-history":[{"count":13,"href":"https:\/\/sbt.ug.edu.pl\/pl\/wp-json\/wp\/v2\/pages\/517\/revisions"}],"predecessor-version":[{"id":5848,"href":"https:\/\/sbt.ug.edu.pl\/pl\/wp-json\/wp\/v2\/pages\/517\/revisions\/5848"}],"up":[{"embeddable":true,"href":"https:\/\/sbt.ug.edu.pl\/pl\/wp-json\/wp\/v2\/pages\/174"}],"wp:attachment":[{"href":"https:\/\/sbt.ug.edu.pl\/pl\/wp-json\/wp\/v2\/media?parent=517"}],"wp:term":[{"taxonomy":"category","embeddable":true,"href":"https:\/\/sbt.ug.edu.pl\/pl\/wp-json\/wp\/v2\/categories?post=517"},{"taxonomy":"post_tag","embeddable":true,"href":"https:\/\/sbt.ug.edu.pl\/pl\/wp-json\/wp\/v2\/tags?post=517"}],"curies":[{"name":"wp","href":"https:\/\/api.w.org\/{rel}","templated":true}]}}