{"id":519,"date":"2018-12-06T10:57:19","date_gmt":"2018-12-06T09:57:19","guid":{"rendered":"http:\/\/southbaltic-tourist.eu\/?page_id=519"},"modified":"2021-06-23T15:57:16","modified_gmt":"2021-06-23T14:57:16","slug":"21-hel-penisula-biking","status":"publish","type":"page","link":"https:\/\/sbt.ug.edu.pl\/pl\/routes\/windsurfing-exploration\/21-hel-penisula-biking\/","title":{"rendered":"21. TRASA ROWEROWA PO P\u00d3\u0141WYSPIE HELSKIM"},"content":{"rendered":"<p><\/p>\n<p style=\"text-align: justify;\"><strong>LOKALIZACJA<\/strong><\/p>\n<p style=\"text-align: justify;\">Szlak rowerowy na P\u00f3\u0142wyspie Helskim rozpoczyna si\u0119 we W\u0142adys\u0142awowie, na pocz\u0105tku p\u00f3\u0142wyspu i ko\u0144czy si\u0119 w miejscowo\u015bci Hel \u2013 fina\u0142owym porcie morskim tej\u017ce na trasie. Zaplanowana trasa prowadzi, tak aby mo\u017cliwe by\u0142o skorzystanie z wszystkich spot\u00f3w surfingowych na p\u00f3\u0142wyspie. Trasa rowerowa znajduje si\u0119 w pobli\u017cu Tr\u00f3jmiasta (Gda\u0144sk-Sopot-Gdynia) na Pomorzu (Hel znajduje si\u0119 oko\u0142o 30 km od Gdyni). Na Hel mo\u017cna dojecha\u0107 lokalnymi poci\u0105gami, kt\u00f3re wyruszaj\u0105 z Gdyni i zezwalaj\u0105 na bezp\u0142atny przew\u00f3z rower\u00f3w, b\u0105d\u017a skorzysta\u0107 z w\u0142asnego auta. Do Tr\u00f3jmiasta mo\u017cna dotrze\u0107 promem ze Szwecji (Karlskrona-Gdynia i Nyneshamn &#8211; Gda\u0144sk). W Gda\u0144sku znajduje si\u0119 tak\u017ce mi\u0119dzynarodowe lotnisko. Po\u0142o\u017cenie geograficzne W\u0142adys\u0142awowa (startowy punkt trasy): 54\u00b048\u2032N 18\u00b025\u2032E.<\/p>\n<p style=\"text-align: justify;\"><img decoding=\"async\" loading=\"lazy\" class=\"alignleft wp-image-1953\" src=\"https:\/\/southbaltic-tourist.eu\/wp-content\/uploads\/2019\/07\/1.-Biking-in-Hel-Peninsula-Trail-R2.A21..jpg\" alt=\"\" width=\"604\" height=\"400\" srcset=\"https:\/\/sbt.ug.edu.pl\/wp-content\/uploads\/2019\/07\/1.-Biking-in-Hel-Peninsula-Trail-R2.A21..jpg 1600w, https:\/\/sbt.ug.edu.pl\/wp-content\/uploads\/2019\/07\/1.-Biking-in-Hel-Peninsula-Trail-R2.A21.-300x199.jpg 300w, https:\/\/sbt.ug.edu.pl\/wp-content\/uploads\/2019\/07\/1.-Biking-in-Hel-Peninsula-Trail-R2.A21.-768x509.jpg 768w, https:\/\/sbt.ug.edu.pl\/wp-content\/uploads\/2019\/07\/1.-Biking-in-Hel-Peninsula-Trail-R2.A21.-1024x678.jpg 1024w, https:\/\/sbt.ug.edu.pl\/wp-content\/uploads\/2019\/07\/1.-Biking-in-Hel-Peninsula-Trail-R2.A21.-150x99.jpg 150w\" sizes=\"(max-width: 604px) 100vw, 604px\" \/><\/p>\n<p style=\"text-align: justify;\"><a href=\"https:\/\/southbaltic-tourist.eu\/wp-content\/uploads\/2020\/01\/r1a21_Hel_Penisula_Biking_square.png\" data-rel=\"lightbox-gallery-hBtQm1wU\" data-rl_title=\"\" data-rl_caption=\"\" title=\"\"><img decoding=\"async\" loading=\"lazy\" class=\"alignnone wp-image-5174\" src=\"https:\/\/southbaltic-tourist.eu\/wp-content\/uploads\/2020\/01\/r1a21_Hel_Penisula_Biking_square-300x256.png\" alt=\"\" width=\"469\" height=\"400\" srcset=\"https:\/\/sbt.ug.edu.pl\/wp-content\/uploads\/2020\/01\/r1a21_Hel_Penisula_Biking_square-300x256.png 300w, https:\/\/sbt.ug.edu.pl\/wp-content\/uploads\/2020\/01\/r1a21_Hel_Penisula_Biking_square-1024x874.png 1024w, https:\/\/sbt.ug.edu.pl\/wp-content\/uploads\/2020\/01\/r1a21_Hel_Penisula_Biking_square-768x655.png 768w, https:\/\/sbt.ug.edu.pl\/wp-content\/uploads\/2020\/01\/r1a21_Hel_Penisula_Biking_square-1536x1310.png 1536w, https:\/\/sbt.ug.edu.pl\/wp-content\/uploads\/2020\/01\/r1a21_Hel_Penisula_Biking_square-150x128.png 150w, https:\/\/sbt.ug.edu.pl\/wp-content\/uploads\/2020\/01\/r1a21_Hel_Penisula_Biking_square.png 1600w\" sizes=\"(max-width: 469px) 100vw, 469px\" \/><\/a><\/p>\n<p style=\"text-align: justify;\"><a href=\"https:\/\/www.google.com\/maps\/place\/Hel\/@54.6363688,18.7048158,12z\/data=!3m1!4b1!4m13!1m7!3m6!1s0x46fdab31ae62ff37:0xb9e6ea8ace33b461!2sMierzeja+Helska!3b1!8m2!3d54.75!4d18.6666667!3m4!1s0x46fd0429b0408aab:0x66e584a9f09d68ea!8m2!3d54.608366!4d18.8007832\" target=\"_blank\" rel=\"noopener noreferrer\">View on Google Maps<\/a><\/p>\n<p style=\"text-align: justify;\"><strong>TRASA ROWEROWA PO P\u00d3\u0141WYSPIE HELSKIM<\/strong><\/p>\n<p style=\"text-align: justify;\">Trasa rowerowa P\u00f3\u0142wyspu Helskiego jest jedn\u0105 z najbardziej malowniczych tras w Polsce. Punkt startowy trasy, jakim jest W\u0142adys\u0142awowo by\u0107 mo\u017ce nie zachwyci turyst\u00f3w swym urokiem, jednak tu\u017c po wyruszeniu w kierunku portu rybackiego Cha\u0142upy droga staje si\u0119 ciekawsza i bardziej atrakcyjna. Rowerzy\u015bci podczas wycieczki mog\u0105 podziwia\u0107 ko\u0142ysz\u0105ce si\u0119 na morzu \u0142odzie rybackie, trenuj\u0105cych windsurfer\u00f3w i kitesurfer\u00f3w, a tak\u017ce pla\u017cowicz\u00f3w korzystaj\u0105cych z nadmorskich kurort\u00f3w. Nast\u0119pnie trasa biegnie wzd\u0142u\u017c nabrze\u017ca tu\u017c obok rybnych tawern i licznych bar\u00f3w. Od Cha\u0142up do Ku\u017anicy szlak prowadzi tu\u017c przy morzu. W miar\u0119 zbli\u017cania si\u0119 do Jastarni trasa przebiega przez r\u00f3\u017cnorodne lasy. Ko\u0144cowym punktem trasy jest miasto Hel &#8211; osada zwi\u0105zana zar\u00f3wno z dzia\u0142alno\u015bci\u0105 morsk\u0105, jak i ryback\u0105. Miasto pe\u0142ne jest bar\u00f3w i restauracji, w kt\u00f3rych mo\u017cna zje\u015b\u0107 \u015bwie\u017ce ryby z porannego po\u0142owu.<\/p>\n<p style=\"text-align: justify;\"><strong>POBLISKIE ATRAKCJE<\/strong><\/p>\n<p style=\"text-align: justify;\">P\u00f3\u0142wysep Helski to modne miejsce letniego wypoczynku, przyci\u0105gaj\u0105ce turyst\u00f3w nie tylko z Polski, ale tak\u017ce z zagranicy. Rewa znajduje si\u0119 w bliskim s\u0105siedztwie Tr\u00f3jmiasta. \u0141atwo dost\u0119pny transport publiczny \u0142\u0105cz\u0105cy P\u00f3\u0142wysep Helski ze sta\u0142ym l\u0105dem pozwala na kr\u00f3tkie wypady do miast takich jak Gda\u0144sk, Gdynia czy Sopot. Tr\u00f3jmiasto oferuje wiele atrakcji turystycznych np. Muzeum Solidarno\u015bci, Muzeum II Wojny \u015awiatowej, Narodowe Muzeum Morskie, zabytkow\u0105 dzielnic\u0119 Starego Miasta w Gda\u0144sku i relaksuj\u0105cy kurort w Sopocie z najd\u0142u\u017cszym molo nad Morzem Ba\u0142tyckim. W mie\u015bcie Hel znajduje si\u0119 z kolei stacja morska, zajmuj\u0105ca si\u0119 hodowl\u0105 fok, a tak\u017ce niesieniem pomocy fokom \u017cyj\u0105cym na wolno\u015bci, kt\u00f3re zab\u0142\u0105dzi\u0142y b\u0105d\u017a zosta\u0142y ranne. Odbudowa populacji fok w regionie Morza Ba\u0142tyckiego okazuje si\u0119 skuteczna, a osoby odwiedzaj\u0105ce stacj\u0119 morsk\u0105 w Helu mog\u0105 obserwowa\u0107, jak wygl\u0105da codzienna troska o dobro tych ssak\u00f3w.<\/p>\n<div class=\"rl-gallery-container rl-loading\" id=\"rl-gallery-container-3\" data-gallery_id=\"1952\"> <div class=\"rl-gallery rl-basicgrid-gallery \" id=\"rl-gallery-3\" data-gallery_no=\"3\"> <div class=\"rl-gallery-item\"><a href=\"https:\/\/sbt.ug.edu.pl\/wp-content\/uploads\/2019\/07\/1.-Biking-in-Hel-Peninsula-Trail-R2.A21..jpg\" title=\"1. Biking in Hel Peninsula Trail, R2.A21.\" data-rl_title=\"1. Biking in Hel Peninsula Trail, R2.A21.\" class=\"rl-gallery-link\" data-rl_caption=\"\" data-rel=\"lightbox-gallery-3\"><img src=\"https:\/\/sbt.ug.edu.pl\/wp-content\/uploads\/2019\/07\/1.-Biking-in-Hel-Peninsula-Trail-R2.A21.-768x509.jpg\" width=\"640\" height=\"424\" alt=\"\" \/><\/a><\/div><div class=\"rl-gallery-item\"><a href=\"https:\/\/sbt.ug.edu.pl\/wp-content\/uploads\/2019\/07\/2.-Hel-Bike-Trail-R2.A21..jpg\" title=\"2. Hel Bike Trail, R2.A21.\" data-rl_title=\"2. Hel Bike Trail, R2.A21.\" class=\"rl-gallery-link\" data-rl_caption=\"\" data-rel=\"lightbox-gallery-3\"><img src=\"https:\/\/sbt.ug.edu.pl\/wp-content\/uploads\/2019\/07\/2.-Hel-Bike-Trail-R2.A21.-768x509.jpg\" width=\"640\" height=\"424\" alt=\"\" \/><\/a><\/div><div class=\"rl-gallery-item\"><a href=\"https:\/\/sbt.ug.edu.pl\/wp-content\/uploads\/2019\/07\/3.-Hel-Bike-Trail-R2.A21..jpg\" title=\"3. Hel Bike Trail, R2.A21.\" data-rl_title=\"3. Hel Bike Trail, R2.A21.\" class=\"rl-gallery-link\" data-rl_caption=\"\" data-rel=\"lightbox-gallery-3\"><img src=\"https:\/\/sbt.ug.edu.pl\/wp-content\/uploads\/2019\/07\/3.-Hel-Bike-Trail-R2.A21.-768x509.jpg\" width=\"640\" height=\"424\" alt=\"\" \/><\/a><\/div><div class=\"rl-gallery-item\"><a href=\"https:\/\/sbt.ug.edu.pl\/wp-content\/uploads\/2019\/07\/4.-Hel-Bike-Trail-R2.A21..jpg\" title=\"4. Hel Bike Trail, R2.A21.\" data-rl_title=\"4. Hel Bike Trail, R2.A21.\" class=\"rl-gallery-link\" data-rl_caption=\"\" data-rel=\"lightbox-gallery-3\"><img src=\"https:\/\/sbt.ug.edu.pl\/wp-content\/uploads\/2019\/07\/4.-Hel-Bike-Trail-R2.A21.-768x509.jpg\" width=\"640\" height=\"424\" alt=\"\" \/><\/a><\/div><div class=\"rl-gallery-item\"><a href=\"https:\/\/sbt.ug.edu.pl\/wp-content\/uploads\/2019\/07\/5.-Hel-Bike-Trail-R2.A21..jpg\" title=\"5. Hel Bike Trail, R2.A21.\" data-rl_title=\"5. Hel Bike Trail, R2.A21.\" class=\"rl-gallery-link\" data-rl_caption=\"\" data-rel=\"lightbox-gallery-3\"><img src=\"https:\/\/sbt.ug.edu.pl\/wp-content\/uploads\/2019\/07\/5.-Hel-Bike-Trail-R2.A21.-768x509.jpg\" width=\"640\" height=\"424\" alt=\"\" \/><\/a><\/div><div class=\"rl-gallery-item\"><a href=\"https:\/\/sbt.ug.edu.pl\/wp-content\/uploads\/2019\/07\/6.-Surfing-spot-in-Cha\u0105upy-R2.A21..jpg\" title=\"6. Surfing spot in Cha\u0105upy, R2.A21.\" data-rl_title=\"6. Surfing spot in Cha\u0105upy, R2.A21.\" class=\"rl-gallery-link\" data-rl_caption=\"\" data-rel=\"lightbox-gallery-3\"><img src=\"https:\/\/sbt.ug.edu.pl\/wp-content\/uploads\/2019\/07\/6.-Surfing-spot-in-Cha\u0105upy-R2.A21.-768x509.jpg\" width=\"640\" height=\"424\" alt=\"\" \/><\/a><\/div><div class=\"rl-gallery-item\"><a href=\"https:\/\/sbt.ug.edu.pl\/wp-content\/uploads\/2019\/07\/7.-Sea-view-in-Cha\u0105upy-R2.A21..jpg\" title=\"7. Sea view in Cha\u0105upy, R2.A21.\" data-rl_title=\"7. Sea view in Cha\u0105upy, R2.A21.\" class=\"rl-gallery-link\" data-rl_caption=\"\" data-rel=\"lightbox-gallery-3\"><img src=\"https:\/\/sbt.ug.edu.pl\/wp-content\/uploads\/2019\/07\/7.-Sea-view-in-Cha\u0105upy-R2.A21.-768x509.jpg\" width=\"640\" height=\"424\" alt=\"\" \/><\/a><\/div><div class=\"rl-gallery-item\"><a href=\"https:\/\/sbt.ug.edu.pl\/wp-content\/uploads\/2019\/07\/8.-Hel-Bike-Trail-R2.A21..jpg\" title=\"8. Hel Bike Trail, R2.A21.\" data-rl_title=\"8. Hel Bike Trail, R2.A21.\" class=\"rl-gallery-link\" data-rl_caption=\"\" data-rel=\"lightbox-gallery-3\"><img src=\"https:\/\/sbt.ug.edu.pl\/wp-content\/uploads\/2019\/07\/8.-Hel-Bike-Trail-R2.A21.-768x509.jpg\" width=\"640\" height=\"424\" alt=\"\" \/><\/a><\/div><div class=\"rl-gallery-item\"><a href=\"https:\/\/sbt.ug.edu.pl\/wp-content\/uploads\/2019\/07\/9.-Hel-Bike-Trail-resting-place-R2.A21..jpg\" title=\"9. Hel Bike Trail, resting place, R2.A21.\" data-rl_title=\"9. Hel Bike Trail, resting place, R2.A21.\" class=\"rl-gallery-link\" data-rl_caption=\"\" data-rel=\"lightbox-gallery-3\"><img src=\"https:\/\/sbt.ug.edu.pl\/wp-content\/uploads\/2019\/07\/9.-Hel-Bike-Trail-resting-place-R2.A21.-768x509.jpg\" width=\"640\" height=\"424\" alt=\"\" \/><\/a><\/div><div class=\"rl-gallery-item\"><a href=\"https:\/\/sbt.ug.edu.pl\/wp-content\/uploads\/2019\/07\/10.-Hel-Bike-Trail-R2.A21..jpg\" title=\"10. Hel Bike Trail, R2.A21.\" data-rl_title=\"10. Hel Bike Trail, R2.A21.\" class=\"rl-gallery-link\" data-rl_caption=\"\" data-rel=\"lightbox-gallery-3\"><img src=\"https:\/\/sbt.ug.edu.pl\/wp-content\/uploads\/2019\/07\/10.-Hel-Bike-Trail-R2.A21.-768x509.jpg\" width=\"640\" height=\"424\" alt=\"\" \/><\/a><\/div><div class=\"rl-gallery-item\"><a href=\"https:\/\/sbt.ug.edu.pl\/wp-content\/uploads\/2019\/07\/11.-Sea-view-in-Ku\u0119nice-R2.A21..jpg\" title=\"11. Sea view in Ku\u017anice, R2.A21.\" data-rl_title=\"11. Sea view in Ku\u017anice, R2.A21.\" class=\"rl-gallery-link\" data-rl_caption=\"\" data-rel=\"lightbox-gallery-3\"><img src=\"https:\/\/sbt.ug.edu.pl\/wp-content\/uploads\/2019\/07\/11.-Sea-view-in-Ku\u0119nice-R2.A21.-768x509.jpg\" width=\"640\" height=\"424\" alt=\"\" \/><\/a><\/div><div class=\"rl-gallery-item\"><a href=\"https:\/\/sbt.ug.edu.pl\/wp-content\/uploads\/2019\/07\/12.-Sea-view-in-Cha\u0105upy-R2.A21..jpg\" title=\"12. Sea view in Cha\u0142upy, R2.A21.\" data-rl_title=\"12. Sea view in Cha\u0142upy, R2.A21.\" class=\"rl-gallery-link\" data-rl_caption=\"\" data-rel=\"lightbox-gallery-3\"><img src=\"https:\/\/sbt.ug.edu.pl\/wp-content\/uploads\/2019\/07\/12.-Sea-view-in-Cha\u0105upy-R2.A21.-768x509.jpg\" width=\"640\" height=\"424\" alt=\"\" \/><\/a><\/div><div class=\"rl-gallery-item\"><a href=\"https:\/\/sbt.ug.edu.pl\/wp-content\/uploads\/2019\/07\/13.-Sea-view-in-Ku\u0119nice-R2.A21..jpg\" title=\"13. Sea view in Ku\u017anice, R2.A21.\" data-rl_title=\"13. Sea view in Ku\u017anice, R2.A21.\" class=\"rl-gallery-link\" data-rl_caption=\"\" data-rel=\"lightbox-gallery-3\"><img src=\"https:\/\/sbt.ug.edu.pl\/wp-content\/uploads\/2019\/07\/13.-Sea-view-in-Ku\u0119nice-R2.A21.-768x509.jpg\" width=\"640\" height=\"424\" alt=\"\" \/><\/a><\/div><div class=\"rl-gallery-item\"><a href=\"https:\/\/sbt.ug.edu.pl\/wp-content\/uploads\/2019\/07\/14.-Sea-view-in-Cha\u0105upy-R2.A21..jpg\" title=\"14. Sea view in Cha\u0142upy, R2.A21.\" data-rl_title=\"14. Sea view in Cha\u0142upy, R2.A21.\" class=\"rl-gallery-link\" data-rl_caption=\"\" data-rel=\"lightbox-gallery-3\"><img src=\"https:\/\/sbt.ug.edu.pl\/wp-content\/uploads\/2019\/07\/14.-Sea-view-in-Cha\u0105upy-R2.A21.-768x509.jpg\" width=\"640\" height=\"424\" alt=\"\" \/><\/a><\/div><div class=\"rl-gallery-item\"><a href=\"https:\/\/sbt.ug.edu.pl\/wp-content\/uploads\/2019\/07\/15.-Local-train-bikers-carrier-R2.A21..jpg\" title=\"15. Local train, bikers carrier, R2.A21.\" data-rl_title=\"15. Local train, bikers carrier, R2.A21.\" class=\"rl-gallery-link\" data-rl_caption=\"\" data-rel=\"lightbox-gallery-3\"><img src=\"https:\/\/sbt.ug.edu.pl\/wp-content\/uploads\/2019\/07\/15.-Local-train-bikers-carrier-R2.A21.-768x509.jpg\" width=\"640\" height=\"424\" alt=\"\" \/><\/a><\/div><div class=\"rl-gallery-item\"><a href=\"https:\/\/sbt.ug.edu.pl\/wp-content\/uploads\/2019\/07\/16.-Special-wagons-for-bikers-and-bikes-R2.A21..jpg\" title=\"16. Special wagons for bikers and bikes, R2.A21.\" data-rl_title=\"16. Special wagons for bikers and bikes, R2.A21.\" class=\"rl-gallery-link\" data-rl_caption=\"\" data-rel=\"lightbox-gallery-3\"><img src=\"https:\/\/sbt.ug.edu.pl\/wp-content\/uploads\/2019\/07\/16.-Special-wagons-for-bikers-and-bikes-R2.A21.-768x509.jpg\" width=\"640\" height=\"424\" alt=\"\" \/><\/a><\/div><div class=\"rl-gallery-item\"><a href=\"https:\/\/sbt.ug.edu.pl\/wp-content\/uploads\/2019\/07\/17.-Hel-Bike-Trail-R2.A21..jpg\" title=\"17. Hel Bike Trail, R2.A21.\" data-rl_title=\"17. Hel Bike Trail, R2.A21.\" class=\"rl-gallery-link\" data-rl_caption=\"\" data-rel=\"lightbox-gallery-3\"><img src=\"https:\/\/sbt.ug.edu.pl\/wp-content\/uploads\/2019\/07\/17.-Hel-Bike-Trail-R2.A21.-768x509.jpg\" width=\"640\" height=\"424\" alt=\"\" \/><\/a><\/div><div class=\"rl-gallery-item\"><a href=\"https:\/\/sbt.ug.edu.pl\/wp-content\/uploads\/2019\/07\/18.-Hel-Bike-Trail-R2.A21..jpg\" title=\"18. Hel Bike Trail, R2.A21.\" data-rl_title=\"18. Hel Bike Trail, R2.A21.\" class=\"rl-gallery-link\" data-rl_caption=\"\" data-rel=\"lightbox-gallery-3\"><img src=\"https:\/\/sbt.ug.edu.pl\/wp-content\/uploads\/2019\/07\/18.-Hel-Bike-Trail-R2.A21.-768x509.jpg\" width=\"640\" height=\"424\" alt=\"\" \/><\/a><\/div> <\/div> <\/div>\n<p style=\"text-align: justify;\">\n<p><\/p>","protected":false},"excerpt":{"rendered":"<p>LOKALIZACJA Szlak rowerowy na P\u00f3\u0142wyspie Helskim rozpoczyna si\u0119 we W\u0142adys\u0142awowie, na pocz\u0105tku p\u00f3\u0142wyspu i ko\u0144czy si\u0119 w miejscowo\u015bci Hel \u2013 fina\u0142owym porcie morskim tej\u017ce na trasie. Zaplanowana trasa prowadzi, tak aby mo\u017cliwe by\u0142o skorzystanie z wszystkich spot\u00f3w surfingowych na p\u00f3\u0142wyspie. Trasa rowerowa znajduje si\u0119 w pobli\u017cu Tr\u00f3jmiasta (Gda\u0144sk-Sopot-Gdynia) na Pomorzu (Hel znajduje si\u0119 oko\u0142o 30 [&hellip;]<\/p>\n","protected":false},"author":3,"featured_media":0,"parent":174,"menu_order":0,"comment_status":"closed","ping_status":"closed","template":"","meta":[],"categories":[34,13,9],"tags":[],"_links":{"self":[{"href":"https:\/\/sbt.ug.edu.pl\/pl\/wp-json\/wp\/v2\/pages\/519"}],"collection":[{"href":"https:\/\/sbt.ug.edu.pl\/pl\/wp-json\/wp\/v2\/pages"}],"about":[{"href":"https:\/\/sbt.ug.edu.pl\/pl\/wp-json\/wp\/v2\/types\/page"}],"author":[{"embeddable":true,"href":"https:\/\/sbt.ug.edu.pl\/pl\/wp-json\/wp\/v2\/users\/3"}],"replies":[{"embeddable":true,"href":"https:\/\/sbt.ug.edu.pl\/pl\/wp-json\/wp\/v2\/comments?post=519"}],"version-history":[{"count":12,"href":"https:\/\/sbt.ug.edu.pl\/pl\/wp-json\/wp\/v2\/pages\/519\/revisions"}],"predecessor-version":[{"id":5849,"href":"https:\/\/sbt.ug.edu.pl\/pl\/wp-json\/wp\/v2\/pages\/519\/revisions\/5849"}],"up":[{"embeddable":true,"href":"https:\/\/sbt.ug.edu.pl\/pl\/wp-json\/wp\/v2\/pages\/174"}],"wp:attachment":[{"href":"https:\/\/sbt.ug.edu.pl\/pl\/wp-json\/wp\/v2\/media?parent=519"}],"wp:term":[{"taxonomy":"category","embeddable":true,"href":"https:\/\/sbt.ug.edu.pl\/pl\/wp-json\/wp\/v2\/categories?post=519"},{"taxonomy":"post_tag","embeddable":true,"href":"https:\/\/sbt.ug.edu.pl\/pl\/wp-json\/wp\/v2\/tags?post=519"}],"curies":[{"name":"wp","href":"https:\/\/api.w.org\/{rel}","templated":true}]}}