{"id":521,"date":"2018-12-06T10:59:04","date_gmt":"2018-12-06T09:59:04","guid":{"rendered":"http:\/\/southbaltic-tourist.eu\/?page_id=521"},"modified":"2021-06-23T15:58:54","modified_gmt":"2021-06-23T14:58:54","slug":"22-leba-surfing-hotspot","status":"publish","type":"page","link":"https:\/\/sbt.ug.edu.pl\/pl\/routes\/windsurfing-exploration\/22-leba-surfing-hotspot\/","title":{"rendered":"22. SPOTY SURFINGOWE W \u0141EBIE"},"content":{"rendered":"<p><\/p>\n<p style=\"text-align: justify;\"><strong>LOKALIZACJA<\/strong><\/p>\n<p style=\"text-align: justify;\">Miasto \u0141eba po\u0142o\u017cone jest 110 km na p\u00f3\u0142nocny zach\u00f3d od Gda\u0144ska na polskim Pomorzu. Spot windsurfingowy w \u0141ebie zlokalizowany jest na zach\u00f3d od uj\u015bcia rzeki \u0141eby. Do \u0141eby mo\u017cna \u0142atwo dojecha\u0107 \u015brodkami transportu publicznego (zar\u00f3wno kolej\u0105, jak i autobusami) oraz autem. Poci\u0105gi regionalne i dalekobie\u017cne kursuj\u0105 do \u0141eby z Gda\u0144ska przez L\u0119bork. Do Tr\u00f3jmiasta mo\u017cna dotrze\u0107 promem ze Szwecji (Karlskrona-Gdynia i Nyneshamn &#8211; Gda\u0144sk). W Gda\u0144sku znajduje si\u0119 tak\u017ce mi\u0119dzynarodowe lotnisko. Po\u0142o\u017cenie geograficzne \u0141eby: 54\u00b045\u2032N 17\u00b033\u2032E.<\/p>\n<p style=\"text-align: justify;\"><img decoding=\"async\" loading=\"lazy\" class=\"alignleft wp-image-1974\" src=\"https:\/\/southbaltic-tourist.eu\/wp-content\/uploads\/2019\/07\/1.-\u011aeba-sea-surfing-spot-R2.A22..jpg\" alt=\"\" width=\"525\" height=\"350\" srcset=\"https:\/\/sbt.ug.edu.pl\/wp-content\/uploads\/2019\/07\/1.-\u011aeba-sea-surfing-spot-R2.A22..jpg 1600w, https:\/\/sbt.ug.edu.pl\/wp-content\/uploads\/2019\/07\/1.-\u011aeba-sea-surfing-spot-R2.A22.-300x200.jpg 300w, https:\/\/sbt.ug.edu.pl\/wp-content\/uploads\/2019\/07\/1.-\u011aeba-sea-surfing-spot-R2.A22.-768x512.jpg 768w, https:\/\/sbt.ug.edu.pl\/wp-content\/uploads\/2019\/07\/1.-\u011aeba-sea-surfing-spot-R2.A22.-1024x683.jpg 1024w, https:\/\/sbt.ug.edu.pl\/wp-content\/uploads\/2019\/07\/1.-\u011aeba-sea-surfing-spot-R2.A22.-150x100.jpg 150w\" sizes=\"(max-width: 525px) 100vw, 525px\" \/><\/p>\n<p style=\"text-align: justify;\"><a href=\"https:\/\/southbaltic-tourist.eu\/wp-content\/uploads\/2020\/01\/r1a22_Leba_Surfng_slim.png\" data-rel=\"lightbox-gallery-NiVYZ2Eg\" data-rl_title=\"\" data-rl_caption=\"\" title=\"\"><img decoding=\"async\" loading=\"lazy\" class=\"alignnone wp-image-5179\" src=\"https:\/\/southbaltic-tourist.eu\/wp-content\/uploads\/2020\/01\/r1a22_Leba_Surfng_slim-300x174.png\" alt=\"\" width=\"602\" height=\"350\" srcset=\"https:\/\/sbt.ug.edu.pl\/wp-content\/uploads\/2020\/01\/r1a22_Leba_Surfng_slim-300x174.png 300w, https:\/\/sbt.ug.edu.pl\/wp-content\/uploads\/2020\/01\/r1a22_Leba_Surfng_slim-1024x595.png 1024w, https:\/\/sbt.ug.edu.pl\/wp-content\/uploads\/2020\/01\/r1a22_Leba_Surfng_slim-768x446.png 768w, https:\/\/sbt.ug.edu.pl\/wp-content\/uploads\/2020\/01\/r1a22_Leba_Surfng_slim-1536x893.png 1536w, https:\/\/sbt.ug.edu.pl\/wp-content\/uploads\/2020\/01\/r1a22_Leba_Surfng_slim-150x87.png 150w, https:\/\/sbt.ug.edu.pl\/wp-content\/uploads\/2020\/01\/r1a22_Leba_Surfng_slim.png 1600w\" sizes=\"(max-width: 602px) 100vw, 602px\" \/><\/a><\/p>\n<p style=\"text-align: justify;\"><a href=\"https:\/\/www.google.com\/maps\/place\/%C5%81eba\/@54.7602043,17.4417881,11z\/data=!3m1!4b1!4m5!3m4!1s0x46fe782ca10049cf:0x352d28eab3c67ae3!8m2!3d54.760117!4d17.5563117\" target=\"_blank\" rel=\"noopener noreferrer\">View on Google Maps<\/a><\/p>\n<p style=\"text-align: justify;\"><strong>SPOTY SURFINGOWE W \u0141EBIE<\/strong><\/p>\n<p style=\"text-align: justify;\">Spot na pla\u017cy w \u0141ebie jest jednym z najbardziej wietrznych obszar\u00f3w na polskim wybrze\u017cu. Bardzo blisko pla\u017cy znajduj\u0105 si\u0119 p\u0142ytkie wody, a temperatura morza i powietrza jest znacznie ni\u017csza ni\u017c w innych polskich spotach. Przyk\u0142adowo, w lecie temperatura w Polsce mo\u017ce osi\u0105gn\u0105\u0107 28\u00b0C, w Tr\u00f3jmie\u015bcie 24\u00b0C a na pla\u017cy w \u0141ebie b\u0119dzie o 2-4\u00b0C ch\u0142odniej. Spot w \u0141ebie jest wi\u0119c przeznaczony dla surfer\u00f3w, kt\u00f3rzy preferuj\u0105 ch\u0142odniejsze temperatury i silniejsze wiatry. Na zachodniej pla\u017cy zazwyczaj wyst\u0119puje bardzo silny pr\u0105d morski, a fale mog\u0105 tu osi\u0105ga\u0107 wysoko\u015b\u0107 50-100 cm. W pobli\u017cu, po drugiej stronie mierzei znajduje si\u0119 tak\u017ce alternatywny spot zwany jeziorem Sarbsko. Nie jest on zlokalizowany przy otwartym morzu, dlatego te\u017c charakteryzuje si\u0119 spokojniejszymi, cieplejszymi i p\u0142ytszymi wodami, stwarzaj\u0105cymi \u015bwietne warunki dla os\u00f3b pocz\u0105tkuj\u0105cych i praktykuj\u0105cych kitesurfing.<\/p>\n<p style=\"text-align: justify;\"><strong>ATRAKCJE<\/strong><\/p>\n<p style=\"text-align: justify;\">S\u0142owi\u0144ski Park Narodowy jest obfity w r\u00f3\u017cnorodne atrakcje, kt\u00f3re zaciekawi\u0105 i zachwyc\u0105 niemal ka\u017cdego turyst\u0119. Na po\u0142udnie od \u0141eby w Smo\u0142dzinie i okolicznych wsiach odwiedzi\u0107 mo\u017cna regionalne atrakcje zwi\u0105zane z miejscow\u0105 grup\u0105 etniczn\u0105 &#8211; S\u0142owi\u0144cami. W Muzeum Wsi S\u0142owi\u0144skiej w Klukach mo\u017cliwe jest zwiedzanie historycznych budynk\u00f3w, a tak\u017ce zobaczenie typowych zabytk\u00f3w zwi\u0105zanych z rolnictwem i rybo\u0142\u00f3wstwem. Ponadto na terenie Parku, w miejscu zwanym R\u0105bka, znajduje si\u0119 muzeum wojskowe po\u015bwi\u0119cone wystrzeleniu rakiet V1 i V2 podczas II wojny \u015bwiatowej. Z kolei pobliskie miasto L\u0119bork znane jest z zabytkowych ko\u015bcio\u0142\u00f3w i starego miasta.<\/p>\n<div class=\"rl-gallery-container rl-loading\" id=\"rl-gallery-container-3\" data-gallery_id=\"1973\"> <div class=\"rl-gallery rl-basicgrid-gallery \" id=\"rl-gallery-3\" data-gallery_no=\"3\"> <div class=\"rl-gallery-item\"><a href=\"https:\/\/sbt.ug.edu.pl\/wp-content\/uploads\/2019\/07\/1.-\u011aeba-sea-surfing-spot-R2.A22..jpg\" title=\"1. \u0141eba sea surfing spot, R2.A22.\" data-rl_title=\"1. \u0141eba sea surfing spot, R2.A22.\" class=\"rl-gallery-link\" data-rl_caption=\"\" data-rel=\"lightbox-gallery-3\"><img src=\"https:\/\/sbt.ug.edu.pl\/wp-content\/uploads\/2019\/07\/1.-\u011aeba-sea-surfing-spot-R2.A22.-768x512.jpg\" width=\"640\" height=\"427\" alt=\"\" \/><\/a><\/div><div class=\"rl-gallery-item\"><a href=\"https:\/\/sbt.ug.edu.pl\/wp-content\/uploads\/2019\/07\/2.-\u011aeba-sea-surfing-spot-R2.A22..jpg\" title=\"2. \u0141eba sea surfing spot, R2.A22.\" data-rl_title=\"2. \u0141eba sea surfing spot, R2.A22.\" class=\"rl-gallery-link\" data-rl_caption=\"\" data-rel=\"lightbox-gallery-3\"><img src=\"https:\/\/sbt.ug.edu.pl\/wp-content\/uploads\/2019\/07\/2.-\u011aeba-sea-surfing-spot-R2.A22.-768x512.jpg\" width=\"640\" height=\"427\" alt=\"\" \/><\/a><\/div><div class=\"rl-gallery-item\"><a href=\"https:\/\/sbt.ug.edu.pl\/wp-content\/uploads\/2019\/07\/3.-\u011aeba-sea-surfing-spot-R2.A22..jpg\" title=\"3. \u0141eba sea surfing spot, R2.A22.\" data-rl_title=\"3. \u0141eba sea surfing spot, R2.A22.\" class=\"rl-gallery-link\" data-rl_caption=\"\" data-rel=\"lightbox-gallery-3\"><img src=\"https:\/\/sbt.ug.edu.pl\/wp-content\/uploads\/2019\/07\/3.-\u011aeba-sea-surfing-spot-R2.A22.-768x512.jpg\" width=\"640\" height=\"427\" alt=\"\" \/><\/a><\/div><div class=\"rl-gallery-item\"><a href=\"https:\/\/sbt.ug.edu.pl\/wp-content\/uploads\/2019\/07\/4.-\u011aeba-sea-surfing-spot-R2.A22..jpg\" title=\"4. \u0141eba sea surfing spot, R2.A22.\" data-rl_title=\"4. \u0141eba sea surfing spot, R2.A22.\" class=\"rl-gallery-link\" data-rl_caption=\"\" data-rel=\"lightbox-gallery-3\"><img src=\"https:\/\/sbt.ug.edu.pl\/wp-content\/uploads\/2019\/07\/4.-\u011aeba-sea-surfing-spot-R2.A22.-768x512.jpg\" width=\"640\" height=\"427\" alt=\"\" \/><\/a><\/div><div class=\"rl-gallery-item\"><a href=\"https:\/\/sbt.ug.edu.pl\/wp-content\/uploads\/2019\/07\/5.-\u011aeba-sea-surfing-R2.A22..jpg\" title=\"5. \u0141eba sea surfing, R2.A22.\" data-rl_title=\"5. \u0141eba sea surfing, R2.A22.\" class=\"rl-gallery-link\" data-rl_caption=\"\" data-rel=\"lightbox-gallery-3\"><img src=\"https:\/\/sbt.ug.edu.pl\/wp-content\/uploads\/2019\/07\/5.-\u011aeba-sea-surfing-R2.A22.-768x512.jpg\" width=\"640\" height=\"427\" alt=\"\" \/><\/a><\/div><div class=\"rl-gallery-item\"><a href=\"https:\/\/sbt.ug.edu.pl\/wp-content\/uploads\/2019\/07\/6.-\u011aeba-sea-surfing-R2.A22..jpg\" title=\"6. \u0141eba sea surfing, R2.A22.\" data-rl_title=\"6. \u0141eba sea surfing, R2.A22.\" class=\"rl-gallery-link\" data-rl_caption=\"\" data-rel=\"lightbox-gallery-3\"><img src=\"https:\/\/sbt.ug.edu.pl\/wp-content\/uploads\/2019\/07\/6.-\u011aeba-sea-surfing-R2.A22.-768x512.jpg\" width=\"640\" height=\"427\" alt=\"\" \/><\/a><\/div><div class=\"rl-gallery-item\"><a href=\"https:\/\/sbt.ug.edu.pl\/wp-content\/uploads\/2019\/07\/7.-\u011aeba-sea-surfing-R2.A22..jpg\" title=\"7. \u0141eba sea surfing, R2.A22.\" data-rl_title=\"7. \u0141eba sea surfing, R2.A22.\" class=\"rl-gallery-link\" data-rl_caption=\"\" data-rel=\"lightbox-gallery-3\"><img src=\"https:\/\/sbt.ug.edu.pl\/wp-content\/uploads\/2019\/07\/7.-\u011aeba-sea-surfing-R2.A22.-768x512.jpg\" width=\"640\" height=\"427\" alt=\"\" \/><\/a><\/div><div class=\"rl-gallery-item\"><a href=\"https:\/\/sbt.ug.edu.pl\/wp-content\/uploads\/2019\/07\/8.-\u011aeba-Sarbsko-Lake-sirfing-spot-R2.A22..jpg\" title=\"8. \u0141eba Sarbsko Lake surfing spot, R2.A22.\" data-rl_title=\"8. \u0141eba Sarbsko Lake surfing spot, R2.A22.\" class=\"rl-gallery-link\" data-rl_caption=\"\" data-rel=\"lightbox-gallery-3\"><img src=\"https:\/\/sbt.ug.edu.pl\/wp-content\/uploads\/2019\/07\/8.-\u011aeba-Sarbsko-Lake-sirfing-spot-R2.A22.-768x512.jpg\" width=\"640\" height=\"427\" alt=\"\" \/><\/a><\/div><div class=\"rl-gallery-item\"><a href=\"https:\/\/sbt.ug.edu.pl\/wp-content\/uploads\/2019\/07\/9.-\u011aeba-Sarbsko-Lake-surfing-spot-R2.A22..jpg\" title=\"9. \u0141eba Sarbsko Lake surfing spot, R2.A22.\" data-rl_title=\"9. \u0141eba Sarbsko Lake surfing spot, R2.A22.\" class=\"rl-gallery-link\" data-rl_caption=\"\" data-rel=\"lightbox-gallery-3\"><img src=\"https:\/\/sbt.ug.edu.pl\/wp-content\/uploads\/2019\/07\/9.-\u011aeba-Sarbsko-Lake-surfing-spot-R2.A22.-768x512.jpg\" width=\"640\" height=\"427\" alt=\"\" \/><\/a><\/div><div class=\"rl-gallery-item\"><a href=\"https:\/\/sbt.ug.edu.pl\/wp-content\/uploads\/2019\/07\/10.-\u011aeba-Sarbsko-Lake-surfing-spot-R2.A22..jpg\" title=\"10. \u0141eba Sarbsko Lake surfing spot, R2.A22.\" data-rl_title=\"10. \u0141eba Sarbsko Lake surfing spot, R2.A22.\" class=\"rl-gallery-link\" data-rl_caption=\"\" data-rel=\"lightbox-gallery-3\"><img src=\"https:\/\/sbt.ug.edu.pl\/wp-content\/uploads\/2019\/07\/10.-\u011aeba-Sarbsko-Lake-surfing-spot-R2.A22.-768x512.jpg\" width=\"640\" height=\"427\" alt=\"\" \/><\/a><\/div><div class=\"rl-gallery-item\"><a href=\"https:\/\/sbt.ug.edu.pl\/wp-content\/uploads\/2019\/07\/11.-\u011aeba-Sarbsko-Lake-surfing-spot-R2.A22..jpg\" title=\"11. \u0141eba Sarbsko Lake surfing spot, R2.A22.\" data-rl_title=\"11. \u0141eba Sarbsko Lake surfing spot, R2.A22.\" class=\"rl-gallery-link\" data-rl_caption=\"\" data-rel=\"lightbox-gallery-3\"><img src=\"https:\/\/sbt.ug.edu.pl\/wp-content\/uploads\/2019\/07\/11.-\u011aeba-Sarbsko-Lake-surfing-spot-R2.A22.-768x512.jpg\" width=\"640\" height=\"427\" alt=\"\" \/><\/a><\/div><div class=\"rl-gallery-item\"><a href=\"https:\/\/sbt.ug.edu.pl\/wp-content\/uploads\/2019\/07\/12.-Sarbsko-Lake-R2.A22..jpg\" title=\"12. Sarbsko Lake, R2.A22.\" data-rl_title=\"12. Sarbsko Lake, R2.A22.\" class=\"rl-gallery-link\" data-rl_caption=\"\" data-rel=\"lightbox-gallery-3\"><img src=\"https:\/\/sbt.ug.edu.pl\/wp-content\/uploads\/2019\/07\/12.-Sarbsko-Lake-R2.A22.-768x512.jpg\" width=\"640\" height=\"427\" alt=\"\" \/><\/a><\/div><div class=\"rl-gallery-item\"><a href=\"https:\/\/sbt.ug.edu.pl\/wp-content\/uploads\/2019\/07\/13.-Surfing-in-Sarbsko-Lake-R2.A22..jpg\" title=\"13. Surfing in Sarbsko Lake, R2.A22.\" data-rl_title=\"13. Surfing in Sarbsko Lake, R2.A22.\" class=\"rl-gallery-link\" data-rl_caption=\"\" data-rel=\"lightbox-gallery-3\"><img src=\"https:\/\/sbt.ug.edu.pl\/wp-content\/uploads\/2019\/07\/13.-Surfing-in-Sarbsko-Lake-R2.A22.-768x512.jpg\" width=\"640\" height=\"427\" alt=\"\" \/><\/a><\/div><div class=\"rl-gallery-item\"><a href=\"https:\/\/sbt.ug.edu.pl\/wp-content\/uploads\/2019\/07\/14.-Surfing-in-Sarbsko-Lake-R2.A22..jpg\" title=\"14. Surfing in Sarbsko Lake, R2.A22.\" data-rl_title=\"14. Surfing in Sarbsko Lake, R2.A22.\" class=\"rl-gallery-link\" data-rl_caption=\"\" data-rel=\"lightbox-gallery-3\"><img src=\"https:\/\/sbt.ug.edu.pl\/wp-content\/uploads\/2019\/07\/14.-Surfing-in-Sarbsko-Lake-R2.A22.-768x512.jpg\" width=\"640\" height=\"427\" alt=\"\" \/><\/a><\/div><div class=\"rl-gallery-item\"><a href=\"https:\/\/sbt.ug.edu.pl\/wp-content\/uploads\/2019\/07\/15.-Surfing-in-Sarbsko-Lake-R2.A22..jpg\" title=\"15. Surfing in Sarbsko Lake, R2.A22.\" data-rl_title=\"15. Surfing in Sarbsko Lake, R2.A22.\" class=\"rl-gallery-link\" data-rl_caption=\"\" data-rel=\"lightbox-gallery-3\"><img src=\"https:\/\/sbt.ug.edu.pl\/wp-content\/uploads\/2019\/07\/15.-Surfing-in-Sarbsko-Lake-R2.A22.-768x512.jpg\" width=\"640\" height=\"427\" alt=\"\" \/><\/a><\/div><div class=\"rl-gallery-item\"><a href=\"https:\/\/sbt.ug.edu.pl\/wp-content\/uploads\/2019\/07\/16.-Board-Map-of-S\u0105owinski-NP-R2.A22..jpg\" title=\"16. Board Map of S\u0105owinski NP, R2.A22.\" data-rl_title=\"16. Board Map of S\u0105owinski NP, R2.A22.\" class=\"rl-gallery-link\" data-rl_caption=\"\" data-rel=\"lightbox-gallery-3\"><img src=\"https:\/\/sbt.ug.edu.pl\/wp-content\/uploads\/2019\/07\/16.-Board-Map-of-S\u0105owinski-NP-R2.A22.-768x512.jpg\" width=\"640\" height=\"427\" alt=\"\" \/><\/a><\/div><div class=\"rl-gallery-item\"><a href=\"https:\/\/sbt.ug.edu.pl\/wp-content\/uploads\/2019\/07\/17.-Local-transport-to-the-dunes-R2.A22..jpg\" title=\"17. Local transport to the dunes, R2.A22.\" data-rl_title=\"17. Local transport to the dunes, R2.A22.\" class=\"rl-gallery-link\" data-rl_caption=\"\" data-rel=\"lightbox-gallery-3\"><img src=\"https:\/\/sbt.ug.edu.pl\/wp-content\/uploads\/2019\/07\/17.-Local-transport-to-the-dunes-R2.A22.-768x512.jpg\" width=\"640\" height=\"427\" alt=\"\" \/><\/a><\/div><div class=\"rl-gallery-item\"><a href=\"https:\/\/sbt.ug.edu.pl\/wp-content\/uploads\/2019\/07\/18.-Dunes-in-the-S\u0105owi\u0161ski-NP-R2.A22..jpg\" title=\"18. Dunes in the S\u0142owi\u0144ski NP, R2.A22.\" data-rl_title=\"18. Dunes in the S\u0142owi\u0144ski NP, R2.A22.\" class=\"rl-gallery-link\" data-rl_caption=\"\" data-rel=\"lightbox-gallery-3\"><img src=\"https:\/\/sbt.ug.edu.pl\/wp-content\/uploads\/2019\/07\/18.-Dunes-in-the-S\u0105owi\u0161ski-NP-R2.A22.-768x512.jpg\" width=\"640\" height=\"427\" alt=\"\" \/><\/a><\/div><div class=\"rl-gallery-item\"><a href=\"https:\/\/sbt.ug.edu.pl\/wp-content\/uploads\/2019\/07\/19.-Dunes-in-the-S\u0105owi\u0161ski-NP.-R2.A22..jpg\" title=\"19. Dunes in the S\u0142owi\u0144ski NP. R2.A22.\" data-rl_title=\"19. Dunes in the S\u0142owi\u0144ski NP. R2.A22.\" class=\"rl-gallery-link\" data-rl_caption=\"\" data-rel=\"lightbox-gallery-3\"><img src=\"https:\/\/sbt.ug.edu.pl\/wp-content\/uploads\/2019\/07\/19.-Dunes-in-the-S\u0105owi\u0161ski-NP.-R2.A22.-768x512.jpg\" width=\"640\" height=\"427\" alt=\"\" \/><\/a><\/div><div class=\"rl-gallery-item\"><a href=\"https:\/\/sbt.ug.edu.pl\/wp-content\/uploads\/2019\/07\/20.-Dunes-in-the-S\u0105owi\u0161ski-NP-R2.A22..jpg\" title=\"20. Dunes in the S\u0142owi\u0144ski NP, R2.A22.\" data-rl_title=\"20. Dunes in the S\u0142owi\u0144ski NP, R2.A22.\" class=\"rl-gallery-link\" data-rl_caption=\"\" data-rel=\"lightbox-gallery-3\"><img src=\"https:\/\/sbt.ug.edu.pl\/wp-content\/uploads\/2019\/07\/20.-Dunes-in-the-S\u0105owi\u0161ski-NP-R2.A22.-768x512.jpg\" width=\"640\" height=\"427\" alt=\"\" \/><\/a><\/div><div class=\"rl-gallery-item\"><a href=\"https:\/\/sbt.ug.edu.pl\/wp-content\/uploads\/2019\/07\/21.-Dunes-in-the-S\u0105owi\u0161ski-NP-R2.A22..jpg\" title=\"21. Dunes in the S\u0142owi\u0144ski NP, R2.A22.\" data-rl_title=\"21. Dunes in the S\u0142owi\u0144ski NP, R2.A22.\" class=\"rl-gallery-link\" data-rl_caption=\"\" data-rel=\"lightbox-gallery-3\"><img src=\"https:\/\/sbt.ug.edu.pl\/wp-content\/uploads\/2019\/07\/21.-Dunes-in-the-S\u0105owi\u0161ski-NP-R2.A22.-768x512.jpg\" width=\"640\" height=\"427\" alt=\"\" \/><\/a><\/div><div class=\"rl-gallery-item\"><a href=\"https:\/\/sbt.ug.edu.pl\/wp-content\/uploads\/2019\/07\/22.-Dunes-in-the-S\u0105owi\u0161ski-NP-R2.A22..jpg\" title=\"22. Dunes in the S\u0142owi\u0144ski NP, R2.A22.\" data-rl_title=\"22. Dunes in the S\u0142owi\u0144ski NP, R2.A22.\" class=\"rl-gallery-link\" data-rl_caption=\"\" data-rel=\"lightbox-gallery-3\"><img src=\"https:\/\/sbt.ug.edu.pl\/wp-content\/uploads\/2019\/07\/22.-Dunes-in-the-S\u0105owi\u0161ski-NP-R2.A22.-768x512.jpg\" width=\"640\" height=\"427\" alt=\"\" \/><\/a><\/div> <\/div> <\/div>\n<p style=\"text-align: justify;\">\n<p><\/p>","protected":false},"excerpt":{"rendered":"<p>LOKALIZACJA Miasto \u0141eba po\u0142o\u017cone jest 110 km na p\u00f3\u0142nocny zach\u00f3d od Gda\u0144ska na polskim Pomorzu. Spot windsurfingowy w \u0141ebie zlokalizowany jest na zach\u00f3d od uj\u015bcia rzeki \u0141eby. Do \u0141eby mo\u017cna \u0142atwo dojecha\u0107 \u015brodkami transportu publicznego (zar\u00f3wno kolej\u0105, jak i autobusami) oraz autem. Poci\u0105gi regionalne i dalekobie\u017cne kursuj\u0105 do \u0141eby z Gda\u0144ska przez L\u0119bork. Do Tr\u00f3jmiasta [&hellip;]<\/p>\n","protected":false},"author":3,"featured_media":0,"parent":174,"menu_order":0,"comment_status":"closed","ping_status":"closed","template":"","meta":[],"categories":[34,12,9],"tags":[],"_links":{"self":[{"href":"https:\/\/sbt.ug.edu.pl\/pl\/wp-json\/wp\/v2\/pages\/521"}],"collection":[{"href":"https:\/\/sbt.ug.edu.pl\/pl\/wp-json\/wp\/v2\/pages"}],"about":[{"href":"https:\/\/sbt.ug.edu.pl\/pl\/wp-json\/wp\/v2\/types\/page"}],"author":[{"embeddable":true,"href":"https:\/\/sbt.ug.edu.pl\/pl\/wp-json\/wp\/v2\/users\/3"}],"replies":[{"embeddable":true,"href":"https:\/\/sbt.ug.edu.pl\/pl\/wp-json\/wp\/v2\/comments?post=521"}],"version-history":[{"count":11,"href":"https:\/\/sbt.ug.edu.pl\/pl\/wp-json\/wp\/v2\/pages\/521\/revisions"}],"predecessor-version":[{"id":5850,"href":"https:\/\/sbt.ug.edu.pl\/pl\/wp-json\/wp\/v2\/pages\/521\/revisions\/5850"}],"up":[{"embeddable":true,"href":"https:\/\/sbt.ug.edu.pl\/pl\/wp-json\/wp\/v2\/pages\/174"}],"wp:attachment":[{"href":"https:\/\/sbt.ug.edu.pl\/pl\/wp-json\/wp\/v2\/media?parent=521"}],"wp:term":[{"taxonomy":"category","embeddable":true,"href":"https:\/\/sbt.ug.edu.pl\/pl\/wp-json\/wp\/v2\/categories?post=521"},{"taxonomy":"post_tag","embeddable":true,"href":"https:\/\/sbt.ug.edu.pl\/pl\/wp-json\/wp\/v2\/tags?post=521"}],"curies":[{"name":"wp","href":"https:\/\/api.w.org\/{rel}","templated":true}]}}