{"id":549,"date":"2018-12-22T13:14:23","date_gmt":"2018-12-22T12:14:23","guid":{"rendered":"http:\/\/southbaltic-tourist.eu\/?page_id=549"},"modified":"2021-06-02T12:28:45","modified_gmt":"2021-06-02T11:28:45","slug":"1-blekinge-lan-morrum-river","status":"publish","type":"page","link":"https:\/\/sbt.ug.edu.pl\/pl\/routes\/world-of-fishermen\/1-blekinge-lan-morrum-river\/","title":{"rendered":"1. Blekinge, rzeka M\u00f6rrum"},"content":{"rendered":"<p><\/p>\n<p style=\"text-align: justify;\"><strong>LOKALIZACJA<\/strong><\/p>\n<p style=\"text-align: justify;\">Historyczna prowincja Blekinge jest jednym z najmniejszych region\u00f3w administracyjnych w Szwecji. Znajduje si\u0119 w po\u0142udniowej cz\u0119\u015bci kraju i graniczy ze Smalandi\u0105 na p\u00f3\u0142nocy, Morzem Ba\u0142tyckim na wschodzie i po\u0142udniu oraz regionem Skania na zachodzie. W sk\u0142ad po\u0142udniowych teren\u00f3w Blekinge wchodzi archipelag z\u0142o\u017cony z niezliczonej liczby ma\u0142ych wysp. Wybrze\u017ce posiada wiele malowniczych zatok. Stolic\u0105 regionu jest miasto Karlskrona. Inne wi\u0119ksze miasta to Karlshamn, Ronneby, Olofstr\u00f6m i S\u00f6lvesborg. Na szczeg\u00f3ln\u0105 uwag\u0119 zas\u0142uguje r\u00f3wnie\u017c przep\u0142ywaj\u0105ca przez ten region rzeka M\u00f6rrum (M\u00f6rrums\u00e5n).<\/p>\n<p><img decoding=\"async\" loading=\"lazy\" class=\"alignnone wp-image-2524 size-full\" src=\"https:\/\/southbaltic-tourist.eu\/wp-content\/uploads\/2019\/07\/R8A1-p1-IMG_6239.jpg\" alt=\"\" width=\"1600\" height=\"1200\" srcset=\"https:\/\/sbt.ug.edu.pl\/wp-content\/uploads\/2019\/07\/R8A1-p1-IMG_6239.jpg 1600w, https:\/\/sbt.ug.edu.pl\/wp-content\/uploads\/2019\/07\/R8A1-p1-IMG_6239-300x225.jpg 300w, https:\/\/sbt.ug.edu.pl\/wp-content\/uploads\/2019\/07\/R8A1-p1-IMG_6239-768x576.jpg 768w, https:\/\/sbt.ug.edu.pl\/wp-content\/uploads\/2019\/07\/R8A1-p1-IMG_6239-1024x768.jpg 1024w, https:\/\/sbt.ug.edu.pl\/wp-content\/uploads\/2019\/07\/R8A1-p1-IMG_6239-150x113.jpg 150w, https:\/\/sbt.ug.edu.pl\/wp-content\/uploads\/2019\/07\/R8A1-p1-IMG_6239-136x102.jpg 136w\" sizes=\"(max-width: 1600px) 100vw, 1600px\" \/><\/p>\n<p style=\"text-align: justify;\"><strong>WIDOKOWY CHARAKTER<\/strong><\/p>\n<p style=\"text-align: justify;\">W regionie Blekinge znajduje si\u0119 wiele jezior i rzek obfitych w ryby. Nic wi\u0119c dziwnego, \u017ce Blekinge s\u0142ynie z du\u017cej populacji \u0142ososia. Krajobraz ponadto charakteryzuje si\u0119 wieloma polami i iglastymi lub bukowymi lasami. W tej cz\u0119\u015bci Szwecji przewa\u017ca rolnictwo. Zdecydowanie warte odwiedzenia s\u0105 wpisane na list\u0119 \u015bwiatowego dziedzictwa UNESCO, pi\u0119kne i zabytkowe nadmorskie miasta Karlskrona i Karlshamn. Nie nale\u017cy tak\u017ce pomija\u0107 archipelagu, kt\u00f3ry charakteryzuje si\u0119 szczeg\u00f3lnie pi\u0119knymi, bia\u0142ymi pla\u017cami.<\/p>\n<p style=\"text-align: justify;\"><strong>ATRAKCJE<\/strong><\/p>\n<p style=\"text-align: justify;\">Blekinge oferuje wiele r\u00f3\u017cnorodnych mo\u017cliwo\u015bci sp\u0119dzania wolnego czasu. Liczne lasy, rzeki, jeziora oraz pi\u0119kne wybrze\u017ce inspiruj\u0105 turyst\u00f3w do organizacji pieszych w\u0119dr\u00f3wek. Z kolei rzeka M\u00f6rrum to miejsce bardzo popularne w\u015br\u00f3d w\u0119dkarzy. Mo\u017cliwe jest tak\u017ce wybranie si\u0119 na przeja\u017cd\u017ck\u0119 \u0142odzi\u0105 po w wi\u0119kszo\u015bci niezamieszka\u0142ych wyspach archipelagu.<\/p>\n<p style=\"text-align: justify;\">Opr\u00f3cz pi\u0119knej przyrody otaczaj\u0105cej Blekinge warto zobaczy\u0107 r\u00f3wnie\u017c zabytkowe miasta Karlskrona i Karlshamn. W Karlskronie mo\u017cna zwiedzi\u0107 mi\u0119dzy innymi Muzeum Blekinge, Ko\u015bci\u00f3\u0142 Admiralicji, port morski, a tak\u017ce Bastion Aurora, kt\u00f3ry stanowi \u015bwiatowe dziedzictwo kulturowe. Z kolei Karlshamn wyr\u00f3\u017cnia si\u0119 pi\u0119kn\u0105, historyczn\u0105 dzielnic\u0105 z tradycyjnymi, drewnianymi domami. W regionie jest tak\u017ce kilka ma\u0142ych wiosek rybackich ze starymi portami i wspania\u0142ymi restauracjami.<\/p>\n<p><code><div class=\"rl-gallery-container rl-loading\" id=\"rl-gallery-container-3\" data-gallery_id=\"2518\"> <div class=\"rl-gallery rl-basicgrid-gallery \" id=\"rl-gallery-3\" data-gallery_no=\"3\"> <div class=\"rl-gallery-item\"><a href=\"https:\/\/sbt.ug.edu.pl\/wp-content\/uploads\/2019\/07\/R8A1-p1-IMG_6239.jpg\" title=\"M\u00f6rrumsan-Haus; \u00a9 Wilhelm Steingrube\" data-rl_title=\"M\u00f6rrumsan-Haus; \u00a9 Wilhelm Steingrube\" class=\"rl-gallery-link\" data-rl_caption=\"\" data-rel=\"lightbox-gallery-3\"><img src=\"https:\/\/sbt.ug.edu.pl\/wp-content\/uploads\/2019\/07\/R8A1-p1-IMG_6239-768x576.jpg\" width=\"640\" height=\"480\" alt=\"\" \/><\/a><\/div><div class=\"rl-gallery-item\"><a href=\"https:\/\/sbt.ug.edu.pl\/wp-content\/uploads\/2019\/07\/R8A1-p2-IMG_5630.jpg\" title=\"M\u00f6rrumsan-Angler; \u00a9 Wilhelm Steingrube\" data-rl_title=\"M\u00f6rrumsan-Angler; \u00a9 Wilhelm Steingrube\" class=\"rl-gallery-link\" data-rl_caption=\"\" data-rel=\"lightbox-gallery-3\"><img src=\"https:\/\/sbt.ug.edu.pl\/wp-content\/uploads\/2019\/07\/R8A1-p2-IMG_5630-768x576.jpg\" width=\"640\" height=\"480\" alt=\"\" \/><\/a><\/div><div class=\"rl-gallery-item\"><a href=\"https:\/\/sbt.ug.edu.pl\/wp-content\/uploads\/2019\/07\/R8A1-p3-IMG_6013-Kopie.jpg\" title=\"M\u00f6rrumsan-Fluss; \u00a9 Wilhelm Steingrube\" data-rl_title=\"M\u00f6rrumsan-Fluss; \u00a9 Wilhelm Steingrube\" class=\"rl-gallery-link\" data-rl_caption=\"\" data-rel=\"lightbox-gallery-3\"><img src=\"https:\/\/sbt.ug.edu.pl\/wp-content\/uploads\/2019\/07\/R8A1-p3-IMG_6013-Kopie-768x576.jpg\" width=\"640\" height=\"480\" alt=\"\" \/><\/a><\/div><div class=\"rl-gallery-item\"><a href=\"https:\/\/sbt.ug.edu.pl\/wp-content\/uploads\/2019\/07\/R8A1-p4-IMG_5628-1.jpg\" title=\"M\u00f6rrumsan-Baum; \u00a9 Wilhelm Steingrube\" data-rl_title=\"M\u00f6rrumsan-Baum; \u00a9 Wilhelm Steingrube\" class=\"rl-gallery-link\" data-rl_caption=\"\" data-rel=\"lightbox-gallery-3\"><img src=\"https:\/\/sbt.ug.edu.pl\/wp-content\/uploads\/2019\/07\/R8A1-p4-IMG_5628-1-768x1024.jpg\" width=\"640\" height=\"853\" alt=\"\" \/><\/a><\/div><div class=\"rl-gallery-item\"><a href=\"https:\/\/sbt.ug.edu.pl\/wp-content\/uploads\/2019\/07\/R8A1-p5-IMG_5678-1.jpg\" title=\"M\u00f6rrumsan-Skulptur; \u00a9 Wilhelm Steingrube\" data-rl_title=\"M\u00f6rrumsan-Skulptur; \u00a9 Wilhelm Steingrube\" class=\"rl-gallery-link\" data-rl_caption=\"\" data-rel=\"lightbox-gallery-3\"><img src=\"https:\/\/sbt.ug.edu.pl\/wp-content\/uploads\/2019\/07\/R8A1-p5-IMG_5678-1-768x1024.jpg\" width=\"640\" height=\"853\" alt=\"\" \/><\/a><\/div><div class=\"rl-gallery-item\"><a href=\"https:\/\/sbt.ug.edu.pl\/wp-content\/uploads\/2019\/07\/R8A1-p6-IMG_5650.jpg\" title=\"M\u00f6rrumsan-Museum; \u00a9 Wilhelm Steingrube\" data-rl_title=\"M\u00f6rrumsan-Museum; \u00a9 Wilhelm Steingrube\" class=\"rl-gallery-link\" data-rl_caption=\"\" data-rel=\"lightbox-gallery-3\"><img src=\"https:\/\/sbt.ug.edu.pl\/wp-content\/uploads\/2019\/07\/R8A1-p6-IMG_5650-768x576.jpg\" width=\"640\" height=\"480\" alt=\"\" \/><\/a><\/div><div class=\"rl-gallery-item\"><a href=\"https:\/\/sbt.ug.edu.pl\/wp-content\/uploads\/2019\/07\/R8A1-p7-Iv\u00f6sj\u00f6n_Brom\u00f6lla3_SE.jpg\" title=\"Iv\u00f6sj\u00f6n; \u00a9 Fredrik Jadeland\" data-rl_title=\"Iv\u00f6sj\u00f6n; \u00a9 Fredrik Jadeland\" class=\"rl-gallery-link\" data-rl_caption=\"\" data-rel=\"lightbox-gallery-3\"><img src=\"https:\/\/sbt.ug.edu.pl\/wp-content\/uploads\/2019\/07\/R8A1-p7-Iv\u00f6sj\u00f6n_Brom\u00f6lla3_SE-768x768.jpg\" width=\"640\" height=\"640\" alt=\"\" \/><\/a><\/div> <\/div> <\/div><\/code><\/p>","protected":false},"excerpt":{"rendered":"<p>LOKALIZACJA Historyczna prowincja Blekinge jest jednym z najmniejszych region\u00f3w administracyjnych w Szwecji. Znajduje si\u0119 w po\u0142udniowej cz\u0119\u015bci kraju i graniczy ze Smalandi\u0105 na p\u00f3\u0142nocy, Morzem Ba\u0142tyckim na wschodzie i po\u0142udniu oraz regionem Skania na zachodzie. W sk\u0142ad po\u0142udniowych teren\u00f3w Blekinge wchodzi archipelag z\u0142o\u017cony z niezliczonej liczby ma\u0142ych wysp. Wybrze\u017ce posiada wiele malowniczych zatok. Stolic\u0105 regionu [&hellip;]<\/p>\n","protected":false},"author":3,"featured_media":0,"parent":490,"menu_order":0,"comment_status":"closed","ping_status":"closed","template":"","meta":[],"categories":[34,12,31],"tags":[],"_links":{"self":[{"href":"https:\/\/sbt.ug.edu.pl\/pl\/wp-json\/wp\/v2\/pages\/549"}],"collection":[{"href":"https:\/\/sbt.ug.edu.pl\/pl\/wp-json\/wp\/v2\/pages"}],"about":[{"href":"https:\/\/sbt.ug.edu.pl\/pl\/wp-json\/wp\/v2\/types\/page"}],"author":[{"embeddable":true,"href":"https:\/\/sbt.ug.edu.pl\/pl\/wp-json\/wp\/v2\/users\/3"}],"replies":[{"embeddable":true,"href":"https:\/\/sbt.ug.edu.pl\/pl\/wp-json\/wp\/v2\/comments?post=549"}],"version-history":[{"count":6,"href":"https:\/\/sbt.ug.edu.pl\/pl\/wp-json\/wp\/v2\/pages\/549\/revisions"}],"predecessor-version":[{"id":5743,"href":"https:\/\/sbt.ug.edu.pl\/pl\/wp-json\/wp\/v2\/pages\/549\/revisions\/5743"}],"up":[{"embeddable":true,"href":"https:\/\/sbt.ug.edu.pl\/pl\/wp-json\/wp\/v2\/pages\/490"}],"wp:attachment":[{"href":"https:\/\/sbt.ug.edu.pl\/pl\/wp-json\/wp\/v2\/media?parent=549"}],"wp:term":[{"taxonomy":"category","embeddable":true,"href":"https:\/\/sbt.ug.edu.pl\/pl\/wp-json\/wp\/v2\/categories?post=549"},{"taxonomy":"post_tag","embeddable":true,"href":"https:\/\/sbt.ug.edu.pl\/pl\/wp-json\/wp\/v2\/tags?post=549"}],"curies":[{"name":"wp","href":"https:\/\/api.w.org\/{rel}","templated":true}]}}