{"id":553,"date":"2018-12-22T13:32:20","date_gmt":"2018-12-22T12:32:20","guid":{"rendered":"http:\/\/southbaltic-tourist.eu\/?page_id=553"},"modified":"2021-06-02T12:33:42","modified_gmt":"2021-06-02T11:33:42","slug":"2-national-park-stenshuvud","status":"publish","type":"page","link":"https:\/\/sbt.ug.edu.pl\/pl\/routes\/world-of-fishermen\/2-national-park-stenshuvud\/","title":{"rendered":"2. Park Narodowy Stenshuvud"},"content":{"rendered":"<p><\/p>\n<p style=\"text-align: justify;\"><strong>LOKALIZACJA<\/strong><\/p>\n<p style=\"text-align: justify;\">Park Narodowy Stenshuvud znajduje si\u0119 na po\u0142udniowym wybrze\u017cu Szwecji w pobli\u017cu miasta Kivik, tu\u017c przy linii brzegowej Morza Ba\u0142tyckiego, 15 km na p\u00f3\u0142noc od miasta Simrishamn. Park jest stosunkowo ma\u0142y. Zajmuje powierzchni\u0119 jedynie 3,9 km\u00b2 i jest cz\u0119\u015bci\u0105 historycznej prowincji Skania, nale\u017c\u0105cej do gminy Simrishamn.<\/p>\n<p><img decoding=\"async\" loading=\"lazy\" class=\"alignleft wp-image-2535\" src=\"https:\/\/southbaltic-tourist.eu\/wp-content\/uploads\/2019\/07\/R8A2-p1-Stenshuvud-3_sandana.jpg\" alt=\"\" width=\"606\" height=\"400\" srcset=\"https:\/\/sbt.ug.edu.pl\/wp-content\/uploads\/2019\/07\/R8A2-p1-Stenshuvud-3_sandana.jpg 1600w, https:\/\/sbt.ug.edu.pl\/wp-content\/uploads\/2019\/07\/R8A2-p1-Stenshuvud-3_sandana-300x198.jpg 300w, https:\/\/sbt.ug.edu.pl\/wp-content\/uploads\/2019\/07\/R8A2-p1-Stenshuvud-3_sandana-768x507.jpg 768w, https:\/\/sbt.ug.edu.pl\/wp-content\/uploads\/2019\/07\/R8A2-p1-Stenshuvud-3_sandana-1024x676.jpg 1024w, https:\/\/sbt.ug.edu.pl\/wp-content\/uploads\/2019\/07\/R8A2-p1-Stenshuvud-3_sandana-150x99.jpg 150w\" sizes=\"(max-width: 606px) 100vw, 606px\" \/><\/p>\n<p><a href=\"https:\/\/southbaltic-tourist.eu\/wp-content\/uploads\/2020\/02\/R8.02-Stenshuvud-National-Park.png\" data-rel=\"lightbox-gallery-WLQhZw5X\" data-rl_title=\"\" data-rl_caption=\"\" title=\"\"><img decoding=\"async\" loading=\"lazy\" class=\"alignnone wp-image-5328\" src=\"https:\/\/southbaltic-tourist.eu\/wp-content\/uploads\/2020\/02\/R8.02-Stenshuvud-National-Park-300x256.png\" alt=\"\" width=\"469\" height=\"400\" srcset=\"https:\/\/sbt.ug.edu.pl\/wp-content\/uploads\/2020\/02\/R8.02-Stenshuvud-National-Park-300x256.png 300w, https:\/\/sbt.ug.edu.pl\/wp-content\/uploads\/2020\/02\/R8.02-Stenshuvud-National-Park-1024x874.png 1024w, https:\/\/sbt.ug.edu.pl\/wp-content\/uploads\/2020\/02\/R8.02-Stenshuvud-National-Park-768x655.png 768w, https:\/\/sbt.ug.edu.pl\/wp-content\/uploads\/2020\/02\/R8.02-Stenshuvud-National-Park-1536x1310.png 1536w, https:\/\/sbt.ug.edu.pl\/wp-content\/uploads\/2020\/02\/R8.02-Stenshuvud-National-Park-150x128.png 150w, https:\/\/sbt.ug.edu.pl\/wp-content\/uploads\/2020\/02\/R8.02-Stenshuvud-National-Park.png 1600w\" sizes=\"(max-width: 469px) 100vw, 469px\" \/><\/a><\/p>\n<p>&nbsp;<\/p>\n<p style=\"text-align: justify;\"><strong>WIDOKOWY CHARAKTER<\/strong><\/p>\n<p style=\"text-align: justify;\">Park Stenshuvud posiada zr\u00f3\u017cnicowany krajobraz, jednak najbardziej charakterystyczne dla tego obszaru s\u0105 d\u0119bowe i bukowe lasy. Z kolei w zatoce Han\u00f6 znajduj\u0105cej si\u0119 na terenie parku korzysta\u0107 mo\u017cna z wspania\u0142ych, bia\u0142ych, piaszczystych pla\u017c. Nad brzegiem morza znajduje si\u0119 r\u00f3wnie\u017c wiele wrzosowisk z grabami i dzikimi orchideami. Nad parkiem g\u00f3ruje ska\u0142a Stenshuvud o wysoko\u015bci 97 metr\u00f3w, znajduj\u0105ca si\u0119 nad samym wybrze\u017cem. Park Narodowy Stenshuvud s\u0142ynie tak\u017ce z niezwykle r\u00f3\u017cnorodnej flory i fauny oraz wspania\u0142ych punkt\u00f3w widokowych na Morze Ba\u0142tyckie.<\/p>\n<p style=\"text-align: justify;\"><strong>ATRAKCJE<\/strong><\/p>\n<p style=\"text-align: justify;\">Park to idealne miejsce do uprawiania turystyki pieszej, wspinaczki oraz zwyk\u0142ego relaksu. Dost\u0119pnych jest tu wiele szlak\u00f3w turystycznych. Niekt\u00f3re z nich s\u0105 dostosowane do rodzin z dzie\u0107mi i os\u00f3b poruszaj\u0105cych si\u0119 na w\u00f3zkach inwalidzkich. Atrakcj\u0105 dla zwiedzaj\u0105cych jest tak\u017ce znajduj\u0105ce si\u0119 tu\u017c przy g\u0142\u00f3wnym wej\u015bciu do parku centrum turystyczne Naturum, w kt\u00f3rym dost\u0119pna jest wystawa po\u015bwi\u0119cona \u015brodowisku naturalnemu, geologii i historii parku. Z kolei ska\u0142a Stenshuvud to \u015bwietny punkt widokowy na ca\u0142y obszar parku \u2013 maj\u0105c odrobin\u0119 szcz\u0119\u015bcia i dobrej pogody mo\u017cliwe jest dojrzenie na morzu nawet wyspy Bornholm.<\/p>\n<p><code><div class=\"rl-gallery-container rl-loading\" id=\"rl-gallery-container-3\" data-gallery_id=\"2533\"> <div class=\"rl-gallery rl-basicgrid-gallery \" id=\"rl-gallery-3\" data-gallery_no=\"3\"> <div class=\"rl-gallery-item\"><a href=\"https:\/\/sbt.ug.edu.pl\/wp-content\/uploads\/2019\/07\/R8A2-p1-Stenshuvud-3_sandana.jpg\" title=\"Forest; \u00a9 https:\/\/commons.wikimedia.org; Jorchr\" data-rl_title=\"Forest; \u00a9 https:\/\/commons.wikimedia.org; Jorchr\" class=\"rl-gallery-link\" data-rl_caption=\"\" data-rel=\"lightbox-gallery-3\"><img src=\"https:\/\/sbt.ug.edu.pl\/wp-content\/uploads\/2019\/07\/R8A2-p1-Stenshuvud-3_sandana-768x507.jpg\" width=\"640\" height=\"423\" alt=\"\" \/><\/a><\/div><div class=\"rl-gallery-item\"><a href=\"https:\/\/sbt.ug.edu.pl\/wp-content\/uploads\/2019\/07\/R8A2-p2-Stenshuvud-1-Mountain_landscape_in_Scania.jpg\" title=\"Mountain landscape; \u00a9 https:\/\/commons.wikimedia.org; Jin Zan\" data-rl_title=\"Mountain landscape; \u00a9 https:\/\/commons.wikimedia.org; Jin Zan\" class=\"rl-gallery-link\" data-rl_caption=\"\" data-rel=\"lightbox-gallery-3\"><img src=\"https:\/\/sbt.ug.edu.pl\/wp-content\/uploads\/2019\/07\/R8A2-p2-Stenshuvud-1-Mountain_landscape_in_Scania-768x552.jpg\" width=\"640\" height=\"460\" alt=\"\" \/><\/a><\/div><div class=\"rl-gallery-item\"><a href=\"https:\/\/sbt.ug.edu.pl\/wp-content\/uploads\/2019\/07\/R8A2-p3-Stenshuvud-2-Bokskog_vid_Stenshuvud.jpg\" title=\"Forest; \u00a9 https:\/\/commons.wikimedia.org; Jorchr\" data-rl_title=\"Forest; \u00a9 https:\/\/commons.wikimedia.org; Jorchr\" class=\"rl-gallery-link\" data-rl_caption=\"\" data-rel=\"lightbox-gallery-3\"><img src=\"https:\/\/sbt.ug.edu.pl\/wp-content\/uploads\/2019\/07\/R8A2-p3-Stenshuvud-2-Bokskog_vid_Stenshuvud-768x875.jpg\" width=\"640\" height=\"729\" alt=\"\" \/><\/a><\/div> <\/div> <\/div><\/code><\/p>","protected":false},"excerpt":{"rendered":"<p>LOKALIZACJA Park Narodowy Stenshuvud znajduje si\u0119 na po\u0142udniowym wybrze\u017cu Szwecji w pobli\u017cu miasta Kivik, tu\u017c przy linii brzegowej Morza Ba\u0142tyckiego, 15 km na p\u00f3\u0142noc od miasta Simrishamn. Park jest stosunkowo ma\u0142y. Zajmuje powierzchni\u0119 jedynie 3,9 km\u00b2 i jest cz\u0119\u015bci\u0105 historycznej prowincji Skania, nale\u017c\u0105cej do gminy Simrishamn. &nbsp; WIDOKOWY CHARAKTER Park Stenshuvud posiada zr\u00f3\u017cnicowany krajobraz, jednak [&hellip;]<\/p>\n","protected":false},"author":3,"featured_media":0,"parent":490,"menu_order":0,"comment_status":"closed","ping_status":"closed","template":"","meta":[],"categories":[34,15,31],"tags":[],"_links":{"self":[{"href":"https:\/\/sbt.ug.edu.pl\/pl\/wp-json\/wp\/v2\/pages\/553"}],"collection":[{"href":"https:\/\/sbt.ug.edu.pl\/pl\/wp-json\/wp\/v2\/pages"}],"about":[{"href":"https:\/\/sbt.ug.edu.pl\/pl\/wp-json\/wp\/v2\/types\/page"}],"author":[{"embeddable":true,"href":"https:\/\/sbt.ug.edu.pl\/pl\/wp-json\/wp\/v2\/users\/3"}],"replies":[{"embeddable":true,"href":"https:\/\/sbt.ug.edu.pl\/pl\/wp-json\/wp\/v2\/comments?post=553"}],"version-history":[{"count":8,"href":"https:\/\/sbt.ug.edu.pl\/pl\/wp-json\/wp\/v2\/pages\/553\/revisions"}],"predecessor-version":[{"id":5744,"href":"https:\/\/sbt.ug.edu.pl\/pl\/wp-json\/wp\/v2\/pages\/553\/revisions\/5744"}],"up":[{"embeddable":true,"href":"https:\/\/sbt.ug.edu.pl\/pl\/wp-json\/wp\/v2\/pages\/490"}],"wp:attachment":[{"href":"https:\/\/sbt.ug.edu.pl\/pl\/wp-json\/wp\/v2\/media?parent=553"}],"wp:term":[{"taxonomy":"category","embeddable":true,"href":"https:\/\/sbt.ug.edu.pl\/pl\/wp-json\/wp\/v2\/categories?post=553"},{"taxonomy":"post_tag","embeddable":true,"href":"https:\/\/sbt.ug.edu.pl\/pl\/wp-json\/wp\/v2\/tags?post=553"}],"curies":[{"name":"wp","href":"https:\/\/api.w.org\/{rel}","templated":true}]}}