{"id":561,"date":"2018-12-22T15:59:58","date_gmt":"2018-12-22T14:59:58","guid":{"rendered":"http:\/\/southbaltic-tourist.eu\/?page_id=561"},"modified":"2021-06-02T12:39:35","modified_gmt":"2021-06-02T11:39:35","slug":"3-osterlen-ystad","status":"publish","type":"page","link":"https:\/\/sbt.ug.edu.pl\/pl\/routes\/world-of-fishermen\/3-osterlen-ystad\/","title":{"rendered":"3. \u00d6sterlen &#8211; Ystad"},"content":{"rendered":"<p class=\"qtranxs-available-languages-message qtranxs-available-languages-message-pl\">Przepraszamy, ten wpis jest dost\u0119pny tylko w j\u0119zyku <a href=\"https:\/\/sbt.ug.edu.pl\/en\/wp-json\/wp\/v2\/pages\/561\" class=\"qtranxs-available-language-link qtranxs-available-language-link-en\" title=\"English\">Ameryka\u0144ski Angielski<\/a> i <a href=\"https:\/\/sbt.ug.edu.pl\/de\/wp-json\/wp\/v2\/pages\/561\" class=\"qtranxs-available-language-link qtranxs-available-language-link-de\" title=\"Deutsch\">Niemiecki<\/a>. For the sake of viewer convenience, the content is shown below in this site default language. You may click one of the links to switch the site language to another available language.<\/p><p><strong>LOCATION<\/strong><\/p>\n<p>The \u00d6sterlen region is located in southern Sweden in the province of Scania. The only larger town in the area is Simrishamn. A smaller town on the south-western edge of the region is Ystad. The city in southern Sweden has a total of 18,806 inhabitants on an area of 11 km\u00b2. There is a direct ferry connection to the islands Bornholm and Swinem\u00fcnde. By car it takes one hour to reach the north-western town of Malm\u00f6. The city Ystad and the region \u00d6sterlen are located directly at the Baltic Sea coast.<\/p>\n<p style=\"text-align: justify;\">55\u00b043\u203236\u2033 N 13\u00b081\u203297\u2033 E (Ystad City Centre).<\/p>\n<p><img decoding=\"async\" loading=\"lazy\" class=\"alignleft wp-image-2543\" src=\"https:\/\/southbaltic-tourist.eu\/wp-content\/uploads\/2019\/07\/R8A3-p1-Fishing_Simrishamn-4.jpg\" alt=\"\" width=\"533\" height=\"400\" srcset=\"https:\/\/sbt.ug.edu.pl\/wp-content\/uploads\/2019\/07\/R8A3-p1-Fishing_Simrishamn-4.jpg 1600w, https:\/\/sbt.ug.edu.pl\/wp-content\/uploads\/2019\/07\/R8A3-p1-Fishing_Simrishamn-4-300x225.jpg 300w, https:\/\/sbt.ug.edu.pl\/wp-content\/uploads\/2019\/07\/R8A3-p1-Fishing_Simrishamn-4-768x576.jpg 768w, https:\/\/sbt.ug.edu.pl\/wp-content\/uploads\/2019\/07\/R8A3-p1-Fishing_Simrishamn-4-1024x768.jpg 1024w, https:\/\/sbt.ug.edu.pl\/wp-content\/uploads\/2019\/07\/R8A3-p1-Fishing_Simrishamn-4-150x113.jpg 150w, https:\/\/sbt.ug.edu.pl\/wp-content\/uploads\/2019\/07\/R8A3-p1-Fishing_Simrishamn-4-136x102.jpg 136w\" sizes=\"(max-width: 533px) 100vw, 533px\" \/><\/p>\n<p><a href=\"https:\/\/southbaltic-tourist.eu\/wp-content\/uploads\/2020\/02\/R8.03-Ystad.png\" data-rel=\"lightbox-gallery-BEMLqPog\" data-rl_title=\"\" data-rl_caption=\"\" title=\"\"><img decoding=\"async\" loading=\"lazy\" class=\"alignnone wp-image-5330\" src=\"https:\/\/southbaltic-tourist.eu\/wp-content\/uploads\/2020\/02\/R8.03-Ystad-300x256.png\" alt=\"\" width=\"469\" height=\"400\" srcset=\"https:\/\/sbt.ug.edu.pl\/wp-content\/uploads\/2020\/02\/R8.03-Ystad-300x256.png 300w, https:\/\/sbt.ug.edu.pl\/wp-content\/uploads\/2020\/02\/R8.03-Ystad-1024x874.png 1024w, https:\/\/sbt.ug.edu.pl\/wp-content\/uploads\/2020\/02\/R8.03-Ystad-768x655.png 768w, https:\/\/sbt.ug.edu.pl\/wp-content\/uploads\/2020\/02\/R8.03-Ystad-1536x1310.png 1536w, https:\/\/sbt.ug.edu.pl\/wp-content\/uploads\/2020\/02\/R8.03-Ystad-150x128.png 150w, https:\/\/sbt.ug.edu.pl\/wp-content\/uploads\/2020\/02\/R8.03-Ystad.png 1600w\" sizes=\"(max-width: 469px) 100vw, 469px\" \/><\/a><\/p>\n<p><a href=\"https:\/\/www.google.pl\/maps\/place\/Ystad,+Szwecja\/@55.4412635,13.8027304,12z\/data=!4m5!3m4!1s0x46547d520ab5491d:0x59127c22a563b89d!8m2!3d55.4295051!4d13.8200308\" target=\"_blank\" rel=\"noopener noreferrer\">View on Google Maps<\/a><\/p>\n<p><strong>SCENIC CHARACTER <\/strong><\/p>\n<p style=\"text-align: justify;\">The \u00d6sterlen region is known for its breath-taking landscape with woodlands, dunes, beaches, meadows and heathland. There are many small fishing villages and restaurants with traditional cuisine. The beautiful beaches and dunes of southern Sweden are in the direct surroundings of the city of Ystad. In the city, the long-distance cycle path through the \u00d6sterlen region ends.\u00a0 Furthermore, a beautiful mixed forest borders the city in the east. Ystad has a historical centre with the over 700 year old monastery. A special feature are the well preserved half-timbered houses and the Saint-Marien church in the centre.<\/p>\n<p><strong>ATTRACTIONS <\/strong><\/p>\n<p style=\"text-align: justify;\">The region invites you to hike, climb, cycle, swim and relax. You can fish in the lakes of the region as well as in the Baltic Sea, among other things freshwater fish like pike, trout, wild salmon or zander. The Sydostleden is a national cycle path in the area. A special attraction for crime fans is Ystad, where the Wallander books are set. In the city there is the art museum, one of the best preserved medieval monasteries in Europe and a beautiful old town with lots of cafes and restaurants.<\/p>\n<p><code><div class=\"rl-gallery-container rl-loading\" id=\"rl-gallery-container-1\" data-gallery_id=\"2542\"> <div class=\"rl-gallery rl-basicgrid-gallery \" id=\"rl-gallery-1\" data-gallery_no=\"1\"> <div class=\"rl-gallery-item\"><a href=\"https:\/\/sbt.ug.edu.pl\/wp-content\/uploads\/2019\/07\/R8A3-p1-Fishing_Simrishamn-4.jpg\" title=\"Fishing-Simrishamn-4; \u00a9 Rohdin\" data-rl_title=\"Fishing-Simrishamn-4; \u00a9 Rohdin\" class=\"rl-gallery-link\" data-rl_caption=\"\" data-rel=\"lightbox-gallery-1\"><img src=\"https:\/\/sbt.ug.edu.pl\/wp-content\/uploads\/2019\/07\/R8A3-p1-Fishing_Simrishamn-4-768x576.jpg\" width=\"640\" height=\"480\" alt=\"\" \/><\/a><\/div><div class=\"rl-gallery-item\"><a href=\"https:\/\/sbt.ug.edu.pl\/wp-content\/uploads\/2019\/07\/R8A3-p2-Fishing_Simrishamn-2.jpg\" title=\"Fishing-Simrishamn-2; \u00a9 Fredrik Jadeland\" data-rl_title=\"Fishing-Simrishamn-2; \u00a9 Fredrik Jadeland\" class=\"rl-gallery-link\" data-rl_caption=\"\" data-rel=\"lightbox-gallery-1\"><img src=\"https:\/\/sbt.ug.edu.pl\/wp-content\/uploads\/2019\/07\/R8A3-p2-Fishing_Simrishamn-2-768x1024.jpg\" width=\"640\" height=\"853\" alt=\"\" \/><\/a><\/div><div class=\"rl-gallery-item\"><a href=\"https:\/\/sbt.ug.edu.pl\/wp-content\/uploads\/2019\/07\/R8A3-p3-Ystad-1_stortorget.jpg\" title=\"Stortorget; \u00a9 https:\/\/commons.wikimedia.org; Micka\u00ebl Delcey\" data-rl_title=\"Stortorget; \u00a9 https:\/\/commons.wikimedia.org; Micka\u00ebl Delcey\" class=\"rl-gallery-link\" data-rl_caption=\"\" data-rel=\"lightbox-gallery-1\"><img src=\"https:\/\/sbt.ug.edu.pl\/wp-content\/uploads\/2019\/07\/R8A3-p3-Ystad-1_stortorget-768x512.jpg\" width=\"640\" height=\"427\" alt=\"\" \/><\/a><\/div><div class=\"rl-gallery-item\"><a href=\"https:\/\/sbt.ug.edu.pl\/wp-content\/uploads\/2019\/07\/R8A3-p4-Ystad-2_kloster_2012.jpg\" title=\"Kloster; \u00a9 https:\/\/commons.wikimedia.org; Jorchr\" data-rl_title=\"Kloster; \u00a9 https:\/\/commons.wikimedia.org; Jorchr\" class=\"rl-gallery-link\" data-rl_caption=\"\" data-rel=\"lightbox-gallery-1\"><img src=\"https:\/\/sbt.ug.edu.pl\/wp-content\/uploads\/2019\/07\/R8A3-p4-Ystad-2_kloster_2012-768x524.jpg\" width=\"640\" height=\"437\" alt=\"\" \/><\/a><\/div><div class=\"rl-gallery-item\"><a href=\"https:\/\/sbt.ug.edu.pl\/wp-content\/uploads\/2019\/07\/R8A3-p5-Ystad-3-Pilgr\u00e4ndshuset.jpg\" title=\"Pilgr\u00e4ndshuset; \u00a9 https:\/\/commons.wikimedia.org; Jorchr\" data-rl_title=\"Pilgr\u00e4ndshuset; \u00a9 https:\/\/commons.wikimedia.org; Jorchr\" class=\"rl-gallery-link\" data-rl_caption=\"\" data-rel=\"lightbox-gallery-1\"><img src=\"https:\/\/sbt.ug.edu.pl\/wp-content\/uploads\/2019\/07\/R8A3-p5-Ystad-3-Pilgr\u00e4ndshuset-768x533.jpg\" width=\"640\" height=\"444\" alt=\"\" \/><\/a><\/div><div class=\"rl-gallery-item\"><a href=\"https:\/\/sbt.ug.edu.pl\/wp-content\/uploads\/2019\/07\/R8A3-p6-Ystad-4_Konstmuseum_-_Ystad-2018.jpg\" title=\"Konstmuseum; \u00a9 https:\/\/commons.wikimedia.org; Jonn Leffmann\" data-rl_title=\"Konstmuseum; \u00a9 https:\/\/commons.wikimedia.org; Jonn Leffmann\" class=\"rl-gallery-link\" data-rl_caption=\"\" data-rel=\"lightbox-gallery-1\"><img src=\"https:\/\/sbt.ug.edu.pl\/wp-content\/uploads\/2019\/07\/R8A3-p6-Ystad-4_Konstmuseum_-_Ystad-2018-768x391.jpg\" width=\"640\" height=\"326\" alt=\"\" \/><\/a><\/div><div class=\"rl-gallery-item\"><a href=\"https:\/\/sbt.ug.edu.pl\/wp-content\/uploads\/2019\/07\/R8A3-p7-Ystad-5-2015.jpg\" title=\"Kanonerna; \u00a9 https:\/\/commons.wikimedia.org; Jonn Leffmann\" data-rl_title=\"Kanonerna; \u00a9 https:\/\/commons.wikimedia.org; Jonn Leffmann\" class=\"rl-gallery-link\" data-rl_caption=\"\" data-rel=\"lightbox-gallery-1\"><img src=\"https:\/\/sbt.ug.edu.pl\/wp-content\/uploads\/2019\/07\/R8A3-p7-Ystad-5-2015-768x399.jpg\" width=\"640\" height=\"333\" alt=\"\" \/><\/a><\/div> <\/div> <\/div><\/code><\/p>","protected":false},"excerpt":{"rendered":"<p>Przepraszamy, ten wpis jest dost\u0119pny tylko w j\u0119zyku Ameryka\u0144ski Angielski i Niemiecki. For the sake of viewer convenience, the content is shown below in this site default language. You may click one of the links to switch the site language to another available language.LOCATION The \u00d6sterlen region is located in southern Sweden in the province [&hellip;]<\/p>\n","protected":false},"author":3,"featured_media":0,"parent":490,"menu_order":0,"comment_status":"closed","ping_status":"closed","template":"","meta":[],"categories":[34,15,31],"tags":[],"_links":{"self":[{"href":"https:\/\/sbt.ug.edu.pl\/pl\/wp-json\/wp\/v2\/pages\/561"}],"collection":[{"href":"https:\/\/sbt.ug.edu.pl\/pl\/wp-json\/wp\/v2\/pages"}],"about":[{"href":"https:\/\/sbt.ug.edu.pl\/pl\/wp-json\/wp\/v2\/types\/page"}],"author":[{"embeddable":true,"href":"https:\/\/sbt.ug.edu.pl\/pl\/wp-json\/wp\/v2\/users\/3"}],"replies":[{"embeddable":true,"href":"https:\/\/sbt.ug.edu.pl\/pl\/wp-json\/wp\/v2\/comments?post=561"}],"version-history":[{"count":8,"href":"https:\/\/sbt.ug.edu.pl\/pl\/wp-json\/wp\/v2\/pages\/561\/revisions"}],"predecessor-version":[{"id":5745,"href":"https:\/\/sbt.ug.edu.pl\/pl\/wp-json\/wp\/v2\/pages\/561\/revisions\/5745"}],"up":[{"embeddable":true,"href":"https:\/\/sbt.ug.edu.pl\/pl\/wp-json\/wp\/v2\/pages\/490"}],"wp:attachment":[{"href":"https:\/\/sbt.ug.edu.pl\/pl\/wp-json\/wp\/v2\/media?parent=561"}],"wp:term":[{"taxonomy":"category","embeddable":true,"href":"https:\/\/sbt.ug.edu.pl\/pl\/wp-json\/wp\/v2\/categories?post=561"},{"taxonomy":"post_tag","embeddable":true,"href":"https:\/\/sbt.ug.edu.pl\/pl\/wp-json\/wp\/v2\/tags?post=561"}],"curies":[{"name":"wp","href":"https:\/\/api.w.org\/{rel}","templated":true}]}}