{"id":5696,"date":"2021-05-31T14:33:51","date_gmt":"2021-05-31T13:33:51","guid":{"rendered":"https:\/\/southbaltic-tourist.eu\/?page_id=5696"},"modified":"2021-05-31T15:34:09","modified_gmt":"2021-05-31T14:34:09","slug":"polski-wycieczki-kajakiem-w-regionie-poludniowego-baltyku","status":"publish","type":"page","link":"https:\/\/sbt.ug.edu.pl\/pl\/routes\/kayaking-south-baltic\/polski-wycieczki-kajakiem-w-regionie-poludniowego-baltyku\/","title":{"rendered":"Wycieczki kajakiem w regionie po\u0142udniowego Ba\u0142tyku"},"content":{"rendered":"<p><strong>G\u0142\u00f3wne atrakcje trasy<\/strong>: Mierzeja Kuro\u0144ska &#8211; jeziora Skanii &#8211; rzeka Warnow &#8211; Park<br \/>\nNarodowy \u201eBory Tucholskie\u201d &#8211; S\u0142owi\u0144ski Park Narodowy<\/p>\n<p><strong>Koncepcja trasy<\/strong><br \/>\nJest to podr\u00f3\u017c, kt\u00f3ra obejmuje najpi\u0119kniejsze ba\u0142tyckie pla\u017ce, wydmy, dzikie lasy i<br \/>\nkolorowe jeziora. Podr\u00f3\u017c t\u0105 tras\u0105 pozwala na obserwacj\u0119 pi\u0119knych krajobraz\u00f3w,<br \/>\nnaturalnych w\u00f3d w ich oryginalnym kszta\u0142cie, oryginalnej flory i fauny. Na trasie<br \/>\nmo\u017cna obserwowa\u0107 dzikie ssaki, ptaki i ryby w ich naturalnym \u015brodowisku. Trasa<br \/>\npozwala na zwiedzanie niekt\u00f3rych zabytk\u00f3w o charakterze kulturowym, jednak omija<br \/>\nsi\u0119 wi\u0119ksze miasta.<\/p>","protected":false},"excerpt":{"rendered":"<p>G\u0142\u00f3wne atrakcje trasy: Mierzeja Kuro\u0144ska &#8211; jeziora Skanii &#8211; rzeka Warnow &#8211; Park Narodowy \u201eBory Tucholskie\u201d &#8211; S\u0142owi\u0144ski Park Narodowy Koncepcja trasy Jest to podr\u00f3\u017c, kt\u00f3ra obejmuje najpi\u0119kniejsze ba\u0142tyckie pla\u017ce, wydmy, dzikie lasy i kolorowe jeziora. Podr\u00f3\u017c t\u0105 tras\u0105 pozwala na obserwacj\u0119 pi\u0119knych krajobraz\u00f3w, naturalnych w\u00f3d w ich oryginalnym kszta\u0142cie, oryginalnej flory i fauny. Na [&hellip;]<\/p>\n","protected":false},"author":3,"featured_media":0,"parent":455,"menu_order":0,"comment_status":"closed","ping_status":"closed","template":"","meta":[],"categories":[18,17,12],"tags":[],"_links":{"self":[{"href":"https:\/\/sbt.ug.edu.pl\/pl\/wp-json\/wp\/v2\/pages\/5696"}],"collection":[{"href":"https:\/\/sbt.ug.edu.pl\/pl\/wp-json\/wp\/v2\/pages"}],"about":[{"href":"https:\/\/sbt.ug.edu.pl\/pl\/wp-json\/wp\/v2\/types\/page"}],"author":[{"embeddable":true,"href":"https:\/\/sbt.ug.edu.pl\/pl\/wp-json\/wp\/v2\/users\/3"}],"replies":[{"embeddable":true,"href":"https:\/\/sbt.ug.edu.pl\/pl\/wp-json\/wp\/v2\/comments?post=5696"}],"version-history":[{"count":4,"href":"https:\/\/sbt.ug.edu.pl\/pl\/wp-json\/wp\/v2\/pages\/5696\/revisions"}],"predecessor-version":[{"id":5702,"href":"https:\/\/sbt.ug.edu.pl\/pl\/wp-json\/wp\/v2\/pages\/5696\/revisions\/5702"}],"up":[{"embeddable":true,"href":"https:\/\/sbt.ug.edu.pl\/pl\/wp-json\/wp\/v2\/pages\/455"}],"wp:attachment":[{"href":"https:\/\/sbt.ug.edu.pl\/pl\/wp-json\/wp\/v2\/media?parent=5696"}],"wp:term":[{"taxonomy":"category","embeddable":true,"href":"https:\/\/sbt.ug.edu.pl\/pl\/wp-json\/wp\/v2\/categories?post=5696"},{"taxonomy":"post_tag","embeddable":true,"href":"https:\/\/sbt.ug.edu.pl\/pl\/wp-json\/wp\/v2\/tags?post=5696"}],"curies":[{"name":"wp","href":"https:\/\/api.w.org\/{rel}","templated":true}]}}