{"id":571,"date":"2018-12-23T11:40:37","date_gmt":"2018-12-23T10:40:37","guid":{"rendered":"http:\/\/southbaltic-tourist.eu\/?page_id=571"},"modified":"2021-06-02T12:44:35","modified_gmt":"2021-06-02T11:44:35","slug":"4-raa","status":"publish","type":"page","link":"https:\/\/sbt.ug.edu.pl\/pl\/routes\/world-of-fishermen\/4-raa\/","title":{"rendered":"4. R\u00e5\u00e5"},"content":{"rendered":"<p><\/p>\n<p style=\"text-align: justify;\"><strong>LOKALIZACJA<\/strong><\/p>\n<p style=\"text-align: justify;\">R\u00e5\u00e5 znajduje si\u0119 w cie\u015bninie Oresund z bezpo\u015brednim widokiem na Dani\u0119. Jest to tak\u017ce miejsce, w kt\u00f3rym rzeka R\u00e5\u00e5n wp\u0142ywa do cie\u015bniny. Miejscowo\u015b\u0107, kt\u00f3ra za\u0142o\u017cona zosta\u0142a oko\u0142o XVI wieku jako ma\u0142a wioska rybacka, obecnie liczy oko\u0142o 3 000 mieszka\u0144c\u00f3w i jest najbardziej wysuni\u0119t\u0105 na po\u0142udnie cz\u0119\u015bci\u0105 Helsingborga w prowincji Skania.<\/p>\n<p><img decoding=\"async\" loading=\"lazy\" class=\"wp-image-2553 alignleft\" src=\"https:\/\/southbaltic-tourist.eu\/wp-content\/uploads\/2019\/07\/R8A4-p1-IMG_6246.jpg\" alt=\"\" width=\"533\" height=\"400\" srcset=\"https:\/\/sbt.ug.edu.pl\/wp-content\/uploads\/2019\/07\/R8A4-p1-IMG_6246.jpg 1600w, https:\/\/sbt.ug.edu.pl\/wp-content\/uploads\/2019\/07\/R8A4-p1-IMG_6246-300x225.jpg 300w, https:\/\/sbt.ug.edu.pl\/wp-content\/uploads\/2019\/07\/R8A4-p1-IMG_6246-768x576.jpg 768w, https:\/\/sbt.ug.edu.pl\/wp-content\/uploads\/2019\/07\/R8A4-p1-IMG_6246-1024x768.jpg 1024w, https:\/\/sbt.ug.edu.pl\/wp-content\/uploads\/2019\/07\/R8A4-p1-IMG_6246-150x113.jpg 150w, https:\/\/sbt.ug.edu.pl\/wp-content\/uploads\/2019\/07\/R8A4-p1-IMG_6246-136x102.jpg 136w\" sizes=\"(max-width: 533px) 100vw, 533px\" \/><\/p>\n<p><a href=\"https:\/\/southbaltic-tourist.eu\/wp-content\/uploads\/2020\/02\/R8.04-R\u00e5\u00e5.png\" data-rel=\"lightbox-gallery-wCdTyKrH\" data-rl_title=\"\" data-rl_caption=\"\" title=\"\"><img decoding=\"async\" loading=\"lazy\" class=\"alignnone wp-image-5333\" src=\"https:\/\/southbaltic-tourist.eu\/wp-content\/uploads\/2020\/02\/R8.04-R\u00e5\u00e5-300x256.png\" alt=\"\" width=\"469\" height=\"400\" srcset=\"https:\/\/sbt.ug.edu.pl\/wp-content\/uploads\/2020\/02\/R8.04-R\u00e5\u00e5-300x256.png 300w, https:\/\/sbt.ug.edu.pl\/wp-content\/uploads\/2020\/02\/R8.04-R\u00e5\u00e5-1024x874.png 1024w, https:\/\/sbt.ug.edu.pl\/wp-content\/uploads\/2020\/02\/R8.04-R\u00e5\u00e5-768x655.png 768w, https:\/\/sbt.ug.edu.pl\/wp-content\/uploads\/2020\/02\/R8.04-R\u00e5\u00e5-1536x1310.png 1536w, https:\/\/sbt.ug.edu.pl\/wp-content\/uploads\/2020\/02\/R8.04-R\u00e5\u00e5-150x128.png 150w, https:\/\/sbt.ug.edu.pl\/wp-content\/uploads\/2020\/02\/R8.04-R\u00e5\u00e5.png 1600w\" sizes=\"(max-width: 469px) 100vw, 469px\" \/><\/a><\/p>\n<p style=\"text-align: justify;\"><strong>WIDOKOWY CHARAKTER<\/strong><\/p>\n<p style=\"text-align: justify;\">Przez d\u0142ugi czas R\u00e5\u00e5 by\u0142o jedn\u0105 z najwi\u0119kszych wiosek rybackich w Szwecji. Nadmorska atmosfera nadal charakteryzuje t\u0119 dzielnic\u0119 Helsingborga. Znajduje si\u0119 tu wiele ma\u0142ych domk\u00f3w i pi\u0119kny port. Dodatkowo R\u00e5\u00e5 zapewnia niezliczone mo\u017cliwo\u015bci w\u0119dkowania, przez co tury\u015bci bardzo ch\u0119tnie odwiedzaj\u0105 t\u0119 cz\u0119\u015b\u0107 miasta. Po\u0142o\u017cenie nad brzegiem cie\u015bniny Oresund czyni to miejsce bardzo atrakcyjnym.<\/p>\n<p style=\"text-align: justify;\"><strong>ATRAKCJE<\/strong><\/p>\n<p style=\"text-align: justify;\">R\u00e5\u00e5 jest idealnym miejscem na \u0142owienie ryb, zar\u00f3wno z \u0142odzi, jak i z linii brzegowej. Na po\u0142udnie od R\u00e5\u00e5 znajduje si\u0119 Rya Golf Club, a na p\u00f3\u0142nocy centrum miasta Helsingborg, kt\u00f3re na przestrzeni lat by\u0142o wielokrotnie niszczone przez kolejne wojny. Mimo niewielu\u00a0 starych budynk\u00f3w, Helsingborg jest wart odwiedzenia ze wzgl\u0119du na pi\u0119kne parki, liczne restauracje i kawiarnie oraz atrakcje kulturowe.<\/p>\n<p style=\"text-align: justify;\"><code><div class=\"rl-gallery-container rl-loading\" id=\"rl-gallery-container-3\" data-gallery_id=\"2551\"> <div class=\"rl-gallery rl-basicgrid-gallery \" id=\"rl-gallery-3\" data-gallery_no=\"3\"> <div class=\"rl-gallery-item\"><a href=\"https:\/\/sbt.ug.edu.pl\/wp-content\/uploads\/2019\/07\/R8A4-p1-IMG_6246.jpg\" title=\"Harbour-R\u00e5\u00e5-1; \u00a9 Wilhelm Steingrube\" data-rl_title=\"Harbour-R\u00e5\u00e5-1; \u00a9 Wilhelm Steingrube\" class=\"rl-gallery-link\" data-rl_caption=\"\" data-rel=\"lightbox-gallery-3\"><img src=\"https:\/\/sbt.ug.edu.pl\/wp-content\/uploads\/2019\/07\/R8A4-p1-IMG_6246-300x225.jpg\" width=\"300\" height=\"225\" alt=\"\" \/><\/a><\/div><div class=\"rl-gallery-item\"><a href=\"https:\/\/sbt.ug.edu.pl\/wp-content\/uploads\/2019\/07\/R8A4-p2-IMG_6249.jpg\" title=\"Museum-R\u00e5\u00e5; \u00a9 Wilhelm Steingrube\" data-rl_title=\"Museum-R\u00e5\u00e5; \u00a9 Wilhelm Steingrube\" class=\"rl-gallery-link\" data-rl_caption=\"\" data-rel=\"lightbox-gallery-3\"><img src=\"https:\/\/sbt.ug.edu.pl\/wp-content\/uploads\/2019\/07\/R8A4-p2-IMG_6249-300x225.jpg\" width=\"300\" height=\"225\" alt=\"\" \/><\/a><\/div><div class=\"rl-gallery-item\"><a href=\"https:\/\/sbt.ug.edu.pl\/wp-content\/uploads\/2019\/07\/R8A4-p3-IMG_6250.jpg\" title=\"Harbour-R\u00e5\u00e5-2; \u00a9 Wilhelm Steingrube\" data-rl_title=\"Harbour-R\u00e5\u00e5-2; \u00a9 Wilhelm Steingrube\" class=\"rl-gallery-link\" data-rl_caption=\"\" data-rel=\"lightbox-gallery-3\"><img src=\"https:\/\/sbt.ug.edu.pl\/wp-content\/uploads\/2019\/07\/R8A4-p3-IMG_6250-300x225.jpg\" width=\"300\" height=\"225\" alt=\"\" \/><\/a><\/div><div class=\"rl-gallery-item\"><a href=\"https:\/\/sbt.ug.edu.pl\/wp-content\/uploads\/2019\/07\/R8A4-p4-IMG_6260.jpg\" title=\"Harbour-R\u00e5\u00e5-3; \u00a9 Wilhelm Steingrube\" data-rl_title=\"Harbour-R\u00e5\u00e5-3; \u00a9 Wilhelm Steingrube\" class=\"rl-gallery-link\" data-rl_caption=\"\" data-rel=\"lightbox-gallery-3\"><img src=\"https:\/\/sbt.ug.edu.pl\/wp-content\/uploads\/2019\/07\/R8A4-p4-IMG_6260-300x225.jpg\" width=\"300\" height=\"225\" alt=\"\" \/><\/a><\/div> <\/div> <\/div><\/code><\/p>\n<p><\/p>","protected":false},"excerpt":{"rendered":"<p>LOKALIZACJA R\u00e5\u00e5 znajduje si\u0119 w cie\u015bninie Oresund z bezpo\u015brednim widokiem na Dani\u0119. Jest to tak\u017ce miejsce, w kt\u00f3rym rzeka R\u00e5\u00e5n wp\u0142ywa do cie\u015bniny. Miejscowo\u015b\u0107, kt\u00f3ra za\u0142o\u017cona zosta\u0142a oko\u0142o XVI wieku jako ma\u0142a wioska rybacka, obecnie liczy oko\u0142o 3 000 mieszka\u0144c\u00f3w i jest najbardziej wysuni\u0119t\u0105 na po\u0142udnie cz\u0119\u015bci\u0105 Helsingborga w prowincji Skania. WIDOKOWY CHARAKTER Przez d\u0142ugi [&hellip;]<\/p>\n","protected":false},"author":3,"featured_media":0,"parent":490,"menu_order":0,"comment_status":"closed","ping_status":"closed","template":"","meta":[],"categories":[34,15,31],"tags":[],"_links":{"self":[{"href":"https:\/\/sbt.ug.edu.pl\/pl\/wp-json\/wp\/v2\/pages\/571"}],"collection":[{"href":"https:\/\/sbt.ug.edu.pl\/pl\/wp-json\/wp\/v2\/pages"}],"about":[{"href":"https:\/\/sbt.ug.edu.pl\/pl\/wp-json\/wp\/v2\/types\/page"}],"author":[{"embeddable":true,"href":"https:\/\/sbt.ug.edu.pl\/pl\/wp-json\/wp\/v2\/users\/3"}],"replies":[{"embeddable":true,"href":"https:\/\/sbt.ug.edu.pl\/pl\/wp-json\/wp\/v2\/comments?post=571"}],"version-history":[{"count":10,"href":"https:\/\/sbt.ug.edu.pl\/pl\/wp-json\/wp\/v2\/pages\/571\/revisions"}],"predecessor-version":[{"id":5747,"href":"https:\/\/sbt.ug.edu.pl\/pl\/wp-json\/wp\/v2\/pages\/571\/revisions\/5747"}],"up":[{"embeddable":true,"href":"https:\/\/sbt.ug.edu.pl\/pl\/wp-json\/wp\/v2\/pages\/490"}],"wp:attachment":[{"href":"https:\/\/sbt.ug.edu.pl\/pl\/wp-json\/wp\/v2\/media?parent=571"}],"wp:term":[{"taxonomy":"category","embeddable":true,"href":"https:\/\/sbt.ug.edu.pl\/pl\/wp-json\/wp\/v2\/categories?post=571"},{"taxonomy":"post_tag","embeddable":true,"href":"https:\/\/sbt.ug.edu.pl\/pl\/wp-json\/wp\/v2\/tags?post=571"}],"curies":[{"name":"wp","href":"https:\/\/api.w.org\/{rel}","templated":true}]}}