{"id":573,"date":"2018-12-23T11:42:20","date_gmt":"2018-12-23T10:42:20","guid":{"rendered":"http:\/\/southbaltic-tourist.eu\/?page_id=573"},"modified":"2021-06-02T12:49:20","modified_gmt":"2021-06-02T11:49:20","slug":"5-sassnitz","status":"publish","type":"page","link":"https:\/\/sbt.ug.edu.pl\/pl\/routes\/world-of-fishermen\/5-sassnitz\/","title":{"rendered":"5. Sassnitz"},"content":{"rendered":"<p><\/p>\n<p style=\"text-align: justify;\"><strong>LOKALIZACJA<\/strong><\/p>\n<p style=\"text-align: justify;\">Miejscowo\u015b\u0107 Sassnitz po\u0142o\u017cona jest na wybrze\u017cu wyspy Rugia, tu\u017c obok malowniczego Parku Narodowego Jasmund, s\u0142yn\u0105cego z kredowych klif\u00f3w.<\/p>\n<p><img decoding=\"async\" loading=\"lazy\" class=\"alignleft wp-image-2561\" src=\"https:\/\/southbaltic-tourist.eu\/wp-content\/uploads\/2019\/07\/R8A5-p1-freddieIMG_8804.jpg\" alt=\"\" width=\"600\" height=\"400\" srcset=\"https:\/\/sbt.ug.edu.pl\/wp-content\/uploads\/2019\/07\/R8A5-p1-freddieIMG_8804.jpg 1600w, https:\/\/sbt.ug.edu.pl\/wp-content\/uploads\/2019\/07\/R8A5-p1-freddieIMG_8804-300x200.jpg 300w, https:\/\/sbt.ug.edu.pl\/wp-content\/uploads\/2019\/07\/R8A5-p1-freddieIMG_8804-768x512.jpg 768w, https:\/\/sbt.ug.edu.pl\/wp-content\/uploads\/2019\/07\/R8A5-p1-freddieIMG_8804-1024x683.jpg 1024w, https:\/\/sbt.ug.edu.pl\/wp-content\/uploads\/2019\/07\/R8A5-p1-freddieIMG_8804-150x100.jpg 150w\" sizes=\"(max-width: 600px) 100vw, 600px\" \/><\/p>\n<p><a href=\"https:\/\/southbaltic-tourist.eu\/wp-content\/uploads\/2020\/02\/R8.05-Sassnitz.png\" data-rel=\"lightbox-gallery-wsXK1vX0\" data-rl_title=\"\" data-rl_caption=\"\" title=\"\"><img decoding=\"async\" loading=\"lazy\" class=\"alignnone wp-image-5337\" src=\"https:\/\/southbaltic-tourist.eu\/wp-content\/uploads\/2020\/02\/R8.05-Sassnitz-300x256.png\" alt=\"\" width=\"469\" height=\"400\" srcset=\"https:\/\/sbt.ug.edu.pl\/wp-content\/uploads\/2020\/02\/R8.05-Sassnitz-300x256.png 300w, https:\/\/sbt.ug.edu.pl\/wp-content\/uploads\/2020\/02\/R8.05-Sassnitz-1024x874.png 1024w, https:\/\/sbt.ug.edu.pl\/wp-content\/uploads\/2020\/02\/R8.05-Sassnitz-768x655.png 768w, https:\/\/sbt.ug.edu.pl\/wp-content\/uploads\/2020\/02\/R8.05-Sassnitz-1536x1310.png 1536w, https:\/\/sbt.ug.edu.pl\/wp-content\/uploads\/2020\/02\/R8.05-Sassnitz-150x128.png 150w, https:\/\/sbt.ug.edu.pl\/wp-content\/uploads\/2020\/02\/R8.05-Sassnitz.png 1600w\" sizes=\"(max-width: 469px) 100vw, 469px\" \/><\/a><\/p>\n<p style=\"text-align: justify;\"><strong>WIDOKOWY CHARAKTER<\/strong><\/p>\n<p style=\"text-align: justify;\">Sassnitz to ma\u0142e miasteczko licz\u0105ce mniej ni\u017c 10 000 mieszka\u0144c\u00f3w. Jednak w sezonie turystycznym jest miejscem niezwykle popularnym, poniewa\u017c stanowi nie tylko miasto portowe, ale tak\u017ce s\u0142ynny nadmorski kurort. Mimo, \u017ce mi\u0119dzynarodowe promy i porty handlowe zosta\u0142y przeniesione z tego miejsca do innej lokalizacji, znajduj\u0105cej si\u0119 w pobli\u017cu (Mukran), funkcjonuj\u0105cy w dalszym ci\u0105gu lokalny port nieustannie przypomina turystom 100-letni\u0105 tradycj\u0119 tego miejsca i istniej\u0105cych dawniej po\u0142\u0105cze\u0144 do Szwecji i reszty p\u00f3\u0142nocnej Europy. Sassnitz to najbardziej wysuni\u0119ty na wsch\u00f3d port g\u0142\u0119binowy w Niemczech. W tym ma\u0142ym miasteczku lokalni rybacy niestrudzenie zajmuj\u0105 si\u0119 po\u0142owami i handlem. Dodatkow\u0105 atrakcj\u0105 mo\u017ce by\u0107 rejs statkiem po okolicznych wodach w celu podziwiania unikalnych kredowych klif\u00f3w Parku Narodowego Jasmund. Ciekawostk\u0105 jest, \u017ce to w\u0142a\u015bnie w Sassnitz znajduje si\u0119 najd\u0142u\u017cszy falochron w Europie (1450 metr\u00f3w).<\/p>\n<p style=\"text-align: justify;\"><strong>ATRAKCJE<\/strong><\/p>\n<p style=\"text-align: justify;\">Sassnitz jest nie tylko bram\u0105 wjazdow\u0105 do Parku Narodowego Jasmund, ale tak\u017ce jako nadmorskie miasteczko przyci\u0105ga turyst\u00f3w ze wzgl\u0119du na niezwyk\u0142y, dawny port, kt\u00f3ry po\u0142\u0105czony jest z centrum miasta ogromnym wisz\u0105cym mostem dla pieszych, maj\u0105cym 274 m d\u0142ugo\u015bci. Most powsta\u0142 ze wzgl\u0119du na wyst\u0119powanie w okolicy wielu wysokich klif\u00f3w. Dodatkow\u0105 atrakcj\u0105 miasta jest Muzeum Portu i Rybo\u0142\u00f3wstwa, w kt\u00f3rym znajduj\u0105 si\u0119 zbiory dokumentuj\u0105ce histori\u0119 Sassnitz.<\/p>\n<p><code><div class=\"rl-gallery-container rl-loading\" id=\"rl-gallery-container-3\" data-gallery_id=\"2560\"> <div class=\"rl-gallery rl-basicgrid-gallery \" id=\"rl-gallery-3\" data-gallery_no=\"3\"> <div class=\"rl-gallery-item\"><a href=\"https:\/\/sbt.ug.edu.pl\/wp-content\/uploads\/2019\/07\/R8A5-p1-freddieIMG_8804.jpg\" title=\"Maritime technology; \u00a9 Freddie Bijkerk\" data-rl_title=\"Maritime technology; \u00a9 Freddie Bijkerk\" class=\"rl-gallery-link\" data-rl_caption=\"\" data-rel=\"lightbox-gallery-3\"><img src=\"https:\/\/sbt.ug.edu.pl\/wp-content\/uploads\/2019\/07\/R8A5-p1-freddieIMG_8804-300x200.jpg\" width=\"300\" height=\"200\" alt=\"\" \/><\/a><\/div><div class=\"rl-gallery-item\"><a href=\"https:\/\/sbt.ug.edu.pl\/wp-content\/uploads\/2019\/07\/R8A5-p2-Ruegen_Sassnitz_Rathaus_2.jpg\" title=\"Rathaus; \u00a9 commons.wikimedia.org, Andreas Steinhoff\" data-rl_title=\"Rathaus; \u00a9 commons.wikimedia.org, Andreas Steinhoff\" class=\"rl-gallery-link\" data-rl_caption=\"\" data-rel=\"lightbox-gallery-3\"><img src=\"https:\/\/sbt.ug.edu.pl\/wp-content\/uploads\/2019\/07\/R8A5-p2-Ruegen_Sassnitz_Rathaus_2-199x300.jpg\" width=\"199\" height=\"300\" alt=\"\" \/><\/a><\/div><div class=\"rl-gallery-item\"><a href=\"https:\/\/sbt.ug.edu.pl\/wp-content\/uploads\/2019\/07\/R8A5-p3-Kirche_Sassnitz.jpg\" title=\"Church; \u00a9 commons.wikimedia.org, Kopist\" data-rl_title=\"Church; \u00a9 commons.wikimedia.org, Kopist\" class=\"rl-gallery-link\" data-rl_caption=\"\" data-rel=\"lightbox-gallery-3\"><img src=\"https:\/\/sbt.ug.edu.pl\/wp-content\/uploads\/2019\/07\/R8A5-p3-Kirche_Sassnitz-239x300.jpg\" width=\"239\" height=\"300\" alt=\"\" \/><\/a><\/div><div class=\"rl-gallery-item\"><a href=\"https:\/\/sbt.ug.edu.pl\/wp-content\/uploads\/2019\/07\/R8A5-p4-freddie-IMG_8794.jpg\" title=\"Ships; \u00a9 Freddie Bijkerk\" data-rl_title=\"Ships; \u00a9 Freddie Bijkerk\" class=\"rl-gallery-link\" data-rl_caption=\"\" data-rel=\"lightbox-gallery-3\"><img src=\"https:\/\/sbt.ug.edu.pl\/wp-content\/uploads\/2019\/07\/R8A5-p4-freddie-IMG_8794-300x200.jpg\" width=\"300\" height=\"200\" alt=\"\" \/><\/a><\/div><div class=\"rl-gallery-item\"><a href=\"https:\/\/sbt.ug.edu.pl\/wp-content\/uploads\/2019\/07\/R8A5-p5-freddie-IMG_8799.jpg\" title=\"R\u00fcgenFisch; \u00a9 Freddie Bijkerk\" data-rl_title=\"R\u00fcgenFisch; \u00a9 Freddie Bijkerk\" class=\"rl-gallery-link\" data-rl_caption=\"\" data-rel=\"lightbox-gallery-3\"><img src=\"https:\/\/sbt.ug.edu.pl\/wp-content\/uploads\/2019\/07\/R8A5-p5-freddie-IMG_8799-300x200.jpg\" width=\"300\" height=\"200\" alt=\"\" \/><\/a><\/div><div class=\"rl-gallery-item\"><a href=\"https:\/\/sbt.ug.edu.pl\/wp-content\/uploads\/2019\/07\/R8A5-p6-freddie-IMG_8788.jpg\" title=\"Lighthouse Sassnitz; \u00a9 Freddie Bijkerk\" data-rl_title=\"Lighthouse Sassnitz; \u00a9 Freddie Bijkerk\" class=\"rl-gallery-link\" data-rl_caption=\"\" data-rel=\"lightbox-gallery-3\"><img src=\"https:\/\/sbt.ug.edu.pl\/wp-content\/uploads\/2019\/07\/R8A5-p6-freddie-IMG_8788-300x200.jpg\" width=\"300\" height=\"200\" alt=\"\" \/><\/a><\/div><div class=\"rl-gallery-item\"><a href=\"https:\/\/sbt.ug.edu.pl\/wp-content\/uploads\/2019\/07\/R8A5-p7-freddieIMG_8805.jpg\" title=\"Rescue boats; \u00a9 Freddie Bijkerk\" data-rl_title=\"Rescue boats; \u00a9 Freddie Bijkerk\" class=\"rl-gallery-link\" data-rl_caption=\"\" data-rel=\"lightbox-gallery-3\"><img src=\"https:\/\/sbt.ug.edu.pl\/wp-content\/uploads\/2019\/07\/R8A5-p7-freddieIMG_8805-300x200.jpg\" width=\"300\" height=\"200\" alt=\"\" \/><\/a><\/div><div class=\"rl-gallery-item\"><a href=\"https:\/\/sbt.ug.edu.pl\/wp-content\/uploads\/2019\/07\/R8A5-p8-freddieIMG_8813.jpg\" title=\"Pedestrian bridge; \u00a9 Freddie Bijkerk\" data-rl_title=\"Pedestrian bridge; \u00a9 Freddie Bijkerk\" class=\"rl-gallery-link\" data-rl_caption=\"\" data-rel=\"lightbox-gallery-3\"><img src=\"https:\/\/sbt.ug.edu.pl\/wp-content\/uploads\/2019\/07\/R8A5-p8-freddieIMG_8813-300x200.jpg\" width=\"300\" height=\"200\" alt=\"\" \/><\/a><\/div><div class=\"rl-gallery-item\"><a href=\"https:\/\/sbt.ug.edu.pl\/wp-content\/uploads\/2019\/07\/R8A5-p9-Freddie-frozenlighthouse.jpg\" title=\"Lighthouse winter; \u00a9 Freddie Bijkerk\" data-rl_title=\"Lighthouse winter; \u00a9 Freddie Bijkerk\" class=\"rl-gallery-link\" data-rl_caption=\"\" data-rel=\"lightbox-gallery-3\"><img src=\"https:\/\/sbt.ug.edu.pl\/wp-content\/uploads\/2019\/07\/R8A5-p9-Freddie-frozenlighthouse-300x200.jpg\" width=\"300\" height=\"200\" alt=\"\" \/><\/a><\/div> <\/div> <\/div><\/code><\/p>","protected":false},"excerpt":{"rendered":"<p>LOKALIZACJA Miejscowo\u015b\u0107 Sassnitz po\u0142o\u017cona jest na wybrze\u017cu wyspy Rugia, tu\u017c obok malowniczego Parku Narodowego Jasmund, s\u0142yn\u0105cego z kredowych klif\u00f3w. WIDOKOWY CHARAKTER Sassnitz to ma\u0142e miasteczko licz\u0105ce mniej ni\u017c 10 000 mieszka\u0144c\u00f3w. Jednak w sezonie turystycznym jest miejscem niezwykle popularnym, poniewa\u017c stanowi nie tylko miasto portowe, ale tak\u017ce s\u0142ynny nadmorski kurort. Mimo, \u017ce mi\u0119dzynarodowe promy i [&hellip;]<\/p>\n","protected":false},"author":3,"featured_media":0,"parent":490,"menu_order":0,"comment_status":"closed","ping_status":"closed","template":"","meta":[],"categories":[34,15,31],"tags":[],"_links":{"self":[{"href":"https:\/\/sbt.ug.edu.pl\/pl\/wp-json\/wp\/v2\/pages\/573"}],"collection":[{"href":"https:\/\/sbt.ug.edu.pl\/pl\/wp-json\/wp\/v2\/pages"}],"about":[{"href":"https:\/\/sbt.ug.edu.pl\/pl\/wp-json\/wp\/v2\/types\/page"}],"author":[{"embeddable":true,"href":"https:\/\/sbt.ug.edu.pl\/pl\/wp-json\/wp\/v2\/users\/3"}],"replies":[{"embeddable":true,"href":"https:\/\/sbt.ug.edu.pl\/pl\/wp-json\/wp\/v2\/comments?post=573"}],"version-history":[{"count":9,"href":"https:\/\/sbt.ug.edu.pl\/pl\/wp-json\/wp\/v2\/pages\/573\/revisions"}],"predecessor-version":[{"id":5748,"href":"https:\/\/sbt.ug.edu.pl\/pl\/wp-json\/wp\/v2\/pages\/573\/revisions\/5748"}],"up":[{"embeddable":true,"href":"https:\/\/sbt.ug.edu.pl\/pl\/wp-json\/wp\/v2\/pages\/490"}],"wp:attachment":[{"href":"https:\/\/sbt.ug.edu.pl\/pl\/wp-json\/wp\/v2\/media?parent=573"}],"wp:term":[{"taxonomy":"category","embeddable":true,"href":"https:\/\/sbt.ug.edu.pl\/pl\/wp-json\/wp\/v2\/categories?post=573"},{"taxonomy":"post_tag","embeddable":true,"href":"https:\/\/sbt.ug.edu.pl\/pl\/wp-json\/wp\/v2\/tags?post=573"}],"curies":[{"name":"wp","href":"https:\/\/api.w.org\/{rel}","templated":true}]}}