{"id":575,"date":"2018-12-23T11:44:27","date_gmt":"2018-12-23T10:44:27","guid":{"rendered":"http:\/\/southbaltic-tourist.eu\/?page_id=575"},"modified":"2021-06-02T12:51:55","modified_gmt":"2021-06-02T11:51:55","slug":"6-jasmund-national-park","status":"publish","type":"page","link":"https:\/\/sbt.ug.edu.pl\/pl\/routes\/world-of-fishermen\/6-jasmund-national-park\/","title":{"rendered":"6. Park Narodowy Jasmund"},"content":{"rendered":"<p><\/p>\n<p style=\"text-align: justify;\"><strong>LOKALIZACJA<\/strong><\/p>\n<p style=\"text-align: justify;\">Park Narodowy Jasmund znajduje si\u0119 w Meklemburgii-Pomorzu Przednim na p\u00f3\u0142nocnym wybrze\u017cu wyspy Rugia, tu\u017c przy linii brzegowej Morza Ba\u0142tyckiego. To najmniejszy park narodowy w Niemczech. Jego powierzchnia wynosi jedynie 3100 ha (2400 ha grunt\u00f3w oraz 700 ha wody). W pobli\u017cu parku znajduje si\u0119 miasteczko Sassnitz i wioska Lohme. R\u00f3wnie\u017c na terenie samego Jasmund odwiedzi\u0107 mo\u017cna kilka mniejszych miejscowo\u015bci.<\/p>\n<p><img decoding=\"async\" loading=\"lazy\" class=\"alignnone wp-image-2572 size-full\" src=\"https:\/\/southbaltic-tourist.eu\/wp-content\/uploads\/2019\/07\/R8A6-p1-Jasmund-1-K\u00f6nigsstuhl_und_Viktoria-Sicht.jpg\" alt=\"\" width=\"1600\" height=\"968\" srcset=\"https:\/\/sbt.ug.edu.pl\/wp-content\/uploads\/2019\/07\/R8A6-p1-Jasmund-1-K\u00f6nigsstuhl_und_Viktoria-Sicht.jpg 1600w, https:\/\/sbt.ug.edu.pl\/wp-content\/uploads\/2019\/07\/R8A6-p1-Jasmund-1-K\u00f6nigsstuhl_und_Viktoria-Sicht-300x182.jpg 300w, https:\/\/sbt.ug.edu.pl\/wp-content\/uploads\/2019\/07\/R8A6-p1-Jasmund-1-K\u00f6nigsstuhl_und_Viktoria-Sicht-768x465.jpg 768w, https:\/\/sbt.ug.edu.pl\/wp-content\/uploads\/2019\/07\/R8A6-p1-Jasmund-1-K\u00f6nigsstuhl_und_Viktoria-Sicht-1024x620.jpg 1024w, https:\/\/sbt.ug.edu.pl\/wp-content\/uploads\/2019\/07\/R8A6-p1-Jasmund-1-K\u00f6nigsstuhl_und_Viktoria-Sicht-150x91.jpg 150w\" sizes=\"(max-width: 1600px) 100vw, 1600px\" \/><\/p>\n<p style=\"text-align: justify;\"><strong>WIDOKOWY CHARAKTER<\/strong><\/p>\n<p style=\"text-align: justify;\">Park Narodowy Jasmund to niezwyk\u0142e miejsce. Park wyr\u00f3\u017cniaj\u0105 dwie znane w ca\u0142ych Niemczech atrakcje. Pierwsz\u0105 s\u0105 kredowe klify na wybrze\u017cu, kt\u00f3re maj\u0105 a\u017c do 161 m wysoko\u015bci i rozci\u0105gaj\u0105 si\u0119 na obszarze 500 m. Otoczone s\u0105 lasem, a zbudowane z wapiennej kredy. Klify podlegaj\u0105 ci\u0105g\u0142ej erozji, przez co nie ka\u017cda pobliska pla\u017ca dost\u0119pna jest dla pla\u017cowicz\u00f3w. W\u015br\u00f3d najciekawszych klif\u00f3w jest \u201eK\u00f6nigsstuhl\u201d, posiadaj\u0105cy 118 m wysoko\u015bci. Drug\u0105 atrakcj\u0105 jest unikalny w ca\u0142ych Niemczech las, w sk\u0142ad kt\u00f3rego wchodz\u0105 jedne z najstarszych niemieckich buk\u00f3w. Od 2011 r. las ten wpisany jest na list\u0119 \u015bwiatowego dziedzictwa UNSECO.<\/p>\n<p style=\"text-align: justify;\"><strong>ATRAKCJE<\/strong><\/p>\n<p style=\"text-align: justify;\">Park Narodowy Jasmund to miejsce przyci\u0105gaj\u0105ce mi\u0142o\u015bnik\u00f3w przyrody oraz osoby stawiaj\u0105ce na aktywne sp\u0119dzanie urlopu. Przez wyj\u0105tkowy, chroniony, bukowy las prowadzi wiele szlak\u00f3w dost\u0119pnych zar\u00f3wno dla pieszych, jak i rowerzyst\u00f3w. W\u0119dr\u00f3wka przez park jest niesamowitym do\u015bwiadczeniem. W parku dost\u0119pnych jest wiele punkt\u00f3w widokowych, z kt\u00f3rych obserwowa\u0107 mo\u017cna pobliskie strefy przybrze\u017cne oraz Morze Ba\u0142tyckie (Viktoriasicht, K\u00f6nigsstuhl, Hohes Ufer, Ernst-Moritz-Arndt View). Na szczycie s\u0142awnego kredowego klifu \u201eK\u00f6nigsstuhl\u201d znajduje si\u0119 \u201eK\u00f6nigsstuhl\u201d National Park Centre. To miejsce, kt\u00f3re posiada 2000 m<sup>2 <\/sup>powierzchni wystawowej, kino platform\u0119 widokow\u0105, a tak\u017ce organizuje kursy przyrody na \u015bwie\u017cym powietrzu. Ponadto centrum dostarcza turystom wiedzy na temat geologicznej historii regionu i atrakcji przyrodniczych wyst\u0119puj\u0105cych na terenie parku.<\/p>\n<p><code><div class=\"rl-gallery-container rl-loading\" id=\"rl-gallery-container-3\" data-gallery_id=\"2571\"> <div class=\"rl-gallery rl-basicgrid-gallery \" id=\"rl-gallery-3\" data-gallery_no=\"3\"> <div class=\"rl-gallery-item\"><a href=\"https:\/\/sbt.ug.edu.pl\/wp-content\/uploads\/2019\/07\/R8A6-p1-Jasmund-1-K\u00f6nigsstuhl_und_Viktoria-Sicht.jpg\" title=\"Kreidek\u00fcste; \u00a9 commons.wikimedia.org, Thomas Wolf\" data-rl_title=\"Kreidek\u00fcste; \u00a9 commons.wikimedia.org, Thomas Wolf\" class=\"rl-gallery-link\" data-rl_caption=\"\" data-rel=\"lightbox-gallery-3\"><img src=\"https:\/\/sbt.ug.edu.pl\/wp-content\/uploads\/2019\/07\/R8A6-p1-Jasmund-1-K\u00f6nigsstuhl_und_Viktoria-Sicht-300x182.jpg\" width=\"300\" height=\"182\" alt=\"\" \/><\/a><\/div><div class=\"rl-gallery-item\"><a href=\"https:\/\/sbt.ug.edu.pl\/wp-content\/uploads\/2019\/07\/R8A6-p2-Jasmund-4-Stubnitz-Parkzentrum-110513-008.jpg\" title=\"Nationalparkzentrum; \u00a9 commons.wikimedia.org, Chron-Paul\" data-rl_title=\"Nationalparkzentrum; \u00a9 commons.wikimedia.org, Chron-Paul\" class=\"rl-gallery-link\" data-rl_caption=\"\" data-rel=\"lightbox-gallery-3\"><img src=\"https:\/\/sbt.ug.edu.pl\/wp-content\/uploads\/2019\/07\/R8A6-p2-Jasmund-4-Stubnitz-Parkzentrum-110513-008-300x199.jpg\" width=\"300\" height=\"199\" alt=\"\" \/><\/a><\/div><div class=\"rl-gallery-item\"><a href=\"https:\/\/sbt.ug.edu.pl\/wp-content\/uploads\/2019\/07\/R8A6-p3-Nationalpark_Jasmund_Ansicht.jpg\" title=\"Buchenwald; \u00a9 commons.wikimedia.org, Queryzo\" data-rl_title=\"Buchenwald; \u00a9 commons.wikimedia.org, Queryzo\" class=\"rl-gallery-link\" data-rl_caption=\"\" data-rel=\"lightbox-gallery-3\"><img src=\"https:\/\/sbt.ug.edu.pl\/wp-content\/uploads\/2019\/07\/R8A6-p3-Nationalpark_Jasmund_Ansicht-300x225.jpg\" width=\"300\" height=\"225\" alt=\"\" \/><\/a><\/div><div class=\"rl-gallery-item\"><a href=\"https:\/\/sbt.ug.edu.pl\/wp-content\/uploads\/2019\/07\/R8A6-p4-Jasmund-6-Kreidefelsen_Stubbenkammer_2011-05-21_7.jpg\" title=\"K\u00f6nisstuhl aus Luft; \u00a9 commons.wikimedia.org, Klugschnacker\" data-rl_title=\"K\u00f6nisstuhl aus Luft; \u00a9 commons.wikimedia.org, Klugschnacker\" class=\"rl-gallery-link\" data-rl_caption=\"\" data-rel=\"lightbox-gallery-3\"><img src=\"https:\/\/sbt.ug.edu.pl\/wp-content\/uploads\/2019\/07\/R8A6-p4-Jasmund-6-Kreidefelsen_Stubbenkammer_2011-05-21_7-300x199.jpg\" width=\"300\" height=\"199\" alt=\"\" \/><\/a><\/div><div class=\"rl-gallery-item\"><a href=\"https:\/\/sbt.ug.edu.pl\/wp-content\/uploads\/2019\/07\/R8A6-p5-Jasmund-7-KoenigsstuhlRuegenPlatform.jpg\" title=\"Aussichtsplattform; \u00a9 commons.wikimedia.org, Ramessos\" data-rl_title=\"Aussichtsplattform; \u00a9 commons.wikimedia.org, Ramessos\" class=\"rl-gallery-link\" data-rl_caption=\"\" data-rel=\"lightbox-gallery-3\"><img src=\"https:\/\/sbt.ug.edu.pl\/wp-content\/uploads\/2019\/07\/R8A6-p5-Jasmund-7-KoenigsstuhlRuegenPlatform-225x300.jpg\" width=\"225\" height=\"300\" alt=\"\" \/><\/a><\/div><div class=\"rl-gallery-item\"><a href=\"https:\/\/sbt.ug.edu.pl\/wp-content\/uploads\/2019\/07\/R8A6-p6-Jasmund-8.jpg\" title=\"Sumpf; \u00a9 commons.wikimedia.org, Gerd W. Zinke\" data-rl_title=\"Sumpf; \u00a9 commons.wikimedia.org, Gerd W. Zinke\" class=\"rl-gallery-link\" data-rl_caption=\"\" data-rel=\"lightbox-gallery-3\"><img src=\"https:\/\/sbt.ug.edu.pl\/wp-content\/uploads\/2019\/07\/R8A6-p6-Jasmund-8-300x199.jpg\" width=\"300\" height=\"199\" alt=\"\" \/><\/a><\/div><div class=\"rl-gallery-item\"><a href=\"https:\/\/sbt.ug.edu.pl\/wp-content\/uploads\/2019\/07\/R8A6-p7-Wissower_Klinken_April_2004.jpg\" title=\"Wissower Klinken; \u00a9 commons.wikimedia.org, Lapplaender\" data-rl_title=\"Wissower Klinken; \u00a9 commons.wikimedia.org, Lapplaender\" class=\"rl-gallery-link\" data-rl_caption=\"\" data-rel=\"lightbox-gallery-3\"><img src=\"https:\/\/sbt.ug.edu.pl\/wp-content\/uploads\/2019\/07\/R8A6-p7-Wissower_Klinken_April_2004-300x225.jpg\" width=\"300\" height=\"225\" alt=\"\" \/><\/a><\/div><div class=\"rl-gallery-item\"><a href=\"https:\/\/sbt.ug.edu.pl\/wp-content\/uploads\/2019\/07\/R8A6-p8-102_-_Stubbenkammer.jpg\" title=\"Buchenwald; \u00a9 commons.wikimedia.org, Michael J. Zirbes\" data-rl_title=\"Buchenwald; \u00a9 commons.wikimedia.org, Michael J. Zirbes\" class=\"rl-gallery-link\" data-rl_caption=\"\" data-rel=\"lightbox-gallery-3\"><img src=\"https:\/\/sbt.ug.edu.pl\/wp-content\/uploads\/2019\/07\/R8A6-p8-102_-_Stubbenkammer-300x227.jpg\" width=\"300\" height=\"227\" alt=\"\" \/><\/a><\/div><div class=\"rl-gallery-item\"><a href=\"https:\/\/sbt.ug.edu.pl\/wp-content\/uploads\/2019\/07\/R8A6-p9-Jasmund-11-R\u00fcgen_Nationalpark-Jasmund_Wasserfall-am-Kieler-Ufer_May-2009_SL272761.jpg\" title=\"Kieler Ufer; \u00a9 commons.wikimedia.org, C. Loeser\" data-rl_title=\"Kieler Ufer; \u00a9 commons.wikimedia.org, C. Loeser\" class=\"rl-gallery-link\" data-rl_caption=\"\" data-rel=\"lightbox-gallery-3\"><img src=\"https:\/\/sbt.ug.edu.pl\/wp-content\/uploads\/2019\/07\/R8A6-p9-Jasmund-11-R\u00fcgen_Nationalpark-Jasmund_Wasserfall-am-Kieler-Ufer_May-2009_SL272761-225x300.jpg\" width=\"225\" height=\"300\" alt=\"\" \/><\/a><\/div> <\/div> <\/div><\/code><\/p>","protected":false},"excerpt":{"rendered":"<p>LOKALIZACJA Park Narodowy Jasmund znajduje si\u0119 w Meklemburgii-Pomorzu Przednim na p\u00f3\u0142nocnym wybrze\u017cu wyspy Rugia, tu\u017c przy linii brzegowej Morza Ba\u0142tyckiego. To najmniejszy park narodowy w Niemczech. Jego powierzchnia wynosi jedynie 3100 ha (2400 ha grunt\u00f3w oraz 700 ha wody). W pobli\u017cu parku znajduje si\u0119 miasteczko Sassnitz i wioska Lohme. R\u00f3wnie\u017c na terenie samego Jasmund odwiedzi\u0107 [&hellip;]<\/p>\n","protected":false},"author":3,"featured_media":0,"parent":490,"menu_order":0,"comment_status":"closed","ping_status":"closed","template":"","meta":[],"categories":[34,15,31],"tags":[],"_links":{"self":[{"href":"https:\/\/sbt.ug.edu.pl\/pl\/wp-json\/wp\/v2\/pages\/575"}],"collection":[{"href":"https:\/\/sbt.ug.edu.pl\/pl\/wp-json\/wp\/v2\/pages"}],"about":[{"href":"https:\/\/sbt.ug.edu.pl\/pl\/wp-json\/wp\/v2\/types\/page"}],"author":[{"embeddable":true,"href":"https:\/\/sbt.ug.edu.pl\/pl\/wp-json\/wp\/v2\/users\/3"}],"replies":[{"embeddable":true,"href":"https:\/\/sbt.ug.edu.pl\/pl\/wp-json\/wp\/v2\/comments?post=575"}],"version-history":[{"count":7,"href":"https:\/\/sbt.ug.edu.pl\/pl\/wp-json\/wp\/v2\/pages\/575\/revisions"}],"predecessor-version":[{"id":5749,"href":"https:\/\/sbt.ug.edu.pl\/pl\/wp-json\/wp\/v2\/pages\/575\/revisions\/5749"}],"up":[{"embeddable":true,"href":"https:\/\/sbt.ug.edu.pl\/pl\/wp-json\/wp\/v2\/pages\/490"}],"wp:attachment":[{"href":"https:\/\/sbt.ug.edu.pl\/pl\/wp-json\/wp\/v2\/media?parent=575"}],"wp:term":[{"taxonomy":"category","embeddable":true,"href":"https:\/\/sbt.ug.edu.pl\/pl\/wp-json\/wp\/v2\/categories?post=575"},{"taxonomy":"post_tag","embeddable":true,"href":"https:\/\/sbt.ug.edu.pl\/pl\/wp-json\/wp\/v2\/tags?post=575"}],"curies":[{"name":"wp","href":"https:\/\/api.w.org\/{rel}","templated":true}]}}