{"id":577,"date":"2018-12-23T11:46:45","date_gmt":"2018-12-23T10:46:45","guid":{"rendered":"http:\/\/southbaltic-tourist.eu\/?page_id=577"},"modified":"2021-06-08T17:04:55","modified_gmt":"2021-06-08T16:04:55","slug":"7-binz","status":"publish","type":"page","link":"https:\/\/sbt.ug.edu.pl\/pl\/routes\/world-of-fishermen\/7-binz\/","title":{"rendered":"7. Binz"},"content":{"rendered":"<p><\/p>\n<p style=\"text-align: justify;\"><strong>LOKALIZACJA<\/strong><\/p>\n<p style=\"text-align: justify;\">Nadmorski kurort Binz znajduje si\u0119 na wyspie Rugia, w p\u00f3\u0142nocno-wschodniej cz\u0119\u015bci Niemiec, na terenie Meklemburgii-Pomorza Przedniego, w zatoce Prorer Wieck, mi\u0119dzy p\u00f3\u0142wyspem Jasmund, rezerwatem biosfery po\u0142udniowo-wschodniej Rugii, Granitz i wrzosowiskami. Binz i o\u015brodki znajduj\u0105ce si\u0119 w jego pobli\u017cu &#8211; Zamek My\u015bliwski Granitz i Pror\u0119 \u2013 zamieszkuje obecnie 5887 os\u00f3b.<\/p>\n<p><img decoding=\"async\" loading=\"lazy\" class=\"alignnone wp-image-2591 size-full\" src=\"https:\/\/southbaltic-tourist.eu\/wp-content\/uploads\/2019\/07\/R8A7-p1-IMG_6459.jpg\" alt=\"\" width=\"1600\" height=\"1200\" srcset=\"https:\/\/sbt.ug.edu.pl\/wp-content\/uploads\/2019\/07\/R8A7-p1-IMG_6459.jpg 1600w, https:\/\/sbt.ug.edu.pl\/wp-content\/uploads\/2019\/07\/R8A7-p1-IMG_6459-300x225.jpg 300w, https:\/\/sbt.ug.edu.pl\/wp-content\/uploads\/2019\/07\/R8A7-p1-IMG_6459-768x576.jpg 768w, https:\/\/sbt.ug.edu.pl\/wp-content\/uploads\/2019\/07\/R8A7-p1-IMG_6459-1024x768.jpg 1024w, https:\/\/sbt.ug.edu.pl\/wp-content\/uploads\/2019\/07\/R8A7-p1-IMG_6459-150x113.jpg 150w, https:\/\/sbt.ug.edu.pl\/wp-content\/uploads\/2019\/07\/R8A7-p1-IMG_6459-136x102.jpg 136w\" sizes=\"(max-width: 1600px) 100vw, 1600px\" \/><\/p>\n<p style=\"text-align: justify;\"><strong>WIDOKOWY CHARAKTER<\/strong><\/p>\n<p style=\"text-align: justify;\">Binz to najwi\u0119kszy nadmorski kurort na Rugii. Do jego teren\u00f3w przynale\u017cy pla\u017ca o d\u0142ugo\u015bci 5 km. Binz by\u0142o pocz\u0105tkowo ma\u0142\u0105 wiosk\u0105 ryback\u0105, jednak wraz z biegiem lat sta\u0142o si\u0119 popularnym, ba\u0142tyckim kurortem. To doskona\u0142a baza wypadowa dla turyst\u00f3w. W okolicy znajduje si\u0119 wiele hoteli, dom\u00f3w do wynaj\u0119cia, znakomitych restauracji i kawiarni. Binz to harmonijne po\u0142\u0105czenie tradycyjnego nadmorskiego kurortu ze zr\u00f3\u017cnicowanym krajobrazem i licznymi atrakcjami turystycznymi. Licz\u0105cy ponad 700 lat kurort pochwali\u0107 si\u0119 mo\u017ce wieloma oryginalnymi willami, t\u0119tni\u0105c\u0105 \u017cyciem promenad\u0105, niezwyk\u0142ym molo i budynkami charakterystycznymi dla infrastruktury uzdrowiskowej.<\/p>\n<p style=\"text-align: justify;\"><strong>ATRAKCJE<\/strong><\/p>\n<p style=\"text-align: justify;\">Poza oczywist\u0105 atrakcj\u0105 Binz, jak\u0105 jest szeroka, piaszczysta pla\u017ca, miasto oferuje wiele \u00a0innych mo\u017cliwo\u015bci sp\u0119dzania czasu. Jedn\u0105 z najbardziej charakterystycznych cech miejscowo\u015bci jest jej tak zwana \u201ekurortowa architektura\u201d, kt\u00f3r\u0105 wyr\u00f3\u017cniaj\u0105 si\u0119 niemieckie o\u015brodki uzdrowiskowe na wybrze\u017cu Ba\u0142tyku.\u00a0 Ponadto w Binz\u00a0 znajduje si\u0119 centrum sztuki, a w pobliskim Granitz &#8211; Zamek My\u015bliwski oraz Muzeum \u201e\u015awiat Wiedzy Galileo\u201d, kt\u00f3re jest szczeg\u00f3lnie ch\u0119tnie odwiedzane przez dzieci. Nieopodal zlokalizowana jest tak\u017ce Porora &#8211; monumentalny budynek o d\u0142ugo\u015bci 2,5 km, kt\u00f3ry symbolizuje histori\u0119 narodowego socjalizmu i p\u00f3\u017aniejszy okres NRD. Znajduje si\u0119 w nim Centrum Dokumentacji Prora oraz Muzeum Kolei i Technologii. Ponadto warto z tego miejsca wyruszy\u0107 w g\u00f3r\u0119 specjaln\u0105 \u015bcie\u017ck\u0105, aby zobaczy\u0107 ca\u0142y region z niecodziennej perspektywy. W Binz co roku organizowanych jest \u00a0wiele imprez kulturalnych i sportowych, takich jak Festiwal \u201eSt\u00f6rtebeker\u201d, letnie koncerty, IronMan z Rugii, konkurs p\u0142ywania w Morzu Ba\u0142tyckim i krajowe mistrzostwa w siatk\u00f3wce pla\u017cowej. W okolicy Binz znajduje si\u0119 r\u00f3wnie\u017c wiele szlak\u00f3w turystycznych i tras rowerowych, kilka plac\u00f3w zabaw i obszar\u00f3w przeznaczonych specjalnie dla dzieci.<\/p>\n<p><code><div class=\"rl-gallery-container rl-loading\" id=\"rl-gallery-container-3\" data-gallery_id=\"2576\"> <div class=\"rl-gallery rl-basicgrid-gallery \" id=\"rl-gallery-3\" data-gallery_no=\"3\"> <div class=\"rl-gallery-item\"><a href=\"https:\/\/sbt.ug.edu.pl\/wp-content\/uploads\/2019\/07\/R8A7-p1-IMG_6459.jpg\" title=\"Parkhotel; \u00a9 Wilhelm Steingrube\" data-rl_title=\"Parkhotel; \u00a9 Wilhelm Steingrube\" class=\"rl-gallery-link\" data-rl_caption=\"\" data-rel=\"lightbox-gallery-3\"><img src=\"https:\/\/sbt.ug.edu.pl\/wp-content\/uploads\/2019\/07\/R8A7-p1-IMG_6459-300x225.jpg\" width=\"300\" height=\"225\" alt=\"\" \/><\/a><\/div><div class=\"rl-gallery-item\"><a href=\"https:\/\/sbt.ug.edu.pl\/wp-content\/uploads\/2019\/07\/R8A7-p2-IMG_6457.jpg\" title=\"Pier; \u00a9 Wilhelm Steingrube\" data-rl_title=\"Pier; \u00a9 Wilhelm Steingrube\" class=\"rl-gallery-link\" data-rl_caption=\"\" data-rel=\"lightbox-gallery-3\"><img src=\"https:\/\/sbt.ug.edu.pl\/wp-content\/uploads\/2019\/07\/R8A7-p2-IMG_6457-300x225.jpg\" width=\"300\" height=\"225\" alt=\"\" \/><\/a><\/div><div class=\"rl-gallery-item\"><a href=\"https:\/\/sbt.ug.edu.pl\/wp-content\/uploads\/2019\/07\/R8A7-p3-IMG_6454.jpg\" title=\"Resort architecture-Binz-1; \u00a9 Wilhelm Steingrube\" data-rl_title=\"Resort architecture-Binz-1; \u00a9 Wilhelm Steingrube\" class=\"rl-gallery-link\" data-rl_caption=\"\" data-rel=\"lightbox-gallery-3\"><img src=\"https:\/\/sbt.ug.edu.pl\/wp-content\/uploads\/2019\/07\/R8A7-p3-IMG_6454-300x225.jpg\" width=\"300\" height=\"225\" alt=\"\" \/><\/a><\/div><div class=\"rl-gallery-item\"><a href=\"https:\/\/sbt.ug.edu.pl\/wp-content\/uploads\/2019\/07\/R8A7-p4-IMG_6504.jpg\" title=\"Resort architecture-Binz-2; \u00a9 Wilhelm Steingrube\" data-rl_title=\"Resort architecture-Binz-2; \u00a9 Wilhelm Steingrube\" class=\"rl-gallery-link\" data-rl_caption=\"\" data-rel=\"lightbox-gallery-3\"><img src=\"https:\/\/sbt.ug.edu.pl\/wp-content\/uploads\/2019\/07\/R8A7-p4-IMG_6504-300x225.jpg\" width=\"300\" height=\"225\" alt=\"\" \/><\/a><\/div><div class=\"rl-gallery-item\"><a href=\"https:\/\/sbt.ug.edu.pl\/wp-content\/uploads\/2019\/07\/R8A7-p5-IMG_6505.jpg\" title=\"Resort architecture-Binz-3; \u00a9 Wilhelm Steingrube\" data-rl_title=\"Resort architecture-Binz-3; \u00a9 Wilhelm Steingrube\" class=\"rl-gallery-link\" data-rl_caption=\"\" data-rel=\"lightbox-gallery-3\"><img src=\"https:\/\/sbt.ug.edu.pl\/wp-content\/uploads\/2019\/07\/R8A7-p5-IMG_6505-225x300.jpg\" width=\"225\" height=\"300\" alt=\"\" \/><\/a><\/div><div class=\"rl-gallery-item\"><a href=\"https:\/\/sbt.ug.edu.pl\/wp-content\/uploads\/2019\/07\/R8A7-p6-IMG_6508.jpg\" title=\"Resort architecture-Binz-4; \u00a9 Wilhelm Steingrube\" data-rl_title=\"Resort architecture-Binz-4; \u00a9 Wilhelm Steingrube\" class=\"rl-gallery-link\" data-rl_caption=\"\" data-rel=\"lightbox-gallery-3\"><img src=\"https:\/\/sbt.ug.edu.pl\/wp-content\/uploads\/2019\/07\/R8A7-p6-IMG_6508-225x300.jpg\" width=\"225\" height=\"300\" alt=\"\" \/><\/a><\/div><div class=\"rl-gallery-item\"><a href=\"https:\/\/sbt.ug.edu.pl\/wp-content\/uploads\/2019\/07\/R8A7-p7-IMG_6514.jpg\" title=\"Resort architecture-Binz-5; \u00a9 Wilhelm Steingrube\" data-rl_title=\"Resort architecture-Binz-5; \u00a9 Wilhelm Steingrube\" class=\"rl-gallery-link\" data-rl_caption=\"\" data-rel=\"lightbox-gallery-3\"><img src=\"https:\/\/sbt.ug.edu.pl\/wp-content\/uploads\/2019\/07\/R8A7-p7-IMG_6514-300x225.jpg\" width=\"300\" height=\"225\" alt=\"\" \/><\/a><\/div><div class=\"rl-gallery-item\"><a href=\"https:\/\/sbt.ug.edu.pl\/wp-content\/uploads\/2019\/07\/R8A7-p8-IMG_6516.jpg\" title=\"Sculpture-1 Binz; \u00a9 Wilhelm Steingrube\" data-rl_title=\"Sculpture-1 Binz; \u00a9 Wilhelm Steingrube\" class=\"rl-gallery-link\" data-rl_caption=\"\" data-rel=\"lightbox-gallery-3\"><img src=\"https:\/\/sbt.ug.edu.pl\/wp-content\/uploads\/2019\/07\/R8A7-p8-IMG_6516-225x300.jpg\" width=\"225\" height=\"300\" alt=\"\" \/><\/a><\/div><div class=\"rl-gallery-item\"><a href=\"https:\/\/sbt.ug.edu.pl\/wp-content\/uploads\/2019\/07\/R8A7-p9-IMG_6519.jpg\" title=\"Kurpark Binz; \u00a9 Wilhelm Steingrube\" data-rl_title=\"Kurpark Binz; \u00a9 Wilhelm Steingrube\" class=\"rl-gallery-link\" data-rl_caption=\"\" data-rel=\"lightbox-gallery-3\"><img src=\"https:\/\/sbt.ug.edu.pl\/wp-content\/uploads\/2019\/07\/R8A7-p9-IMG_6519-300x225.jpg\" width=\"300\" height=\"225\" alt=\"\" \/><\/a><\/div><div class=\"rl-gallery-item\"><a href=\"https:\/\/sbt.ug.edu.pl\/wp-content\/uploads\/2019\/07\/R8A7-p10-IMG_6453.jpg\" title=\"Resort architecture-Binz-6; \u00a9 Wilhelm Steingrube\" data-rl_title=\"Resort architecture-Binz-6; \u00a9 Wilhelm Steingrube\" class=\"rl-gallery-link\" data-rl_caption=\"\" data-rel=\"lightbox-gallery-3\"><img src=\"https:\/\/sbt.ug.edu.pl\/wp-content\/uploads\/2019\/07\/R8A7-p10-IMG_6453-300x225.jpg\" width=\"300\" height=\"225\" alt=\"\" \/><\/a><\/div> <\/div> <\/div><\/code><\/p>","protected":false},"excerpt":{"rendered":"<p>LOKALIZACJA Nadmorski kurort Binz znajduje si\u0119 na wyspie Rugia, w p\u00f3\u0142nocno-wschodniej cz\u0119\u015bci Niemiec, na terenie Meklemburgii-Pomorza Przedniego, w zatoce Prorer Wieck, mi\u0119dzy p\u00f3\u0142wyspem Jasmund, rezerwatem biosfery po\u0142udniowo-wschodniej Rugii, Granitz i wrzosowiskami. Binz i o\u015brodki znajduj\u0105ce si\u0119 w jego pobli\u017cu &#8211; Zamek My\u015bliwski Granitz i Pror\u0119 \u2013 zamieszkuje obecnie 5887 os\u00f3b. WIDOKOWY CHARAKTER Binz to najwi\u0119kszy [&hellip;]<\/p>\n","protected":false},"author":3,"featured_media":0,"parent":490,"menu_order":0,"comment_status":"closed","ping_status":"closed","template":"","meta":[],"categories":[34,15,31],"tags":[],"_links":{"self":[{"href":"https:\/\/sbt.ug.edu.pl\/pl\/wp-json\/wp\/v2\/pages\/577"}],"collection":[{"href":"https:\/\/sbt.ug.edu.pl\/pl\/wp-json\/wp\/v2\/pages"}],"about":[{"href":"https:\/\/sbt.ug.edu.pl\/pl\/wp-json\/wp\/v2\/types\/page"}],"author":[{"embeddable":true,"href":"https:\/\/sbt.ug.edu.pl\/pl\/wp-json\/wp\/v2\/users\/3"}],"replies":[{"embeddable":true,"href":"https:\/\/sbt.ug.edu.pl\/pl\/wp-json\/wp\/v2\/comments?post=577"}],"version-history":[{"count":6,"href":"https:\/\/sbt.ug.edu.pl\/pl\/wp-json\/wp\/v2\/pages\/577\/revisions"}],"predecessor-version":[{"id":5751,"href":"https:\/\/sbt.ug.edu.pl\/pl\/wp-json\/wp\/v2\/pages\/577\/revisions\/5751"}],"up":[{"embeddable":true,"href":"https:\/\/sbt.ug.edu.pl\/pl\/wp-json\/wp\/v2\/pages\/490"}],"wp:attachment":[{"href":"https:\/\/sbt.ug.edu.pl\/pl\/wp-json\/wp\/v2\/media?parent=577"}],"wp:term":[{"taxonomy":"category","embeddable":true,"href":"https:\/\/sbt.ug.edu.pl\/pl\/wp-json\/wp\/v2\/categories?post=577"},{"taxonomy":"post_tag","embeddable":true,"href":"https:\/\/sbt.ug.edu.pl\/pl\/wp-json\/wp\/v2\/tags?post=577"}],"curies":[{"name":"wp","href":"https:\/\/api.w.org\/{rel}","templated":true}]}}