{"id":579,"date":"2018-12-23T11:48:15","date_gmt":"2018-12-23T10:48:15","guid":{"rendered":"http:\/\/southbaltic-tourist.eu\/?page_id=579"},"modified":"2021-06-08T17:07:09","modified_gmt":"2021-06-08T16:07:09","slug":"8-putbus-lauterbach","status":"publish","type":"page","link":"https:\/\/sbt.ug.edu.pl\/pl\/routes\/world-of-fishermen\/8-putbus-lauterbach\/","title":{"rendered":"8. Putbus &#8211; Lauterbach"},"content":{"rendered":"<p><\/p>\n<p style=\"text-align: justify;\"><strong>LOKALIZACJA<\/strong><\/p>\n<p style=\"text-align: justify;\">Ma\u0142e miasteczko Putbus znajduje si\u0119 w po\u0142udniowo-wschodniej cz\u0119\u015bci wyspy Rugia. Tu\u017c obok znajduje si\u0119 ma\u0142a, nadmorska miejscowo\u015b\u0107 Lauterbach.<\/p>\n<p><img decoding=\"async\" loading=\"lazy\" class=\"alignnone wp-image-2610 size-full\" src=\"https:\/\/southbaltic-tourist.eu\/wp-content\/uploads\/2019\/07\/R8A8-p1-IMG_5253.jpg\" alt=\"\" width=\"1600\" height=\"1200\" srcset=\"https:\/\/sbt.ug.edu.pl\/wp-content\/uploads\/2019\/07\/R8A8-p1-IMG_5253.jpg 1600w, https:\/\/sbt.ug.edu.pl\/wp-content\/uploads\/2019\/07\/R8A8-p1-IMG_5253-300x225.jpg 300w, https:\/\/sbt.ug.edu.pl\/wp-content\/uploads\/2019\/07\/R8A8-p1-IMG_5253-768x576.jpg 768w, https:\/\/sbt.ug.edu.pl\/wp-content\/uploads\/2019\/07\/R8A8-p1-IMG_5253-1024x768.jpg 1024w, https:\/\/sbt.ug.edu.pl\/wp-content\/uploads\/2019\/07\/R8A8-p1-IMG_5253-150x113.jpg 150w, https:\/\/sbt.ug.edu.pl\/wp-content\/uploads\/2019\/07\/R8A8-p1-IMG_5253-136x102.jpg 136w\" sizes=\"(max-width: 1600px) 100vw, 1600px\" \/><\/p>\n<p style=\"text-align: justify;\"><strong>WIDOKOWY CHARAKTER<\/strong><\/p>\n<p style=\"text-align: justify;\">Putbus by\u0142 pierwszym nadmorskim kurortem w tym regionie Niemiec i przez d\u0142ugi czas pozostawa\u0142 kulturalnym centrum wyspy. Na prze\u0142omie lat 1817\/1818 w miejscowo\u015bci wybudowano sta\u0142y o\u015brodek k\u0105pielowy. Niekt\u00f3re budynki w mie\u015bcie przypominaj\u0105 o dawnej \u015bwietno\u015bci tego miejsca. Co prawda znajduj\u0105cy si\u0119 w Putbus niegdy\u015b wielki pa\u0142ac ju\u017c nie istnieje, jednak na jego miejscu powsta\u0142 du\u017cy park krajobrazowy zachowany w stylu angielskim, kt\u00f3rego pi\u0119kno przyci\u0105ga wielu turyst\u00f3w. Putbus bywa czasami nazywany \u201ebia\u0142ym miastem\u201d ze wzgl\u0119du na bia\u0142\u0105 farb\u0119 wyst\u0119puj\u0105c\u0105 na budynkach.<\/p>\n<p style=\"text-align: justify;\"><strong>ATRAKCJE<\/strong><\/p>\n<p style=\"text-align: justify;\">\u201eBia\u0142e miasto\u201d i park krajobrazowy przyci\u0105gaj\u0105 wielu turyst\u00f3w z innych miejsc znajduj\u0105cych si\u0119 na wyspie Rugia. Z kolei w pobliskim Lauterbach mo\u017cna zatrzyma\u0107 si\u0119 w starym o\u015brodku k\u0105pielowym \u201eGoor\u201d (posiadaj\u0105cym 5 gwiazdek) lub skorzysta\u0107 z jednego z ekscytuj\u0105cych p\u0142ywaj\u0105cych dom\u00f3w w marinie &#8211; jako nietypowego, wakacyjnego zakwaterowania. W miejscowym porcie mo\u017cliwe jest skosztowanie typowej dla tego regionu przek\u0105ski typu fast-food \u201eFischbr\u00f6tchen\u201d, co oznacza bu\u0142k\u0119 z ryb\u0105. Wed\u0142ug os\u00f3b cz\u0119sto odwiedzaj\u0105cych ten region najlepsz\u0105 bu\u0142k\u0119 z ryb\u0105 mo\u017cna zakupi\u0107 w sklepie \u201eR\u00e4ucherschiff Berta\u201d. Lauterbach z o\u015brodkiem wypoczynkowym Binz \u0142\u0105czy linia w\u0105skotorowej, kolejki parowej, kt\u00f3ra zwana jest \u201eMkn\u0105cym Rolandem\u201d.<\/p>\n<p><code><div class=\"rl-gallery-container rl-loading\" id=\"rl-gallery-container-3\" data-gallery_id=\"2580\"> <div class=\"rl-gallery rl-basicgrid-gallery \" id=\"rl-gallery-3\" data-gallery_no=\"3\"> <div class=\"rl-gallery-item\"><a href=\"https:\/\/sbt.ug.edu.pl\/wp-content\/uploads\/2019\/07\/R8A8-p1-IMG_5253.jpg\" title=\"Theater Putbus; \u00a9 Wilhelm Steingrube\" data-rl_title=\"Theater Putbus; \u00a9 Wilhelm Steingrube\" class=\"rl-gallery-link\" data-rl_caption=\"\" data-rel=\"lightbox-gallery-3\"><img src=\"https:\/\/sbt.ug.edu.pl\/wp-content\/uploads\/2019\/07\/R8A8-p1-IMG_5253-768x576.jpg\" width=\"640\" height=\"480\" alt=\"\" \/><\/a><\/div><div class=\"rl-gallery-item\"><a href=\"https:\/\/sbt.ug.edu.pl\/wp-content\/uploads\/2019\/07\/R8A8-p2-IMG_5123.jpg\" title=\"Ehrenmal Putbus; \u00a9 Wilhelm Steingrube\" data-rl_title=\"Ehrenmal Putbus; \u00a9 Wilhelm Steingrube\" class=\"rl-gallery-link\" data-rl_caption=\"\" data-rel=\"lightbox-gallery-3\"><img src=\"https:\/\/sbt.ug.edu.pl\/wp-content\/uploads\/2019\/07\/R8A8-p2-IMG_5123-768x576.jpg\" width=\"640\" height=\"480\" alt=\"\" \/><\/a><\/div><div class=\"rl-gallery-item\"><a href=\"https:\/\/sbt.ug.edu.pl\/wp-content\/uploads\/2019\/07\/R8A8-p3-IMG_5131.jpg\" title=\"Obelisk Putbus; \u00a9 Wilhelm Steingrube\" data-rl_title=\"Obelisk Putbus; \u00a9 Wilhelm Steingrube\" class=\"rl-gallery-link\" data-rl_caption=\"\" data-rel=\"lightbox-gallery-3\"><img src=\"https:\/\/sbt.ug.edu.pl\/wp-content\/uploads\/2019\/07\/R8A8-p3-IMG_5131-768x1024.jpg\" width=\"640\" height=\"853\" alt=\"\" \/><\/a><\/div><div class=\"rl-gallery-item\"><a href=\"https:\/\/sbt.ug.edu.pl\/wp-content\/uploads\/2019\/07\/R8A8-p4-IMG_5127.jpg\" title=\"Schlosspark Putbus; \u00a9 Wilhelm Steingrube\" data-rl_title=\"Schlosspark Putbus; \u00a9 Wilhelm Steingrube\" class=\"rl-gallery-link\" data-rl_caption=\"\" data-rel=\"lightbox-gallery-3\"><img src=\"https:\/\/sbt.ug.edu.pl\/wp-content\/uploads\/2019\/07\/R8A8-p4-IMG_5127-768x576.jpg\" width=\"640\" height=\"480\" alt=\"\" \/><\/a><\/div><div class=\"rl-gallery-item\"><a href=\"https:\/\/sbt.ug.edu.pl\/wp-content\/uploads\/2019\/07\/R8A8-p5-IMG_5129.jpg\" title=\"Baum-in-Schlosspark Putbus; \u00a9 Wilhelm Steingrube\" data-rl_title=\"Baum-in-Schlosspark Putbus; \u00a9 Wilhelm Steingrube\" class=\"rl-gallery-link\" data-rl_caption=\"\" data-rel=\"lightbox-gallery-3\"><img src=\"https:\/\/sbt.ug.edu.pl\/wp-content\/uploads\/2019\/07\/R8A8-p5-IMG_5129-768x1024.jpg\" width=\"640\" height=\"853\" alt=\"\" \/><\/a><\/div><div class=\"rl-gallery-item\"><a href=\"https:\/\/sbt.ug.edu.pl\/wp-content\/uploads\/2019\/07\/R8A8-p6-41.jpg\" title=\"RosenCafe; \u00a9 Freddie Bijkerk\" data-rl_title=\"RosenCafe; \u00a9 Freddie Bijkerk\" class=\"rl-gallery-link\" data-rl_caption=\"\" data-rel=\"lightbox-gallery-3\"><img src=\"https:\/\/sbt.ug.edu.pl\/wp-content\/uploads\/2019\/07\/R8A8-p6-41-768x512.jpg\" width=\"640\" height=\"427\" alt=\"\" \/><\/a><\/div><div class=\"rl-gallery-item\"><a href=\"https:\/\/sbt.ug.edu.pl\/wp-content\/uploads\/2019\/07\/R8A8-p7-40.jpg\" title=\"Circus-from-air; \u00a9 Freddie Bijkerk\" data-rl_title=\"Circus-from-air; \u00a9 Freddie Bijkerk\" class=\"rl-gallery-link\" data-rl_caption=\"\" data-rel=\"lightbox-gallery-3\"><img src=\"https:\/\/sbt.ug.edu.pl\/wp-content\/uploads\/2019\/07\/R8A8-p7-40-768x512.jpg\" width=\"640\" height=\"427\" alt=\"\" \/><\/a><\/div><div class=\"rl-gallery-item\"><a href=\"https:\/\/sbt.ug.edu.pl\/wp-content\/uploads\/2019\/07\/R8A8-p8-48.jpg\" title=\"Goor bath house; \u00a9 Freddie Bijkerk\" data-rl_title=\"Goor bath house; \u00a9 Freddie Bijkerk\" class=\"rl-gallery-link\" data-rl_caption=\"\" data-rel=\"lightbox-gallery-3\"><img src=\"https:\/\/sbt.ug.edu.pl\/wp-content\/uploads\/2019\/07\/R8A8-p8-48-768x512.jpg\" width=\"640\" height=\"427\" alt=\"\" \/><\/a><\/div><div class=\"rl-gallery-item\"><a href=\"https:\/\/sbt.ug.edu.pl\/wp-content\/uploads\/2019\/07\/R8A8-p9-IMG_5150.jpg\" title=\"Floating house-1 Lauterbach; \u00a9 Wilhelm Steingrube\" data-rl_title=\"Floating house-1 Lauterbach; \u00a9 Wilhelm Steingrube\" class=\"rl-gallery-link\" data-rl_caption=\"\" data-rel=\"lightbox-gallery-3\"><img src=\"https:\/\/sbt.ug.edu.pl\/wp-content\/uploads\/2019\/07\/R8A8-p9-IMG_5150-768x576.jpg\" width=\"640\" height=\"480\" alt=\"\" \/><\/a><\/div><div class=\"rl-gallery-item\"><a href=\"https:\/\/sbt.ug.edu.pl\/wp-content\/uploads\/2019\/07\/R8A8-p10-IMG_5148.jpg\" title=\"Floating house-2 Lauterbach; \u00a9 Wilhelm Steingrube\" data-rl_title=\"Floating house-2 Lauterbach; \u00a9 Wilhelm Steingrube\" class=\"rl-gallery-link\" data-rl_caption=\"\" data-rel=\"lightbox-gallery-3\"><img src=\"https:\/\/sbt.ug.edu.pl\/wp-content\/uploads\/2019\/07\/R8A8-p10-IMG_5148-768x1024.jpg\" width=\"640\" height=\"853\" alt=\"\" \/><\/a><\/div> <\/div> <\/div><\/code><\/p>","protected":false},"excerpt":{"rendered":"<p>LOKALIZACJA Ma\u0142e miasteczko Putbus znajduje si\u0119 w po\u0142udniowo-wschodniej cz\u0119\u015bci wyspy Rugia. Tu\u017c obok znajduje si\u0119 ma\u0142a, nadmorska miejscowo\u015b\u0107 Lauterbach. WIDOKOWY CHARAKTER Putbus by\u0142 pierwszym nadmorskim kurortem w tym regionie Niemiec i przez d\u0142ugi czas pozostawa\u0142 kulturalnym centrum wyspy. Na prze\u0142omie lat 1817\/1818 w miejscowo\u015bci wybudowano sta\u0142y o\u015brodek k\u0105pielowy. Niekt\u00f3re budynki w mie\u015bcie przypominaj\u0105 o dawnej [&hellip;]<\/p>\n","protected":false},"author":3,"featured_media":0,"parent":490,"menu_order":0,"comment_status":"closed","ping_status":"closed","template":"","meta":[],"categories":[34,15,31],"tags":[],"_links":{"self":[{"href":"https:\/\/sbt.ug.edu.pl\/pl\/wp-json\/wp\/v2\/pages\/579"}],"collection":[{"href":"https:\/\/sbt.ug.edu.pl\/pl\/wp-json\/wp\/v2\/pages"}],"about":[{"href":"https:\/\/sbt.ug.edu.pl\/pl\/wp-json\/wp\/v2\/types\/page"}],"author":[{"embeddable":true,"href":"https:\/\/sbt.ug.edu.pl\/pl\/wp-json\/wp\/v2\/users\/3"}],"replies":[{"embeddable":true,"href":"https:\/\/sbt.ug.edu.pl\/pl\/wp-json\/wp\/v2\/comments?post=579"}],"version-history":[{"count":6,"href":"https:\/\/sbt.ug.edu.pl\/pl\/wp-json\/wp\/v2\/pages\/579\/revisions"}],"predecessor-version":[{"id":5752,"href":"https:\/\/sbt.ug.edu.pl\/pl\/wp-json\/wp\/v2\/pages\/579\/revisions\/5752"}],"up":[{"embeddable":true,"href":"https:\/\/sbt.ug.edu.pl\/pl\/wp-json\/wp\/v2\/pages\/490"}],"wp:attachment":[{"href":"https:\/\/sbt.ug.edu.pl\/pl\/wp-json\/wp\/v2\/media?parent=579"}],"wp:term":[{"taxonomy":"category","embeddable":true,"href":"https:\/\/sbt.ug.edu.pl\/pl\/wp-json\/wp\/v2\/categories?post=579"},{"taxonomy":"post_tag","embeddable":true,"href":"https:\/\/sbt.ug.edu.pl\/pl\/wp-json\/wp\/v2\/tags?post=579"}],"curies":[{"name":"wp","href":"https:\/\/api.w.org\/{rel}","templated":true}]}}