{"id":581,"date":"2018-12-23T11:49:55","date_gmt":"2018-12-23T10:49:55","guid":{"rendered":"http:\/\/southbaltic-tourist.eu\/?page_id=581"},"modified":"2021-06-08T17:09:31","modified_gmt":"2021-06-08T16:09:31","slug":"9-stralsund","status":"publish","type":"page","link":"https:\/\/sbt.ug.edu.pl\/pl\/routes\/world-of-fishermen\/9-stralsund\/","title":{"rendered":"9. Stralsund"},"content":{"rendered":"<p><\/p>\n<p style=\"text-align: justify;\"><strong>LOKALIZACJA<\/strong><\/p>\n<p style=\"text-align: justify;\">Hanzeatyckie miasto Stralsund znajduje si\u0119 nad cie\u015bnin\u0105 po\u0142udniowego Ba\u0142tyku o tej samej nazwie &#8211; Stralsund. Miejscowo\u015b\u0107 ta jest nazywana \u201ebram\u0105\u201d na wysp\u0119 Rugia \u2013 najwi\u0119ksz\u0105 niemieck\u0105 wysp\u0119, ze wzgl\u0119du na prowadz\u0105ce z miasta do wyspy dwa mosty. Populacja w mie\u015bcie liczy oko\u0142o 59 600 os\u00f3b (dane z 2017 r.) i stale wzrasta. Powierzchnia Stralsund wynosi 54 km\u00b2, a najwy\u017cszym punktem miejscowo\u015bci jest \u201eGalgenberg\u201d (33 m). Miasto znajduje si\u0119 w regionie Meklemburgii-Pomorza Przedniego, na p\u00f3\u0142nocno-wschodnim wybrze\u017cu Niemiec.<\/p>\n<p><img decoding=\"async\" loading=\"lazy\" class=\"alignnone wp-image-2644 size-full\" src=\"https:\/\/southbaltic-tourist.eu\/wp-content\/uploads\/2019\/07\/R8A9-p1-Stralsund-3_Marienkirche_2006-1.jpg\" alt=\"\" width=\"1600\" height=\"1513\" srcset=\"https:\/\/sbt.ug.edu.pl\/wp-content\/uploads\/2019\/07\/R8A9-p1-Stralsund-3_Marienkirche_2006-1.jpg 1600w, https:\/\/sbt.ug.edu.pl\/wp-content\/uploads\/2019\/07\/R8A9-p1-Stralsund-3_Marienkirche_2006-1-300x284.jpg 300w, https:\/\/sbt.ug.edu.pl\/wp-content\/uploads\/2019\/07\/R8A9-p1-Stralsund-3_Marienkirche_2006-1-768x726.jpg 768w, https:\/\/sbt.ug.edu.pl\/wp-content\/uploads\/2019\/07\/R8A9-p1-Stralsund-3_Marienkirche_2006-1-1024x968.jpg 1024w, https:\/\/sbt.ug.edu.pl\/wp-content\/uploads\/2019\/07\/R8A9-p1-Stralsund-3_Marienkirche_2006-1-150x142.jpg 150w\" sizes=\"(max-width: 1600px) 100vw, 1600px\" \/><\/p>\n<p style=\"text-align: justify;\"><strong>WIDOKOWY CHARAKTER<\/strong><\/p>\n<p style=\"text-align: justify;\">Stralsund otrzyma\u0142 prawa miejskie w 1234 roku. Jedn\u0105 z jego najwi\u0119kszych atrakcji jest Stare Miasto, kt\u00f3re zosta\u0142o wpisane w 2002 roku na list\u0119 \u015bwiatowego dziedzictwa UNSECO ze wzgl\u0119du na historyczne bogactwo znajduj\u0105cych si\u0119 tam budynk\u00f3w. W 2016 roku niemieckie w\u0142adze przyzna\u0142y miastu tak\u017ce miana status o\u015brodka uzdrowiskowego. Ch\u0119tnie odwiedzana przez zwiedzaj\u0105cych miejska pla\u017ca zlokalizowana jest zaledwie 10 minut spacerem od Starego Miasta. W Stralsund znajduje si\u0119 r\u00f3wnie\u017c promenada biegn\u0105ca wzd\u0142u\u017c Morza Ba\u0142tyckiego, kt\u00f3ra zapewnia turystom pi\u0119kne widoki na wysp\u0119 Rugia. Wok\u00f3\u0142 miasta znajduje si\u0119 tak\u017ce wiele rekreacyjnych jezior.<\/p>\n<p style=\"text-align: justify;\"><strong>ATRAKCJE<\/strong><\/p>\n<p style=\"text-align: justify;\">Stralsund to miasto przyjazne zar\u00f3wno dla rodzin ceni\u0105cych spok\u00f3j, jak i os\u00f3b zainteresowanych aktywnym wypoczynkiem. Uwielbian\u0105 przez turyst\u00f3w atrakcj\u0105 miasta jest Niemieckie Muzeum Morskie w sk\u0142ad, kt\u00f3rego wchodz\u0105 a\u017c 4 r\u00f3\u017cne obiekty, znajduj\u0105ce si\u0119 w odmiennych lokalizacjach. Jednym z nich jest Ozeaneum, prezentuj\u0105ce najwi\u0119ksz\u0105 na \u015bwiecie wystaw\u0119 po\u015bwi\u0119con\u0105 wielorybom. Innym ciekawym muzeum jest Muzeum Historii Kultury. Tury\u015bci odwiedzaj\u0105cy to miasto nie mog\u0105 tak\u017ce pomin\u0105\u0107 wyj\u0105tkowych ko\u015bcio\u0142\u00f3w, takich jak ko\u015bci\u00f3\u0142 \u015bw. Miko\u0142aja czy ko\u015bci\u00f3\u0142 \u015bw. Jakuba. Miasto najlepiej zwiedza\u0107 pieszo, korzystaj\u0105c z us\u0142ug przewodnika b\u0105d\u017a mo\u017cna zdecydowa\u0107 si\u0119 na wycieczk\u0119 rowerow\u0105, kt\u00f3ra poprowadzi r\u00f3wnie\u017c przez okolice miasta. Warto uda\u0107 si\u0119 do miejskiego portu, w regionach kt\u00f3rego mo\u017cna skosztowa\u0107 tradycyjnego \u015bledzia w bu\u0142ce, aczkolwiek \u015bwie\u017ce, lokalne ryby s\u0105 powszechnie dost\u0119pne niemal w ka\u017cdej restauracji w mie\u015bcie. Stralsund posiada r\u00f3wnie\u017c infrastruktur\u0119 atrakcyjn\u0105 dla najm\u0142odszych, jak bezpieczna pla\u017ca, liczne place zabaw i zoo. Inspiruj\u0105cym do\u015bwiadczeniem mo\u017ce by\u0107 tak\u017ce przeprawa przez trzypasmowy wiadukt drogowy o nazwie \u201eR\u00fcgenbr\u00fccke\u201d.<\/p>\n<p><code><div class=\"rl-gallery-container rl-loading\" id=\"rl-gallery-container-3\" data-gallery_id=\"2585\"> <div class=\"rl-gallery rl-basicgrid-gallery \" id=\"rl-gallery-3\" data-gallery_no=\"3\"> <div class=\"rl-gallery-item\"><a href=\"https:\/\/sbt.ug.edu.pl\/wp-content\/uploads\/2019\/07\/R8A9-p1-Stralsund-3_Marienkirche_2006-1.jpg\" title=\"Sankt-Marien; \u00a9 commons.wikimedia.org, Darkone\" data-rl_title=\"Sankt-Marien; \u00a9 commons.wikimedia.org, Darkone\" class=\"rl-gallery-link\" data-rl_caption=\"\" data-rel=\"lightbox-gallery-3\"><img src=\"https:\/\/sbt.ug.edu.pl\/wp-content\/uploads\/2019\/07\/R8A9-p1-Stralsund-3_Marienkirche_2006-1-768x726.jpg\" width=\"640\" height=\"605\" alt=\"\" \/><\/a><\/div><div class=\"rl-gallery-item\"><a href=\"https:\/\/sbt.ug.edu.pl\/wp-content\/uploads\/2019\/07\/R8A9-p2-Stralsund-4-Seestrasse_und_Nikolaikirche_Stralsund-1.jpg\" title=\"Nikolaikirche; \u00a9 commons.wikimedia.org, JoachimKohlerBremen\" data-rl_title=\"Nikolaikirche; \u00a9 commons.wikimedia.org, JoachimKohlerBremen\" class=\"rl-gallery-link\" data-rl_caption=\"\" data-rel=\"lightbox-gallery-3\"><img src=\"https:\/\/sbt.ug.edu.pl\/wp-content\/uploads\/2019\/07\/R8A9-p2-Stralsund-4-Seestrasse_und_Nikolaikirche_Stralsund-1-768x512.jpg\" width=\"640\" height=\"427\" alt=\"\" \/><\/a><\/div><div class=\"rl-gallery-item\"><a href=\"https:\/\/sbt.ug.edu.pl\/wp-content\/uploads\/2019\/07\/R8A9-p3-Stralsund-5_Hafen-1.jpg\" title=\"Stralsunder Yachthafen; \u00a9 commons.wikimedia.org, Harald909\" data-rl_title=\"Stralsunder Yachthafen; \u00a9 commons.wikimedia.org, Harald909\" class=\"rl-gallery-link\" data-rl_caption=\"\" data-rel=\"lightbox-gallery-3\"><img src=\"https:\/\/sbt.ug.edu.pl\/wp-content\/uploads\/2019\/07\/R8A9-p3-Stralsund-5_Hafen-1-768x510.jpg\" width=\"640\" height=\"425\" alt=\"\" \/><\/a><\/div><div class=\"rl-gallery-item\"><a href=\"https:\/\/sbt.ug.edu.pl\/wp-content\/uploads\/2019\/07\/R8A9-p4-Ozeaneum_in_Stralsund_Eingang-1.jpg\" title=\"Oceaneum; \u00a9 commons.wikimedia.org, Klugschnacker\" data-rl_title=\"Oceaneum; \u00a9 commons.wikimedia.org, Klugschnacker\" class=\"rl-gallery-link\" data-rl_caption=\"\" data-rel=\"lightbox-gallery-3\"><img src=\"https:\/\/sbt.ug.edu.pl\/wp-content\/uploads\/2019\/07\/R8A9-p4-Ozeaneum_in_Stralsund_Eingang-1-768x576.jpg\" width=\"640\" height=\"480\" alt=\"\" \/><\/a><\/div><div class=\"rl-gallery-item\"><a href=\"https:\/\/sbt.ug.edu.pl\/wp-content\/uploads\/2019\/07\/R8A9-p5-18-Kopie-2-1.jpg\" title=\"F\u00e4hrstra\u00dfe; \u00a9 Freddie Bijkerk\" data-rl_title=\"F\u00e4hrstra\u00dfe; \u00a9 Freddie Bijkerk\" class=\"rl-gallery-link\" data-rl_caption=\"\" data-rel=\"lightbox-gallery-3\"><img src=\"https:\/\/sbt.ug.edu.pl\/wp-content\/uploads\/2019\/07\/R8A9-p5-18-Kopie-2-1-768x512.jpg\" width=\"640\" height=\"427\" alt=\"\" \/><\/a><\/div><div class=\"rl-gallery-item\"><a href=\"https:\/\/sbt.ug.edu.pl\/wp-content\/uploads\/2019\/07\/R8A9-p6-20-Kopie-2-1.jpg\" title=\"Badenstra\u00dfe-1; \u00a9 Freddie Bijkerk\" data-rl_title=\"Badenstra\u00dfe-1; \u00a9 Freddie Bijkerk\" class=\"rl-gallery-link\" data-rl_caption=\"\" data-rel=\"lightbox-gallery-3\"><img src=\"https:\/\/sbt.ug.edu.pl\/wp-content\/uploads\/2019\/07\/R8A9-p6-20-Kopie-2-1-768x1152.jpg\" width=\"640\" height=\"960\" alt=\"\" \/><\/a><\/div><div class=\"rl-gallery-item\"><a href=\"https:\/\/sbt.ug.edu.pl\/wp-content\/uploads\/2019\/07\/R8A9-p7-21-Kopie-2-1.jpg\" title=\"Badenstra\u00dfe; \u00a9 Freddie Bijkerk\" data-rl_title=\"Badenstra\u00dfe; \u00a9 Freddie Bijkerk\" class=\"rl-gallery-link\" data-rl_caption=\"\" data-rel=\"lightbox-gallery-3\"><img src=\"https:\/\/sbt.ug.edu.pl\/wp-content\/uploads\/2019\/07\/R8A9-p7-21-Kopie-2-1-768x1152.jpg\" width=\"640\" height=\"960\" alt=\"\" \/><\/a><\/div><div class=\"rl-gallery-item\"><a href=\"https:\/\/sbt.ug.edu.pl\/wp-content\/uploads\/2019\/07\/R8A9-p8-22-Kopie-2-1.jpg\" title=\"Alter Markt; \u00a9 Freddie Bijkerk\" data-rl_title=\"Alter Markt; \u00a9 Freddie Bijkerk\" class=\"rl-gallery-link\" data-rl_caption=\"\" data-rel=\"lightbox-gallery-3\"><img src=\"https:\/\/sbt.ug.edu.pl\/wp-content\/uploads\/2019\/07\/R8A9-p8-22-Kopie-2-1-768x512.jpg\" width=\"640\" height=\"427\" alt=\"\" \/><\/a><\/div><div class=\"rl-gallery-item\"><a href=\"https:\/\/sbt.ug.edu.pl\/wp-content\/uploads\/2019\/07\/R8A9-p9-19-Kopie-2-1.jpg\" title=\"Bechermacherstra\u00dfe; \u00a9 Freddie Bijkerk\" data-rl_title=\"Bechermacherstra\u00dfe; \u00a9 Freddie Bijkerk\" class=\"rl-gallery-link\" data-rl_caption=\"\" data-rel=\"lightbox-gallery-3\"><img src=\"https:\/\/sbt.ug.edu.pl\/wp-content\/uploads\/2019\/07\/R8A9-p9-19-Kopie-2-1-768x512.jpg\" width=\"640\" height=\"427\" alt=\"\" \/><\/a><\/div><div class=\"rl-gallery-item\"><a href=\"https:\/\/sbt.ug.edu.pl\/wp-content\/uploads\/2019\/07\/R8A9-p10-25-Kopie-2-1.jpg\" title=\"Altstadtinsel; \u00a9 Freddie Bijkerk\" data-rl_title=\"Altstadtinsel; \u00a9 Freddie Bijkerk\" class=\"rl-gallery-link\" data-rl_caption=\"\" data-rel=\"lightbox-gallery-3\"><img src=\"https:\/\/sbt.ug.edu.pl\/wp-content\/uploads\/2019\/07\/R8A9-p10-25-Kopie-2-1-768x512.jpg\" width=\"640\" height=\"427\" alt=\"\" \/><\/a><\/div> <\/div> <\/div><\/code><\/p>","protected":false},"excerpt":{"rendered":"<p>LOKALIZACJA Hanzeatyckie miasto Stralsund znajduje si\u0119 nad cie\u015bnin\u0105 po\u0142udniowego Ba\u0142tyku o tej samej nazwie &#8211; Stralsund. Miejscowo\u015b\u0107 ta jest nazywana \u201ebram\u0105\u201d na wysp\u0119 Rugia \u2013 najwi\u0119ksz\u0105 niemieck\u0105 wysp\u0119, ze wzgl\u0119du na prowadz\u0105ce z miasta do wyspy dwa mosty. Populacja w mie\u015bcie liczy oko\u0142o 59 600 os\u00f3b (dane z 2017 r.) i stale wzrasta. Powierzchnia Stralsund [&hellip;]<\/p>\n","protected":false},"author":3,"featured_media":0,"parent":490,"menu_order":0,"comment_status":"closed","ping_status":"closed","template":"","meta":[],"categories":[34,15,31],"tags":[],"_links":{"self":[{"href":"https:\/\/sbt.ug.edu.pl\/pl\/wp-json\/wp\/v2\/pages\/581"}],"collection":[{"href":"https:\/\/sbt.ug.edu.pl\/pl\/wp-json\/wp\/v2\/pages"}],"about":[{"href":"https:\/\/sbt.ug.edu.pl\/pl\/wp-json\/wp\/v2\/types\/page"}],"author":[{"embeddable":true,"href":"https:\/\/sbt.ug.edu.pl\/pl\/wp-json\/wp\/v2\/users\/3"}],"replies":[{"embeddable":true,"href":"https:\/\/sbt.ug.edu.pl\/pl\/wp-json\/wp\/v2\/comments?post=581"}],"version-history":[{"count":6,"href":"https:\/\/sbt.ug.edu.pl\/pl\/wp-json\/wp\/v2\/pages\/581\/revisions"}],"predecessor-version":[{"id":5753,"href":"https:\/\/sbt.ug.edu.pl\/pl\/wp-json\/wp\/v2\/pages\/581\/revisions\/5753"}],"up":[{"embeddable":true,"href":"https:\/\/sbt.ug.edu.pl\/pl\/wp-json\/wp\/v2\/pages\/490"}],"wp:attachment":[{"href":"https:\/\/sbt.ug.edu.pl\/pl\/wp-json\/wp\/v2\/media?parent=581"}],"wp:term":[{"taxonomy":"category","embeddable":true,"href":"https:\/\/sbt.ug.edu.pl\/pl\/wp-json\/wp\/v2\/categories?post=581"},{"taxonomy":"post_tag","embeddable":true,"href":"https:\/\/sbt.ug.edu.pl\/pl\/wp-json\/wp\/v2\/tags?post=581"}],"curies":[{"name":"wp","href":"https:\/\/api.w.org\/{rel}","templated":true}]}}