{"id":583,"date":"2018-12-23T11:52:06","date_gmt":"2018-12-23T10:52:06","guid":{"rendered":"http:\/\/southbaltic-tourist.eu\/?page_id=583"},"modified":"2021-06-08T17:12:02","modified_gmt":"2021-06-08T16:12:02","slug":"10-greifswald","status":"publish","type":"page","link":"https:\/\/sbt.ug.edu.pl\/pl\/routes\/world-of-fishermen\/10-greifswald\/","title":{"rendered":"10. Greifswald"},"content":{"rendered":"<p><strong>LOKALIZACJA<\/strong><\/p>\n<p>Greifswald to hanzeatyckie miasto, po\u0142o\u017cone w p\u00f3\u0142nocno-wschodniej cz\u0119\u015bci Niemiec, obok ma\u0142ej rzeczki Ryck, wpadaj\u0105cej do lodowej laguny Morza Ba\u0142tyckiego. Greifswald okre\u015blany jest mianem miasta uniwersyteckiego.<\/p>\n<p><img decoding=\"async\" loading=\"lazy\" class=\"alignnone wp-image-2641 size-full\" src=\"https:\/\/southbaltic-tourist.eu\/wp-content\/uploads\/2019\/07\/R8A10-p1-IMG_6290.jpg\" alt=\"\" width=\"1600\" height=\"1200\" srcset=\"https:\/\/sbt.ug.edu.pl\/wp-content\/uploads\/2019\/07\/R8A10-p1-IMG_6290.jpg 1600w, https:\/\/sbt.ug.edu.pl\/wp-content\/uploads\/2019\/07\/R8A10-p1-IMG_6290-300x225.jpg 300w, https:\/\/sbt.ug.edu.pl\/wp-content\/uploads\/2019\/07\/R8A10-p1-IMG_6290-768x576.jpg 768w, https:\/\/sbt.ug.edu.pl\/wp-content\/uploads\/2019\/07\/R8A10-p1-IMG_6290-1024x768.jpg 1024w, https:\/\/sbt.ug.edu.pl\/wp-content\/uploads\/2019\/07\/R8A10-p1-IMG_6290-150x113.jpg 150w, https:\/\/sbt.ug.edu.pl\/wp-content\/uploads\/2019\/07\/R8A10-p1-IMG_6290-136x102.jpg 136w\" sizes=\"(max-width: 1600px) 100vw, 1600px\" \/><\/p>\n<p><strong>WIDOKOWY CHARAKTER<\/strong><\/p>\n<p>Licz\u0105cy oko\u0142o 60 000 mieszka\u0144c\u00f3w Greifswald to jedno z wi\u0119kszych miast w tym regionie Niemiec. Jest charakterystycznie zlokalizowany &#8211; u uj\u015bcia rzeki oraz przy lagunie. Dzi\u0119ki znajduj\u0105cym si\u0119 na terenie miasta uniwersytecie populacja Greifswaldu jest stosunkowo m\u0142oda (oko\u0142o 11 000 student\u00f3w). W Greifswaldzie zwiedzi\u0107 mo\u017cna kilka ko\u015bcio\u0142\u00f3w zbudowanych w unikalnym stylu gotyku ceglanego \u2013 popularnego stylu stosowanego niegdy\u015b zw\u0142aszcza na wybrze\u017cu po\u0142udniowego Ba\u0142tyku.<\/p>\n<p><strong>ATRAKCJE<\/strong><\/p>\n<p>Oko\u0142o 5 km od centrum miasta, tu\u017c przy uj\u015bciu rzeki znajduje si\u0119 800-letnia osada rybacka Wieck, gdzie kilku rybak\u00f3w w dalszym ci\u0105gu zajmuje si\u0119 tradycyjnym handlem rybami. Ta zabytkowa i niezwykle urokliwa osada jest jedn\u0105 z najstarszych na p\u00f3\u0142nocnym wybrze\u017cu Niemiec. Symbolem osady Wieck jest drewniany, zwodzony most przypominaj\u0105cy historyczne mosty holenderskie. Nieopodal znajduj\u0105 si\u0119 tak\u017ce imponuj\u0105ce ruiny dawnego klasztoru cysters\u00f3w o nazwie Eldena.<\/p>\n<p>G\u0142\u00f3wnymi zabytkami zlokalizowanymi w centrum miasta s\u0105 cztery ko\u015bcio\u0142y wraz z budynkami Uniwersytetu, kt\u00f3ry jest jednym z najstarszych uniwersytet\u00f3w w Niemczech (zosta\u0142 za\u0142o\u017cony w 1456 r.). Sercem Starego Miasta Greifswaldu jest pi\u0119kny rynek, otoczony fasadami budynk\u00f3w w stylu gotyku ceglanego.<\/p>\n<p>Z kolei tu\u017c przy niewielkiej rzece Ryck znajduje si\u0119 jeden z najwi\u0119kszych niemieckich muzealnych port\u00f3w z ponad 50 statkami (w tym zabytkowym szkunerem, holownikami i barkami).<\/p>\n<p><code><div class=\"rl-gallery-container rl-loading\" id=\"rl-gallery-container-3\" data-gallery_id=\"2587\"> <div class=\"rl-gallery rl-basicgrid-gallery \" id=\"rl-gallery-3\" data-gallery_no=\"3\"> <div class=\"rl-gallery-item\"><a href=\"https:\/\/sbt.ug.edu.pl\/wp-content\/uploads\/2019\/07\/R8A10-p1-IMG_6290.jpg\" title=\"Marktplatz-Alter-Fritz; \u00a9 Wilhelm Steingrube\" data-rl_title=\"Marktplatz-Alter-Fritz; \u00a9 Wilhelm Steingrube\" class=\"rl-gallery-link\" data-rl_caption=\"\" data-rel=\"lightbox-gallery-3\"><img src=\"https:\/\/sbt.ug.edu.pl\/wp-content\/uploads\/2019\/07\/R8A10-p1-IMG_6290-768x576.jpg\" width=\"640\" height=\"480\" alt=\"\" \/><\/a><\/div><div class=\"rl-gallery-item\"><a href=\"https:\/\/sbt.ug.edu.pl\/wp-content\/uploads\/2019\/07\/R8A10-p2-IMG_5174.jpg\" title=\"Wieck Boote; \u00a9 Wilhelm Steingrube\" data-rl_title=\"Wieck Boote; \u00a9 Wilhelm Steingrube\" class=\"rl-gallery-link\" data-rl_caption=\"\" data-rel=\"lightbox-gallery-3\"><img src=\"https:\/\/sbt.ug.edu.pl\/wp-content\/uploads\/2019\/07\/R8A10-p2-IMG_5174-768x576.jpg\" width=\"640\" height=\"480\" alt=\"\" \/><\/a><\/div><div class=\"rl-gallery-item\"><a href=\"https:\/\/sbt.ug.edu.pl\/wp-content\/uploads\/2019\/07\/R8A10-p3-IMG_5175.jpg\" title=\"Wieck Br\u00fccke; \u00a9 Wilhelm Steingrube\" data-rl_title=\"Wieck Br\u00fccke; \u00a9 Wilhelm Steingrube\" class=\"rl-gallery-link\" data-rl_caption=\"\" data-rel=\"lightbox-gallery-3\"><img src=\"https:\/\/sbt.ug.edu.pl\/wp-content\/uploads\/2019\/07\/R8A10-p3-IMG_5175-768x576.jpg\" width=\"640\" height=\"480\" alt=\"\" \/><\/a><\/div><div class=\"rl-gallery-item\"><a href=\"https:\/\/sbt.ug.edu.pl\/wp-content\/uploads\/2019\/07\/R8A10-p4-IMG_6926.jpg\" title=\"Museumshafen; \u00a9 Wilhelm Steingrube\" data-rl_title=\"Museumshafen; \u00a9 Wilhelm Steingrube\" class=\"rl-gallery-link\" data-rl_caption=\"\" data-rel=\"lightbox-gallery-3\"><img src=\"https:\/\/sbt.ug.edu.pl\/wp-content\/uploads\/2019\/07\/R8A10-p4-IMG_6926-768x576.jpg\" width=\"640\" height=\"480\" alt=\"\" \/><\/a><\/div><div class=\"rl-gallery-item\"><a href=\"https:\/\/sbt.ug.edu.pl\/wp-content\/uploads\/2019\/07\/R8A10-p5-IMG_6942.jpg\" title=\"Universit\u00e4t; \u00a9 Wilhelm Steingrube\" data-rl_title=\"Universit\u00e4t; \u00a9 Wilhelm Steingrube\" class=\"rl-gallery-link\" data-rl_caption=\"\" data-rel=\"lightbox-gallery-3\"><img src=\"https:\/\/sbt.ug.edu.pl\/wp-content\/uploads\/2019\/07\/R8A10-p5-IMG_6942-768x576.jpg\" width=\"640\" height=\"480\" alt=\"\" \/><\/a><\/div><div class=\"rl-gallery-item\"><a href=\"https:\/\/sbt.ug.edu.pl\/wp-content\/uploads\/2019\/07\/R8A10-p6-IMG_6944.jpg\" title=\"Rubenow-Denkmal; \u00a9 Wilhelm Steingrube\" data-rl_title=\"Rubenow-Denkmal; \u00a9 Wilhelm Steingrube\" class=\"rl-gallery-link\" data-rl_caption=\"\" data-rel=\"lightbox-gallery-3\"><img src=\"https:\/\/sbt.ug.edu.pl\/wp-content\/uploads\/2019\/07\/R8A10-p6-IMG_6944-768x1024.jpg\" width=\"640\" height=\"853\" alt=\"\" \/><\/a><\/div><div class=\"rl-gallery-item\"><a href=\"https:\/\/sbt.ug.edu.pl\/wp-content\/uploads\/2019\/07\/R8A10-p7-IMG_6279.jpg\" title=\"Marktplatz-Rathaus; \u00a9 Wilhelm Steingrube\" data-rl_title=\"Marktplatz-Rathaus; \u00a9 Wilhelm Steingrube\" class=\"rl-gallery-link\" data-rl_caption=\"\" data-rel=\"lightbox-gallery-3\"><img src=\"https:\/\/sbt.ug.edu.pl\/wp-content\/uploads\/2019\/07\/R8A10-p7-IMG_6279-768x576.jpg\" width=\"640\" height=\"480\" alt=\"\" \/><\/a><\/div><div class=\"rl-gallery-item\"><a href=\"https:\/\/sbt.ug.edu.pl\/wp-content\/uploads\/2019\/07\/R8A10-p8-IMG_6281.jpg\" title=\"Marktplatz-Stadthaus; \u00a9 Wilhelm Steingrube\" data-rl_title=\"Marktplatz-Stadthaus; \u00a9 Wilhelm Steingrube\" class=\"rl-gallery-link\" data-rl_caption=\"\" data-rel=\"lightbox-gallery-3\"><img src=\"https:\/\/sbt.ug.edu.pl\/wp-content\/uploads\/2019\/07\/R8A10-p8-IMG_6281-768x576.jpg\" width=\"640\" height=\"480\" alt=\"\" \/><\/a><\/div><div class=\"rl-gallery-item\"><a href=\"https:\/\/sbt.ug.edu.pl\/wp-content\/uploads\/2019\/07\/R8A10-p9-IMG_6288.jpg\" title=\"Marktplatz-Buchhandlung; \u00a9 Wilhelm Steingrube\" data-rl_title=\"Marktplatz-Buchhandlung; \u00a9 Wilhelm Steingrube\" class=\"rl-gallery-link\" data-rl_caption=\"\" data-rel=\"lightbox-gallery-3\"><img src=\"https:\/\/sbt.ug.edu.pl\/wp-content\/uploads\/2019\/07\/R8A10-p9-IMG_6288-768x576.jpg\" width=\"640\" height=\"480\" alt=\"\" \/><\/a><\/div><div class=\"rl-gallery-item\"><a href=\"https:\/\/sbt.ug.edu.pl\/wp-content\/uploads\/2019\/07\/R8A10-p10-IMG_5181.jpg\" title=\"Eldena-1; \u00a9 Wilhelm Steingrube\" data-rl_title=\"Eldena-1; \u00a9 Wilhelm Steingrube\" class=\"rl-gallery-link\" data-rl_caption=\"\" data-rel=\"lightbox-gallery-3\"><img src=\"https:\/\/sbt.ug.edu.pl\/wp-content\/uploads\/2019\/07\/R8A10-p10-IMG_5181-768x1024.jpg\" width=\"640\" height=\"853\" alt=\"\" \/><\/a><\/div><div class=\"rl-gallery-item\"><a href=\"https:\/\/sbt.ug.edu.pl\/wp-content\/uploads\/2019\/07\/R8A10-p11-S1290010.jpg\" title=\"Eldena-2; \u00a9 Wilhelm Steingrube\" data-rl_title=\"Eldena-2; \u00a9 Wilhelm Steingrube\" class=\"rl-gallery-link\" data-rl_caption=\"\" data-rel=\"lightbox-gallery-3\"><img src=\"https:\/\/sbt.ug.edu.pl\/wp-content\/uploads\/2019\/07\/R8A10-p11-S1290010-768x432.jpg\" width=\"640\" height=\"360\" alt=\"\" \/><\/a><\/div><div class=\"rl-gallery-item\"><a href=\"https:\/\/sbt.ug.edu.pl\/wp-content\/uploads\/2019\/07\/R8A10-p12-IMG_5183.jpg\" title=\"Eldena-3; \u00a9 Wilhelm Steingrube\" data-rl_title=\"Eldena-3; \u00a9 Wilhelm Steingrube\" class=\"rl-gallery-link\" data-rl_caption=\"\" data-rel=\"lightbox-gallery-3\"><img src=\"https:\/\/sbt.ug.edu.pl\/wp-content\/uploads\/2019\/07\/R8A10-p12-IMG_5183-768x1024.jpg\" width=\"640\" height=\"853\" alt=\"\" \/><\/a><\/div> <\/div> <\/div><\/code><\/p>","protected":false},"excerpt":{"rendered":"<p>LOKALIZACJA Greifswald to hanzeatyckie miasto, po\u0142o\u017cone w p\u00f3\u0142nocno-wschodniej cz\u0119\u015bci Niemiec, obok ma\u0142ej rzeczki Ryck, wpadaj\u0105cej do lodowej laguny Morza Ba\u0142tyckiego. Greifswald okre\u015blany jest mianem miasta uniwersyteckiego. WIDOKOWY CHARAKTER Licz\u0105cy oko\u0142o 60 000 mieszka\u0144c\u00f3w Greifswald to jedno z wi\u0119kszych miast w tym regionie Niemiec. Jest charakterystycznie zlokalizowany &#8211; u uj\u015bcia rzeki oraz przy lagunie. Dzi\u0119ki znajduj\u0105cym [&hellip;]<\/p>\n","protected":false},"author":3,"featured_media":0,"parent":490,"menu_order":0,"comment_status":"closed","ping_status":"closed","template":"","meta":[],"categories":[34,15,31],"tags":[],"_links":{"self":[{"href":"https:\/\/sbt.ug.edu.pl\/pl\/wp-json\/wp\/v2\/pages\/583"}],"collection":[{"href":"https:\/\/sbt.ug.edu.pl\/pl\/wp-json\/wp\/v2\/pages"}],"about":[{"href":"https:\/\/sbt.ug.edu.pl\/pl\/wp-json\/wp\/v2\/types\/page"}],"author":[{"embeddable":true,"href":"https:\/\/sbt.ug.edu.pl\/pl\/wp-json\/wp\/v2\/users\/3"}],"replies":[{"embeddable":true,"href":"https:\/\/sbt.ug.edu.pl\/pl\/wp-json\/wp\/v2\/comments?post=583"}],"version-history":[{"count":7,"href":"https:\/\/sbt.ug.edu.pl\/pl\/wp-json\/wp\/v2\/pages\/583\/revisions"}],"predecessor-version":[{"id":5754,"href":"https:\/\/sbt.ug.edu.pl\/pl\/wp-json\/wp\/v2\/pages\/583\/revisions\/5754"}],"up":[{"embeddable":true,"href":"https:\/\/sbt.ug.edu.pl\/pl\/wp-json\/wp\/v2\/pages\/490"}],"wp:attachment":[{"href":"https:\/\/sbt.ug.edu.pl\/pl\/wp-json\/wp\/v2\/media?parent=583"}],"wp:term":[{"taxonomy":"category","embeddable":true,"href":"https:\/\/sbt.ug.edu.pl\/pl\/wp-json\/wp\/v2\/categories?post=583"},{"taxonomy":"post_tag","embeddable":true,"href":"https:\/\/sbt.ug.edu.pl\/pl\/wp-json\/wp\/v2\/tags?post=583"}],"curies":[{"name":"wp","href":"https:\/\/api.w.org\/{rel}","templated":true}]}}