{"id":585,"date":"2018-12-23T11:53:53","date_gmt":"2018-12-23T10:53:53","guid":{"rendered":"http:\/\/southbaltic-tourist.eu\/?page_id=585"},"modified":"2021-06-08T17:13:53","modified_gmt":"2021-06-08T16:13:53","slug":"11-freest","status":"publish","type":"page","link":"https:\/\/sbt.ug.edu.pl\/pl\/routes\/world-of-fishermen\/11-freest\/","title":{"rendered":"11. Freest"},"content":{"rendered":"<p><\/p>\n<p style=\"text-align: justify;\"><strong>LOKALIZACJA<\/strong><\/p>\n<p style=\"text-align: justify;\">Ma\u0142a wioska rybacka Freest znajduje si\u0119 w p\u00f3\u0142nocno-wschodniej cz\u0119\u015bci Niemiec na terenie Meklemburgii-Pomorza Przedniego, tu\u017c przy zatoce Achterwasser. Freest graniczy z miejscowo\u015bciami K\u00f6selin na po\u0142udniu, Lubmin na zachodzie i rzek\u0105 Peene na wschodzie. Niedaleko Freest znajduje si\u0119 wyspa Uznam, kt\u00f3r\u0105 mo\u017cna dostrzec z wioski podczas odpowiednich warunk\u00f3w atmosferycznych.<\/p>\n<p><img decoding=\"async\" loading=\"lazy\" class=\"alignnone wp-image-2670 size-full\" src=\"https:\/\/southbaltic-tourist.eu\/wp-content\/uploads\/2019\/07\/R8A11-p1-IMG_5101.jpg\" alt=\"\" width=\"1600\" height=\"1200\" srcset=\"https:\/\/sbt.ug.edu.pl\/wp-content\/uploads\/2019\/07\/R8A11-p1-IMG_5101.jpg 1600w, https:\/\/sbt.ug.edu.pl\/wp-content\/uploads\/2019\/07\/R8A11-p1-IMG_5101-300x225.jpg 300w, https:\/\/sbt.ug.edu.pl\/wp-content\/uploads\/2019\/07\/R8A11-p1-IMG_5101-768x576.jpg 768w, https:\/\/sbt.ug.edu.pl\/wp-content\/uploads\/2019\/07\/R8A11-p1-IMG_5101-1024x768.jpg 1024w, https:\/\/sbt.ug.edu.pl\/wp-content\/uploads\/2019\/07\/R8A11-p1-IMG_5101-150x113.jpg 150w, https:\/\/sbt.ug.edu.pl\/wp-content\/uploads\/2019\/07\/R8A11-p1-IMG_5101-136x102.jpg 136w\" sizes=\"(max-width: 1600px) 100vw, 1600px\" \/><\/p>\n<p style=\"text-align: justify;\"><strong>WIDOKOWY CHARAKTER<\/strong><\/p>\n<p style=\"text-align: justify;\">Jako jedna z najstarszych wiosek rybackich w Niemczech Freest charakteryzuje si\u0119 wyj\u0105tkow\u0105 atmosfer\u0105. Wioska jest otoczona lasami, malowniczymi \u0142\u0105kami, Morzem Ba\u0142tyckim i pla\u017c\u0105. Freest posiada stosunkowo now\u0105 przysta\u0144 i przeprojektowany port rybacki. Morska atmosfera, mo\u017cliwo\u015b\u0107 obserowania rybak\u00f3w przy pracy, niezwykle cicha okolica i idylliczne krajobrazy zach\u0119caj\u0105 turyst\u00f3w do odwiedzania tego niecodziennego miejsca.<\/p>\n<p style=\"text-align: justify;\"><strong>ATRAKCJE<\/strong><\/p>\n<p style=\"text-align: justify;\">Szczeg\u00f3ln\u0105 atrakcj\u0105 Freest jest przepi\u0119kny port i stara stocznia, gdzie obserwowa\u0107 mo\u017cna codzienny styl \u017cycia rybak\u00f3w. Obowi\u0105zkowym punktem zwiedzania tej ma\u0142ej wioski jest kupno \u015bwie\u017co z\u0142owionej ryby. \u00a0Inn\u0105 atrakcj\u0105 jest lokalne muzeum, kt\u00f3re zosta\u0142o otwarte w roku 1992. Muzeum posiada sta\u0142\u0105 wystaw\u0119 po\u015bwi\u0119con\u0105 historii wioski i jej regionu. Najbardziej znanymi eksponatami s\u0105 niezwyk\u0142e rybackie dywany, kt\u00f3re prezentuj\u0105 histori\u0119 miejscowo\u015bci za pomoc\u0105 tradycyjnych lokalnych wzor\u00f3w. Co roku w sierpniu organizowany jest tutaj festiwal w\u0119dkarski, podczas kt\u00f3rego mo\u017cna skosztowa\u0107 regionalnych potraw &#8211; zw\u0142aszcza \u015bwie\u017cych ryb. Festiwal w przypadku Freest to tak\u017ce muzyka na \u017cywo, targi oraz diabelski m\u0142yn.<\/p>\n<p><code><div class=\"rl-gallery-container rl-loading\" id=\"rl-gallery-container-3\" data-gallery_id=\"2588\"> <div class=\"rl-gallery rl-basicgrid-gallery \" id=\"rl-gallery-3\" data-gallery_no=\"3\"> <div class=\"rl-gallery-item\"><a href=\"https:\/\/sbt.ug.edu.pl\/wp-content\/uploads\/2019\/07\/R8A11-p1-IMG_5101.jpg\" title=\"Hafen-1; \u00a9 Wilhelm Steingrube\" data-rl_title=\"Hafen-1; \u00a9 Wilhelm Steingrube\" class=\"rl-gallery-link\" data-rl_caption=\"\" data-rel=\"lightbox-gallery-3\"><img src=\"https:\/\/sbt.ug.edu.pl\/wp-content\/uploads\/2019\/07\/R8A11-p1-IMG_5101-768x576.jpg\" width=\"640\" height=\"480\" alt=\"\" \/><\/a><\/div><div class=\"rl-gallery-item\"><a href=\"https:\/\/sbt.ug.edu.pl\/wp-content\/uploads\/2019\/07\/R8A11-p2-IMG_5093.jpg\" title=\"Hafen-2; \u00a9 Wilhelm Steingrube\" data-rl_title=\"Hafen-2; \u00a9 Wilhelm Steingrube\" class=\"rl-gallery-link\" data-rl_caption=\"\" data-rel=\"lightbox-gallery-3\"><img src=\"https:\/\/sbt.ug.edu.pl\/wp-content\/uploads\/2019\/07\/R8A11-p2-IMG_5093-768x576.jpg\" width=\"640\" height=\"480\" alt=\"\" \/><\/a><\/div><div class=\"rl-gallery-item\"><a href=\"https:\/\/sbt.ug.edu.pl\/wp-content\/uploads\/2019\/07\/R8A11-p3-IMG_5099.jpg\" title=\"Fisch-Hus; \u00a9 Wilhelm Steingrube\" data-rl_title=\"Fisch-Hus; \u00a9 Wilhelm Steingrube\" class=\"rl-gallery-link\" data-rl_caption=\"\" data-rel=\"lightbox-gallery-3\"><img src=\"https:\/\/sbt.ug.edu.pl\/wp-content\/uploads\/2019\/07\/R8A11-p3-IMG_5099-768x576.jpg\" width=\"640\" height=\"480\" alt=\"\" \/><\/a><\/div><div class=\"rl-gallery-item\"><a href=\"https:\/\/sbt.ug.edu.pl\/wp-content\/uploads\/2019\/07\/R8A11-p4-IMG_5004.jpg\" title=\"Hafen-Geb\u00e4ude; \u00a9 Wilhelm Steingrube\" data-rl_title=\"Hafen-Geb\u00e4ude; \u00a9 Wilhelm Steingrube\" class=\"rl-gallery-link\" data-rl_caption=\"\" data-rel=\"lightbox-gallery-3\"><img src=\"https:\/\/sbt.ug.edu.pl\/wp-content\/uploads\/2019\/07\/R8A11-p4-IMG_5004-768x576.jpg\" width=\"640\" height=\"480\" alt=\"\" \/><\/a><\/div><div class=\"rl-gallery-item\"><a href=\"https:\/\/sbt.ug.edu.pl\/wp-content\/uploads\/2019\/07\/R8A11-p5-IMG_5001.jpg\" title=\"Werft; \u00a9 Wilhelm Steingrube\" data-rl_title=\"Werft; \u00a9 Wilhelm Steingrube\" class=\"rl-gallery-link\" data-rl_caption=\"\" data-rel=\"lightbox-gallery-3\"><img src=\"https:\/\/sbt.ug.edu.pl\/wp-content\/uploads\/2019\/07\/R8A11-p5-IMG_5001-768x576.jpg\" width=\"640\" height=\"480\" alt=\"\" \/><\/a><\/div><div class=\"rl-gallery-item\"><a href=\"https:\/\/sbt.ug.edu.pl\/wp-content\/uploads\/2019\/07\/R8A11-p6-Freest_Strand.jpg\" title=\"Beach; \u00a9 commons.wikimedia.org, Corradox\" data-rl_title=\"Beach; \u00a9 commons.wikimedia.org, Corradox\" class=\"rl-gallery-link\" data-rl_caption=\"\" data-rel=\"lightbox-gallery-3\"><img src=\"https:\/\/sbt.ug.edu.pl\/wp-content\/uploads\/2019\/07\/R8A11-p6-Freest_Strand-768x342.jpg\" width=\"640\" height=\"285\" alt=\"\" \/><\/a><\/div><div class=\"rl-gallery-item\"><a href=\"https:\/\/sbt.ug.edu.pl\/wp-content\/uploads\/2019\/07\/R8A11-p7-Kr\u00f6slin_Freest_-5Heimatmuseum.jpg\" title=\"Heimatmuseum; \u00a9 commons.wikimedia.org, Assenmacher\" data-rl_title=\"Heimatmuseum; \u00a9 commons.wikimedia.org, Assenmacher\" class=\"rl-gallery-link\" data-rl_caption=\"\" data-rel=\"lightbox-gallery-3\"><img src=\"https:\/\/sbt.ug.edu.pl\/wp-content\/uploads\/2019\/07\/R8A11-p7-Kr\u00f6slin_Freest_-5Heimatmuseum-768x576.jpg\" width=\"640\" height=\"480\" alt=\"\" \/><\/a><\/div><div class=\"rl-gallery-item\"><a href=\"https:\/\/sbt.ug.edu.pl\/wp-content\/uploads\/2019\/07\/R8A11-p8-reest-6_Fischereihafen_2013-11-12_2.jpg\" title=\"Hafen-3; \u00a9 commons.wikimedia.org, Erell\" data-rl_title=\"Hafen-3; \u00a9 commons.wikimedia.org, Erell\" class=\"rl-gallery-link\" data-rl_caption=\"\" data-rel=\"lightbox-gallery-3\"><img src=\"https:\/\/sbt.ug.edu.pl\/wp-content\/uploads\/2019\/07\/R8A11-p8-reest-6_Fischereihafen_2013-11-12_2-768x576.jpg\" width=\"640\" height=\"480\" alt=\"\" \/><\/a><\/div> <\/div> <\/div><\/code><\/p>","protected":false},"excerpt":{"rendered":"<p>LOKALIZACJA Ma\u0142a wioska rybacka Freest znajduje si\u0119 w p\u00f3\u0142nocno-wschodniej cz\u0119\u015bci Niemiec na terenie Meklemburgii-Pomorza Przedniego, tu\u017c przy zatoce Achterwasser. Freest graniczy z miejscowo\u015bciami K\u00f6selin na po\u0142udniu, Lubmin na zachodzie i rzek\u0105 Peene na wschodzie. Niedaleko Freest znajduje si\u0119 wyspa Uznam, kt\u00f3r\u0105 mo\u017cna dostrzec z wioski podczas odpowiednich warunk\u00f3w atmosferycznych. WIDOKOWY CHARAKTER Jako jedna z najstarszych [&hellip;]<\/p>\n","protected":false},"author":3,"featured_media":0,"parent":490,"menu_order":0,"comment_status":"closed","ping_status":"closed","template":"","meta":[],"categories":[34,15,31],"tags":[],"_links":{"self":[{"href":"https:\/\/sbt.ug.edu.pl\/pl\/wp-json\/wp\/v2\/pages\/585"}],"collection":[{"href":"https:\/\/sbt.ug.edu.pl\/pl\/wp-json\/wp\/v2\/pages"}],"about":[{"href":"https:\/\/sbt.ug.edu.pl\/pl\/wp-json\/wp\/v2\/types\/page"}],"author":[{"embeddable":true,"href":"https:\/\/sbt.ug.edu.pl\/pl\/wp-json\/wp\/v2\/users\/3"}],"replies":[{"embeddable":true,"href":"https:\/\/sbt.ug.edu.pl\/pl\/wp-json\/wp\/v2\/comments?post=585"}],"version-history":[{"count":7,"href":"https:\/\/sbt.ug.edu.pl\/pl\/wp-json\/wp\/v2\/pages\/585\/revisions"}],"predecessor-version":[{"id":5755,"href":"https:\/\/sbt.ug.edu.pl\/pl\/wp-json\/wp\/v2\/pages\/585\/revisions\/5755"}],"up":[{"embeddable":true,"href":"https:\/\/sbt.ug.edu.pl\/pl\/wp-json\/wp\/v2\/pages\/490"}],"wp:attachment":[{"href":"https:\/\/sbt.ug.edu.pl\/pl\/wp-json\/wp\/v2\/media?parent=585"}],"wp:term":[{"taxonomy":"category","embeddable":true,"href":"https:\/\/sbt.ug.edu.pl\/pl\/wp-json\/wp\/v2\/categories?post=585"},{"taxonomy":"post_tag","embeddable":true,"href":"https:\/\/sbt.ug.edu.pl\/pl\/wp-json\/wp\/v2\/tags?post=585"}],"curies":[{"name":"wp","href":"https:\/\/api.w.org\/{rel}","templated":true}]}}