{"id":587,"date":"2018-12-23T11:55:36","date_gmt":"2018-12-23T10:55:36","guid":{"rendered":"http:\/\/southbaltic-tourist.eu\/?page_id=587"},"modified":"2021-06-08T17:16:17","modified_gmt":"2021-06-08T16:16:17","slug":"12-kaiserbader-swinemunde","status":"publish","type":"page","link":"https:\/\/sbt.ug.edu.pl\/pl\/routes\/world-of-fishermen\/12-kaiserbader-swinemunde\/","title":{"rendered":"12. Kaiserb\u00e4der &#8211; Swinem\u00fcnde"},"content":{"rendered":"<p><\/p>\n<p style=\"text-align: justify;\"><strong>LOKALIZACJA<\/strong><\/p>\n<p style=\"text-align: justify;\">W p\u00f3\u0142nocno-wschodniej cz\u0119\u015bci Niemiec, na wybrze\u017cu Morza Ba\u0142tyckiego, znajduj\u0105 si\u0119 trzy kurorty znane jako K\u0105pieliska Cesarskie &#8211; Ahlbeck, Heringsdorf i Bansin. Zlokalizowane s\u0105 one na wyspie Uznam w Meklemburgii-Pomorzu Przednim, tu\u017c w pobli\u017cu polskiej granicy, niedaleko s\u0142ynnego, nadba\u0142tyckiego miasta \u015awinouj\u015bcie. Miejscowo\u015bci Bansin i \u015awinouj\u015bcie oddalone s\u0105 od siebie o zaledwie 10 km, a mi\u0119dzy nimi znajduje si\u0119 Heringsdorf i Ahlbeck. \u015awinouj\u015bcie to najwi\u0119ksze miasto na wyspie Uznam, z populacj\u0105 licz\u0105c\u0105 oko\u0142o 40 000 mieszka\u0144c\u00f3w. Ca\u0142a wyspa posiada stosunkowo \u0142agodny klimat i jest jednym z najbardziej nas\u0142onecznionych miejsc w Niemczech w ci\u0105gu roku. Uznam to bardzo popularna wyspa w\u015br\u00f3d turyst\u00f3w poszukuj\u0105cych odpoczynku i relaksu.<\/p>\n<p><img decoding=\"async\" loading=\"lazy\" class=\"alignnone wp-image-2679 size-full\" src=\"https:\/\/southbaltic-tourist.eu\/wp-content\/uploads\/2019\/07\/R8A12-p1-Usedom-IMG_0498.jpg\" alt=\"\" width=\"1600\" height=\"1200\" srcset=\"https:\/\/sbt.ug.edu.pl\/wp-content\/uploads\/2019\/07\/R8A12-p1-Usedom-IMG_0498.jpg 1600w, https:\/\/sbt.ug.edu.pl\/wp-content\/uploads\/2019\/07\/R8A12-p1-Usedom-IMG_0498-300x225.jpg 300w, https:\/\/sbt.ug.edu.pl\/wp-content\/uploads\/2019\/07\/R8A12-p1-Usedom-IMG_0498-768x576.jpg 768w, https:\/\/sbt.ug.edu.pl\/wp-content\/uploads\/2019\/07\/R8A12-p1-Usedom-IMG_0498-1024x768.jpg 1024w, https:\/\/sbt.ug.edu.pl\/wp-content\/uploads\/2019\/07\/R8A12-p1-Usedom-IMG_0498-150x113.jpg 150w, https:\/\/sbt.ug.edu.pl\/wp-content\/uploads\/2019\/07\/R8A12-p1-Usedom-IMG_0498-136x102.jpg 136w\" sizes=\"(max-width: 1600px) 100vw, 1600px\" \/><\/p>\n<p style=\"text-align: justify;\"><strong>WIDOKOWY CHARAKTER<\/strong><\/p>\n<p style=\"text-align: justify;\">K\u0105pieliska Cesarskie oraz \u015awinouj\u015bcie rozci\u0105gaj\u0105 si\u0119 wzd\u0142u\u017c pi\u0119knej pla\u017cy. Na niemieckich terytoriach wyspy Uznam promenada biegnie wzd\u0142u\u017c wybrze\u017ca a\u017c na d\u0142ugo\u015bci 8,5 km. W trzech niemieckich miejscowo\u015bciach wchodz\u0105cych w sk\u0142ad K\u0105pielisk Cesarskich znajduje si\u0119 wiele imponuj\u0105cych willi, a tak\u017ce budynki charakterystyczne dla architektury uzdrowiskowej. Z kolei na obrze\u017cach dominuj\u0105 przepi\u0119kne lasy oraz parki. Ma\u0142a wioska Bansin znajduje si\u0119 bezpo\u015brednio pomi\u0119dzy jeziorem Schloonsee a Morzem Ba\u0142tyckim i graniczy z imponuj\u0105cym bukowym lasem. Z kolei Heringsdorf to najwi\u0119ksza miejscowo\u015b\u0107 w\u015br\u00f3d cesarskich uzdrowisk. Miasto to ma wiele unikalnych budynk\u00f3w o charakterze wilhelmi\u0144skim. Ponadto wyr\u00f3\u017cnia si\u0119 najd\u0142u\u017cszym w Niemczech molo o d\u0142ugo\u015bci 508 m. Natomiast w Ahlbeck znajduje si\u0119 najstarsze tego typu molo w Niemczech, a tak\u017ce wiele willi oraz ma\u0142ych domk\u00f3w rybackich z krytymi strzech\u0105 dachami. Ostatnim polecanym miastem wyspy Uznam jest polskie, portowe miasto \u015awinouj\u015bcie, posiadaj\u0105ce nie tylko pi\u0119kny przybrze\u017cny obszar, ale r\u00f3wnie\u017c wiele relikt\u00f3w kultury pruskiej.<\/p>\n<p style=\"text-align: justify;\"><strong>ATRAKCJE<\/strong><\/p>\n<p style=\"text-align: justify;\">W na terenie miejscowo\u015bci wchodz\u0105cych w sk\u0142ad K\u0105pielisk Cesarskich oraz w \u015awinouj\u015bciu znajduje si\u0119 wiele zabytk\u00f3w i atrakcji. Mi\u0119dzy innymi najd\u0142u\u017csza w Europie promenada, miejsca wyr\u00f3\u017cniaj\u0105ce si\u0119 unikaln\u0105 architektur\u0105 uzdrowiskow\u0105 oraz oczywi\u015bcie imponuj\u0105ce molo. Ka\u017cdego roku w na terytoriach K\u0105pielisk Cesarskich organizowane s\u0105 liczne wydarzenia kulturalne, takie jak koncerty muzyczne w muszlach koncertowych czy wyst\u0119py kabaretowe i teatralne w namiocie teatralnym Chapeau Rouge. Ponadto w Whitsun co roku odbywa si\u0119 mi\u0119dzynarodowy festiwal kabaretowy. Dodatkow\u0105 atrakcj\u0105 znajduj\u0105c\u0105 si\u0119 w pobli\u017cu Heringsdorfu mo\u017ce by\u0107 dla turyst\u00f3w stary dw\u00f3r.<\/p>\n<p style=\"text-align: justify;\">W \u015awinouj\u015bciu z kolei znajduje si\u0119 wiele historycznych budynk\u00f3w, np. Fort Anio\u0142a, Fort Gerharda i Fort Wschodni. Szczeg\u00f3ln\u0105 atrakcj\u0105 jest najwy\u017csza na Ba\u0142tyku latarnia morska o wysoko\u015bci 64,8 m. Natomiast w dawnej siedzibie ratusza znajduje si\u0119 muzeum po\u0142ow\u00f3w dalekomorskich.<\/p>\n<p><code><div class=\"rl-gallery-container rl-loading\" id=\"rl-gallery-container-3\" data-gallery_id=\"2592\"> <div class=\"rl-gallery rl-basicgrid-gallery \" id=\"rl-gallery-3\" data-gallery_no=\"3\"> <div class=\"rl-gallery-item\"><a href=\"https:\/\/sbt.ug.edu.pl\/wp-content\/uploads\/2019\/07\/R8A12-p1-Usedom-IMG_0498.jpg\" title=\"Grenze-1; \u00a9 Wilhelm Steingrube\" data-rl_title=\"Grenze-1; \u00a9 Wilhelm Steingrube\" class=\"rl-gallery-link\" data-rl_caption=\"\" data-rel=\"lightbox-gallery-3\"><img src=\"https:\/\/sbt.ug.edu.pl\/wp-content\/uploads\/2019\/07\/R8A12-p1-Usedom-IMG_0498-768x576.jpg\" width=\"640\" height=\"480\" alt=\"\" \/><\/a><\/div><div class=\"rl-gallery-item\"><a href=\"https:\/\/sbt.ug.edu.pl\/wp-content\/uploads\/2019\/07\/R8A12-p2-IMG_5481.jpg\" title=\"Pier-Ahlbeck; \u00a9 Wilhelm Steingrube\" data-rl_title=\"Pier-Ahlbeck; \u00a9 Wilhelm Steingrube\" class=\"rl-gallery-link\" data-rl_caption=\"\" data-rel=\"lightbox-gallery-3\"><img src=\"https:\/\/sbt.ug.edu.pl\/wp-content\/uploads\/2019\/07\/R8A12-p2-IMG_5481-768x576.jpg\" width=\"640\" height=\"480\" alt=\"\" \/><\/a><\/div><div class=\"rl-gallery-item\"><a href=\"https:\/\/sbt.ug.edu.pl\/wp-content\/uploads\/2019\/07\/R8A12-p3-IMG_5468.jpg\" title=\"Pier-Heringsdorf; \u00a9 Wilhelm Steingrube\" data-rl_title=\"Pier-Heringsdorf; \u00a9 Wilhelm Steingrube\" class=\"rl-gallery-link\" data-rl_caption=\"\" data-rel=\"lightbox-gallery-3\"><img src=\"https:\/\/sbt.ug.edu.pl\/wp-content\/uploads\/2019\/07\/R8A12-p3-IMG_5468-768x576.jpg\" width=\"640\" height=\"480\" alt=\"\" \/><\/a><\/div><div class=\"rl-gallery-item\"><a href=\"https:\/\/sbt.ug.edu.pl\/wp-content\/uploads\/2019\/07\/R8A12-p4-IMG_5445.jpg\" title=\"Shops-Heringsdorf; \u00a9 Wilhelm Steingrube\" data-rl_title=\"Shops-Heringsdorf; \u00a9 Wilhelm Steingrube\" class=\"rl-gallery-link\" data-rl_caption=\"\" data-rel=\"lightbox-gallery-3\"><img src=\"https:\/\/sbt.ug.edu.pl\/wp-content\/uploads\/2019\/07\/R8A12-p4-IMG_5445-768x576.jpg\" width=\"640\" height=\"480\" alt=\"\" \/><\/a><\/div><div class=\"rl-gallery-item\"><a href=\"https:\/\/sbt.ug.edu.pl\/wp-content\/uploads\/2019\/07\/R8A12-p5-IMG_5469.jpg\" title=\"Spielbank; \u00a9 Wilhelm Steingrube\" data-rl_title=\"Spielbank; \u00a9 Wilhelm Steingrube\" class=\"rl-gallery-link\" data-rl_caption=\"\" data-rel=\"lightbox-gallery-3\"><img src=\"https:\/\/sbt.ug.edu.pl\/wp-content\/uploads\/2019\/07\/R8A12-p5-IMG_5469-768x576.jpg\" width=\"640\" height=\"480\" alt=\"\" \/><\/a><\/div><div class=\"rl-gallery-item\"><a href=\"https:\/\/sbt.ug.edu.pl\/wp-content\/uploads\/2019\/07\/R8A12-p6-IMG_5442.jpg\" title=\"Strandkorb; \u00a9 Wilhelm Steingrube\" data-rl_title=\"Strandkorb; \u00a9 Wilhelm Steingrube\" class=\"rl-gallery-link\" data-rl_caption=\"\" data-rel=\"lightbox-gallery-3\"><img src=\"https:\/\/sbt.ug.edu.pl\/wp-content\/uploads\/2019\/07\/R8A12-p6-IMG_5442-768x576.jpg\" width=\"640\" height=\"480\" alt=\"\" \/><\/a><\/div><div class=\"rl-gallery-item\"><a href=\"https:\/\/sbt.ug.edu.pl\/wp-content\/uploads\/2019\/07\/R8A12-p7-IMG_5505.jpg\" title=\"Hotel-Ahlbeck; \u00a9 Wilhelm Steingrube\" data-rl_title=\"Hotel-Ahlbeck; \u00a9 Wilhelm Steingrube\" class=\"rl-gallery-link\" data-rl_caption=\"\" data-rel=\"lightbox-gallery-3\"><img src=\"https:\/\/sbt.ug.edu.pl\/wp-content\/uploads\/2019\/07\/R8A12-p7-IMG_5505-768x576.jpg\" width=\"640\" height=\"480\" alt=\"\" \/><\/a><\/div><div class=\"rl-gallery-item\"><a href=\"https:\/\/sbt.ug.edu.pl\/wp-content\/uploads\/2019\/07\/R8A12-p8-IMG_5477.jpg\" title=\"Architektur-Ahlbeck; \u00a9 Wilhelm Steingrube\" data-rl_title=\"Architektur-Ahlbeck; \u00a9 Wilhelm Steingrube\" class=\"rl-gallery-link\" data-rl_caption=\"\" data-rel=\"lightbox-gallery-3\"><img src=\"https:\/\/sbt.ug.edu.pl\/wp-content\/uploads\/2019\/07\/R8A12-p8-IMG_5477-768x1024.jpg\" width=\"640\" height=\"853\" alt=\"\" \/><\/a><\/div><div class=\"rl-gallery-item\"><a href=\"https:\/\/sbt.ug.edu.pl\/wp-content\/uploads\/2019\/07\/R8A12-p9-Usedom-IMG_0499.jpg\" title=\"Grenze-2; \u00a9 Wilhelm Steingrube\" data-rl_title=\"Grenze-2; \u00a9 Wilhelm Steingrube\" class=\"rl-gallery-link\" data-rl_caption=\"\" data-rel=\"lightbox-gallery-3\"><img src=\"https:\/\/sbt.ug.edu.pl\/wp-content\/uploads\/2019\/07\/R8A12-p9-Usedom-IMG_0499-768x576.jpg\" width=\"640\" height=\"480\" alt=\"\" \/><\/a><\/div> <\/div> <\/div><\/code><\/p>","protected":false},"excerpt":{"rendered":"<p>LOKALIZACJA W p\u00f3\u0142nocno-wschodniej cz\u0119\u015bci Niemiec, na wybrze\u017cu Morza Ba\u0142tyckiego, znajduj\u0105 si\u0119 trzy kurorty znane jako K\u0105pieliska Cesarskie &#8211; Ahlbeck, Heringsdorf i Bansin. Zlokalizowane s\u0105 one na wyspie Uznam w Meklemburgii-Pomorzu Przednim, tu\u017c w pobli\u017cu polskiej granicy, niedaleko s\u0142ynnego, nadba\u0142tyckiego miasta \u015awinouj\u015bcie. Miejscowo\u015bci Bansin i \u015awinouj\u015bcie oddalone s\u0105 od siebie o zaledwie 10 km, a mi\u0119dzy [&hellip;]<\/p>\n","protected":false},"author":3,"featured_media":0,"parent":490,"menu_order":0,"comment_status":"closed","ping_status":"closed","template":"","meta":[],"categories":[34,15,31],"tags":[],"_links":{"self":[{"href":"https:\/\/sbt.ug.edu.pl\/pl\/wp-json\/wp\/v2\/pages\/587"}],"collection":[{"href":"https:\/\/sbt.ug.edu.pl\/pl\/wp-json\/wp\/v2\/pages"}],"about":[{"href":"https:\/\/sbt.ug.edu.pl\/pl\/wp-json\/wp\/v2\/types\/page"}],"author":[{"embeddable":true,"href":"https:\/\/sbt.ug.edu.pl\/pl\/wp-json\/wp\/v2\/users\/3"}],"replies":[{"embeddable":true,"href":"https:\/\/sbt.ug.edu.pl\/pl\/wp-json\/wp\/v2\/comments?post=587"}],"version-history":[{"count":7,"href":"https:\/\/sbt.ug.edu.pl\/pl\/wp-json\/wp\/v2\/pages\/587\/revisions"}],"predecessor-version":[{"id":5756,"href":"https:\/\/sbt.ug.edu.pl\/pl\/wp-json\/wp\/v2\/pages\/587\/revisions\/5756"}],"up":[{"embeddable":true,"href":"https:\/\/sbt.ug.edu.pl\/pl\/wp-json\/wp\/v2\/pages\/490"}],"wp:attachment":[{"href":"https:\/\/sbt.ug.edu.pl\/pl\/wp-json\/wp\/v2\/media?parent=587"}],"wp:term":[{"taxonomy":"category","embeddable":true,"href":"https:\/\/sbt.ug.edu.pl\/pl\/wp-json\/wp\/v2\/categories?post=587"},{"taxonomy":"post_tag","embeddable":true,"href":"https:\/\/sbt.ug.edu.pl\/pl\/wp-json\/wp\/v2\/tags?post=587"}],"curies":[{"name":"wp","href":"https:\/\/api.w.org\/{rel}","templated":true}]}}