{"id":589,"date":"2018-12-23T11:56:49","date_gmt":"2018-12-23T10:56:49","guid":{"rendered":"http:\/\/southbaltic-tourist.eu\/?page_id=589"},"modified":"2021-06-08T17:28:15","modified_gmt":"2021-06-08T16:28:15","slug":"13-wolinski-national-park","status":"publish","type":"page","link":"https:\/\/sbt.ug.edu.pl\/pl\/routes\/world-of-fishermen\/13-wolinski-national-park\/","title":{"rendered":"13. Wolinski Park Narodowy"},"content":{"rendered":"<p><\/p>\n<p style=\"text-align: justify;\"><strong>LOKALIZACJA<\/strong><\/p>\n<p style=\"text-align: justify;\">Woli\u0144ski Park Narodowy po\u0142o\u017cony jest w p\u00f3\u0142nocno-zachodniej Polsce, u uj\u015bcia rzeki Odry. Znajduje si\u0119 na wyspie Wolin i zosta\u0142 stworzony, aby chroni\u0107 najcenniejszy obszar tej wyspy. Park obejmuje r\u00f3wnie\u017c archipelag wysp znajduj\u0105cych si\u0119 nad Morzem Ba\u0142tyckim, przez co Woli\u0144ski Park Narodowy uznawany jest za pierwszy park morski w Polsce.<\/p>\n<p><img decoding=\"async\" loading=\"lazy\" class=\"alignnone wp-image-2699 size-full\" src=\"https:\/\/southbaltic-tourist.eu\/wp-content\/uploads\/2019\/07\/R8A13-p1-20180802-DSC_5654.jpg\" alt=\"\" width=\"1600\" height=\"1067\" srcset=\"https:\/\/sbt.ug.edu.pl\/wp-content\/uploads\/2019\/07\/R8A13-p1-20180802-DSC_5654.jpg 1600w, https:\/\/sbt.ug.edu.pl\/wp-content\/uploads\/2019\/07\/R8A13-p1-20180802-DSC_5654-300x200.jpg 300w, https:\/\/sbt.ug.edu.pl\/wp-content\/uploads\/2019\/07\/R8A13-p1-20180802-DSC_5654-768x512.jpg 768w, https:\/\/sbt.ug.edu.pl\/wp-content\/uploads\/2019\/07\/R8A13-p1-20180802-DSC_5654-1024x683.jpg 1024w, https:\/\/sbt.ug.edu.pl\/wp-content\/uploads\/2019\/07\/R8A13-p1-20180802-DSC_5654-150x100.jpg 150w\" sizes=\"(max-width: 1600px) 100vw, 1600px\" \/><\/p>\n<p style=\"text-align: justify;\"><strong>WIDOKOWY CHARAKTER<\/strong><\/p>\n<p style=\"text-align: justify;\">Woli\u0144ski Park Narodowy zosta\u0142 za\u0142o\u017cony w 1960 roku. Jego powierzchnia wynosi 10 937 ha. Park charakteryzuje du\u017ca r\u00f3\u017cnorodno\u015b\u0107 przyrodnicza. Wyst\u0119puj\u0105 tu zar\u00f3wno klify, jeziora polodowcowe (Warnowskie, Rabi\u0105\u017c, Czajdze, Domys\u0142owskie), sztuczne jeziora (Turkus i Stara Kredownia), rzadkie gatunki ro\u015blin, jak i urocze, piaszczyste pla\u017ce, bagniste wyspy i lasy d\u0119bowe, bukowe i sosnowe. Krajobraz Woli\u0144skiego Parku Narodowego stale ewoluuje z powodu erozji. Potencjalni tury\u015bci nie powinni zwleka\u0107 z podj\u0119ciem decyzji o zwiedzaniu parku, poniewa\u017c znajduj\u0105ce si\u0119 na jego terenie klify osuwaj\u0105 si\u0119 o oko\u0142o 80 cm rocznie.<\/p>\n<p style=\"text-align: justify;\"><strong>ATRAKCJE<\/strong><\/p>\n<p style=\"text-align: justify;\">Najwi\u0119ksz\u0105 atrakcj\u0105 i symbolem Woli\u0144skiego Parku Narodowego jest orze\u0142 bielik. Jednak na terenie parku spotka\u0107 mo\u017cna r\u00f3wnie\u017c mor\u015bwiny i foki szare. Ze wzgl\u0119du na po\u0142o\u017cenie na g\u0142\u00f3wnej trasie migracji wzd\u0142u\u017c wybrze\u017ca Morza Ba\u0142tyckiego na terenie parku wyst\u0119puje prawie 230 gatunk\u00f3w ptak\u00f3w. Do dyspozycji turyst\u00f3w jest wiele szlak\u00f3w pieszych oraz edukacyjnych, prowadz\u0105cych przez wysokie klify, dzi\u0119ki czemu mo\u017cliwe jest podziwianie niezwyk\u0142ych panoram z licznych punkt\u00f3w widokowych i miejsc odpoczynkowych. Przyk\u0142adowo malownicz\u0105 delt\u0119 rzeki \u015awiny mo\u017cna podziwia\u0107 ze Wzg\u00f3rza Zielonka. W pobliskim Wolinie na prze\u0142omie lipca i sierpnia organizowany jest co roku Festiwal S\u0142owian i Wiking\u00f3w.<\/p>\n<p><code><div class=\"rl-gallery-container rl-loading\" id=\"rl-gallery-container-3\" data-gallery_id=\"2594\"> <div class=\"rl-gallery rl-basicgrid-gallery \" id=\"rl-gallery-3\" data-gallery_no=\"3\"> <div class=\"rl-gallery-item\"><a href=\"https:\/\/sbt.ug.edu.pl\/wp-content\/uploads\/2019\/07\/R8A13-p1-20180802-DSC_5654.jpg\" title=\"Shore of Wolinski; \u00a9 commons.wikimedia.org, Anna Natalia Zadroga\" data-rl_title=\"Shore of Wolinski; \u00a9 commons.wikimedia.org, Anna Natalia Zadroga\" class=\"rl-gallery-link\" data-rl_caption=\"\" data-rel=\"lightbox-gallery-3\"><img src=\"https:\/\/sbt.ug.edu.pl\/wp-content\/uploads\/2019\/07\/R8A13-p1-20180802-DSC_5654-768x512.jpg\" width=\"640\" height=\"427\" alt=\"\" \/><\/a><\/div><div class=\"rl-gallery-item\"><a href=\"https:\/\/sbt.ug.edu.pl\/wp-content\/uploads\/2019\/07\/R8A13-p2-IMG_3597.jpg\" title=\"Sign of Wolinski; \u00a9 Wilhelm Steingrube\" data-rl_title=\"Sign of Wolinski; \u00a9 Wilhelm Steingrube\" class=\"rl-gallery-link\" data-rl_caption=\"\" data-rel=\"lightbox-gallery-3\"><img src=\"https:\/\/sbt.ug.edu.pl\/wp-content\/uploads\/2019\/07\/R8A13-p2-IMG_3597-768x576.jpg\" width=\"640\" height=\"480\" alt=\"\" \/><\/a><\/div><div class=\"rl-gallery-item\"><a href=\"https:\/\/sbt.ug.edu.pl\/wp-content\/uploads\/2019\/07\/R8A13-p3-MG_5327.jpg\" title=\"Bunker in Wolinski; \u00a9 Wilhelm Steingrube\" data-rl_title=\"Bunker in Wolinski; \u00a9 Wilhelm Steingrube\" class=\"rl-gallery-link\" data-rl_caption=\"\" data-rel=\"lightbox-gallery-3\"><img src=\"https:\/\/sbt.ug.edu.pl\/wp-content\/uploads\/2019\/07\/R8A13-p3-MG_5327-768x576.jpg\" width=\"640\" height=\"480\" alt=\"\" \/><\/a><\/div><div class=\"rl-gallery-item\"><a href=\"https:\/\/sbt.ug.edu.pl\/wp-content\/uploads\/2019\/07\/R8A13-p4-IMG_5325.jpg\" title=\"\" data-rl_title=\"\" class=\"rl-gallery-link\" data-rl_caption=\"\" data-rel=\"lightbox-gallery-3\"><img src=\"https:\/\/sbt.ug.edu.pl\/wp-content\/uploads\/2019\/07\/R8A13-p4-IMG_5325-768x576.jpg\" width=\"640\" height=\"480\" alt=\"\" \/><\/a><\/div><div class=\"rl-gallery-item\"><a href=\"https:\/\/sbt.ug.edu.pl\/wp-content\/uploads\/2019\/07\/R8A13-p5-Wisent-1.jpg\" title=\"Bison in Wolinski; \u00a9 Wilhelm Steingrube\" data-rl_title=\"Bison in Wolinski; \u00a9 Wilhelm Steingrube\" class=\"rl-gallery-link\" data-rl_caption=\"\" data-rel=\"lightbox-gallery-3\"><img src=\"https:\/\/sbt.ug.edu.pl\/wp-content\/uploads\/2019\/07\/R8A13-p5-Wisent-1-768x576.jpg\" width=\"640\" height=\"480\" alt=\"\" \/><\/a><\/div><div class=\"rl-gallery-item\"><a href=\"https:\/\/sbt.ug.edu.pl\/wp-content\/uploads\/2019\/07\/R8A13-p6-T\u00fcrkis-See-Lubin-1.jpg\" title=\"T\u00fcrkis-See in Wolinski; \u00a9 Wilhelm Steingrube\" data-rl_title=\"T\u00fcrkis-See in Wolinski; \u00a9 Wilhelm Steingrube\" class=\"rl-gallery-link\" data-rl_caption=\"\" data-rel=\"lightbox-gallery-3\"><img src=\"https:\/\/sbt.ug.edu.pl\/wp-content\/uploads\/2019\/07\/R8A13-p6-T\u00fcrkis-See-Lubin-1-768x576.jpg\" width=\"640\" height=\"480\" alt=\"\" \/><\/a><\/div> <\/div> <\/div><\/code><\/p>","protected":false},"excerpt":{"rendered":"<p>LOKALIZACJA Woli\u0144ski Park Narodowy po\u0142o\u017cony jest w p\u00f3\u0142nocno-zachodniej Polsce, u uj\u015bcia rzeki Odry. Znajduje si\u0119 na wyspie Wolin i zosta\u0142 stworzony, aby chroni\u0107 najcenniejszy obszar tej wyspy. Park obejmuje r\u00f3wnie\u017c archipelag wysp znajduj\u0105cych si\u0119 nad Morzem Ba\u0142tyckim, przez co Woli\u0144ski Park Narodowy uznawany jest za pierwszy park morski w Polsce. WIDOKOWY CHARAKTER Woli\u0144ski Park Narodowy [&hellip;]<\/p>\n","protected":false},"author":3,"featured_media":0,"parent":490,"menu_order":0,"comment_status":"closed","ping_status":"closed","template":"","meta":[],"categories":[34,15,31],"tags":[],"_links":{"self":[{"href":"https:\/\/sbt.ug.edu.pl\/pl\/wp-json\/wp\/v2\/pages\/589"}],"collection":[{"href":"https:\/\/sbt.ug.edu.pl\/pl\/wp-json\/wp\/v2\/pages"}],"about":[{"href":"https:\/\/sbt.ug.edu.pl\/pl\/wp-json\/wp\/v2\/types\/page"}],"author":[{"embeddable":true,"href":"https:\/\/sbt.ug.edu.pl\/pl\/wp-json\/wp\/v2\/users\/3"}],"replies":[{"embeddable":true,"href":"https:\/\/sbt.ug.edu.pl\/pl\/wp-json\/wp\/v2\/comments?post=589"}],"version-history":[{"count":8,"href":"https:\/\/sbt.ug.edu.pl\/pl\/wp-json\/wp\/v2\/pages\/589\/revisions"}],"predecessor-version":[{"id":5759,"href":"https:\/\/sbt.ug.edu.pl\/pl\/wp-json\/wp\/v2\/pages\/589\/revisions\/5759"}],"up":[{"embeddable":true,"href":"https:\/\/sbt.ug.edu.pl\/pl\/wp-json\/wp\/v2\/pages\/490"}],"wp:attachment":[{"href":"https:\/\/sbt.ug.edu.pl\/pl\/wp-json\/wp\/v2\/media?parent=589"}],"wp:term":[{"taxonomy":"category","embeddable":true,"href":"https:\/\/sbt.ug.edu.pl\/pl\/wp-json\/wp\/v2\/categories?post=589"},{"taxonomy":"post_tag","embeddable":true,"href":"https:\/\/sbt.ug.edu.pl\/pl\/wp-json\/wp\/v2\/tags?post=589"}],"curies":[{"name":"wp","href":"https:\/\/api.w.org\/{rel}","templated":true}]}}