{"id":591,"date":"2018-12-23T11:57:55","date_gmt":"2018-12-23T10:57:55","guid":{"rendered":"http:\/\/southbaltic-tourist.eu\/?page_id=591"},"modified":"2021-06-08T17:27:29","modified_gmt":"2021-06-08T16:27:29","slug":"14-stepnica","status":"publish","type":"page","link":"https:\/\/sbt.ug.edu.pl\/pl\/routes\/world-of-fishermen\/14-stepnica\/","title":{"rendered":"14. St\u0119pnica"},"content":{"rendered":"<p><\/p>\n<p style=\"text-align: justify;\"><strong>LOKALIZACJA<\/strong><\/p>\n<p style=\"text-align: justify;\">Stepnica to niewielkie miasto znajduj\u0105ce si\u0119 w powiecie goleniowskim, po\u0142o\u017cone nad Zalewem Szczeci\u0144skim, w pobli\u017cu Puszczy Goleniowskiej i rezerwatu przyrody Olszanka. Na przeciwleg\u0142ym brzegu Odry znajduje si\u0119 Puszcza Wkrza\u0144ska.<\/p>\n<p><img decoding=\"async\" loading=\"lazy\" class=\"alignnone wp-image-2701 size-full\" src=\"https:\/\/southbaltic-tourist.eu\/wp-content\/uploads\/2019\/07\/R8A14-p1-Stepnica_Poland_-_panoramio.jpg\" alt=\"\" width=\"1600\" height=\"1200\" srcset=\"https:\/\/sbt.ug.edu.pl\/wp-content\/uploads\/2019\/07\/R8A14-p1-Stepnica_Poland_-_panoramio.jpg 1600w, https:\/\/sbt.ug.edu.pl\/wp-content\/uploads\/2019\/07\/R8A14-p1-Stepnica_Poland_-_panoramio-300x225.jpg 300w, https:\/\/sbt.ug.edu.pl\/wp-content\/uploads\/2019\/07\/R8A14-p1-Stepnica_Poland_-_panoramio-768x576.jpg 768w, https:\/\/sbt.ug.edu.pl\/wp-content\/uploads\/2019\/07\/R8A14-p1-Stepnica_Poland_-_panoramio-1024x768.jpg 1024w, https:\/\/sbt.ug.edu.pl\/wp-content\/uploads\/2019\/07\/R8A14-p1-Stepnica_Poland_-_panoramio-150x113.jpg 150w, https:\/\/sbt.ug.edu.pl\/wp-content\/uploads\/2019\/07\/R8A14-p1-Stepnica_Poland_-_panoramio-136x102.jpg 136w\" sizes=\"(max-width: 1600px) 100vw, 1600px\" \/><\/p>\n<p style=\"text-align: justify;\"><strong>WIDOKOWY CHARAKTER<\/strong><\/p>\n<p style=\"text-align: justify;\">Stepnica znajduje si\u0119 w p\u00f3\u0142nocnej cz\u0119\u015bci Doliny Dolnej Odry w pobli\u017cu granicy z R\u00f3wnin\u0105 Goleniowsk\u0105. Miasto oraz port zlokalizowane s\u0105 w Zatoce Stepnickiej. Port morski w Stepnicy ma du\u017ce znaczenie lokalne, stanowi w\u0119ze\u0142 rybacki i \u017ceglarski, a tak\u017ce kluczow\u0105 baz\u0119 handlow\u0105 i prze\u0142adunkow\u0105. Na po\u0142udnie od miejscowo\u015bci znajduje si\u0119 rezerwat przyrody Olszanka o powierzchni 1345.4 ha (jest to rezerwat le\u015bny i torfowy).<\/p>\n<p style=\"text-align: justify;\"><strong>ATRAKCJE<\/strong><\/p>\n<p style=\"text-align: justify;\">W Stepnicy znajduje si\u0119 port morski oraz k\u0105pielisko. Tury\u015bci mog\u0105 zatem skorzysta\u0107 z atrakcji jak\u0105 jest p\u0142ywanie \u0142odzi\u0105 po lagunie b\u0105d\u017a je\u017celi preferuj\u0105 sporty wodne, mog\u0105 wybra\u0107 surfing. Dodatkowo przez Stepnic\u0119 przebiega mi\u0119dzynarodowa zielona trasa rowerowa prowadz\u0105ca wzd\u0142u\u017c Zalewu Szczeci\u0144skiego. Tury\u015bci odwiedzaj\u0105cy Stepnic\u0119 cz\u0119sto wybieraj\u0105 si\u0119 na wycieczki \u0142odziami na pe\u0142ne morze, dzi\u0119ki czemu maj\u0105 niezwyk\u0142\u0105 mo\u017cliwo\u015b\u0107 podziwiania lokalnych or\u0142\u00f3w w powietrzu. Cz\u0119sto spotykanym ptakiem w okolicy jest bielik. Mo\u017cliwe jest tak\u017ce p\u0142ywanie kajakiem b\u0105d\u017a wykupienie specjalnego rejsu po Zatoce Szczeci\u0144skiej. Stepnica s\u0142ynie ponadto z w\u0119dkarstwa &#8211; co roku w lipcu odbywa si\u0119 tu konkurs i festyn rybak\u00f3w oraz rybo\u0142\u00f3wstwa &#8211; Festiwal Stepnicki.<\/p>\n<p><code><div class=\"rl-gallery-container rl-loading\" id=\"rl-gallery-container-3\" data-gallery_id=\"2597\"> <div class=\"rl-gallery rl-basicgrid-gallery \" id=\"rl-gallery-3\" data-gallery_no=\"3\"> <div class=\"rl-gallery-item\"><a href=\"https:\/\/sbt.ug.edu.pl\/wp-content\/uploads\/2019\/07\/R8A14-p1-Stepnica_Poland_-_panoramio.jpg\" title=\"Stepnica-1; \u00a9 commons.wikimedia.org, Stasi\u00d3 Stach\u00f3w\" data-rl_title=\"Stepnica-1; \u00a9 commons.wikimedia.org, Stasi\u00d3 Stach\u00f3w\" class=\"rl-gallery-link\" data-rl_caption=\"\" data-rel=\"lightbox-gallery-3\"><img src=\"https:\/\/sbt.ug.edu.pl\/wp-content\/uploads\/2019\/07\/R8A14-p1-Stepnica_Poland_-_panoramio-768x576.jpg\" width=\"640\" height=\"480\" alt=\"\" \/><\/a><\/div><div class=\"rl-gallery-item\"><a href=\"https:\/\/sbt.ug.edu.pl\/wp-content\/uploads\/2019\/07\/R8A14-p2-Port_rybacki_w_Stepnicy_nad_Zalewem_Szczeci\u0144skim_-_panoramio.jpg\" title=\"Stepnica-2; \u00a9 commons.wikimedia.org, rysnal\" data-rl_title=\"Stepnica-2; \u00a9 commons.wikimedia.org, rysnal\" class=\"rl-gallery-link\" data-rl_caption=\"\" data-rel=\"lightbox-gallery-3\"><img src=\"https:\/\/sbt.ug.edu.pl\/wp-content\/uploads\/2019\/07\/R8A14-p2-Port_rybacki_w_Stepnicy_nad_Zalewem_Szczeci\u0144skim_-_panoramio-768x576.jpg\" width=\"640\" height=\"480\" alt=\"\" \/><\/a><\/div><div class=\"rl-gallery-item\"><a href=\"https:\/\/sbt.ug.edu.pl\/wp-content\/uploads\/2019\/07\/R8A14-p3-The_port_of_Stepnica_-_Southern_Quay.jpg\" title=\"Stepnica-3; \u00a9 commons.wikimedia.org, Piotrek gs\" data-rl_title=\"Stepnica-3; \u00a9 commons.wikimedia.org, Piotrek gs\" class=\"rl-gallery-link\" data-rl_caption=\"\" data-rel=\"lightbox-gallery-3\"><img src=\"https:\/\/sbt.ug.edu.pl\/wp-content\/uploads\/2019\/07\/R8A14-p3-The_port_of_Stepnica_-_Southern_Quay-768x514.jpg\" width=\"640\" height=\"428\" alt=\"\" \/><\/a><\/div><div class=\"rl-gallery-item\"><a href=\"https:\/\/sbt.ug.edu.pl\/wp-content\/uploads\/2019\/07\/R8A14-p4-Gmina_Stepnica_Poland_-_panoramio.jpg\" title=\"Stepnica-4; \u00a9 commons.wikimedia.org, Stasi\u00d3 Stach\u00f3w\" data-rl_title=\"Stepnica-4; \u00a9 commons.wikimedia.org, Stasi\u00d3 Stach\u00f3w\" class=\"rl-gallery-link\" data-rl_caption=\"\" data-rel=\"lightbox-gallery-3\"><img src=\"https:\/\/sbt.ug.edu.pl\/wp-content\/uploads\/2019\/07\/R8A14-p4-Gmina_Stepnica_Poland_-_panoramio-768x1024.jpg\" width=\"640\" height=\"853\" alt=\"\" \/><\/a><\/div><div class=\"rl-gallery-item\"><a href=\"https:\/\/sbt.ug.edu.pl\/wp-content\/uploads\/2019\/07\/R8A14-p5-Stepnica_port_rybacki.jpg\" title=\"Stepnica-5; \u00a9 commons.wikimedia.org, kapitel\" data-rl_title=\"Stepnica-5; \u00a9 commons.wikimedia.org, kapitel\" class=\"rl-gallery-link\" data-rl_caption=\"\" data-rel=\"lightbox-gallery-3\"><img src=\"https:\/\/sbt.ug.edu.pl\/wp-content\/uploads\/2019\/07\/R8A14-p5-Stepnica_port_rybacki-768x511.jpg\" width=\"640\" height=\"426\" alt=\"\" \/><\/a><\/div><div class=\"rl-gallery-item\"><a href=\"https:\/\/sbt.ug.edu.pl\/wp-content\/uploads\/2019\/07\/R8A14-p6-Stepnica_-_panoramio.jpg\" title=\"Stepnica-6; \u00a9 commons.wikimedia.org, Jan M\" data-rl_title=\"Stepnica-6; \u00a9 commons.wikimedia.org, Jan M\" class=\"rl-gallery-link\" data-rl_caption=\"\" data-rel=\"lightbox-gallery-3\"><img src=\"https:\/\/sbt.ug.edu.pl\/wp-content\/uploads\/2019\/07\/R8A14-p6-Stepnica_-_panoramio-768x510.jpg\" width=\"640\" height=\"425\" alt=\"\" \/><\/a><\/div> <\/div> <\/div><\/code><\/p>","protected":false},"excerpt":{"rendered":"<p>LOKALIZACJA Stepnica to niewielkie miasto znajduj\u0105ce si\u0119 w powiecie goleniowskim, po\u0142o\u017cone nad Zalewem Szczeci\u0144skim, w pobli\u017cu Puszczy Goleniowskiej i rezerwatu przyrody Olszanka. Na przeciwleg\u0142ym brzegu Odry znajduje si\u0119 Puszcza Wkrza\u0144ska. WIDOKOWY CHARAKTER Stepnica znajduje si\u0119 w p\u00f3\u0142nocnej cz\u0119\u015bci Doliny Dolnej Odry w pobli\u017cu granicy z R\u00f3wnin\u0105 Goleniowsk\u0105. Miasto oraz port zlokalizowane s\u0105 w Zatoce Stepnickiej. [&hellip;]<\/p>\n","protected":false},"author":3,"featured_media":0,"parent":490,"menu_order":0,"comment_status":"closed","ping_status":"closed","template":"","meta":[],"categories":[34,15,31],"tags":[],"_links":{"self":[{"href":"https:\/\/sbt.ug.edu.pl\/pl\/wp-json\/wp\/v2\/pages\/591"}],"collection":[{"href":"https:\/\/sbt.ug.edu.pl\/pl\/wp-json\/wp\/v2\/pages"}],"about":[{"href":"https:\/\/sbt.ug.edu.pl\/pl\/wp-json\/wp\/v2\/types\/page"}],"author":[{"embeddable":true,"href":"https:\/\/sbt.ug.edu.pl\/pl\/wp-json\/wp\/v2\/users\/3"}],"replies":[{"embeddable":true,"href":"https:\/\/sbt.ug.edu.pl\/pl\/wp-json\/wp\/v2\/comments?post=591"}],"version-history":[{"count":8,"href":"https:\/\/sbt.ug.edu.pl\/pl\/wp-json\/wp\/v2\/pages\/591\/revisions"}],"predecessor-version":[{"id":5758,"href":"https:\/\/sbt.ug.edu.pl\/pl\/wp-json\/wp\/v2\/pages\/591\/revisions\/5758"}],"up":[{"embeddable":true,"href":"https:\/\/sbt.ug.edu.pl\/pl\/wp-json\/wp\/v2\/pages\/490"}],"wp:attachment":[{"href":"https:\/\/sbt.ug.edu.pl\/pl\/wp-json\/wp\/v2\/media?parent=591"}],"wp:term":[{"taxonomy":"category","embeddable":true,"href":"https:\/\/sbt.ug.edu.pl\/pl\/wp-json\/wp\/v2\/categories?post=591"},{"taxonomy":"post_tag","embeddable":true,"href":"https:\/\/sbt.ug.edu.pl\/pl\/wp-json\/wp\/v2\/tags?post=591"}],"curies":[{"name":"wp","href":"https:\/\/api.w.org\/{rel}","templated":true}]}}