{"id":595,"date":"2018-12-23T12:00:08","date_gmt":"2018-12-23T11:00:08","guid":{"rendered":"http:\/\/southbaltic-tourist.eu\/?page_id=595"},"modified":"2021-06-10T15:25:15","modified_gmt":"2021-06-10T14:25:15","slug":"16-dzwirzyno","status":"publish","type":"page","link":"https:\/\/sbt.ug.edu.pl\/pl\/routes\/world-of-fishermen\/16-dzwirzyno\/","title":{"rendered":"16. D\u017awirzyno"},"content":{"rendered":"<p><\/p>\n<p style=\"text-align: justify;\"><strong>LOKALIZACJA<\/strong><\/p>\n<p style=\"text-align: justify;\">D\u017awirzyno to wie\u015b po\u0142o\u017cona na wybrze\u017cu Ba\u0142tyku w p\u00f3\u0142nocno-zachodniej cz\u0119\u015bci Polski, nieopodal jeziora Resko Przymorskie, 12 km na zach\u00f3d od Ko\u0142obrzegu i 98 km na p\u00f3\u0142nocny-wsch\u00f3d od Szczecina. D\u017awirzyno to miejscowo\u015b\u0107 o uzdrowiskowym charakterze. Jest najbardziej znana pod k\u0105tem leczenia chor\u00f3b uk\u0142adu oddechowego oraz serca.<\/p>\n<p><img decoding=\"async\" loading=\"lazy\" class=\"alignnone wp-image-2732 size-full\" src=\"https:\/\/southbaltic-tourist.eu\/wp-content\/uploads\/2019\/07\/R8A16-p1-DzwirzynoZatokajResko.jpg\" alt=\"\" width=\"1600\" height=\"1200\" srcset=\"https:\/\/sbt.ug.edu.pl\/wp-content\/uploads\/2019\/07\/R8A16-p1-DzwirzynoZatokajResko.jpg 1600w, https:\/\/sbt.ug.edu.pl\/wp-content\/uploads\/2019\/07\/R8A16-p1-DzwirzynoZatokajResko-300x225.jpg 300w, https:\/\/sbt.ug.edu.pl\/wp-content\/uploads\/2019\/07\/R8A16-p1-DzwirzynoZatokajResko-768x576.jpg 768w, https:\/\/sbt.ug.edu.pl\/wp-content\/uploads\/2019\/07\/R8A16-p1-DzwirzynoZatokajResko-1024x768.jpg 1024w, https:\/\/sbt.ug.edu.pl\/wp-content\/uploads\/2019\/07\/R8A16-p1-DzwirzynoZatokajResko-150x113.jpg 150w, https:\/\/sbt.ug.edu.pl\/wp-content\/uploads\/2019\/07\/R8A16-p1-DzwirzynoZatokajResko-136x102.jpg 136w\" sizes=\"(max-width: 1600px) 100vw, 1600px\" \/><\/p>\n<p style=\"text-align: justify;\"><strong>WIDOKOWY CHARAKTER<\/strong><\/p>\n<p style=\"text-align: justify;\">D\u017awirzyno s\u0142ynie nie tylko z czystej morskiej wody, ale tak\u017ce z pi\u0119knych i zapieraj\u0105cych dech w piersiach pla\u017c z drobnym, bia\u0142ym piaskiem oraz powietrzem bogatym w jod. Warto wybra\u0107 si\u0119 na d\u0142ugi spacer po wybrze\u017cu w D\u017awirzynie, kt\u00f3re pe\u0142ne jest malowniczych wydm. Na obrze\u017cach wsi z kolei znajduj\u0105 si\u0119 lasy, co zapewnia okolicy niezwykle spokojn\u0105 i wypoczynkow\u0105 aur\u0119. R\u00f3wnie\u017c osoby z w\u0119dkarskim zami\u0142owaniem odnajd\u0105 tu sw\u00f3j azyl. Mo\u017cliwe jest nie tylko w\u0119dkarstwo morskie, ale r\u00f3wnie\u017c ze wzgl\u0119du na blisko\u015b\u0107 jeziora Resko Przymorskie, tak\u017ce w\u0119dkarstwo s\u0142odkowodne. Jezioro po\u0142\u0105czone jest z miejscowo\u015bci\u0105 kr\u00f3tkim i p\u0142ytkim kana\u0142em.<\/p>\n<p style=\"text-align: justify;\"><strong>ATRAKCJE <\/strong><\/p>\n<p style=\"text-align: justify;\">D\u017awirzyno to idealne miejsce dla os\u00f3b zainteresowanych aktywnym wypoczynkiem. To doskona\u0142o okolica do organizacji pieszych w\u0119dr\u00f3wek, wycieczek rowerowych, wypraw w\u0119dkarskich lub \u017ceglarskich, i to nie tylko latem. W regionie skorzysta\u0107 mo\u017cna z ponad 70 km \u015bcie\u017cek rowerowych i licznych \u015bcie\u017cek spacerowych (w tym przyk\u0142adowo z \u201etrasy zdrowia\u201d znajduj\u0105cej si\u0119 w nadmorskim lesie oraz 15 stacji fitness), stadniny koni, lot\u00f3w paralotni\u0105, b\u0105d\u017a mo\u017cna uprawia\u0107 sporty wodne. D\u017awirzyno to r\u00f3wnie\u017c miejsce ch\u0119tnie wybierane przez rodziny z dzie\u0107mi czy grupy przyjaci\u00f3\u0142. Zapewnia spokojny wypoczynek na \u0142onie natury, kt\u00f3ry sprzyja obserwowaniu ptak\u00f3w czy ws\u0142uchiwaniu si\u0119 w le\u015bne odg\u0142osy.<\/p>\n<p><code><div class=\"rl-gallery-container rl-loading\" id=\"rl-gallery-container-3\" data-gallery_id=\"2601\"> <div class=\"rl-gallery rl-basicgrid-gallery \" id=\"rl-gallery-3\" data-gallery_no=\"3\"> <div class=\"rl-gallery-item\"><a href=\"https:\/\/sbt.ug.edu.pl\/wp-content\/uploads\/2019\/07\/R8A16-p1-DzwirzynoZatokajResko.jpg\" title=\"D\u017awirzyno-1; \u00a9 commons.wikimedia.org, Tomasz Lesniowski\" data-rl_title=\"D\u017awirzyno-1; \u00a9 commons.wikimedia.org, Tomasz Lesniowski\" class=\"rl-gallery-link\" data-rl_caption=\"\" data-rel=\"lightbox-gallery-3\"><img src=\"https:\/\/sbt.ug.edu.pl\/wp-content\/uploads\/2019\/07\/R8A16-p1-DzwirzynoZatokajResko-768x576.jpg\" width=\"640\" height=\"480\" alt=\"\" \/><\/a><\/div><div class=\"rl-gallery-item\"><a href=\"https:\/\/sbt.ug.edu.pl\/wp-content\/uploads\/2019\/07\/R8A16-p2-D\u017awirzyno_mewy_na_pla\u017cy_2_5_wrz_2017_M_Z_Wojalski_DSC03210.jpg\" title=\"D\u017awirzyno-2; \u00a9 commons.wikimedia.org, M Z Wojalski\" data-rl_title=\"D\u017awirzyno-2; \u00a9 commons.wikimedia.org, M Z Wojalski\" class=\"rl-gallery-link\" data-rl_caption=\"\" data-rel=\"lightbox-gallery-3\"><img src=\"https:\/\/sbt.ug.edu.pl\/wp-content\/uploads\/2019\/07\/R8A16-p2-D\u017awirzyno_mewy_na_pla\u017cy_2_5_wrz_2017_M_Z_Wojalski_DSC03210-768x576.jpg\" width=\"640\" height=\"480\" alt=\"\" \/><\/a><\/div><div class=\"rl-gallery-item\"><a href=\"https:\/\/sbt.ug.edu.pl\/wp-content\/uploads\/2019\/07\/R8A16-p3-D\u017awirzyno_wzburzony_Ba\u0142tyk_14_wrz_2017_M_Z_Wojalski_DSC03459.jpg\" title=\"D\u017awirzyno-3; \u00a9 commons.wikimedia.org, M Z Wojalski\" data-rl_title=\"D\u017awirzyno-3; \u00a9 commons.wikimedia.org, M Z Wojalski\" class=\"rl-gallery-link\" data-rl_caption=\"\" data-rel=\"lightbox-gallery-3\"><img src=\"https:\/\/sbt.ug.edu.pl\/wp-content\/uploads\/2019\/07\/R8A16-p3-D\u017awirzyno_wzburzony_Ba\u0142tyk_14_wrz_2017_M_Z_Wojalski_DSC03459-768x576.jpg\" width=\"640\" height=\"480\" alt=\"\" \/><\/a><\/div><div class=\"rl-gallery-item\"><a href=\"https:\/\/sbt.ug.edu.pl\/wp-content\/uploads\/2019\/07\/R8A16-p4-Dzwirzyno_bridge_road_0152Z_2011-08_S.jpg\" title=\"D\u017awirzyno-4; \u00a9 commons.wikimedia.org, M Z Wojalski\" data-rl_title=\"D\u017awirzyno-4; \u00a9 commons.wikimedia.org, M Z Wojalski\" class=\"rl-gallery-link\" data-rl_caption=\"\" data-rel=\"lightbox-gallery-3\"><img src=\"https:\/\/sbt.ug.edu.pl\/wp-content\/uploads\/2019\/07\/R8A16-p4-Dzwirzyno_bridge_road_0152Z_2011-08_S-768x510.jpg\" width=\"640\" height=\"425\" alt=\"\" \/><\/a><\/div><div class=\"rl-gallery-item\"><a href=\"https:\/\/sbt.ug.edu.pl\/wp-content\/uploads\/2019\/07\/R8A16-p5-Dzwirzyno_seaport_harbour_at_night_2008-09.jpg\" title=\"D\u017awirzyno-5; \u00a9 commons.wikimedia.org, M Z Wojalski\" data-rl_title=\"D\u017awirzyno-5; \u00a9 commons.wikimedia.org, M Z Wojalski\" class=\"rl-gallery-link\" data-rl_caption=\"\" data-rel=\"lightbox-gallery-3\"><img src=\"https:\/\/sbt.ug.edu.pl\/wp-content\/uploads\/2019\/07\/R8A16-p5-Dzwirzyno_seaport_harbour_at_night_2008-09-768x271.jpg\" width=\"640\" height=\"226\" alt=\"\" \/><\/a><\/div><div class=\"rl-gallery-item\"><a href=\"https:\/\/sbt.ug.edu.pl\/wp-content\/uploads\/2019\/07\/R8A16-p6-Port_Dzwirzyno_entrance_canal_2009-10.jpg\" title=\"D\u017awirzyno-6; \u00a9 commons.wikimedia.org, M Z Wojalski\" data-rl_title=\"D\u017awirzyno-6; \u00a9 commons.wikimedia.org, M Z Wojalski\" class=\"rl-gallery-link\" data-rl_caption=\"\" data-rel=\"lightbox-gallery-3\"><img src=\"https:\/\/sbt.ug.edu.pl\/wp-content\/uploads\/2019\/07\/R8A16-p6-Port_Dzwirzyno_entrance_canal_2009-10-768x532.jpg\" width=\"640\" height=\"443\" alt=\"\" \/><\/a><\/div><div class=\"rl-gallery-item\"><a href=\"https:\/\/sbt.ug.edu.pl\/wp-content\/uploads\/2019\/07\/R8A16-p7-Dzwirzyno_Quercus_robur_natural_monuments_2011-12_W.jpg\" title=\"D\u017awirzyno-7; \u00a9 commons.wikimedia.org, M Z Wojalski\" data-rl_title=\"D\u017awirzyno-7; \u00a9 commons.wikimedia.org, M Z Wojalski\" class=\"rl-gallery-link\" data-rl_caption=\"\" data-rel=\"lightbox-gallery-3\"><img src=\"https:\/\/sbt.ug.edu.pl\/wp-content\/uploads\/2019\/07\/R8A16-p7-Dzwirzyno_Quercus_robur_natural_monuments_2011-12_W-768x511.jpg\" width=\"640\" height=\"426\" alt=\"\" \/><\/a><\/div> <\/div> <\/div><\/code><\/p>","protected":false},"excerpt":{"rendered":"<p>LOKALIZACJA D\u017awirzyno to wie\u015b po\u0142o\u017cona na wybrze\u017cu Ba\u0142tyku w p\u00f3\u0142nocno-zachodniej cz\u0119\u015bci Polski, nieopodal jeziora Resko Przymorskie, 12 km na zach\u00f3d od Ko\u0142obrzegu i 98 km na p\u00f3\u0142nocny-wsch\u00f3d od Szczecina. D\u017awirzyno to miejscowo\u015b\u0107 o uzdrowiskowym charakterze. Jest najbardziej znana pod k\u0105tem leczenia chor\u00f3b uk\u0142adu oddechowego oraz serca. WIDOKOWY CHARAKTER D\u017awirzyno s\u0142ynie nie tylko z czystej morskiej [&hellip;]<\/p>\n","protected":false},"author":3,"featured_media":0,"parent":490,"menu_order":0,"comment_status":"closed","ping_status":"closed","template":"","meta":[],"categories":[34,15,31],"tags":[],"_links":{"self":[{"href":"https:\/\/sbt.ug.edu.pl\/pl\/wp-json\/wp\/v2\/pages\/595"}],"collection":[{"href":"https:\/\/sbt.ug.edu.pl\/pl\/wp-json\/wp\/v2\/pages"}],"about":[{"href":"https:\/\/sbt.ug.edu.pl\/pl\/wp-json\/wp\/v2\/types\/page"}],"author":[{"embeddable":true,"href":"https:\/\/sbt.ug.edu.pl\/pl\/wp-json\/wp\/v2\/users\/3"}],"replies":[{"embeddable":true,"href":"https:\/\/sbt.ug.edu.pl\/pl\/wp-json\/wp\/v2\/comments?post=595"}],"version-history":[{"count":7,"href":"https:\/\/sbt.ug.edu.pl\/pl\/wp-json\/wp\/v2\/pages\/595\/revisions"}],"predecessor-version":[{"id":5794,"href":"https:\/\/sbt.ug.edu.pl\/pl\/wp-json\/wp\/v2\/pages\/595\/revisions\/5794"}],"up":[{"embeddable":true,"href":"https:\/\/sbt.ug.edu.pl\/pl\/wp-json\/wp\/v2\/pages\/490"}],"wp:attachment":[{"href":"https:\/\/sbt.ug.edu.pl\/pl\/wp-json\/wp\/v2\/media?parent=595"}],"wp:term":[{"taxonomy":"category","embeddable":true,"href":"https:\/\/sbt.ug.edu.pl\/pl\/wp-json\/wp\/v2\/categories?post=595"},{"taxonomy":"post_tag","embeddable":true,"href":"https:\/\/sbt.ug.edu.pl\/pl\/wp-json\/wp\/v2\/tags?post=595"}],"curies":[{"name":"wp","href":"https:\/\/api.w.org\/{rel}","templated":true}]}}