{"id":597,"date":"2018-12-23T12:01:34","date_gmt":"2018-12-23T11:01:34","guid":{"rendered":"http:\/\/southbaltic-tourist.eu\/?page_id=597"},"modified":"2021-06-10T15:26:33","modified_gmt":"2021-06-10T14:26:33","slug":"17-darlowo","status":"publish","type":"page","link":"https:\/\/sbt.ug.edu.pl\/pl\/routes\/world-of-fishermen\/17-darlowo\/","title":{"rendered":"17. Dar\u0142owo"},"content":{"rendered":"<p><\/p>\n<p style=\"text-align: justify;\"><strong>LOKALIZACJA<\/strong><\/p>\n<p style=\"text-align: justify;\">Dar\u0142owo to nadmorskie miasto znajduj\u0105ce w p\u00f3\u0142nocno-zachodniej Polsce, na Pomorzu Zachodnim, nad brzegiem Morza Ba\u0142tyckiego, w dolinie rzeki Wieprzy oraz Grabowej, na Wybrze\u017cu Koszali\u0144skim.<\/p>\n<p><img decoding=\"async\" loading=\"lazy\" class=\"alignnone wp-image-2747 size-full\" src=\"https:\/\/southbaltic-tourist.eu\/wp-content\/uploads\/2019\/07\/R8A17-p1-Darlowo_-_widok_z_latarni_morskiej_na_rzeke_Wieprze_01.jpg\" alt=\"\" width=\"1600\" height=\"1200\" srcset=\"https:\/\/sbt.ug.edu.pl\/wp-content\/uploads\/2019\/07\/R8A17-p1-Darlowo_-_widok_z_latarni_morskiej_na_rzeke_Wieprze_01.jpg 1600w, https:\/\/sbt.ug.edu.pl\/wp-content\/uploads\/2019\/07\/R8A17-p1-Darlowo_-_widok_z_latarni_morskiej_na_rzeke_Wieprze_01-300x225.jpg 300w, https:\/\/sbt.ug.edu.pl\/wp-content\/uploads\/2019\/07\/R8A17-p1-Darlowo_-_widok_z_latarni_morskiej_na_rzeke_Wieprze_01-768x576.jpg 768w, https:\/\/sbt.ug.edu.pl\/wp-content\/uploads\/2019\/07\/R8A17-p1-Darlowo_-_widok_z_latarni_morskiej_na_rzeke_Wieprze_01-1024x768.jpg 1024w, https:\/\/sbt.ug.edu.pl\/wp-content\/uploads\/2019\/07\/R8A17-p1-Darlowo_-_widok_z_latarni_morskiej_na_rzeke_Wieprze_01-150x113.jpg 150w, https:\/\/sbt.ug.edu.pl\/wp-content\/uploads\/2019\/07\/R8A17-p1-Darlowo_-_widok_z_latarni_morskiej_na_rzeke_Wieprze_01-136x102.jpg 136w\" sizes=\"(max-width: 1600px) 100vw, 1600px\" \/><\/p>\n<p style=\"text-align: justify;\"><strong>WIDOKOWY CHARAKTER<\/strong><\/p>\n<p style=\"text-align: justify;\">W Dar\u0142owie znajduje si\u0119 ok. 5 km szerokich, piaszczystych pla\u017c, kt\u00f3re co roku zw\u0142aszcza w letnim sezonie przyci\u0105gaj\u0105 wielu turyst\u00f3w. Specyficzny i wyj\u0105tkowy mikroklimat tego miejsca sprawia, \u017ce jest to idealny kierunek turystyczny dla os\u00f3b poszukuj\u0105cych spokojnego o\u015brodka uzdrowiskowego (dzi\u0119ki blisko\u015bci Morza Ba\u0142tyckiego). Dar\u0142owo to wyj\u0105tkowy kurort tak\u017ce ze wzgl\u0119du na niewielk\u0105 odleg\u0142o\u015b\u0107 miasta od dw\u00f3ch malowniczych jezior: Kopa\u0144 i Bukowo. Dar\u0142owo opisywane jest ponadto jako pe\u0142ne uroku, historii oraz oferuj\u0105ce turystom wiele atrakcji.<\/p>\n<p style=\"text-align: justify;\"><strong>ATRAKCJE<\/strong><\/p>\n<p style=\"text-align: justify;\">Dar\u0142owo to miasto o d\u0142ugiej historii i tradycji rybackiej (tutejszy port za\u0142o\u017cony zosta\u0142 ju\u017c w VIII wieku). Dla mi\u0142o\u015bnik\u00f3w w\u0119dkarstwa organizowane s\u0105 tu wyprawy w\u0119dkarstwa morskiego. Dar\u0142owo jest uznawane za stolic\u0119 rybo\u0142\u00f3wstwa w Polsce, ze wzgl\u0119du na obfite po\u0142owy dorsza. Z kolei pobliskie rzeki Wieprza i Grabowa pe\u0142ne s\u0105 pstr\u0105g\u00f3w, \u0142ososi i lipieni. Popularn\u0105 metod\u0105 w\u0119dkarsk\u0105 w Dar\u0142owie jest tak\u017ce surfcasting (\u0142owienie ryb morskich wprost z pla\u017cy).<\/p>\n<p style=\"text-align: justify;\">Mo\u017cliwe jest tak\u017ce skorzystanie z wycieczek wzd\u0142u\u017c drogi prowadz\u0105cej do portu w Dar\u0142owie statkami stylizowanymi na \u0142odzie Wiking\u00f3w i starodawne galeony. Latem raz w tygodniu z Dar\u0142owa kursuj\u0105 tak\u017ce statki wycieczkowe na du\u0144sk\u0105 wysp\u0119 Bornholm.<\/p>\n<p><code><div class=\"rl-gallery-container rl-loading\" id=\"rl-gallery-container-3\" data-gallery_id=\"2604\"> <div class=\"rl-gallery rl-basicgrid-gallery \" id=\"rl-gallery-3\" data-gallery_no=\"3\"> <div class=\"rl-gallery-item\"><a href=\"https:\/\/sbt.ug.edu.pl\/wp-content\/uploads\/2019\/07\/R8A17-p1-Darlowo_-_widok_z_latarni_morskiej_na_rzeke_Wieprze_01.jpg\" title=\"Harbour-1; \u00a9 commons.wikimedia.org, Monika Dydek\" data-rl_title=\"Harbour-1; \u00a9 commons.wikimedia.org, Monika Dydek\" class=\"rl-gallery-link\" data-rl_caption=\"\" data-rel=\"lightbox-gallery-3\"><img src=\"https:\/\/sbt.ug.edu.pl\/wp-content\/uploads\/2019\/07\/R8A17-p1-Darlowo_-_widok_z_latarni_morskiej_na_rzeke_Wieprze_01-768x576.jpg\" width=\"640\" height=\"480\" alt=\"\" \/><\/a><\/div><div class=\"rl-gallery-item\"><a href=\"https:\/\/sbt.ug.edu.pl\/wp-content\/uploads\/2019\/07\/R8A17-p2-IMG_6477.jpg\" title=\"Harbour-2; \u00a9 Betina Meli\u00df\" data-rl_title=\"Harbour-2; \u00a9 Betina Meli\u00df\" class=\"rl-gallery-link\" data-rl_caption=\"\" data-rel=\"lightbox-gallery-3\"><img src=\"https:\/\/sbt.ug.edu.pl\/wp-content\/uploads\/2019\/07\/R8A17-p2-IMG_6477-768x512.jpg\" width=\"640\" height=\"427\" alt=\"\" \/><\/a><\/div><div class=\"rl-gallery-item\"><a href=\"https:\/\/sbt.ug.edu.pl\/wp-content\/uploads\/2019\/07\/R8A17-p3-IMG_6556.jpg\" title=\"Harbour-3; \u00a9 Betina Meli\u00df\" data-rl_title=\"Harbour-3; \u00a9 Betina Meli\u00df\" class=\"rl-gallery-link\" data-rl_caption=\"\" data-rel=\"lightbox-gallery-3\"><img src=\"https:\/\/sbt.ug.edu.pl\/wp-content\/uploads\/2019\/07\/R8A17-p3-IMG_6556-768x512.jpg\" width=\"640\" height=\"427\" alt=\"\" \/><\/a><\/div><div class=\"rl-gallery-item\"><a href=\"https:\/\/sbt.ug.edu.pl\/wp-content\/uploads\/2019\/07\/R8A17-p4-IMG_6406.jpg\" title=\"Harbour-; \u00a9 Betina Meli\u00df\" data-rl_title=\"Harbour-; \u00a9 Betina Meli\u00df\" class=\"rl-gallery-link\" data-rl_caption=\"\" data-rel=\"lightbox-gallery-3\"><img src=\"https:\/\/sbt.ug.edu.pl\/wp-content\/uploads\/2019\/07\/R8A17-p4-IMG_6406-768x513.jpg\" width=\"640\" height=\"428\" alt=\"\" \/><\/a><\/div><div class=\"rl-gallery-item\"><a href=\"https:\/\/sbt.ug.edu.pl\/wp-content\/uploads\/2019\/07\/R8A17-p5-IMG_8955.jpg\" title=\"Harbour-5; \u00a9 Betina Meli\u00df\" data-rl_title=\"Harbour-5; \u00a9 Betina Meli\u00df\" class=\"rl-gallery-link\" data-rl_caption=\"\" data-rel=\"lightbox-gallery-3\"><img src=\"https:\/\/sbt.ug.edu.pl\/wp-content\/uploads\/2019\/07\/R8A17-p5-IMG_8955-768x513.jpg\" width=\"640\" height=\"428\" alt=\"\" \/><\/a><\/div><div class=\"rl-gallery-item\"><a href=\"https:\/\/sbt.ug.edu.pl\/wp-content\/uploads\/2019\/07\/R8A17-p6-IMG_6578.jpg\" title=\"Anglers; \u00a9 Betina Meli\u00df\" data-rl_title=\"Anglers; \u00a9 Betina Meli\u00df\" class=\"rl-gallery-link\" data-rl_caption=\"\" data-rel=\"lightbox-gallery-3\"><img src=\"https:\/\/sbt.ug.edu.pl\/wp-content\/uploads\/2019\/07\/R8A17-p6-IMG_6578-768x512.jpg\" width=\"640\" height=\"427\" alt=\"\" \/><\/a><\/div><div class=\"rl-gallery-item\"><a href=\"https:\/\/sbt.ug.edu.pl\/wp-content\/uploads\/2019\/07\/R8A17-p7-IMG_6783.jpg\" title=\"Fish; \u00a9 Betina Meli\u00df\" data-rl_title=\"Fish; \u00a9 Betina Meli\u00df\" class=\"rl-gallery-link\" data-rl_caption=\"\" data-rel=\"lightbox-gallery-3\"><img src=\"https:\/\/sbt.ug.edu.pl\/wp-content\/uploads\/2019\/07\/R8A17-p7-IMG_6783-768x512.jpg\" width=\"640\" height=\"427\" alt=\"\" \/><\/a><\/div><div class=\"rl-gallery-item\"><a href=\"https:\/\/sbt.ug.edu.pl\/wp-content\/uploads\/2019\/07\/R8A17-p8-IMG_8946.jpg\" title=\"Market; \u00a9 Betina Meli\u00df\" data-rl_title=\"Market; \u00a9 Betina Meli\u00df\" class=\"rl-gallery-link\" data-rl_caption=\"\" data-rel=\"lightbox-gallery-3\"><img src=\"https:\/\/sbt.ug.edu.pl\/wp-content\/uploads\/2019\/07\/R8A17-p8-IMG_8946-768x512.jpg\" width=\"640\" height=\"427\" alt=\"\" \/><\/a><\/div> <\/div> <\/div><\/code><\/p>","protected":false},"excerpt":{"rendered":"<p>LOKALIZACJA Dar\u0142owo to nadmorskie miasto znajduj\u0105ce w p\u00f3\u0142nocno-zachodniej Polsce, na Pomorzu Zachodnim, nad brzegiem Morza Ba\u0142tyckiego, w dolinie rzeki Wieprzy oraz Grabowej, na Wybrze\u017cu Koszali\u0144skim. WIDOKOWY CHARAKTER W Dar\u0142owie znajduje si\u0119 ok. 5 km szerokich, piaszczystych pla\u017c, kt\u00f3re co roku zw\u0142aszcza w letnim sezonie przyci\u0105gaj\u0105 wielu turyst\u00f3w. Specyficzny i wyj\u0105tkowy mikroklimat tego miejsca sprawia, \u017ce [&hellip;]<\/p>\n","protected":false},"author":3,"featured_media":0,"parent":490,"menu_order":0,"comment_status":"closed","ping_status":"closed","template":"","meta":[],"categories":[34,15,31],"tags":[],"_links":{"self":[{"href":"https:\/\/sbt.ug.edu.pl\/pl\/wp-json\/wp\/v2\/pages\/597"}],"collection":[{"href":"https:\/\/sbt.ug.edu.pl\/pl\/wp-json\/wp\/v2\/pages"}],"about":[{"href":"https:\/\/sbt.ug.edu.pl\/pl\/wp-json\/wp\/v2\/types\/page"}],"author":[{"embeddable":true,"href":"https:\/\/sbt.ug.edu.pl\/pl\/wp-json\/wp\/v2\/users\/3"}],"replies":[{"embeddable":true,"href":"https:\/\/sbt.ug.edu.pl\/pl\/wp-json\/wp\/v2\/comments?post=597"}],"version-history":[{"count":6,"href":"https:\/\/sbt.ug.edu.pl\/pl\/wp-json\/wp\/v2\/pages\/597\/revisions"}],"predecessor-version":[{"id":5797,"href":"https:\/\/sbt.ug.edu.pl\/pl\/wp-json\/wp\/v2\/pages\/597\/revisions\/5797"}],"up":[{"embeddable":true,"href":"https:\/\/sbt.ug.edu.pl\/pl\/wp-json\/wp\/v2\/pages\/490"}],"wp:attachment":[{"href":"https:\/\/sbt.ug.edu.pl\/pl\/wp-json\/wp\/v2\/media?parent=597"}],"wp:term":[{"taxonomy":"category","embeddable":true,"href":"https:\/\/sbt.ug.edu.pl\/pl\/wp-json\/wp\/v2\/categories?post=597"},{"taxonomy":"post_tag","embeddable":true,"href":"https:\/\/sbt.ug.edu.pl\/pl\/wp-json\/wp\/v2\/tags?post=597"}],"curies":[{"name":"wp","href":"https:\/\/api.w.org\/{rel}","templated":true}]}}