{"id":599,"date":"2018-12-23T12:02:49","date_gmt":"2018-12-23T11:02:49","guid":{"rendered":"http:\/\/southbaltic-tourist.eu\/?page_id=599"},"modified":"2021-06-10T15:29:03","modified_gmt":"2021-06-10T14:29:03","slug":"18-ustka","status":"publish","type":"page","link":"https:\/\/sbt.ug.edu.pl\/pl\/routes\/world-of-fishermen\/18-ustka\/","title":{"rendered":"18. Ustka"},"content":{"rendered":"<p><\/p>\n<p style=\"text-align: justify;\"><strong>LOKALIZACJA<\/strong><\/p>\n<p style=\"text-align: justify;\">Ustka to miasto znajduj\u0105ce si\u0119 w wojew\u00f3dztwie pomorskim, w p\u00f3\u0142nocnej cz\u0119\u015bci Polski, z populacj\u0105 oko\u0142o 16 000 mieszka\u0144c\u00f3w. To urocze miasto portowe, uzdrowisko i nadmorski kurort po\u0142o\u017cony na Wybrze\u017cu S\u0142owi\u0144skim, u uj\u015bcia rzeki S\u0142upi do Morza Ba\u0142tyckiego.<\/p>\n<p style=\"text-align: justify;\"><strong>WIDOKOWY CHARAKTER<\/strong><\/p>\n<p style=\"text-align: justify;\">Ustka znajduje si\u0119 w pobli\u017cu S\u0142owi\u0144skiego Parku Narodowego oraz tu\u017c przy uj\u015bciu rzeki S\u0142upi do morza. Posiada pla\u017c\u0119 miejsk\u0105, kt\u00f3ra podzielona jest na dwie cz\u0119\u015bci: zachodni\u0105, docenian\u0105 przez turyst\u00f3w szukaj\u0105cych ciszy i spokoju, oraz wschodni\u0105, kt\u00f3r\u0105 wybieraj\u0105 osoby szukaj\u0105ce typowych nadmorskich atrakcji, takich jak bulwary z licznymi restauracjami, barami i pi\u0119kn\u0105 promenad\u0105. W Ustce znajduj\u0105 si\u0119 r\u00f3wnie\u017c znane na ca\u0142ym \u015bwiecie ruchome wydmy. Odpr\u0119\u017caj\u0105cym do\u015bwiadczeniem mo\u017ce by\u0107 tak\u017ce w\u0119dr\u00f3wka po okolicznych lasach, przepe\u0142nionych zapachem eterycznych sosnen.<\/p>\n<p style=\"text-align: justify;\"><strong>ATRAKCJE<\/strong><\/p>\n<p style=\"text-align: justify;\">Na turyst\u00f3w odwiedzaj\u0105cych Ustk\u0119 czeka wiele r\u00f3\u017cnorodnych mo\u017cliwo\u015bci sp\u0119dzania wolnego czasu &#8211; spacer nad brzegiem morza, sporty wodne czy wycieczki rowerowe b\u0105d\u017a piesze po wytyczonych szlakach turystycznych. Ustka to r\u00f3wnie\u017c port, kt\u00f3ry powsta\u0142 w XIX wieku na fundamentach falochron\u00f3w z XVI wieku. Obecnie obs\u0142uguje on g\u0142\u00f3wnie \u0142odzie rybackie, jachty i \u0142odzie turystyczne. W mie\u015bcie znajduje si\u0119 tak\u017ce s\u0142ynna latarnia morska, wzniesiona w 1892 roku, kt\u00f3rej \u015bwiat\u0142o widoczne jest z odleg\u0142o\u015bci 30 km. Latem istnieje mo\u017cliwo\u015b\u0107 zwiedzenia latarni od \u015brodka. W Ustce warto zobaczy\u0107 tak\u017ce spichlerze wykonane z czerwonej ceg\u0142y. To r\u00f3wnie\u017c miejsce atrakcyjne dla mi\u0142o\u015bnik\u00f3w w\u0119dkarstwa. Mo\u017cliwe jest wzi\u0119cie udzia\u0142u w organizowanych wyprawach na dorsza i innych wyprawach w\u0119dkarskich. Co wi\u0119cej, to w\u0142a\u015bnie w tym mie\u015bcie odbywa si\u0119 najwi\u0119ksza w wojew\u00f3dztwie pomorskim aukcja rybna.<\/p>\n<p><code><div class=\"rl-gallery-container rl-loading\" id=\"rl-gallery-container-3\" data-gallery_id=\"2607\"> <div class=\"rl-gallery rl-basicgrid-gallery \" id=\"rl-gallery-3\" data-gallery_no=\"3\"> <div class=\"rl-gallery-item\"><a href=\"https:\/\/sbt.ug.edu.pl\/wp-content\/uploads\/2019\/07\/R8A18-p1-IMG_4385.jpg\" title=\"Boats; \u00a9 Wilhelm Steingrube\" data-rl_title=\"Boats; \u00a9 Wilhelm Steingrube\" class=\"rl-gallery-link\" data-rl_caption=\"\" data-rel=\"lightbox-gallery-3\"><img src=\"https:\/\/sbt.ug.edu.pl\/wp-content\/uploads\/2019\/07\/R8A18-p1-IMG_4385-768x1024.jpg\" width=\"640\" height=\"853\" alt=\"\" \/><\/a><\/div><div class=\"rl-gallery-item\"><a href=\"https:\/\/sbt.ug.edu.pl\/wp-content\/uploads\/2019\/07\/R8A18-p2-IMG_4369.jpg\" title=\"Sculpture; \u00a9 Wilhelm Steingrube\" data-rl_title=\"Sculpture; \u00a9 Wilhelm Steingrube\" class=\"rl-gallery-link\" data-rl_caption=\"\" data-rel=\"lightbox-gallery-3\"><img src=\"https:\/\/sbt.ug.edu.pl\/wp-content\/uploads\/2019\/07\/R8A18-p2-IMG_4369-768x1024.jpg\" width=\"640\" height=\"853\" alt=\"\" \/><\/a><\/div><div class=\"rl-gallery-item\"><a href=\"https:\/\/sbt.ug.edu.pl\/wp-content\/uploads\/2019\/07\/R8A18-p3-IMG_4376.jpg\" title=\"Lighthouse; \u00a9 Wilhelm Steingrube\" data-rl_title=\"Lighthouse; \u00a9 Wilhelm Steingrube\" class=\"rl-gallery-link\" data-rl_caption=\"\" data-rel=\"lightbox-gallery-3\"><img src=\"https:\/\/sbt.ug.edu.pl\/wp-content\/uploads\/2019\/07\/R8A18-p3-IMG_4376-768x1024.jpg\" width=\"640\" height=\"853\" alt=\"\" \/><\/a><\/div><div class=\"rl-gallery-item\"><a href=\"https:\/\/sbt.ug.edu.pl\/wp-content\/uploads\/2019\/07\/R8A18-p4-IMG_4356.jpg\" title=\"Buildings; \u00a9 Wilhelm Steingrube\" data-rl_title=\"Buildings; \u00a9 Wilhelm Steingrube\" class=\"rl-gallery-link\" data-rl_caption=\"\" data-rel=\"lightbox-gallery-3\"><img src=\"https:\/\/sbt.ug.edu.pl\/wp-content\/uploads\/2019\/07\/R8A18-p4-IMG_4356-768x576.jpg\" width=\"640\" height=\"480\" alt=\"\" \/><\/a><\/div> <\/div> <\/div><\/code><\/p>","protected":false},"excerpt":{"rendered":"<p>LOKALIZACJA Ustka to miasto znajduj\u0105ce si\u0119 w wojew\u00f3dztwie pomorskim, w p\u00f3\u0142nocnej cz\u0119\u015bci Polski, z populacj\u0105 oko\u0142o 16 000 mieszka\u0144c\u00f3w. To urocze miasto portowe, uzdrowisko i nadmorski kurort po\u0142o\u017cony na Wybrze\u017cu S\u0142owi\u0144skim, u uj\u015bcia rzeki S\u0142upi do Morza Ba\u0142tyckiego. WIDOKOWY CHARAKTER Ustka znajduje si\u0119 w pobli\u017cu S\u0142owi\u0144skiego Parku Narodowego oraz tu\u017c przy uj\u015bciu rzeki S\u0142upi do [&hellip;]<\/p>\n","protected":false},"author":3,"featured_media":0,"parent":490,"menu_order":0,"comment_status":"closed","ping_status":"closed","template":"","meta":[],"categories":[34,15,31],"tags":[],"_links":{"self":[{"href":"https:\/\/sbt.ug.edu.pl\/pl\/wp-json\/wp\/v2\/pages\/599"}],"collection":[{"href":"https:\/\/sbt.ug.edu.pl\/pl\/wp-json\/wp\/v2\/pages"}],"about":[{"href":"https:\/\/sbt.ug.edu.pl\/pl\/wp-json\/wp\/v2\/types\/page"}],"author":[{"embeddable":true,"href":"https:\/\/sbt.ug.edu.pl\/pl\/wp-json\/wp\/v2\/users\/3"}],"replies":[{"embeddable":true,"href":"https:\/\/sbt.ug.edu.pl\/pl\/wp-json\/wp\/v2\/comments?post=599"}],"version-history":[{"count":5,"href":"https:\/\/sbt.ug.edu.pl\/pl\/wp-json\/wp\/v2\/pages\/599\/revisions"}],"predecessor-version":[{"id":5798,"href":"https:\/\/sbt.ug.edu.pl\/pl\/wp-json\/wp\/v2\/pages\/599\/revisions\/5798"}],"up":[{"embeddable":true,"href":"https:\/\/sbt.ug.edu.pl\/pl\/wp-json\/wp\/v2\/pages\/490"}],"wp:attachment":[{"href":"https:\/\/sbt.ug.edu.pl\/pl\/wp-json\/wp\/v2\/media?parent=599"}],"wp:term":[{"taxonomy":"category","embeddable":true,"href":"https:\/\/sbt.ug.edu.pl\/pl\/wp-json\/wp\/v2\/categories?post=599"},{"taxonomy":"post_tag","embeddable":true,"href":"https:\/\/sbt.ug.edu.pl\/pl\/wp-json\/wp\/v2\/tags?post=599"}],"curies":[{"name":"wp","href":"https:\/\/api.w.org\/{rel}","templated":true}]}}