{"id":601,"date":"2018-12-23T12:03:57","date_gmt":"2018-12-23T11:03:57","guid":{"rendered":"http:\/\/southbaltic-tourist.eu\/?page_id=601"},"modified":"2021-06-10T15:35:18","modified_gmt":"2021-06-10T14:35:18","slug":"19-gdansk","status":"publish","type":"page","link":"https:\/\/sbt.ug.edu.pl\/pl\/routes\/world-of-fishermen\/19-gdansk\/","title":{"rendered":"19. Gda\u0144sk"},"content":{"rendered":"<p><\/p>\n<p style=\"text-align: justify;\"><strong>LOKALIZACJA<\/strong><\/p>\n<p style=\"text-align: justify;\">Gda\u0144sk to najwi\u0119ksze polskie miasto na wybrze\u017cu Morza Ba\u0142tyckiego. Posiada ponad tysi\u0105cletni\u0105 histori\u0119 i morsk\u0105 tradycj\u0119, b\u0119d\u0105c jednocze\u015bnie stolic\u0105 wojew\u00f3dztwa pomorskiego oraz regionu kaszubskiego. Gda\u0144sk wraz z Gdyni\u0105 i Sopotem tworzy obszar metropolitalny zwany Tr\u00f3jmiastem, kt\u00f3ry znajduje si\u0119 na po\u0142udniowym brzegu Zatoki Gda\u0144skiej, tu\u017c przy uj\u015bciu Wis\u0142y.<\/p>\n<p style=\"text-align: justify;\"><strong>WIDOKOWY CHARAKTER<\/strong><\/p>\n<p style=\"text-align: justify;\">Gda\u0144sk po\u0142o\u017cony jest w regionie \u017bu\u0142aw i Pojezierza Kaszubskiego, w bliskiej odleg\u0142o\u015bci od malowniczego Tr\u00f3jmiejskiego Parku Krajobrazowego. Klimat w Gda\u0144sku jest zar\u00f3wno morski, jak i kontynentalny. Znajduj\u0105 si\u0119 tam rozleg\u0142e, dziewicze, piaszczyste pla\u017ce, liczne trasy rowerowe, zoo, pi\u0119kny i kolorowy Park Oliwski, Wyspa Sobieszewska i rezerwat ptak\u00f3w.<\/p>\n<p style=\"text-align: justify;\">Gda\u0144sk to miasto przesi\u0105kni\u0119te histori\u0105 i posiadaj\u0105ce d\u0142ug\u0105 tradycj\u0119 zwi\u0105zan\u0105 z okr\u0119townictwem. To prawdziwe miasto XXI wieku, t\u0119tni\u0105ce \u017cyciem, szybko si\u0119 rozwijaj\u0105ce i stawiaj\u0105ce na nowoczesno\u015b\u0107, jednocze\u015bnie zachowuj\u0105ce sw\u00f3j historyczny urok i magiczn\u0105 atmosfer\u0119.<\/p>\n<p style=\"text-align: justify;\"><strong>ATRAKCJE<\/strong><\/p>\n<p style=\"text-align: justify;\">Gda\u0144sk to zapieraj\u0105ce dech w piersiach, urocze i wyj\u0105tkowe miasto. Warto je odwiedzi\u0107 o ka\u017cdej porze roku ze wzgl\u0119du na architektur\u0119, zabytki, historyczne budynki, liczne atrakcje, a tak\u017ce przyjaznych i go\u015bcinnych mieszka\u0144c\u00f3w. Miasto zapewnia du\u017co r\u00f3\u017cnorodnych mo\u017cliwo\u015bci sp\u0119dzenia wolnego czasu oraz wysokiej jako\u015bci, charakterystyczn\u0105 dla regionu morsk\u0105 kuchni\u0119. W Gda\u0144sku znajduje si\u0119 wiele centr\u00f3w handlowych i rynk\u00f3w, gdzie tury\u015bci mog\u0105 zakupi\u0107 lokalne, charakterystyczne dla tego miasta produkty, s\u0142awne na ca\u0142ym \u015bwiecie (np. bursztyny).<\/p>\n<p style=\"text-align: justify;\">Gda\u0144sk b\u0119d\u0105cy stolic\u0105 wojew\u00f3dztwa pomorskiego to r\u00f3wnie\u017c raj dla mi\u0142o\u015bnik\u00f3w w\u0119dkarstwa. W okolicach miasta znajduje si\u0119 wiele zbiornik\u00f3w wodnych z r\u00f3\u017cnorodnymi gatunkami ryb, kt\u00f3rych nie mo\u017cna znale\u017a\u0107 w innych cz\u0119\u015bciach Polski (np. p\u0142o\u0107, amur bia\u0142y, karp, wzdr\u0119ga, leszcz, kara\u015b pospolity, kr\u0105p, ukleja, szczupak, sum, oko\u0144, sandacz itp.). W szczeg\u00f3lno\u015bci wody u uj\u015bcia Wis\u0142y s\u0105 pe\u0142ne pstr\u0105ga i \u0142ososia. Mo\u017cliwe s\u0105 r\u00f3\u017cne sposoby \u0142owienia: \u0142owienie z brzegu, \u0142owienie z \u0142odzi morskich, tra\u0142owanie, morski spinning, w\u0119dkowanie z pla\u017cy morskiej. Skorzysta\u0107 mo\u017cna tak\u017ce ze specjalnie organizowanych wypraw na wody g\u0142\u0119binowe, podczas kt\u00f3rych \u0142owi si\u0119 \u0142ososie, \u015bledzie i dorsze.<\/p>\n<p><code><div class=\"rl-gallery-container rl-loading\" id=\"rl-gallery-container-3\" data-gallery_id=\"2608\"> <div class=\"rl-gallery rl-basicgrid-gallery \" id=\"rl-gallery-3\" data-gallery_no=\"3\"> <div class=\"rl-gallery-item\"><a href=\"https:\/\/sbt.ug.edu.pl\/wp-content\/uploads\/2019\/07\/R8A19-p1-Danzig_Krantor_Gdansk_\u017buraw.jpg\" title=\"Krantor; \u00a9 commons.wikimedia.org, Christian Thiele\" data-rl_title=\"Krantor; \u00a9 commons.wikimedia.org, Christian Thiele\" class=\"rl-gallery-link\" data-rl_caption=\"\" data-rel=\"lightbox-gallery-3\"><img src=\"https:\/\/sbt.ug.edu.pl\/wp-content\/uploads\/2019\/07\/R8A19-p1-Danzig_Krantor_Gdansk_\u017buraw-768x514.jpg\" width=\"640\" height=\"428\" alt=\"\" \/><\/a><\/div><div class=\"rl-gallery-item\"><a href=\"https:\/\/sbt.ug.edu.pl\/wp-content\/uploads\/2019\/07\/R8A19-p2-IMG_1944.jpg\" title=\"harbour-1; \u00a9 Wilhelm Steingrube\" data-rl_title=\"harbour-1; \u00a9 Wilhelm Steingrube\" class=\"rl-gallery-link\" data-rl_caption=\"\" data-rel=\"lightbox-gallery-3\"><img src=\"https:\/\/sbt.ug.edu.pl\/wp-content\/uploads\/2019\/07\/R8A19-p2-IMG_1944-768x576.jpg\" width=\"640\" height=\"480\" alt=\"\" \/><\/a><\/div><div class=\"rl-gallery-item\"><a href=\"https:\/\/sbt.ug.edu.pl\/wp-content\/uploads\/2019\/07\/R8A19-p3-IMG_1950.jpg\" title=\"harbour-2; \u00a9 Wilhelm Steingrube\" data-rl_title=\"harbour-2; \u00a9 Wilhelm Steingrube\" class=\"rl-gallery-link\" data-rl_caption=\"\" data-rel=\"lightbox-gallery-3\"><img src=\"https:\/\/sbt.ug.edu.pl\/wp-content\/uploads\/2019\/07\/R8A19-p3-IMG_1950-768x576.jpg\" width=\"640\" height=\"480\" alt=\"\" \/><\/a><\/div><div class=\"rl-gallery-item\"><a href=\"https:\/\/sbt.ug.edu.pl\/wp-content\/uploads\/2019\/07\/R8A19-p4-IMG_2891.jpg\" title=\"Gate; \u00a9 Wilhelm Steingrube\" data-rl_title=\"Gate; \u00a9 Wilhelm Steingrube\" class=\"rl-gallery-link\" data-rl_caption=\"\" data-rel=\"lightbox-gallery-3\"><img src=\"https:\/\/sbt.ug.edu.pl\/wp-content\/uploads\/2019\/07\/R8A19-p4-IMG_2891-768x1024.jpg\" width=\"640\" height=\"853\" alt=\"\" \/><\/a><\/div><div class=\"rl-gallery-item\"><a href=\"https:\/\/sbt.ug.edu.pl\/wp-content\/uploads\/2019\/07\/R8A19-p5-IMG_3554.jpg\" title=\"Church interior; \u00a9 Wilhelm Steingrube\" data-rl_title=\"Church interior; \u00a9 Wilhelm Steingrube\" class=\"rl-gallery-link\" data-rl_caption=\"\" data-rel=\"lightbox-gallery-3\"><img src=\"https:\/\/sbt.ug.edu.pl\/wp-content\/uploads\/2019\/07\/R8A19-p5-IMG_3554-768x576.jpg\" width=\"640\" height=\"480\" alt=\"\" \/><\/a><\/div><div class=\"rl-gallery-item\"><a href=\"https:\/\/sbt.ug.edu.pl\/wp-content\/uploads\/2019\/07\/R8A19-p6-IMG_2895.jpg\" title=\"Clock; \u00a9 Wilhelm Steingrube\" data-rl_title=\"Clock; \u00a9 Wilhelm Steingrube\" class=\"rl-gallery-link\" data-rl_caption=\"\" data-rel=\"lightbox-gallery-3\"><img src=\"https:\/\/sbt.ug.edu.pl\/wp-content\/uploads\/2019\/07\/R8A19-p6-IMG_2895-768x1024.jpg\" width=\"640\" height=\"853\" alt=\"\" \/><\/a><\/div><div class=\"rl-gallery-item\"><a href=\"https:\/\/sbt.ug.edu.pl\/wp-content\/uploads\/2019\/07\/R8A19-p7-IMG_3557.jpg\" title=\"Oliwa cathedral; \u00a9 Wilhelm Steingrube\" data-rl_title=\"Oliwa cathedral; \u00a9 Wilhelm Steingrube\" class=\"rl-gallery-link\" data-rl_caption=\"\" data-rel=\"lightbox-gallery-3\"><img src=\"https:\/\/sbt.ug.edu.pl\/wp-content\/uploads\/2019\/07\/R8A19-p7-IMG_3557-768x1024.jpg\" width=\"640\" height=\"853\" alt=\"\" \/><\/a><\/div><div class=\"rl-gallery-item\"><a href=\"https:\/\/sbt.ug.edu.pl\/wp-content\/uploads\/2019\/07\/R8A19-p8-IMG_1943.jpg\" title=\"Entrance building; \u00a9 Wilhelm Steingrube\" data-rl_title=\"Entrance building; \u00a9 Wilhelm Steingrube\" class=\"rl-gallery-link\" data-rl_caption=\"\" data-rel=\"lightbox-gallery-3\"><img src=\"https:\/\/sbt.ug.edu.pl\/wp-content\/uploads\/2019\/07\/R8A19-p8-IMG_1943-768x576.jpg\" width=\"640\" height=\"480\" alt=\"\" \/><\/a><\/div><div class=\"rl-gallery-item\"><a href=\"https:\/\/sbt.ug.edu.pl\/wp-content\/uploads\/2019\/07\/R8A19-p9-Hewel-Denkmal-4-IMG_0301.jpg\" title=\"Hewel; \u00a9 Wilhelm Steingrube\" data-rl_title=\"Hewel; \u00a9 Wilhelm Steingrube\" class=\"rl-gallery-link\" data-rl_caption=\"\" data-rel=\"lightbox-gallery-3\"><img src=\"https:\/\/sbt.ug.edu.pl\/wp-content\/uploads\/2019\/07\/R8A19-p9-Hewel-Denkmal-4-IMG_0301-768x1024.jpg\" width=\"640\" height=\"853\" alt=\"\" \/><\/a><\/div> <\/div> <\/div><\/code><\/p>","protected":false},"excerpt":{"rendered":"<p>LOKALIZACJA Gda\u0144sk to najwi\u0119ksze polskie miasto na wybrze\u017cu Morza Ba\u0142tyckiego. Posiada ponad tysi\u0105cletni\u0105 histori\u0119 i morsk\u0105 tradycj\u0119, b\u0119d\u0105c jednocze\u015bnie stolic\u0105 wojew\u00f3dztwa pomorskiego oraz regionu kaszubskiego. Gda\u0144sk wraz z Gdyni\u0105 i Sopotem tworzy obszar metropolitalny zwany Tr\u00f3jmiastem, kt\u00f3ry znajduje si\u0119 na po\u0142udniowym brzegu Zatoki Gda\u0144skiej, tu\u017c przy uj\u015bciu Wis\u0142y. WIDOKOWY CHARAKTER Gda\u0144sk po\u0142o\u017cony jest w regionie [&hellip;]<\/p>\n","protected":false},"author":3,"featured_media":0,"parent":490,"menu_order":0,"comment_status":"closed","ping_status":"closed","template":"","meta":[],"categories":[34,15,31],"tags":[],"_links":{"self":[{"href":"https:\/\/sbt.ug.edu.pl\/pl\/wp-json\/wp\/v2\/pages\/601"}],"collection":[{"href":"https:\/\/sbt.ug.edu.pl\/pl\/wp-json\/wp\/v2\/pages"}],"about":[{"href":"https:\/\/sbt.ug.edu.pl\/pl\/wp-json\/wp\/v2\/types\/page"}],"author":[{"embeddable":true,"href":"https:\/\/sbt.ug.edu.pl\/pl\/wp-json\/wp\/v2\/users\/3"}],"replies":[{"embeddable":true,"href":"https:\/\/sbt.ug.edu.pl\/pl\/wp-json\/wp\/v2\/comments?post=601"}],"version-history":[{"count":5,"href":"https:\/\/sbt.ug.edu.pl\/pl\/wp-json\/wp\/v2\/pages\/601\/revisions"}],"predecessor-version":[{"id":5799,"href":"https:\/\/sbt.ug.edu.pl\/pl\/wp-json\/wp\/v2\/pages\/601\/revisions\/5799"}],"up":[{"embeddable":true,"href":"https:\/\/sbt.ug.edu.pl\/pl\/wp-json\/wp\/v2\/pages\/490"}],"wp:attachment":[{"href":"https:\/\/sbt.ug.edu.pl\/pl\/wp-json\/wp\/v2\/media?parent=601"}],"wp:term":[{"taxonomy":"category","embeddable":true,"href":"https:\/\/sbt.ug.edu.pl\/pl\/wp-json\/wp\/v2\/categories?post=601"},{"taxonomy":"post_tag","embeddable":true,"href":"https:\/\/sbt.ug.edu.pl\/pl\/wp-json\/wp\/v2\/tags?post=601"}],"curies":[{"name":"wp","href":"https:\/\/api.w.org\/{rel}","templated":true}]}}