{"id":611,"date":"2018-12-23T17:12:10","date_gmt":"2018-12-23T16:12:10","guid":{"rendered":"http:\/\/southbaltic-tourist.eu\/?page_id=611"},"modified":"2019-08-17T18:48:01","modified_gmt":"2019-08-17T16:48:01","slug":"4-hano-solvesborg","status":"publish","type":"page","link":"https:\/\/sbt.ug.edu.pl\/pl\/routes\/wildlife-nature-trails-folkuniversitetet-sweden\/4-hano-solvesborg\/","title":{"rendered":"4. Han\u00f6 &#8211; S\u00f6lvesborg"},"content":{"rendered":"<p><strong>LOCATION<\/strong><\/p>\n<p>Han\u00f6 is an island in Han\u00f6 Bay in Mj\u00e4llby parish in S\u00f6lvesborg municipality in Blekinge County, located four kilometres southeast of Listerlands tip.<strong><br \/>\n<\/strong>Han\u00f6 has an area of 2.14 km\u00b2 [2] and a maximum height of about 60 meters. 56\u00b0\u00a00\u2032\u00a037\u2033\u00a0N, 14\u00b0\u00a050\u2032\u00a045\u2033\u00a0E<\/p>\n<p>S\u00f6lvesborg is small town in Blekinge, its lay by the sea and have a lot of small boutiques and restaurants in the city. The big forest Ryssberget have the Blekinge trail and you can be biking and hiking a lot. Near the town there are beaches whit white sand and clear water, there is a lot of camping places, with cottages to rent. 56\u00b01\u203248\u2033N 14\u00b034\u203227\u2033E.<\/p>\n<p><strong>SCENIC CHARACTER <\/strong><\/p>\n<p>Enjoy wind in the hair and splash on your face &#8211; take a boat trip to Han\u00f6 Walk on the excellent hiking trails around Han\u00f6. On the north there is a handicap friendly road that takes you to B\u00f6ns\u00e4cken and the English cemetery where you can also experience Han\u00f6s characteristic nature and If you are lucky, you&#8217;ll see the deaf dear close. On the south side you walk through the forest or choose to jump on the rocks along the coast.<\/p>\n<p><strong>ATTRACTIONS <\/strong><\/p>\n<p>In the north, grass grows on the moraine field, in the south, impervious bush forests take over. On the eastern side there are imaginative beach parties with giant blocks, caves and deep passages. B\u00f6ns\u00e4cken is a strange rock reef on the island&#8217;s north side, consisting of millions of oval stones. It does not lie still without stirring as the waves move around it! Down in the harbour at Han\u00f6 there is a summer restaurant, museum, shop and handicap toilet. Go on a picnic, discovery or take a break with wonderful views of the sea. <\/p>","protected":false},"excerpt":{"rendered":"<p>LOCATION Han\u00f6 is an island in Han\u00f6 Bay in Mj\u00e4llby parish in S\u00f6lvesborg municipality in Blekinge County, located four kilometres southeast of Listerlands tip. Han\u00f6 has an area of 2.14 km\u00b2 [2] and a maximum height of about 60 meters. 56\u00b0\u00a00\u2032\u00a037\u2033\u00a0N, 14\u00b0\u00a050\u2032\u00a045\u2033\u00a0E S\u00f6lvesborg is small town in Blekinge, its lay by the sea and have [&hellip;]<\/p>\n","protected":false},"author":3,"featured_media":0,"parent":488,"menu_order":0,"comment_status":"closed","ping_status":"closed","template":"","meta":[],"categories":[34,15,30],"tags":[],"_links":{"self":[{"href":"https:\/\/sbt.ug.edu.pl\/pl\/wp-json\/wp\/v2\/pages\/611"}],"collection":[{"href":"https:\/\/sbt.ug.edu.pl\/pl\/wp-json\/wp\/v2\/pages"}],"about":[{"href":"https:\/\/sbt.ug.edu.pl\/pl\/wp-json\/wp\/v2\/types\/page"}],"author":[{"embeddable":true,"href":"https:\/\/sbt.ug.edu.pl\/pl\/wp-json\/wp\/v2\/users\/3"}],"replies":[{"embeddable":true,"href":"https:\/\/sbt.ug.edu.pl\/pl\/wp-json\/wp\/v2\/comments?post=611"}],"version-history":[{"count":6,"href":"https:\/\/sbt.ug.edu.pl\/pl\/wp-json\/wp\/v2\/pages\/611\/revisions"}],"predecessor-version":[{"id":4530,"href":"https:\/\/sbt.ug.edu.pl\/pl\/wp-json\/wp\/v2\/pages\/611\/revisions\/4530"}],"up":[{"embeddable":true,"href":"https:\/\/sbt.ug.edu.pl\/pl\/wp-json\/wp\/v2\/pages\/488"}],"wp:attachment":[{"href":"https:\/\/sbt.ug.edu.pl\/pl\/wp-json\/wp\/v2\/media?parent=611"}],"wp:term":[{"taxonomy":"category","embeddable":true,"href":"https:\/\/sbt.ug.edu.pl\/pl\/wp-json\/wp\/v2\/categories?post=611"},{"taxonomy":"post_tag","embeddable":true,"href":"https:\/\/sbt.ug.edu.pl\/pl\/wp-json\/wp\/v2\/tags?post=611"}],"curies":[{"name":"wp","href":"https:\/\/api.w.org\/{rel}","templated":true}]}}