{"id":987,"date":"2019-05-20T12:23:52","date_gmt":"2019-05-20T10:23:52","guid":{"rendered":"https:\/\/southbaltic-tourist.eu\/?page_id=987"},"modified":"2021-06-23T16:06:07","modified_gmt":"2021-06-23T15:06:07","slug":"leba-dunes-national-park-nature-sightseeing","status":"publish","type":"page","link":"https:\/\/sbt.ug.edu.pl\/pl\/routes\/windsurfing-exploration\/leba-dunes-national-park-nature-sightseeing\/","title":{"rendered":"23. ZWIEDZANIE WYDM W S\u0141OWI\u0143SKIM PARKU NARODOWYM W \u0141EBIE"},"content":{"rendered":"<p><\/p>\n<p style=\"text-align: justify;\"><strong>LOKALIZACJA<\/strong><\/p>\n<p style=\"text-align: justify;\">Miasto \u0141eba po\u0142o\u017cone jest 110 km na p\u00f3\u0142nocny zach\u00f3d od Gda\u0144ska na polskim Pomorzu. Niezwyk\u0142e wydmy, wchodz\u0105ce w sk\u0142ad S\u0142owi\u0144skiego Parku Narodowego po\u0142o\u017cone s\u0105 na zach\u00f3d od \u0141eby. Serce parku znajduje si\u0119 w Smo\u0142dzinie, ma\u0142ej wiosce le\u017c\u0105cej na po\u0142udniowy zach\u00f3d od miasta. Z kolei g\u0142\u00f3wne wej\u015bcie do parku zlokalizowane jest w R\u0105bce, stanowi\u0105cej cz\u0119\u015b\u0107 \u0141eby. Do miasta mo\u017cna \u0142atwo dojecha\u0107 \u015brodkami transportu publicznego (zar\u00f3wno kolej\u0105, jak i autobusami) oraz autem. Poci\u0105gi regionalne i dalekobie\u017cne kursuj\u0105 do \u0141eby z Gda\u0144ska przez L\u0119bork. Do Tr\u00f3jmiasta mo\u017cna dotrze\u0107 promem ze Szwecji (Karlskrona-Gdynia i Nyneshamn &#8211; Gda\u0144sk). W Gda\u0144sku znajduje si\u0119 tak\u017ce mi\u0119dzynarodowe lotnisko. Po\u0142o\u017cenie geograficzne \u0141eby: 54\u00b045\u2032N 17\u00b033\u2032E.<\/p>\n<p><img decoding=\"async\" loading=\"lazy\" class=\"alignnone wp-image-2002 size-full\" src=\"https:\/\/southbaltic-tourist.eu\/wp-content\/uploads\/2019\/07\/1.-\u011a\u2022cka-Dune-climbing-R2.A23..jpg\" alt=\"\" width=\"1600\" height=\"1067\" srcset=\"https:\/\/sbt.ug.edu.pl\/wp-content\/uploads\/2019\/07\/1.-\u011a\u2022cka-Dune-climbing-R2.A23..jpg 1600w, https:\/\/sbt.ug.edu.pl\/wp-content\/uploads\/2019\/07\/1.-\u011a\u2022cka-Dune-climbing-R2.A23.-300x200.jpg 300w, https:\/\/sbt.ug.edu.pl\/wp-content\/uploads\/2019\/07\/1.-\u011a\u2022cka-Dune-climbing-R2.A23.-768x512.jpg 768w, https:\/\/sbt.ug.edu.pl\/wp-content\/uploads\/2019\/07\/1.-\u011a\u2022cka-Dune-climbing-R2.A23.-1024x683.jpg 1024w, https:\/\/sbt.ug.edu.pl\/wp-content\/uploads\/2019\/07\/1.-\u011a\u2022cka-Dune-climbing-R2.A23.-150x100.jpg 150w\" sizes=\"(max-width: 1600px) 100vw, 1600px\" \/><\/p>\n<p><img decoding=\"async\" loading=\"lazy\" class=\"wp-image-1418 alignleft\" src=\"https:\/\/southbaltic-tourist.eu\/wp-content\/uploads\/2019\/07\/foto-2.jpg\" alt=\"\" width=\"806\" height=\"441\" srcset=\"https:\/\/sbt.ug.edu.pl\/wp-content\/uploads\/2019\/07\/foto-2.jpg 1100w, https:\/\/sbt.ug.edu.pl\/wp-content\/uploads\/2019\/07\/foto-2-300x164.jpg 300w, https:\/\/sbt.ug.edu.pl\/wp-content\/uploads\/2019\/07\/foto-2-768x420.jpg 768w, https:\/\/sbt.ug.edu.pl\/wp-content\/uploads\/2019\/07\/foto-2-1024x560.jpg 1024w, https:\/\/sbt.ug.edu.pl\/wp-content\/uploads\/2019\/07\/foto-2-150x82.jpg 150w\" sizes=\"(max-width: 806px) 100vw, 806px\" \/><\/p>\n<p>&nbsp;<\/p>\n<p>&nbsp;<\/p>\n<p>&nbsp;<\/p>\n<p>&nbsp;<\/p>\n<p>&nbsp;<\/p>\n<p>&nbsp;<\/p>\n<p>&nbsp;<\/p>\n<p>&nbsp;<\/p>\n<p>&nbsp;<\/p>\n<p>&nbsp;<\/p>\n<p>&nbsp;<\/p>\n<p>&nbsp;<\/p>\n<p style=\"text-align: justify;\"><strong>ZWIEDZANIE WYDM W S\u0141OWI\u0143SKIM PARKU NARODOWYM W \u0141EBIE<\/strong><\/p>\n<p style=\"text-align: justify;\">Jedn\u0105 z najwi\u0119kszych atrakcji Parku S\u0142owi\u0144skiego jest spacer przez wydmy bezpo\u015brednio po piasku, w otoczeniu przypominaj\u0105cym pustyni\u0119 \u2013 w parku nie ma drewnianego chodnika. Nieodzownym punktem zwiedzania jest tak\u017ce wspinaczka na 42-metrow\u0105 wydm\u0119 \u201e\u0141\u0105cka G\u00f3ra\u201d. Ponadto przez tereny wydm biegnie 6 szlak\u00f3w turystycznych. Warto wybra\u0107 r\u00f3wnie\u017c tras\u0119 rowerow\u0105 przez park lub trasy kajakowe. Kolejn\u0105 atrakcj\u0105 parku zar\u00f3wno dla amator\u00f3w, jak i zawodowych w\u0119dkarzy s\u0105 cztery obszary po\u0142owowe (zar\u00f3wno z brzegu jak i z \u0142odzi). W przypadku \u017ceglowania jest ono dozwolone jedynie na w\u0105skich, specjalnie wyznaczonych obszarach poszczeg\u00f3lnych jezior. Na terenie Parku znajduje si\u0119 sze\u015b\u0107 wie\u017c widokowych i sze\u015b\u0107 pomost\u00f3w. W parku zlokalizowane s\u0105 tak\u017ce dwa muzea, jedno po\u015bwi\u0119cone historii naturalnej, a drugie opisuj\u0105ce etnografi\u0119 regionu. Mo\u017cliwe jest skorzystanie w przyst\u0119pnej cenie z us\u0142ug edukacyjnych pracownik\u00f3w parku, kt\u00f3re \u015bwiadcz\u0105 oni dla os\u00f3b indywidualnych i grup zorganizowanych. Niestety strona internetowa Parku jest dost\u0119pna jedynie w j\u0119zyku polskim.<\/p>\n<p style=\"text-align: justify;\"><strong>ATRAKCJE<\/strong><\/p>\n<p style=\"text-align: justify;\">S\u0142owi\u0144ski Park Narodowy jest obfity w r\u00f3\u017cnorodne atrakcje, kt\u00f3re zaciekawi\u0105 i zachwyc\u0105 niemal ka\u017cdego turyst\u0119. Na po\u0142udnie od \u0141eby w Smo\u0142dzinie i okolicznych wsiach odwiedzi\u0107 mo\u017cna regionalne atrakcje zwi\u0105zane z miejscow\u0105 grup\u0105 etniczn\u0105 &#8211; S\u0142owi\u0144cami. W Muzeum Wsi S\u0142owi\u0144skiej w Klukach mo\u017cliwe jest zwiedzanie historycznych budynk\u00f3w, a tak\u017ce zobaczenie typowych zabytk\u00f3w zwi\u0105zanych z rolnictwem i rybo\u0142\u00f3wstwem. Ponadto na terenie Parku, w miejscu zwanym R\u0105bka, znajduje si\u0119 muzeum wojskowe po\u015bwi\u0119cone wystrzeleniu rakiet V1 i V2 podczas II wojny \u015bwiatowej. Z kolei pobliskie miasto L\u0119bork znane jest z zabytkowych ko\u015bcio\u0142\u00f3w i starego miasta.<\/p>\n<p><span lang=\"en-US\"><div class=\"rl-gallery-container rl-loading\" id=\"rl-gallery-container-3\" data-gallery_id=\"2001\"> <div class=\"rl-gallery rl-basicgrid-gallery \" id=\"rl-gallery-3\" data-gallery_no=\"3\"> <div class=\"rl-gallery-item\"><a href=\"https:\/\/sbt.ug.edu.pl\/wp-content\/uploads\/2019\/07\/1.-\u011a\u2022cka-Dune-climbing-R2.A23..jpg\" title=\"1. \u0141\u0105cka Dune climbing, R2.A23.\" data-rl_title=\"1. \u0141\u0105cka Dune climbing, R2.A23.\" class=\"rl-gallery-link\" data-rl_caption=\"\" data-rel=\"lightbox-gallery-3\"><img src=\"https:\/\/sbt.ug.edu.pl\/wp-content\/uploads\/2019\/07\/1.-\u011a\u2022cka-Dune-climbing-R2.A23.-768x512.jpg\" width=\"640\" height=\"427\" alt=\"\" \/><\/a><\/div><div class=\"rl-gallery-item\"><a href=\"https:\/\/sbt.ug.edu.pl\/wp-content\/uploads\/2019\/07\/2.-\u011a\u2022cka-Dune-climbing-R2.A23..jpg\" title=\"2. \u0141\u0105cka Dune climbing, R2.A23.\" data-rl_title=\"2. \u0141\u0105cka Dune climbing, R2.A23.\" class=\"rl-gallery-link\" data-rl_caption=\"\" data-rel=\"lightbox-gallery-3\"><img src=\"https:\/\/sbt.ug.edu.pl\/wp-content\/uploads\/2019\/07\/2.-\u011a\u2022cka-Dune-climbing-R2.A23.-768x512.jpg\" width=\"640\" height=\"427\" alt=\"\" \/><\/a><\/div><div class=\"rl-gallery-item\"><a href=\"https:\/\/sbt.ug.edu.pl\/wp-content\/uploads\/2019\/07\/3.-\u011a\u2022cka-Dune-climbing-R2.A23..jpg\" title=\"3. \u0141\u0105cka Dune climbing, R2.A23.\" data-rl_title=\"3. \u0141\u0105cka Dune climbing, R2.A23.\" class=\"rl-gallery-link\" data-rl_caption=\"\" data-rel=\"lightbox-gallery-3\"><img src=\"https:\/\/sbt.ug.edu.pl\/wp-content\/uploads\/2019\/07\/3.-\u011a\u2022cka-Dune-climbing-R2.A23.-768x512.jpg\" width=\"640\" height=\"427\" alt=\"\" \/><\/a><\/div><div class=\"rl-gallery-item\"><a href=\"https:\/\/sbt.ug.edu.pl\/wp-content\/uploads\/2019\/07\/4.-Dunes-landscape-R2.A23..jpg\" title=\"4. Dunes landscape, R2.A23.\" data-rl_title=\"4. Dunes landscape, R2.A23.\" class=\"rl-gallery-link\" data-rl_caption=\"\" data-rel=\"lightbox-gallery-3\"><img src=\"https:\/\/sbt.ug.edu.pl\/wp-content\/uploads\/2019\/07\/4.-Dunes-landscape-R2.A23.-768x512.jpg\" width=\"640\" height=\"427\" alt=\"\" \/><\/a><\/div><div class=\"rl-gallery-item\"><a href=\"https:\/\/sbt.ug.edu.pl\/wp-content\/uploads\/2019\/07\/5.-Dunes-landscape-R2.A23..jpg\" title=\"5. Dunes landscape, R2.A23.\" data-rl_title=\"5. Dunes landscape, R2.A23.\" class=\"rl-gallery-link\" data-rl_caption=\"\" data-rel=\"lightbox-gallery-3\"><img src=\"https:\/\/sbt.ug.edu.pl\/wp-content\/uploads\/2019\/07\/5.-Dunes-landscape-R2.A23.-768x512.jpg\" width=\"640\" height=\"427\" alt=\"\" \/><\/a><\/div><div class=\"rl-gallery-item\"><a href=\"https:\/\/sbt.ug.edu.pl\/wp-content\/uploads\/2019\/07\/6.-Dunes-landscape-R2.A23..jpg\" title=\"6. Dunes landscape, R2.A23.\" data-rl_title=\"6. Dunes landscape, R2.A23.\" class=\"rl-gallery-link\" data-rl_caption=\"\" data-rel=\"lightbox-gallery-3\"><img src=\"https:\/\/sbt.ug.edu.pl\/wp-content\/uploads\/2019\/07\/6.-Dunes-landscape-R2.A23.-768x512.jpg\" width=\"640\" height=\"427\" alt=\"\" \/><\/a><\/div><div class=\"rl-gallery-item\"><a href=\"https:\/\/sbt.ug.edu.pl\/wp-content\/uploads\/2019\/07\/7.-Dunes-landscape-R2.A23..jpg\" title=\"7. Dunes landscape, R2.A23.\" data-rl_title=\"7. Dunes landscape, R2.A23.\" class=\"rl-gallery-link\" data-rl_caption=\"\" data-rel=\"lightbox-gallery-3\"><img src=\"https:\/\/sbt.ug.edu.pl\/wp-content\/uploads\/2019\/07\/7.-Dunes-landscape-R2.A23.-768x512.jpg\" width=\"640\" height=\"427\" alt=\"\" \/><\/a><\/div><div class=\"rl-gallery-item\"><a href=\"https:\/\/sbt.ug.edu.pl\/wp-content\/uploads\/2019\/07\/8.-Dunes-landscpe-R2.A23..jpg\" title=\"8. Dunes landscpe, R2.A23.\" data-rl_title=\"8. Dunes landscpe, R2.A23.\" class=\"rl-gallery-link\" data-rl_caption=\"\" data-rel=\"lightbox-gallery-3\"><img src=\"https:\/\/sbt.ug.edu.pl\/wp-content\/uploads\/2019\/07\/8.-Dunes-landscpe-R2.A23.-768x512.jpg\" width=\"640\" height=\"427\" alt=\"\" \/><\/a><\/div><div class=\"rl-gallery-item\"><a href=\"https:\/\/sbt.ug.edu.pl\/wp-content\/uploads\/2019\/07\/9.-Dunes-landscape-R2.A23..jpg\" title=\"9. Dunes landscape, R2.A23.\" data-rl_title=\"9. Dunes landscape, R2.A23.\" class=\"rl-gallery-link\" data-rl_caption=\"\" data-rel=\"lightbox-gallery-3\"><img src=\"https:\/\/sbt.ug.edu.pl\/wp-content\/uploads\/2019\/07\/9.-Dunes-landscape-R2.A23.-768x512.jpg\" width=\"640\" height=\"427\" alt=\"\" \/><\/a><\/div><div class=\"rl-gallery-item\"><a href=\"https:\/\/sbt.ug.edu.pl\/wp-content\/uploads\/2019\/07\/10.-Dunes-landscape-R2.A23..jpg\" title=\"10. Dunes landscape, R2.A23.\" data-rl_title=\"10. Dunes landscape, R2.A23.\" class=\"rl-gallery-link\" data-rl_caption=\"\" data-rel=\"lightbox-gallery-3\"><img src=\"https:\/\/sbt.ug.edu.pl\/wp-content\/uploads\/2019\/07\/10.-Dunes-landscape-R2.A23.-768x512.jpg\" width=\"640\" height=\"427\" alt=\"\" \/><\/a><\/div><div class=\"rl-gallery-item\"><a href=\"https:\/\/sbt.ug.edu.pl\/wp-content\/uploads\/2019\/07\/11.-Dunes-landscape-R2.A23..jpg\" title=\"11. Dunes landscape, R2.A23.\" data-rl_title=\"11. Dunes landscape, R2.A23.\" class=\"rl-gallery-link\" data-rl_caption=\"\" data-rel=\"lightbox-gallery-3\"><img src=\"https:\/\/sbt.ug.edu.pl\/wp-content\/uploads\/2019\/07\/11.-Dunes-landscape-R2.A23.-768x512.jpg\" width=\"640\" height=\"427\" alt=\"\" \/><\/a><\/div><div class=\"rl-gallery-item\"><a href=\"https:\/\/sbt.ug.edu.pl\/wp-content\/uploads\/2019\/07\/12.-Dunes-landscape-R2.A23..jpg\" title=\"12. Dunes landscape, R2.A23.\" data-rl_title=\"12. Dunes landscape, R2.A23.\" class=\"rl-gallery-link\" data-rl_caption=\"\" data-rel=\"lightbox-gallery-3\"><img src=\"https:\/\/sbt.ug.edu.pl\/wp-content\/uploads\/2019\/07\/12.-Dunes-landscape-R2.A23.-768x512.jpg\" width=\"640\" height=\"427\" alt=\"\" \/><\/a><\/div><div class=\"rl-gallery-item\"><a href=\"https:\/\/sbt.ug.edu.pl\/wp-content\/uploads\/2019\/07\/13.-Dunes-landscape-R2.A23..jpg\" title=\"13. Dunes landscape, R2.A23.\" data-rl_title=\"13. Dunes landscape, R2.A23.\" class=\"rl-gallery-link\" data-rl_caption=\"\" data-rel=\"lightbox-gallery-3\"><img src=\"https:\/\/sbt.ug.edu.pl\/wp-content\/uploads\/2019\/07\/13.-Dunes-landscape-R2.A23.-768x512.jpg\" width=\"640\" height=\"427\" alt=\"\" \/><\/a><\/div><div class=\"rl-gallery-item\"><a href=\"https:\/\/sbt.ug.edu.pl\/wp-content\/uploads\/2019\/07\/14.-Park-ranger-on-the-sandy-scooter-R2.A23..jpg\" title=\"14. Park ranger on the sandy scooter, R2.A23.\" data-rl_title=\"14. Park ranger on the sandy scooter, R2.A23.\" class=\"rl-gallery-link\" data-rl_caption=\"\" data-rel=\"lightbox-gallery-3\"><img src=\"https:\/\/sbt.ug.edu.pl\/wp-content\/uploads\/2019\/07\/14.-Park-ranger-on-the-sandy-scooter-R2.A23.-768x512.jpg\" width=\"640\" height=\"427\" alt=\"\" \/><\/a><\/div><div class=\"rl-gallery-item\"><a href=\"https:\/\/sbt.ug.edu.pl\/wp-content\/uploads\/2019\/07\/15.-Dunes-landscape-R2.A23..jpg\" title=\"15. Dunes landscape, R2.A23.\" data-rl_title=\"15. Dunes landscape, R2.A23.\" class=\"rl-gallery-link\" data-rl_caption=\"\" data-rel=\"lightbox-gallery-3\"><img src=\"https:\/\/sbt.ug.edu.pl\/wp-content\/uploads\/2019\/07\/15.-Dunes-landscape-R2.A23.-768x512.jpg\" width=\"640\" height=\"427\" alt=\"\" \/><\/a><\/div><div class=\"rl-gallery-item\"><a href=\"https:\/\/sbt.ug.edu.pl\/wp-content\/uploads\/2019\/07\/16.-NP-landscape-R2.A23..jpg\" title=\"16. Dunes landscape, R2.A23.\" data-rl_title=\"16. Dunes landscape, R2.A23.\" class=\"rl-gallery-link\" data-rl_caption=\"\" data-rel=\"lightbox-gallery-3\"><img src=\"https:\/\/sbt.ug.edu.pl\/wp-content\/uploads\/2019\/07\/16.-NP-landscape-R2.A23.-768x512.jpg\" width=\"640\" height=\"427\" alt=\"\" \/><\/a><\/div><div class=\"rl-gallery-item\"><a href=\"https:\/\/sbt.ug.edu.pl\/wp-content\/uploads\/2019\/07\/17.-NP-landscape-R2.A23..jpg\" title=\"17. Dunes landscape, R2.A23.\" data-rl_title=\"17. Dunes landscape, R2.A23.\" class=\"rl-gallery-link\" data-rl_caption=\"\" data-rel=\"lightbox-gallery-3\"><img src=\"https:\/\/sbt.ug.edu.pl\/wp-content\/uploads\/2019\/07\/17.-NP-landscape-R2.A23.-768x512.jpg\" width=\"640\" height=\"427\" alt=\"\" \/><\/a><\/div><div class=\"rl-gallery-item\"><a href=\"https:\/\/sbt.ug.edu.pl\/wp-content\/uploads\/2019\/07\/18.-NP-landscape-R2.A23..jpg\" title=\"18. Dunes landscape, R2.A23.\" data-rl_title=\"18. Dunes landscape, R2.A23.\" class=\"rl-gallery-link\" data-rl_caption=\"\" data-rel=\"lightbox-gallery-3\"><img src=\"https:\/\/sbt.ug.edu.pl\/wp-content\/uploads\/2019\/07\/18.-NP-landscape-R2.A23.-768x512.jpg\" width=\"640\" height=\"427\" alt=\"\" \/><\/a><\/div><div class=\"rl-gallery-item\"><a href=\"https:\/\/sbt.ug.edu.pl\/wp-content\/uploads\/2019\/07\/19.-National-Park-Board-map-R2.A23..jpg\" title=\"19. National Park Board map, R2.A23.\" data-rl_title=\"19. National Park Board map, R2.A23.\" class=\"rl-gallery-link\" data-rl_caption=\"\" data-rel=\"lightbox-gallery-3\"><img src=\"https:\/\/sbt.ug.edu.pl\/wp-content\/uploads\/2019\/07\/19.-National-Park-Board-map-R2.A23.-768x512.jpg\" width=\"640\" height=\"427\" alt=\"\" \/><\/a><\/div><div class=\"rl-gallery-item\"><a href=\"https:\/\/sbt.ug.edu.pl\/wp-content\/uploads\/2019\/07\/20.-NP-beach-access-R2.A23..jpg\" title=\"20. NP beach access, R2.A23.\" data-rl_title=\"20. NP beach access, R2.A23.\" class=\"rl-gallery-link\" data-rl_caption=\"\" data-rel=\"lightbox-gallery-3\"><img src=\"https:\/\/sbt.ug.edu.pl\/wp-content\/uploads\/2019\/07\/20.-NP-beach-access-R2.A23.-768x512.jpg\" width=\"640\" height=\"427\" alt=\"\" \/><\/a><\/div><div class=\"rl-gallery-item\"><a href=\"https:\/\/sbt.ug.edu.pl\/wp-content\/uploads\/2019\/07\/21.-NP-beach-access-R2.A23..jpg\" title=\"21. NP beach access, R2.A23.\" data-rl_title=\"21. NP beach access, R2.A23.\" class=\"rl-gallery-link\" data-rl_caption=\"\" data-rel=\"lightbox-gallery-3\"><img src=\"https:\/\/sbt.ug.edu.pl\/wp-content\/uploads\/2019\/07\/21.-NP-beach-access-R2.A23.-768x512.jpg\" width=\"640\" height=\"427\" alt=\"\" \/><\/a><\/div><div class=\"rl-gallery-item\"><a href=\"https:\/\/sbt.ug.edu.pl\/wp-content\/uploads\/2019\/07\/22.-Surfing-in-NP-sea-waters-R2.A23..jpg\" title=\"22. Surfing in NP sea waters, R2.A23.\" data-rl_title=\"22. Surfing in NP sea waters, R2.A23.\" class=\"rl-gallery-link\" data-rl_caption=\"\" data-rel=\"lightbox-gallery-3\"><img src=\"https:\/\/sbt.ug.edu.pl\/wp-content\/uploads\/2019\/07\/22.-Surfing-in-NP-sea-waters-R2.A23.-768x512.jpg\" width=\"640\" height=\"427\" alt=\"\" \/><\/a><\/div> <\/div> <\/div><\/span><\/p>","protected":false},"excerpt":{"rendered":"<p>LOKALIZACJA Miasto \u0141eba po\u0142o\u017cone jest 110 km na p\u00f3\u0142nocny zach\u00f3d od Gda\u0144ska na polskim Pomorzu. Niezwyk\u0142e wydmy, wchodz\u0105ce w sk\u0142ad S\u0142owi\u0144skiego Parku Narodowego po\u0142o\u017cone s\u0105 na zach\u00f3d od \u0141eby. Serce parku znajduje si\u0119 w Smo\u0142dzinie, ma\u0142ej wiosce le\u017c\u0105cej na po\u0142udniowy zach\u00f3d od miasta. Z kolei g\u0142\u00f3wne wej\u015bcie do parku zlokalizowane jest w R\u0105bce, stanowi\u0105cej cz\u0119\u015b\u0107 [&hellip;]<\/p>\n","protected":false},"author":4,"featured_media":0,"parent":174,"menu_order":0,"comment_status":"closed","ping_status":"closed","template":"","meta":[],"categories":[34,15,9],"tags":[],"_links":{"self":[{"href":"https:\/\/sbt.ug.edu.pl\/pl\/wp-json\/wp\/v2\/pages\/987"}],"collection":[{"href":"https:\/\/sbt.ug.edu.pl\/pl\/wp-json\/wp\/v2\/pages"}],"about":[{"href":"https:\/\/sbt.ug.edu.pl\/pl\/wp-json\/wp\/v2\/types\/page"}],"author":[{"embeddable":true,"href":"https:\/\/sbt.ug.edu.pl\/pl\/wp-json\/wp\/v2\/users\/4"}],"replies":[{"embeddable":true,"href":"https:\/\/sbt.ug.edu.pl\/pl\/wp-json\/wp\/v2\/comments?post=987"}],"version-history":[{"count":12,"href":"https:\/\/sbt.ug.edu.pl\/pl\/wp-json\/wp\/v2\/pages\/987\/revisions"}],"predecessor-version":[{"id":5853,"href":"https:\/\/sbt.ug.edu.pl\/pl\/wp-json\/wp\/v2\/pages\/987\/revisions\/5853"}],"up":[{"embeddable":true,"href":"https:\/\/sbt.ug.edu.pl\/pl\/wp-json\/wp\/v2\/pages\/174"}],"wp:attachment":[{"href":"https:\/\/sbt.ug.edu.pl\/pl\/wp-json\/wp\/v2\/media?parent=987"}],"wp:term":[{"taxonomy":"category","embeddable":true,"href":"https:\/\/sbt.ug.edu.pl\/pl\/wp-json\/wp\/v2\/categories?post=987"},{"taxonomy":"post_tag","embeddable":true,"href":"https:\/\/sbt.ug.edu.pl\/pl\/wp-json\/wp\/v2\/tags?post=987"}],"curies":[{"name":"wp","href":"https:\/\/api.w.org\/{rel}","templated":true}]}}