{"id":989,"date":"2019-05-20T12:27:10","date_gmt":"2019-05-20T10:27:10","guid":{"rendered":"https:\/\/southbaltic-tourist.eu\/?page_id=989"},"modified":"2021-06-23T16:03:39","modified_gmt":"2021-06-23T15:03:39","slug":"24-dabki-dzwirzyno-and-miedzyzdroje-surfing-and-water-hotspots","status":"publish","type":"page","link":"https:\/\/sbt.ug.edu.pl\/pl\/routes\/windsurfing-exploration\/24-dabki-dzwirzyno-and-miedzyzdroje-surfing-and-water-hotspots\/","title":{"rendered":"24. ZWIEDZANIE WYDM W S\u0141OWI\u0143SKIM PARKU NARODOWYM W \u0141EBIE"},"content":{"rendered":"<p><\/p>\n<p style=\"text-align: justify;\"><strong>LOKALIZACJA<\/strong><\/p>\n<p style=\"text-align: justify;\">Wszystkie trzy wymienione powy\u017cej miejscowo\u015bci znajduj\u0105 si\u0119 na polskim zachodnim wybrze\u017cu Morza Ba\u0142tyckiego, oko\u0142o 200 km od Gda\u0144ska i 100 km od Szczecina. Miejsce windsurfingowe w D\u0105bkach znajduje si\u0119 na wybrze\u017cu jeziora Bukowo &#8211; starej zatoki oddzielonej w\u0105skim pasem terenu od Morza Ba\u0142tyckiego. D\u0105bki to niewielka wie\u015b po\u0142o\u017cona niedaleko Dar\u0142owa (oko\u0142o 10 km), do kt\u00f3rej mo\u017cna dotrze\u0107 jedynie autem. Z kolei spot surfingowy w D\u017awirzynie znajduje si\u0119 na zach\u00f3d od Ko\u0142obrzegu. Natomiast spot w Mi\u0119dzyzdrojach zlokalizowany jest na wyspie Wolin, niedaleko \u015awinouj\u015bcia, gdzie znajduje si\u0119 polsko-szwedzkie po\u0142\u0105czenie promowe (\u015awinouj\u015bcie-Ystad). Z Niemiec do wskazanych miejsc mo\u017cna dotrze\u0107 po\u0142\u0105czeniami drogowymi i kolejowymi.<\/p>\n<p style=\"text-align: justify;\">Po\u0142o\u017cenie geograficzne wsi D\u0105bki: 54\u00b023\u2032N 16\u00b019\u2032E.<\/p>\n<p style=\"text-align: justify;\">Spot w D\u017awirzynie: 54\u00b008&#8217;N 15\u00b023&#8217;E.<\/p>\n<p style=\"text-align: justify;\">Mi\u0119dzyzdroje: 53\u00b056&#8217;N 14\u00b027&#8217;E.<\/p>\n<p style=\"text-align: justify;\"><img decoding=\"async\" loading=\"lazy\" class=\"alignleft wp-image-2048\" src=\"https:\/\/southbaltic-tourist.eu\/wp-content\/uploads\/2019\/07\/1.-D\u2022bki-suerfing-spot-Bukowo-Lake-R2.A24.-1.jpg\" alt=\"\" width=\"600\" height=\"400\" srcset=\"https:\/\/sbt.ug.edu.pl\/wp-content\/uploads\/2019\/07\/1.-D\u2022bki-suerfing-spot-Bukowo-Lake-R2.A24.-1.jpg 1600w, https:\/\/sbt.ug.edu.pl\/wp-content\/uploads\/2019\/07\/1.-D\u2022bki-suerfing-spot-Bukowo-Lake-R2.A24.-1-300x200.jpg 300w, https:\/\/sbt.ug.edu.pl\/wp-content\/uploads\/2019\/07\/1.-D\u2022bki-suerfing-spot-Bukowo-Lake-R2.A24.-1-768x512.jpg 768w, https:\/\/sbt.ug.edu.pl\/wp-content\/uploads\/2019\/07\/1.-D\u2022bki-suerfing-spot-Bukowo-Lake-R2.A24.-1-1024x683.jpg 1024w, https:\/\/sbt.ug.edu.pl\/wp-content\/uploads\/2019\/07\/1.-D\u2022bki-suerfing-spot-Bukowo-Lake-R2.A24.-1-150x100.jpg 150w\" sizes=\"(max-width: 600px) 100vw, 600px\" \/><\/p>\n<p style=\"text-align: justify;\">\n<p style=\"text-align: justify;\">\n<p style=\"text-align: justify;\">\n<p style=\"text-align: justify;\">\n<p style=\"text-align: justify;\">\n<p style=\"text-align: justify;\">\n<p style=\"text-align: justify;\">\n<p style=\"text-align: justify;\">\n<p style=\"text-align: justify;\">\n<p style=\"text-align: justify;\">\n<p style=\"text-align: justify;\">\n<p style=\"text-align: justify;\"><a href=\"https:\/\/southbaltic-tourist.eu\/wp-content\/uploads\/2020\/01\/r1a24_Dabki_Surfng_square.png\" data-rel=\"lightbox-gallery-dU23b3i1\" data-rl_title=\"\" data-rl_caption=\"\" title=\"\"><img decoding=\"async\" loading=\"lazy\" class=\"alignnone wp-image-5184\" src=\"https:\/\/southbaltic-tourist.eu\/wp-content\/uploads\/2020\/01\/r1a24_Dabki_Surfng_square-300x256.png\" alt=\"\" width=\"469\" height=\"400\" srcset=\"https:\/\/sbt.ug.edu.pl\/wp-content\/uploads\/2020\/01\/r1a24_Dabki_Surfng_square-300x256.png 300w, https:\/\/sbt.ug.edu.pl\/wp-content\/uploads\/2020\/01\/r1a24_Dabki_Surfng_square-1024x874.png 1024w, https:\/\/sbt.ug.edu.pl\/wp-content\/uploads\/2020\/01\/r1a24_Dabki_Surfng_square-768x655.png 768w, https:\/\/sbt.ug.edu.pl\/wp-content\/uploads\/2020\/01\/r1a24_Dabki_Surfng_square-1536x1310.png 1536w, https:\/\/sbt.ug.edu.pl\/wp-content\/uploads\/2020\/01\/r1a24_Dabki_Surfng_square-150x128.png 150w, https:\/\/sbt.ug.edu.pl\/wp-content\/uploads\/2020\/01\/r1a24_Dabki_Surfng_square.png 1600w\" sizes=\"(max-width: 469px) 100vw, 469px\" \/><\/a><\/p>\n<p style=\"text-align: justify;\"><strong>SPOTY SURFINGOWE W D\u0104BKACH, D\u0179WIRZYNIE I MI\u0118DZYZDROJACH<\/strong><\/p>\n<p style=\"text-align: justify;\">Miejsce surfingowe w D\u0105bkach znajduje si\u0119 w pobli\u017cu portu rybackiego Dar\u0142owo nad jeziorem Bukowym, kt\u00f3re by\u0142o dawn\u0105 lagun\u0105 Morza Ba\u0142tyckiego. R\u00f3wnie\u017c w D\u017awirzynie spot znajduje si\u0119 nad jeziorem &#8211; Resko Przymorskie. Lokalizacje spot\u00f3w windsurfingowych na wewn\u0119trznych jeziorach laguny pozwalaj\u0105 surferom \u0142apa\u0107 silne wiatry, ale tak\u017ce umo\u017cliwiaj\u0105 korzystanie z p\u0142ytkich, bezpiecznych w\u00f3d z p\u0142askimi falami. W obu lokalizacjach kursy surfingowe organizowane s\u0105 zar\u00f3wno dla os\u00f3b pocz\u0105tkuj\u0105cych, jak i zaawansowanych. W wi\u0119kszo\u015bci wyst\u0119puj\u0105 wiatry zachodnie lub p\u00f3\u0142nocno-zachodnie, ale bywaj\u0105 tak\u017ce nag\u0142e zmiany kierunku wiatru na wschodni i p\u00f3\u0142nocno-wschodni.<\/p>\n<p style=\"text-align: justify;\"><strong>ATRAKCJE<\/strong><\/p>\n<p style=\"text-align: justify;\">O\u015brodek turystyczny Dar\u0142owo, kt\u00f3ry znajduje si\u0119 niedaleko miejsc surfingowych by\u0142 niegdy\u015b stolic\u0105 Ksi\u0119stwa Pomorskiego. W Dar\u0142owie jest zatem wiele zabytkowych budynk\u00f3w &#8211; Stare Miasto, zamek, ko\u015bcio\u0142y oraz latarnia morska. Dar\u0142owo to tak\u017ce pi\u0119kne pla\u017ce, liczne kawiarnie i restauracje. Spoty surfingowe znajduj\u0105 si\u0119 r\u00f3wnie\u017c w niewielkiej odleg\u0142o\u015bci od historycznego kurortu Ko\u0142obrzeg i dawnej stolicy wojew\u00f3dztwa &#8211; Koszalina. Z kolei niedaleko Mi\u0119dzyzdroj\u00f3w znajduje si\u0119 miasto \u015awinouj\u015bcie. Do wszystkich wskazanych miejsc i obszar\u00f3w przybrze\u017cnych mo\u017cna dotrze\u0107 autem b\u0105d\u017a rowerem.<\/p>\n<p style=\"text-align: justify;\"><div class=\"rl-gallery-container rl-loading\" id=\"rl-gallery-container-3\" data-gallery_id=\"2027\"> <div class=\"rl-gallery rl-basicgrid-gallery \" id=\"rl-gallery-3\" data-gallery_no=\"3\"> <div class=\"rl-gallery-item\"><a href=\"https:\/\/sbt.ug.edu.pl\/wp-content\/uploads\/2019\/07\/1.-D\u2022bki-suerfing-spot-Bukowo-Lake-R2.A24.-1.jpg\" title=\"1. D\u0105bki surfing spot, Bukowo Lake, R2.A24.\" data-rl_title=\"1. D\u0105bki surfing spot, Bukowo Lake, R2.A24.\" class=\"rl-gallery-link\" data-rl_caption=\"\" data-rel=\"lightbox-gallery-3\"><img src=\"https:\/\/sbt.ug.edu.pl\/wp-content\/uploads\/2019\/07\/1.-D\u2022bki-suerfing-spot-Bukowo-Lake-R2.A24.-1-768x512.jpg\" width=\"640\" height=\"427\" alt=\"\" \/><\/a><\/div><div class=\"rl-gallery-item\"><a href=\"https:\/\/sbt.ug.edu.pl\/wp-content\/uploads\/2019\/07\/2.-D\u2022bki-suerfing-spot-Bukowo-Lake-R2.A24.-1.jpg\" title=\"2. D\u0105bki surfing spot, Bukowo Lake, R2.A24.\" data-rl_title=\"2. D\u0105bki surfing spot, Bukowo Lake, R2.A24.\" class=\"rl-gallery-link\" data-rl_caption=\"\" data-rel=\"lightbox-gallery-3\"><img src=\"https:\/\/sbt.ug.edu.pl\/wp-content\/uploads\/2019\/07\/2.-D\u2022bki-suerfing-spot-Bukowo-Lake-R2.A24.-1-768x512.jpg\" width=\"640\" height=\"427\" alt=\"\" \/><\/a><\/div><div class=\"rl-gallery-item\"><a href=\"https:\/\/sbt.ug.edu.pl\/wp-content\/uploads\/2019\/07\/3.-D\u2022bki-suerfing-spot-Bukowo-Lake-R2.A24.-1.jpg\" title=\"3. D\u0105bki surfing spot, Bukowo Lake, R2.A24.\" data-rl_title=\"3. D\u0105bki surfing spot, Bukowo Lake, R2.A24.\" class=\"rl-gallery-link\" data-rl_caption=\"\" data-rel=\"lightbox-gallery-3\"><img src=\"https:\/\/sbt.ug.edu.pl\/wp-content\/uploads\/2019\/07\/3.-D\u2022bki-suerfing-spot-Bukowo-Lake-R2.A24.-1-768x512.jpg\" width=\"640\" height=\"427\" alt=\"\" \/><\/a><\/div><div class=\"rl-gallery-item\"><a href=\"https:\/\/sbt.ug.edu.pl\/wp-content\/uploads\/2019\/07\/4.-D\u2022bki-suerfing-spot-Bukowo-Lake-R2.A24.-1.jpg\" title=\"4. D\u0105bki surfing spot, Bukowo Lake, R2.A24.\" data-rl_title=\"4. D\u0105bki surfing spot, Bukowo Lake, R2.A24.\" class=\"rl-gallery-link\" data-rl_caption=\"\" data-rel=\"lightbox-gallery-3\"><img src=\"https:\/\/sbt.ug.edu.pl\/wp-content\/uploads\/2019\/07\/4.-D\u2022bki-suerfing-spot-Bukowo-Lake-R2.A24.-1-768x512.jpg\" width=\"640\" height=\"427\" alt=\"\" \/><\/a><\/div><div class=\"rl-gallery-item\"><a href=\"https:\/\/sbt.ug.edu.pl\/wp-content\/uploads\/2019\/07\/5.-Bukowo-Lake-surfing-R2.A24.-1.jpg\" title=\"5. Bukowo Lake surfing, R2.A24.\" data-rl_title=\"5. Bukowo Lake surfing, R2.A24.\" class=\"rl-gallery-link\" data-rl_caption=\"\" data-rel=\"lightbox-gallery-3\"><img src=\"https:\/\/sbt.ug.edu.pl\/wp-content\/uploads\/2019\/07\/5.-Bukowo-Lake-surfing-R2.A24.-1-768x509.jpg\" width=\"640\" height=\"424\" alt=\"\" \/><\/a><\/div><div class=\"rl-gallery-item\"><a href=\"https:\/\/sbt.ug.edu.pl\/wp-content\/uploads\/2019\/07\/6.-Bukowo-Lake-surfing-R2.A24.-1.jpg\" title=\"6. Bukowo Lake surfing, R2.A24.\" data-rl_title=\"6. Bukowo Lake surfing, R2.A24.\" class=\"rl-gallery-link\" data-rl_caption=\"\" data-rel=\"lightbox-gallery-3\"><img src=\"https:\/\/sbt.ug.edu.pl\/wp-content\/uploads\/2019\/07\/6.-Bukowo-Lake-surfing-R2.A24.-1-768x509.jpg\" width=\"640\" height=\"424\" alt=\"\" \/><\/a><\/div><div class=\"rl-gallery-item\"><a href=\"https:\/\/sbt.ug.edu.pl\/wp-content\/uploads\/2019\/07\/7.-Bukowo-Lake-surfing-R2.A24.-1.jpg\" title=\"7. Bukowo Lake surfing, R2.A24.\" data-rl_title=\"7. Bukowo Lake surfing, R2.A24.\" class=\"rl-gallery-link\" data-rl_caption=\"\" data-rel=\"lightbox-gallery-3\"><img src=\"https:\/\/sbt.ug.edu.pl\/wp-content\/uploads\/2019\/07\/7.-Bukowo-Lake-surfing-R2.A24.-1-768x509.jpg\" width=\"640\" height=\"424\" alt=\"\" \/><\/a><\/div><div class=\"rl-gallery-item\"><a href=\"https:\/\/sbt.ug.edu.pl\/wp-content\/uploads\/2019\/07\/8.-Bukowo-Lake-surfing-R2.A24.-1.jpg\" title=\"8. Bukowo Lake surfing, R2.A24.\" data-rl_title=\"8. Bukowo Lake surfing, R2.A24.\" class=\"rl-gallery-link\" data-rl_caption=\"\" data-rel=\"lightbox-gallery-3\"><img src=\"https:\/\/sbt.ug.edu.pl\/wp-content\/uploads\/2019\/07\/8.-Bukowo-Lake-surfing-R2.A24.-1-768x509.jpg\" width=\"640\" height=\"424\" alt=\"\" \/><\/a><\/div><div class=\"rl-gallery-item\"><a href=\"https:\/\/sbt.ug.edu.pl\/wp-content\/uploads\/2019\/07\/9.-Bukowo-Lake-surfing-R2.A24.-1.jpg\" title=\"9. Bukowo Lake surfing, R2.A24.\" data-rl_title=\"9. Bukowo Lake surfing, R2.A24.\" class=\"rl-gallery-link\" data-rl_caption=\"\" data-rel=\"lightbox-gallery-3\"><img src=\"https:\/\/sbt.ug.edu.pl\/wp-content\/uploads\/2019\/07\/9.-Bukowo-Lake-surfing-R2.A24.-1-768x509.jpg\" width=\"640\" height=\"424\" alt=\"\" \/><\/a><\/div><div class=\"rl-gallery-item\"><a href=\"https:\/\/sbt.ug.edu.pl\/wp-content\/uploads\/2019\/07\/10.-Bukowo-Lake-R2.A24.-1.jpg\" title=\"10. Bukowo Lake surfing, R2.A24.\" data-rl_title=\"10. Bukowo Lake surfing, R2.A24.\" class=\"rl-gallery-link\" data-rl_caption=\"\" data-rel=\"lightbox-gallery-3\"><img src=\"https:\/\/sbt.ug.edu.pl\/wp-content\/uploads\/2019\/07\/10.-Bukowo-Lake-R2.A24.-1-768x509.jpg\" width=\"640\" height=\"424\" alt=\"\" \/><\/a><\/div><div class=\"rl-gallery-item\"><a href=\"https:\/\/sbt.ug.edu.pl\/wp-content\/uploads\/2019\/07\/11.-Bukowo-Lake-R2.A24.-1.jpg\" title=\"11. Bukowo Lake surfing, R2.A24.\" data-rl_title=\"11. Bukowo Lake surfing, R2.A24.\" class=\"rl-gallery-link\" data-rl_caption=\"\" data-rel=\"lightbox-gallery-3\"><img src=\"https:\/\/sbt.ug.edu.pl\/wp-content\/uploads\/2019\/07\/11.-Bukowo-Lake-R2.A24.-1-768x512.jpg\" width=\"640\" height=\"427\" alt=\"\" \/><\/a><\/div><div class=\"rl-gallery-item\"><a href=\"https:\/\/sbt.ug.edu.pl\/wp-content\/uploads\/2019\/07\/12.-Kitesurfing-in-Mi\ufffddzyzdroje-R2.A24.-1.jpg\" title=\"12. Kitesurfing in Mi\u0119dzyzdroje, R2.A24.\" data-rl_title=\"12. Kitesurfing in Mi\u0119dzyzdroje, R2.A24.\" class=\"rl-gallery-link\" data-rl_caption=\"\" data-rel=\"lightbox-gallery-3\"><img src=\"https:\/\/sbt.ug.edu.pl\/wp-content\/uploads\/2019\/07\/12.-Kitesurfing-in-Mi\ufffddzyzdroje-R2.A24.-1-768x604.jpg\" width=\"640\" height=\"503\" alt=\"\" \/><\/a><\/div><div class=\"rl-gallery-item\"><a href=\"https:\/\/sbt.ug.edu.pl\/wp-content\/uploads\/2019\/07\/13.-Castle-in-Dar\u0105owo-R2.A24.-1.jpg\" title=\"13. Castle in Dar\u0142owo, R2.A24.\" data-rl_title=\"13. Castle in Dar\u0142owo, R2.A24.\" class=\"rl-gallery-link\" data-rl_caption=\"\" data-rel=\"lightbox-gallery-3\"><img src=\"https:\/\/sbt.ug.edu.pl\/wp-content\/uploads\/2019\/07\/13.-Castle-in-Dar\u0105owo-R2.A24.-1-768x512.jpg\" width=\"640\" height=\"427\" alt=\"\" \/><\/a><\/div><div class=\"rl-gallery-item\"><a href=\"https:\/\/sbt.ug.edu.pl\/wp-content\/uploads\/2019\/07\/14.-Dar\u0105owo-Town-R2.A24.-1.jpg\" title=\"14. Dar\u0142owo Town, R2.A24.\" data-rl_title=\"14. Dar\u0142owo Town, R2.A24.\" class=\"rl-gallery-link\" data-rl_caption=\"\" data-rel=\"lightbox-gallery-3\"><img src=\"https:\/\/sbt.ug.edu.pl\/wp-content\/uploads\/2019\/07\/14.-Dar\u0105owo-Town-R2.A24.-1-768x512.jpg\" width=\"640\" height=\"427\" alt=\"\" \/><\/a><\/div><div class=\"rl-gallery-item\"><a href=\"https:\/\/sbt.ug.edu.pl\/wp-content\/uploads\/2019\/07\/15.-Castle-in-Dar\u0105owo-R2.A24.-1.jpg\" title=\"15. Castle in Dar\u0142owo, R2.A24.\" data-rl_title=\"15. Castle in Dar\u0142owo, R2.A24.\" class=\"rl-gallery-link\" data-rl_caption=\"\" data-rel=\"lightbox-gallery-3\"><img src=\"https:\/\/sbt.ug.edu.pl\/wp-content\/uploads\/2019\/07\/15.-Castle-in-Dar\u0105owo-R2.A24.-1-768x512.jpg\" width=\"640\" height=\"427\" alt=\"\" \/><\/a><\/div><div class=\"rl-gallery-item\"><a href=\"https:\/\/sbt.ug.edu.pl\/wp-content\/uploads\/2019\/07\/16.-Castle-in-Dar\u0105owo-R2.A24.-1.jpg\" title=\"16. Castle in Dar\u0142owo, R2.A24.\" data-rl_title=\"16. Castle in Dar\u0142owo, R2.A24.\" class=\"rl-gallery-link\" data-rl_caption=\"\" data-rel=\"lightbox-gallery-3\"><img src=\"https:\/\/sbt.ug.edu.pl\/wp-content\/uploads\/2019\/07\/16.-Castle-in-Dar\u0105owo-R2.A24.-1-768x512.jpg\" width=\"640\" height=\"427\" alt=\"\" \/><\/a><\/div><div class=\"rl-gallery-item\"><a href=\"https:\/\/sbt.ug.edu.pl\/wp-content\/uploads\/2019\/07\/17.-Dar\u0105owo-Town-R2.A24.-1.jpg\" title=\"17. Dar\u0142owo Town, R2.A24.\" data-rl_title=\"17. Dar\u0142owo Town, R2.A24.\" class=\"rl-gallery-link\" data-rl_caption=\"\" data-rel=\"lightbox-gallery-3\"><img src=\"https:\/\/sbt.ug.edu.pl\/wp-content\/uploads\/2019\/07\/17.-Dar\u0105owo-Town-R2.A24.-1-768x512.jpg\" width=\"640\" height=\"427\" alt=\"\" \/><\/a><\/div><div class=\"rl-gallery-item\"><a href=\"https:\/\/sbt.ug.edu.pl\/wp-content\/uploads\/2019\/07\/18.-Sunset-on-South-coast-of-the-Baltic-Sea-R2.A24-1.jpg\" title=\"18. Sunset on South coast of the Baltic Sea, R2.A24\" data-rl_title=\"18. Sunset on South coast of the Baltic Sea, R2.A24\" class=\"rl-gallery-link\" data-rl_caption=\"\" data-rel=\"lightbox-gallery-3\"><img src=\"https:\/\/sbt.ug.edu.pl\/wp-content\/uploads\/2019\/07\/18.-Sunset-on-South-coast-of-the-Baltic-Sea-R2.A24-1-768x509.jpg\" width=\"640\" height=\"424\" alt=\"\" \/><\/a><\/div><div class=\"rl-gallery-item\"><a href=\"https:\/\/sbt.ug.edu.pl\/wp-content\/uploads\/2019\/07\/19.-Sunset-on-South-coast-of-the-Baltic-Sea-R2.A24-1.jpg\" title=\"19. Sunset on South coast of the Baltic Sea, R2.A24\" data-rl_title=\"19. Sunset on South coast of the Baltic Sea, R2.A24\" class=\"rl-gallery-link\" data-rl_caption=\"\" data-rel=\"lightbox-gallery-3\"><img src=\"https:\/\/sbt.ug.edu.pl\/wp-content\/uploads\/2019\/07\/19.-Sunset-on-South-coast-of-the-Baltic-Sea-R2.A24-1-768x509.jpg\" width=\"640\" height=\"424\" alt=\"\" \/><\/a><\/div><div class=\"rl-gallery-item\"><a href=\"https:\/\/sbt.ug.edu.pl\/wp-content\/uploads\/2019\/07\/20.-Sunset-on-South-coast-of-the-Baltic-Sea-R2.A24.-1.jpg\" title=\"20. Sunset on South coast of the Baltic Sea, R2.A24.\" data-rl_title=\"20. Sunset on South coast of the Baltic Sea, R2.A24.\" class=\"rl-gallery-link\" data-rl_caption=\"\" data-rel=\"lightbox-gallery-3\"><img src=\"https:\/\/sbt.ug.edu.pl\/wp-content\/uploads\/2019\/07\/20.-Sunset-on-South-coast-of-the-Baltic-Sea-R2.A24.-1-768x509.jpg\" width=\"640\" height=\"424\" alt=\"\" \/><\/a><\/div> <\/div> <\/div><\/p>\n<p><\/p>","protected":false},"excerpt":{"rendered":"<p>LOKALIZACJA Wszystkie trzy wymienione powy\u017cej miejscowo\u015bci znajduj\u0105 si\u0119 na polskim zachodnim wybrze\u017cu Morza Ba\u0142tyckiego, oko\u0142o 200 km od Gda\u0144ska i 100 km od Szczecina. Miejsce windsurfingowe w D\u0105bkach znajduje si\u0119 na wybrze\u017cu jeziora Bukowo &#8211; starej zatoki oddzielonej w\u0105skim pasem terenu od Morza Ba\u0142tyckiego. D\u0105bki to niewielka wie\u015b po\u0142o\u017cona niedaleko Dar\u0142owa (oko\u0142o 10 km), do [&hellip;]<\/p>\n","protected":false},"author":4,"featured_media":0,"parent":174,"menu_order":0,"comment_status":"closed","ping_status":"closed","template":"","meta":[],"categories":[34,12,9],"tags":[],"_links":{"self":[{"href":"https:\/\/sbt.ug.edu.pl\/pl\/wp-json\/wp\/v2\/pages\/989"}],"collection":[{"href":"https:\/\/sbt.ug.edu.pl\/pl\/wp-json\/wp\/v2\/pages"}],"about":[{"href":"https:\/\/sbt.ug.edu.pl\/pl\/wp-json\/wp\/v2\/types\/page"}],"author":[{"embeddable":true,"href":"https:\/\/sbt.ug.edu.pl\/pl\/wp-json\/wp\/v2\/users\/4"}],"replies":[{"embeddable":true,"href":"https:\/\/sbt.ug.edu.pl\/pl\/wp-json\/wp\/v2\/comments?post=989"}],"version-history":[{"count":11,"href":"https:\/\/sbt.ug.edu.pl\/pl\/wp-json\/wp\/v2\/pages\/989\/revisions"}],"predecessor-version":[{"id":5852,"href":"https:\/\/sbt.ug.edu.pl\/pl\/wp-json\/wp\/v2\/pages\/989\/revisions\/5852"}],"up":[{"embeddable":true,"href":"https:\/\/sbt.ug.edu.pl\/pl\/wp-json\/wp\/v2\/pages\/174"}],"wp:attachment":[{"href":"https:\/\/sbt.ug.edu.pl\/pl\/wp-json\/wp\/v2\/media?parent=989"}],"wp:term":[{"taxonomy":"category","embeddable":true,"href":"https:\/\/sbt.ug.edu.pl\/pl\/wp-json\/wp\/v2\/categories?post=989"},{"taxonomy":"post_tag","embeddable":true,"href":"https:\/\/sbt.ug.edu.pl\/pl\/wp-json\/wp\/v2\/tags?post=989"}],"curies":[{"name":"wp","href":"https:\/\/api.w.org\/{rel}","templated":true}]}}