{"id":1606,"date":"2019-07-10T09:31:10","date_gmt":"2019-07-10T07:31:10","guid":{"rendered":"https:\/\/southbaltic-tourist.eu\/?page_id=1606"},"modified":"2021-07-02T12:39:15","modified_gmt":"2021-07-02T11:39:15","slug":"1-an-the-niemen-river","status":"publish","type":"page","link":"https:\/\/sbt.ug.edu.pl\/sv\/routes\/blue-and-green-believes-and-religions-of-the-south-baltic-area\/1-an-the-niemen-river\/","title":{"rendered":"(English) 1. An the Niemen River"},"content":{"rendered":"<p class=\"qtranxs-available-languages-message qtranxs-available-languages-message-sv\">Tyv\u00e4rr \u00e4r denna artikel enbart tillg\u00e4nglig p\u00e5 <a href=\"https:\/\/sbt.ug.edu.pl\/en\/wp-json\/wp\/v2\/pages\/1606\" class=\"qtranxs-available-language-link qtranxs-available-language-link-en\" title=\"English\">Amerikansk Engelska<\/a> och <a href=\"https:\/\/sbt.ug.edu.pl\/pl\/wp-json\/wp\/v2\/pages\/1606\" class=\"qtranxs-available-language-link qtranxs-available-language-link-pl\" title=\"Polski\">Polska<\/a>. For the sake of viewer convenience, the content is shown below in this site default language. You may click one of the links to switch the site language to another available language.<\/p><p><span style=\"font-family: Segoe UI, serif;\"><span style=\"font-size: medium;\"><b>LOCATION<\/b><\/span><\/span><\/p>\n<p align=\"JUSTIFY\"><span style=\"font-family: Segoe UI, serif;\"><span style=\"font-size: medium;\">The area stretching along the Niemen River had constituted the border between the Teutonic State and Prussia, and Lithuania for centuries. It is here that medieval crusades against pagan Balts focused, and that Catholic and Reformation communities, Calvinist and Lutheran ones, co-existed after the Reformation. Jews lived in many villages as well. There are no big towns or cities here, and the area is primarily agricultural. Today the River Niemen constitutes the border with Kaliningrad Oblast (Russia). Taurag\u0117 (Lith. Taurag\u0117, Germ. Tauroggen) 55\u00b015\u2032N 22\u00b017\u2032E is the main administrative centre of the area, inhabited by almost 30,000 people.<\/span><\/span><\/p>\n<p align=\"JUSTIFY\"><img decoding=\"async\" loading=\"lazy\" class=\"alignleft wp-image-1608\" src=\"https:\/\/southbaltic-tourist.eu\/wp-content\/uploads\/2019\/07\/foto-1-2.jpg\" alt=\"\" width=\"490\" height=\"300\" srcset=\"https:\/\/sbt.ug.edu.pl\/wp-content\/uploads\/2019\/07\/foto-1-2.jpg 759w, https:\/\/sbt.ug.edu.pl\/wp-content\/uploads\/2019\/07\/foto-1-2-300x184.jpg 300w, https:\/\/sbt.ug.edu.pl\/wp-content\/uploads\/2019\/07\/foto-1-2-150x92.jpg 150w\" sizes=\"(max-width: 490px) 100vw, 490px\" \/> <a href=\"https:\/\/southbaltic-tourist.eu\/wp-content\/uploads\/2020\/02\/R4.1-Niemen.png\" data-rel=\"lightbox-gallery-TV6TjO2S\" data-rl_title=\"\" data-rl_caption=\"\" title=\"\"><img decoding=\"async\" loading=\"lazy\" class=\"alignnone wp-image-5214\" src=\"https:\/\/southbaltic-tourist.eu\/wp-content\/uploads\/2020\/02\/R4.1-Niemen-1024x595.png\" alt=\"\" width=\"516\" height=\"300\" srcset=\"https:\/\/sbt.ug.edu.pl\/wp-content\/uploads\/2020\/02\/R4.1-Niemen-1024x595.png 1024w, https:\/\/sbt.ug.edu.pl\/wp-content\/uploads\/2020\/02\/R4.1-Niemen-300x174.png 300w, https:\/\/sbt.ug.edu.pl\/wp-content\/uploads\/2020\/02\/R4.1-Niemen-768x446.png 768w, https:\/\/sbt.ug.edu.pl\/wp-content\/uploads\/2020\/02\/R4.1-Niemen-1536x893.png 1536w, https:\/\/sbt.ug.edu.pl\/wp-content\/uploads\/2020\/02\/R4.1-Niemen-150x87.png 150w, https:\/\/sbt.ug.edu.pl\/wp-content\/uploads\/2020\/02\/R4.1-Niemen.png 1600w\" sizes=\"(max-width: 516px) 100vw, 516px\" \/><\/a><\/p>\n<p align=\"JUSTIFY\"><span style=\"color: #000000;\"><span style=\"font-family: Segoe UI, serif;\"><span style=\"font-size: medium;\"><span lang=\"en-GB\"><b>SIGHTSEEING<\/b><\/span><\/span><\/span><\/span><b> <\/b><\/p>\n<p align=\"JUSTIFY\"><span style=\"color: #000000;\"><span style=\"font-family: Segoe UI, serif;\"><span style=\"font-size: medium;\"><span lang=\"en-GB\">Selected places of religious worship and ancient beliefs are situated within 50 km from <\/span><\/span><\/span><\/span><span style=\"font-family: Segoe UI, serif;\"><span style=\"font-size: medium;\"><span lang=\"en-GB\">Taurag\u0117<\/span><\/span><\/span><span style=\"color: #000000;\"><span style=\"font-family: Segoe UI, serif;\"><span style=\"font-size: medium;\"><span lang=\"en-GB\">. All of them are accessible by car, down asphalt roads with low volume of traffic. Rambynas Hill (Rambyno Kalnas) and the former hill forts upon the River Niemen (Sered\u017eius, Kartup\u0117n\u0173 Piliakalnis) are accessible only on foot, and visiting them requires fitness (stairs, going up a 60-70-metre hill, inaccessible for people with motor disabilities). Except the cathedral in <\/span><\/span><\/span><\/span><span style=\"font-family: Segoe UI, serif;\"><span style=\"font-size: medium;\"><span lang=\"en-GB\">Taurag\u0117<\/span><\/span><\/span><span style=\"color: #000000;\"><span style=\"font-family: Segoe UI, serif;\"><span style=\"font-size: medium;\"><span lang=\"en-GB\">, Churches are open only in time of services (Sundays and holidays). We suggest you divide sightseeing into a day-long trips \u2013 one along the Niemen (between Jurbarkas and Sered\u017eius), and the other of <\/span><\/span><\/span><\/span><span style=\"font-family: Segoe UI, serif;\"><span style=\"font-size: medium;\"><span lang=\"en-GB\">Taurag\u0117<\/span><\/span><\/span><span style=\"color: #000000;\"><span style=\"font-family: Segoe UI, serif;\"><span style=\"font-size: medium;\"><span lang=\"en-GB\">, churches in Skaudville and Degu\u010diai, as well as Rambyno Kalnas (Bitenai).<\/span><\/span><\/span><\/span><\/p>\n<p align=\"JUSTIFY\"><span style=\"font-size: medium;\"><span lang=\"en-GB\"><b>ATTRACTIONS<\/b><\/span><\/span><\/p>\n<p align=\"JUSTIFY\"><span style=\"color: #000000;\"><span style=\"font-family: Segoe UI, serif;\"><span style=\"font-size: medium;\"><span lang=\"en-GB\"><b>Rambynas Hill<\/b><\/span><\/span><\/span><\/span> <span style=\"color: #000000;\"><span style=\"font-family: Segoe UI, serif;\"><span style=\"font-size: medium;\"><span lang=\"en-GB\">is a Sanctuary devoted to pagan god Perun, situated on the Niemen, and a place of pagan worship expressed by Romuva movement. The high shores of the Niemen constitute a part of the Regional Rambynas Park with walking trails, observation spots and the historical Evangelical cemetery in Bitenai (Bit\u0117n\u0173 Kapin\u0117s). <\/span><\/span><\/span><\/span><span style=\"color: #000000;\"><span style=\"font-family: Segoe UI, serif;\"><span style=\"font-size: medium;\"><span lang=\"en-GB\"><b>The hill forts on the Niemen <\/b><\/span><\/span><\/span><\/span><span style=\"color: #000000;\"><span style=\"font-family: Segoe UI, serif;\"><span style=\"font-size: medium;\"><span lang=\"en-GB\">(<\/span><\/span><\/span><\/span><span style=\"color: #000000;\"><span style=\"font-family: Segoe UI, serif;\"><span style=\"font-size: medium;\"><span lang=\"en-GB\">Sered\u017eius, Kartup\u0117n\u0173 Piliakalnis) witnessed the medieval Crusades against Lithuania in the 13<\/span><\/span><\/span><\/span><span style=\"color: #000000;\"><sup><span style=\"font-family: Segoe UI, serif;\"><span style=\"font-size: medium;\"><span lang=\"en-GB\">th<\/span><\/span><\/span><\/sup><\/span><span style=\"color: #000000;\"><span style=\"font-family: Segoe UI, serif;\"><span style=\"font-size: medium;\"><span lang=\"en-GB\"> and 14<\/span><\/span><\/span><\/span><span style=\"color: #000000;\"><sup><span style=\"font-family: Segoe UI, serif;\"><span style=\"font-size: medium;\"><span lang=\"en-GB\">th<\/span><\/span><\/span><\/sup><\/span><span style=\"color: #000000;\"><span style=\"font-family: Segoe UI, serif;\"><span style=\"font-size: medium;\"><span lang=\"en-GB\"> century.<\/span><\/span><\/span><\/span><span style=\"color: #000000;\"><span style=\"font-family: Segoe UI, serif;\"><span style=\"font-size: medium;\"><span lang=\"en-GB\"> The <\/span><\/span><\/span><\/span><span style=\"color: #000000;\"><span style=\"font-family: Segoe UI, serif;\"><span style=\"font-size: medium;\"><span lang=\"en-GB\">fortress in Sered\u017eius (Palemono Kalnas) used to be a sacred place as well. On the route there are small villages and beautiful Renaissance Panemun\u0117s<\/span><\/span><\/span><\/span> <span style=\"color: #000000;\"><span style=\"font-family: Segoe UI, serif;\"><span style=\"font-size: medium;\"><span lang=\"en-GB\">Pilis (Pilis). In <\/span><\/span><\/span><\/span><span style=\"color: #000000;\"><span style=\"font-family: Segoe UI, serif;\"><span style=\"font-size: medium;\"><span lang=\"en-GB\"><b>Degu\u010diai <\/b><\/span><\/span><\/span><\/span><span style=\"color: #000000;\"><span style=\"font-family: Segoe UI, serif;\"><span style=\"font-size: medium;\"><span lang=\"en-GB\">village we can admire one of few wooden churches on a triangular ground plan (\u0160v. Vincento Ferero ba\u017eny\u010dia)<\/span><\/span><\/span><\/span><span style=\"color: #000000;\"><span style=\"font-family: Segoe UI, serif;\"><span style=\"font-size: medium;\"><span lang=\"en-GB\"> in Europe, constructed in <\/span><\/span><\/span><\/span><span style=\"color: #000000;\"><span style=\"font-family: Segoe UI, serif;\"><span style=\"font-size: medium;\"><span lang=\"en-GB\">1757. In <\/span><\/span><\/span><\/span><em><span style=\"font-family: Segoe UI, serif;\"><span style=\"font-size: medium;\"><span lang=\"en-GB\"><b>Skaudvil\u0117<\/b><\/span><\/span><\/span><\/em> <span style=\"color: #000000;\"><span style=\"font-family: Segoe UI, serif;\"><span style=\"font-size: medium;\"><span lang=\"en-GB\">there is a wooden, richly equipped baroque Church of the Holy Cross dating back to 1750. There are also remnants of a Jewish cemetery in the town which used to be inhabited<\/span><\/span><\/span><\/span> <span style=\"color: #000000;\"><span style=\"font-family: Segoe UI, serif;\"><span style=\"font-size: medium;\"><span lang=\"en-GB\">by many Jews. <\/span><\/span><\/span><\/span><span style=\"font-family: Segoe UI, serif;\"><span style=\"font-size: medium;\"><span lang=\"en-GB\"><b>Taurag\u0117<\/b><\/span><\/span><\/span><span style=\"color: #000000;\"><span style=\"font-family: Segoe UI, serif;\"><span style=\"font-size: medium;\"><span lang=\"en-GB\">, the capital was an important centre for Lutheranism \u2013 in the town you can see a<\/span><\/span><\/span><\/span><span style=\"color: #000000;\"><span style=\"font-family: Segoe UI, serif;\"><span style=\"font-size: medium;\"><span lang=\"en-GB\"> reconstructed <\/span><\/span><\/span><\/span><span style=\"color: #000000;\"><span style=\"font-family: Segoe UI, serif;\"><span style=\"font-size: medium;\"><span lang=\"en-GB\">Evangelical chapel from the mid-19<\/span><\/span><\/span><\/span><span style=\"color: #000000;\"><sup><span style=\"font-family: Segoe UI, serif;\"><span style=\"font-size: medium;\"><span lang=\"en-GB\">th<\/span><\/span><\/span><\/sup><\/span><span style=\"color: #000000;\"><span style=\"font-family: Segoe UI, serif;\"><span style=\"font-size: medium;\"><span lang=\"en-GB\"> century, as well as a beautiful neo-Romanesque Catholic temple from 1904 (reconstructed in 1920 and 1955).<\/span><\/span><\/span><\/span><\/p>\n<p align=\"JUSTIFY\"><code><div class=\"rl-gallery-container rl-loading\" id=\"rl-gallery-container-1\" data-gallery_id=\"4578\"> <div class=\"rl-gallery rl-basicgrid-gallery \" id=\"rl-gallery-1\" data-gallery_no=\"1\"> <div class=\"rl-gallery-item\"><a href=\"https:\/\/sbt.ug.edu.pl\/wp-content\/uploads\/2019\/08\/Tauroge_P1630459.jpg\" title=\"\" data-rl_title=\"\" class=\"rl-gallery-link\" data-rl_caption=\"\" data-rel=\"lightbox-gallery-1\"><img src=\"https:\/\/sbt.ug.edu.pl\/wp-content\/uploads\/2019\/08\/Tauroge_P1630459-768x576.jpg\" width=\"640\" height=\"480\" alt=\"\" \/><\/a><\/div><div class=\"rl-gallery-item\"><a href=\"https:\/\/sbt.ug.edu.pl\/wp-content\/uploads\/2019\/08\/Bitenai_P1200459.jpg\" title=\"\" data-rl_title=\"\" class=\"rl-gallery-link\" data-rl_caption=\"\" data-rel=\"lightbox-gallery-1\"><img src=\"https:\/\/sbt.ug.edu.pl\/wp-content\/uploads\/2019\/08\/Bitenai_P1200459-768x576.jpg\" width=\"640\" height=\"480\" alt=\"\" \/><\/a><\/div><div class=\"rl-gallery-item\"><a href=\"https:\/\/sbt.ug.edu.pl\/wp-content\/uploads\/2019\/08\/Deguciai_P1200554.jpg\" title=\"\" data-rl_title=\"\" class=\"rl-gallery-link\" data-rl_caption=\"\" data-rel=\"lightbox-gallery-1\"><img src=\"https:\/\/sbt.ug.edu.pl\/wp-content\/uploads\/2019\/08\/Deguciai_P1200554-768x576.jpg\" width=\"640\" height=\"480\" alt=\"\" \/><\/a><\/div><div class=\"rl-gallery-item\"><a href=\"https:\/\/sbt.ug.edu.pl\/wp-content\/uploads\/2019\/08\/Deguciai_P1200567.jpg\" title=\"\" data-rl_title=\"\" class=\"rl-gallery-link\" data-rl_caption=\"\" data-rel=\"lightbox-gallery-1\"><img src=\"https:\/\/sbt.ug.edu.pl\/wp-content\/uploads\/2019\/08\/Deguciai_P1200567-768x576.jpg\" width=\"640\" height=\"480\" alt=\"\" \/><\/a><\/div><div class=\"rl-gallery-item\"><a href=\"https:\/\/sbt.ug.edu.pl\/wp-content\/uploads\/2019\/08\/Pilis_P1630266.jpg\" title=\"\" data-rl_title=\"\" class=\"rl-gallery-link\" data-rl_caption=\"\" data-rel=\"lightbox-gallery-1\"><img src=\"https:\/\/sbt.ug.edu.pl\/wp-content\/uploads\/2019\/08\/Pilis_P1630266-768x576.jpg\" width=\"640\" height=\"480\" alt=\"\" \/><\/a><\/div><div class=\"rl-gallery-item\"><a href=\"https:\/\/sbt.ug.edu.pl\/wp-content\/uploads\/2019\/08\/Pilis_P1630308.jpg\" title=\"\" data-rl_title=\"\" class=\"rl-gallery-link\" data-rl_caption=\"\" data-rel=\"lightbox-gallery-1\"><img src=\"https:\/\/sbt.ug.edu.pl\/wp-content\/uploads\/2019\/08\/Pilis_P1630308-768x576.jpg\" width=\"640\" height=\"480\" alt=\"\" \/><\/a><\/div><div class=\"rl-gallery-item\"><a href=\"https:\/\/sbt.ug.edu.pl\/wp-content\/uploads\/2019\/08\/RambynoKalnas_P1200395.jpg\" title=\"\" data-rl_title=\"\" class=\"rl-gallery-link\" data-rl_caption=\"\" data-rel=\"lightbox-gallery-1\"><img src=\"https:\/\/sbt.ug.edu.pl\/wp-content\/uploads\/2019\/08\/RambynoKalnas_P1200395-768x576.jpg\" width=\"640\" height=\"480\" alt=\"\" \/><\/a><\/div><div class=\"rl-gallery-item\"><a href=\"https:\/\/sbt.ug.edu.pl\/wp-content\/uploads\/2019\/08\/RambynoKalnas_P1200492.jpg\" title=\"\" data-rl_title=\"\" class=\"rl-gallery-link\" data-rl_caption=\"\" data-rel=\"lightbox-gallery-1\"><img src=\"https:\/\/sbt.ug.edu.pl\/wp-content\/uploads\/2019\/08\/RambynoKalnas_P1200492-768x576.jpg\" width=\"640\" height=\"480\" alt=\"\" \/><\/a><\/div><div class=\"rl-gallery-item\"><a href=\"https:\/\/sbt.ug.edu.pl\/wp-content\/uploads\/2019\/08\/Seredzius_P1630202.jpg\" title=\"\" data-rl_title=\"\" class=\"rl-gallery-link\" data-rl_caption=\"\" data-rel=\"lightbox-gallery-1\"><img src=\"https:\/\/sbt.ug.edu.pl\/wp-content\/uploads\/2019\/08\/Seredzius_P1630202-768x576.jpg\" width=\"640\" height=\"480\" alt=\"\" \/><\/a><\/div><div class=\"rl-gallery-item\"><a href=\"https:\/\/sbt.ug.edu.pl\/wp-content\/uploads\/2019\/08\/Seredzius_P1630230.jpg\" title=\"\" data-rl_title=\"\" class=\"rl-gallery-link\" data-rl_caption=\"\" data-rel=\"lightbox-gallery-1\"><img src=\"https:\/\/sbt.ug.edu.pl\/wp-content\/uploads\/2019\/08\/Seredzius_P1630230-768x576.jpg\" width=\"640\" height=\"480\" alt=\"\" \/><\/a><\/div><div class=\"rl-gallery-item\"><a href=\"https:\/\/sbt.ug.edu.pl\/wp-content\/uploads\/2019\/08\/Tauroge_P1630443.jpg\" title=\"\" data-rl_title=\"\" class=\"rl-gallery-link\" data-rl_caption=\"\" data-rel=\"lightbox-gallery-1\"><img src=\"https:\/\/sbt.ug.edu.pl\/wp-content\/uploads\/2019\/08\/Tauroge_P1630443-768x1024.jpg\" width=\"640\" height=\"853\" alt=\"\" \/><\/a><\/div> <\/div> <\/div><\/code><\/p>\n<p align=\"JUSTIFY\">\n<p><\/p>","protected":false},"excerpt":{"rendered":"<p>Tyv\u00e4rr \u00e4r denna artikel enbart tillg\u00e4nglig p\u00e5 Amerikansk Engelska och Polska. For the sake of viewer convenience, the content is shown below in this site default language. You may click one of the links to switch the site language to another available language.LOCATION The area stretching along the Niemen River had constituted the border between [&hellip;]<\/p>\n","protected":false},"author":3,"featured_media":0,"parent":482,"menu_order":0,"comment_status":"closed","ping_status":"closed","template":"","meta":[],"categories":[34,27,12],"tags":[],"_links":{"self":[{"href":"https:\/\/sbt.ug.edu.pl\/sv\/wp-json\/wp\/v2\/pages\/1606"}],"collection":[{"href":"https:\/\/sbt.ug.edu.pl\/sv\/wp-json\/wp\/v2\/pages"}],"about":[{"href":"https:\/\/sbt.ug.edu.pl\/sv\/wp-json\/wp\/v2\/types\/page"}],"author":[{"embeddable":true,"href":"https:\/\/sbt.ug.edu.pl\/sv\/wp-json\/wp\/v2\/users\/3"}],"replies":[{"embeddable":true,"href":"https:\/\/sbt.ug.edu.pl\/sv\/wp-json\/wp\/v2\/comments?post=1606"}],"version-history":[{"count":7,"href":"https:\/\/sbt.ug.edu.pl\/sv\/wp-json\/wp\/v2\/pages\/1606\/revisions"}],"predecessor-version":[{"id":5871,"href":"https:\/\/sbt.ug.edu.pl\/sv\/wp-json\/wp\/v2\/pages\/1606\/revisions\/5871"}],"up":[{"embeddable":true,"href":"https:\/\/sbt.ug.edu.pl\/sv\/wp-json\/wp\/v2\/pages\/482"}],"wp:attachment":[{"href":"https:\/\/sbt.ug.edu.pl\/sv\/wp-json\/wp\/v2\/media?parent=1606"}],"wp:term":[{"taxonomy":"category","embeddable":true,"href":"https:\/\/sbt.ug.edu.pl\/sv\/wp-json\/wp\/v2\/categories?post=1606"},{"taxonomy":"post_tag","embeddable":true,"href":"https:\/\/sbt.ug.edu.pl\/sv\/wp-json\/wp\/v2\/tags?post=1606"}],"curies":[{"name":"wp","href":"https:\/\/api.w.org\/{rel}","templated":true}]}}