{"id":1665,"date":"2019-07-10T10:43:11","date_gmt":"2019-07-10T08:43:11","guid":{"rendered":"https:\/\/southbaltic-tourist.eu\/?page_id=1665"},"modified":"2020-02-18T09:09:35","modified_gmt":"2020-02-18T09:09:35","slug":"14-bornholm-island","status":"publish","type":"page","link":"https:\/\/sbt.ug.edu.pl\/sv\/routes\/blue-and-green-believes-and-religions-of-the-south-baltic-area\/14-bornholm-island\/","title":{"rendered":"(English) 14. Bornholm Island"},"content":{"rendered":"<p class=\"qtranxs-available-languages-message qtranxs-available-languages-message-sv\">Tyv\u00e4rr \u00e4r denna artikel enbart tillg\u00e4nglig p\u00e5 <a href=\"https:\/\/sbt.ug.edu.pl\/en\/wp-json\/wp\/v2\/pages\/1665\" class=\"qtranxs-available-language-link qtranxs-available-language-link-en\" title=\"English\">Amerikansk Engelska<\/a>, <a href=\"https:\/\/sbt.ug.edu.pl\/de\/wp-json\/wp\/v2\/pages\/1665\" class=\"qtranxs-available-language-link qtranxs-available-language-link-de\" title=\"Deutsch\">Tyska<\/a> och <a href=\"https:\/\/sbt.ug.edu.pl\/pl\/wp-json\/wp\/v2\/pages\/1665\" class=\"qtranxs-available-language-link qtranxs-available-language-link-pl\" title=\"Polski\">Polska<\/a>. For the sake of viewer convenience, the content is shown below in this site default language. You may click one of the links to switch the site language to another available language.<\/p><p><\/p>\n<p style=\"text-align: justify;\"><strong>LOCATION<\/strong><br \/>\nBornholm is one of Danish islands located near the coast of Sweden, the subject of competition between Danish and Swedish kings for centuries. Despite its turbulent history, Bornholm has preserved its numerous medieval monuments, including exceptional 12th century fortified churches. The island has been Protestant since the mid-16th century. Due to its mild climate and great tourism infrastructure, nowadays it is mainly a resting place. Ronne (55\u00b006\u203220\u2033N 14\u00b042\u203210\u2033E) located in the western part of the island and inhabited by almost 14,000 people is the main administrative centre. The town offers ferry connections with Ystad (Sweden), K\u00f8ge (Denmark) and Sassnitz (Germany), and possesses a small airport providing permanent flights to Denmark.<\/p>\n<p style=\"text-align: justify;\"><img decoding=\"async\" loading=\"lazy\" class=\"alignleft wp-image-1666\" src=\"https:\/\/southbaltic-tourist.eu\/wp-content\/uploads\/2019\/07\/14.jpg\" alt=\"\" width=\"598\" height=\"400\" srcset=\"https:\/\/sbt.ug.edu.pl\/wp-content\/uploads\/2019\/07\/14.jpg 695w, https:\/\/sbt.ug.edu.pl\/wp-content\/uploads\/2019\/07\/14-300x201.jpg 300w, https:\/\/sbt.ug.edu.pl\/wp-content\/uploads\/2019\/07\/14-150x100.jpg 150w\" sizes=\"(max-width: 598px) 100vw, 598px\" \/><\/p>\n<p style=\"text-align: justify;\"><a href=\"https:\/\/southbaltic-tourist.eu\/wp-content\/uploads\/2020\/02\/R4.14-Bornholm-Island.png\" data-rel=\"lightbox-gallery-R2yQkmTY\" data-rl_title=\"\" data-rl_caption=\"\" title=\"\"><img decoding=\"async\" loading=\"lazy\" class=\"alignnone wp-image-5256\" src=\"https:\/\/southbaltic-tourist.eu\/wp-content\/uploads\/2020\/02\/R4.14-Bornholm-Island-300x256.png\" alt=\"\" width=\"469\" height=\"400\" srcset=\"https:\/\/sbt.ug.edu.pl\/wp-content\/uploads\/2020\/02\/R4.14-Bornholm-Island-300x256.png 300w, https:\/\/sbt.ug.edu.pl\/wp-content\/uploads\/2020\/02\/R4.14-Bornholm-Island-1024x874.png 1024w, https:\/\/sbt.ug.edu.pl\/wp-content\/uploads\/2020\/02\/R4.14-Bornholm-Island-768x655.png 768w, https:\/\/sbt.ug.edu.pl\/wp-content\/uploads\/2020\/02\/R4.14-Bornholm-Island-1536x1310.png 1536w, https:\/\/sbt.ug.edu.pl\/wp-content\/uploads\/2020\/02\/R4.14-Bornholm-Island-150x128.png 150w, https:\/\/sbt.ug.edu.pl\/wp-content\/uploads\/2020\/02\/R4.14-Bornholm-Island.png 1600w\" sizes=\"(max-width: 469px) 100vw, 469px\" \/><\/a><\/p>\n<p><a href=\"https:\/\/www.google.com\/maps\/place\/Bornholm\/@55.1432859,14.6388919,10z\/data=!3m1!4b1!4m5!3m4!1s0x46550e79e64f7b07:0xf84b68b18fbadf12!8m2!3d55.160428!4d14.8668836\" target=\"_blank\" rel=\"noopener noreferrer\">View on Google Maps<\/a><\/p>\n<p style=\"text-align: justify;\"><strong>SIGHTSEEING<\/strong><br \/>\nIt is not worth limiting the tour of Bornholm to sacral buildings. The abundance of special places, picturesque settlements, and mainly defensive facilities are bound to enchant everyone. The distances on the island are small, since the most distant places are only 50 km away from each other. Bornholm is convenient for either a car or a bike. An alternative to a stay in Ronne may be numerous private accommodation facilities and guesthouses scattered around the island. The places we selected are situated in the central and northern part of the island. The churches in \u00d8sterlars and \u00d8ster are open on weekdays from May to October (10 am \u2013 5 pm, admission payable). The Hammershus Castle is open throughout the year, and the adjacent Hammershus Visitor Centre (with a museum exhibition) operates from mid-April until the end of October every day (from 10 am to 4 pm, in summer until 8 pm) and in winter at weekends (10 am \u2013 4 pm).<\/p>\n<p style=\"text-align: justify;\"><strong>ATTRACTIONS<\/strong><br \/>\n<strong>Hammershus<\/strong> is picturesque ruins in the north of the island \u2013 the remnants of a castle constructed upon the order of bishops from Lund. According to scientists, it served as the basis for Danish crusades in the 13th century. The historical exhibition in the Hammershus Visitor Centre describes the rich and tragic history of the castle. In <strong>Olsker<\/strong> settlement situated to the south of Hammershus there is St Olaf\u2019s Church (Sankt Ols Kirke) dating back to the mid-12th century. The defensive church in <strong>\u00d8sterlars<\/strong> (Osterlars kirke) originates from the same time period. It is surrounded by an old cemetery, and the interior is adorned with polychromes from the mid-14th century, depicting scenes from the life of Jesus and Mary. The church in <strong>Aakirkeby<\/strong> is worth seeing as an interesting Roman temple, bigger than the foregoing ones. With its original tower, it was erected around 1100. Inside there is a beautiful stone baptismal font with a runic inscription (Dobefonten).<\/p>\n<p><code><div class=\"rl-gallery-container rl-loading\" id=\"rl-gallery-container-1\" data-gallery_id=\"4590\"> <div class=\"rl-gallery rl-basicgrid-gallery \" id=\"rl-gallery-1\" data-gallery_no=\"1\"> <div class=\"rl-gallery-item\"><a href=\"https:\/\/sbt.ug.edu.pl\/wp-content\/uploads\/2019\/08\/AaKirke-Bornholm-1.jpg\" title=\"Romanesque church in Aakirkeby; author: Edam66 \/ wikipedia.org \/ CC BY-SA 3.0\" data-rl_title=\"Romanesque church in Aakirkeby; author: Edam66 \/ wikipedia.org \/ CC BY-SA 3.0\" class=\"rl-gallery-link\" data-rl_caption=\"\" data-rel=\"lightbox-gallery-1\"><img src=\"https:\/\/sbt.ug.edu.pl\/wp-content\/uploads\/2019\/08\/AaKirke-Bornholm-1-768x578.jpg\" width=\"640\" height=\"482\" alt=\"\" \/><\/a><\/div><div class=\"rl-gallery-item\"><a href=\"https:\/\/sbt.ug.edu.pl\/wp-content\/uploads\/2019\/08\/AaKirke-Bornholm-2.jpg\" title=\"A massive church tower in Aakirkeby; author: Edam66 \/ wikipedia.org \/ CC BY-SA 3.0\" data-rl_title=\"A massive church tower in Aakirkeby; author: Edam66 \/ wikipedia.org \/ CC BY-SA 3.0\" class=\"rl-gallery-link\" data-rl_caption=\"\" data-rel=\"lightbox-gallery-1\"><img src=\"https:\/\/sbt.ug.edu.pl\/wp-content\/uploads\/2019\/08\/AaKirke-Bornholm-2-768x578.jpg\" width=\"640\" height=\"482\" alt=\"\" \/><\/a><\/div><div class=\"rl-gallery-item\"><a href=\"https:\/\/sbt.ug.edu.pl\/wp-content\/uploads\/2019\/08\/Hammerhus_IMG_8458.jpg\" title=\"View of the ruins of Hammerhus castle; author: Jaros\u0142aw Ellwart \/ Wydawnictwo REGION \/ BHR\" data-rl_title=\"View of the ruins of Hammerhus castle; author: Jaros\u0142aw Ellwart \/ Wydawnictwo REGION \/ BHR\" class=\"rl-gallery-link\" data-rl_caption=\"\" data-rel=\"lightbox-gallery-1\"><img src=\"https:\/\/sbt.ug.edu.pl\/wp-content\/uploads\/2019\/08\/Hammerhus_IMG_8458-768x512.jpg\" width=\"640\" height=\"427\" alt=\"\" \/><\/a><\/div><div class=\"rl-gallery-item\"><a href=\"https:\/\/sbt.ug.edu.pl\/wp-content\/uploads\/2019\/08\/Hammerhus_IMG_8468.jpg\" title=\"Courtyard of the former castle; author: Jaros\u0142aw Ellwart \/ Wydawnictwo REGION \/ BHR\" data-rl_title=\"Courtyard of the former castle; author: Jaros\u0142aw Ellwart \/ Wydawnictwo REGION \/ BHR\" class=\"rl-gallery-link\" data-rl_caption=\"\" data-rel=\"lightbox-gallery-1\"><img src=\"https:\/\/sbt.ug.edu.pl\/wp-content\/uploads\/2019\/08\/Hammerhus_IMG_8468-768x512.jpg\" width=\"640\" height=\"427\" alt=\"\" \/><\/a><\/div><div class=\"rl-gallery-item\"><a href=\"https:\/\/sbt.ug.edu.pl\/wp-content\/uploads\/2019\/08\/Oesterlars_Kirke_Bornholm_Denmark.jpg\" title=\"A defensive church in \u00d8sterlars; author: Per Trangb\u00e6k \/ wikipedia.org \/ CC BY-SA 3.0\" data-rl_title=\"A defensive church in \u00d8sterlars; author: Per Trangb\u00e6k \/ wikipedia.org \/ CC BY-SA 3.0\" class=\"rl-gallery-link\" data-rl_caption=\"\" data-rel=\"lightbox-gallery-1\"><img src=\"https:\/\/sbt.ug.edu.pl\/wp-content\/uploads\/2019\/08\/Oesterlars_Kirke_Bornholm_Denmark-768x522.jpg\" width=\"640\" height=\"435\" alt=\"\" \/><\/a><\/div><div class=\"rl-gallery-item\"><a href=\"https:\/\/sbt.ug.edu.pl\/wp-content\/uploads\/2019\/08\/Oesterlarsfresco.jpg\" title=\"Fresco in \u00d8sterlars Rundkirke: Jan Kronsell \/ wikipedia.org \/ CC BY-SA 3.0\" data-rl_title=\"Fresco in \u00d8sterlars Rundkirke: Jan Kronsell \/ wikipedia.org \/ CC BY-SA 3.0\" class=\"rl-gallery-link\" data-rl_caption=\"\" data-rel=\"lightbox-gallery-1\"><img src=\"https:\/\/sbt.ug.edu.pl\/wp-content\/uploads\/2019\/08\/Oesterlarsfresco-768x578.jpg\" width=\"640\" height=\"482\" alt=\"\" \/><\/a><\/div><div class=\"rl-gallery-item\"><a href=\"https:\/\/sbt.ug.edu.pl\/wp-content\/uploads\/2019\/08\/Olsker_IMG_8498.jpg\" title=\"A defensive church in Olsker; author: Jaros\u0142aw Ellwart \/ Wydawnictwo REGION \/ BHR\" data-rl_title=\"A defensive church in Olsker; author: Jaros\u0142aw Ellwart \/ Wydawnictwo REGION \/ BHR\" class=\"rl-gallery-link\" data-rl_caption=\"\" data-rel=\"lightbox-gallery-1\"><img src=\"https:\/\/sbt.ug.edu.pl\/wp-content\/uploads\/2019\/08\/Olsker_IMG_8498-768x1152.jpg\" width=\"640\" height=\"960\" alt=\"\" \/><\/a><\/div><div class=\"rl-gallery-item\"><a href=\"https:\/\/sbt.ug.edu.pl\/wp-content\/uploads\/2019\/08\/Olsker_IMG_8509.jpg\" title=\"\" data-rl_title=\"\" class=\"rl-gallery-link\" data-rl_caption=\"\" data-rel=\"lightbox-gallery-1\"><img src=\"https:\/\/sbt.ug.edu.pl\/wp-content\/uploads\/2019\/08\/Olsker_IMG_8509-768x512.jpg\" width=\"640\" height=\"427\" alt=\"\" \/><\/a><\/div> <\/div> <\/div><\/code><\/p>","protected":false},"excerpt":{"rendered":"<p>Tyv\u00e4rr \u00e4r denna artikel enbart tillg\u00e4nglig p\u00e5 Amerikansk Engelska, Tyska och Polska. For the sake of viewer convenience, the content is shown below in this site default language. You may click one of the links to switch the site language to another available language. LOCATION Bornholm is one of Danish islands located near the coast [&hellip;]<\/p>\n","protected":false},"author":3,"featured_media":0,"parent":482,"menu_order":0,"comment_status":"closed","ping_status":"closed","template":"","meta":[],"categories":[34,27,15],"tags":[],"_links":{"self":[{"href":"https:\/\/sbt.ug.edu.pl\/sv\/wp-json\/wp\/v2\/pages\/1665"}],"collection":[{"href":"https:\/\/sbt.ug.edu.pl\/sv\/wp-json\/wp\/v2\/pages"}],"about":[{"href":"https:\/\/sbt.ug.edu.pl\/sv\/wp-json\/wp\/v2\/types\/page"}],"author":[{"embeddable":true,"href":"https:\/\/sbt.ug.edu.pl\/sv\/wp-json\/wp\/v2\/users\/3"}],"replies":[{"embeddable":true,"href":"https:\/\/sbt.ug.edu.pl\/sv\/wp-json\/wp\/v2\/comments?post=1665"}],"version-history":[{"count":6,"href":"https:\/\/sbt.ug.edu.pl\/sv\/wp-json\/wp\/v2\/pages\/1665\/revisions"}],"predecessor-version":[{"id":5258,"href":"https:\/\/sbt.ug.edu.pl\/sv\/wp-json\/wp\/v2\/pages\/1665\/revisions\/5258"}],"up":[{"embeddable":true,"href":"https:\/\/sbt.ug.edu.pl\/sv\/wp-json\/wp\/v2\/pages\/482"}],"wp:attachment":[{"href":"https:\/\/sbt.ug.edu.pl\/sv\/wp-json\/wp\/v2\/media?parent=1665"}],"wp:term":[{"taxonomy":"category","embeddable":true,"href":"https:\/\/sbt.ug.edu.pl\/sv\/wp-json\/wp\/v2\/categories?post=1665"},{"taxonomy":"post_tag","embeddable":true,"href":"https:\/\/sbt.ug.edu.pl\/sv\/wp-json\/wp\/v2\/tags?post=1665"}],"curies":[{"name":"wp","href":"https:\/\/api.w.org\/{rel}","templated":true}]}}