{"id":1668,"date":"2019-07-10T10:47:26","date_gmt":"2019-07-10T08:47:26","guid":{"rendered":"https:\/\/southbaltic-tourist.eu\/?page_id=1668"},"modified":"2020-02-18T09:39:51","modified_gmt":"2020-02-18T09:39:51","slug":"15-south-zealand-mon-island-and-falster-island","status":"publish","type":"page","link":"https:\/\/sbt.ug.edu.pl\/sv\/routes\/blue-and-green-believes-and-religions-of-the-south-baltic-area\/15-south-zealand-mon-island-and-falster-island\/","title":{"rendered":"(English) 15. South Zealand, M\u00f8n Island and Falster Island"},"content":{"rendered":"<p class=\"qtranxs-available-languages-message qtranxs-available-languages-message-sv\">Tyv\u00e4rr \u00e4r denna artikel enbart tillg\u00e4nglig p\u00e5 <a href=\"https:\/\/sbt.ug.edu.pl\/en\/wp-json\/wp\/v2\/pages\/1668\" class=\"qtranxs-available-language-link qtranxs-available-language-link-en\" title=\"English\">Amerikansk Engelska<\/a>, <a href=\"https:\/\/sbt.ug.edu.pl\/de\/wp-json\/wp\/v2\/pages\/1668\" class=\"qtranxs-available-language-link qtranxs-available-language-link-de\" title=\"Deutsch\">Tyska<\/a> och <a href=\"https:\/\/sbt.ug.edu.pl\/pl\/wp-json\/wp\/v2\/pages\/1668\" class=\"qtranxs-available-language-link qtranxs-available-language-link-pl\" title=\"Polski\">Polska<\/a>. For the sake of viewer convenience, the content is shown below in this site default language. You may click one of the links to switch the site language to another available language.<\/p><p><\/p>\n<p style=\"text-align: justify;\"><strong>LOCATION<\/strong><br \/>\nThe area being described covers the southern end of Zealand as well as scenic M\u00f8n Island (with cretaceous shores on the east), tiny Bog\u00f8 Island and Falster Island, popular with tourists, located on the eastern side of the Danish Straits. The flat, slightly undulating agricultural landscape enchants even in bad weather. Although medieval Christian monuments are predominant, Fanefjord neighbourhood and the unique Green Hunter\u2019s Kurgan in Grondalen trigger reverie about the vicissitudes of history and melting of different religious traditions. We recommend small town Nyk\u00f8bing Falster located at 54\u00b046\u20320\u2033 N, 11\u00b053\u20320\u2033 E, 20 km to the north of Gedser ferry settlement (connections from Rostock) as a starting point.<\/p>\n<p style=\"text-align: justify;\"><img decoding=\"async\" loading=\"lazy\" class=\"alignleft wp-image-1669\" src=\"https:\/\/southbaltic-tourist.eu\/wp-content\/uploads\/2019\/07\/15.jpg\" alt=\"\" width=\"598\" height=\"400\" srcset=\"https:\/\/sbt.ug.edu.pl\/wp-content\/uploads\/2019\/07\/15.jpg 695w, https:\/\/sbt.ug.edu.pl\/wp-content\/uploads\/2019\/07\/15-300x201.jpg 300w, https:\/\/sbt.ug.edu.pl\/wp-content\/uploads\/2019\/07\/15-150x100.jpg 150w\" sizes=\"(max-width: 598px) 100vw, 598px\" \/> <a href=\"https:\/\/southbaltic-tourist.eu\/wp-content\/uploads\/2020\/02\/R4.15-South-Zealand-M\u00f8n-Island-and-Falster-Island.png\" data-rel=\"lightbox-gallery-yLj3iZ3j\" data-rl_title=\"\" data-rl_caption=\"\" title=\"\"><img decoding=\"async\" loading=\"lazy\" class=\"alignnone wp-image-5262\" src=\"https:\/\/southbaltic-tourist.eu\/wp-content\/uploads\/2020\/02\/R4.15-South-Zealand-M\u00f8n-Island-and-Falster-Island-300x256.png\" alt=\"\" width=\"469\" height=\"400\" srcset=\"https:\/\/sbt.ug.edu.pl\/wp-content\/uploads\/2020\/02\/R4.15-South-Zealand-M\u00f8n-Island-and-Falster-Island-300x256.png 300w, https:\/\/sbt.ug.edu.pl\/wp-content\/uploads\/2020\/02\/R4.15-South-Zealand-M\u00f8n-Island-and-Falster-Island-1024x874.png 1024w, https:\/\/sbt.ug.edu.pl\/wp-content\/uploads\/2020\/02\/R4.15-South-Zealand-M\u00f8n-Island-and-Falster-Island-768x655.png 768w, https:\/\/sbt.ug.edu.pl\/wp-content\/uploads\/2020\/02\/R4.15-South-Zealand-M\u00f8n-Island-and-Falster-Island-1536x1310.png 1536w, https:\/\/sbt.ug.edu.pl\/wp-content\/uploads\/2020\/02\/R4.15-South-Zealand-M\u00f8n-Island-and-Falster-Island-150x128.png 150w, https:\/\/sbt.ug.edu.pl\/wp-content\/uploads\/2020\/02\/R4.15-South-Zealand-M\u00f8n-Island-and-Falster-Island.png 1600w\" sizes=\"(max-width: 469px) 100vw, 469px\" \/><\/a><\/p>\n<p><a href=\"https:\/\/www.google.com\/maps\/place\/M%C3%B8n\/@54.9698891,12.1883789,11z\/data=!3m1!4b1!4m5!3m4!1s0x46532993dfd4585d:0x5fc94ae82d4a12cc!8m2!3d54.9831092!4d12.3745367\" target=\"_blank\" rel=\"noopener noreferrer\">View on Google Maps<\/a><\/p>\n<p style=\"text-align: justify;\"><strong>SIGHTSEEING<\/strong><br \/>\nA dense network of asphalt roads enables direct access to each of the foregoing places. Distance not exceeding 40 km may encourage you to use a bike, although the network of cycle routes does not reach everywhere. Travelling from island to island we will be able to go down beautiful bridges. The aforementioned temples are usually open on weekdays between 10 am and 5 pm.<\/p>\n<p style=\"text-align: justify;\"><strong>ATTRACTIONS<\/strong><br \/>\nHarbour town of<strong> Nyk\u00f8bing Falster<\/strong> was founded around 1100. It was in the 15th century that Eric of Pomerania founded a Franciscan monastery (Klosterkirken) here. The Late Gothic temple with a Renaissance tower is connected with the partly preserved buildings of the former monastery (the present day care facility). Inside the church you can see Renaissance furnishings and the well-known ancestor table of the rulers of Mecklenburg. In <strong>Brarup<\/strong> located in the north of Felster Island there is a Late Romanesque parish church with beautiful 16th c. frescos and Renaissance furnishings. It is also the Church in <strong>Fanefjord<\/strong> on Mon Island, made of stone around 1300, which is famous for its medieval paintings. The 12th c. Gotland baptismal font and Renaissance utensils are especially worth attention. The church is situated on a small hill which offers a unique panorama of Fane Fjord. Allegedly, the name of the temple and the fiord derives from the name of the ruler who resided here. What was preserved in nearby <strong>Grondalen<\/strong> was a megalithic tomb dating back to the early Stone Age. It is a trapezoidal mound, the longest in Scandinavia, surrounded with 139 boulders. Its total length is 102 m, width 13 m and height 2 m. It is referred to as the Green Hunter\u2019s Kurgan and, as the legend has it, it commemorates a local ruler. The town of <strong>Vordingborg<\/strong> was established in the early Middle Ages, from which the warriors of Valdemar II of Denmark used to set off to conquer and Christianise Estonia in the early 13th century. The person and crusades are related to the former castle \u2013 the present day permanent ruin with the Goose Tower (Gasetarnet). In the Middle Ages it used to house St Andrew\u2019s Church, but now it is exhibited in the form of foundations reconstituted on the surface.<\/p>\n<p><code><div class=\"rl-gallery-container rl-loading\" id=\"rl-gallery-container-1\" data-gallery_id=\"4591\"> <div class=\"rl-gallery rl-basicgrid-gallery \" id=\"rl-gallery-1\" data-gallery_no=\"1\"> <div class=\"rl-gallery-item\"><a href=\"https:\/\/sbt.ug.edu.pl\/wp-content\/uploads\/2019\/08\/Vordinborg_P1240059.jpg\" title=\"A view from the castle hill; author: Jaros\u0142aw Ellwart \/ Wydawnictwo REGION \/ BHR\" data-rl_title=\"A view from the castle hill; author: Jaros\u0142aw Ellwart \/ Wydawnictwo REGION \/ BHR\" class=\"rl-gallery-link\" data-rl_caption=\"\" data-rel=\"lightbox-gallery-1\"><img src=\"https:\/\/sbt.ug.edu.pl\/wp-content\/uploads\/2019\/08\/Vordinborg_P1240059-768x576.jpg\" width=\"640\" height=\"480\" alt=\"\" \/><\/a><\/div><div class=\"rl-gallery-item\"><a href=\"https:\/\/sbt.ug.edu.pl\/wp-content\/uploads\/2019\/08\/Brarup_P1240187.jpg\" title=\"Church in Brarup; author: Jaros\u0142aw Ellwart \/ Wydawnictwo REGION \/ BHR\" data-rl_title=\"Church in Brarup; author: Jaros\u0142aw Ellwart \/ Wydawnictwo REGION \/ BHR\" class=\"rl-gallery-link\" data-rl_caption=\"\" data-rel=\"lightbox-gallery-1\"><img src=\"https:\/\/sbt.ug.edu.pl\/wp-content\/uploads\/2019\/08\/Brarup_P1240187-768x576.jpg\" width=\"640\" height=\"480\" alt=\"\" \/><\/a><\/div><div class=\"rl-gallery-item\"><a href=\"https:\/\/sbt.ug.edu.pl\/wp-content\/uploads\/2019\/08\/Brarup_P1240195.jpg\" title=\"Ornaments of a Romanesque portal; author: Jaros\u0142aw Ellwart \/ Wydawnictwo REGION \/ BHR\" data-rl_title=\"Ornaments of a Romanesque portal; author: Jaros\u0142aw Ellwart \/ Wydawnictwo REGION \/ BHR\" class=\"rl-gallery-link\" data-rl_caption=\"\" data-rel=\"lightbox-gallery-1\"><img src=\"https:\/\/sbt.ug.edu.pl\/wp-content\/uploads\/2019\/08\/Brarup_P1240195-768x1024.jpg\" width=\"640\" height=\"853\" alt=\"\" \/><\/a><\/div><div class=\"rl-gallery-item\"><a href=\"https:\/\/sbt.ug.edu.pl\/wp-content\/uploads\/2019\/08\/Fanefjord_P1240116.jpg\" title=\"Traditional tombstones in the cemetery at Fanefjord; author: Jaros\u0142aw Ellwart \/ Wydawnictwo REGION \/ BHR\" data-rl_title=\"Traditional tombstones in the cemetery at Fanefjord; author: Jaros\u0142aw Ellwart \/ Wydawnictwo REGION \/ BHR\" class=\"rl-gallery-link\" data-rl_caption=\"\" data-rel=\"lightbox-gallery-1\"><img src=\"https:\/\/sbt.ug.edu.pl\/wp-content\/uploads\/2019\/08\/Fanefjord_P1240116-768x1024.jpg\" width=\"640\" height=\"853\" alt=\"\" \/><\/a><\/div><div class=\"rl-gallery-item\"><a href=\"https:\/\/sbt.ug.edu.pl\/wp-content\/uploads\/2019\/08\/Fanefjord_P1240121.jpg\" title=\"Surroundings of Fanefjord; author: Jaros\u0142aw Ellwart \/ Wydawnictwo REGION \/ BHR\" data-rl_title=\"Surroundings of Fanefjord; author: Jaros\u0142aw Ellwart \/ Wydawnictwo REGION \/ BHR\" class=\"rl-gallery-link\" data-rl_caption=\"\" data-rel=\"lightbox-gallery-1\"><img src=\"https:\/\/sbt.ug.edu.pl\/wp-content\/uploads\/2019\/08\/Fanefjord_P1240121-768x576.jpg\" width=\"640\" height=\"480\" alt=\"\" \/><\/a><\/div><div class=\"rl-gallery-item\"><a href=\"https:\/\/sbt.ug.edu.pl\/wp-content\/uploads\/2019\/08\/Fanefjord_P1240128.jpg\" title=\"Church in Fanefjord; author: Jaros\u0142aw Ellwart \/ Wydawnictwo REGION \/ BHR\" data-rl_title=\"Church in Fanefjord; author: Jaros\u0142aw Ellwart \/ Wydawnictwo REGION \/ BHR\" class=\"rl-gallery-link\" data-rl_caption=\"\" data-rel=\"lightbox-gallery-1\"><img src=\"https:\/\/sbt.ug.edu.pl\/wp-content\/uploads\/2019\/08\/Fanefjord_P1240128-768x576.jpg\" width=\"640\" height=\"480\" alt=\"\" \/><\/a><\/div><div class=\"rl-gallery-item\"><a href=\"https:\/\/sbt.ug.edu.pl\/wp-content\/uploads\/2019\/08\/Gronsalen_P1240147.jpg\" title=\"Megalithic tomb in Gronsalen; author: Jaros\u0142aw Ellwart \/ Wydawnictwo REGION \/ BHR\" data-rl_title=\"Megalithic tomb in Gronsalen; author: Jaros\u0142aw Ellwart \/ Wydawnictwo REGION \/ BHR\" class=\"rl-gallery-link\" data-rl_caption=\"\" data-rel=\"lightbox-gallery-1\"><img src=\"https:\/\/sbt.ug.edu.pl\/wp-content\/uploads\/2019\/08\/Gronsalen_P1240147-768x576.jpg\" width=\"640\" height=\"480\" alt=\"\" \/><\/a><\/div><div class=\"rl-gallery-item\"><a href=\"https:\/\/sbt.ug.edu.pl\/wp-content\/uploads\/2019\/08\/Gronsalen_P1240156.jpg\" title=\"A white boulder on a megalithic tomb; author: Jaros\u0142aw Ellwart \/ Wydawnictwo REGION \/ BHR\" data-rl_title=\"A white boulder on a megalithic tomb; author: Jaros\u0142aw Ellwart \/ Wydawnictwo REGION \/ BHR\" class=\"rl-gallery-link\" data-rl_caption=\"\" data-rel=\"lightbox-gallery-1\"><img src=\"https:\/\/sbt.ug.edu.pl\/wp-content\/uploads\/2019\/08\/Gronsalen_P1240156-768x576.jpg\" width=\"640\" height=\"480\" alt=\"\" \/><\/a><\/div><div class=\"rl-gallery-item\"><a href=\"https:\/\/sbt.ug.edu.pl\/wp-content\/uploads\/2019\/08\/Klosterkirken_Nykobing_Falster01.jpg\" title=\"The old abbey church Klosterkirken in the town Nyk\u00f8bing Falster; author: Hubertus45 \/ wikipedia.org\/ CC BY-SA 3.0\" data-rl_title=\"The old abbey church Klosterkirken in the town Nyk\u00f8bing Falster; author: Hubertus45 \/ wikipedia.org\/ CC BY-SA 3.0\" class=\"rl-gallery-link\" data-rl_caption=\"\" data-rel=\"lightbox-gallery-1\"><img src=\"https:\/\/sbt.ug.edu.pl\/wp-content\/uploads\/2019\/08\/Klosterkirken_Nykobing_Falster01-768x633.jpg\" width=\"640\" height=\"528\" alt=\"\" \/><\/a><\/div><div class=\"rl-gallery-item\"><a href=\"https:\/\/sbt.ug.edu.pl\/wp-content\/uploads\/2019\/08\/Vordinborg_P1240030.jpg\" title=\"The remains of the castle - so-called Goose Tower; author: Jaros\u0142aw Ellwart \/ Wydawnictwo REGION \/ BHR\" data-rl_title=\"The remains of the castle - so-called Goose Tower; author: Jaros\u0142aw Ellwart \/ Wydawnictwo REGION \/ BHR\" class=\"rl-gallery-link\" data-rl_caption=\"\" data-rel=\"lightbox-gallery-1\"><img src=\"https:\/\/sbt.ug.edu.pl\/wp-content\/uploads\/2019\/08\/Vordinborg_P1240030-768x576.jpg\" width=\"640\" height=\"480\" alt=\"\" \/><\/a><\/div><div class=\"rl-gallery-item\"><a href=\"https:\/\/sbt.ug.edu.pl\/wp-content\/uploads\/2019\/08\/Vordinborg_P1240034.jpg\" title=\"Foundations of the former church of St. Nicholas; author: Jaros\u0142aw Ellwart \/ Wydawnictwo REGION \/ BHR\" data-rl_title=\"Foundations of the former church of St. Nicholas; author: Jaros\u0142aw Ellwart \/ Wydawnictwo REGION \/ BHR\" class=\"rl-gallery-link\" data-rl_caption=\"\" data-rel=\"lightbox-gallery-1\"><img src=\"https:\/\/sbt.ug.edu.pl\/wp-content\/uploads\/2019\/08\/Vordinborg_P1240034-768x576.jpg\" width=\"640\" height=\"480\" alt=\"\" \/><\/a><\/div> <\/div> <\/div><\/code><\/p>","protected":false},"excerpt":{"rendered":"<p>Tyv\u00e4rr \u00e4r denna artikel enbart tillg\u00e4nglig p\u00e5 Amerikansk Engelska, Tyska och Polska. For the sake of viewer convenience, the content is shown below in this site default language. You may click one of the links to switch the site language to another available language. LOCATION The area being described covers the southern end of Zealand [&hellip;]<\/p>\n","protected":false},"author":3,"featured_media":0,"parent":482,"menu_order":0,"comment_status":"closed","ping_status":"closed","template":"","meta":[],"categories":[34,27,12],"tags":[],"_links":{"self":[{"href":"https:\/\/sbt.ug.edu.pl\/sv\/wp-json\/wp\/v2\/pages\/1668"}],"collection":[{"href":"https:\/\/sbt.ug.edu.pl\/sv\/wp-json\/wp\/v2\/pages"}],"about":[{"href":"https:\/\/sbt.ug.edu.pl\/sv\/wp-json\/wp\/v2\/types\/page"}],"author":[{"embeddable":true,"href":"https:\/\/sbt.ug.edu.pl\/sv\/wp-json\/wp\/v2\/users\/3"}],"replies":[{"embeddable":true,"href":"https:\/\/sbt.ug.edu.pl\/sv\/wp-json\/wp\/v2\/comments?post=1668"}],"version-history":[{"count":7,"href":"https:\/\/sbt.ug.edu.pl\/sv\/wp-json\/wp\/v2\/pages\/1668\/revisions"}],"predecessor-version":[{"id":5263,"href":"https:\/\/sbt.ug.edu.pl\/sv\/wp-json\/wp\/v2\/pages\/1668\/revisions\/5263"}],"up":[{"embeddable":true,"href":"https:\/\/sbt.ug.edu.pl\/sv\/wp-json\/wp\/v2\/pages\/482"}],"wp:attachment":[{"href":"https:\/\/sbt.ug.edu.pl\/sv\/wp-json\/wp\/v2\/media?parent=1668"}],"wp:term":[{"taxonomy":"category","embeddable":true,"href":"https:\/\/sbt.ug.edu.pl\/sv\/wp-json\/wp\/v2\/categories?post=1668"},{"taxonomy":"post_tag","embeddable":true,"href":"https:\/\/sbt.ug.edu.pl\/sv\/wp-json\/wp\/v2\/tags?post=1668"}],"curies":[{"name":"wp","href":"https:\/\/api.w.org\/{rel}","templated":true}]}}