{"id":1678,"date":"2019-07-10T11:03:26","date_gmt":"2019-07-10T09:03:26","guid":{"rendered":"https:\/\/southbaltic-tourist.eu\/?page_id=1678"},"modified":"2019-08-22T12:41:37","modified_gmt":"2019-08-22T10:41:37","slug":"17-ystad-and-osterlen","status":"publish","type":"page","link":"https:\/\/sbt.ug.edu.pl\/sv\/routes\/blue-and-green-believes-and-religions-of-the-south-baltic-area\/17-ystad-and-osterlen\/","title":{"rendered":"(English) 17. Ystad and \u00d6sterlen"},"content":{"rendered":"<p class=\"qtranxs-available-languages-message qtranxs-available-languages-message-sv\">Tyv\u00e4rr \u00e4r denna artikel enbart tillg\u00e4nglig p\u00e5 <a href=\"https:\/\/sbt.ug.edu.pl\/en\/wp-json\/wp\/v2\/pages\/1678\" class=\"qtranxs-available-language-link qtranxs-available-language-link-en\" title=\"English\">Amerikansk Engelska<\/a>. For the sake of viewer convenience, the content is shown below in the alternative language. You may click the link to switch the active language.<\/p><p><\/p>\n<p style=\"text-align: justify;\"><strong>LOCATION<\/strong><br \/>\nThe south-eastern end of Sweden is \u00d6sterlen, Scania plain, a land of mild climate, fertile soil and rich past. It bears the stigma of both the Vikings and the Danes who had ruled Scania until the mid-17th century. What attracts tourists besides the scenic beaches, national parks and moraine hills is numerous monuments of architecture, in particular castles and temples. The origins of most of the latter are medieval, which makes them a living chronicle of changes undergone by Scandinavian religiousness. The places we have selected are situated between Ystad, Kivik and the Baltic coast. We suggest making tiny, harbour town of Ystad your starting point due to its ferry connections with \u015awinouj\u015bcie (55\u00b025\u2032N 13\u00b050\u2032E).<\/p>\n<p style=\"text-align: justify;\"><img decoding=\"async\" loading=\"lazy\" class=\"alignnone wp-image-1679 \" src=\"https:\/\/southbaltic-tourist.eu\/wp-content\/uploads\/2019\/07\/17.jpg\" alt=\"\" width=\"972\" height=\"651\" srcset=\"https:\/\/sbt.ug.edu.pl\/wp-content\/uploads\/2019\/07\/17.jpg 695w, https:\/\/sbt.ug.edu.pl\/wp-content\/uploads\/2019\/07\/17-300x201.jpg 300w, https:\/\/sbt.ug.edu.pl\/wp-content\/uploads\/2019\/07\/17-150x100.jpg 150w\" sizes=\"(max-width: 972px) 100vw, 972px\" \/><\/p>\n<p style=\"text-align: justify;\"><img decoding=\"async\" loading=\"lazy\" class=\"alignnone wp-image-1672 \" src=\"https:\/\/southbaltic-tourist.eu\/wp-content\/uploads\/2019\/07\/R4.17_skania.jpg\" alt=\"\" width=\"970\" height=\"807\" srcset=\"https:\/\/sbt.ug.edu.pl\/wp-content\/uploads\/2019\/07\/R4.17_skania.jpg 1041w, https:\/\/sbt.ug.edu.pl\/wp-content\/uploads\/2019\/07\/R4.17_skania-300x250.jpg 300w, https:\/\/sbt.ug.edu.pl\/wp-content\/uploads\/2019\/07\/R4.17_skania-768x640.jpg 768w, https:\/\/sbt.ug.edu.pl\/wp-content\/uploads\/2019\/07\/R4.17_skania-1024x853.jpg 1024w, https:\/\/sbt.ug.edu.pl\/wp-content\/uploads\/2019\/07\/R4.17_skania-150x125.jpg 150w\" sizes=\"(max-width: 970px) 100vw, 970px\" \/><\/p>\n<p style=\"text-align: justify;\"><strong>SIGHTSEEING<\/strong><br \/>\nA car or a bike is the optimum means of transport in \u00d6sterlen. The greatest distance, of 50 km, is one between Ystad and Kivik. Moreover, a railway line runs along the coast from Ystad towards Karlskrona. All the places are conveniently available, yet in the case of Ales Stenar in Kaseberga it is necessary to go on foot to the hill where a tomb &#8211; boat is situated. All the foregoing churches are open during the day, usually between 10 am and 5 pm.<\/p>\n<p style=\"text-align: justify;\"><strong>ATTRACTIONS<\/strong><br \/>\n<strong>Ystad<\/strong> is a small harbour town with the largest complex of medieval half-timbered buildings in Sweden. In the heart of the town there is originally Gothic St Mary\u2019s Church, reconstructed in the 17th century, with rich baroque furnishings. However, much more interesting is small St Peter\u2019s Church (Sankt Petri kyrka) founded in the 13th century as a temple of the Franciscan monastery. Following the Reformation it housed a hospital, warehouse and distillery, and therefore there are hardly any former furnishings in the temple. The preserved eastern wing of the former monastery houses the municipal museum. Tiny fishing settlement of <strong>Kaseberga<\/strong> is famous for the early-medieval leader\u2019s grave combined of 59 boulders placed on a high sea shore so as to form a boat. Ales Stenar is 67 m long and 19 m wide. When in tiny <strong>L\u00f6derup<\/strong> town, it is worth visiting the parish church erected around 1100 and extended in the 15th century, whose tower used to be defensive, but now serves as a belfry. The church furnishings date back mainly to the 16th and 17th century. The baptismal font dating back to 1160 is extremely valuable. The style of the church in <strong>Vitaby<\/strong>, picturesquely situated on a hill is early-medieval as well. The oldest part of the temple dates back to the 12th century. The 16th century Renaissance interior furnishings have been preserved. Note the original crucifix adorned with a figure of Christ being crowned on a rainbow, as well as the beautifully ornamented stone baptismal font. Small <strong>Kivik<\/strong> is mostly the Royal Cemetery (Kiviksgraven) with the biggest tomb in Scandinavia, dating back to the Bronze Age. It is there that a unique grave chamber with stone walls adorned with rock engravings was discovered. Near the kurgan there is Angakasen, a vast preserved cemetery with nearly 130 exhibits, in which a stone circle and the Penninggraven, as well as a boat-shaped tomb surrounded with boulders.<\/p>\n<p><code><div class=\"rl-gallery-container rl-loading\" id=\"rl-gallery-container-1\" data-gallery_id=\"4593\"> <div class=\"rl-gallery rl-basicgrid-gallery \" id=\"rl-gallery-1\" data-gallery_no=\"1\"> <div class=\"rl-gallery-item\"><a href=\"https:\/\/sbt.ug.edu.pl\/wp-content\/uploads\/2019\/08\/Ystad_P1230534.jpg\" title=\"A lucky Franciscan; author: Jaros\u0142aw Ellwart \/ Wydawnictwo REGION \/ BHR\" data-rl_title=\"A lucky Franciscan; author: Jaros\u0142aw Ellwart \/ Wydawnictwo REGION \/ BHR\" class=\"rl-gallery-link\" data-rl_caption=\"\" data-rel=\"lightbox-gallery-1\"><img src=\"https:\/\/sbt.ug.edu.pl\/wp-content\/uploads\/2019\/08\/Ystad_P1230534-768x1024.jpg\" width=\"640\" height=\"853\" alt=\"\" \/><\/a><\/div><div class=\"rl-gallery-item\"><a href=\"https:\/\/sbt.ug.edu.pl\/wp-content\/uploads\/2019\/08\/Kaseberga_P1230382.jpg\" title=\"Megalithic monument Ales Stenar; author: Jaros\u0142aw Ellwart \/ Wydawnictwo REGION \/ BHR\" data-rl_title=\"Megalithic monument Ales Stenar; author: Jaros\u0142aw Ellwart \/ Wydawnictwo REGION \/ BHR\" class=\"rl-gallery-link\" data-rl_caption=\"\" data-rel=\"lightbox-gallery-1\"><img src=\"https:\/\/sbt.ug.edu.pl\/wp-content\/uploads\/2019\/08\/Kaseberga_P1230382-768x576.jpg\" width=\"640\" height=\"480\" alt=\"\" \/><\/a><\/div><div class=\"rl-gallery-item\"><a href=\"https:\/\/sbt.ug.edu.pl\/wp-content\/uploads\/2019\/08\/Kaseberga_P1230390.jpg\" title=\"Megalithic monument Ales Stenar; author: Jaros\u0142aw Ellwart \/ Wydawnictwo REGION \/ BHR\" data-rl_title=\"Megalithic monument Ales Stenar; author: Jaros\u0142aw Ellwart \/ Wydawnictwo REGION \/ BHR\" class=\"rl-gallery-link\" data-rl_caption=\"\" data-rel=\"lightbox-gallery-1\"><img src=\"https:\/\/sbt.ug.edu.pl\/wp-content\/uploads\/2019\/08\/Kaseberga_P1230390-768x576.jpg\" width=\"640\" height=\"480\" alt=\"\" \/><\/a><\/div><div class=\"rl-gallery-item\"><a href=\"https:\/\/sbt.ug.edu.pl\/wp-content\/uploads\/2019\/08\/Kaseberga_P1230433.jpg\" title=\"Megalithic monument Ales Stenar; author: Jaros\u0142aw Ellwart \/ Wydawnictwo REGION \/ BHR\" data-rl_title=\"Megalithic monument Ales Stenar; author: Jaros\u0142aw Ellwart \/ Wydawnictwo REGION \/ BHR\" class=\"rl-gallery-link\" data-rl_caption=\"\" data-rel=\"lightbox-gallery-1\"><img src=\"https:\/\/sbt.ug.edu.pl\/wp-content\/uploads\/2019\/08\/Kaseberga_P1230433-768x576.jpg\" width=\"640\" height=\"480\" alt=\"\" \/><\/a><\/div><div class=\"rl-gallery-item\"><a href=\"https:\/\/sbt.ug.edu.pl\/wp-content\/uploads\/2019\/08\/Kivik_Angakasen_1.jpg\" title=\"\u00c4ngak\u00e5sen. Shipbuilding and burial ground near the royal tomb in Kivik; author: Jorchr \/ wikipedia.org \/ CC BY-SA 3.0\" data-rl_title=\"\u00c4ngak\u00e5sen. Shipbuilding and burial ground near the royal tomb in Kivik; author: Jorchr \/ wikipedia.org \/ CC BY-SA 3.0\" class=\"rl-gallery-link\" data-rl_caption=\"\" data-rel=\"lightbox-gallery-1\"><img src=\"https:\/\/sbt.ug.edu.pl\/wp-content\/uploads\/2019\/08\/Kivik_Angakasen_1-768x432.jpg\" width=\"640\" height=\"360\" alt=\"\" \/><\/a><\/div><div class=\"rl-gallery-item\"><a href=\"https:\/\/sbt.ug.edu.pl\/wp-content\/uploads\/2019\/08\/Kivik_Glaubach_grave_02.jpg\" title=\"The stones of the grave border in the tomb of Kivik; Author: Uwe Glaubach \/ wikipedia.org \/ CC BY-SA 3.0\" data-rl_title=\"The stones of the grave border in the tomb of Kivik; Author: Uwe Glaubach \/ wikipedia.org \/ CC BY-SA 3.0\" class=\"rl-gallery-link\" data-rl_caption=\"\" data-rel=\"lightbox-gallery-1\"><img src=\"https:\/\/sbt.ug.edu.pl\/wp-content\/uploads\/2019\/08\/Kivik_Glaubach_grave_02-768x514.jpg\" width=\"640\" height=\"428\" alt=\"\" \/><\/a><\/div><div class=\"rl-gallery-item\"><a href=\"https:\/\/sbt.ug.edu.pl\/wp-content\/uploads\/2019\/08\/Loderup_P1230289.jpg\" title=\"Interior of the L\u00f6derup Church; author: Jaros\u0142aw Ellwart \/ Wydawnictwo REGION \/ BHR\" data-rl_title=\"Interior of the L\u00f6derup Church; author: Jaros\u0142aw Ellwart \/ Wydawnictwo REGION \/ BHR\" class=\"rl-gallery-link\" data-rl_caption=\"\" data-rel=\"lightbox-gallery-1\"><img src=\"https:\/\/sbt.ug.edu.pl\/wp-content\/uploads\/2019\/08\/Loderup_P1230289-768x576.jpg\" width=\"640\" height=\"480\" alt=\"\" \/><\/a><\/div><div class=\"rl-gallery-item\"><a href=\"https:\/\/sbt.ug.edu.pl\/wp-content\/uploads\/2019\/08\/Loderup_P1230297.jpg\" title=\"A richly decorated Romanesque baptismal font; author: Jaros\u0142aw Ellwart \/ Wydawnictwo REGION \/ BHR\" data-rl_title=\"A richly decorated Romanesque baptismal font; author: Jaros\u0142aw Ellwart \/ Wydawnictwo REGION \/ BHR\" class=\"rl-gallery-link\" data-rl_caption=\"\" data-rel=\"lightbox-gallery-1\"><img src=\"https:\/\/sbt.ug.edu.pl\/wp-content\/uploads\/2019\/08\/Loderup_P1230297-768x1024.jpg\" width=\"640\" height=\"853\" alt=\"\" \/><\/a><\/div><div class=\"rl-gallery-item\"><a href=\"https:\/\/sbt.ug.edu.pl\/wp-content\/uploads\/2019\/08\/L\u00f6derups_kyrka_2017-2.jpg\" title=\"L\u00f6derup Church; author: Jorchr \/ wikipedia.org \/ wikipedia.org \/ CC BY-SA 3.0\" data-rl_title=\"L\u00f6derup Church; author: Jorchr \/ wikipedia.org \/ wikipedia.org \/ CC BY-SA 3.0\" class=\"rl-gallery-link\" data-rl_caption=\"\" data-rel=\"lightbox-gallery-1\"><img src=\"https:\/\/sbt.ug.edu.pl\/wp-content\/uploads\/2019\/08\/L\u00f6derups_kyrka_2017-2-768x512.jpg\" width=\"640\" height=\"427\" alt=\"\" \/><\/a><\/div><div class=\"rl-gallery-item\"><a href=\"https:\/\/sbt.ug.edu.pl\/wp-content\/uploads\/2019\/08\/Vitaby_P1230248.jpg\" title=\"Medieval church in Vitaby; author: Jaros\u0142aw Ellwart \/ Wydawnictwo REGION \/ BHR\" data-rl_title=\"Medieval church in Vitaby; author: Jaros\u0142aw Ellwart \/ Wydawnictwo REGION \/ BHR\" class=\"rl-gallery-link\" data-rl_caption=\"\" data-rel=\"lightbox-gallery-1\"><img src=\"https:\/\/sbt.ug.edu.pl\/wp-content\/uploads\/2019\/08\/Vitaby_P1230248-768x576.jpg\" width=\"640\" height=\"480\" alt=\"\" \/><\/a><\/div><div class=\"rl-gallery-item\"><a href=\"https:\/\/sbt.ug.edu.pl\/wp-content\/uploads\/2019\/08\/Vitaby_P1230254.jpg\" title=\"Vitaby&#039;s crucifix; author: Jaros\u0142aw Ellwart \/ Wydawnictwo REGION \/ BHR\" data-rl_title=\"Vitaby&#039;s crucifix; author: Jaros\u0142aw Ellwart \/ Wydawnictwo REGION \/ BHR\" class=\"rl-gallery-link\" data-rl_caption=\"\" data-rel=\"lightbox-gallery-1\"><img src=\"https:\/\/sbt.ug.edu.pl\/wp-content\/uploads\/2019\/08\/Vitaby_P1230254-768x1024.jpg\" width=\"640\" height=\"853\" alt=\"\" \/><\/a><\/div><div class=\"rl-gallery-item\"><a href=\"https:\/\/sbt.ug.edu.pl\/wp-content\/uploads\/2019\/08\/Vitaby_P1230271.jpg\" title=\"Interior of the Vitaby Church; author: Jaros\u0142aw Ellwart \/ Wydawnictwo REGION \/ BHR\" data-rl_title=\"Interior of the Vitaby Church; author: Jaros\u0142aw Ellwart \/ Wydawnictwo REGION \/ BHR\" class=\"rl-gallery-link\" data-rl_caption=\"\" data-rel=\"lightbox-gallery-1\"><img src=\"https:\/\/sbt.ug.edu.pl\/wp-content\/uploads\/2019\/08\/Vitaby_P1230271-768x576.jpg\" width=\"640\" height=\"480\" alt=\"\" \/><\/a><\/div><div class=\"rl-gallery-item\"><a href=\"https:\/\/sbt.ug.edu.pl\/wp-content\/uploads\/2019\/08\/Ystad_P1230502.jpg\" title=\"The former Franciscan convent church in Ystad; author: Jaros\u0142aw Ellwart \/ Wydawnictwo REGION \/ BHR\" data-rl_title=\"The former Franciscan convent church in Ystad; author: Jaros\u0142aw Ellwart \/ Wydawnictwo REGION \/ BHR\" class=\"rl-gallery-link\" data-rl_caption=\"\" data-rel=\"lightbox-gallery-1\"><img src=\"https:\/\/sbt.ug.edu.pl\/wp-content\/uploads\/2019\/08\/Ystad_P1230502-768x576.jpg\" width=\"640\" height=\"480\" alt=\"\" \/><\/a><\/div><div class=\"rl-gallery-item\"><a href=\"https:\/\/sbt.ug.edu.pl\/wp-content\/uploads\/2019\/08\/Ystad_P1230512.jpg\" title=\"Interior of the Franciscan monastic church; author: Jaros\u0142aw Ellwart \/ Wydawnictwo REGION \/ BHR\" data-rl_title=\"Interior of the Franciscan monastic church; author: Jaros\u0142aw Ellwart \/ Wydawnictwo REGION \/ BHR\" class=\"rl-gallery-link\" data-rl_caption=\"\" data-rel=\"lightbox-gallery-1\"><img src=\"https:\/\/sbt.ug.edu.pl\/wp-content\/uploads\/2019\/08\/Ystad_P1230512-768x576.jpg\" width=\"640\" height=\"480\" alt=\"\" \/><\/a><\/div> <\/div> <\/div><\/code> <\/p>","protected":false},"excerpt":{"rendered":"<p>Tyv\u00e4rr \u00e4r denna artikel enbart tillg\u00e4nglig p\u00e5 Amerikansk Engelska. For the sake of viewer convenience, the content is shown below in the alternative language. You may click the link to switch the active language. LOCATION The south-eastern end of Sweden is \u00d6sterlen, Scania plain, a land of mild climate, fertile soil and rich past. It [&hellip;]<\/p>\n","protected":false},"author":3,"featured_media":0,"parent":482,"menu_order":0,"comment_status":"closed","ping_status":"closed","template":"","meta":[],"categories":[34,27,15],"tags":[],"_links":{"self":[{"href":"https:\/\/sbt.ug.edu.pl\/sv\/wp-json\/wp\/v2\/pages\/1678"}],"collection":[{"href":"https:\/\/sbt.ug.edu.pl\/sv\/wp-json\/wp\/v2\/pages"}],"about":[{"href":"https:\/\/sbt.ug.edu.pl\/sv\/wp-json\/wp\/v2\/types\/page"}],"author":[{"embeddable":true,"href":"https:\/\/sbt.ug.edu.pl\/sv\/wp-json\/wp\/v2\/users\/3"}],"replies":[{"embeddable":true,"href":"https:\/\/sbt.ug.edu.pl\/sv\/wp-json\/wp\/v2\/comments?post=1678"}],"version-history":[{"count":7,"href":"https:\/\/sbt.ug.edu.pl\/sv\/wp-json\/wp\/v2\/pages\/1678\/revisions"}],"predecessor-version":[{"id":4862,"href":"https:\/\/sbt.ug.edu.pl\/sv\/wp-json\/wp\/v2\/pages\/1678\/revisions\/4862"}],"up":[{"embeddable":true,"href":"https:\/\/sbt.ug.edu.pl\/sv\/wp-json\/wp\/v2\/pages\/482"}],"wp:attachment":[{"href":"https:\/\/sbt.ug.edu.pl\/sv\/wp-json\/wp\/v2\/media?parent=1678"}],"wp:term":[{"taxonomy":"category","embeddable":true,"href":"https:\/\/sbt.ug.edu.pl\/sv\/wp-json\/wp\/v2\/categories?post=1678"},{"taxonomy":"post_tag","embeddable":true,"href":"https:\/\/sbt.ug.edu.pl\/sv\/wp-json\/wp\/v2\/tags?post=1678"}],"curies":[{"name":"wp","href":"https:\/\/api.w.org\/{rel}","templated":true}]}}