{"id":1689,"date":"2019-07-10T11:22:28","date_gmt":"2019-07-10T09:22:28","guid":{"rendered":"https:\/\/southbaltic-tourist.eu\/?page_id=1689"},"modified":"2020-02-20T23:29:22","modified_gmt":"2020-02-20T23:29:22","slug":"2-karlskrona","status":"publish","type":"page","link":"https:\/\/sbt.ug.edu.pl\/sv\/routes\/south-baltic-scenic-coastal-road\/2-karlskrona\/","title":{"rendered":"(English) 2. KARLSKRONA"},"content":{"rendered":"<p class=\"qtranxs-available-languages-message qtranxs-available-languages-message-sv\">Tyv\u00e4rr \u00e4r denna artikel enbart tillg\u00e4nglig p\u00e5 <a href=\"https:\/\/sbt.ug.edu.pl\/en\/wp-json\/wp\/v2\/pages\/1689\" class=\"qtranxs-available-language-link qtranxs-available-language-link-en\" title=\"English\">Amerikansk Engelska<\/a> och <a href=\"https:\/\/sbt.ug.edu.pl\/de\/wp-json\/wp\/v2\/pages\/1689\" class=\"qtranxs-available-language-link qtranxs-available-language-link-de\" title=\"Deutsch\">Tyska<\/a>. For the sake of viewer convenience, the content is shown below in this site default language. You may click one of the links to switch the site language to another available language.<\/p><p><\/p>\n<p style=\"text-align: justify;\"><span style=\"font-size: medium;\"><b>LOCATION<\/b><\/span><\/p>\n<p style=\"text-align: justify;\"><span style=\"font-size: medium;\">Karlskrona is <\/span> <span style=\"font-size: medium;\">located in the south coast of Sweden on the Baltic Sea, 45 miles south from Kalmar city. The city center is located on<\/span> the <span style=\"font-size: medium;\">island called Tross\u00f6 and has very good transport links among other cities by train, bus, car drive. Karlskrona is Sweden\u2019s the sunniest city.<br \/>\n<\/span><\/p>\n<p style=\"text-align: justify;\"><img decoding=\"async\" loading=\"lazy\" class=\"alignleft wp-image-1690\" src=\"https:\/\/southbaltic-tourist.eu\/wp-content\/uploads\/2019\/07\/2.jpg\" alt=\"\" width=\"603\" height=\"400\" srcset=\"https:\/\/sbt.ug.edu.pl\/wp-content\/uploads\/2019\/07\/2.jpg 967w, https:\/\/sbt.ug.edu.pl\/wp-content\/uploads\/2019\/07\/2-300x199.jpg 300w, https:\/\/sbt.ug.edu.pl\/wp-content\/uploads\/2019\/07\/2-768x509.jpg 768w, https:\/\/sbt.ug.edu.pl\/wp-content\/uploads\/2019\/07\/2-150x99.jpg 150w\" sizes=\"(max-width: 603px) 100vw, 603px\" \/><\/p>\n<p style=\"text-align: justify;\"><a href=\"https:\/\/southbaltic-tourist.eu\/wp-content\/uploads\/2020\/02\/R5.02-Karlskrona.png\" data-rel=\"lightbox-gallery-minQjzQ2\" data-rl_title=\"\" data-rl_caption=\"\" title=\"\"><img decoding=\"async\" loading=\"lazy\" class=\"alignnone wp-image-5354\" src=\"https:\/\/southbaltic-tourist.eu\/wp-content\/uploads\/2020\/02\/R5.02-Karlskrona-300x256.png\" alt=\"\" width=\"469\" height=\"400\" srcset=\"https:\/\/sbt.ug.edu.pl\/wp-content\/uploads\/2020\/02\/R5.02-Karlskrona-300x256.png 300w, https:\/\/sbt.ug.edu.pl\/wp-content\/uploads\/2020\/02\/R5.02-Karlskrona-1024x874.png 1024w, https:\/\/sbt.ug.edu.pl\/wp-content\/uploads\/2020\/02\/R5.02-Karlskrona-768x655.png 768w, https:\/\/sbt.ug.edu.pl\/wp-content\/uploads\/2020\/02\/R5.02-Karlskrona-1536x1310.png 1536w, https:\/\/sbt.ug.edu.pl\/wp-content\/uploads\/2020\/02\/R5.02-Karlskrona-150x128.png 150w, https:\/\/sbt.ug.edu.pl\/wp-content\/uploads\/2020\/02\/R5.02-Karlskrona.png 1600w\" sizes=\"(max-width: 469px) 100vw, 469px\" \/><\/a><\/p>\n<p><a href=\"https:\/\/www.google.pl\/maps\/place\/Gmina+Karlskrona,+Szwecja\/@56.1888647,15.555231,12z\/data=!3m1!4b1!4m5!3m4!1s0x4656125ba6e47d1d:0x400fef341e47840!8m2!3d56.161224!4d15.5869\" target=\"_blank\" rel=\"noopener noreferrer\">View on Google Maps<\/a><\/p>\n<p style=\"text-align: justify;\"><span style=\"font-size: medium;\"><b>SCENIC CHARACTER <\/b><\/span><\/p>\n<p style=\"text-align: justify;\"><span style=\"font-size: medium;\">Karlskrona city is made up of 33 various islands and has 25 nature reserves. Famous for the Naval museum, most visited museum in Sweden and archipelago, nominated by UNESCO which belongs to Blekinge Archipelago Biosphere Reserve. Karlskrona could be described not only as <\/span><span style=\"font-size: medium;\">well preserved Naval town, but also holds the status of the World Heritage city, due to its impressive architecture, naval ground town plan since 1600s, historic fortifications of Bastion Aurora, eye-catching (churches) or buildings in the old town. The city can be perfectly explored by bike or walking, or take blue entertaining Minitag train if you travel with children &#8211; beautiful sceneries are guaranteed in the old town. Visit picturesque Bj\u00f6rkholme<\/span><span style=\"font-size: medium;\">n district (a district of shipyard workers and seamen), and romantic city port in the evening or participate in guided on spot.<\/span><\/p>\n<p style=\"text-align: justify;\"><span style=\"font-size: medium;\"><b>ATTRACTIONS<\/b><\/span><\/p>\n<p style=\"text-align: justify;\"><span style=\"font-size: medium;\">Visit the Museum of the Navy. Explore marina area and the harbor with many cozy restaurants, bars, cafes with a romantic view of the sea, and you may try fishing on shore! Take a tour on archipelago by boat, with 14 possible pier stops and guided tours; later relax in Stumholmen bathing <\/span><span style=\"font-size: medium;\">area \u2013 an idyllic beach for beautiful sunsets in the evening.<\/span><\/p>\n<p style=\"text-align: justify;\"><code><div class=\"rl-gallery-container rl-loading\" id=\"rl-gallery-container-1\" data-gallery_id=\"3030\"> <div class=\"rl-gallery rl-basicgrid-gallery \" id=\"rl-gallery-1\" data-gallery_no=\"1\"> <div class=\"rl-gallery-item\"><a href=\"https:\/\/sbt.ug.edu.pl\/wp-content\/uploads\/2019\/07\/8-6.jpg\" title=\"8. Karlskruna Marina; author: Rita Dizaviciene\/ BHR\" data-rl_title=\"8. Karlskruna Marina; author: Rita Dizaviciene\/ BHR\" class=\"rl-gallery-link\" data-rl_caption=\"\" data-rel=\"lightbox-gallery-1\"><img src=\"https:\/\/sbt.ug.edu.pl\/wp-content\/uploads\/2019\/07\/8-6-768x509.jpg\" width=\"640\" height=\"424\" alt=\"\" \/><\/a><\/div><div class=\"rl-gallery-item\"><a href=\"https:\/\/sbt.ug.edu.pl\/wp-content\/uploads\/2019\/07\/9-4.jpg\" title=\"9. Old town square of Karlskruna; author: Rita Dizaviciene\/ BHR\" data-rl_title=\"9. Old town square of Karlskruna; author: Rita Dizaviciene\/ BHR\" class=\"rl-gallery-link\" data-rl_caption=\"\" data-rel=\"lightbox-gallery-1\"><img src=\"https:\/\/sbt.ug.edu.pl\/wp-content\/uploads\/2019\/07\/9-4-768x509.jpg\" width=\"640\" height=\"424\" alt=\"\" \/><\/a><\/div><div class=\"rl-gallery-item\"><a href=\"https:\/\/sbt.ug.edu.pl\/wp-content\/uploads\/2019\/07\/10-4.jpg\" title=\"10. Ronnebygatan street in Karlskruna; author: Rita Dizaviciene\/ BHR\" data-rl_title=\"10. Ronnebygatan street in Karlskruna; author: Rita Dizaviciene\/ BHR\" class=\"rl-gallery-link\" data-rl_caption=\"\" data-rel=\"lightbox-gallery-1\"><img src=\"https:\/\/sbt.ug.edu.pl\/wp-content\/uploads\/2019\/07\/10-4-768x509.jpg\" width=\"640\" height=\"424\" alt=\"\" \/><\/a><\/div><div class=\"rl-gallery-item\"><a href=\"https:\/\/sbt.ug.edu.pl\/wp-content\/uploads\/2019\/07\/11-5.jpg\" title=\"11. Marine Museum of Karlskruna; author: Rita Dizaviciene\/ BHR\" data-rl_title=\"11. Marine Museum of Karlskruna; author: Rita Dizaviciene\/ BHR\" class=\"rl-gallery-link\" data-rl_caption=\"\" data-rel=\"lightbox-gallery-1\"><img src=\"https:\/\/sbt.ug.edu.pl\/wp-content\/uploads\/2019\/07\/11-5-768x509.jpg\" width=\"640\" height=\"424\" alt=\"\" \/><\/a><\/div><div class=\"rl-gallery-item\"><a href=\"https:\/\/sbt.ug.edu.pl\/wp-content\/uploads\/2019\/07\/12-3.jpg\" title=\"12. Marine Museum of Karlskruna; author: Rita Dizaviciene\/ BHR\" data-rl_title=\"12. Marine Museum of Karlskruna; author: Rita Dizaviciene\/ BHR\" class=\"rl-gallery-link\" data-rl_caption=\"\" data-rel=\"lightbox-gallery-1\"><img src=\"https:\/\/sbt.ug.edu.pl\/wp-content\/uploads\/2019\/07\/12-3-768x509.jpg\" width=\"640\" height=\"424\" alt=\"\" \/><\/a><\/div><div class=\"rl-gallery-item\"><a href=\"https:\/\/sbt.ug.edu.pl\/wp-content\/uploads\/2019\/07\/13-3.jpg\" title=\"13. Karlskruna Marina; author: Rita Dizaviciene\/ BHR\" data-rl_title=\"13. Karlskruna Marina; author: Rita Dizaviciene\/ BHR\" class=\"rl-gallery-link\" data-rl_caption=\"\" data-rel=\"lightbox-gallery-1\"><img src=\"https:\/\/sbt.ug.edu.pl\/wp-content\/uploads\/2019\/07\/13-3-768x509.jpg\" width=\"640\" height=\"424\" alt=\"\" \/><\/a><\/div> <\/div> <\/div><\/code><\/p>\n<p><\/p>","protected":false},"excerpt":{"rendered":"<p>Tyv\u00e4rr \u00e4r denna artikel enbart tillg\u00e4nglig p\u00e5 Amerikansk Engelska och Tyska. For the sake of viewer convenience, the content is shown below in this site default language. You may click one of the links to switch the site language to another available language. LOCATION Karlskrona is located in the south coast of Sweden on the [&hellip;]<\/p>\n","protected":false},"author":3,"featured_media":0,"parent":484,"menu_order":0,"comment_status":"closed","ping_status":"closed","template":"","meta":[],"categories":[34,15,28],"tags":[],"_links":{"self":[{"href":"https:\/\/sbt.ug.edu.pl\/sv\/wp-json\/wp\/v2\/pages\/1689"}],"collection":[{"href":"https:\/\/sbt.ug.edu.pl\/sv\/wp-json\/wp\/v2\/pages"}],"about":[{"href":"https:\/\/sbt.ug.edu.pl\/sv\/wp-json\/wp\/v2\/types\/page"}],"author":[{"embeddable":true,"href":"https:\/\/sbt.ug.edu.pl\/sv\/wp-json\/wp\/v2\/users\/3"}],"replies":[{"embeddable":true,"href":"https:\/\/sbt.ug.edu.pl\/sv\/wp-json\/wp\/v2\/comments?post=1689"}],"version-history":[{"count":6,"href":"https:\/\/sbt.ug.edu.pl\/sv\/wp-json\/wp\/v2\/pages\/1689\/revisions"}],"predecessor-version":[{"id":5357,"href":"https:\/\/sbt.ug.edu.pl\/sv\/wp-json\/wp\/v2\/pages\/1689\/revisions\/5357"}],"up":[{"embeddable":true,"href":"https:\/\/sbt.ug.edu.pl\/sv\/wp-json\/wp\/v2\/pages\/484"}],"wp:attachment":[{"href":"https:\/\/sbt.ug.edu.pl\/sv\/wp-json\/wp\/v2\/media?parent=1689"}],"wp:term":[{"taxonomy":"category","embeddable":true,"href":"https:\/\/sbt.ug.edu.pl\/sv\/wp-json\/wp\/v2\/categories?post=1689"},{"taxonomy":"post_tag","embeddable":true,"href":"https:\/\/sbt.ug.edu.pl\/sv\/wp-json\/wp\/v2\/tags?post=1689"}],"curies":[{"name":"wp","href":"https:\/\/api.w.org\/{rel}","templated":true}]}}