{"id":1693,"date":"2019-07-10T11:24:54","date_gmt":"2019-07-10T09:24:54","guid":{"rendered":"https:\/\/southbaltic-tourist.eu\/?page_id=1693"},"modified":"2020-02-20T23:40:28","modified_gmt":"2020-02-20T23:40:28","slug":"3-karlshamn","status":"publish","type":"page","link":"https:\/\/sbt.ug.edu.pl\/sv\/routes\/south-baltic-scenic-coastal-road\/3-karlshamn\/","title":{"rendered":"(English) 3. KARLSHAMN"},"content":{"rendered":"<p class=\"qtranxs-available-languages-message qtranxs-available-languages-message-sv\">Tyv\u00e4rr \u00e4r denna artikel enbart tillg\u00e4nglig p\u00e5 <a href=\"https:\/\/sbt.ug.edu.pl\/en\/wp-json\/wp\/v2\/pages\/1693\" class=\"qtranxs-available-language-link qtranxs-available-language-link-en\" title=\"English\">Amerikansk Engelska<\/a>, <a href=\"https:\/\/sbt.ug.edu.pl\/de\/wp-json\/wp\/v2\/pages\/1693\" class=\"qtranxs-available-language-link qtranxs-available-language-link-de\" title=\"Deutsch\">Tyska<\/a> och <a href=\"https:\/\/sbt.ug.edu.pl\/pl\/wp-json\/wp\/v2\/pages\/1693\" class=\"qtranxs-available-language-link qtranxs-available-language-link-pl\" title=\"Polski\">Polska<\/a>. For the sake of viewer convenience, the content is shown below in this site default language. You may click one of the links to switch the site language to another available language.<\/p><p><\/p>\n<p style=\"text-align: justify;\"><span style=\"font-size: medium;\"><b>LOCATION<\/b><\/span><\/p>\n<p style=\"text-align: justify;\"><span style=\"font-size: medium;\">The city of southeastern Sweden, in the province of Blekinge, Karlshamn is located on the shores of the Baltic Sea and on the Mieon River. Karlshamn has national road 29 which connects the port to the province Sm\u00e5land in the north. There are trains every hour to the towns of the region and has a regular ferry service with Kiel in Germany, Klaip\u0117da in Lithuania and St. Petersburg in Russia.<\/span><\/p>\n<p style=\"text-align: justify;\"><img decoding=\"async\" loading=\"lazy\" class=\"wp-image-1694 alignleft\" src=\"https:\/\/southbaltic-tourist.eu\/wp-content\/uploads\/2019\/07\/3.jpg\" alt=\"\" width=\"528\" height=\"350\" srcset=\"https:\/\/sbt.ug.edu.pl\/wp-content\/uploads\/2019\/07\/3.jpg 967w, https:\/\/sbt.ug.edu.pl\/wp-content\/uploads\/2019\/07\/3-300x199.jpg 300w, https:\/\/sbt.ug.edu.pl\/wp-content\/uploads\/2019\/07\/3-768x509.jpg 768w, https:\/\/sbt.ug.edu.pl\/wp-content\/uploads\/2019\/07\/3-150x99.jpg 150w\" sizes=\"(max-width: 528px) 100vw, 528px\" \/><\/p>\n<p style=\"text-align: justify;\"><a href=\"https:\/\/southbaltic-tourist.eu\/wp-content\/uploads\/2020\/02\/R5.03-Karlshamn.png\" data-rel=\"lightbox-gallery-ayC7kurB\" data-rl_title=\"\" data-rl_caption=\"\" title=\"\"><img decoding=\"async\" loading=\"lazy\" class=\"alignnone wp-image-5358\" src=\"https:\/\/southbaltic-tourist.eu\/wp-content\/uploads\/2020\/02\/R5.03-Karlshamn-300x174.png\" alt=\"\" width=\"602\" height=\"350\" srcset=\"https:\/\/sbt.ug.edu.pl\/wp-content\/uploads\/2020\/02\/R5.03-Karlshamn-300x174.png 300w, https:\/\/sbt.ug.edu.pl\/wp-content\/uploads\/2020\/02\/R5.03-Karlshamn-1024x595.png 1024w, https:\/\/sbt.ug.edu.pl\/wp-content\/uploads\/2020\/02\/R5.03-Karlshamn-768x446.png 768w, https:\/\/sbt.ug.edu.pl\/wp-content\/uploads\/2020\/02\/R5.03-Karlshamn-1536x893.png 1536w, https:\/\/sbt.ug.edu.pl\/wp-content\/uploads\/2020\/02\/R5.03-Karlshamn-150x87.png 150w, https:\/\/sbt.ug.edu.pl\/wp-content\/uploads\/2020\/02\/R5.03-Karlshamn.png 1600w\" sizes=\"(max-width: 602px) 100vw, 602px\" \/><\/a><\/p>\n<p><a href=\"https:\/\/www.google.pl\/maps\/place\/Karlshamn,+Szwecja\/@56.1908732,14.7875058,12z\/data=!3m1!4b1!4m5!3m4!1s0x465685064df254ef:0xbb32ca6d242794c7!8m2!3d56.170303!4d14.863073\" target=\"_blank\" rel=\"noopener noreferrer\">View on Google Maps<\/a><\/p>\n<p style=\"text-align: justify;\"><span style=\"font-size: medium;\"><b>SCENIC CHARACTER <\/b><\/span><\/p>\n<p style=\"text-align: justify;\"><span style=\"font-size: medium;\">Karlshamn (A) is a cosy and tranquil town with beautiful surroundings, harbor area with romantic walking promenade on the coastline. Karlshamn received its name in 1666, meaning Karl\u2019s Port in honor of the Swedish king. Therefore, no wonder why Karlshamn is rich in offering interesting activities for <\/span><span style=\"font-size: medium;\">everyone, whether you travel with children \u2013 Science Center Kreativum (B), the best stop for many discoveries and extraordinary experience, or you are a wild adventure fan who would be greatly fascinated by getting foot to Eriksberg (C), the Scandinavia\u2019s largest wildlife park and nature reserve. For a very romantic and relaxing time you may choose enjoy a boat trip to Tj\u00e4r\u00f6 (D), an idyllic island in the archipelago of H\u00e4llaryd which is located about 15 kilometers east of Karlshamn. The city is also a cultural spot for summer events such as Baltic Sea Festival, uniting all people from Blekinge region and others visitors from abroad. <\/span><\/p>\n<p style=\"text-align: justify;\"><span style=\"font-size: medium;\"><b>ATTRACTIONS<\/b><\/span><\/p>\n<p style=\"text-align: justify;\"><span style=\"font-size: medium;\">Visit the beautiful coastline of Karlshamn, stroll through the small streets, and admire the fisher\u2019s houses. Then you may choose to spent time in Science Centre Kreativum or go on safari tour of 10 km in Eriksberg rocky landscape and see wild animals in their natural environment such as red deer, fallow deer, European bison, wild boar and mouflons. Afternoon can be spent by taking regular boat to <\/span> <span style=\"font-size: medium;\">Tj\u00e4r\u00f6 island, and explore it within few hours while walking through idyllic nature in great beaches, rocky cliffs or small sandy coves. <\/span><\/p>\n<p><code><div class=\"rl-gallery-container rl-loading\" id=\"rl-gallery-container-1\" data-gallery_id=\"3033\"> <div class=\"rl-gallery rl-basicgrid-gallery \" id=\"rl-gallery-1\" data-gallery_no=\"1\"> <div class=\"rl-gallery-item\"><a href=\"https:\/\/sbt.ug.edu.pl\/wp-content\/uploads\/2019\/07\/14-3.jpg\" title=\"14. Promenade in Karlshamn; author: Rita Dizaviciene\/ BHR\" data-rl_title=\"14. Promenade in Karlshamn; author: Rita Dizaviciene\/ BHR\" class=\"rl-gallery-link\" data-rl_caption=\"\" data-rel=\"lightbox-gallery-1\"><img src=\"https:\/\/sbt.ug.edu.pl\/wp-content\/uploads\/2019\/07\/14-3-768x509.jpg\" width=\"640\" height=\"424\" alt=\"\" \/><\/a><\/div><div class=\"rl-gallery-item\"><a href=\"https:\/\/sbt.ug.edu.pl\/wp-content\/uploads\/2019\/07\/15-4.jpg\" title=\"15.Karlshamn; author: Rita Dizaviciene\/ BHR\" data-rl_title=\"15.Karlshamn; author: Rita Dizaviciene\/ BHR\" class=\"rl-gallery-link\" data-rl_caption=\"\" data-rel=\"lightbox-gallery-1\"><img src=\"https:\/\/sbt.ug.edu.pl\/wp-content\/uploads\/2019\/07\/15-4-768x509.jpg\" width=\"640\" height=\"424\" alt=\"\" \/><\/a><\/div><div class=\"rl-gallery-item\"><a href=\"https:\/\/sbt.ug.edu.pl\/wp-content\/uploads\/2019\/07\/16-2.jpg\" title=\"16. Promenade in Karlshamn; author: Rita Dizaviciene\/ BHR\" data-rl_title=\"16. Promenade in Karlshamn; author: Rita Dizaviciene\/ BHR\" class=\"rl-gallery-link\" data-rl_caption=\"\" data-rel=\"lightbox-gallery-1\"><img src=\"https:\/\/sbt.ug.edu.pl\/wp-content\/uploads\/2019\/07\/16-2-768x509.jpg\" width=\"640\" height=\"424\" alt=\"\" \/><\/a><\/div><div class=\"rl-gallery-item\"><a href=\"https:\/\/sbt.ug.edu.pl\/wp-content\/uploads\/2019\/07\/17-2.jpg\" title=\"17. Garden park in Karlshamn; author: Rita Dizaviciene\/ BHR\" data-rl_title=\"17. Garden park in Karlshamn; author: Rita Dizaviciene\/ BHR\" class=\"rl-gallery-link\" data-rl_caption=\"\" data-rel=\"lightbox-gallery-1\"><img src=\"https:\/\/sbt.ug.edu.pl\/wp-content\/uploads\/2019\/07\/17-2-768x509.jpg\" width=\"640\" height=\"424\" alt=\"\" \/><\/a><\/div><div class=\"rl-gallery-item\"><a href=\"https:\/\/sbt.ug.edu.pl\/wp-content\/uploads\/2019\/07\/18-1.jpg\" title=\"18. Promenade in Karlshamn; author: Rita Dizaviciene\/ BHR\" data-rl_title=\"18. Promenade in Karlshamn; author: Rita Dizaviciene\/ BHR\" class=\"rl-gallery-link\" data-rl_caption=\"\" data-rel=\"lightbox-gallery-1\"><img src=\"https:\/\/sbt.ug.edu.pl\/wp-content\/uploads\/2019\/07\/18-1-768x509.jpg\" width=\"640\" height=\"424\" alt=\"\" \/><\/a><\/div><div class=\"rl-gallery-item\"><a href=\"https:\/\/sbt.ug.edu.pl\/wp-content\/uploads\/2019\/07\/19.jpg\" title=\"19. Promenade in Karlshamn; author: Rita Dizaviciene\/ BHR\" data-rl_title=\"19. Promenade in Karlshamn; author: Rita Dizaviciene\/ BHR\" class=\"rl-gallery-link\" data-rl_caption=\"\" data-rel=\"lightbox-gallery-1\"><img src=\"https:\/\/sbt.ug.edu.pl\/wp-content\/uploads\/2019\/07\/19-768x509.jpg\" width=\"640\" height=\"424\" alt=\"\" \/><\/a><\/div> <\/div> <\/div><\/code><\/p>\n<p style=\"text-align: justify;\"><span style=\"font-size: medium;\">\u00a0<\/span><\/p>\n<p><\/p>","protected":false},"excerpt":{"rendered":"<p>Tyv\u00e4rr \u00e4r denna artikel enbart tillg\u00e4nglig p\u00e5 Amerikansk Engelska, Tyska och Polska. For the sake of viewer convenience, the content is shown below in this site default language. You may click one of the links to switch the site language to another available language. LOCATION The city of southeastern Sweden, in the province of Blekinge, [&hellip;]<\/p>\n","protected":false},"author":3,"featured_media":0,"parent":484,"menu_order":0,"comment_status":"closed","ping_status":"closed","template":"","meta":[],"categories":[34,15,28],"tags":[],"_links":{"self":[{"href":"https:\/\/sbt.ug.edu.pl\/sv\/wp-json\/wp\/v2\/pages\/1693"}],"collection":[{"href":"https:\/\/sbt.ug.edu.pl\/sv\/wp-json\/wp\/v2\/pages"}],"about":[{"href":"https:\/\/sbt.ug.edu.pl\/sv\/wp-json\/wp\/v2\/types\/page"}],"author":[{"embeddable":true,"href":"https:\/\/sbt.ug.edu.pl\/sv\/wp-json\/wp\/v2\/users\/3"}],"replies":[{"embeddable":true,"href":"https:\/\/sbt.ug.edu.pl\/sv\/wp-json\/wp\/v2\/comments?post=1693"}],"version-history":[{"count":6,"href":"https:\/\/sbt.ug.edu.pl\/sv\/wp-json\/wp\/v2\/pages\/1693\/revisions"}],"predecessor-version":[{"id":5359,"href":"https:\/\/sbt.ug.edu.pl\/sv\/wp-json\/wp\/v2\/pages\/1693\/revisions\/5359"}],"up":[{"embeddable":true,"href":"https:\/\/sbt.ug.edu.pl\/sv\/wp-json\/wp\/v2\/pages\/484"}],"wp:attachment":[{"href":"https:\/\/sbt.ug.edu.pl\/sv\/wp-json\/wp\/v2\/media?parent=1693"}],"wp:term":[{"taxonomy":"category","embeddable":true,"href":"https:\/\/sbt.ug.edu.pl\/sv\/wp-json\/wp\/v2\/categories?post=1693"},{"taxonomy":"post_tag","embeddable":true,"href":"https:\/\/sbt.ug.edu.pl\/sv\/wp-json\/wp\/v2\/tags?post=1693"}],"curies":[{"name":"wp","href":"https:\/\/api.w.org\/{rel}","templated":true}]}}