{"id":1697,"date":"2019-07-10T11:26:53","date_gmt":"2019-07-10T09:26:53","guid":{"rendered":"https:\/\/southbaltic-tourist.eu\/?page_id=1697"},"modified":"2020-02-21T00:19:03","modified_gmt":"2020-02-21T00:19:03","slug":"4-solvesborg-bay","status":"publish","type":"page","link":"https:\/\/sbt.ug.edu.pl\/sv\/routes\/south-baltic-scenic-coastal-road\/4-solvesborg-bay\/","title":{"rendered":"(English) 4. S\u00d6LVESBORG BAY"},"content":{"rendered":"<p class=\"qtranxs-available-languages-message qtranxs-available-languages-message-sv\">Tyv\u00e4rr \u00e4r denna artikel enbart tillg\u00e4nglig p\u00e5 <a href=\"https:\/\/sbt.ug.edu.pl\/en\/wp-json\/wp\/v2\/pages\/1697\" class=\"qtranxs-available-language-link qtranxs-available-language-link-en\" title=\"English\">Amerikansk Engelska<\/a>, <a href=\"https:\/\/sbt.ug.edu.pl\/de\/wp-json\/wp\/v2\/pages\/1697\" class=\"qtranxs-available-language-link qtranxs-available-language-link-de\" title=\"Deutsch\">Tyska<\/a> och <a href=\"https:\/\/sbt.ug.edu.pl\/pl\/wp-json\/wp\/v2\/pages\/1697\" class=\"qtranxs-available-language-link qtranxs-available-language-link-pl\" title=\"Polski\">Polska<\/a>. For the sake of viewer convenience, the content is shown below in this site default language. You may click one of the links to switch the site language to another available language.<\/p><p><\/p>\n<p style=\"text-align: justify;\"><span style=\"font-size: medium;\"><b>LOCATION<\/b><\/span><\/p>\n<p style=\"text-align: justify;\"><span style=\"font-size: medium;\">S\u00f6lvesborg is a municipality in Blekinge County in southern Sweden, and it borders to Brom\u00f6lla, Olofstr\u00f6m and Karlshamn municipalities. The city has good transport links by railroad and motorway connecting with other cities in Sweden. <\/span><\/p>\n<p style=\"text-align: justify;\"><img decoding=\"async\" loading=\"lazy\" class=\"alignleft wp-image-1698\" src=\"https:\/\/southbaltic-tourist.eu\/wp-content\/uploads\/2019\/07\/4.jpg\" alt=\"\" width=\"603\" height=\"400\" srcset=\"https:\/\/sbt.ug.edu.pl\/wp-content\/uploads\/2019\/07\/4.jpg 967w, https:\/\/sbt.ug.edu.pl\/wp-content\/uploads\/2019\/07\/4-300x199.jpg 300w, https:\/\/sbt.ug.edu.pl\/wp-content\/uploads\/2019\/07\/4-768x509.jpg 768w, https:\/\/sbt.ug.edu.pl\/wp-content\/uploads\/2019\/07\/4-150x99.jpg 150w\" sizes=\"(max-width: 603px) 100vw, 603px\" \/><\/p>\n<p style=\"text-align: justify;\"><a href=\"https:\/\/southbaltic-tourist.eu\/wp-content\/uploads\/2020\/02\/R5.04-solvesborg-bay.png\" data-rel=\"lightbox-gallery-zC6N9oKy\" data-rl_title=\"\" data-rl_caption=\"\" title=\"\"><img decoding=\"async\" loading=\"lazy\" class=\"alignnone wp-image-5361\" src=\"https:\/\/southbaltic-tourist.eu\/wp-content\/uploads\/2020\/02\/R5.04-solvesborg-bay-300x256.png\" alt=\"\" width=\"469\" height=\"400\" srcset=\"https:\/\/sbt.ug.edu.pl\/wp-content\/uploads\/2020\/02\/R5.04-solvesborg-bay-300x256.png 300w, https:\/\/sbt.ug.edu.pl\/wp-content\/uploads\/2020\/02\/R5.04-solvesborg-bay-1024x874.png 1024w, https:\/\/sbt.ug.edu.pl\/wp-content\/uploads\/2020\/02\/R5.04-solvesborg-bay-768x655.png 768w, https:\/\/sbt.ug.edu.pl\/wp-content\/uploads\/2020\/02\/R5.04-solvesborg-bay-1536x1310.png 1536w, https:\/\/sbt.ug.edu.pl\/wp-content\/uploads\/2020\/02\/R5.04-solvesborg-bay-150x128.png 150w, https:\/\/sbt.ug.edu.pl\/wp-content\/uploads\/2020\/02\/R5.04-solvesborg-bay.png 1600w\" sizes=\"(max-width: 469px) 100vw, 469px\" \/><\/a><\/p>\n<p><a href=\"https:\/\/www.google.pl\/maps\/place\/Listerlandet\/@56.0500112,14.6132954,12z\/data=!4m5!3m4!1s0x46569d7c1df872a5:0x9116b4e0f0ec8da6!8m2!3d56.05!4d14.6833333\" target=\"_blank\" rel=\"noopener noreferrer\">View on Google Maps<\/a><\/p>\n<p style=\"text-align: justify;\"><span style=\"font-size: medium;\"><b>SCENIC CHARACTER <\/b><\/span><\/p>\n<p style=\"text-align: justify;\"><span style=\"font-size: medium;\">S\u00f6lvesborg (A) is a charming medieval city, proud of fantastic white sandy beaches, picturesque streets and cozy old town area with many local restaurants and shops. The Old town is well preserved and has unique medieval St. Nicolai church with unique wall paintings since 13th century. The main landmark of the city is the bridge (S\u00f6lvesborgsbron) across the bay, claimed Europe\u2019s longest foot and bicycle bridge, and one of the most innovative bridges in the world due to its sculptural shape and spectacular lighting. The S\u00f6lvesborg bridge connects the center of this Swedish town with a recently built residential area and Listerlandet peninsula (B,C,D,E), therefore the bay provides a beautiful place for leisure activities such as walking, cycling, or fishing on the shore. Magnificient views of the bay and marina can be enjoyed while having a nice picnic on the bridge and watching romantic sunsets and birdlife around the marina. <\/span><\/p>\n<p style=\"text-align: justify;\"><span style=\"font-size: medium;\"><b>ATTRACTIONS<\/b><\/span><\/p>\n<p style=\"text-align: justify;\"><span style=\"font-size: medium;\">Cycling route in Listerlandet (cycling tour 45km) in the peninsula of S\u00f6lvesborg, covering fishing villages of Vasta och Ostra Torso, Istaby, H\u00e4llevik, Stiby backe nature reserve and Nogersund (E) \u2013 today one of the Sweden\u2019s largest fishing harbours. Sailing from Norgesund to Han\u00f6 (F) island just 25min trip, or by ferry. Regular boat trips are organised from Norgesund port to Han\u00f6 island, a very popular excursion area due to legendary lighthouse which beams its light 40 km across the bay. For more adventure you may have an alternative choice to cycle in the surroundings of Ryssberget hill, made up of some of the oldest stone in Blekinge, so-called metavulcanites created about 1700 million years ago. Popular Ryssberget Mountain Bike Trails are organised daily.<\/span><\/p>\n<p><code><div class=\"rl-gallery-container rl-loading\" id=\"rl-gallery-container-1\" data-gallery_id=\"3035\"> <div class=\"rl-gallery rl-basicgrid-gallery \" id=\"rl-gallery-1\" data-gallery_no=\"1\"> <div class=\"rl-gallery-item\"><a href=\"https:\/\/sbt.ug.edu.pl\/wp-content\/uploads\/2019\/07\/20.jpg\" title=\"20. Solvesborg bay &amp; bridge; author: Rita Dizaviciene\/ BHR\" data-rl_title=\"20. Solvesborg bay &amp; bridge; author: Rita Dizaviciene\/ BHR\" class=\"rl-gallery-link\" data-rl_caption=\"\" data-rel=\"lightbox-gallery-1\"><img src=\"https:\/\/sbt.ug.edu.pl\/wp-content\/uploads\/2019\/07\/20-768x509.jpg\" width=\"640\" height=\"424\" alt=\"\" \/><\/a><\/div><div class=\"rl-gallery-item\"><a href=\"https:\/\/sbt.ug.edu.pl\/wp-content\/uploads\/2019\/07\/21.jpg\" title=\"21. Old town street of Solvesborg; auhor: Rita Dizaviciene\/ BHR\" data-rl_title=\"21. Old town street of Solvesborg; auhor: Rita Dizaviciene\/ BHR\" class=\"rl-gallery-link\" data-rl_caption=\"\" data-rel=\"lightbox-gallery-1\"><img src=\"https:\/\/sbt.ug.edu.pl\/wp-content\/uploads\/2019\/07\/21-768x509.jpg\" width=\"640\" height=\"424\" alt=\"\" \/><\/a><\/div><div class=\"rl-gallery-item\"><a href=\"https:\/\/sbt.ug.edu.pl\/wp-content\/uploads\/2019\/07\/22.jpg\" title=\"22. St. Nicolai church, Solvesborg; author: Rita Dizaviciene\/ BHR\" data-rl_title=\"22. St. Nicolai church, Solvesborg; author: Rita Dizaviciene\/ BHR\" class=\"rl-gallery-link\" data-rl_caption=\"\" data-rel=\"lightbox-gallery-1\"><img src=\"https:\/\/sbt.ug.edu.pl\/wp-content\/uploads\/2019\/07\/22-768x509.jpg\" width=\"640\" height=\"424\" alt=\"\" \/><\/a><\/div><div class=\"rl-gallery-item\"><a href=\"https:\/\/sbt.ug.edu.pl\/wp-content\/uploads\/2019\/07\/23.jpg\" title=\"23. Marina, Solvesborg; author: Rita Dizaviciene\/ BHR\" data-rl_title=\"23. Marina, Solvesborg; author: Rita Dizaviciene\/ BHR\" class=\"rl-gallery-link\" data-rl_caption=\"\" data-rel=\"lightbox-gallery-1\"><img src=\"https:\/\/sbt.ug.edu.pl\/wp-content\/uploads\/2019\/07\/23-768x509.jpg\" width=\"640\" height=\"424\" alt=\"\" \/><\/a><\/div><div class=\"rl-gallery-item\"><a href=\"https:\/\/sbt.ug.edu.pl\/wp-content\/uploads\/2019\/07\/24.jpg\" title=\"24. Solvesborg bridge; author: Rita Dizaviciene\/ BHR\" data-rl_title=\"24. Solvesborg bridge; author: Rita Dizaviciene\/ BHR\" class=\"rl-gallery-link\" data-rl_caption=\"\" data-rel=\"lightbox-gallery-1\"><img src=\"https:\/\/sbt.ug.edu.pl\/wp-content\/uploads\/2019\/07\/24-768x509.jpg\" width=\"640\" height=\"424\" alt=\"\" \/><\/a><\/div><div class=\"rl-gallery-item\"><a href=\"https:\/\/sbt.ug.edu.pl\/wp-content\/uploads\/2019\/07\/25.jpg\" title=\"25. Solvesborg bridge by night; author: Anki Bagan\" data-rl_title=\"25. Solvesborg bridge by night; author: Anki Bagan\" class=\"rl-gallery-link\" data-rl_caption=\"\" data-rel=\"lightbox-gallery-1\"><img src=\"https:\/\/sbt.ug.edu.pl\/wp-content\/uploads\/2019\/07\/25-768x576.jpg\" width=\"640\" height=\"480\" alt=\"\" \/><\/a><\/div> <\/div> <\/div><\/code><\/p>","protected":false},"excerpt":{"rendered":"<p>Tyv\u00e4rr \u00e4r denna artikel enbart tillg\u00e4nglig p\u00e5 Amerikansk Engelska, Tyska och Polska. For the sake of viewer convenience, the content is shown below in this site default language. You may click one of the links to switch the site language to another available language. LOCATION S\u00f6lvesborg is a municipality in Blekinge County in southern Sweden, [&hellip;]<\/p>\n","protected":false},"author":3,"featured_media":0,"parent":484,"menu_order":0,"comment_status":"closed","ping_status":"closed","template":"","meta":[],"categories":[34,15,28],"tags":[],"_links":{"self":[{"href":"https:\/\/sbt.ug.edu.pl\/sv\/wp-json\/wp\/v2\/pages\/1697"}],"collection":[{"href":"https:\/\/sbt.ug.edu.pl\/sv\/wp-json\/wp\/v2\/pages"}],"about":[{"href":"https:\/\/sbt.ug.edu.pl\/sv\/wp-json\/wp\/v2\/types\/page"}],"author":[{"embeddable":true,"href":"https:\/\/sbt.ug.edu.pl\/sv\/wp-json\/wp\/v2\/users\/3"}],"replies":[{"embeddable":true,"href":"https:\/\/sbt.ug.edu.pl\/sv\/wp-json\/wp\/v2\/comments?post=1697"}],"version-history":[{"count":7,"href":"https:\/\/sbt.ug.edu.pl\/sv\/wp-json\/wp\/v2\/pages\/1697\/revisions"}],"predecessor-version":[{"id":5364,"href":"https:\/\/sbt.ug.edu.pl\/sv\/wp-json\/wp\/v2\/pages\/1697\/revisions\/5364"}],"up":[{"embeddable":true,"href":"https:\/\/sbt.ug.edu.pl\/sv\/wp-json\/wp\/v2\/pages\/484"}],"wp:attachment":[{"href":"https:\/\/sbt.ug.edu.pl\/sv\/wp-json\/wp\/v2\/media?parent=1697"}],"wp:term":[{"taxonomy":"category","embeddable":true,"href":"https:\/\/sbt.ug.edu.pl\/sv\/wp-json\/wp\/v2\/categories?post=1697"},{"taxonomy":"post_tag","embeddable":true,"href":"https:\/\/sbt.ug.edu.pl\/sv\/wp-json\/wp\/v2\/tags?post=1697"}],"curies":[{"name":"wp","href":"https:\/\/api.w.org\/{rel}","templated":true}]}}