{"id":1714,"date":"2019-07-10T11:39:28","date_gmt":"2019-07-10T09:39:28","guid":{"rendered":"https:\/\/southbaltic-tourist.eu\/?page_id=1714"},"modified":"2020-02-21T00:51:05","modified_gmt":"2020-02-21T00:51:05","slug":"8-manors-in-kretinga-and-plunge","status":"publish","type":"page","link":"https:\/\/sbt.ug.edu.pl\/sv\/routes\/south-baltic-scenic-coastal-road\/8-manors-in-kretinga-and-plunge\/","title":{"rendered":"(English) 8. MANORS IN KRETINGA AND PLUNG\u0116"},"content":{"rendered":"<p class=\"qtranxs-available-languages-message qtranxs-available-languages-message-sv\">Tyv\u00e4rr \u00e4r denna artikel enbart tillg\u00e4nglig p\u00e5 <a href=\"https:\/\/sbt.ug.edu.pl\/en\/wp-json\/wp\/v2\/pages\/1714\" class=\"qtranxs-available-language-link qtranxs-available-language-link-en\" title=\"English\">Amerikansk Engelska<\/a>, <a href=\"https:\/\/sbt.ug.edu.pl\/de\/wp-json\/wp\/v2\/pages\/1714\" class=\"qtranxs-available-language-link qtranxs-available-language-link-de\" title=\"Deutsch\">Tyska<\/a> och <a href=\"https:\/\/sbt.ug.edu.pl\/pl\/wp-json\/wp\/v2\/pages\/1714\" class=\"qtranxs-available-language-link qtranxs-available-language-link-pl\" title=\"Polski\">Polska<\/a>. For the sake of viewer convenience, the content is shown below in this site default language. You may click one of the links to switch the site language to another available language.<\/p><p><\/p>\n<p style=\"text-align: justify;\"><span style=\"font-size: medium;\"><b>LOCATION<\/b><\/span><\/p>\n<p style=\"text-align: justify;\"><span style=\"font-size: medium;\">Kretinga and Plung\u0117 towns are connected by highway A11 and have good railway and bus connection <\/span><span style=\"font-size: medium;\">with other cities in Lithuania.<\/span><\/p>\n<p style=\"text-align: justify;\"><img decoding=\"async\" loading=\"lazy\" class=\"alignleft wp-image-1715\" src=\"https:\/\/southbaltic-tourist.eu\/wp-content\/uploads\/2019\/07\/8-1.jpg\" alt=\"\" width=\"645\" height=\"350\" srcset=\"https:\/\/sbt.ug.edu.pl\/wp-content\/uploads\/2019\/07\/8-1.jpg 800w, https:\/\/sbt.ug.edu.pl\/wp-content\/uploads\/2019\/07\/8-1-300x163.jpg 300w, https:\/\/sbt.ug.edu.pl\/wp-content\/uploads\/2019\/07\/8-1-768x417.jpg 768w, https:\/\/sbt.ug.edu.pl\/wp-content\/uploads\/2019\/07\/8-1-150x81.jpg 150w\" sizes=\"(max-width: 645px) 100vw, 645px\" \/><\/p>\n<p style=\"text-align: justify;\"><a href=\"https:\/\/southbaltic-tourist.eu\/wp-content\/uploads\/2020\/02\/R5.08-MANORS-IN-KRETINGA-AND-PLUNG\u0116.png\" data-rel=\"lightbox-gallery-6gxTCCni\" data-rl_title=\"\" data-rl_caption=\"\" title=\"\"><img decoding=\"async\" loading=\"lazy\" class=\"alignnone wp-image-5375\" src=\"https:\/\/southbaltic-tourist.eu\/wp-content\/uploads\/2020\/02\/R5.08-MANORS-IN-KRETINGA-AND-PLUNG\u0116-300x256.png\" alt=\"\" width=\"410\" height=\"350\" srcset=\"https:\/\/sbt.ug.edu.pl\/wp-content\/uploads\/2020\/02\/R5.08-MANORS-IN-KRETINGA-AND-PLUNG\u0116-300x256.png 300w, https:\/\/sbt.ug.edu.pl\/wp-content\/uploads\/2020\/02\/R5.08-MANORS-IN-KRETINGA-AND-PLUNG\u0116-1024x874.png 1024w, https:\/\/sbt.ug.edu.pl\/wp-content\/uploads\/2020\/02\/R5.08-MANORS-IN-KRETINGA-AND-PLUNG\u0116-768x655.png 768w, https:\/\/sbt.ug.edu.pl\/wp-content\/uploads\/2020\/02\/R5.08-MANORS-IN-KRETINGA-AND-PLUNG\u0116-1536x1310.png 1536w, https:\/\/sbt.ug.edu.pl\/wp-content\/uploads\/2020\/02\/R5.08-MANORS-IN-KRETINGA-AND-PLUNG\u0116-150x128.png 150w, https:\/\/sbt.ug.edu.pl\/wp-content\/uploads\/2020\/02\/R5.08-MANORS-IN-KRETINGA-AND-PLUNG\u0116.png 1600w\" sizes=\"(max-width: 410px) 100vw, 410px\" \/><\/a><\/p>\n<p><a href=\"https:\/\/www.google.pl\/maps\/place\/Kretynga,+Litwa\/@55.884601,21.2788653,11z\/data=!4m5!3m4!1s0x46e5269d4b9d7fa7:0xa6de45b79f12a57b!8m2!3d55.883842!4d21.2350919\" target=\"_blank\" rel=\"noopener noreferrer\">View on Google Maps<\/a><\/p>\n<p style=\"text-align: justify;\"><span style=\"font-size: medium;\"><b>SCENIC CHARACTER <\/b><\/span><\/p>\n<p style=\"text-align: justify;\"><span style=\"font-size: medium;\">Kretinga is one of the oldest settlements in Lithuania, also called the Franciscan capital due to 5 established monasteries here. Kretinga district is famous not only for the abundance and diversity of cultural heritage objects, but also for its <\/span><span style=\"font-size: medium;\">unique countryside &#8211; manors, mythological places, bridges, mills, monuments, and unique homesteads. The old territory of Kretinga town (31.3 ha) is a monument of archeology and urbanism because the city\u2019s central part is constructed in a rectangular plan. There are many rivers, lakes, ponds in the area, very suitable for active recreation \u2013 kayaking and fishing. <\/span><\/p>\n<p style=\"text-align: justify;\"><span style=\"font-size: medium;\">Plung\u0117 town is another picturesque town to stop for its famous landmark &#8211; Plung\u0117 <\/span><span style=\"font-size: medium;\">estate and park ensemble which houses the Samogitian Art Museum, manor buildings, the neo-gothic stables, the horse stables, and the exposition of the ancient folk art. Admire the legendary and natural monument, the \u201cThunder oak\u201d, growing in the central part of the park. The region is also full of rivers, lakes, ponds and holds the Samogitian national park. <\/span><\/p>\n<p style=\"text-align: justify;\"><span style=\"font-size: medium;\"><b>ATTRACTIONS<\/b><\/span><\/p>\n<p style=\"text-align: justify;\"><span style=\"font-size: medium;\">Visit Kretinga museum with Winter Garden, holding <\/span><span style=\"font-size: medium;\">nearly<\/span><span style=\"font-size: medium;\"> 600 different plants from the entire world, stay for lovely break inside the gardens at the restaurant \u201ePas Graf\u0105\u201d, and walk around in the park which is full of round the ponds, Stone of Love and Astronomic Calendar with the Sundial. <\/span><\/p>\n<p style=\"text-align: justify;\"><span style=\"font-size: medium;\">A canoe trip in Kretinga district also offers many trails of covering scenic landscapes and breathtaking views. <\/span><\/p>\n<p style=\"text-align: justify;\"><span style=\"font-size: medium;\">Visit Manor state and park ensemble in Plung\u0117 and Samogitian national park where you may stay in Plateliai for water sports, scuba-diving activities.<\/span><\/p>\n<p><code><div class=\"rl-gallery-container rl-loading\" id=\"rl-gallery-container-1\" data-gallery_id=\"3043\"> <div class=\"rl-gallery rl-basicgrid-gallery \" id=\"rl-gallery-1\" data-gallery_no=\"1\"> <div class=\"rl-gallery-item\"><a href=\"https:\/\/sbt.ug.edu.pl\/wp-content\/uploads\/2019\/07\/52.jpg\" title=\"52. Tel\u0161iai view; internet source\" data-rl_title=\"52. Tel\u0161iai view; internet source\" class=\"rl-gallery-link\" data-rl_caption=\"\" data-rel=\"lightbox-gallery-1\"><img src=\"https:\/\/sbt.ug.edu.pl\/wp-content\/uploads\/2019\/07\/52-768x432.jpg\" width=\"640\" height=\"360\" alt=\"\" \/><\/a><\/div><div class=\"rl-gallery-item\"><a href=\"https:\/\/sbt.ug.edu.pl\/wp-content\/uploads\/2019\/07\/53.jpg\" title=\"53. Tel\u0161iai symbol; internet source\" data-rl_title=\"53. Tel\u0161iai symbol; internet source\" class=\"rl-gallery-link\" data-rl_caption=\"\" data-rel=\"lightbox-gallery-1\"><img src=\"https:\/\/sbt.ug.edu.pl\/wp-content\/uploads\/2019\/07\/53-768x512.jpg\" width=\"640\" height=\"427\" alt=\"\" \/><\/a><\/div><div class=\"rl-gallery-item\"><a href=\"https:\/\/sbt.ug.edu.pl\/wp-content\/uploads\/2019\/07\/54.jpg\" title=\"54. Tel\u0161iai city; internet source\" data-rl_title=\"54. Tel\u0161iai city; internet source\" class=\"rl-gallery-link\" data-rl_caption=\"\" data-rel=\"lightbox-gallery-1\"><img src=\"https:\/\/sbt.ug.edu.pl\/wp-content\/uploads\/2019\/07\/54-768x576.jpg\" width=\"640\" height=\"480\" alt=\"\" \/><\/a><\/div><div class=\"rl-gallery-item\"><a href=\"https:\/\/sbt.ug.edu.pl\/wp-content\/uploads\/2019\/07\/55.jpg\" title=\"55. Tel\u0161iai city; internet source\" data-rl_title=\"55. Tel\u0161iai city; internet source\" class=\"rl-gallery-link\" data-rl_caption=\"\" data-rel=\"lightbox-gallery-1\"><img src=\"https:\/\/sbt.ug.edu.pl\/wp-content\/uploads\/2019\/07\/55-768x511.jpg\" width=\"640\" height=\"426\" alt=\"\" \/><\/a><\/div><div class=\"rl-gallery-item\"><a href=\"https:\/\/sbt.ug.edu.pl\/wp-content\/uploads\/2019\/07\/56.jpg\" title=\"56. Birzuvenai mansion; internet source\" data-rl_title=\"56. Birzuvenai mansion; internet source\" class=\"rl-gallery-link\" data-rl_caption=\"\" data-rel=\"lightbox-gallery-1\"><img src=\"https:\/\/sbt.ug.edu.pl\/wp-content\/uploads\/2019\/07\/56.jpg\" width=\"600\" height=\"415\" alt=\"\" \/><\/a><\/div><div class=\"rl-gallery-item\"><a href=\"https:\/\/sbt.ug.edu.pl\/wp-content\/uploads\/2019\/07\/57.jpg\" title=\"57. Satrija Hill; internet source\" data-rl_title=\"57. Satrija Hill; internet source\" class=\"rl-gallery-link\" data-rl_caption=\"\" data-rel=\"lightbox-gallery-1\"><img src=\"https:\/\/sbt.ug.edu.pl\/wp-content\/uploads\/2019\/07\/57-768x576.jpg\" width=\"640\" height=\"480\" alt=\"\" \/><\/a><\/div><div class=\"rl-gallery-item\"><a href=\"https:\/\/sbt.ug.edu.pl\/wp-content\/uploads\/2019\/07\/58.jpg\" title=\"58. Angel&#039;s Mill farmstead; internet source\" data-rl_title=\"58. Angel&#039;s Mill farmstead; internet source\" class=\"rl-gallery-link\" data-rl_caption=\"\" data-rel=\"lightbox-gallery-1\"><img src=\"https:\/\/sbt.ug.edu.pl\/wp-content\/uploads\/2019\/07\/58.jpg\" width=\"384\" height=\"256\" alt=\"\" \/><\/a><\/div><div class=\"rl-gallery-item\"><a href=\"https:\/\/sbt.ug.edu.pl\/wp-content\/uploads\/2019\/07\/59.jpg\" title=\"\" data-rl_title=\"\" class=\"rl-gallery-link\" data-rl_caption=\"\" data-rel=\"lightbox-gallery-1\"><img src=\"https:\/\/sbt.ug.edu.pl\/wp-content\/uploads\/2019\/07\/59-768x431.jpg\" width=\"640\" height=\"359\" alt=\"\" \/><\/a><\/div> <\/div> <\/div><\/code><\/p>\n<p style=\"text-align: justify;\"><span style=\"font-size: medium;\">\u00a0<\/span><\/p>\n<p style=\"text-align: justify;\"><span style=\"font-size: medium;\">\u00a0<\/span><\/p>\n<p><\/p>","protected":false},"excerpt":{"rendered":"<p>Tyv\u00e4rr \u00e4r denna artikel enbart tillg\u00e4nglig p\u00e5 Amerikansk Engelska, Tyska och Polska. For the sake of viewer convenience, the content is shown below in this site default language. You may click one of the links to switch the site language to another available language. LOCATION Kretinga and Plung\u0117 towns are connected by highway A11 and [&hellip;]<\/p>\n","protected":false},"author":3,"featured_media":0,"parent":484,"menu_order":0,"comment_status":"closed","ping_status":"closed","template":"","meta":[],"categories":[34,15,28],"tags":[],"_links":{"self":[{"href":"https:\/\/sbt.ug.edu.pl\/sv\/wp-json\/wp\/v2\/pages\/1714"}],"collection":[{"href":"https:\/\/sbt.ug.edu.pl\/sv\/wp-json\/wp\/v2\/pages"}],"about":[{"href":"https:\/\/sbt.ug.edu.pl\/sv\/wp-json\/wp\/v2\/types\/page"}],"author":[{"embeddable":true,"href":"https:\/\/sbt.ug.edu.pl\/sv\/wp-json\/wp\/v2\/users\/3"}],"replies":[{"embeddable":true,"href":"https:\/\/sbt.ug.edu.pl\/sv\/wp-json\/wp\/v2\/comments?post=1714"}],"version-history":[{"count":6,"href":"https:\/\/sbt.ug.edu.pl\/sv\/wp-json\/wp\/v2\/pages\/1714\/revisions"}],"predecessor-version":[{"id":5377,"href":"https:\/\/sbt.ug.edu.pl\/sv\/wp-json\/wp\/v2\/pages\/1714\/revisions\/5377"}],"up":[{"embeddable":true,"href":"https:\/\/sbt.ug.edu.pl\/sv\/wp-json\/wp\/v2\/pages\/484"}],"wp:attachment":[{"href":"https:\/\/sbt.ug.edu.pl\/sv\/wp-json\/wp\/v2\/media?parent=1714"}],"wp:term":[{"taxonomy":"category","embeddable":true,"href":"https:\/\/sbt.ug.edu.pl\/sv\/wp-json\/wp\/v2\/categories?post=1714"},{"taxonomy":"post_tag","embeddable":true,"href":"https:\/\/sbt.ug.edu.pl\/sv\/wp-json\/wp\/v2\/tags?post=1714"}],"curies":[{"name":"wp","href":"https:\/\/api.w.org\/{rel}","templated":true}]}}