{"id":1722,"date":"2019-07-10T11:45:47","date_gmt":"2019-07-10T09:45:47","guid":{"rendered":"https:\/\/southbaltic-tourist.eu\/?page_id=1722"},"modified":"2020-02-21T02:14:41","modified_gmt":"2020-02-21T02:14:41","slug":"10-katy-rybackie","status":"publish","type":"page","link":"https:\/\/sbt.ug.edu.pl\/sv\/routes\/south-baltic-scenic-coastal-road\/10-katy-rybackie\/","title":{"rendered":"(English) 10. K\u0104TY RYBACKIE"},"content":{"rendered":"<p class=\"qtranxs-available-languages-message qtranxs-available-languages-message-sv\">Tyv\u00e4rr \u00e4r denna artikel enbart tillg\u00e4nglig p\u00e5 <a href=\"https:\/\/sbt.ug.edu.pl\/en\/wp-json\/wp\/v2\/pages\/1722\" class=\"qtranxs-available-language-link qtranxs-available-language-link-en\" title=\"English\">Amerikansk Engelska<\/a>, <a href=\"https:\/\/sbt.ug.edu.pl\/de\/wp-json\/wp\/v2\/pages\/1722\" class=\"qtranxs-available-language-link qtranxs-available-language-link-de\" title=\"Deutsch\">Tyska<\/a> och <a href=\"https:\/\/sbt.ug.edu.pl\/pl\/wp-json\/wp\/v2\/pages\/1722\" class=\"qtranxs-available-language-link qtranxs-available-language-link-pl\" title=\"Polski\">Polska<\/a>. For the sake of viewer convenience, the content is shown below in this site default language. You may click one of the links to switch the site language to another available language.<\/p><p><\/p>\n<p style=\"text-align: justify;\"><span style=\"font-family: Segoe UI, serif;\"><span style=\"font-size: medium;\"><span lang=\"en-US\"><b>LOCATION<\/b><\/span><\/span><\/span><\/p>\n<p style=\"text-align: justify;\" align=\"JUSTIFY\"><span style=\"font-family: georgia, palatino, serif;\"><span style=\"font-size: medium;\"><span lang=\"en-US\">K\u0105ty Rybackie is a village situated on the Vistula Spit on the west coast of the Vistula Lagoon, within the area of \u017bu\u0142awy Wi\u015blane. It is communicated with Gda\u0144sk by roads (a distance of 56 kilometres). Available also from the sea. The village is located in Pomeranian Voivodeship in Poland, 54\u00b020\u2032N\u00a019\u00b014\u2032E.<\/span><\/span><\/span><\/p>\n<p style=\"text-align: justify;\" align=\"JUSTIFY\"><img decoding=\"async\" loading=\"lazy\" class=\"alignleft wp-image-1723\" src=\"https:\/\/southbaltic-tourist.eu\/wp-content\/uploads\/2019\/07\/10-1.jpg\" alt=\"\" width=\"599\" height=\"400\" srcset=\"https:\/\/sbt.ug.edu.pl\/wp-content\/uploads\/2019\/07\/10-1.jpg 1023w, https:\/\/sbt.ug.edu.pl\/wp-content\/uploads\/2019\/07\/10-1-300x200.jpg 300w, https:\/\/sbt.ug.edu.pl\/wp-content\/uploads\/2019\/07\/10-1-768x513.jpg 768w, https:\/\/sbt.ug.edu.pl\/wp-content\/uploads\/2019\/07\/10-1-150x100.jpg 150w\" sizes=\"(max-width: 599px) 100vw, 599px\" \/><\/p>\n<p style=\"text-align: justify;\" align=\"JUSTIFY\"><a href=\"https:\/\/southbaltic-tourist.eu\/wp-content\/uploads\/2020\/02\/R5.10-K\u0105ty-Rybackie.png\" data-rel=\"lightbox-gallery-PuwhVwCn\" data-rl_title=\"\" data-rl_caption=\"\" title=\"\"><img decoding=\"async\" loading=\"lazy\" class=\"alignnone wp-image-5381\" src=\"https:\/\/southbaltic-tourist.eu\/wp-content\/uploads\/2020\/02\/R5.10-K\u0105ty-Rybackie-300x256.png\" alt=\"\" width=\"469\" height=\"400\" srcset=\"https:\/\/sbt.ug.edu.pl\/wp-content\/uploads\/2020\/02\/R5.10-K\u0105ty-Rybackie-300x256.png 300w, https:\/\/sbt.ug.edu.pl\/wp-content\/uploads\/2020\/02\/R5.10-K\u0105ty-Rybackie-1024x874.png 1024w, https:\/\/sbt.ug.edu.pl\/wp-content\/uploads\/2020\/02\/R5.10-K\u0105ty-Rybackie-768x655.png 768w, https:\/\/sbt.ug.edu.pl\/wp-content\/uploads\/2020\/02\/R5.10-K\u0105ty-Rybackie-1536x1310.png 1536w, https:\/\/sbt.ug.edu.pl\/wp-content\/uploads\/2020\/02\/R5.10-K\u0105ty-Rybackie-150x128.png 150w, https:\/\/sbt.ug.edu.pl\/wp-content\/uploads\/2020\/02\/R5.10-K\u0105ty-Rybackie.png 1600w\" sizes=\"(max-width: 469px) 100vw, 469px\" \/><\/a><\/p>\n<p align=\"JUSTIFY\"><a href=\"https:\/\/www.google.pl\/maps\/place\/82-110+K%C4%85ty+Rybackie\/@54.3388449,19.0896416,11z\/data=!4m5!3m4!1s0x46fd38e5c9bdc9eb:0x7c31158bb0c39449!8m2!3d54.3392912!4d19.2297164\" target=\"_blank\" rel=\"noopener noreferrer\">View on Google Maps<\/a><\/p>\n<p style=\"text-align: justify;\"><span style=\"font-size: medium;\"><span lang=\"en-US\"><b>SCENIC CHARACTER <\/b><\/span><\/span><\/p>\n<p style=\"text-align: justify;\"><span style=\"font-size: medium;\"><span lang=\"en-US\">This old fishermen village established in the 13<\/span><\/span><sup><span style=\"font-size: medium;\"><span lang=\"en-US\">th<\/span><\/span><\/sup><span style=\"font-size: medium;\"><span lang=\"en-US\"> century on the west coast of the Vistula Lagoon provides beautiful sandy beaches. K\u0105ty Rybackie is the place where you can relax breathing fresh air. You may admire unbelievably beautiful fishermen houses with roofs covered with the reed taken from the Vistula Lagoon\u2019s shore. The biggest European ornithological reserve of black cormorant and grey heron gives the impression of the place untouched by the civilization. The location between Sztutowo and Krynica Morska favours a far better understanding of the charms of preserved nature of the whole Vistula Spit. <\/span><\/span><\/p>\n<p style=\"text-align: justify;\"><span style=\"font-size: medium;\"><span lang=\"en-US\"><b>ATTRACTIONS <\/b><\/span><\/span><\/p>\n<p style=\"text-align: justify;\"><span style=\"font-size: medium;\"><span lang=\"en-US\">The area is an attractive summer resort. If you don\u2019t want to lie on the beach, you may go to beautiful forests to pick up mushrooms. Some people may want to use the cycling or Nordic walking trails. You may sleep not only in pensions, but also in the fishermen houses that are rented for tourists. You may eat in bars, restaurants and cafes. Vistula Lagoon Museum with old fishing equipments is the attraction for visitors.<\/span><\/span><\/p>\n<p>&nbsp;<\/p>","protected":false},"excerpt":{"rendered":"<p>Tyv\u00e4rr \u00e4r denna artikel enbart tillg\u00e4nglig p\u00e5 Amerikansk Engelska, Tyska och Polska. For the sake of viewer convenience, the content is shown below in this site default language. You may click one of the links to switch the site language to another available language. LOCATION K\u0105ty Rybackie is a village situated on the Vistula Spit [&hellip;]<\/p>\n","protected":false},"author":3,"featured_media":0,"parent":484,"menu_order":0,"comment_status":"closed","ping_status":"closed","template":"","meta":[],"categories":[34,15,28],"tags":[],"_links":{"self":[{"href":"https:\/\/sbt.ug.edu.pl\/sv\/wp-json\/wp\/v2\/pages\/1722"}],"collection":[{"href":"https:\/\/sbt.ug.edu.pl\/sv\/wp-json\/wp\/v2\/pages"}],"about":[{"href":"https:\/\/sbt.ug.edu.pl\/sv\/wp-json\/wp\/v2\/types\/page"}],"author":[{"embeddable":true,"href":"https:\/\/sbt.ug.edu.pl\/sv\/wp-json\/wp\/v2\/users\/3"}],"replies":[{"embeddable":true,"href":"https:\/\/sbt.ug.edu.pl\/sv\/wp-json\/wp\/v2\/comments?post=1722"}],"version-history":[{"count":11,"href":"https:\/\/sbt.ug.edu.pl\/sv\/wp-json\/wp\/v2\/pages\/1722\/revisions"}],"predecessor-version":[{"id":5383,"href":"https:\/\/sbt.ug.edu.pl\/sv\/wp-json\/wp\/v2\/pages\/1722\/revisions\/5383"}],"up":[{"embeddable":true,"href":"https:\/\/sbt.ug.edu.pl\/sv\/wp-json\/wp\/v2\/pages\/484"}],"wp:attachment":[{"href":"https:\/\/sbt.ug.edu.pl\/sv\/wp-json\/wp\/v2\/media?parent=1722"}],"wp:term":[{"taxonomy":"category","embeddable":true,"href":"https:\/\/sbt.ug.edu.pl\/sv\/wp-json\/wp\/v2\/categories?post=1722"},{"taxonomy":"post_tag","embeddable":true,"href":"https:\/\/sbt.ug.edu.pl\/sv\/wp-json\/wp\/v2\/tags?post=1722"}],"curies":[{"name":"wp","href":"https:\/\/api.w.org\/{rel}","templated":true}]}}