{"id":1738,"date":"2019-07-10T11:56:07","date_gmt":"2019-07-10T09:56:07","guid":{"rendered":"https:\/\/southbaltic-tourist.eu\/?page_id=1738"},"modified":"2020-02-21T02:27:29","modified_gmt":"2020-02-21T02:27:29","slug":"14-greifswald","status":"publish","type":"page","link":"https:\/\/sbt.ug.edu.pl\/sv\/routes\/south-baltic-scenic-coastal-road\/14-greifswald\/","title":{"rendered":"(English) 14. GREIFSWALD"},"content":{"rendered":"<p class=\"qtranxs-available-languages-message qtranxs-available-languages-message-sv\">Tyv\u00e4rr \u00e4r denna artikel enbart tillg\u00e4nglig p\u00e5 <a href=\"https:\/\/sbt.ug.edu.pl\/en\/wp-json\/wp\/v2\/pages\/1738\" class=\"qtranxs-available-language-link qtranxs-available-language-link-en\" title=\"English\">Amerikansk Engelska<\/a>, <a href=\"https:\/\/sbt.ug.edu.pl\/de\/wp-json\/wp\/v2\/pages\/1738\" class=\"qtranxs-available-language-link qtranxs-available-language-link-de\" title=\"Deutsch\">Tyska<\/a> och <a href=\"https:\/\/sbt.ug.edu.pl\/pl\/wp-json\/wp\/v2\/pages\/1738\" class=\"qtranxs-available-language-link qtranxs-available-language-link-pl\" title=\"Polski\">Polska<\/a>. For the sake of viewer convenience, the content is shown below in this site default language. You may click one of the links to switch the site language to another available language.<\/p><p><\/p>\n<p style=\"text-align: justify;\"><span style=\"font-family: Segoe UI, serif;\"><span style=\"font-size: medium;\"><span lang=\"en-US\"><b>LOCATION<\/b><\/span><\/span><\/span><\/p>\n<p style=\"text-align: justify;\" align=\"JUSTIFY\"><span style=\"font-size: medium;\"><span lang=\"en-US\">Greifswald is located in northeastern Germany of the state Mecklenburg-Vorpommern at the south end of the Bay of Greifswald. Greifswald has good railway and motorway connection with Stralsund, Z\u00fcssow, Usedom, Angerm\u00fcnde, Eberswalde, Berlin and Szczecin.<\/span><\/span><\/p>\n<p style=\"text-align: justify;\" align=\"JUSTIFY\"><img decoding=\"async\" loading=\"lazy\" class=\"alignleft wp-image-1739\" src=\"https:\/\/southbaltic-tourist.eu\/wp-content\/uploads\/2019\/07\/14-1.jpg\" alt=\"\" width=\"604\" height=\"400\" srcset=\"https:\/\/sbt.ug.edu.pl\/wp-content\/uploads\/2019\/07\/14-1.jpg 889w, https:\/\/sbt.ug.edu.pl\/wp-content\/uploads\/2019\/07\/14-1-300x199.jpg 300w, https:\/\/sbt.ug.edu.pl\/wp-content\/uploads\/2019\/07\/14-1-768x509.jpg 768w, https:\/\/sbt.ug.edu.pl\/wp-content\/uploads\/2019\/07\/14-1-150x99.jpg 150w\" sizes=\"(max-width: 604px) 100vw, 604px\" \/><\/p>\n<p style=\"text-align: justify;\" align=\"JUSTIFY\"><a href=\"https:\/\/southbaltic-tourist.eu\/wp-content\/uploads\/2020\/02\/R5.14-Greifswald.png\" data-rel=\"lightbox-gallery-ZZMXyMn6\" data-rl_title=\"\" data-rl_caption=\"\" title=\"\"><img decoding=\"async\" loading=\"lazy\" class=\"alignnone wp-image-5390\" src=\"https:\/\/southbaltic-tourist.eu\/wp-content\/uploads\/2020\/02\/R5.14-Greifswald-300x256.png\" alt=\"\" width=\"469\" height=\"400\" srcset=\"https:\/\/sbt.ug.edu.pl\/wp-content\/uploads\/2020\/02\/R5.14-Greifswald-300x256.png 300w, https:\/\/sbt.ug.edu.pl\/wp-content\/uploads\/2020\/02\/R5.14-Greifswald-1024x874.png 1024w, https:\/\/sbt.ug.edu.pl\/wp-content\/uploads\/2020\/02\/R5.14-Greifswald-768x655.png 768w, https:\/\/sbt.ug.edu.pl\/wp-content\/uploads\/2020\/02\/R5.14-Greifswald-1536x1310.png 1536w, https:\/\/sbt.ug.edu.pl\/wp-content\/uploads\/2020\/02\/R5.14-Greifswald-150x128.png 150w, https:\/\/sbt.ug.edu.pl\/wp-content\/uploads\/2020\/02\/R5.14-Greifswald.png 1600w\" sizes=\"(max-width: 469px) 100vw, 469px\" \/><\/a><\/p>\n<p align=\"JUSTIFY\"><a href=\"https:\/\/www.google.pl\/maps\/place\/Greifswald,+Niemcy\/@54.1197062,13.3432804,12z\/data=!3m1!4b1!4m5!3m4!1s0x47ab74a1a16322d7:0x4251ae8ad848290!8m2!3d54.0865463!4d13.3923414\" target=\"_blank\" rel=\"noopener noreferrer\">View on Google Maps<\/a><\/p>\n<p style=\"text-align: justify;\"><span style=\"font-size: medium;\"><span lang=\"en-US\"><b>SCENIC CHARACTER <\/b><\/span><\/span><\/p>\n<p style=\"text-align: justify;\"><span style=\"font-size: medium;\"><span lang=\"en-US\">Greifswald holds the title of being a very cultural, charming and romantic city offering to enjoy beautiful hanseatic and brick gothic architecture in the old town and visit the unique cultural objects. The area is very popular for watersports where everyone can participate in sailing, surfing, canoeing activities from the Bay and has variety of trips organised daily. The city has the second oldest university in Europe and is famous for the painter of Romanticism Caspar David Friedrich who shaped the city greatly in a romantic way. Greifswald also holds 800 years old fishing village Wieck at the Ryck river, the oldest fishing villages on the North German Baltic Sea coast, which offers a relaxing time in the marina, enjoy small beach, fantastic promenade time in the harbor pier, or admire the most beautiful sunsets on the Pomeranian coast.<\/span><\/span><\/p>\n<p style=\"text-align: justify;\"><span style=\"font-size: medium;\"><span lang=\"en-US\"><b>ATTRACTIONS <\/b><\/span><\/span><\/p>\n<p style=\"text-align: justify;\"><span style=\"font-size: medium;\"><span lang=\"en-US\">Explore the Old town within Caspar David Friedrich Walk by bike starting from the Centre which holds exhibition about the painter\u2019s life and work, the Market Square, the Pomeranian State Museum, Cathedral and continues to the University, Jakobikirche and ending to the River Ryck and the harbour, the Ruins of Eldena Abbey. <\/span><\/span><\/p>\n<p style=\"text-align: justify;\"><span style=\"font-size: medium;\"><span lang=\"en-US\">Staying in the village Wieck for lunch in the restaurant, and then get on the board in the sailing training ship \u201cGreif\u201d for 6 hours and see the famous landmark of R\u00fcgen island &#8211; great White Cliff of Rugen island, which is best observed through sailing in the afternoon panorama.<\/span><\/span><\/p>\n<p><code><div class=\"rl-gallery-container rl-loading\" id=\"rl-gallery-container-1\" data-gallery_id=\"3045\"> <div class=\"rl-gallery rl-basicgrid-gallery \" id=\"rl-gallery-1\" data-gallery_no=\"1\"> <div class=\"rl-gallery-item\"><a href=\"https:\/\/sbt.ug.edu.pl\/wp-content\/uploads\/2019\/07\/67.jpg\" title=\"67. The White Cliff, Rugen island; author: Freddie Bijkerk\" data-rl_title=\"67. The White Cliff, Rugen island; author: Freddie Bijkerk\" class=\"rl-gallery-link\" data-rl_caption=\"\" data-rel=\"lightbox-gallery-1\"><img src=\"https:\/\/sbt.ug.edu.pl\/wp-content\/uploads\/2019\/07\/67-768x512.jpg\" width=\"640\" height=\"427\" alt=\"\" \/><\/a><\/div><div class=\"rl-gallery-item\"><a href=\"https:\/\/sbt.ug.edu.pl\/wp-content\/uploads\/2019\/07\/68.jpg\" title=\"68. Naturerbe Zentrum, Rugen island; internet source\" data-rl_title=\"68. Naturerbe Zentrum, Rugen island; internet source\" class=\"rl-gallery-link\" data-rl_caption=\"\" data-rel=\"lightbox-gallery-1\"><img src=\"https:\/\/sbt.ug.edu.pl\/wp-content\/uploads\/2019\/07\/68.jpg\" width=\"550\" height=\"413\" alt=\"\" \/><\/a><\/div><div class=\"rl-gallery-item\"><a href=\"https:\/\/sbt.ug.edu.pl\/wp-content\/uploads\/2019\/07\/69.jpg\" title=\"69. Binz shore; author: Freddie Bijkerk\" data-rl_title=\"69. Binz shore; author: Freddie Bijkerk\" class=\"rl-gallery-link\" data-rl_caption=\"\" data-rel=\"lightbox-gallery-1\"><img src=\"https:\/\/sbt.ug.edu.pl\/wp-content\/uploads\/2019\/07\/69-768x512.jpg\" width=\"640\" height=\"427\" alt=\"\" \/><\/a><\/div><div class=\"rl-gallery-item\"><a href=\"https:\/\/sbt.ug.edu.pl\/wp-content\/uploads\/2019\/07\/70.jpg\" title=\"70. Lancken Granitz Castle; author: Freddie Bijkerk\" data-rl_title=\"70. Lancken Granitz Castle; author: Freddie Bijkerk\" class=\"rl-gallery-link\" data-rl_caption=\"\" data-rel=\"lightbox-gallery-1\"><img src=\"https:\/\/sbt.ug.edu.pl\/wp-content\/uploads\/2019\/07\/70-768x512.jpg\" width=\"640\" height=\"427\" alt=\"\" \/><\/a><\/div><div class=\"rl-gallery-item\"><a href=\"https:\/\/sbt.ug.edu.pl\/wp-content\/uploads\/2019\/07\/71.jpg\" title=\"71. Rugen island view; author: Freddie Bijkerk\" data-rl_title=\"71. Rugen island view; author: Freddie Bijkerk\" class=\"rl-gallery-link\" data-rl_caption=\"\" data-rel=\"lightbox-gallery-1\"><img src=\"https:\/\/sbt.ug.edu.pl\/wp-content\/uploads\/2019\/07\/71-768x512.jpg\" width=\"640\" height=\"427\" alt=\"\" \/><\/a><\/div><div class=\"rl-gallery-item\"><a href=\"https:\/\/sbt.ug.edu.pl\/wp-content\/uploads\/2019\/07\/72.jpg\" title=\"72. Sellin Pier; internet source\" data-rl_title=\"72. Sellin Pier; internet source\" class=\"rl-gallery-link\" data-rl_caption=\"\" data-rel=\"lightbox-gallery-1\"><img src=\"https:\/\/sbt.ug.edu.pl\/wp-content\/uploads\/2019\/07\/72.jpg\" width=\"640\" height=\"480\" alt=\"\" \/><\/a><\/div> <\/div> <\/div><\/code><\/p>","protected":false},"excerpt":{"rendered":"<p>Tyv\u00e4rr \u00e4r denna artikel enbart tillg\u00e4nglig p\u00e5 Amerikansk Engelska, Tyska och Polska. For the sake of viewer convenience, the content is shown below in this site default language. You may click one of the links to switch the site language to another available language. LOCATION Greifswald is located in northeastern Germany of the state Mecklenburg-Vorpommern [&hellip;]<\/p>\n","protected":false},"author":3,"featured_media":0,"parent":484,"menu_order":0,"comment_status":"closed","ping_status":"closed","template":"","meta":[],"categories":[34,15,28],"tags":[],"_links":{"self":[{"href":"https:\/\/sbt.ug.edu.pl\/sv\/wp-json\/wp\/v2\/pages\/1738"}],"collection":[{"href":"https:\/\/sbt.ug.edu.pl\/sv\/wp-json\/wp\/v2\/pages"}],"about":[{"href":"https:\/\/sbt.ug.edu.pl\/sv\/wp-json\/wp\/v2\/types\/page"}],"author":[{"embeddable":true,"href":"https:\/\/sbt.ug.edu.pl\/sv\/wp-json\/wp\/v2\/users\/3"}],"replies":[{"embeddable":true,"href":"https:\/\/sbt.ug.edu.pl\/sv\/wp-json\/wp\/v2\/comments?post=1738"}],"version-history":[{"count":6,"href":"https:\/\/sbt.ug.edu.pl\/sv\/wp-json\/wp\/v2\/pages\/1738\/revisions"}],"predecessor-version":[{"id":5392,"href":"https:\/\/sbt.ug.edu.pl\/sv\/wp-json\/wp\/v2\/pages\/1738\/revisions\/5392"}],"up":[{"embeddable":true,"href":"https:\/\/sbt.ug.edu.pl\/sv\/wp-json\/wp\/v2\/pages\/484"}],"wp:attachment":[{"href":"https:\/\/sbt.ug.edu.pl\/sv\/wp-json\/wp\/v2\/media?parent=1738"}],"wp:term":[{"taxonomy":"category","embeddable":true,"href":"https:\/\/sbt.ug.edu.pl\/sv\/wp-json\/wp\/v2\/categories?post=1738"},{"taxonomy":"post_tag","embeddable":true,"href":"https:\/\/sbt.ug.edu.pl\/sv\/wp-json\/wp\/v2\/tags?post=1738"}],"curies":[{"name":"wp","href":"https:\/\/api.w.org\/{rel}","templated":true}]}}