{"id":174,"date":"2018-11-02T23:21:20","date_gmt":"2018-11-02T22:21:20","guid":{"rendered":"http:\/\/southbaltic-tourist.eu\/?page_id=174"},"modified":"2021-05-31T18:12:33","modified_gmt":"2021-05-31T17:12:33","slug":"windsurfing-exploration","status":"publish","type":"page","link":"https:\/\/sbt.ug.edu.pl\/sv\/routes\/windsurfing-exploration\/","title":{"rendered":"Utforska vindsurfing"},"content":{"rendered":"<p><img decoding=\"async\" loading=\"lazy\" class=\"wp-image-273 alignleft\" src=\"https:\/\/southbaltic-tourist.eu\/wp-content\/uploads\/2018\/11\/kolo.png\" alt=\"\" width=\"141\" height=\"110\" srcset=\"https:\/\/sbt.ug.edu.pl\/wp-content\/uploads\/2018\/11\/kolo.png 484w, https:\/\/sbt.ug.edu.pl\/wp-content\/uploads\/2018\/11\/kolo-300x234.png 300w\" sizes=\"(max-width: 141px) 100vw, 141px\" \/><\/p>\n<p><strong>Ruttens h\u00f6jdpunkter:<\/strong> Surfing \u201chotspots\u201d i 5 l\u00e4nder: Tyskland (Rugen-Kite, Warnemunde, Lubmin), Danmark (Sj\u00e4lland och Bornholm), Sverige (\u00d6resund och \u00d6land), Litauen (Palanga Beach och Kuriska sj\u00f6n) och Poland (Gda\u0144skbukten, str\u00e4nderna i \u0141eba och D\u0105bki). Rutten kompletteras med cykelleder (i Rugen, Bornholm, Sk\u00e5ne, \u00d6land, Palanga and Hel Peninsula) och naturturism: national parks and reserves (dunes, lagoons, rivers, lakes and wildlife).<\/p>\n<p>&nbsp;<\/p>\n<p><a href=\"https:\/\/southbaltic-tourist.eu\/wp-content\/uploads\/2018\/11\/Zrzut-ekranu-2018-11-02-o-23.19.42.png\" data-rel=\"lightbox-gallery-aEOEljCX\" data-rl_title=\"\" data-rl_caption=\"\" title=\"\"><img decoding=\"async\" loading=\"lazy\" class=\"alignnone wp-image-175\" src=\"https:\/\/southbaltic-tourist.eu\/wp-content\/uploads\/2018\/11\/Zrzut-ekranu-2018-11-02-o-23.19.42.png\" alt=\"\" width=\"518\" height=\"270\" srcset=\"https:\/\/sbt.ug.edu.pl\/wp-content\/uploads\/2018\/11\/Zrzut-ekranu-2018-11-02-o-23.19.42.png 1738w, https:\/\/sbt.ug.edu.pl\/wp-content\/uploads\/2018\/11\/Zrzut-ekranu-2018-11-02-o-23.19.42-300x156.png 300w, https:\/\/sbt.ug.edu.pl\/wp-content\/uploads\/2018\/11\/Zrzut-ekranu-2018-11-02-o-23.19.42-768x400.png 768w, https:\/\/sbt.ug.edu.pl\/wp-content\/uploads\/2018\/11\/Zrzut-ekranu-2018-11-02-o-23.19.42-1024x534.png 1024w\" sizes=\"(max-width: 518px) 100vw, 518px\" \/><\/a>\u00a0 <a href=\"https:\/\/southbaltic-tourist.eu\/wp-content\/uploads\/2020\/01\/R01-Windsurfing_02.jpg\" data-rel=\"lightbox-gallery-aEOEljCX\" data-rl_title=\"\" data-rl_caption=\"\" title=\"\"><img decoding=\"async\" loading=\"lazy\" class=\"alignnone wp-image-5083\" src=\"https:\/\/southbaltic-tourist.eu\/wp-content\/uploads\/2020\/01\/R01-Windsurfing_02-1024x491.jpg\" alt=\"\" width=\"563\" height=\"270\" srcset=\"https:\/\/sbt.ug.edu.pl\/wp-content\/uploads\/2020\/01\/R01-Windsurfing_02-1024x491.jpg 1024w, https:\/\/sbt.ug.edu.pl\/wp-content\/uploads\/2020\/01\/R01-Windsurfing_02-300x144.jpg 300w, https:\/\/sbt.ug.edu.pl\/wp-content\/uploads\/2020\/01\/R01-Windsurfing_02-768x368.jpg 768w, https:\/\/sbt.ug.edu.pl\/wp-content\/uploads\/2020\/01\/R01-Windsurfing_02-1536x736.jpg 1536w, https:\/\/sbt.ug.edu.pl\/wp-content\/uploads\/2020\/01\/R01-Windsurfing_02-150x72.jpg 150w, https:\/\/sbt.ug.edu.pl\/wp-content\/uploads\/2020\/01\/R01-Windsurfing_02.jpg 1600w\" sizes=\"(max-width: 563px) 100vw, 563px\" \/><\/a><\/p>\n<p><strong>Koncept f\u00f6r rutten: 4 \u00c4VENTYR I 1 RESA<br \/>\n<\/strong>Rutten erbjuder stora m\u00f6jligheter f\u00f6r vindsurfare och kitesurfare att utforska regionens olika str\u00e4nder och kuster, v\u00e5gor, klimat och havsf\u00e4rger. Rutten bjuder p\u00e5 h\u00e4pnadsv\u00e4ckande landskap som str\u00e4cker sig fr\u00e5n vita str\u00e4nder och h\u00f6ga klippor till sk\u00e4rg\u00e5rdskuster. P\u00e5 v\u00e4gen kan du utforska b\u00e5de v\u00e4lk\u00e4nda och dolda surfingplatser \u2013 att uppt\u00e4cka dem kommer bli en of\u00f6rgl\u00f6mlig utmaning. Du kan inte bara njuta av sp\u00e4nnande surfpass, du kan \u00e4ven njuta av vackra kustmilj\u00f6er efter passen. L\u00e4ngs hela denna rutt finns cykelleder l\u00e4ngs den pittoreska kusten och otaliga vackra platser. Du kan ocks\u00e5 utforska vackra naturliga underverk (h\u00f6ga sanddyner, snabba forsar, lugna sj\u00f6ar, vilda djur etc.) genom att vandra, kl\u00e4ttra, b\u00e5tf\u00e4rd eller kajakpaddling. V\u00e5ra surfhotspots ligger i alla m\u00f6jliga vindexponeringar, s\u00e5 du kommer att ha 4 \u00e4ventyr i 1 resa och, med all s\u00e4kerhet, mycket roligt.<\/p>\n<p>&nbsp;<\/p>\n<h1><strong>\u00a0<\/strong><\/h1>\n<p>&nbsp;<\/p>","protected":false},"excerpt":{"rendered":"<p>Ruttens h\u00f6jdpunkter: Surfing \u201chotspots\u201d i 5 l\u00e4nder: Tyskland (Rugen-Kite, Warnemunde, Lubmin), Danmark (Sj\u00e4lland och Bornholm), Sverige (\u00d6resund och \u00d6land), Litauen (Palanga Beach och Kuriska sj\u00f6n) och Poland (Gda\u0144skbukten, str\u00e4nderna i \u0141eba och D\u0105bki). Rutten kompletteras med cykelleder (i Rugen, Bornholm, Sk\u00e5ne, \u00d6land, Palanga and Hel Peninsula) och naturturism: national parks and reserves (dunes, lagoons, rivers, [&hellip;]<\/p>\n","protected":false},"author":1,"featured_media":176,"parent":171,"menu_order":0,"comment_status":"closed","ping_status":"closed","template":"","meta":[],"categories":[17],"tags":[],"_links":{"self":[{"href":"https:\/\/sbt.ug.edu.pl\/sv\/wp-json\/wp\/v2\/pages\/174"}],"collection":[{"href":"https:\/\/sbt.ug.edu.pl\/sv\/wp-json\/wp\/v2\/pages"}],"about":[{"href":"https:\/\/sbt.ug.edu.pl\/sv\/wp-json\/wp\/v2\/types\/page"}],"author":[{"embeddable":true,"href":"https:\/\/sbt.ug.edu.pl\/sv\/wp-json\/wp\/v2\/users\/1"}],"replies":[{"embeddable":true,"href":"https:\/\/sbt.ug.edu.pl\/sv\/wp-json\/wp\/v2\/comments?post=174"}],"version-history":[{"count":41,"href":"https:\/\/sbt.ug.edu.pl\/sv\/wp-json\/wp\/v2\/pages\/174\/revisions"}],"predecessor-version":[{"id":5727,"href":"https:\/\/sbt.ug.edu.pl\/sv\/wp-json\/wp\/v2\/pages\/174\/revisions\/5727"}],"up":[{"embeddable":true,"href":"https:\/\/sbt.ug.edu.pl\/sv\/wp-json\/wp\/v2\/pages\/171"}],"wp:featuredmedia":[{"embeddable":true,"href":"https:\/\/sbt.ug.edu.pl\/sv\/wp-json\/wp\/v2\/media\/176"}],"wp:attachment":[{"href":"https:\/\/sbt.ug.edu.pl\/sv\/wp-json\/wp\/v2\/media?parent=174"}],"wp:term":[{"taxonomy":"category","embeddable":true,"href":"https:\/\/sbt.ug.edu.pl\/sv\/wp-json\/wp\/v2\/categories?post=174"},{"taxonomy":"post_tag","embeddable":true,"href":"https:\/\/sbt.ug.edu.pl\/sv\/wp-json\/wp\/v2\/tags?post=174"}],"curies":[{"name":"wp","href":"https:\/\/api.w.org\/{rel}","templated":true}]}}