{"id":1746,"date":"2019-07-10T12:04:20","date_gmt":"2019-07-10T10:04:20","guid":{"rendered":"https:\/\/southbaltic-tourist.eu\/?page_id=1746"},"modified":"2020-02-21T02:34:58","modified_gmt":"2020-02-21T02:34:58","slug":"16-stralsund","status":"publish","type":"page","link":"https:\/\/sbt.ug.edu.pl\/sv\/routes\/south-baltic-scenic-coastal-road\/16-stralsund\/","title":{"rendered":"(English) 16. STRALSUND"},"content":{"rendered":"<p class=\"qtranxs-available-languages-message qtranxs-available-languages-message-sv\">Tyv\u00e4rr \u00e4r denna artikel enbart tillg\u00e4nglig p\u00e5 <a href=\"https:\/\/sbt.ug.edu.pl\/en\/wp-json\/wp\/v2\/pages\/1746\" class=\"qtranxs-available-language-link qtranxs-available-language-link-en\" title=\"English\">Amerikansk Engelska<\/a>, <a href=\"https:\/\/sbt.ug.edu.pl\/de\/wp-json\/wp\/v2\/pages\/1746\" class=\"qtranxs-available-language-link qtranxs-available-language-link-de\" title=\"Deutsch\">Tyska<\/a> och <a href=\"https:\/\/sbt.ug.edu.pl\/pl\/wp-json\/wp\/v2\/pages\/1746\" class=\"qtranxs-available-language-link qtranxs-available-language-link-pl\" title=\"Polski\">Polska<\/a>. For the sake of viewer convenience, the content is shown below in this site default language. You may click one of the links to switch the site language to another available language.<\/p><p><\/p>\n<p style=\"text-align: justify;\"><span style=\"font-family: Segoe UI, serif;\"><span style=\"font-size: medium;\"><span lang=\"en-US\"><b>LOCATION<\/b><\/span><\/span><\/span><\/p>\n<p style=\"text-align: justify;\" align=\"JUSTIFY\"><span style=\"font-size: medium;\"><span lang=\"en-US\">Stralsund is located at the Southern coast in Mecklenburg-Vorpommern of the Baltic Sea, and separates the island of R\u00fcgen from the mainland. It has the fixed link to the mainland, the Strelasund Crossing, which runs between Stralsund and the island, offen called as the &#8221;Gateway to the Island of R\u00fcgen&#8221;.<\/span><\/span><\/p>\n<p style=\"text-align: justify;\" align=\"JUSTIFY\"><img decoding=\"async\" loading=\"lazy\" class=\"alignleft wp-image-1747\" src=\"https:\/\/southbaltic-tourist.eu\/wp-content\/uploads\/2019\/07\/16.png\" alt=\"\" width=\"602\" height=\"400\" srcset=\"https:\/\/sbt.ug.edu.pl\/wp-content\/uploads\/2019\/07\/16.png 358w, https:\/\/sbt.ug.edu.pl\/wp-content\/uploads\/2019\/07\/16-300x199.png 300w, https:\/\/sbt.ug.edu.pl\/wp-content\/uploads\/2019\/07\/16-150x100.png 150w\" sizes=\"(max-width: 602px) 100vw, 602px\" \/><\/p>\n<p style=\"text-align: justify;\" align=\"JUSTIFY\"><a href=\"https:\/\/southbaltic-tourist.eu\/wp-content\/uploads\/2020\/02\/R5.16-Stralsund.png\" data-rel=\"lightbox-gallery-1wQVo4hx\" data-rl_title=\"\" data-rl_caption=\"\" title=\"\"><img decoding=\"async\" loading=\"lazy\" class=\"alignnone wp-image-5396\" src=\"https:\/\/southbaltic-tourist.eu\/wp-content\/uploads\/2020\/02\/R5.16-Stralsund-300x256.png\" alt=\"\" width=\"469\" height=\"400\" srcset=\"https:\/\/sbt.ug.edu.pl\/wp-content\/uploads\/2020\/02\/R5.16-Stralsund-300x256.png 300w, https:\/\/sbt.ug.edu.pl\/wp-content\/uploads\/2020\/02\/R5.16-Stralsund-1024x874.png 1024w, https:\/\/sbt.ug.edu.pl\/wp-content\/uploads\/2020\/02\/R5.16-Stralsund-768x655.png 768w, https:\/\/sbt.ug.edu.pl\/wp-content\/uploads\/2020\/02\/R5.16-Stralsund-1536x1310.png 1536w, https:\/\/sbt.ug.edu.pl\/wp-content\/uploads\/2020\/02\/R5.16-Stralsund-150x128.png 150w, https:\/\/sbt.ug.edu.pl\/wp-content\/uploads\/2020\/02\/R5.16-Stralsund.png 1600w\" sizes=\"(max-width: 469px) 100vw, 469px\" \/><\/a><\/p>\n<p align=\"JUSTIFY\"><a href=\"https:\/\/www.google.pl\/maps\/place\/Stralsund,+Niemcy\/@54.2963117,13.0160445,12z\/data=!3m1!4b1!4m5!3m4!1s0x47ab63a9b50b4b53:0x4251ae8ad8482d0!8m2!3d54.3090654!4d13.0770347\" target=\"_blank\" rel=\"noopener noreferrer\">View on Google Maps<\/a><\/p>\n<p style=\"text-align: justify;\"><span style=\"font-size: medium;\"><span lang=\"en-US\"><b>SCENIC CHARACTER <\/b><\/span><\/span><\/p>\n<p style=\"text-align: justify;\"><span style=\"font-size: medium;\"><span lang=\"en-US\">The Hanseatic city of Stralsund is recognised as a UNESCO World Heritage Site due to its rich history, unique location on the waterfront and the imposing buildings of the brick Gothic, can leave an unforgetable experiece for long time. The city has everything to offer for everyone \u2013 the largest natural science museum in Northern Germany with its 4 locations, medieval old town with finest historic monuments. You can feel romantic atmosphere if you stroll around the marina in the evening, stay in beautiful restaurants on the shore, enjoy magnificient sceneries of the coast and join to the trips on cruise or sailing for catching the sunsets. Many other thematic tours in the city are organised on spot, as well as workshops for tasting finest Stralsund marzipans. <\/span><\/span><\/p>\n<p style=\"text-align: justify;\"><span style=\"font-size: medium;\"><span lang=\"en-US\"><b>ATTRACTIONS <\/b><\/span><\/span><\/p>\n<p style=\"text-align: justify;\"><span style=\"font-size: medium;\"><span lang=\"en-US\">Visit Ozeaneum and Meeresmuseum, where you can indulge yourself in the mix of beautiful aquariums and exhibitions, explore fascinating underwater journey. Participate in the Marzipan tasting workshop, where you spent a relaxing time tasting marzipan pastries with a cup of coffee or take 3,5 hours of culinary city tour. If you are thrilled with more experiences \u2013 then nocturnal city tour is perfect for night walking and hearing scary stories. <\/span><\/span><\/p>\n<p style=\"text-align: justify;\"><span style=\"font-size: medium;\"><span lang=\"en-US\">Get on board for 3.5h sunset trip to experience romantic evening cruise, moonlight sailing.<\/span><\/span><\/p>\n<p><code><div class=\"rl-gallery-container rl-loading\" id=\"rl-gallery-container-1\" data-gallery_id=\"3047\"> <div class=\"rl-gallery rl-basicgrid-gallery \" id=\"rl-gallery-1\" data-gallery_no=\"1\"> <div class=\"rl-gallery-item\"><a href=\"https:\/\/sbt.ug.edu.pl\/wp-content\/uploads\/2019\/07\/79.jpg\" title=\"79. Canoeing in Rostock; author: Rita Dizaviciene; BHR\" data-rl_title=\"79. Canoeing in Rostock; author: Rita Dizaviciene; BHR\" class=\"rl-gallery-link\" data-rl_caption=\"\" data-rel=\"lightbox-gallery-1\"><img src=\"https:\/\/sbt.ug.edu.pl\/wp-content\/uploads\/2019\/07\/79-768x412.jpg\" width=\"640\" height=\"343\" alt=\"\" \/><\/a><\/div><div class=\"rl-gallery-item\"><a href=\"https:\/\/sbt.ug.edu.pl\/wp-content\/uploads\/2019\/07\/80.jpg\" title=\"80. Marina promenade, Rostock; author: Rita Dizaviciene; BHR\" data-rl_title=\"80. Marina promenade, Rostock; author: Rita Dizaviciene; BHR\" class=\"rl-gallery-link\" data-rl_caption=\"\" data-rel=\"lightbox-gallery-1\"><img src=\"https:\/\/sbt.ug.edu.pl\/wp-content\/uploads\/2019\/07\/80-768x509.jpg\" width=\"640\" height=\"424\" alt=\"\" \/><\/a><\/div><div class=\"rl-gallery-item\"><a href=\"https:\/\/sbt.ug.edu.pl\/wp-content\/uploads\/2019\/07\/81.jpg\" title=\"81. Marina in Rostock; author: Rita Dizaviciene; BHR\" data-rl_title=\"81. Marina in Rostock; author: Rita Dizaviciene; BHR\" class=\"rl-gallery-link\" data-rl_caption=\"\" data-rel=\"lightbox-gallery-1\"><img src=\"https:\/\/sbt.ug.edu.pl\/wp-content\/uploads\/2019\/07\/81-768x509.jpg\" width=\"640\" height=\"424\" alt=\"\" \/><\/a><\/div><div class=\"rl-gallery-item\"><a href=\"https:\/\/sbt.ug.edu.pl\/wp-content\/uploads\/2019\/07\/82.jpg\" title=\"82. Park in Rostock; author: Rita Dizaviciene; BHR\" data-rl_title=\"82. Park in Rostock; author: Rita Dizaviciene; BHR\" class=\"rl-gallery-link\" data-rl_caption=\"\" data-rel=\"lightbox-gallery-1\"><img src=\"https:\/\/sbt.ug.edu.pl\/wp-content\/uploads\/2019\/07\/82-768x509.jpg\" width=\"640\" height=\"424\" alt=\"\" \/><\/a><\/div><div class=\"rl-gallery-item\"><a href=\"https:\/\/sbt.ug.edu.pl\/wp-content\/uploads\/2019\/07\/83.jpg\" title=\"83. Rail Museum of Rostock; author: Rita Dizaviciene; BHR\" data-rl_title=\"83. Rail Museum of Rostock; author: Rita Dizaviciene; BHR\" class=\"rl-gallery-link\" data-rl_caption=\"\" data-rel=\"lightbox-gallery-1\"><img src=\"https:\/\/sbt.ug.edu.pl\/wp-content\/uploads\/2019\/07\/83-768x509.jpg\" width=\"640\" height=\"424\" alt=\"\" \/><\/a><\/div><div class=\"rl-gallery-item\"><a href=\"https:\/\/sbt.ug.edu.pl\/wp-content\/uploads\/2019\/07\/84.jpg\" title=\"84. Old Town of Rostock; author: Rita Dizaviciene; BHR\" data-rl_title=\"84. Old Town of Rostock; author: Rita Dizaviciene; BHR\" class=\"rl-gallery-link\" data-rl_caption=\"\" data-rel=\"lightbox-gallery-1\"><img src=\"https:\/\/sbt.ug.edu.pl\/wp-content\/uploads\/2019\/07\/84-768x509.jpg\" width=\"640\" height=\"424\" alt=\"\" \/><\/a><\/div> <\/div> <\/div><\/code><\/p>","protected":false},"excerpt":{"rendered":"<p>Tyv\u00e4rr \u00e4r denna artikel enbart tillg\u00e4nglig p\u00e5 Amerikansk Engelska, Tyska och Polska. For the sake of viewer convenience, the content is shown below in this site default language. You may click one of the links to switch the site language to another available language. LOCATION Stralsund is located at the Southern coast in Mecklenburg-Vorpommern of [&hellip;]<\/p>\n","protected":false},"author":3,"featured_media":0,"parent":484,"menu_order":0,"comment_status":"closed","ping_status":"closed","template":"","meta":[],"categories":[34,15,28],"tags":[],"_links":{"self":[{"href":"https:\/\/sbt.ug.edu.pl\/sv\/wp-json\/wp\/v2\/pages\/1746"}],"collection":[{"href":"https:\/\/sbt.ug.edu.pl\/sv\/wp-json\/wp\/v2\/pages"}],"about":[{"href":"https:\/\/sbt.ug.edu.pl\/sv\/wp-json\/wp\/v2\/types\/page"}],"author":[{"embeddable":true,"href":"https:\/\/sbt.ug.edu.pl\/sv\/wp-json\/wp\/v2\/users\/3"}],"replies":[{"embeddable":true,"href":"https:\/\/sbt.ug.edu.pl\/sv\/wp-json\/wp\/v2\/comments?post=1746"}],"version-history":[{"count":6,"href":"https:\/\/sbt.ug.edu.pl\/sv\/wp-json\/wp\/v2\/pages\/1746\/revisions"}],"predecessor-version":[{"id":5398,"href":"https:\/\/sbt.ug.edu.pl\/sv\/wp-json\/wp\/v2\/pages\/1746\/revisions\/5398"}],"up":[{"embeddable":true,"href":"https:\/\/sbt.ug.edu.pl\/sv\/wp-json\/wp\/v2\/pages\/484"}],"wp:attachment":[{"href":"https:\/\/sbt.ug.edu.pl\/sv\/wp-json\/wp\/v2\/media?parent=1746"}],"wp:term":[{"taxonomy":"category","embeddable":true,"href":"https:\/\/sbt.ug.edu.pl\/sv\/wp-json\/wp\/v2\/categories?post=1746"},{"taxonomy":"post_tag","embeddable":true,"href":"https:\/\/sbt.ug.edu.pl\/sv\/wp-json\/wp\/v2\/tags?post=1746"}],"curies":[{"name":"wp","href":"https:\/\/api.w.org\/{rel}","templated":true}]}}