{"id":1771,"date":"2019-07-10T12:23:09","date_gmt":"2019-07-10T10:23:09","guid":{"rendered":"https:\/\/southbaltic-tourist.eu\/?page_id=1771"},"modified":"2020-02-18T17:11:27","modified_gmt":"2020-02-18T17:11:27","slug":"4-szczecinek","status":"publish","type":"page","link":"https:\/\/sbt.ug.edu.pl\/sv\/routes\/griffins-dynasty-and-baltic-sea-battles\/4-szczecinek\/","title":{"rendered":"(English) 4. Szczecinek"},"content":{"rendered":"<p class=\"qtranxs-available-languages-message qtranxs-available-languages-message-sv\">Tyv\u00e4rr \u00e4r denna artikel enbart tillg\u00e4nglig p\u00e5 <a href=\"https:\/\/sbt.ug.edu.pl\/en\/wp-json\/wp\/v2\/pages\/1771\" class=\"qtranxs-available-language-link qtranxs-available-language-link-en\" title=\"English\">Amerikansk Engelska<\/a>, <a href=\"https:\/\/sbt.ug.edu.pl\/de\/wp-json\/wp\/v2\/pages\/1771\" class=\"qtranxs-available-language-link qtranxs-available-language-link-de\" title=\"Deutsch\">Tyska<\/a> och <a href=\"https:\/\/sbt.ug.edu.pl\/pl\/wp-json\/wp\/v2\/pages\/1771\" class=\"qtranxs-available-language-link qtranxs-available-language-link-pl\" title=\"Polski\">Polska<\/a>. For the sake of viewer convenience, the content is shown below in this site default language. You may click one of the links to switch the site language to another available language.<\/p><p><\/p>\n<p style=\"text-align: justify;\"><span style=\"font-family: georgia, palatino, serif; font-size: 12pt;\"><span lang=\"en-US\"><b>LOCATION<\/b><\/span><\/span><\/p>\n<p align=\"JUSTIFY\"><span style=\"font-size: 12pt; font-family: georgia, palatino, serif;\"><span lang=\"en-US\">A city in West Pomerania, located on the border of Drawskie Lake District and Szczecineckie Lake District, between three lakes: Trzesiecko, Wielimie and Wilczkowo. <\/span><span lang=\"en-US\">You can get to the city by car or by train<\/span><span lang=\"en-US\">. 53\u00b042&#8217;36.2&#8243;N 16\u00b041&#8217;35.3&#8243;E<\/span><\/span><\/p>\n<p style=\"text-align: justify;\" align=\"JUSTIFY\"><span style=\"font-family: georgia, palatino, serif; font-size: 12pt;\"><span lang=\"en-US\">\u00a0<\/span><\/span><\/p>\n<p style=\"text-align: justify;\" align=\"JUSTIFY\"><span style=\"font-size: 12pt; font-family: georgia, palatino, serif;\"><img decoding=\"async\" loading=\"lazy\" class=\"alignleft wp-image-1772\" src=\"https:\/\/southbaltic-tourist.eu\/wp-content\/uploads\/2019\/07\/4-1.jpg\" alt=\"\" width=\"533\" height=\"300\" srcset=\"https:\/\/sbt.ug.edu.pl\/wp-content\/uploads\/2019\/07\/4-1.jpg 1280w, https:\/\/sbt.ug.edu.pl\/wp-content\/uploads\/2019\/07\/4-1-300x169.jpg 300w, https:\/\/sbt.ug.edu.pl\/wp-content\/uploads\/2019\/07\/4-1-768x432.jpg 768w, https:\/\/sbt.ug.edu.pl\/wp-content\/uploads\/2019\/07\/4-1-1024x576.jpg 1024w, https:\/\/sbt.ug.edu.pl\/wp-content\/uploads\/2019\/07\/4-1-150x84.jpg 150w\" sizes=\"(max-width: 533px) 100vw, 533px\" \/><\/span><\/p>\n<p style=\"text-align: justify;\" align=\"JUSTIFY\"><span style=\"font-size: 12pt; font-family: georgia, palatino, serif;\">\u00a0 <a href=\"https:\/\/southbaltic-tourist.eu\/wp-content\/uploads\/2020\/02\/R6.04-Szczecinek.png\" data-rel=\"lightbox-gallery-b2VCY1h8\" data-rl_title=\"\" data-rl_caption=\"\" title=\"\"><img decoding=\"async\" loading=\"lazy\" class=\"alignnone wp-image-5287\" src=\"https:\/\/southbaltic-tourist.eu\/wp-content\/uploads\/2020\/02\/R6.04-Szczecinek-300x174.png\" alt=\"\" width=\"516\" height=\"300\" srcset=\"https:\/\/sbt.ug.edu.pl\/wp-content\/uploads\/2020\/02\/R6.04-Szczecinek-300x174.png 300w, https:\/\/sbt.ug.edu.pl\/wp-content\/uploads\/2020\/02\/R6.04-Szczecinek-1024x595.png 1024w, https:\/\/sbt.ug.edu.pl\/wp-content\/uploads\/2020\/02\/R6.04-Szczecinek-768x446.png 768w, https:\/\/sbt.ug.edu.pl\/wp-content\/uploads\/2020\/02\/R6.04-Szczecinek-1536x893.png 1536w, https:\/\/sbt.ug.edu.pl\/wp-content\/uploads\/2020\/02\/R6.04-Szczecinek-150x87.png 150w, https:\/\/sbt.ug.edu.pl\/wp-content\/uploads\/2020\/02\/R6.04-Szczecinek.png 1600w\" sizes=\"(max-width: 516px) 100vw, 516px\" \/><\/a><\/span><\/p>\n<p style=\"text-align: justify;\"><span style=\"font-size: 12pt; font-family: georgia, palatino, serif;\"><span lang=\"en-US\"><b>SCENIC CHARACTER <\/b><\/span><\/span><\/p>\n<p align=\"JUSTIFY\"><span style=\"font-size: 12pt; font-family: georgia, palatino, serif;\"><span lang=\"en-GB\">The name of the city, New Szczecin, referred to Szczecin, the capital of the Pomeranian Duchy. Due to its location &#8211; surrounded by three lakes, at the edge of the Pomeranian Duchy near a border with the Teutonic state &#8211; the city was of great defensive importance. The first seat of the Pomeranian dukes built in this place was more of a knight&#8217;s watch than <\/span><span lang=\"en-GB\">a <\/span><span lang=\"en-GB\">ducal castle. The building of a huge castle by the Teutons in the nearby Cz\u0142uch\u00f3w was a challenge for the Pomeranian dukes who soon expanded their castle in Szczecinek. In <\/span><span lang=\"en-GB\">that<\/span><span lang=\"en-GB\"> castle, the Teutonic master Ulrich von Jungingen asked Pomeranian dukes for support before the Battle of Grunwald. The castle was rebuilt many times. The most important person of Griffins for Szczecinek is duchess Jadwiga Brunswick, wife of Pomeranian prince Ulric. <\/span><span lang=\"en-GB\">Although<\/span><span lang=\"en-GB\"> she <\/span><span lang=\"en-GB\">only<\/span><span lang=\"en-GB\"> stayed in Szczecinek <\/span><span lang=\"en-GB\">during<\/span><span lang=\"en-GB\"> the Thirty Years&#8217; War time, the Duchess became <\/span><span lang=\"en-GB\">an<\/span><span lang=\"en-GB\"> important person <\/span><span lang=\"en-GB\">in <\/span><span lang=\"en-GB\">the city&#8217;s history (and Pomeranian education), funding in 1640 the middle school and scholarships for the most talented students. She also funded a hospital and many valuable items for the church of St. Nicholas. <\/span><span lang=\"en-GB\">Due to that fact<\/span><span lang=\"en-GB\">, council members did not respect her last will about burial in Szczecinek and <\/span><span lang=\"en-GB\">she was buried in Dar\u0142owo instead<\/span><span lang=\"en-GB\">. <\/span><span lang=\"en-GB\">One of the legends says she wanders around the streets of the city as &#8221;white lady&#8221;. <\/span><span lang=\"en-GB\">Another place associated with the Griffins dynasty is the Marientron Hill, on which the Pomeranian dukes in the 14th century founded the Augustinian monastery. Here is where Princess El\u017cbieta was buried, wife <\/span><span lang=\"en-GB\">of<\/span><span lang=\"en-GB\"> Bogus\u0142aw V and daughter of the Polish King Casimir the Great. The building fell <\/span><span lang=\"en-GB\">into ruins<\/span><span lang=\"en-GB\">. During World War II, <\/span><span lang=\"en-GB\">this place was turned into a Nazi concentration<\/span><span lang=\"en-GB\"> camp for women.<\/span><\/span><\/p>\n<p><span style=\"font-size: 12pt; font-family: georgia, palatino, serif;\"><span lang=\"en-US\">Today, in the rebuilt Pomeranian Dukes&#8217; Castle, there is a Conference Center with gastronomy and hotel. <\/span><span lang=\"en-US\">You can learn more about<\/span><span lang=\"en-US\"> the history of the Griffins dynasty, the Duchy of Pomerania and duchess Jadwiga in the nearby Regional Museum<\/span><span lang=\"en-US\">, but when it comes to the Augustinian monastery and princess El\u017cbieta, they remained only as memories.<\/span><\/span><\/p>\n<p><span style=\"font-family: georgia, palatino, serif; font-size: 12pt;\"><span lang=\"en-US\"><b>ATTRACTIONS <\/b><\/span><\/span><\/p>\n<p align=\"JUSTIFY\"><span style=\"font-size: 12pt; font-family: georgia, palatino, serif;\"><span lang=\"en-US\">Lakes are a great attraction of Szczecinek. The city in its coat of arms has a black princely griffin on a golden <\/span><span lang=\"en-US\">background<\/span><span lang=\"en-US\"> (Kashubian griffin) and a silver fish &#8211; probably a sturgeon, inhabiting the waters of Szczecin&#8217;s lakes. Next to the Castle, one of the longest lifts for wakeboarding and water skiing in Europe awaits for lovers of <\/span><span lang=\"en-US\">being<\/span><span lang=\"en-US\"> active. There is a bike rental network in the city and a water tram runs on the Trzesiecko lake &#8211; <\/span><span lang=\"en-US\">one of the tram\u2019s name<\/span><span lang=\"en-US\"> refers to the duchess Jadwiga, adored by the inhabitants of Szczecinek. In the summer there are many sports and cultural events taking place <\/span><span lang=\"en-US\">in the city.<\/span><\/span><\/p>\n<p>&nbsp;<\/p>\n<p style=\"text-align: justify;\"><span style=\"font-size: 12pt; font-family: georgia, palatino, serif;\"><code><div class=\"rl-gallery-container rl-loading\" id=\"rl-gallery-container-1\" data-gallery_id=\"2351\"> <div class=\"rl-gallery rl-basicgrid-gallery \" id=\"rl-gallery-1\" data-gallery_no=\"1\"> <div class=\"rl-gallery-item\"><a href=\"https:\/\/sbt.ug.edu.pl\/wp-content\/uploads\/2019\/07\/Szczecinek-Muzeum-1-fot.-B.Wo\u0142owczyk.jpg\" title=\"Szczecinek &#8211; Muzeum 1, fot. B.Wo\u0142owczyk\" data-rl_title=\"Szczecinek &#8211; Muzeum 1, fot. B.Wo\u0142owczyk\" class=\"rl-gallery-link\" data-rl_caption=\"\" data-rel=\"lightbox-gallery-1\"><img src=\"https:\/\/sbt.ug.edu.pl\/wp-content\/uploads\/2019\/07\/Szczecinek-Muzeum-1-fot.-B.Wo\u0142owczyk-1024x576.jpg\" width=\"640\" height=\"360\" alt=\"\" \/><\/a><\/div><div class=\"rl-gallery-item\"><a href=\"https:\/\/sbt.ug.edu.pl\/wp-content\/uploads\/2019\/07\/Szczecinek-Muzeum-ksi\u0119\u017cna-Jadwiga-fot.-B.Wolowczyk.jpg\" title=\"Szczecinek &#8211; Muzeum, ksi\u0119\u017cna Jadwiga, fot. B.Wolowczyk\" data-rl_title=\"Szczecinek &#8211; Muzeum, ksi\u0119\u017cna Jadwiga, fot. B.Wolowczyk\" class=\"rl-gallery-link\" data-rl_caption=\"\" data-rel=\"lightbox-gallery-1\"><img src=\"https:\/\/sbt.ug.edu.pl\/wp-content\/uploads\/2019\/07\/Szczecinek-Muzeum-ksi\u0119\u017cna-Jadwiga-fot.-B.Wolowczyk-1024x576.jpg\" width=\"640\" height=\"360\" alt=\"\" \/><\/a><\/div><div class=\"rl-gallery-item\"><a href=\"https:\/\/sbt.ug.edu.pl\/wp-content\/uploads\/2019\/07\/Szczecinek-Muzeum-mapa-Lubinusa-fot.-B.Wo\u0142owczyk.jpg\" title=\"Szczecinek &#8211; Muzeum, mapa Lubinusa, fot. B.Wo\u0142owczyk\" data-rl_title=\"Szczecinek &#8211; Muzeum, mapa Lubinusa, fot. B.Wo\u0142owczyk\" class=\"rl-gallery-link\" data-rl_caption=\"\" data-rel=\"lightbox-gallery-1\"><img src=\"https:\/\/sbt.ug.edu.pl\/wp-content\/uploads\/2019\/07\/Szczecinek-Muzeum-mapa-Lubinusa-fot.-B.Wo\u0142owczyk-1024x576.jpg\" width=\"640\" height=\"360\" alt=\"\" \/><\/a><\/div><div class=\"rl-gallery-item\"><a href=\"https:\/\/sbt.ug.edu.pl\/wp-content\/uploads\/2019\/07\/Szczecinek-Zamek-Ksi\u0105\u017c\u0105t-Pomorskich-2-fot.-Zamek-Ksi\u0105\u017ct-Pomorskich-w-Szczecinku.jpg\" title=\"Szczecinek &#8211; Zamek Ksi\u0105\u017c\u0105t Pomorskich 2 fot. Zamek Ksi\u0105\u017ct Pomorskich w Szczecinku\" data-rl_title=\"Szczecinek &#8211; Zamek Ksi\u0105\u017c\u0105t Pomorskich 2 fot. Zamek Ksi\u0105\u017ct Pomorskich w Szczecinku\" class=\"rl-gallery-link\" data-rl_caption=\"\" data-rel=\"lightbox-gallery-1\"><img src=\"https:\/\/sbt.ug.edu.pl\/wp-content\/uploads\/2019\/07\/Szczecinek-Zamek-Ksi\u0105\u017c\u0105t-Pomorskich-2-fot.-Zamek-Ksi\u0105\u017ct-Pomorskich-w-Szczecinku-1024x683.jpg\" width=\"640\" height=\"427\" alt=\"\" \/><\/a><\/div><div class=\"rl-gallery-item\"><a href=\"https:\/\/sbt.ug.edu.pl\/wp-content\/uploads\/2019\/07\/Szczecinek-na-mapie-Lubinusa.png\" title=\"Szczecinek na mapie Lubinusa\" data-rl_title=\"Szczecinek na mapie Lubinusa\" class=\"rl-gallery-link\" data-rl_caption=\"\" data-rel=\"lightbox-gallery-1\"><img src=\"https:\/\/sbt.ug.edu.pl\/wp-content\/uploads\/2019\/07\/Szczecinek-na-mapie-Lubinusa-1024x576.png\" width=\"640\" height=\"360\" alt=\"\" \/><\/a><\/div> <\/div> <\/div><\/code><\/span><\/p>\n<p><\/p>","protected":false},"excerpt":{"rendered":"<p>Tyv\u00e4rr \u00e4r denna artikel enbart tillg\u00e4nglig p\u00e5 Amerikansk Engelska, Tyska och Polska. For the sake of viewer convenience, the content is shown below in this site default language. You may click one of the links to switch the site language to another available language. LOCATION A city in West Pomerania, located on the border of [&hellip;]<\/p>\n","protected":false},"author":3,"featured_media":0,"parent":486,"menu_order":0,"comment_status":"closed","ping_status":"closed","template":"","meta":[],"categories":[34,29,15],"tags":[],"_links":{"self":[{"href":"https:\/\/sbt.ug.edu.pl\/sv\/wp-json\/wp\/v2\/pages\/1771"}],"collection":[{"href":"https:\/\/sbt.ug.edu.pl\/sv\/wp-json\/wp\/v2\/pages"}],"about":[{"href":"https:\/\/sbt.ug.edu.pl\/sv\/wp-json\/wp\/v2\/types\/page"}],"author":[{"embeddable":true,"href":"https:\/\/sbt.ug.edu.pl\/sv\/wp-json\/wp\/v2\/users\/3"}],"replies":[{"embeddable":true,"href":"https:\/\/sbt.ug.edu.pl\/sv\/wp-json\/wp\/v2\/comments?post=1771"}],"version-history":[{"count":7,"href":"https:\/\/sbt.ug.edu.pl\/sv\/wp-json\/wp\/v2\/pages\/1771\/revisions"}],"predecessor-version":[{"id":5289,"href":"https:\/\/sbt.ug.edu.pl\/sv\/wp-json\/wp\/v2\/pages\/1771\/revisions\/5289"}],"up":[{"embeddable":true,"href":"https:\/\/sbt.ug.edu.pl\/sv\/wp-json\/wp\/v2\/pages\/486"}],"wp:attachment":[{"href":"https:\/\/sbt.ug.edu.pl\/sv\/wp-json\/wp\/v2\/media?parent=1771"}],"wp:term":[{"taxonomy":"category","embeddable":true,"href":"https:\/\/sbt.ug.edu.pl\/sv\/wp-json\/wp\/v2\/categories?post=1771"},{"taxonomy":"post_tag","embeddable":true,"href":"https:\/\/sbt.ug.edu.pl\/sv\/wp-json\/wp\/v2\/tags?post=1771"}],"curies":[{"name":"wp","href":"https:\/\/api.w.org\/{rel}","templated":true}]}}