{"id":1795,"date":"2019-07-10T12:33:51","date_gmt":"2019-07-10T10:33:51","guid":{"rendered":"https:\/\/southbaltic-tourist.eu\/?page_id=1795"},"modified":"2020-02-18T17:27:09","modified_gmt":"2020-02-18T17:27:09","slug":"10-landskrona","status":"publish","type":"page","link":"https:\/\/sbt.ug.edu.pl\/sv\/routes\/griffins-dynasty-and-baltic-sea-battles\/10-landskrona\/","title":{"rendered":"(English) 10. Landskrona"},"content":{"rendered":"<p class=\"qtranxs-available-languages-message qtranxs-available-languages-message-sv\">Tyv\u00e4rr \u00e4r denna artikel enbart tillg\u00e4nglig p\u00e5 <a href=\"https:\/\/sbt.ug.edu.pl\/en\/wp-json\/wp\/v2\/pages\/1795\" class=\"qtranxs-available-language-link qtranxs-available-language-link-en\" title=\"English\">Amerikansk Engelska<\/a>, <a href=\"https:\/\/sbt.ug.edu.pl\/de\/wp-json\/wp\/v2\/pages\/1795\" class=\"qtranxs-available-language-link qtranxs-available-language-link-de\" title=\"Deutsch\">Tyska<\/a> och <a href=\"https:\/\/sbt.ug.edu.pl\/pl\/wp-json\/wp\/v2\/pages\/1795\" class=\"qtranxs-available-language-link qtranxs-available-language-link-pl\" title=\"Polski\">Polska<\/a>. For the sake of viewer convenience, the content is shown below in this site default language. You may click one of the links to switch the site language to another available language.<\/p><p><span style=\"font-family: georgia, palatino, serif; font-size: 12pt;\"><span lang=\"en-US\"><b>LOCATION<\/b><\/span><\/span><\/p>\n<p><span style=\"font-family: georgia, palatino, serif; font-size: 12pt;\"><span lang=\"en-US\">Landskrona is located on the shore of the \u00d6resund strait, approx. 50 km from Malm\u00f6 and approx. 35 km from Helsing\u00f8r. You can reach the city by car, by train or by boat. 55\u00b052\u203213\u2033N 12\u00b049\u203249\u2033E<\/span><\/span><\/p>\n<p><span style=\"font-size: 12pt; font-family: georgia, palatino, serif;\"><img decoding=\"async\" loading=\"lazy\" class=\"alignleft wp-image-1796\" src=\"https:\/\/southbaltic-tourist.eu\/wp-content\/uploads\/2019\/07\/10-2.jpg\" alt=\"\" width=\"526\" height=\"350\" srcset=\"https:\/\/sbt.ug.edu.pl\/wp-content\/uploads\/2019\/07\/10-2.jpg 275w, https:\/\/sbt.ug.edu.pl\/wp-content\/uploads\/2019\/07\/10-2-150x100.jpg 150w\" sizes=\"(max-width: 526px) 100vw, 526px\" \/> <\/span><\/p>\n<p><span style=\"font-size: 12pt; font-family: georgia, palatino, serif;\"><a href=\"https:\/\/southbaltic-tourist.eu\/wp-content\/uploads\/2020\/02\/R6.10-Landskrona.png\" data-rel=\"lightbox-gallery-DVpF5VK3\" data-rl_title=\"\" data-rl_caption=\"\" title=\"\"><img decoding=\"async\" loading=\"lazy\" class=\"alignnone wp-image-5305\" src=\"https:\/\/southbaltic-tourist.eu\/wp-content\/uploads\/2020\/02\/R6.10-Landskrona-300x174.png\" alt=\"\" width=\"602\" height=\"350\" srcset=\"https:\/\/sbt.ug.edu.pl\/wp-content\/uploads\/2020\/02\/R6.10-Landskrona-300x174.png 300w, https:\/\/sbt.ug.edu.pl\/wp-content\/uploads\/2020\/02\/R6.10-Landskrona-1024x595.png 1024w, https:\/\/sbt.ug.edu.pl\/wp-content\/uploads\/2020\/02\/R6.10-Landskrona-768x446.png 768w, https:\/\/sbt.ug.edu.pl\/wp-content\/uploads\/2020\/02\/R6.10-Landskrona-1536x893.png 1536w, https:\/\/sbt.ug.edu.pl\/wp-content\/uploads\/2020\/02\/R6.10-Landskrona-150x87.png 150w, https:\/\/sbt.ug.edu.pl\/wp-content\/uploads\/2020\/02\/R6.10-Landskrona.png 1600w\" sizes=\"(max-width: 602px) 100vw, 602px\" \/><\/a><\/span><\/p>\n<p><span style=\"font-size: 12pt; font-family: georgia, palatino, serif;\"><span lang=\"en-US\"><b>SCENIC CHARACTER <\/b><\/span><\/span><\/p>\n<p lang=\"en-GB\" style=\"text-align: justify;\"><span style=\"font-family: georgia, palatino, serif; font-size: 12pt;\">The city owes its origin to the King of Scandinavia, Eric of Pomerania, who, wanting to take full control over shipping and trade in the Baltic Sea, built fortresses in Malm\u00f6, Helsing\u00f8r and Copenhagen and founded the city fortress called Landskrona. The city was built in the place of the former Danish fishing village S\u00f8nder S\u00e6by in the province of Scania. Citadels facing each other guarded the passage through the strait &#8211; they were prepared both for conducting an artillery attack as well as defending against enemy artillery. To gradually eliminate the commercial movement of Hansa ships, King Eric made contact with merchants from England, Holland and Novgorod. In 1422 King Eryk issued a decree in which the Scandinavian cities obtained a monopoly on trade and craft in the Kalmar Union. In 1549, the Danish king Christian III built a castle in the same place. The castle and the Citadel had been one of the most modern fortresses in the Nordic countries for centuries. In 1720 the city, like its province, became part of Sweden. Today the Citadel is famous for its well-preserved system of moats. It\u2019s a witness to history and a beautiful recreational area.<\/span><\/p>\n<p lang=\"en-GB\" style=\"text-align: justify;\"><span style=\"font-family: georgia, palatino, serif; font-size: 12pt;\"><b>ATTRACTIONS\u00a0<\/b><\/span><\/p>\n<p lang=\"en-GB\" style=\"text-align: justify;\" align=\"JUSTIFY\"><span style=\"font-family: georgia, palatino, serif; font-size: 12pt;\">There is a lot to see and experience around the Landskrona castle. There are the oldest preserved gardens in the area. The magnificent views from the water tower show the city with its surroundings, the busiest strait of the world going towards Copenhagen and Helsing\u00f6r. In the nearby former barracks of Adolf Fredriks there is a museum considered one of the most interesting in the country. The castle park is a gallery of contemporary art. Several times a day a ferry goes from Landskrona to the idyllic landscape of Ven Island.<\/span><\/p>\n<p>&nbsp;<\/p>","protected":false},"excerpt":{"rendered":"<p>Tyv\u00e4rr \u00e4r denna artikel enbart tillg\u00e4nglig p\u00e5 Amerikansk Engelska, Tyska och Polska. For the sake of viewer convenience, the content is shown below in this site default language. You may click one of the links to switch the site language to another available language.LOCATION Landskrona is located on the shore of the \u00d6resund strait, approx. [&hellip;]<\/p>\n","protected":false},"author":3,"featured_media":0,"parent":486,"menu_order":0,"comment_status":"closed","ping_status":"closed","template":"","meta":[],"categories":[34,29,15],"tags":[],"_links":{"self":[{"href":"https:\/\/sbt.ug.edu.pl\/sv\/wp-json\/wp\/v2\/pages\/1795"}],"collection":[{"href":"https:\/\/sbt.ug.edu.pl\/sv\/wp-json\/wp\/v2\/pages"}],"about":[{"href":"https:\/\/sbt.ug.edu.pl\/sv\/wp-json\/wp\/v2\/types\/page"}],"author":[{"embeddable":true,"href":"https:\/\/sbt.ug.edu.pl\/sv\/wp-json\/wp\/v2\/users\/3"}],"replies":[{"embeddable":true,"href":"https:\/\/sbt.ug.edu.pl\/sv\/wp-json\/wp\/v2\/comments?post=1795"}],"version-history":[{"count":6,"href":"https:\/\/sbt.ug.edu.pl\/sv\/wp-json\/wp\/v2\/pages\/1795\/revisions"}],"predecessor-version":[{"id":5306,"href":"https:\/\/sbt.ug.edu.pl\/sv\/wp-json\/wp\/v2\/pages\/1795\/revisions\/5306"}],"up":[{"embeddable":true,"href":"https:\/\/sbt.ug.edu.pl\/sv\/wp-json\/wp\/v2\/pages\/486"}],"wp:attachment":[{"href":"https:\/\/sbt.ug.edu.pl\/sv\/wp-json\/wp\/v2\/media?parent=1795"}],"wp:term":[{"taxonomy":"category","embeddable":true,"href":"https:\/\/sbt.ug.edu.pl\/sv\/wp-json\/wp\/v2\/categories?post=1795"},{"taxonomy":"post_tag","embeddable":true,"href":"https:\/\/sbt.ug.edu.pl\/sv\/wp-json\/wp\/v2\/tags?post=1795"}],"curies":[{"name":"wp","href":"https:\/\/api.w.org\/{rel}","templated":true}]}}